{"id":45211,"date":"2021-07-19T12:23:55","date_gmt":"2021-07-19T12:23:55","guid":{"rendered":"https:\/\/ionexchangeglobal.com\/int\/?page_id=45211"},"modified":"2023-12-18T16:37:56","modified_gmt":"2023-12-18T11:07:56","slug":"operaciones-y-mantenimiento","status":"publish","type":"page","link":"https:\/\/ionexchangeglobal.com\/int\/es\/prestaciones-de-servicio\/operaciones-y-mantenimiento\/","title":{"rendered":"Operaciones y mantenimiento"},"content":{"rendered":"\t\t<div data-elementor-type=\"wp-page\" data-elementor-id=\"45211\" data-post-id=\"45211\" data-obj-id=\"45211\" class=\"elementor elementor-45211 dce-elementor-post-45211\">\n\t\t\t\t\t\t<div class=\"elementor-inner\">\n\t\t\t\t<div class=\"elementor-section-wrap\">\n\t\t\t\t\t\t\t\t\t<section class=\"has_ma_el_bg_slider elementor-section elementor-top-section elementor-element elementor-element-f0bf960 Product-inner-section-wrap elementor-section-boxed elementor-section-height-default elementor-section-height-default jltma-glass-effect-no\" data-id=\"f0bf960\" data-element_type=\"section\">\n\t\t\t\t\t\t<div class=\"elementor-container elementor-column-gap-default\">\n\t\t\t\t\t\t\t<div class=\"elementor-row\">\n\t\t\t\t\t<div class=\"has_ma_el_bg_slider elementor-column elementor-col-50 elementor-top-column elementor-element elementor-element-1bd534d jltma-glass-effect-no\" data-id=\"1bd534d\" data-element_type=\"column\">\n\t\t\t<div class=\"elementor-column-wrap elementor-element-populated\">\n\t\t\t\t\t\t\t<div class=\"elementor-widget-wrap\">\n\t\t\t\t\t\t<div class=\"elementor-element elementor-element-837d175 jltma-glass-effect-no elementor-widget elementor-widget-ucaddon_service_single_content_copy\" data-id=\"837d175\" data-element_type=\"widget\" data-widget_type=\"ucaddon_service_single_content_copy.default\">\n\t\t\t\t<div class=\"elementor-widget-container\">\n\t\t\t<!-- start Inner service single content -->\n\t\t<link id='unitegallery-css' href='https:\/\/ionexchangeglobal.com\/int\/wp-content\/plugins\/unlimited-elements-for-elementor\/assets_libraries\/unitegallery\/css\/unite-gallery.css' type='text\/css' rel='stylesheet' >\n\n\t\t\t<style type=\"text\/css\">\/* widget: Inner service single content *\/\n\n.service-subheader{\n text-transform: uppercase;\n font-size:30px;\n}\n\n.service-single-content {\n\tfont-family: \"Futura MD Bt\", serf;\n}\n\n<\/style>\n\n\t\t\t<div class=\"service-single-content\">\n\t\t<div class=\"service-details-img-pair\">\n\t\t<div class=\"row\">\n\t\t\t<div class=\"col-md-6\">\n\t\t\t\t<img decoding=\"async\" src=\"https:\/\/ionexchangeglobal.com\/int\/wp-content\/uploads\/2021\/10\/RECKITT-BENCKISER-OM-CC-2.jpg\" alt=\"RECKITT BENCKISER- O&amp;M- C&amp;C-\" loading=\"lazy\">\n\t\t\t<\/div>\n\t\t\t<div class=\"col-md-6\">\n\t\t\t\t<img decoding=\"async\" src=\"https:\/\/ionexchangeglobal.com\/int\/wp-content\/uploads\/2021\/10\/Institutional-CTS-IT-Park-chennai-OM.jpg\" alt=\"Institutional - CTS - IT Park chennai- O&amp;M\" loading=\"lazy\">\n\t\t\t<\/div>\n\t\t<\/div>\n\t<\/div>\n\t\t<h3 class=\"service-subheader mt-5\">Operaciones y mantenimiento<\/h3>\n\t\t<article>\n\t\tBrindamos a nuestros clientes soluciones integrales personalizadas para la gesti\u00f3n total del agua y aguas residuales cumpliendo con los est\u00e1ndares internacionales de calidad. Nuestras operaciones para operar m\u00e1quinas, equipos, instrumentos, etc. seguir los procedimientos operativos est\u00e1ndar (POE).\n\t<\/article>\n\t\t\t<article>\n\t\t\n\t<\/article>\n  \t<div class=\"service-para1-banner-img mt-5\">\n\t\t<div class=\"row\">\n\t\t\t<div class=\"col-md-12\">\n\t\t\t\t<img decoding=\"async\" src=\"https:\/\/ionexchangeglobal.com\/int\/wp-content\/uploads\/2021\/10\/IOCL-Kolkata-Petrochem-1.jpg\" alt=\"IOCL Kolkata Petrochem-1\" loading=\"lazy\">\n\t\t\t<\/div>\n      \t<\/div>\n     <\/div> \n\t\t\t<h4 class=\"service-section2-heading mt-5\"><\/h4>\n\t<article><\/article>\n\t<div class=\"row\">\n\t\t<div class=\"col-lg-12\">\n\t\t\t<div class=\"service-details-list ul-li-block\">\n\t\t\t\t<h2>La operaci\u00f3n y mantenimiento de la planta incluye:<\/h2><ul class=\"service-plantoperation-wrap\"><li>Monitoreo de rutina de par\u00e1metros de proceso como pH, DBO, DQO, color, s\u00f3lidos suspendidos, s\u00f3lidos, etc.<\/li><li>Nuestra tecnolog\u00eda de monitoreo de la calidad del agua en l\u00ednea proporciona un sistema de informaci\u00f3n preciso y continuo sobre la calidad del agua y las aguas residuales para monitorear par\u00e1metros como DBO, DQO, TSS\/turbidez, amon\u00edaco, cromo, ox\u00edgeno disuelto, color, fluoruro, nitrato, etc. Todos los pasos principales de los an\u00e1lisis tradicionales. se llevan a cabo mediante analizadores en l\u00ednea automatizados.<\/li><li>Asistencia en la operaci\u00f3n de la planta, mantenimiento peri\u00f3dico y en caso de aver\u00edas.<\/li><li>Capacitaci\u00f3n de seguridad de rutina para operadores, t\u00e9cnicos, supervisores e ingenieros y auditor\u00edas de seguridad para mejorar constantemente los est\u00e1ndares de seguridad.<\/li><li>Servicios completos de mantenimiento anual y revisi\u00f3n de planta. Nuestros servicios de Mantenimiento Anual (AMC) garantizan un rendimiento constante de la planta al identificar e informar los problemas antes de que surjan.<\/li><\/ul><p><strong>Nuestros servicios bajo AMC:<\/strong><\/p><div class=\"our-service-sublist-wrap\"><ul><li>Pruebas de la calidad del agua potable y tratada<\/li><li>Pruebas de resina<\/li><li>Inspecci\u00f3n de componentes mec\u00e1nicos.<\/li><li>Solucione problemas y gestione emergencias para eliminar el tiempo de inactividad.<\/li><li>Audite el desempe\u00f1o de la planta y ofrezca sugerencias sobre mantenimiento y reemplazo de componentes para reducir el tiempo de inactividad, mejorar la eficiencia y reducir los costos operativos.<\/li><\/ul><\/div>\n\t\t\t<\/div>\n\t\t<\/div>\n\t<\/div>\n\t<article>\n\t\t\n\t<\/article>\n\t\t\t<article>\n\t\t\n\t<\/article>\n<\/div>\n\t\t\t<!-- end Inner service single content -->\t\t<\/div>\n\t\t\t\t<\/div>\n\t\t\t\t\t\t<\/div>\n\t\t\t\t\t<\/div>\n\t\t<\/div>\n\t\t\t\t<div class=\"has_ma_el_bg_slider elementor-column elementor-col-50 elementor-top-column elementor-element elementor-element-53b4d548 jltma-glass-effect-no\" data-id=\"53b4d548\" data-element_type=\"column\">\n\t\t\t<div class=\"elementor-column-wrap elementor-element-populated\">\n\t\t\t\t\t\t\t<div class=\"elementor-widget-wrap\">\n\t\t\t\t\t\t<div class=\"elementor-element elementor-element-4c556f0a jltma-glass-effect-no elementor-widget elementor-widget-ucaddon_service_single_sidebar\" data-id=\"4c556f0a\" data-element_type=\"widget\" data-widget_type=\"ucaddon_service_single_sidebar.default\">\n\t\t\t\t<div class=\"elementor-widget-container\">\n\t\t\t<!-- start Service single sidebar -->\n\t\t<link id='font-awesome-css' href='https:\/\/ionexchangeglobal.com\/int\/wp-content\/plugins\/unlimited-elements-for-elementor\/assets_libraries\/font-awesome5\/css\/fontawesome-all.min.css' type='text\/css' rel='stylesheet' >\n\t\t<link id='font-awesome-4-shim-css' href='https:\/\/ionexchangeglobal.com\/int\/wp-content\/plugins\/unlimited-elements-for-elementor\/assets_libraries\/font-awesome5\/css\/fontawesome-v4-shims.css' type='text\/css' rel='stylesheet' >\n\n\t\t\t<style type=\"text\/css\">\/* widget: Service single sidebar *\/\n\n.service-sidebar {\n\tfont-family: \"Futura MD Bt\", serif !important;\n}\n\n<\/style>\n\n\t\t\t<div class=\"service-sidebar\">\n\t\t<div class=\"service-sidebar-widget\">\n\t\t<div class=\"service-cat-widget ul-li-block\">\n\t\t\t<h3 class=\"widget-title\">Servicios que ofrecemos<\/h3>\n\t\t\t<ul>\n              <li><a href=\"\/servicios\/rehabilitaci\u00f3n-modificaci\u00f3n\/\">Rehabilitaci\u00f3n y modificaci\u00f3n<\/a><\/li>\n<li><a href=\"\/servicios\/consumibles-repuestos\/\">Consumibles y repuestos<\/a><\/li>\n<li><a href=\"\/servicios\/consultor\u00eda-auditor\u00edas\/\">Auditor\u00edas y Consultor\u00eda<\/a><\/li>\n<li><a href=\"\/servicios\/financiacion-de-proyectos\/\">Financiamiento de proyectos<\/a><\/li>\n<li><a href=\"\/servicios\/sistema-de-monitoreo-remoto\/\">Sistema de monitoreo remoto<\/a><\/li>\n\n\t\t\t<\/ul>\n\t\t<\/div>\n\t<\/div>\n\t\t\t<div class=\"service-sidebar-widget\">\n\t\t<div class=\"help-widget pera-content\">\n\t\t\t<h3 class=\"service-widget-title\">Deja que nuestros expertos te ayuden, <br>Cont\u00e1ctanos:<br><a href=\"tel:1800 4250 788\">1800 4250 788<\/a><\/h3>\n\t\t\t<span><br><img decoding=\"async\" src=\"\/app\/uploads\/2021\/10\/Service-logo-24X7-01.png\" width=200 loading=\"lazy\"><\/span>\n\t\t\t<div class=\"contact-text pera-content headline\">\n\t\t\t\t<p><i class=\"\"><\/i><strong><a href=\"\"><\/a> <br><\/strong>\n\t\t\t\t\t<a href=\"\"><\/a><\/p>\n\t\t\t<\/div>\n\t\t<\/div>\n\t<\/div>\n\t\t\t\t<div class=\"add-widget text-center pera-content position-relative\" data-background=\"https:\/\/ionexchangeglobal.com\/int\/wp-content\/uploads\/2020\/06\/bpp3.jpg\" style=\"background-image: url(https:\/\/ionexchangeglobal.com\/int\/wp-content\/uploads\/2020\/06\/bpp3.jpg);\">\n\t\t<div class=\"background_overlay\"><\/div>\n\t\t<h3>Escr\u00edbenos para cualquier consulta adicional<\/h3>\n\t\t<p><\/p>\n\t\t<a href=\"\/Cont\u00e1ctenos\">p\u00f3ngase en contacto <i class=\"fa fa-arrow-right\" aria-hidden=\"true\"><\/i> <!--<img decoding=\"async\" src=\"..\/..\/wp-content\/themes\/eltron\/assets\/img\/arrow3.png\" alt=\"arrow\" loading=\"lazy\">--><\/a>\n\t<\/div>\n\t<\/div>\n\t\t\t<!-- end Service single sidebar -->\t\t<\/div>\n\t\t\t\t<\/div>\n\t\t\t\t\t\t<\/div>\n\t\t\t\t\t<\/div>\n\t\t<\/div>\n\t\t\t\t\t\t\t\t<\/div>\n\t\t\t\t\t<\/div>\n\t\t<\/section>\n\t\t\t\t<section class=\"has_ma_el_bg_slider elementor-section elementor-top-section elementor-element elementor-element-f70f0e0 elementor-section-boxed elementor-section-height-default elementor-section-height-default jltma-glass-effect-no\" data-id=\"f70f0e0\" data-element_type=\"section\">\n\t\t\t\t\t\t<div class=\"elementor-container elementor-column-gap-default\">\n\t\t\t\t\t\t\t<div class=\"elementor-row\">\n\t\t\t\t\t<div class=\"has_ma_el_bg_slider elementor-column elementor-col-100 elementor-top-column elementor-element elementor-element-acefbe4 jltma-glass-effect-no\" data-dce-background-color=\"#205A90\" data-id=\"acefbe4\" data-element_type=\"column\" data-settings=\"{&quot;background_background&quot;:&quot;classic&quot;}\">\n\t\t\t<div class=\"elementor-column-wrap elementor-element-populated\">\n\t\t\t\t\t\t\t<div class=\"elementor-widget-wrap\">\n\t\t\t\t\t\t<section class=\"has_ma_el_bg_slider elementor-section elementor-inner-section elementor-element elementor-element-15ee7e9 elementor-section-boxed elementor-section-height-default elementor-section-height-default jltma-glass-effect-no\" data-id=\"15ee7e9\" data-element_type=\"section\">\n\t\t\t\t\t\t<div class=\"elementor-container elementor-column-gap-default\">\n\t\t\t\t\t\t\t<div class=\"elementor-row\">\n\t\t\t\t\t<div class=\"has_ma_el_bg_slider elementor-column elementor-col-25 elementor-inner-column elementor-element elementor-element-fb0f348 jltma-glass-effect-no\" data-id=\"fb0f348\" data-element_type=\"column\">\n\t\t\t<div class=\"elementor-column-wrap elementor-element-populated\">\n\t\t\t\t\t\t\t<div class=\"elementor-widget-wrap\">\n\t\t\t\t\t\t<div class=\"elementor-element elementor-element-2985458 dce_masking-none jltma-glass-effect-no elementor-widget elementor-widget-image\" data-id=\"2985458\" data-element_type=\"widget\" data-widget_type=\"image.default\">\n\t\t\t\t<div class=\"elementor-widget-container\">\n\t\t\t\t\t\t\t\t<div class=\"elementor-image\">\n\t\t\t\t\t\t\t\t\t\t\t\t<img decoding=\"async\" width=\"338\" height=\"338\" src=\"https:\/\/ionexchangeglobal.com\/int\/wp-content\/uploads\/2021\/09\/call-support-full.jpg\" class=\"attachment-large size-large wp-image-12487\" alt=\"call-support-full\" srcset=\"https:\/\/ionexchangeglobal.com\/int\/wp-content\/uploads\/2021\/09\/call-support-full.jpg 338w, https:\/\/ionexchangeglobal.com\/int\/wp-content\/uploads\/2021\/09\/call-support-full-300x300.jpg 300w, https:\/\/ionexchangeglobal.com\/int\/wp-content\/uploads\/2021\/09\/call-support-full-150x150.jpg 150w\" sizes=\"(max-width: 338px) 100vw, 338px\" loading=\"lazy\" \/>\t\t\t\t\t\t\t\t\t\t\t\t\t\t<\/div>\n\t\t\t\t\t\t<\/div>\n\t\t\t\t<\/div>\n\t\t\t\t\t\t<\/div>\n\t\t\t\t\t<\/div>\n\t\t<\/div>\n\t\t\t\t<div class=\"has_ma_el_bg_slider elementor-column elementor-col-25 elementor-inner-column elementor-element elementor-element-1b30319 jltma-glass-effect-no\" data-id=\"1b30319\" data-element_type=\"column\">\n\t\t\t<div class=\"elementor-column-wrap elementor-element-populated\">\n\t\t\t\t\t\t\t<div class=\"elementor-widget-wrap\">\n\t\t\t\t\t\t<div class=\"elementor-element elementor-element-348c2a0 jltma-glass-effect-no elementor-widget elementor-widget-text-editor\" data-id=\"348c2a0\" data-element_type=\"widget\" data-widget_type=\"text-editor.default\">\n\t\t\t\t<div class=\"elementor-widget-container\">\n\t\t\t\t\t\t\t\t<div class=\"elementor-text-editor elementor-clearfix\">\n\t\t\t\t<p>Deja que nuestras expertas te ayuden,<\/p><p>Cont\u00e1ctanos 1800 4250 788 (365 d\u00edas, 9am \u2013 9pm)<\/p>\t\t\t\t\t<\/div>\n\t\t\t\t\t\t<\/div>\n\t\t\t\t<\/div>\n\t\t\t\t\t\t<\/div>\n\t\t\t\t\t<\/div>\n\t\t<\/div>\n\t\t\t\t<div class=\"has_ma_el_bg_slider elementor-column elementor-col-25 elementor-inner-column elementor-element elementor-element-60a8f49 jltma-glass-effect-no\" data-id=\"60a8f49\" data-element_type=\"column\">\n\t\t\t<div class=\"elementor-column-wrap elementor-element-populated\">\n\t\t\t\t\t\t\t<div class=\"elementor-widget-wrap\">\n\t\t\t\t\t\t<div class=\"elementor-element elementor-element-9f7d739 elementor-view-framed elementor-shape-square jltma-glass-effect-no elementor-widget elementor-widget-icon\" data-id=\"9f7d739\" data-element_type=\"widget\" data-widget_type=\"icon.default\">\n\t\t\t\t<div class=\"elementor-widget-container\">\n\t\t\t\t\t<div class=\"elementor-icon-wrapper\">\n\t\t\t<a class=\"elementor-icon\" href=\"\">\n\t\t\t<i aria-hidden=\"true\" class=\"icon icon-phone1\"><\/i>\t\t\t<\/a>\n\t\t<\/div>\n\t\t\t\t<\/div>\n\t\t\t\t<\/div>\n\t\t\t\t\t\t<\/div>\n\t\t\t\t\t<\/div>\n\t\t<\/div>\n\t\t\t\t<div class=\"has_ma_el_bg_slider elementor-column elementor-col-25 elementor-inner-column elementor-element elementor-element-8f1472b jltma-glass-effect-no\" data-id=\"8f1472b\" data-element_type=\"column\">\n\t\t\t<div class=\"elementor-column-wrap elementor-element-populated\">\n\t\t\t\t\t\t\t<div class=\"elementor-widget-wrap\">\n\t\t\t\t\t\t<div data-dce-background-color=\"#205A90\" class=\"elementor-element elementor-element-eea416c elementor-align-left elementor-mobile-align-center jltma-glass-effect-no elementor-widget elementor-widget-button\" data-id=\"eea416c\" data-element_type=\"widget\" data-widget_type=\"button.default\">\n\t\t\t\t<div class=\"elementor-widget-container\">\n\t\t\t\t\t<div class=\"elementor-button-wrapper\">\n\t\t\t<a class=\"elementor-button elementor-button-link elementor-size-sm\" href=\"\/contact-us\">\n\t\t\t\t\t\t<span class=\"elementor-button-content-wrapper\">\n\t\t\t\t\t\t<span class=\"elementor-button-text\">Contacta con nosotras<\/span>\n\t\t<\/span>\n\t\t\t\t\t<\/a>\n\t\t<\/div>\n\t\t\t\t<\/div>\n\t\t\t\t<\/div>\n\t\t\t\t\t\t<\/div>\n\t\t\t\t\t<\/div>\n\t\t<\/div>\n\t\t\t\t\t\t\t\t<\/div>\n\t\t\t\t\t<\/div>\n\t\t<\/section>\n\t\t\t\t\t\t<\/div>\n\t\t\t\t\t<\/div>\n\t\t<\/div>\n\t\t\t\t\t\t\t\t<\/div>\n\t\t\t\t\t<\/div>\n\t\t<\/section>\n\t\t\t\t\t\t\t\t\t<\/div>\n\t\t\t<\/div>\n\t\t\t\t\t<\/div>\n\t\t","protected":false},"excerpt":{"rendered":"<p>Operaciones y mantenimiento Brindamos a nuestros clientes soluciones integrales personalizadas para la gesti\u00f3n total del agua y aguas residuales cumpliendo con los est\u00e1ndares internacionales de calidad. Nuestras operaciones para operar m\u00e1quinas, equipos, instrumentos, etc. seguir los procedimientos operativos est\u00e1ndar (POE). La operaci\u00f3n y mantenimiento de la planta incluye: Monitoreo de rutina de par\u00e1metros de proceso&hellip;<\/p>\n","protected":false},"author":9,"featured_media":60323,"parent":45207,"menu_order":0,"comment_status":"closed","ping_status":"closed","template":"elementor_header_footer","meta":{"inline_featured_image":false},"yoast_head":"<!-- This site is optimized with the Yoast SEO plugin v20.12 - https:\/\/yoast.com\/wordpress\/plugins\/seo\/ -->\n<title>Operaciones y mantenimiento - Ion Exchange<\/title>\n<meta name=\"robots\" content=\"index, follow, max-snippet:-1, max-image-preview:large, max-video-preview:-1\" \/>\n<link rel=\"canonical\" href=\"https:\/\/ionexchangeglobal.com\/int\/es\/prestaciones-de-servicio\/operaciones-y-mantenimiento\/\" \/>\n<meta property=\"og:locale\" content=\"en_US\" \/>\n<meta property=\"og:type\" content=\"article\" \/>\n<meta property=\"og:title\" content=\"Operaciones y mantenimiento - Ion Exchange\" \/>\n<meta property=\"og:description\" content=\"Operaciones y mantenimiento Brindamos a nuestros clientes soluciones integrales personalizadas para la gesti\u00f3n total del agua y aguas residuales cumpliendo con los est\u00e1ndares internacionales de calidad. Nuestras operaciones para operar m\u00e1quinas, equipos, instrumentos, etc. seguir los procedimientos operativos est\u00e1ndar (POE). La operaci\u00f3n y mantenimiento de la planta incluye: Monitoreo de rutina de par\u00e1metros de proceso&hellip;\" \/>\n<meta property=\"og:url\" content=\"https:\/\/ionexchangeglobal.com\/int\/es\/prestaciones-de-servicio\/operaciones-y-mantenimiento\/\" \/>\n<meta property=\"og:site_name\" content=\"Ion Exchange\" \/>\n<meta property=\"article:publisher\" content=\"https:\/\/www.facebook.com\/IONEXCHANGE\" \/>\n<meta property=\"article:modified_time\" content=\"2023-12-18T11:07:56+00:00\" \/>\n<meta property=\"og:image\" content=\"https:\/\/ionexchangeglobal.com\/int\/wp-content\/uploads\/2022\/05\/service-banner-img.webp\" \/>\n\t<meta property=\"og:image:width\" content=\"1\" \/>\n\t<meta property=\"og:image:height\" content=\"1\" \/>\n\t<meta property=\"og:image:type\" content=\"image\/webp\" \/>\n<meta name=\"twitter:card\" content=\"summary_large_image\" \/>\n<meta name=\"twitter:site\" content=\"@IEI_Ltd\" \/>\n<meta name=\"twitter:label1\" content=\"Est. reading time\" \/>\n\t<meta name=\"twitter:data1\" content=\"2 minutes\" \/>\n<script type=\"application\/ld+json\" class=\"yoast-schema-graph\">{\"@context\":\"https:\/\/schema.org\",\"@graph\":[{\"@type\":\"WebPage\",\"@id\":\"https:\/\/ionexchangeglobal.com\/int\/es\/prestaciones-de-servicio\/operaciones-y-mantenimiento\/\",\"url\":\"https:\/\/ionexchangeglobal.com\/int\/es\/prestaciones-de-servicio\/operaciones-y-mantenimiento\/\",\"name\":\"Operaciones y mantenimiento - Ion Exchange\",\"isPartOf\":{\"@id\":\"https:\/\/ionexchangeglobal.com\/int\/#website\"},\"datePublished\":\"2021-07-19T12:23:55+00:00\",\"dateModified\":\"2023-12-18T11:07:56+00:00\",\"breadcrumb\":{\"@id\":\"https:\/\/ionexchangeglobal.com\/int\/es\/prestaciones-de-servicio\/operaciones-y-mantenimiento\/#breadcrumb\"},\"inLanguage\":\"en-US\",\"potentialAction\":[{\"@type\":\"ReadAction\",\"target\":[\"https:\/\/ionexchangeglobal.com\/int\/es\/prestaciones-de-servicio\/operaciones-y-mantenimiento\/\"]}]},{\"@type\":\"BreadcrumbList\",\"@id\":\"https:\/\/ionexchangeglobal.com\/int\/es\/prestaciones-de-servicio\/operaciones-y-mantenimiento\/#breadcrumb\",\"itemListElement\":[{\"@type\":\"ListItem\",\"position\":1,\"name\":\"Home\",\"item\":\"https:\/\/ionexchangeglobal.com\/int\/pt\/pagina-inicial\/\"},{\"@type\":\"ListItem\",\"position\":2,\"name\":\"Operaciones y mantenimiento\"}]},{\"@type\":\"WebSite\",\"@id\":\"https:\/\/ionexchangeglobal.com\/int\/#website\",\"url\":\"https:\/\/ionexchangeglobal.com\/int\/\",\"name\":\"Ion Exchange\",\"description\":\"Refreshing the Planet\",\"publisher\":{\"@id\":\"https:\/\/ionexchangeglobal.com\/int\/#organization\"},\"potentialAction\":[{\"@type\":\"SearchAction\",\"target\":{\"@type\":\"EntryPoint\",\"urlTemplate\":\"https:\/\/ionexchangeglobal.com\/int\/?s={search_term_string}\"},\"query-input\":\"required name=search_term_string\"}],\"inLanguage\":\"en-US\"},{\"@type\":\"Organization\",\"@id\":\"https:\/\/ionexchangeglobal.com\/int\/#organization\",\"name\":\"Ion Exchange\",\"url\":\"https:\/\/ionexchangeglobal.com\/int\/\",\"logo\":{\"@type\":\"ImageObject\",\"inLanguage\":\"en-US\",\"@id\":\"https:\/\/ionexchangeglobal.com\/int\/#\/schema\/logo\/image\/\",\"url\":\"http:\/\/localhost:8000\/app\/uploads\/2022\/05\/ion-logo-1.webp\",\"contentUrl\":\"http:\/\/localhost:8000\/app\/uploads\/2022\/05\/ion-logo-1.webp\",\"width\":1,\"height\":1,\"caption\":\"Ion Exchange\"},\"image\":{\"@id\":\"https:\/\/ionexchangeglobal.com\/int\/#\/schema\/logo\/image\/\"},\"sameAs\":[\"https:\/\/www.facebook.com\/IONEXCHANGE\",\"https:\/\/twitter.com\/IEI_Ltd\",\"https:\/\/www.youtube.com\/channel\/UCqSuT-yd40I7RZ4p5UXuKbA\/videos\"]}]}<\/script>\n<!-- \/ Yoast SEO plugin. -->","yoast_head_json":{"title":"Operaciones y mantenimiento - Ion Exchange","robots":{"index":"index","follow":"follow","max-snippet":"max-snippet:-1","max-image-preview":"max-image-preview:large","max-video-preview":"max-video-preview:-1"},"canonical":"https:\/\/ionexchangeglobal.com\/int\/es\/prestaciones-de-servicio\/operaciones-y-mantenimiento\/","og_locale":"en_US","og_type":"article","og_title":"Operaciones y mantenimiento - Ion Exchange","og_description":"Operaciones y mantenimiento Brindamos a nuestros clientes soluciones integrales personalizadas para la gesti\u00f3n total del agua y aguas residuales cumpliendo con los est\u00e1ndares internacionales de calidad. Nuestras operaciones para operar m\u00e1quinas, equipos, instrumentos, etc. seguir los procedimientos operativos est\u00e1ndar (POE). La operaci\u00f3n y mantenimiento de la planta incluye: Monitoreo de rutina de par\u00e1metros de proceso&hellip;","og_url":"https:\/\/ionexchangeglobal.com\/int\/es\/prestaciones-de-servicio\/operaciones-y-mantenimiento\/","og_site_name":"Ion Exchange","article_publisher":"https:\/\/www.facebook.com\/IONEXCHANGE","article_modified_time":"2023-12-18T11:07:56+00:00","og_image":[{"url":"https:\/\/ionexchangeglobal.com\/int\/wp-content\/uploads\/2022\/05\/service-banner-img.webp","width":1,"height":1,"type":"image\/webp"}],"twitter_card":"summary_large_image","twitter_site":"@IEI_Ltd","twitter_misc":{"Est. reading time":"2 minutes"},"schema":{"@context":"https:\/\/schema.org","@graph":[{"@type":"WebPage","@id":"https:\/\/ionexchangeglobal.com\/int\/es\/prestaciones-de-servicio\/operaciones-y-mantenimiento\/","url":"https:\/\/ionexchangeglobal.com\/int\/es\/prestaciones-de-servicio\/operaciones-y-mantenimiento\/","name":"Operaciones y mantenimiento - Ion Exchange","isPartOf":{"@id":"https:\/\/ionexchangeglobal.com\/int\/#website"},"datePublished":"2021-07-19T12:23:55+00:00","dateModified":"2023-12-18T11:07:56+00:00","breadcrumb":{"@id":"https:\/\/ionexchangeglobal.com\/int\/es\/prestaciones-de-servicio\/operaciones-y-mantenimiento\/#breadcrumb"},"inLanguage":"en-US","potentialAction":[{"@type":"ReadAction","target":["https:\/\/ionexchangeglobal.com\/int\/es\/prestaciones-de-servicio\/operaciones-y-mantenimiento\/"]}]},{"@type":"BreadcrumbList","@id":"https:\/\/ionexchangeglobal.com\/int\/es\/prestaciones-de-servicio\/operaciones-y-mantenimiento\/#breadcrumb","itemListElement":[{"@type":"ListItem","position":1,"name":"Home","item":"https:\/\/ionexchangeglobal.com\/int\/pt\/pagina-inicial\/"},{"@type":"ListItem","position":2,"name":"Operaciones y mantenimiento"}]},{"@type":"WebSite","@id":"https:\/\/ionexchangeglobal.com\/int\/#website","url":"https:\/\/ionexchangeglobal.com\/int\/","name":"Ion Exchange","description":"Refreshing the Planet","publisher":{"@id":"https:\/\/ionexchangeglobal.com\/int\/#organization"},"potentialAction":[{"@type":"SearchAction","target":{"@type":"EntryPoint","urlTemplate":"https:\/\/ionexchangeglobal.com\/int\/?s={search_term_string}"},"query-input":"required name=search_term_string"}],"inLanguage":"en-US"},{"@type":"Organization","@id":"https:\/\/ionexchangeglobal.com\/int\/#organization","name":"Ion Exchange","url":"https:\/\/ionexchangeglobal.com\/int\/","logo":{"@type":"ImageObject","inLanguage":"en-US","@id":"https:\/\/ionexchangeglobal.com\/int\/#\/schema\/logo\/image\/","url":"http:\/\/localhost:8000\/app\/uploads\/2022\/05\/ion-logo-1.webp","contentUrl":"http:\/\/localhost:8000\/app\/uploads\/2022\/05\/ion-logo-1.webp","width":1,"height":1,"caption":"Ion Exchange"},"image":{"@id":"https:\/\/ionexchangeglobal.com\/int\/#\/schema\/logo\/image\/"},"sameAs":["https:\/\/www.facebook.com\/IONEXCHANGE","https:\/\/twitter.com\/IEI_Ltd","https:\/\/www.youtube.com\/channel\/UCqSuT-yd40I7RZ4p5UXuKbA\/videos"]}]}},"lang":"es","translations":{"es":45211,"ar":42670,"en":7394,"pt":36177,"fr":37188,"de":38543,"ru":39418,"ja":46129,"ko":46473,"zh":46584,"th":60332},"pll_sync_post":[],"_links":{"self":[{"href":"https:\/\/ionexchangeglobal.com\/int\/wp-json\/wp\/v2\/pages\/45211"}],"collection":[{"href":"https:\/\/ionexchangeglobal.com\/int\/wp-json\/wp\/v2\/pages"}],"about":[{"href":"https:\/\/ionexchangeglobal.com\/int\/wp-json\/wp\/v2\/types\/page"}],"author":[{"embeddable":true,"href":"https:\/\/ionexchangeglobal.com\/int\/wp-json\/wp\/v2\/users\/9"}],"replies":[{"embeddable":true,"href":"https:\/\/ionexchangeglobal.com\/int\/wp-json\/wp\/v2\/comments?post=45211"}],"version-history":[{"count":7,"href":"https:\/\/ionexchangeglobal.com\/int\/wp-json\/wp\/v2\/pages\/45211\/revisions"}],"predecessor-version":[{"id":45247,"href":"https:\/\/ionexchangeglobal.com\/int\/wp-json\/wp\/v2\/pages\/45211\/revisions\/45247"}],"up":[{"embeddable":true,"href":"https:\/\/ionexchangeglobal.com\/int\/wp-json\/wp\/v2\/pages\/45207"}],"wp:featuredmedia":[{"embeddable":true,"href":"https:\/\/ionexchangeglobal.com\/int\/wp-json\/wp\/v2\/media\/60323"}],"wp:attachment":[{"href":"https:\/\/ionexchangeglobal.com\/int\/wp-json\/wp\/v2\/media?parent=45211"}],"curies":[{"name":"wp","href":"https:\/\/api.w.org\/{rel}","templated":true}]}}