{"id":44970,"date":"2022-04-08T12:28:53","date_gmt":"2022-04-08T12:28:53","guid":{"rendered":"https:\/\/ionexchangeglobal.com\/int\/?page_id=44970"},"modified":"2023-12-18T10:13:50","modified_gmt":"2023-12-18T04:43:50","slug":"verteidigung","status":"publish","type":"page","link":"https:\/\/ionexchangeglobal.com\/int\/de\/marktsegmente\/institutionen\/verteidigung\/","title":{"rendered":"Verteidigung"},"content":{"rendered":"\t\t<div data-elementor-type=\"wp-page\" data-elementor-id=\"44970\" data-post-id=\"44970\" data-obj-id=\"44970\" class=\"elementor elementor-44970 dce-elementor-post-44970\">\n\t\t\t\t\t\t<div class=\"elementor-inner\">\n\t\t\t\t<div class=\"elementor-section-wrap\">\n\t\t\t\t\t\t\t\t\t<section class=\"has_ma_el_bg_slider elementor-section elementor-top-section elementor-element elementor-element-1ee722c elementor-section-full_width elementor-section-height-default elementor-section-height-default jltma-glass-effect-no\" data-id=\"1ee722c\" data-element_type=\"section\">\n\t\t\t\t\t\t<div class=\"elementor-container elementor-column-gap-default\">\n\t\t\t\t\t\t\t<div class=\"elementor-row\">\n\t\t\t\t\t<div class=\"has_ma_el_bg_slider elementor-column elementor-col-100 elementor-top-column elementor-element elementor-element-fe48d63 jltma-glass-effect-no\" data-id=\"fe48d63\" data-element_type=\"column\">\n\t\t\t<div class=\"elementor-column-wrap elementor-element-populated\">\n\t\t\t\t\t\t\t<div class=\"elementor-widget-wrap\">\n\t\t\t\t\t\t<section class=\"has_ma_el_bg_slider elementor-section elementor-inner-section elementor-element elementor-element-bd4d4cb elementor-section-boxed elementor-section-height-default elementor-section-height-default jltma-glass-effect-no\" data-id=\"bd4d4cb\" data-element_type=\"section\">\n\t\t\t\t\t\t<div class=\"elementor-container elementor-column-gap-default\">\n\t\t\t\t\t\t\t<div class=\"elementor-row\">\n\t\t\t\t\t<div class=\"has_ma_el_bg_slider elementor-column elementor-col-100 elementor-inner-column elementor-element elementor-element-d03c9d2 jltma-glass-effect-no\" data-id=\"d03c9d2\" data-element_type=\"column\">\n\t\t\t<div class=\"elementor-column-wrap elementor-element-populated\">\n\t\t\t\t\t\t\t<div class=\"elementor-widget-wrap\">\n\t\t\t\t\t\t<div class=\"elementor-element elementor-element-0e7e9ec jltma-glass-effect-no elementor-widget elementor-widget-heading\" data-id=\"0e7e9ec\" data-element_type=\"widget\" data-widget_type=\"heading.default\">\n\t\t\t\t<div class=\"elementor-widget-container\">\n\t\t\t<h2 class=\"elementor-heading-title elementor-size-default\">Sicherstellung der Wasserqualit\u00e4t<\/h2>\t\t<\/div>\n\t\t\t\t<\/div>\n\t\t\t\t<div class=\"elementor-element elementor-element-25179b9 jltma-glass-effect-no elementor-widget elementor-widget-text-editor\" data-id=\"25179b9\" data-element_type=\"widget\" data-widget_type=\"text-editor.default\">\n\t\t\t\t<div class=\"elementor-widget-container\">\n\t\t\t\t\t\t\t\t<div class=\"elementor-text-editor elementor-clearfix\">\n\t\t\t\t<p>Unsere Wasser- und Umweltmanagementl\u00f6sungen decken alle Bereiche der Wasser- und Versorgungswirtschaft ab und stellen die Wasserqualit\u00e4t sicher, die f\u00fcr jeden Verwendungszweck erforderlich ist \u2013 Trinkwasser, Kochen, Baden, W\u00e4schewaschen, Klimatisierung und Gartenarbeit.<\/p><p>Dar\u00fcber hinaus sind wir der gr\u00f6\u00dfte Anbieter von mobilen Wasseraufbereitungsanlagen, die zur Trinkwasserversorgung in Gebieten eingesetzt werden, die von Naturkatastrophen \u2013 Erdbeben, Wirbelst\u00fcrmen oder chemischer Kriegsf\u00fchrung \u2013 betroffen sind. Auch die indischen Streitkr\u00e4fte nutzen speziell entwickelte Systeme, um ihren Trinkwasserbedarf w\u00e4hrend des Lagertransports\/-transports zu decken<\/p>\t\t\t\t\t<\/div>\n\t\t\t\t\t\t<\/div>\n\t\t\t\t<\/div>\n\t\t\t\t\t\t<\/div>\n\t\t\t\t\t<\/div>\n\t\t<\/div>\n\t\t\t\t\t\t\t\t<\/div>\n\t\t\t\t\t<\/div>\n\t\t<\/section>\n\t\t\t\t\t\t<\/div>\n\t\t\t\t\t<\/div>\n\t\t<\/div>\n\t\t\t\t\t\t\t\t<\/div>\n\t\t\t\t\t<\/div>\n\t\t<\/section>\n\t\t\t\t<section class=\"has_ma_el_bg_slider elementor-section elementor-top-section elementor-element elementor-element-6ef7fb4 elementor-section-boxed elementor-section-height-default elementor-section-height-default jltma-glass-effect-no\" data-id=\"6ef7fb4\" data-element_type=\"section\">\n\t\t\t\t\t\t<div class=\"elementor-container elementor-column-gap-default\">\n\t\t\t\t\t\t\t<div class=\"elementor-row\">\n\t\t\t\t\t<div class=\"has_ma_el_bg_slider elementor-column elementor-col-50 elementor-top-column elementor-element elementor-element-7145510 jltma-glass-effect-no\" data-id=\"7145510\" data-element_type=\"column\">\n\t\t\t<div class=\"elementor-column-wrap elementor-element-populated\">\n\t\t\t\t\t\t\t<div class=\"elementor-widget-wrap\">\n\t\t\t\t\t\t<section class=\"has_ma_el_bg_slider elementor-section elementor-inner-section elementor-element elementor-element-b85895b elementor-section-boxed elementor-section-height-default elementor-section-height-default jltma-glass-effect-no\" data-id=\"b85895b\" data-element_type=\"section\">\n\t\t\t\t\t\t<div class=\"elementor-container elementor-column-gap-default\">\n\t\t\t\t\t\t\t<div class=\"elementor-row\">\n\t\t\t\t\t<div class=\"has_ma_el_bg_slider elementor-column elementor-col-100 elementor-inner-column elementor-element elementor-element-54c9573 box-shadow jltma-glass-effect-no\" data-id=\"54c9573\" data-element_type=\"column\">\n\t\t\t<div class=\"elementor-column-wrap elementor-element-populated\">\n\t\t\t\t\t\t\t<div class=\"elementor-widget-wrap\">\n\t\t\t\t\t\t<div class=\"elementor-element elementor-element-8f500ac dce_masking-none jltma-glass-effect-no elementor-widget elementor-widget-image\" data-id=\"8f500ac\" data-element_type=\"widget\" data-widget_type=\"image.default\">\n\t\t\t\t<div class=\"elementor-widget-container\">\n\t\t\t\t\t\t\t\t<div class=\"elementor-image\">\n\t\t\t\t\t\t\t\t\t\t\t\t<img decoding=\"async\" width=\"212\" height=\"300\" src=\"https:\/\/ionexchangeglobal.com\/int\/wp-content\/uploads\/2022\/06\/DMU-212x300.jpg\" class=\"elementor-animation-grow attachment-medium size-medium wp-image-28269\" alt=\"post water treatment service provider Company\" srcset=\"https:\/\/ionexchangeglobal.com\/int\/wp-content\/uploads\/2022\/06\/DMU-212x300.jpg 212w, https:\/\/ionexchangeglobal.com\/int\/wp-content\/uploads\/2022\/06\/DMU.jpg 220w\" sizes=\"(max-width: 212px) 100vw, 212px\" loading=\"lazy\" \/>\t\t\t\t\t\t\t\t\t\t\t\t\t\t<\/div>\n\t\t\t\t\t\t<\/div>\n\t\t\t\t<\/div>\n\t\t\t\t<div data-dce-background-color=\"#009ADC\" class=\"elementor-element elementor-element-8b32bca elementor-align-center jltma-glass-effect-no elementor-widget elementor-widget-button\" data-id=\"8b32bca\" data-element_type=\"widget\" data-widget_type=\"button.default\">\n\t\t\t\t<div class=\"elementor-widget-container\">\n\t\t\t\t\t<div class=\"elementor-button-wrapper\">\n\t\t\t<a class=\"elementor-button elementor-button-link elementor-size-sm\" href=\"https:\/\/ionexchangeglobal.com\/app\/uploads\/2022\/06\/Indion-Disaster-Management-Mobile-Unit.pdf\" target=\"_blank\">\n\t\t\t\t\t\t<span class=\"elementor-button-content-wrapper\">\n\t\t\t\t\t\t<span class=\"elementor-button-icon elementor-align-icon-right\">\n\t\t\t\t<i aria-hidden=\"true\" class=\"fas fa-file-download\"><\/i>\t\t\t<\/span>\n\t\t\t\t\t\t<span class=\"elementor-button-text\">Brosch\u00fcre herunterladen<\/span>\n\t\t<\/span>\n\t\t\t\t\t<\/a>\n\t\t<\/div>\n\t\t\t\t<\/div>\n\t\t\t\t<\/div>\n\t\t\t\t\t\t<\/div>\n\t\t\t\t\t<\/div>\n\t\t<\/div>\n\t\t\t\t\t\t\t\t<\/div>\n\t\t\t\t\t<\/div>\n\t\t<\/section>\n\t\t\t\t\t\t<\/div>\n\t\t\t\t\t<\/div>\n\t\t<\/div>\n\t\t\t\t<div class=\"has_ma_el_bg_slider elementor-column elementor-col-50 elementor-top-column elementor-element elementor-element-954a875 jltma-glass-effect-no\" data-id=\"954a875\" data-element_type=\"column\">\n\t\t\t<div class=\"elementor-column-wrap elementor-element-populated\">\n\t\t\t\t\t\t\t<div class=\"elementor-widget-wrap\">\n\t\t\t\t\t\t<div class=\"elementor-element elementor-element-6cc690b jltma-glass-effect-no elementor-widget elementor-widget-heading\" data-id=\"6cc690b\" data-element_type=\"widget\" data-widget_type=\"heading.default\">\n\t\t\t\t<div class=\"elementor-widget-container\">\n\t\t\t<h2 class=\"elementor-heading-title elementor-size-default\">Unsere L\u00f6sungen umfassen<\/h2>\t\t<\/div>\n\t\t\t\t<\/div>\n\t\t\t\t<div class=\"elementor-element elementor-element-5cd6394 jltma-glass-effect-no elementor-widget elementor-widget-text-editor\" data-id=\"5cd6394\" data-element_type=\"widget\" data-widget_type=\"text-editor.default\">\n\t\t\t\t<div class=\"elementor-widget-container\">\n\t\t\t\t\t\t\t\t<div class=\"elementor-text-editor elementor-clearfix\">\n\t\t\t\t<ul><li>Basis-Einsatzstelle f\u00fcr zentrale Trinkwasseraufbereitungsanlagen<\/li><li>Trinkwasseraufbereitungseinheit\/Katastrophenmanagementeinheit<\/li><li>Aufbereitetes Wasser zum Baden und Waschen<\/li><li>Abwasserbehandlung und Recycling<\/li><li>Umfassende O&amp;M-Services und AMC-Vertr\u00e4ge, die den Betrieb, die Wartung und die Aufsicht des Kunden \u00fcberfl\u00fcssig machen<\/li><\/ul>\t\t\t\t\t<\/div>\n\t\t\t\t\t\t<\/div>\n\t\t\t\t<\/div>\n\t\t\t\t\t\t<\/div>\n\t\t\t\t\t<\/div>\n\t\t<\/div>\n\t\t\t\t\t\t\t\t<\/div>\n\t\t\t\t\t<\/div>\n\t\t<\/section>\n\t\t\t\t<section class=\"has_ma_el_bg_slider elementor-section elementor-top-section elementor-element elementor-element-f1bd1ae elementor-section-full_width elementor-section-height-default elementor-section-height-default jltma-glass-effect-no\" data-id=\"f1bd1ae\" data-element_type=\"section\">\n\t\t\t\t\t\t<div class=\"elementor-container elementor-column-gap-default\">\n\t\t\t\t\t\t\t<div class=\"elementor-row\">\n\t\t\t\t\t<div class=\"has_ma_el_bg_slider elementor-column elementor-col-100 elementor-top-column elementor-element elementor-element-7a442a0 jltma-glass-effect-no\" data-id=\"7a442a0\" data-element_type=\"column\">\n\t\t\t<div class=\"elementor-column-wrap elementor-element-populated\">\n\t\t\t\t\t\t\t<div class=\"elementor-widget-wrap\">\n\t\t\t\t\t\t<section class=\"has_ma_el_bg_slider elementor-section elementor-inner-section elementor-element elementor-element-1038d13 elementor-section-boxed elementor-section-height-default elementor-section-height-default jltma-glass-effect-no\" data-id=\"1038d13\" data-element_type=\"section\">\n\t\t\t\t\t\t<div class=\"elementor-container elementor-column-gap-default\">\n\t\t\t\t\t\t\t<div class=\"elementor-row\">\n\t\t\t\t\t<div class=\"has_ma_el_bg_slider elementor-column elementor-col-100 elementor-inner-column elementor-element elementor-element-a0a21b9 jltma-glass-effect-no\" data-id=\"a0a21b9\" data-element_type=\"column\">\n\t\t\t<div class=\"elementor-column-wrap elementor-element-populated\">\n\t\t\t\t\t\t\t<div class=\"elementor-widget-wrap\">\n\t\t\t\t\t\t<div class=\"elementor-element elementor-element-57c8851 jltma-glass-effect-no elementor-widget elementor-widget-heading\" data-id=\"57c8851\" data-element_type=\"widget\" data-widget_type=\"heading.default\">\n\t\t\t\t<div class=\"elementor-widget-container\">\n\t\t\t<h2 class=\"elementor-heading-title elementor-size-default\">Ein effektives Abwassermanagement sch\u00fctzt vor Wasserknappheit<\/h2>\t\t<\/div>\n\t\t\t\t<\/div>\n\t\t\t\t<div class=\"elementor-element elementor-element-b5aeb84 jltma-glass-effect-no elementor-widget elementor-widget-text-editor\" data-id=\"b5aeb84\" data-element_type=\"widget\" data-widget_type=\"text-editor.default\">\n\t\t\t\t<div class=\"elementor-widget-container\">\n\t\t\t\t\t\t\t\t<div class=\"elementor-text-editor elementor-clearfix\">\n\t\t\t\t<ul><li style=\"font-weight: 400;\" aria-level=\"1\">Einhaltung der Einleitungsvorschriften<\/li><li style=\"font-weight: 400;\" aria-level=\"1\">Ununterbrochene Wasserversorgung f\u00fcr Toilettensp\u00fclung, Gartenarbeit, Bodenreinigung und Fahrzeugw\u00e4sche.<\/li><li style=\"font-weight: 400;\" aria-level=\"1\">Einsparungen durch geringeren Bedarf an Frischwasser<\/li><li style=\"font-weight: 400;\" aria-level=\"1\">Es steht mehr frisches Wasser zum Trinken, Kochen und Baden zur Verf\u00fcgung<\/li><\/ul>\t\t\t\t\t<\/div>\n\t\t\t\t\t\t<\/div>\n\t\t\t\t<\/div>\n\t\t\t\t<div class=\"elementor-element elementor-element-3328da5 jltma-glass-effect-no elementor-widget elementor-widget-text-editor\" data-id=\"3328da5\" data-element_type=\"widget\" data-widget_type=\"text-editor.default\">\n\t\t\t\t<div class=\"elementor-widget-container\">\n\t\t\t\t\t\t\t\t<div class=\"elementor-text-editor elementor-clearfix\">\n\t\t\t\t\t\t\t\t\t<\/div>\n\t\t\t\t\t\t<\/div>\n\t\t\t\t<\/div>\n\t\t\t\t\t\t<\/div>\n\t\t\t\t\t<\/div>\n\t\t<\/div>\n\t\t\t\t\t\t\t\t<\/div>\n\t\t\t\t\t<\/div>\n\t\t<\/section>\n\t\t\t\t\t\t<\/div>\n\t\t\t\t\t<\/div>\n\t\t<\/div>\n\t\t\t\t\t\t\t\t<\/div>\n\t\t\t\t\t<\/div>\n\t\t<\/section>\n\t\t\t\t\t\t\t\t\t<\/div>\n\t\t\t<\/div>\n\t\t\t\t\t<\/div>\n\t\t","protected":false},"excerpt":{"rendered":"<p>Sicherstellung der Wasserqualit\u00e4t Unsere Wasser- und Umweltmanagementl\u00f6sungen decken alle Bereiche der Wasser- und Versorgungswirtschaft ab und stellen die Wasserqualit\u00e4t sicher, die f\u00fcr jeden Verwendungszweck erforderlich ist \u2013 Trinkwasser, Kochen, Baden, W\u00e4schewaschen, Klimatisierung und Gartenarbeit. Dar\u00fcber hinaus sind wir der gr\u00f6\u00dfte Anbieter von mobilen Wasseraufbereitungsanlagen, die zur Trinkwasserversorgung in Gebieten eingesetzt werden, die von Naturkatastrophen \u2013&hellip;<\/p>\n","protected":false},"author":9,"featured_media":27120,"parent":44513,"menu_order":0,"comment_status":"closed","ping_status":"closed","template":"elementor_header_footer","meta":{"inline_featured_image":false},"yoast_head":"<!-- This site is optimized with the Yoast SEO plugin v20.12 - https:\/\/yoast.com\/wordpress\/plugins\/seo\/ -->\n<title>Verteidigung - Ion Exchange<\/title>\n<meta name=\"robots\" content=\"index, follow, max-snippet:-1, max-image-preview:large, max-video-preview:-1\" \/>\n<link rel=\"canonical\" href=\"https:\/\/ionexchangeglobal.com\/int\/de\/marktsegmente\/institutionen\/verteidigung\/\" \/>\n<meta property=\"og:locale\" content=\"en_US\" \/>\n<meta property=\"og:type\" content=\"article\" \/>\n<meta property=\"og:title\" content=\"Verteidigung - Ion Exchange\" \/>\n<meta property=\"og:description\" content=\"Sicherstellung der Wasserqualit\u00e4t Unsere Wasser- und Umweltmanagementl\u00f6sungen decken alle Bereiche der Wasser- und Versorgungswirtschaft ab und stellen die Wasserqualit\u00e4t sicher, die f\u00fcr jeden Verwendungszweck erforderlich ist \u2013 Trinkwasser, Kochen, Baden, W\u00e4schewaschen, Klimatisierung und Gartenarbeit. Dar\u00fcber hinaus sind wir der gr\u00f6\u00dfte Anbieter von mobilen Wasseraufbereitungsanlagen, die zur Trinkwasserversorgung in Gebieten eingesetzt werden, die von Naturkatastrophen \u2013&hellip;\" \/>\n<meta property=\"og:url\" content=\"https:\/\/ionexchangeglobal.com\/int\/de\/marktsegmente\/institutionen\/verteidigung\/\" \/>\n<meta property=\"og:site_name\" content=\"Ion Exchange\" \/>\n<meta property=\"article:publisher\" content=\"https:\/\/www.facebook.com\/IONEXCHANGE\" \/>\n<meta property=\"article:modified_time\" content=\"2023-12-18T04:43:50+00:00\" \/>\n<meta property=\"og:image\" content=\"https:\/\/ionexchangeglobal.com\/int\/wp-content\/uploads\/2022\/05\/defense-banner.webp\" \/>\n\t<meta property=\"og:image:width\" content=\"1\" \/>\n\t<meta property=\"og:image:height\" content=\"1\" \/>\n\t<meta property=\"og:image:type\" content=\"image\/webp\" \/>\n<meta name=\"twitter:card\" content=\"summary_large_image\" \/>\n<meta name=\"twitter:site\" content=\"@IEI_Ltd\" \/>\n<meta name=\"twitter:label1\" content=\"Est. reading time\" \/>\n\t<meta name=\"twitter:data1\" content=\"1 minute\" \/>\n<script type=\"application\/ld+json\" class=\"yoast-schema-graph\">{\"@context\":\"https:\/\/schema.org\",\"@graph\":[{\"@type\":\"WebPage\",\"@id\":\"https:\/\/ionexchangeglobal.com\/int\/de\/marktsegmente\/institutionen\/verteidigung\/\",\"url\":\"https:\/\/ionexchangeglobal.com\/int\/de\/marktsegmente\/institutionen\/verteidigung\/\",\"name\":\"Verteidigung - Ion Exchange\",\"isPartOf\":{\"@id\":\"https:\/\/ionexchangeglobal.com\/int\/#website\"},\"datePublished\":\"2022-04-08T12:28:53+00:00\",\"dateModified\":\"2023-12-18T04:43:50+00:00\",\"breadcrumb\":{\"@id\":\"https:\/\/ionexchangeglobal.com\/int\/de\/marktsegmente\/institutionen\/verteidigung\/#breadcrumb\"},\"inLanguage\":\"en-US\",\"potentialAction\":[{\"@type\":\"ReadAction\",\"target\":[\"https:\/\/ionexchangeglobal.com\/int\/de\/marktsegmente\/institutionen\/verteidigung\/\"]}]},{\"@type\":\"BreadcrumbList\",\"@id\":\"https:\/\/ionexchangeglobal.com\/int\/de\/marktsegmente\/institutionen\/verteidigung\/#breadcrumb\",\"itemListElement\":[{\"@type\":\"ListItem\",\"position\":1,\"name\":\"Home\",\"item\":\"https:\/\/ionexchangeglobal.com\/int\/pt\/pagina-inicial\/\"},{\"@type\":\"ListItem\",\"position\":2,\"name\":\"MARKTSEGMENTE\",\"item\":\"https:\/\/ionexchangeglobal.com\/int\/de\/marktsegmente\/\"},{\"@type\":\"ListItem\",\"position\":3,\"name\":\"Institutionen\",\"item\":\"https:\/\/ionexchangeglobal.com\/int\/de\/marktsegmente\/institutionen\/\"},{\"@type\":\"ListItem\",\"position\":4,\"name\":\"Verteidigung\"}]},{\"@type\":\"WebSite\",\"@id\":\"https:\/\/ionexchangeglobal.com\/int\/#website\",\"url\":\"https:\/\/ionexchangeglobal.com\/int\/\",\"name\":\"Ion Exchange\",\"description\":\"Refreshing the Planet\",\"publisher\":{\"@id\":\"https:\/\/ionexchangeglobal.com\/int\/#organization\"},\"potentialAction\":[{\"@type\":\"SearchAction\",\"target\":{\"@type\":\"EntryPoint\",\"urlTemplate\":\"https:\/\/ionexchangeglobal.com\/int\/?s={search_term_string}\"},\"query-input\":\"required name=search_term_string\"}],\"inLanguage\":\"en-US\"},{\"@type\":\"Organization\",\"@id\":\"https:\/\/ionexchangeglobal.com\/int\/#organization\",\"name\":\"Ion Exchange\",\"url\":\"https:\/\/ionexchangeglobal.com\/int\/\",\"logo\":{\"@type\":\"ImageObject\",\"inLanguage\":\"en-US\",\"@id\":\"https:\/\/ionexchangeglobal.com\/int\/#\/schema\/logo\/image\/\",\"url\":\"http:\/\/localhost:8000\/app\/uploads\/2022\/05\/ion-logo-1.webp\",\"contentUrl\":\"http:\/\/localhost:8000\/app\/uploads\/2022\/05\/ion-logo-1.webp\",\"width\":1,\"height\":1,\"caption\":\"Ion Exchange\"},\"image\":{\"@id\":\"https:\/\/ionexchangeglobal.com\/int\/#\/schema\/logo\/image\/\"},\"sameAs\":[\"https:\/\/www.facebook.com\/IONEXCHANGE\",\"https:\/\/twitter.com\/IEI_Ltd\",\"https:\/\/www.youtube.com\/channel\/UCqSuT-yd40I7RZ4p5UXuKbA\/videos\"]}]}<\/script>\n<!-- \/ Yoast SEO plugin. -->","yoast_head_json":{"title":"Verteidigung - Ion Exchange","robots":{"index":"index","follow":"follow","max-snippet":"max-snippet:-1","max-image-preview":"max-image-preview:large","max-video-preview":"max-video-preview:-1"},"canonical":"https:\/\/ionexchangeglobal.com\/int\/de\/marktsegmente\/institutionen\/verteidigung\/","og_locale":"en_US","og_type":"article","og_title":"Verteidigung - Ion Exchange","og_description":"Sicherstellung der Wasserqualit\u00e4t Unsere Wasser- und Umweltmanagementl\u00f6sungen decken alle Bereiche der Wasser- und Versorgungswirtschaft ab und stellen die Wasserqualit\u00e4t sicher, die f\u00fcr jeden Verwendungszweck erforderlich ist \u2013 Trinkwasser, Kochen, Baden, W\u00e4schewaschen, Klimatisierung und Gartenarbeit. Dar\u00fcber hinaus sind wir der gr\u00f6\u00dfte Anbieter von mobilen Wasseraufbereitungsanlagen, die zur Trinkwasserversorgung in Gebieten eingesetzt werden, die von Naturkatastrophen \u2013&hellip;","og_url":"https:\/\/ionexchangeglobal.com\/int\/de\/marktsegmente\/institutionen\/verteidigung\/","og_site_name":"Ion Exchange","article_publisher":"https:\/\/www.facebook.com\/IONEXCHANGE","article_modified_time":"2023-12-18T04:43:50+00:00","og_image":[{"url":"https:\/\/ionexchangeglobal.com\/int\/wp-content\/uploads\/2022\/05\/defense-banner.webp","width":1,"height":1,"type":"image\/webp"}],"twitter_card":"summary_large_image","twitter_site":"@IEI_Ltd","twitter_misc":{"Est. reading time":"1 minute"},"schema":{"@context":"https:\/\/schema.org","@graph":[{"@type":"WebPage","@id":"https:\/\/ionexchangeglobal.com\/int\/de\/marktsegmente\/institutionen\/verteidigung\/","url":"https:\/\/ionexchangeglobal.com\/int\/de\/marktsegmente\/institutionen\/verteidigung\/","name":"Verteidigung - Ion Exchange","isPartOf":{"@id":"https:\/\/ionexchangeglobal.com\/int\/#website"},"datePublished":"2022-04-08T12:28:53+00:00","dateModified":"2023-12-18T04:43:50+00:00","breadcrumb":{"@id":"https:\/\/ionexchangeglobal.com\/int\/de\/marktsegmente\/institutionen\/verteidigung\/#breadcrumb"},"inLanguage":"en-US","potentialAction":[{"@type":"ReadAction","target":["https:\/\/ionexchangeglobal.com\/int\/de\/marktsegmente\/institutionen\/verteidigung\/"]}]},{"@type":"BreadcrumbList","@id":"https:\/\/ionexchangeglobal.com\/int\/de\/marktsegmente\/institutionen\/verteidigung\/#breadcrumb","itemListElement":[{"@type":"ListItem","position":1,"name":"Home","item":"https:\/\/ionexchangeglobal.com\/int\/pt\/pagina-inicial\/"},{"@type":"ListItem","position":2,"name":"MARKTSEGMENTE","item":"https:\/\/ionexchangeglobal.com\/int\/de\/marktsegmente\/"},{"@type":"ListItem","position":3,"name":"Institutionen","item":"https:\/\/ionexchangeglobal.com\/int\/de\/marktsegmente\/institutionen\/"},{"@type":"ListItem","position":4,"name":"Verteidigung"}]},{"@type":"WebSite","@id":"https:\/\/ionexchangeglobal.com\/int\/#website","url":"https:\/\/ionexchangeglobal.com\/int\/","name":"Ion Exchange","description":"Refreshing the Planet","publisher":{"@id":"https:\/\/ionexchangeglobal.com\/int\/#organization"},"potentialAction":[{"@type":"SearchAction","target":{"@type":"EntryPoint","urlTemplate":"https:\/\/ionexchangeglobal.com\/int\/?s={search_term_string}"},"query-input":"required name=search_term_string"}],"inLanguage":"en-US"},{"@type":"Organization","@id":"https:\/\/ionexchangeglobal.com\/int\/#organization","name":"Ion Exchange","url":"https:\/\/ionexchangeglobal.com\/int\/","logo":{"@type":"ImageObject","inLanguage":"en-US","@id":"https:\/\/ionexchangeglobal.com\/int\/#\/schema\/logo\/image\/","url":"http:\/\/localhost:8000\/app\/uploads\/2022\/05\/ion-logo-1.webp","contentUrl":"http:\/\/localhost:8000\/app\/uploads\/2022\/05\/ion-logo-1.webp","width":1,"height":1,"caption":"Ion Exchange"},"image":{"@id":"https:\/\/ionexchangeglobal.com\/int\/#\/schema\/logo\/image\/"},"sameAs":["https:\/\/www.facebook.com\/IONEXCHANGE","https:\/\/twitter.com\/IEI_Ltd","https:\/\/www.youtube.com\/channel\/UCqSuT-yd40I7RZ4p5UXuKbA\/videos"]}]}},"lang":"de","translations":{"de":44970,"ko":41593,"en":23531,"pt":35602,"it":40461,"ru":39263,"ar":41599,"fr":44457,"ja":46178,"zh":47749},"pll_sync_post":[],"_links":{"self":[{"href":"https:\/\/ionexchangeglobal.com\/int\/wp-json\/wp\/v2\/pages\/44970"}],"collection":[{"href":"https:\/\/ionexchangeglobal.com\/int\/wp-json\/wp\/v2\/pages"}],"about":[{"href":"https:\/\/ionexchangeglobal.com\/int\/wp-json\/wp\/v2\/types\/page"}],"author":[{"embeddable":true,"href":"https:\/\/ionexchangeglobal.com\/int\/wp-json\/wp\/v2\/users\/9"}],"replies":[{"embeddable":true,"href":"https:\/\/ionexchangeglobal.com\/int\/wp-json\/wp\/v2\/comments?post=44970"}],"version-history":[{"count":4,"href":"https:\/\/ionexchangeglobal.com\/int\/wp-json\/wp\/v2\/pages\/44970\/revisions"}],"predecessor-version":[{"id":44977,"href":"https:\/\/ionexchangeglobal.com\/int\/wp-json\/wp\/v2\/pages\/44970\/revisions\/44977"}],"up":[{"embeddable":true,"href":"https:\/\/ionexchangeglobal.com\/int\/wp-json\/wp\/v2\/pages\/44513"}],"wp:featuredmedia":[{"embeddable":true,"href":"https:\/\/ionexchangeglobal.com\/int\/wp-json\/wp\/v2\/media\/27120"}],"wp:attachment":[{"href":"https:\/\/ionexchangeglobal.com\/int\/wp-json\/wp\/v2\/media?parent=44970"}],"curies":[{"name":"wp","href":"https:\/\/api.w.org\/{rel}","templated":true}]}}