{"id":44960,"date":"2022-04-08T12:11:59","date_gmt":"2022-04-08T12:11:59","guid":{"rendered":"https:\/\/ionexchangeglobal.com\/int\/?page_id=44960"},"modified":"2023-12-17T19:00:18","modified_gmt":"2023-12-17T13:30:18","slug":"krankenhaeuser","status":"publish","type":"page","link":"https:\/\/ionexchangeglobal.com\/int\/de\/krankenhaeuser\/","title":{"rendered":"Krankenh\u00e4user"},"content":{"rendered":"\t\t<div data-elementor-type=\"wp-page\" data-elementor-id=\"44960\" data-post-id=\"44960\" data-obj-id=\"44960\" class=\"elementor elementor-44960 dce-elementor-post-44960\">\n\t\t\t\t\t\t<div class=\"elementor-inner\">\n\t\t\t\t<div class=\"elementor-section-wrap\">\n\t\t\t\t\t\t\t\t\t<section class=\"has_ma_el_bg_slider elementor-section elementor-top-section elementor-element elementor-element-d38930a elementor-section-full_width elementor-section-height-default elementor-section-height-default jltma-glass-effect-no\" data-id=\"d38930a\" data-element_type=\"section\">\n\t\t\t\t\t\t<div class=\"elementor-container elementor-column-gap-default\">\n\t\t\t\t\t\t\t<div class=\"elementor-row\">\n\t\t\t\t\t<div class=\"has_ma_el_bg_slider elementor-column elementor-col-100 elementor-top-column elementor-element elementor-element-53cb777 jltma-glass-effect-no\" data-id=\"53cb777\" data-element_type=\"column\">\n\t\t\t<div class=\"elementor-column-wrap elementor-element-populated\">\n\t\t\t\t\t\t\t<div class=\"elementor-widget-wrap\">\n\t\t\t\t\t\t<section class=\"has_ma_el_bg_slider elementor-section elementor-inner-section elementor-element elementor-element-b1b9326 elementor-section-boxed elementor-section-height-default elementor-section-height-default jltma-glass-effect-no\" data-id=\"b1b9326\" data-element_type=\"section\">\n\t\t\t\t\t\t<div class=\"elementor-container elementor-column-gap-default\">\n\t\t\t\t\t\t\t<div class=\"elementor-row\">\n\t\t\t\t\t<div class=\"has_ma_el_bg_slider elementor-column elementor-col-100 elementor-inner-column elementor-element elementor-element-2cf5e39 jltma-glass-effect-no\" data-id=\"2cf5e39\" data-element_type=\"column\">\n\t\t\t<div class=\"elementor-column-wrap elementor-element-populated\">\n\t\t\t\t\t\t\t<div class=\"elementor-widget-wrap\">\n\t\t\t\t\t\t<div class=\"elementor-element elementor-element-729995d jltma-glass-effect-no elementor-widget elementor-widget-heading\" data-id=\"729995d\" data-element_type=\"widget\" data-widget_type=\"heading.default\">\n\t\t\t\t<div class=\"elementor-widget-container\">\n\t\t\t<h2 class=\"elementor-heading-title elementor-size-default\">Die Komplettl\u00f6sung f\u00fcr Krankenh\u00e4user<\/h2>\t\t<\/div>\n\t\t\t\t<\/div>\n\t\t\t\t<div class=\"elementor-element elementor-element-14968ab jltma-glass-effect-no elementor-widget elementor-widget-text-editor\" data-id=\"14968ab\" data-element_type=\"widget\" data-widget_type=\"text-editor.default\">\n\t\t\t\t<div class=\"elementor-widget-container\">\n\t\t\t\t\t\t\t\t<div class=\"elementor-text-editor elementor-clearfix\">\n\t\t\t\t<p>Ob es sich um Wasser f\u00fcr die Dialyse, die Wiederverwendung und Analyse von Sterilisatoren, Laboranwendungen f\u00fcr Boiler und Komfortk\u00fchlung oder um Trinkwasser und K\u00fcchen\/Vorratskammern handelt, unsere Aufbereitungssysteme liefern Wasser in der richtigen Qualit\u00e4t f\u00fcr alle Anwendungen. Wir helfen auch bei der Abfallbehandlung durch effektives Abwassermanagement und Abfall-Energie-L\u00f6sungen und tragen so dazu bei, Wasser f\u00fcr Toilettensp\u00fclungen, Bodenreinigung, Gartenarbeit usw. bereitzustellen und Kosten f\u00fcr den Wasserbedarf zu sparen.<\/p>\t\t\t\t\t<\/div>\n\t\t\t\t\t\t<\/div>\n\t\t\t\t<\/div>\n\t\t\t\t<div class=\"elementor-element elementor-element-44e125b jltma-glass-effect-no elementor-widget elementor-widget-text-editor\" data-id=\"44e125b\" data-element_type=\"widget\" data-widget_type=\"text-editor.default\">\n\t\t\t\t<div class=\"elementor-widget-container\">\n\t\t\t\t\t\t\t\t<div class=\"elementor-text-editor elementor-clearfix\">\n\t\t\t\t<p>Indion HEMO bietet mit seinen einzigartigen Eigenschaften hochreines Wasser, das dem AAMI-Standard f\u00fcr eine sichere und wirksame Behandlung mit k\u00fcnstlicher Nierendialyse entspricht. Indon HEMO behandelt Wasser in mehreren Schritten, um reines Wasser bereitzustellen und einen vollst\u00e4ndigen Schutz zur Beseitigung von Mikroorganismen zu bieten.<\/p>\t\t\t\t\t<\/div>\n\t\t\t\t\t\t<\/div>\n\t\t\t\t<\/div>\n\t\t\t\t\t\t<\/div>\n\t\t\t\t\t<\/div>\n\t\t<\/div>\n\t\t\t\t\t\t\t\t<\/div>\n\t\t\t\t\t<\/div>\n\t\t<\/section>\n\t\t\t\t\t\t<\/div>\n\t\t\t\t\t<\/div>\n\t\t<\/div>\n\t\t\t\t\t\t\t\t<\/div>\n\t\t\t\t\t<\/div>\n\t\t<\/section>\n\t\t\t\t<section class=\"has_ma_el_bg_slider elementor-section elementor-top-section elementor-element elementor-element-99db8f6 elementor-section-boxed elementor-section-height-default elementor-section-height-default jltma-glass-effect-no\" data-id=\"99db8f6\" data-element_type=\"section\">\n\t\t\t\t\t\t<div class=\"elementor-container elementor-column-gap-default\">\n\t\t\t\t\t\t\t<div class=\"elementor-row\">\n\t\t\t\t\t<div class=\"has_ma_el_bg_slider elementor-column elementor-col-50 elementor-top-column elementor-element elementor-element-0bdf057 jltma-glass-effect-no\" data-id=\"0bdf057\" data-element_type=\"column\">\n\t\t\t<div class=\"elementor-column-wrap elementor-element-populated\">\n\t\t\t\t\t\t\t<div class=\"elementor-widget-wrap\">\n\t\t\t\t\t\t<section class=\"has_ma_el_bg_slider elementor-section elementor-inner-section elementor-element elementor-element-a9616e7 elementor-section-boxed elementor-section-height-default elementor-section-height-default jltma-glass-effect-no\" data-id=\"a9616e7\" data-element_type=\"section\">\n\t\t\t\t\t\t<div class=\"elementor-container elementor-column-gap-default\">\n\t\t\t\t\t\t\t<div class=\"elementor-row\">\n\t\t\t\t\t<div class=\"has_ma_el_bg_slider elementor-column elementor-col-100 elementor-inner-column elementor-element elementor-element-b27b7d0 box-shadow jltma-glass-effect-no\" data-id=\"b27b7d0\" data-element_type=\"column\">\n\t\t\t<div class=\"elementor-column-wrap elementor-element-populated\">\n\t\t\t\t\t\t\t<div class=\"elementor-widget-wrap\">\n\t\t\t\t\t\t<div class=\"elementor-element elementor-element-29d66e9 dce_masking-none jltma-glass-effect-no elementor-widget elementor-widget-image\" data-id=\"29d66e9\" data-element_type=\"widget\" data-widget_type=\"image.default\">\n\t\t\t\t<div class=\"elementor-widget-container\">\n\t\t\t\t\t\t\t\t<div class=\"elementor-image\">\n\t\t\t\t\t\t\t\t\t\t\t\t<img decoding=\"async\" width=\"212\" height=\"300\" src=\"https:\/\/ionexchangeglobal.com\/int\/wp-content\/uploads\/2022\/06\/hemo-212x300.jpg\" class=\"elementor-animation-grow attachment-medium size-medium wp-image-28261\" alt=\"water recycle services provider\" srcset=\"https:\/\/ionexchangeglobal.com\/int\/wp-content\/uploads\/2022\/06\/hemo-212x300.jpg 212w, https:\/\/ionexchangeglobal.com\/int\/wp-content\/uploads\/2022\/06\/hemo.jpg 220w\" sizes=\"(max-width: 212px) 100vw, 212px\" loading=\"lazy\" \/>\t\t\t\t\t\t\t\t\t\t\t\t\t\t<\/div>\n\t\t\t\t\t\t<\/div>\n\t\t\t\t<\/div>\n\t\t\t\t<div data-dce-background-color=\"#009ADC\" class=\"elementor-element elementor-element-6b7d2be elementor-align-center jltma-glass-effect-no elementor-widget elementor-widget-button\" data-id=\"6b7d2be\" data-element_type=\"widget\" data-widget_type=\"button.default\">\n\t\t\t\t<div class=\"elementor-widget-container\">\n\t\t\t\t\t<div class=\"elementor-button-wrapper\">\n\t\t\t<a class=\"elementor-button elementor-button-link elementor-size-sm\" href=\"https:\/\/ionexchangeglobal.com\/app\/uploads\/2022\/06\/Indion-Hemo-Ultrapure-Water-for-Artificial-Kidney-Dialysis_compressed.pdf\" target=\"_blank\">\n\t\t\t\t\t\t<span class=\"elementor-button-content-wrapper\">\n\t\t\t\t\t\t<span class=\"elementor-button-icon elementor-align-icon-right\">\n\t\t\t\t<i aria-hidden=\"true\" class=\"fas fa-file-download\"><\/i>\t\t\t<\/span>\n\t\t\t\t\t\t<span class=\"elementor-button-text\">Brosch\u00fcre herunterladen<\/span>\n\t\t<\/span>\n\t\t\t\t\t<\/a>\n\t\t<\/div>\n\t\t\t\t<\/div>\n\t\t\t\t<\/div>\n\t\t\t\t\t\t<\/div>\n\t\t\t\t\t<\/div>\n\t\t<\/div>\n\t\t\t\t\t\t\t\t<\/div>\n\t\t\t\t\t<\/div>\n\t\t<\/section>\n\t\t\t\t\t\t<\/div>\n\t\t\t\t\t<\/div>\n\t\t<\/div>\n\t\t\t\t<div class=\"has_ma_el_bg_slider elementor-column elementor-col-50 elementor-top-column elementor-element elementor-element-197526b jltma-glass-effect-no\" data-id=\"197526b\" data-element_type=\"column\">\n\t\t\t<div class=\"elementor-column-wrap elementor-element-populated\">\n\t\t\t\t\t\t\t<div class=\"elementor-widget-wrap\">\n\t\t\t\t\t\t<div class=\"elementor-element elementor-element-2c9272b jltma-glass-effect-no elementor-widget elementor-widget-heading\" data-id=\"2c9272b\" data-element_type=\"widget\" data-widget_type=\"heading.default\">\n\t\t\t\t<div class=\"elementor-widget-container\">\n\t\t\t<h2 class=\"elementor-heading-title elementor-size-default\">Unsere L\u00f6sungen umfassen<\/h2>\t\t<\/div>\n\t\t\t\t<\/div>\n\t\t\t\t<div class=\"elementor-element elementor-element-10ddb84 jltma-glass-effect-no elementor-widget elementor-widget-text-editor\" data-id=\"10ddb84\" data-element_type=\"widget\" data-widget_type=\"text-editor.default\">\n\t\t\t\t<div class=\"elementor-widget-container\">\n\t\t\t\t\t\t\t\t<div class=\"elementor-text-editor elementor-clearfix\">\n\t\t\t\t<ul><li>UV-Desinfektion<\/li><li>Elektroentionisierung<\/li><li>Umkehrosmose<\/li><li>Ultrafiltration<\/li><li>Entionisierung<\/li><li>Hochreine Dialyse<\/li><li>Reinstwasser f\u00fcr Labore (Laborwasser)<\/li><li>Waste-to-Energy-L\u00f6sungen<\/li><\/ul>\t\t\t\t\t<\/div>\n\t\t\t\t\t\t<\/div>\n\t\t\t\t<\/div>\n\t\t\t\t\t\t<\/div>\n\t\t\t\t\t<\/div>\n\t\t<\/div>\n\t\t\t\t\t\t\t\t<\/div>\n\t\t\t\t\t<\/div>\n\t\t<\/section>\n\t\t\t\t\t\t\t\t\t<\/div>\n\t\t\t<\/div>\n\t\t\t\t\t<\/div>\n\t\t","protected":false},"excerpt":{"rendered":"<p>Die Komplettl\u00f6sung f\u00fcr Krankenh\u00e4user Ob es sich um Wasser f\u00fcr die Dialyse, die Wiederverwendung und Analyse von Sterilisatoren, Laboranwendungen f\u00fcr Boiler und Komfortk\u00fchlung oder um Trinkwasser und K\u00fcchen\/Vorratskammern handelt, unsere Aufbereitungssysteme liefern Wasser in der richtigen Qualit\u00e4t f\u00fcr alle Anwendungen. Wir helfen auch bei der Abfallbehandlung durch effektives Abwassermanagement und Abfall-Energie-L\u00f6sungen und tragen so dazu&hellip;<\/p>\n","protected":false},"author":9,"featured_media":11749,"parent":0,"menu_order":0,"comment_status":"closed","ping_status":"closed","template":"elementor_header_footer","meta":{"inline_featured_image":false},"yoast_head":"<!-- This site is optimized with the Yoast SEO plugin v20.12 - https:\/\/yoast.com\/wordpress\/plugins\/seo\/ -->\n<title>Krankenh\u00e4user - Ion Exchange<\/title>\n<meta name=\"robots\" content=\"index, follow, max-snippet:-1, max-image-preview:large, max-video-preview:-1\" \/>\n<link rel=\"canonical\" href=\"https:\/\/ionexchangeglobal.com\/int\/de\/krankenhaeuser\/\" \/>\n<meta property=\"og:locale\" content=\"en_US\" \/>\n<meta property=\"og:type\" content=\"article\" \/>\n<meta property=\"og:title\" content=\"Krankenh\u00e4user - Ion Exchange\" \/>\n<meta property=\"og:description\" content=\"Die Komplettl\u00f6sung f\u00fcr Krankenh\u00e4user Ob es sich um Wasser f\u00fcr die Dialyse, die Wiederverwendung und Analyse von Sterilisatoren, Laboranwendungen f\u00fcr Boiler und Komfortk\u00fchlung oder um Trinkwasser und K\u00fcchen\/Vorratskammern handelt, unsere Aufbereitungssysteme liefern Wasser in der richtigen Qualit\u00e4t f\u00fcr alle Anwendungen. Wir helfen auch bei der Abfallbehandlung durch effektives Abwassermanagement und Abfall-Energie-L\u00f6sungen und tragen so dazu&hellip;\" \/>\n<meta property=\"og:url\" content=\"https:\/\/ionexchangeglobal.com\/int\/de\/krankenhaeuser\/\" \/>\n<meta property=\"og:site_name\" content=\"Ion Exchange\" \/>\n<meta property=\"article:publisher\" content=\"https:\/\/www.facebook.com\/IONEXCHANGE\" \/>\n<meta property=\"article:modified_time\" content=\"2023-12-17T13:30:18+00:00\" \/>\n<meta property=\"og:image\" content=\"https:\/\/ionexchangeglobal.com\/int\/wp-content\/uploads\/2021\/09\/23.jpg\" \/>\n\t<meta property=\"og:image:width\" content=\"626\" \/>\n\t<meta property=\"og:image:height\" content=\"417\" \/>\n\t<meta property=\"og:image:type\" content=\"image\/jpeg\" \/>\n<meta name=\"twitter:card\" content=\"summary_large_image\" \/>\n<meta name=\"twitter:site\" content=\"@IEI_Ltd\" \/>\n<meta name=\"twitter:label1\" content=\"Est. reading time\" \/>\n\t<meta name=\"twitter:data1\" content=\"1 minute\" \/>\n<script type=\"application\/ld+json\" class=\"yoast-schema-graph\">{\"@context\":\"https:\/\/schema.org\",\"@graph\":[{\"@type\":\"WebPage\",\"@id\":\"https:\/\/ionexchangeglobal.com\/int\/de\/krankenhaeuser\/\",\"url\":\"https:\/\/ionexchangeglobal.com\/int\/de\/krankenhaeuser\/\",\"name\":\"Krankenh\u00e4user - Ion Exchange\",\"isPartOf\":{\"@id\":\"https:\/\/ionexchangeglobal.com\/int\/#website\"},\"datePublished\":\"2022-04-08T12:11:59+00:00\",\"dateModified\":\"2023-12-17T13:30:18+00:00\",\"breadcrumb\":{\"@id\":\"https:\/\/ionexchangeglobal.com\/int\/de\/krankenhaeuser\/#breadcrumb\"},\"inLanguage\":\"en-US\",\"potentialAction\":[{\"@type\":\"ReadAction\",\"target\":[\"https:\/\/ionexchangeglobal.com\/int\/de\/krankenhaeuser\/\"]}]},{\"@type\":\"BreadcrumbList\",\"@id\":\"https:\/\/ionexchangeglobal.com\/int\/de\/krankenhaeuser\/#breadcrumb\",\"itemListElement\":[{\"@type\":\"ListItem\",\"position\":1,\"name\":\"Home\",\"item\":\"https:\/\/ionexchangeglobal.com\/int\/pt\/pagina-inicial\/\"},{\"@type\":\"ListItem\",\"position\":2,\"name\":\"Krankenh\u00e4user\"}]},{\"@type\":\"WebSite\",\"@id\":\"https:\/\/ionexchangeglobal.com\/int\/#website\",\"url\":\"https:\/\/ionexchangeglobal.com\/int\/\",\"name\":\"Ion Exchange\",\"description\":\"Refreshing the Planet\",\"publisher\":{\"@id\":\"https:\/\/ionexchangeglobal.com\/int\/#organization\"},\"potentialAction\":[{\"@type\":\"SearchAction\",\"target\":{\"@type\":\"EntryPoint\",\"urlTemplate\":\"https:\/\/ionexchangeglobal.com\/int\/?s={search_term_string}\"},\"query-input\":\"required name=search_term_string\"}],\"inLanguage\":\"en-US\"},{\"@type\":\"Organization\",\"@id\":\"https:\/\/ionexchangeglobal.com\/int\/#organization\",\"name\":\"Ion Exchange\",\"url\":\"https:\/\/ionexchangeglobal.com\/int\/\",\"logo\":{\"@type\":\"ImageObject\",\"inLanguage\":\"en-US\",\"@id\":\"https:\/\/ionexchangeglobal.com\/int\/#\/schema\/logo\/image\/\",\"url\":\"http:\/\/localhost:8000\/app\/uploads\/2022\/05\/ion-logo-1.webp\",\"contentUrl\":\"http:\/\/localhost:8000\/app\/uploads\/2022\/05\/ion-logo-1.webp\",\"width\":1,\"height\":1,\"caption\":\"Ion Exchange\"},\"image\":{\"@id\":\"https:\/\/ionexchangeglobal.com\/int\/#\/schema\/logo\/image\/\"},\"sameAs\":[\"https:\/\/www.facebook.com\/IONEXCHANGE\",\"https:\/\/twitter.com\/IEI_Ltd\",\"https:\/\/www.youtube.com\/channel\/UCqSuT-yd40I7RZ4p5UXuKbA\/videos\"]}]}<\/script>\n<!-- \/ Yoast SEO plugin. -->","yoast_head_json":{"title":"Krankenh\u00e4user - Ion Exchange","robots":{"index":"index","follow":"follow","max-snippet":"max-snippet:-1","max-image-preview":"max-image-preview:large","max-video-preview":"max-video-preview:-1"},"canonical":"https:\/\/ionexchangeglobal.com\/int\/de\/krankenhaeuser\/","og_locale":"en_US","og_type":"article","og_title":"Krankenh\u00e4user - Ion Exchange","og_description":"Die Komplettl\u00f6sung f\u00fcr Krankenh\u00e4user Ob es sich um Wasser f\u00fcr die Dialyse, die Wiederverwendung und Analyse von Sterilisatoren, Laboranwendungen f\u00fcr Boiler und Komfortk\u00fchlung oder um Trinkwasser und K\u00fcchen\/Vorratskammern handelt, unsere Aufbereitungssysteme liefern Wasser in der richtigen Qualit\u00e4t f\u00fcr alle Anwendungen. Wir helfen auch bei der Abfallbehandlung durch effektives Abwassermanagement und Abfall-Energie-L\u00f6sungen und tragen so dazu&hellip;","og_url":"https:\/\/ionexchangeglobal.com\/int\/de\/krankenhaeuser\/","og_site_name":"Ion Exchange","article_publisher":"https:\/\/www.facebook.com\/IONEXCHANGE","article_modified_time":"2023-12-17T13:30:18+00:00","og_image":[{"width":626,"height":417,"url":"https:\/\/ionexchangeglobal.com\/int\/wp-content\/uploads\/2021\/09\/23.jpg","type":"image\/jpeg"}],"twitter_card":"summary_large_image","twitter_site":"@IEI_Ltd","twitter_misc":{"Est. reading time":"1 minute"},"schema":{"@context":"https:\/\/schema.org","@graph":[{"@type":"WebPage","@id":"https:\/\/ionexchangeglobal.com\/int\/de\/krankenhaeuser\/","url":"https:\/\/ionexchangeglobal.com\/int\/de\/krankenhaeuser\/","name":"Krankenh\u00e4user - Ion Exchange","isPartOf":{"@id":"https:\/\/ionexchangeglobal.com\/int\/#website"},"datePublished":"2022-04-08T12:11:59+00:00","dateModified":"2023-12-17T13:30:18+00:00","breadcrumb":{"@id":"https:\/\/ionexchangeglobal.com\/int\/de\/krankenhaeuser\/#breadcrumb"},"inLanguage":"en-US","potentialAction":[{"@type":"ReadAction","target":["https:\/\/ionexchangeglobal.com\/int\/de\/krankenhaeuser\/"]}]},{"@type":"BreadcrumbList","@id":"https:\/\/ionexchangeglobal.com\/int\/de\/krankenhaeuser\/#breadcrumb","itemListElement":[{"@type":"ListItem","position":1,"name":"Home","item":"https:\/\/ionexchangeglobal.com\/int\/pt\/pagina-inicial\/"},{"@type":"ListItem","position":2,"name":"Krankenh\u00e4user"}]},{"@type":"WebSite","@id":"https:\/\/ionexchangeglobal.com\/int\/#website","url":"https:\/\/ionexchangeglobal.com\/int\/","name":"Ion Exchange","description":"Refreshing the Planet","publisher":{"@id":"https:\/\/ionexchangeglobal.com\/int\/#organization"},"potentialAction":[{"@type":"SearchAction","target":{"@type":"EntryPoint","urlTemplate":"https:\/\/ionexchangeglobal.com\/int\/?s={search_term_string}"},"query-input":"required name=search_term_string"}],"inLanguage":"en-US"},{"@type":"Organization","@id":"https:\/\/ionexchangeglobal.com\/int\/#organization","name":"Ion Exchange","url":"https:\/\/ionexchangeglobal.com\/int\/","logo":{"@type":"ImageObject","inLanguage":"en-US","@id":"https:\/\/ionexchangeglobal.com\/int\/#\/schema\/logo\/image\/","url":"http:\/\/localhost:8000\/app\/uploads\/2022\/05\/ion-logo-1.webp","contentUrl":"http:\/\/localhost:8000\/app\/uploads\/2022\/05\/ion-logo-1.webp","width":1,"height":1,"caption":"Ion Exchange"},"image":{"@id":"https:\/\/ionexchangeglobal.com\/int\/#\/schema\/logo\/image\/"},"sameAs":["https:\/\/www.facebook.com\/IONEXCHANGE","https:\/\/twitter.com\/IEI_Ltd","https:\/\/www.youtube.com\/channel\/UCqSuT-yd40I7RZ4p5UXuKbA\/videos"]}]}},"lang":"de","translations":{"de":44960,"ko":46840,"pt":35620,"it":40439,"fr":44446,"ru":39280,"ja":46176,"zh":41638,"ar":41645},"pll_sync_post":[],"_links":{"self":[{"href":"https:\/\/ionexchangeglobal.com\/int\/wp-json\/wp\/v2\/pages\/44960"}],"collection":[{"href":"https:\/\/ionexchangeglobal.com\/int\/wp-json\/wp\/v2\/pages"}],"about":[{"href":"https:\/\/ionexchangeglobal.com\/int\/wp-json\/wp\/v2\/types\/page"}],"author":[{"embeddable":true,"href":"https:\/\/ionexchangeglobal.com\/int\/wp-json\/wp\/v2\/users\/9"}],"replies":[{"embeddable":true,"href":"https:\/\/ionexchangeglobal.com\/int\/wp-json\/wp\/v2\/comments?post=44960"}],"version-history":[{"count":4,"href":"https:\/\/ionexchangeglobal.com\/int\/wp-json\/wp\/v2\/pages\/44960\/revisions"}],"predecessor-version":[{"id":44967,"href":"https:\/\/ionexchangeglobal.com\/int\/wp-json\/wp\/v2\/pages\/44960\/revisions\/44967"}],"wp:featuredmedia":[{"embeddable":true,"href":"https:\/\/ionexchangeglobal.com\/int\/wp-json\/wp\/v2\/media\/11749"}],"wp:attachment":[{"href":"https:\/\/ionexchangeglobal.com\/int\/wp-json\/wp\/v2\/media?parent=44960"}],"curies":[{"name":"wp","href":"https:\/\/api.w.org\/{rel}","templated":true}]}}