{"id":44952,"date":"2021-10-26T11:13:20","date_gmt":"2021-10-26T11:13:20","guid":{"rendered":"https:\/\/ionexchangeglobal.com\/int\/?page_id=44952"},"modified":"2023-12-17T18:55:32","modified_gmt":"2023-12-17T13:25:32","slug":"lehrreich","status":"publish","type":"page","link":"https:\/\/ionexchangeglobal.com\/int\/de\/marktsegmente\/institutionen\/lehrreich\/","title":{"rendered":"Lehrreich"},"content":{"rendered":"\t\t<div data-elementor-type=\"wp-page\" data-elementor-id=\"44952\" data-post-id=\"44952\" data-obj-id=\"44952\" class=\"elementor elementor-44952 dce-elementor-post-44952\">\n\t\t\t\t\t\t<div class=\"elementor-inner\">\n\t\t\t\t<div class=\"elementor-section-wrap\">\n\t\t\t\t\t\t\t\t\t<section class=\"has_ma_el_bg_slider elementor-section elementor-top-section elementor-element elementor-element-6875aec elementor-section-full_width elementor-section-height-default elementor-section-height-default jltma-glass-effect-no\" data-id=\"6875aec\" data-element_type=\"section\">\n\t\t\t\t\t\t<div class=\"elementor-container elementor-column-gap-default\">\n\t\t\t\t\t\t\t<div class=\"elementor-row\">\n\t\t\t\t\t<div class=\"has_ma_el_bg_slider elementor-column elementor-col-100 elementor-top-column elementor-element elementor-element-8d23a45 jltma-glass-effect-no\" data-id=\"8d23a45\" data-element_type=\"column\">\n\t\t\t<div class=\"elementor-column-wrap elementor-element-populated\">\n\t\t\t\t\t\t\t<div class=\"elementor-widget-wrap\">\n\t\t\t\t\t\t<section class=\"has_ma_el_bg_slider elementor-section elementor-inner-section elementor-element elementor-element-7e83d73 elementor-section-boxed elementor-section-height-default elementor-section-height-default jltma-glass-effect-no\" data-id=\"7e83d73\" data-element_type=\"section\">\n\t\t\t\t\t\t<div class=\"elementor-container elementor-column-gap-default\">\n\t\t\t\t\t\t\t<div class=\"elementor-row\">\n\t\t\t\t\t<div class=\"has_ma_el_bg_slider elementor-column elementor-col-100 elementor-inner-column elementor-element elementor-element-f4f1560 jltma-glass-effect-no\" data-id=\"f4f1560\" data-element_type=\"column\">\n\t\t\t<div class=\"elementor-column-wrap elementor-element-populated\">\n\t\t\t\t\t\t\t<div class=\"elementor-widget-wrap\">\n\t\t\t\t\t\t<div class=\"elementor-element elementor-element-9d84922 jltma-glass-effect-no elementor-widget elementor-widget-heading\" data-id=\"9d84922\" data-element_type=\"widget\" data-widget_type=\"heading.default\">\n\t\t\t\t<div class=\"elementor-widget-container\">\n\t\t\t<h2 class=\"elementor-heading-title elementor-size-default\">Erf\u00fcllung der Wasser- und Sanit\u00e4ranforderungen der zuk\u00fcnftigen Generation<\/h2>\t\t<\/div>\n\t\t\t\t<\/div>\n\t\t\t\t<div class=\"elementor-element elementor-element-7ad0aa6 jltma-glass-effect-no elementor-widget elementor-widget-text-editor\" data-id=\"7ad0aa6\" data-element_type=\"widget\" data-widget_type=\"text-editor.default\">\n\t\t\t\t<div class=\"elementor-widget-container\">\n\t\t\t\t\t\t\t\t<div class=\"elementor-text-editor elementor-clearfix\">\n\t\t\t\t<p>Wir bieten ein umfassendes Sortiment aller Arten von Wasser- und Abwasseraufbereitungssystemen f\u00fcr akademische Einrichtungen, von l\u00e4ndlichen Schulen \u00fcber Hochschulen und Universit\u00e4ten bis hin zu Wohnheimen.<\/p>\t\t\t\t\t<\/div>\n\t\t\t\t\t\t<\/div>\n\t\t\t\t<\/div>\n\t\t\t\t\t\t<\/div>\n\t\t\t\t\t<\/div>\n\t\t<\/div>\n\t\t\t\t\t\t\t\t<\/div>\n\t\t\t\t\t<\/div>\n\t\t<\/section>\n\t\t\t\t\t\t<\/div>\n\t\t\t\t\t<\/div>\n\t\t<\/div>\n\t\t\t\t\t\t\t\t<\/div>\n\t\t\t\t\t<\/div>\n\t\t<\/section>\n\t\t\t\t<section class=\"has_ma_el_bg_slider elementor-section elementor-top-section elementor-element elementor-element-107138d elementor-section-boxed elementor-section-height-default elementor-section-height-default jltma-glass-effect-no\" data-id=\"107138d\" data-element_type=\"section\">\n\t\t\t\t\t\t<div class=\"elementor-container elementor-column-gap-default\">\n\t\t\t\t\t\t\t<div class=\"elementor-row\">\n\t\t\t\t\t<div class=\"has_ma_el_bg_slider elementor-column elementor-col-100 elementor-top-column elementor-element elementor-element-a947084 jltma-glass-effect-no\" data-id=\"a947084\" data-element_type=\"column\">\n\t\t\t<div class=\"elementor-column-wrap elementor-element-populated\">\n\t\t\t\t\t\t\t<div class=\"elementor-widget-wrap\">\n\t\t\t\t\t\t<div class=\"elementor-element elementor-element-c79b6c5 jltma-glass-effect-no elementor-widget elementor-widget-heading\" data-id=\"c79b6c5\" data-element_type=\"widget\" data-widget_type=\"heading.default\">\n\t\t\t\t<div class=\"elementor-widget-container\">\n\t\t\t<h2 class=\"elementor-heading-title elementor-size-default\">Unsere L\u00f6sungen umfassen<\/h2>\t\t<\/div>\n\t\t\t\t<\/div>\n\t\t\t\t<div class=\"elementor-element elementor-element-920995f jltma-glass-effect-no elementor-widget elementor-widget-text-editor\" data-id=\"920995f\" data-element_type=\"widget\" data-widget_type=\"text-editor.default\">\n\t\t\t\t<div class=\"elementor-widget-container\">\n\t\t\t\t\t\t\t\t<div class=\"elementor-text-editor elementor-clearfix\">\n\t\t\t\t<ul><li>Basis-Einsatzstelle f\u00fcr zentrale Trinkwasseraufbereitungsanlagen<\/li><li>Management von Heiz- und K\u00fchlwasserkreisl\u00e4ufen mit speziellen chemischen Aufbereitungsprogrammen<\/li><li>Abwasserbehandlung und Recycling<\/li><li>Waste-to-Energy-L\u00f6sungen<\/li><li>O&amp;M- und AMC-Vertr\u00e4ge, die den Betrieb, die Wartung und die Aufsicht des Kunden \u00fcberfl\u00fcssig machen<\/li><\/ul>\t\t\t\t\t<\/div>\n\t\t\t\t\t\t<\/div>\n\t\t\t\t<\/div>\n\t\t\t\t\t\t<\/div>\n\t\t\t\t\t<\/div>\n\t\t<\/div>\n\t\t\t\t\t\t\t\t<\/div>\n\t\t\t\t\t<\/div>\n\t\t<\/section>\n\t\t\t\t\t\t\t\t\t<\/div>\n\t\t\t<\/div>\n\t\t\t\t\t<\/div>\n\t\t","protected":false},"excerpt":{"rendered":"<p>Erf\u00fcllung der Wasser- und Sanit\u00e4ranforderungen der zuk\u00fcnftigen Generation Wir bieten ein umfassendes Sortiment aller Arten von Wasser- und Abwasseraufbereitungssystemen f\u00fcr akademische Einrichtungen, von l\u00e4ndlichen Schulen \u00fcber Hochschulen und Universit\u00e4ten bis hin zu Wohnheimen. Unsere L\u00f6sungen umfassen Basis-Einsatzstelle f\u00fcr zentrale Trinkwasseraufbereitungsanlagen Management von Heiz- und K\u00fchlwasserkreisl\u00e4ufen mit speziellen chemischen Aufbereitungsprogrammen Abwasserbehandlung und Recycling Waste-to-Energy-L\u00f6sungen O&amp;M- und&hellip;<\/p>\n","protected":false},"author":9,"featured_media":11781,"parent":44513,"menu_order":0,"comment_status":"closed","ping_status":"closed","template":"elementor_header_footer","meta":{"inline_featured_image":false},"yoast_head":"<!-- This site is optimized with the Yoast SEO plugin v20.12 - https:\/\/yoast.com\/wordpress\/plugins\/seo\/ -->\n<title>Lehrreich - Ion Exchange<\/title>\n<meta name=\"robots\" content=\"index, follow, max-snippet:-1, max-image-preview:large, max-video-preview:-1\" \/>\n<link rel=\"canonical\" href=\"https:\/\/ionexchangeglobal.com\/int\/de\/marktsegmente\/institutionen\/lehrreich\/\" \/>\n<meta property=\"og:locale\" content=\"en_US\" \/>\n<meta property=\"og:type\" content=\"article\" \/>\n<meta property=\"og:title\" content=\"Lehrreich - Ion Exchange\" \/>\n<meta property=\"og:description\" content=\"Erf\u00fcllung der Wasser- und Sanit\u00e4ranforderungen der zuk\u00fcnftigen Generation Wir bieten ein umfassendes Sortiment aller Arten von Wasser- und Abwasseraufbereitungssystemen f\u00fcr akademische Einrichtungen, von l\u00e4ndlichen Schulen \u00fcber Hochschulen und Universit\u00e4ten bis hin zu Wohnheimen. Unsere L\u00f6sungen umfassen Basis-Einsatzstelle f\u00fcr zentrale Trinkwasseraufbereitungsanlagen Management von Heiz- und K\u00fchlwasserkreisl\u00e4ufen mit speziellen chemischen Aufbereitungsprogrammen Abwasserbehandlung und Recycling Waste-to-Energy-L\u00f6sungen O&amp;M- und&hellip;\" \/>\n<meta property=\"og:url\" content=\"https:\/\/ionexchangeglobal.com\/int\/de\/marktsegmente\/institutionen\/lehrreich\/\" \/>\n<meta property=\"og:site_name\" content=\"Ion Exchange\" \/>\n<meta property=\"article:publisher\" content=\"https:\/\/www.facebook.com\/IONEXCHANGE\" \/>\n<meta property=\"article:modified_time\" content=\"2023-12-17T13:25:32+00:00\" \/>\n<meta property=\"og:image\" content=\"https:\/\/ionexchangeglobal.com\/int\/wp-content\/uploads\/2021\/09\/21.jpg\" \/>\n\t<meta property=\"og:image:width\" content=\"2000\" \/>\n\t<meta property=\"og:image:height\" content=\"1181\" \/>\n\t<meta property=\"og:image:type\" content=\"image\/jpeg\" \/>\n<meta name=\"twitter:card\" content=\"summary_large_image\" \/>\n<meta name=\"twitter:site\" content=\"@IEI_Ltd\" \/>\n<script type=\"application\/ld+json\" class=\"yoast-schema-graph\">{\"@context\":\"https:\/\/schema.org\",\"@graph\":[{\"@type\":\"WebPage\",\"@id\":\"https:\/\/ionexchangeglobal.com\/int\/de\/marktsegmente\/institutionen\/lehrreich\/\",\"url\":\"https:\/\/ionexchangeglobal.com\/int\/de\/marktsegmente\/institutionen\/lehrreich\/\",\"name\":\"Lehrreich - Ion Exchange\",\"isPartOf\":{\"@id\":\"https:\/\/ionexchangeglobal.com\/int\/#website\"},\"datePublished\":\"2021-10-26T11:13:20+00:00\",\"dateModified\":\"2023-12-17T13:25:32+00:00\",\"breadcrumb\":{\"@id\":\"https:\/\/ionexchangeglobal.com\/int\/de\/marktsegmente\/institutionen\/lehrreich\/#breadcrumb\"},\"inLanguage\":\"en-US\",\"potentialAction\":[{\"@type\":\"ReadAction\",\"target\":[\"https:\/\/ionexchangeglobal.com\/int\/de\/marktsegmente\/institutionen\/lehrreich\/\"]}]},{\"@type\":\"BreadcrumbList\",\"@id\":\"https:\/\/ionexchangeglobal.com\/int\/de\/marktsegmente\/institutionen\/lehrreich\/#breadcrumb\",\"itemListElement\":[{\"@type\":\"ListItem\",\"position\":1,\"name\":\"Home\",\"item\":\"https:\/\/ionexchangeglobal.com\/int\/pt\/pagina-inicial\/\"},{\"@type\":\"ListItem\",\"position\":2,\"name\":\"MARKTSEGMENTE\",\"item\":\"https:\/\/ionexchangeglobal.com\/int\/de\/marktsegmente\/\"},{\"@type\":\"ListItem\",\"position\":3,\"name\":\"Institutionen\",\"item\":\"https:\/\/ionexchangeglobal.com\/int\/de\/marktsegmente\/institutionen\/\"},{\"@type\":\"ListItem\",\"position\":4,\"name\":\"Lehrreich\"}]},{\"@type\":\"WebSite\",\"@id\":\"https:\/\/ionexchangeglobal.com\/int\/#website\",\"url\":\"https:\/\/ionexchangeglobal.com\/int\/\",\"name\":\"Ion Exchange\",\"description\":\"Refreshing the Planet\",\"publisher\":{\"@id\":\"https:\/\/ionexchangeglobal.com\/int\/#organization\"},\"potentialAction\":[{\"@type\":\"SearchAction\",\"target\":{\"@type\":\"EntryPoint\",\"urlTemplate\":\"https:\/\/ionexchangeglobal.com\/int\/?s={search_term_string}\"},\"query-input\":\"required name=search_term_string\"}],\"inLanguage\":\"en-US\"},{\"@type\":\"Organization\",\"@id\":\"https:\/\/ionexchangeglobal.com\/int\/#organization\",\"name\":\"Ion Exchange\",\"url\":\"https:\/\/ionexchangeglobal.com\/int\/\",\"logo\":{\"@type\":\"ImageObject\",\"inLanguage\":\"en-US\",\"@id\":\"https:\/\/ionexchangeglobal.com\/int\/#\/schema\/logo\/image\/\",\"url\":\"http:\/\/localhost:8000\/app\/uploads\/2022\/05\/ion-logo-1.webp\",\"contentUrl\":\"http:\/\/localhost:8000\/app\/uploads\/2022\/05\/ion-logo-1.webp\",\"width\":1,\"height\":1,\"caption\":\"Ion Exchange\"},\"image\":{\"@id\":\"https:\/\/ionexchangeglobal.com\/int\/#\/schema\/logo\/image\/\"},\"sameAs\":[\"https:\/\/www.facebook.com\/IONEXCHANGE\",\"https:\/\/twitter.com\/IEI_Ltd\",\"https:\/\/www.youtube.com\/channel\/UCqSuT-yd40I7RZ4p5UXuKbA\/videos\"]}]}<\/script>\n<!-- \/ Yoast SEO plugin. -->","yoast_head_json":{"title":"Lehrreich - Ion Exchange","robots":{"index":"index","follow":"follow","max-snippet":"max-snippet:-1","max-image-preview":"max-image-preview:large","max-video-preview":"max-video-preview:-1"},"canonical":"https:\/\/ionexchangeglobal.com\/int\/de\/marktsegmente\/institutionen\/lehrreich\/","og_locale":"en_US","og_type":"article","og_title":"Lehrreich - Ion Exchange","og_description":"Erf\u00fcllung der Wasser- und Sanit\u00e4ranforderungen der zuk\u00fcnftigen Generation Wir bieten ein umfassendes Sortiment aller Arten von Wasser- und Abwasseraufbereitungssystemen f\u00fcr akademische Einrichtungen, von l\u00e4ndlichen Schulen \u00fcber Hochschulen und Universit\u00e4ten bis hin zu Wohnheimen. Unsere L\u00f6sungen umfassen Basis-Einsatzstelle f\u00fcr zentrale Trinkwasseraufbereitungsanlagen Management von Heiz- und K\u00fchlwasserkreisl\u00e4ufen mit speziellen chemischen Aufbereitungsprogrammen Abwasserbehandlung und Recycling Waste-to-Energy-L\u00f6sungen O&amp;M- und&hellip;","og_url":"https:\/\/ionexchangeglobal.com\/int\/de\/marktsegmente\/institutionen\/lehrreich\/","og_site_name":"Ion Exchange","article_publisher":"https:\/\/www.facebook.com\/IONEXCHANGE","article_modified_time":"2023-12-17T13:25:32+00:00","og_image":[{"width":2000,"height":1181,"url":"https:\/\/ionexchangeglobal.com\/int\/wp-content\/uploads\/2021\/09\/21.jpg","type":"image\/jpeg"}],"twitter_card":"summary_large_image","twitter_site":"@IEI_Ltd","schema":{"@context":"https:\/\/schema.org","@graph":[{"@type":"WebPage","@id":"https:\/\/ionexchangeglobal.com\/int\/de\/marktsegmente\/institutionen\/lehrreich\/","url":"https:\/\/ionexchangeglobal.com\/int\/de\/marktsegmente\/institutionen\/lehrreich\/","name":"Lehrreich - Ion Exchange","isPartOf":{"@id":"https:\/\/ionexchangeglobal.com\/int\/#website"},"datePublished":"2021-10-26T11:13:20+00:00","dateModified":"2023-12-17T13:25:32+00:00","breadcrumb":{"@id":"https:\/\/ionexchangeglobal.com\/int\/de\/marktsegmente\/institutionen\/lehrreich\/#breadcrumb"},"inLanguage":"en-US","potentialAction":[{"@type":"ReadAction","target":["https:\/\/ionexchangeglobal.com\/int\/de\/marktsegmente\/institutionen\/lehrreich\/"]}]},{"@type":"BreadcrumbList","@id":"https:\/\/ionexchangeglobal.com\/int\/de\/marktsegmente\/institutionen\/lehrreich\/#breadcrumb","itemListElement":[{"@type":"ListItem","position":1,"name":"Home","item":"https:\/\/ionexchangeglobal.com\/int\/pt\/pagina-inicial\/"},{"@type":"ListItem","position":2,"name":"MARKTSEGMENTE","item":"https:\/\/ionexchangeglobal.com\/int\/de\/marktsegmente\/"},{"@type":"ListItem","position":3,"name":"Institutionen","item":"https:\/\/ionexchangeglobal.com\/int\/de\/marktsegmente\/institutionen\/"},{"@type":"ListItem","position":4,"name":"Lehrreich"}]},{"@type":"WebSite","@id":"https:\/\/ionexchangeglobal.com\/int\/#website","url":"https:\/\/ionexchangeglobal.com\/int\/","name":"Ion Exchange","description":"Refreshing the Planet","publisher":{"@id":"https:\/\/ionexchangeglobal.com\/int\/#organization"},"potentialAction":[{"@type":"SearchAction","target":{"@type":"EntryPoint","urlTemplate":"https:\/\/ionexchangeglobal.com\/int\/?s={search_term_string}"},"query-input":"required name=search_term_string"}],"inLanguage":"en-US"},{"@type":"Organization","@id":"https:\/\/ionexchangeglobal.com\/int\/#organization","name":"Ion Exchange","url":"https:\/\/ionexchangeglobal.com\/int\/","logo":{"@type":"ImageObject","inLanguage":"en-US","@id":"https:\/\/ionexchangeglobal.com\/int\/#\/schema\/logo\/image\/","url":"http:\/\/localhost:8000\/app\/uploads\/2022\/05\/ion-logo-1.webp","contentUrl":"http:\/\/localhost:8000\/app\/uploads\/2022\/05\/ion-logo-1.webp","width":1,"height":1,"caption":"Ion Exchange"},"image":{"@id":"https:\/\/ionexchangeglobal.com\/int\/#\/schema\/logo\/image\/"},"sameAs":["https:\/\/www.facebook.com\/IONEXCHANGE","https:\/\/twitter.com\/IEI_Ltd","https:\/\/www.youtube.com\/channel\/UCqSuT-yd40I7RZ4p5UXuKbA\/videos"]}]}},"lang":"de","translations":{"de":44952,"ko":41609,"en":13308,"pt":35610,"it":40381,"ru":39269,"ar":41615,"fr":44442,"ja":46174,"zh":47747},"pll_sync_post":[],"_links":{"self":[{"href":"https:\/\/ionexchangeglobal.com\/int\/wp-json\/wp\/v2\/pages\/44952"}],"collection":[{"href":"https:\/\/ionexchangeglobal.com\/int\/wp-json\/wp\/v2\/pages"}],"about":[{"href":"https:\/\/ionexchangeglobal.com\/int\/wp-json\/wp\/v2\/types\/page"}],"author":[{"embeddable":true,"href":"https:\/\/ionexchangeglobal.com\/int\/wp-json\/wp\/v2\/users\/9"}],"replies":[{"embeddable":true,"href":"https:\/\/ionexchangeglobal.com\/int\/wp-json\/wp\/v2\/comments?post=44952"}],"version-history":[{"count":4,"href":"https:\/\/ionexchangeglobal.com\/int\/wp-json\/wp\/v2\/pages\/44952\/revisions"}],"predecessor-version":[{"id":44956,"href":"https:\/\/ionexchangeglobal.com\/int\/wp-json\/wp\/v2\/pages\/44952\/revisions\/44956"}],"up":[{"embeddable":true,"href":"https:\/\/ionexchangeglobal.com\/int\/wp-json\/wp\/v2\/pages\/44513"}],"wp:featuredmedia":[{"embeddable":true,"href":"https:\/\/ionexchangeglobal.com\/int\/wp-json\/wp\/v2\/media\/11781"}],"wp:attachment":[{"href":"https:\/\/ionexchangeglobal.com\/int\/wp-json\/wp\/v2\/media?parent=44952"}],"curies":[{"name":"wp","href":"https:\/\/api.w.org\/{rel}","templated":true}]}}