{"id":44477,"date":"2022-01-31T06:09:41","date_gmt":"2022-01-31T06:09:41","guid":{"rendered":"https:\/\/ionexchangeglobal.com\/int\/?page_id=44477"},"modified":"2023-12-08T13:22:48","modified_gmt":"2023-12-08T07:52:48","slug":"rural","status":"publish","type":"page","link":"https:\/\/ionexchangeglobal.com\/int\/fr\/les-segments-du-marche\/communautes\/rural\/","title":{"rendered":"Rural"},"content":{"rendered":"\t\t<div data-elementor-type=\"wp-page\" data-elementor-id=\"44477\" data-post-id=\"44477\" data-obj-id=\"44477\" class=\"elementor elementor-44477 dce-elementor-post-44477\">\n\t\t\t\t\t\t<div class=\"elementor-inner\">\n\t\t\t\t<div class=\"elementor-section-wrap\">\n\t\t\t\t\t\t\t\t\t<section class=\"has_ma_el_bg_slider elementor-section elementor-top-section elementor-element elementor-element-79eb110 elementor-section-full_width elementor-section-height-default elementor-section-height-default jltma-glass-effect-no\" data-id=\"79eb110\" data-element_type=\"section\">\n\t\t\t\t\t\t<div class=\"elementor-container elementor-column-gap-default\">\n\t\t\t\t\t\t\t<div class=\"elementor-row\">\n\t\t\t\t\t<div class=\"has_ma_el_bg_slider elementor-column elementor-col-100 elementor-top-column elementor-element elementor-element-ee48cae jltma-glass-effect-no\" data-id=\"ee48cae\" data-element_type=\"column\">\n\t\t\t<div class=\"elementor-column-wrap elementor-element-populated\">\n\t\t\t\t\t\t\t<div class=\"elementor-widget-wrap\">\n\t\t\t\t\t\t<section class=\"has_ma_el_bg_slider elementor-section elementor-inner-section elementor-element elementor-element-baadce5 elementor-section-boxed elementor-section-height-default elementor-section-height-default jltma-glass-effect-no\" data-id=\"baadce5\" data-element_type=\"section\">\n\t\t\t\t\t\t<div class=\"elementor-container elementor-column-gap-default\">\n\t\t\t\t\t\t\t<div class=\"elementor-row\">\n\t\t\t\t\t<div class=\"has_ma_el_bg_slider elementor-column elementor-col-50 elementor-inner-column elementor-element elementor-element-91b89d8 jltma-glass-effect-no\" data-id=\"91b89d8\" data-element_type=\"column\">\n\t\t\t<div class=\"elementor-column-wrap elementor-element-populated\">\n\t\t\t\t\t\t\t<div class=\"elementor-widget-wrap\">\n\t\t\t\t\t\t<div class=\"elementor-element elementor-element-9ba2676 jltma-glass-effect-no elementor-widget elementor-widget-heading\" data-id=\"9ba2676\" data-element_type=\"widget\" data-widget_type=\"heading.default\">\n\t\t\t\t<div class=\"elementor-widget-container\">\n\t\t\t<h4 class=\"elementor-heading-title elementor-size-default\">Solutions compl\u00e8tes de traitement des eaux rurales<\/h4>\t\t<\/div>\n\t\t\t\t<\/div>\n\t\t\t\t<div class=\"elementor-element elementor-element-ad0d914 jltma-glass-effect-no elementor-widget elementor-widget-text-editor\" data-id=\"ad0d914\" data-element_type=\"widget\" data-widget_type=\"text-editor.default\">\n\t\t\t\t<div class=\"elementor-widget-container\">\n\t\t\t\t\t\t\t\t<div class=\"elementor-text-editor elementor-clearfix\">\n\t\t\t\t<p>Ion Exchange est l\u2019une des principales soci\u00e9t\u00e9s de traitement des eaux rurales au monde. Nos solutions en mati\u00e8re d&#8217;eau r\u00e9pondent aux besoins ruraux \u00e0 trois niveaux\u00a0: point d&#8217;utilisation, communaut\u00e9 et infrastructure.<\/p><p>Ils vont des unit\u00e9s \u00e0 faible co\u00fbt pour les maisons aux syst\u00e8mes communautaires et aux projets d&#8217;infrastructure pour la d\u00e9sinfection, le traitement de l&#8217;eau dure et saum\u00e2tre, le traitement de l&#8217;eau contamin\u00e9e par le fluorure, le fer, l&#8217;arsenic et les nitrates, le recyclage des eaux us\u00e9es et la gestion des boues f\u00e9cales.<\/p><p>Accro\u00eetre l\u2019acc\u00e8s \u00e0 une source d\u2019eau am\u00e9lior\u00e9e et durable est crucial pour le d\u00e9veloppement des zones rurales. Gr\u00e2ce \u00e0 une R&amp;D approfondie et \u00e0 des essais sur le terrain, Ion Exchange a adapt\u00e9 ses technologies pour d\u00e9velopper des produits et des solutions qui r\u00e9pondent aux exigences des communaut\u00e9s rurales en termes de facilit\u00e9 d&#8217;utilisation et d&#8217;exploitation, d&#8217;abordabilit\u00e9 et d&#8217;adaptabilit\u00e9.<\/p>\t\t\t\t\t<\/div>\n\t\t\t\t\t\t<\/div>\n\t\t\t\t<\/div>\n\t\t\t\t\t\t<\/div>\n\t\t\t\t\t<\/div>\n\t\t<\/div>\n\t\t\t\t<div class=\"has_ma_el_bg_slider elementor-column elementor-col-50 elementor-inner-column elementor-element elementor-element-3da9c41 jltma-glass-effect-no\" data-id=\"3da9c41\" data-element_type=\"column\">\n\t\t\t<div class=\"elementor-column-wrap elementor-element-populated\">\n\t\t\t\t\t\t\t<div class=\"elementor-widget-wrap\">\n\t\t\t\t\t\t<div class=\"elementor-element elementor-element-1e62a31 elementor-arrows-position-inside elementor-pagination-position-outside jltma-glass-effect-no elementor-widget elementor-widget-image-carousel\" data-id=\"1e62a31\" data-element_type=\"widget\" data-settings=\"{&quot;slides_to_show&quot;:&quot;1&quot;,&quot;navigation&quot;:&quot;both&quot;,&quot;autoplay&quot;:&quot;yes&quot;,&quot;pause_on_hover&quot;:&quot;yes&quot;,&quot;pause_on_interaction&quot;:&quot;yes&quot;,&quot;autoplay_speed&quot;:5000,&quot;infinite&quot;:&quot;yes&quot;,&quot;effect&quot;:&quot;slide&quot;,&quot;speed&quot;:500}\" data-widget_type=\"image-carousel.default\">\n\t\t\t\t<div class=\"elementor-widget-container\">\n\t\t\t\t\t<div class=\"elementor-image-carousel-wrapper swiper-container\" dir=\"ltr\">\n\t\t\t<div class=\"elementor-image-carousel swiper-wrapper\" aria-live=\"off\">\n\t\t\t\t\t\t\t\t<div class=\"swiper-slide\" role=\"group\" aria-roledescription=\"slide\" aria-label=\"1 of 4\"><figure class=\"swiper-slide-inner\"><img decoding=\"async\" class=\"swiper-slide-image\" src=\"https:\/\/ionexchangeglobal.com\/int\/wp-content\/uploads\/2022\/01\/Continuous-Sand-Filter.jpg\" alt=\"Continuous Sand Filter\" loading=\"lazy\" \/><\/figure><\/div><div class=\"swiper-slide\" role=\"group\" aria-roledescription=\"slide\" aria-label=\"2 of 4\"><figure class=\"swiper-slide-inner\"><img decoding=\"async\" class=\"swiper-slide-image\" src=\"https:\/\/ionexchangeglobal.com\/int\/wp-content\/uploads\/2022\/01\/Arsenic-Removal.jpg\" alt=\"Arsenic Removal\" loading=\"lazy\" \/><\/figure><\/div><div class=\"swiper-slide\" role=\"group\" aria-roledescription=\"slide\" aria-label=\"3 of 4\"><figure class=\"swiper-slide-inner\"><img decoding=\"async\" class=\"swiper-slide-image\" src=\"https:\/\/ionexchangeglobal.com\/int\/wp-content\/uploads\/2022\/01\/Fluoride-Removal.jpg\" alt=\"Fluoride Removal\" loading=\"lazy\" \/><\/figure><\/div><div class=\"swiper-slide\" role=\"group\" aria-roledescription=\"slide\" aria-label=\"4 of 4\"><figure class=\"swiper-slide-inner\"><img decoding=\"async\" class=\"swiper-slide-image\" src=\"https:\/\/ionexchangeglobal.com\/int\/wp-content\/uploads\/2022\/01\/Hand-Pump-Attachment.jpg\" alt=\"Hand Pump Attachment\" loading=\"lazy\" \/><\/figure><\/div>\t\t\t<\/div>\n\t\t\t\t\t\t\t\t\t\t\t\t<div class=\"elementor-swiper-button elementor-swiper-button-prev\" role=\"button\" tabindex=\"0\">\n\t\t\t\t\t\t<i aria-hidden=\"true\" class=\"eicon-chevron-left\"><\/i>\t\t\t\t\t<\/div>\n\t\t\t\t\t<div class=\"elementor-swiper-button elementor-swiper-button-next\" role=\"button\" tabindex=\"0\">\n\t\t\t\t\t\t<i aria-hidden=\"true\" class=\"eicon-chevron-right\"><\/i>\t\t\t\t\t<\/div>\n\t\t\t\t\n\t\t\t\t\t\t\t\t\t<div class=\"swiper-pagination\"><\/div>\n\t\t\t\t\t\t\t\t\t<\/div>\n\t\t\t\t<\/div>\n\t\t\t\t<\/div>\n\t\t\t\t\t\t<\/div>\n\t\t\t\t\t<\/div>\n\t\t<\/div>\n\t\t\t\t\t\t\t\t<\/div>\n\t\t\t\t\t<\/div>\n\t\t<\/section>\n\t\t\t\t\t\t<\/div>\n\t\t\t\t\t<\/div>\n\t\t<\/div>\n\t\t\t\t\t\t\t\t<\/div>\n\t\t\t\t\t<\/div>\n\t\t<\/section>\n\t\t\t\t<section class=\"has_ma_el_bg_slider elementor-section elementor-top-section elementor-element elementor-element-6c0079e elementor-section-boxed elementor-section-height-default elementor-section-height-default jltma-glass-effect-no\" data-id=\"6c0079e\" data-element_type=\"section\">\n\t\t\t\t\t\t<div class=\"elementor-container elementor-column-gap-default\">\n\t\t\t\t\t\t\t<div class=\"elementor-row\">\n\t\t\t\t\t<div class=\"has_ma_el_bg_slider elementor-column elementor-col-50 elementor-top-column elementor-element elementor-element-36f95e6 jltma-glass-effect-no\" data-id=\"36f95e6\" data-element_type=\"column\">\n\t\t\t<div class=\"elementor-column-wrap elementor-element-populated\">\n\t\t\t\t\t\t\t<div class=\"elementor-widget-wrap\">\n\t\t\t\t\t\t<section class=\"has_ma_el_bg_slider elementor-section elementor-inner-section elementor-element elementor-element-13dee29 elementor-section-boxed elementor-section-height-default elementor-section-height-default jltma-glass-effect-no\" data-id=\"13dee29\" data-element_type=\"section\">\n\t\t\t\t\t\t<div class=\"elementor-container elementor-column-gap-default\">\n\t\t\t\t\t\t\t<div class=\"elementor-row\">\n\t\t\t\t\t<div class=\"has_ma_el_bg_slider elementor-column elementor-col-100 elementor-inner-column elementor-element elementor-element-0b0b105 box-shadow jltma-glass-effect-no\" data-id=\"0b0b105\" data-element_type=\"column\">\n\t\t\t<div class=\"elementor-column-wrap elementor-element-populated\">\n\t\t\t\t\t\t\t<div class=\"elementor-widget-wrap\">\n\t\t\t\t\t\t<div class=\"elementor-element elementor-element-798188c dce_masking-none jltma-glass-effect-no elementor-widget elementor-widget-image\" data-id=\"798188c\" data-element_type=\"widget\" data-widget_type=\"image.default\">\n\t\t\t\t<div class=\"elementor-widget-container\">\n\t\t\t\t\t\t\t\t<div class=\"elementor-image\">\n\t\t\t\t\t\t\t\t\t\t\t\t<img decoding=\"async\" width=\"214\" height=\"300\" src=\"https:\/\/ionexchangeglobal.com\/int\/wp-content\/uploads\/2022\/04\/rural-brochure-thumbnail-214x300.png\" class=\"elementor-animation-grow attachment-medium size-medium wp-image-23443\" alt=\"\" srcset=\"https:\/\/ionexchangeglobal.com\/int\/wp-content\/uploads\/2022\/04\/rural-brochure-thumbnail-214x300.png 214w, https:\/\/ionexchangeglobal.com\/int\/wp-content\/uploads\/2022\/04\/rural-brochure-thumbnail.png 374w\" sizes=\"(max-width: 214px) 100vw, 214px\" loading=\"lazy\" \/>\t\t\t\t\t\t\t\t\t\t\t\t\t\t<\/div>\n\t\t\t\t\t\t<\/div>\n\t\t\t\t<\/div>\n\t\t\t\t<div data-dce-background-color=\"#009ADC\" class=\"elementor-element elementor-element-8d2da9f elementor-align-center jltma-glass-effect-no elementor-widget elementor-widget-button\" data-id=\"8d2da9f\" data-element_type=\"widget\" data-widget_type=\"button.default\">\n\t\t\t\t<div class=\"elementor-widget-container\">\n\t\t\t\t\t<div class=\"elementor-button-wrapper\">\n\t\t\t<a class=\"elementor-button elementor-button-link elementor-size-sm\" href=\"https:\/\/ionexchangeglobal.com\/app\/uploads\/2022\/08\/Ion-Exchange-Solutions-for-the-Rural-Segment.pdf\" target=\"_blank\">\n\t\t\t\t\t\t<span class=\"elementor-button-content-wrapper\">\n\t\t\t\t\t\t<span class=\"elementor-button-icon elementor-align-icon-right\">\n\t\t\t\t<i aria-hidden=\"true\" class=\"fas fa-file-download\"><\/i>\t\t\t<\/span>\n\t\t\t\t\t\t<span class=\"elementor-button-text\">T\u00e9l\u00e9charger la brochure<\/span>\n\t\t<\/span>\n\t\t\t\t\t<\/a>\n\t\t<\/div>\n\t\t\t\t<\/div>\n\t\t\t\t<\/div>\n\t\t\t\t\t\t<\/div>\n\t\t\t\t\t<\/div>\n\t\t<\/div>\n\t\t\t\t\t\t\t\t<\/div>\n\t\t\t\t\t<\/div>\n\t\t<\/section>\n\t\t\t\t\t\t<\/div>\n\t\t\t\t\t<\/div>\n\t\t<\/div>\n\t\t\t\t<div class=\"has_ma_el_bg_slider elementor-column elementor-col-50 elementor-top-column elementor-element elementor-element-88240fc jltma-glass-effect-no\" data-id=\"88240fc\" data-element_type=\"column\">\n\t\t\t<div class=\"elementor-column-wrap elementor-element-populated\">\n\t\t\t\t\t\t\t<div class=\"elementor-widget-wrap\">\n\t\t\t\t\t\t<div class=\"elementor-element elementor-element-3076d71 jltma-glass-effect-no elementor-widget elementor-widget-heading\" data-id=\"3076d71\" data-element_type=\"widget\" data-widget_type=\"heading.default\">\n\t\t\t\t<div class=\"elementor-widget-container\">\n\t\t\t<h5 class=\"elementor-heading-title elementor-size-default\">Nos solutions de traitement de l'eau au niveau communautaire suivantes aident \u00e0 d\u00e9terminer la pollution de l'eau ainsi qu'\u00e0 la traiter.<\/h5>\t\t<\/div>\n\t\t\t\t<\/div>\n\t\t\t\t<div class=\"elementor-element elementor-element-2a870d2 jltma-glass-effect-no elementor-widget elementor-widget-text-editor\" data-id=\"2a870d2\" data-element_type=\"widget\" data-widget_type=\"text-editor.default\">\n\t\t\t\t<div class=\"elementor-widget-container\">\n\t\t\t\t\t\t\t\t<div class=\"elementor-text-editor elementor-clearfix\">\n\t\t\t\t<ul><li>\u00c9limination de la turbidit\u00e9<\/li><li>D\u00e9sinfection<\/li><li>Traitement des eaux dures et saum\u00e2tres<\/li><li>Traitement des contaminants des eaux souterraines &#8211; Fluorure, fer, arsenic, nitrate, uranium<\/li><li>Solutions d\u00e9centralis\u00e9es de traitement des eaux us\u00e9es et syst\u00e8mes de recyclage<\/li><li>Gestion des boues de vidange<\/li><li>Unit\u00e9s mobiles de traitement de l&#8217;eau \u00e0 d\u00e9ployer lors de catastrophes naturelles telles que les cyclones et les tremblements de terre<\/li><li>Kits de test pour une surveillance facile et rapide de la potabilit\u00e9 de l&#8217;eau sur site<\/li><\/ul><p>Tout cela est soutenu par des services techniques tels que l&#8217;O&amp;M et la formation des op\u00e9rateurs locaux.<\/p><p>Nous fournissons \u00e9galement des solutions d&#8217;eau potable faciles \u00e0 utiliser et s\u00fbres pour les maisons et les institutions rurales telles que les \u00e9coles, les coll\u00e8ges, les h\u00f4pitaux, les h\u00f4tels, etc. Soutenus par une infrastructure et des installations de fabrication robustes, nous avons r\u00e9alis\u00e9 divers projets de traitement de l&#8217;eau en milieu rural dans plusieurs \u00c9tats de l&#8217;Inde et du monde. Nos solutions pour l\u2019eau potable et la conservation de l\u2019eau offrent une meilleure qualit\u00e9 de vie \u00e0 des millions de personnes dans les zones rurales.<\/p>\t\t\t\t\t<\/div>\n\t\t\t\t\t\t<\/div>\n\t\t\t\t<\/div>\n\t\t\t\t\t\t<\/div>\n\t\t\t\t\t<\/div>\n\t\t<\/div>\n\t\t\t\t\t\t\t\t<\/div>\n\t\t\t\t\t<\/div>\n\t\t<\/section>\n\t\t\t\t\t\t\t\t\t<\/div>\n\t\t\t<\/div>\n\t\t\t\t\t<\/div>\n\t\t","protected":false},"excerpt":{"rendered":"<p>Solutions compl\u00e8tes de traitement des eaux rurales Ion Exchange est l\u2019une des principales soci\u00e9t\u00e9s de traitement des eaux rurales au monde. Nos solutions en mati\u00e8re d&#8217;eau r\u00e9pondent aux besoins ruraux \u00e0 trois niveaux\u00a0: point d&#8217;utilisation, communaut\u00e9 et infrastructure. Ils vont des unit\u00e9s \u00e0 faible co\u00fbt pour les maisons aux syst\u00e8mes communautaires et aux projets d&#8217;infrastructure&hellip;<\/p>\n","protected":false},"author":9,"featured_media":23683,"parent":37241,"menu_order":0,"comment_status":"closed","ping_status":"closed","template":"elementor_header_footer","meta":{"inline_featured_image":false},"yoast_head":"<!-- This site is optimized with the Yoast SEO plugin v20.12 - https:\/\/yoast.com\/wordpress\/plugins\/seo\/ -->\n<title>Rural Water Treatment Solutions Company India - Ion Exchange<\/title>\n<meta name=\"description\" content=\"Ion Exchange has been providing rural water treatment solutions in India. For more details about our rural water treatment solution call us at (91) 2268572400.\" \/>\n<meta name=\"robots\" content=\"index, follow, max-snippet:-1, max-image-preview:large, max-video-preview:-1\" \/>\n<link rel=\"canonical\" href=\"https:\/\/ionexchangeglobal.com\/int\/fr\/les-segments-du-marche\/communautes\/rural\/\" \/>\n<meta property=\"og:locale\" content=\"en_US\" \/>\n<meta property=\"og:type\" content=\"article\" \/>\n<meta property=\"og:title\" content=\"Rural Water Treatment Solutions Company India - Ion Exchange\" \/>\n<meta property=\"og:description\" content=\"Ion Exchange has been providing rural water treatment solutions in India. For more details about our rural water treatment solution call us at (91) 2268572400.\" \/>\n<meta property=\"og:url\" content=\"https:\/\/ionexchangeglobal.com\/int\/fr\/les-segments-du-marche\/communautes\/rural\/\" \/>\n<meta property=\"og:site_name\" content=\"Ion Exchange\" \/>\n<meta property=\"article:publisher\" content=\"https:\/\/www.facebook.com\/IONEXCHANGE\" \/>\n<meta property=\"article:modified_time\" content=\"2023-12-08T07:52:48+00:00\" \/>\n<meta property=\"og:image\" content=\"https:\/\/ionexchangeglobal.com\/int\/wp-content\/uploads\/2022\/04\/rural-banner-img-1024x683.jpg\" \/>\n\t<meta property=\"og:image:width\" content=\"1024\" \/>\n\t<meta property=\"og:image:height\" content=\"683\" \/>\n\t<meta property=\"og:image:type\" content=\"image\/jpeg\" \/>\n<meta name=\"twitter:card\" content=\"summary_large_image\" \/>\n<meta name=\"twitter:site\" content=\"@IEI_Ltd\" \/>\n<meta name=\"twitter:label1\" content=\"Est. reading time\" \/>\n\t<meta name=\"twitter:data1\" content=\"2 minutes\" \/>\n<script type=\"application\/ld+json\" class=\"yoast-schema-graph\">{\"@context\":\"https:\/\/schema.org\",\"@graph\":[{\"@type\":\"WebPage\",\"@id\":\"https:\/\/ionexchangeglobal.com\/int\/fr\/les-segments-du-marche\/communautes\/rural\/\",\"url\":\"https:\/\/ionexchangeglobal.com\/int\/fr\/les-segments-du-marche\/communautes\/rural\/\",\"name\":\"Rural Water Treatment Solutions Company India - Ion Exchange\",\"isPartOf\":{\"@id\":\"https:\/\/ionexchangeglobal.com\/int\/#website\"},\"datePublished\":\"2022-01-31T06:09:41+00:00\",\"dateModified\":\"2023-12-08T07:52:48+00:00\",\"description\":\"Ion Exchange has been providing rural water treatment solutions in India. For more details about our rural water treatment solution call us at (91) 2268572400.\",\"breadcrumb\":{\"@id\":\"https:\/\/ionexchangeglobal.com\/int\/fr\/les-segments-du-marche\/communautes\/rural\/#breadcrumb\"},\"inLanguage\":\"en-US\",\"potentialAction\":[{\"@type\":\"ReadAction\",\"target\":[\"https:\/\/ionexchangeglobal.com\/int\/fr\/les-segments-du-marche\/communautes\/rural\/\"]}]},{\"@type\":\"BreadcrumbList\",\"@id\":\"https:\/\/ionexchangeglobal.com\/int\/fr\/les-segments-du-marche\/communautes\/rural\/#breadcrumb\",\"itemListElement\":[{\"@type\":\"ListItem\",\"position\":1,\"name\":\"Home\",\"item\":\"https:\/\/ionexchangeglobal.com\/int\/pt\/pagina-inicial\/\"},{\"@type\":\"ListItem\",\"position\":2,\"name\":\"LES SEGMENTS DU MARCH\u00c9\",\"item\":\"https:\/\/ionexchangeglobal.com\/int\/fr\/les-segments-du-marche\/\"},{\"@type\":\"ListItem\",\"position\":3,\"name\":\"Communaut\u00e9s\",\"item\":\"https:\/\/ionexchangeglobal.com\/int\/fr\/les-segments-du-marche\/communautes\/\"},{\"@type\":\"ListItem\",\"position\":4,\"name\":\"Rural\"}]},{\"@type\":\"WebSite\",\"@id\":\"https:\/\/ionexchangeglobal.com\/int\/#website\",\"url\":\"https:\/\/ionexchangeglobal.com\/int\/\",\"name\":\"Ion Exchange\",\"description\":\"Refreshing the Planet\",\"publisher\":{\"@id\":\"https:\/\/ionexchangeglobal.com\/int\/#organization\"},\"potentialAction\":[{\"@type\":\"SearchAction\",\"target\":{\"@type\":\"EntryPoint\",\"urlTemplate\":\"https:\/\/ionexchangeglobal.com\/int\/?s={search_term_string}\"},\"query-input\":\"required name=search_term_string\"}],\"inLanguage\":\"en-US\"},{\"@type\":\"Organization\",\"@id\":\"https:\/\/ionexchangeglobal.com\/int\/#organization\",\"name\":\"Ion Exchange\",\"url\":\"https:\/\/ionexchangeglobal.com\/int\/\",\"logo\":{\"@type\":\"ImageObject\",\"inLanguage\":\"en-US\",\"@id\":\"https:\/\/ionexchangeglobal.com\/int\/#\/schema\/logo\/image\/\",\"url\":\"http:\/\/localhost:8000\/app\/uploads\/2022\/05\/ion-logo-1.webp\",\"contentUrl\":\"http:\/\/localhost:8000\/app\/uploads\/2022\/05\/ion-logo-1.webp\",\"width\":1,\"height\":1,\"caption\":\"Ion Exchange\"},\"image\":{\"@id\":\"https:\/\/ionexchangeglobal.com\/int\/#\/schema\/logo\/image\/\"},\"sameAs\":[\"https:\/\/www.facebook.com\/IONEXCHANGE\",\"https:\/\/twitter.com\/IEI_Ltd\",\"https:\/\/www.youtube.com\/channel\/UCqSuT-yd40I7RZ4p5UXuKbA\/videos\"]}]}<\/script>\n<!-- \/ Yoast SEO plugin. -->","yoast_head_json":{"title":"Rural Water Treatment Solutions Company India - Ion Exchange","description":"Ion Exchange has been providing rural water treatment solutions in India. For more details about our rural water treatment solution call us at (91) 2268572400.","robots":{"index":"index","follow":"follow","max-snippet":"max-snippet:-1","max-image-preview":"max-image-preview:large","max-video-preview":"max-video-preview:-1"},"canonical":"https:\/\/ionexchangeglobal.com\/int\/fr\/les-segments-du-marche\/communautes\/rural\/","og_locale":"en_US","og_type":"article","og_title":"Rural Water Treatment Solutions Company India - Ion Exchange","og_description":"Ion Exchange has been providing rural water treatment solutions in India. For more details about our rural water treatment solution call us at (91) 2268572400.","og_url":"https:\/\/ionexchangeglobal.com\/int\/fr\/les-segments-du-marche\/communautes\/rural\/","og_site_name":"Ion Exchange","article_publisher":"https:\/\/www.facebook.com\/IONEXCHANGE","article_modified_time":"2023-12-08T07:52:48+00:00","og_image":[{"width":1024,"height":683,"url":"https:\/\/ionexchangeglobal.com\/int\/wp-content\/uploads\/2022\/04\/rural-banner-img-1024x683.jpg","type":"image\/jpeg"}],"twitter_card":"summary_large_image","twitter_site":"@IEI_Ltd","twitter_misc":{"Est. reading time":"2 minutes"},"schema":{"@context":"https:\/\/schema.org","@graph":[{"@type":"WebPage","@id":"https:\/\/ionexchangeglobal.com\/int\/fr\/les-segments-du-marche\/communautes\/rural\/","url":"https:\/\/ionexchangeglobal.com\/int\/fr\/les-segments-du-marche\/communautes\/rural\/","name":"Rural Water Treatment Solutions Company India - Ion Exchange","isPartOf":{"@id":"https:\/\/ionexchangeglobal.com\/int\/#website"},"datePublished":"2022-01-31T06:09:41+00:00","dateModified":"2023-12-08T07:52:48+00:00","description":"Ion Exchange has been providing rural water treatment solutions in India. For more details about our rural water treatment solution call us at (91) 2268572400.","breadcrumb":{"@id":"https:\/\/ionexchangeglobal.com\/int\/fr\/les-segments-du-marche\/communautes\/rural\/#breadcrumb"},"inLanguage":"en-US","potentialAction":[{"@type":"ReadAction","target":["https:\/\/ionexchangeglobal.com\/int\/fr\/les-segments-du-marche\/communautes\/rural\/"]}]},{"@type":"BreadcrumbList","@id":"https:\/\/ionexchangeglobal.com\/int\/fr\/les-segments-du-marche\/communautes\/rural\/#breadcrumb","itemListElement":[{"@type":"ListItem","position":1,"name":"Home","item":"https:\/\/ionexchangeglobal.com\/int\/pt\/pagina-inicial\/"},{"@type":"ListItem","position":2,"name":"LES SEGMENTS DU MARCH\u00c9","item":"https:\/\/ionexchangeglobal.com\/int\/fr\/les-segments-du-marche\/"},{"@type":"ListItem","position":3,"name":"Communaut\u00e9s","item":"https:\/\/ionexchangeglobal.com\/int\/fr\/les-segments-du-marche\/communautes\/"},{"@type":"ListItem","position":4,"name":"Rural"}]},{"@type":"WebSite","@id":"https:\/\/ionexchangeglobal.com\/int\/#website","url":"https:\/\/ionexchangeglobal.com\/int\/","name":"Ion Exchange","description":"Refreshing the Planet","publisher":{"@id":"https:\/\/ionexchangeglobal.com\/int\/#organization"},"potentialAction":[{"@type":"SearchAction","target":{"@type":"EntryPoint","urlTemplate":"https:\/\/ionexchangeglobal.com\/int\/?s={search_term_string}"},"query-input":"required name=search_term_string"}],"inLanguage":"en-US"},{"@type":"Organization","@id":"https:\/\/ionexchangeglobal.com\/int\/#organization","name":"Ion Exchange","url":"https:\/\/ionexchangeglobal.com\/int\/","logo":{"@type":"ImageObject","inLanguage":"en-US","@id":"https:\/\/ionexchangeglobal.com\/int\/#\/schema\/logo\/image\/","url":"http:\/\/localhost:8000\/app\/uploads\/2022\/05\/ion-logo-1.webp","contentUrl":"http:\/\/localhost:8000\/app\/uploads\/2022\/05\/ion-logo-1.webp","width":1,"height":1,"caption":"Ion Exchange"},"image":{"@id":"https:\/\/ionexchangeglobal.com\/int\/#\/schema\/logo\/image\/"},"sameAs":["https:\/\/www.facebook.com\/IONEXCHANGE","https:\/\/twitter.com\/IEI_Ltd","https:\/\/www.youtube.com\/channel\/UCqSuT-yd40I7RZ4p5UXuKbA\/videos"]}]}},"lang":"fr","translations":{"fr":44477,"en":18385,"pt":35507,"es":38722,"ru":39151,"it":40478,"zh":41699,"ko":41701,"ar":41706,"de":44607,"ja":46162},"pll_sync_post":[],"_links":{"self":[{"href":"https:\/\/ionexchangeglobal.com\/int\/wp-json\/wp\/v2\/pages\/44477"}],"collection":[{"href":"https:\/\/ionexchangeglobal.com\/int\/wp-json\/wp\/v2\/pages"}],"about":[{"href":"https:\/\/ionexchangeglobal.com\/int\/wp-json\/wp\/v2\/types\/page"}],"author":[{"embeddable":true,"href":"https:\/\/ionexchangeglobal.com\/int\/wp-json\/wp\/v2\/users\/9"}],"replies":[{"embeddable":true,"href":"https:\/\/ionexchangeglobal.com\/int\/wp-json\/wp\/v2\/comments?post=44477"}],"version-history":[{"count":4,"href":"https:\/\/ionexchangeglobal.com\/int\/wp-json\/wp\/v2\/pages\/44477\/revisions"}],"predecessor-version":[{"id":44484,"href":"https:\/\/ionexchangeglobal.com\/int\/wp-json\/wp\/v2\/pages\/44477\/revisions\/44484"}],"up":[{"embeddable":true,"href":"https:\/\/ionexchangeglobal.com\/int\/wp-json\/wp\/v2\/pages\/37241"}],"wp:featuredmedia":[{"embeddable":true,"href":"https:\/\/ionexchangeglobal.com\/int\/wp-json\/wp\/v2\/media\/23683"}],"wp:attachment":[{"href":"https:\/\/ionexchangeglobal.com\/int\/wp-json\/wp\/v2\/media?parent=44477"}],"curies":[{"name":"wp","href":"https:\/\/api.w.org\/{rel}","templated":true}]}}