{"id":44442,"date":"2021-10-26T11:13:20","date_gmt":"2021-10-26T11:13:20","guid":{"rendered":"https:\/\/ionexchangeglobal.com\/int\/?page_id=44442"},"modified":"2023-12-08T13:31:24","modified_gmt":"2023-12-08T08:01:24","slug":"educatif","status":"publish","type":"page","link":"https:\/\/ionexchangeglobal.com\/int\/fr\/les-segments-du-marche\/etablissements\/educatif\/","title":{"rendered":"\u00c9ducatif"},"content":{"rendered":"\t\t<div data-elementor-type=\"wp-page\" data-elementor-id=\"44442\" data-post-id=\"44442\" data-obj-id=\"44442\" class=\"elementor elementor-44442 dce-elementor-post-44442\">\n\t\t\t\t\t\t<div class=\"elementor-inner\">\n\t\t\t\t<div class=\"elementor-section-wrap\">\n\t\t\t\t\t\t\t\t\t<section class=\"has_ma_el_bg_slider elementor-section elementor-top-section elementor-element elementor-element-6875aec elementor-section-full_width elementor-section-height-default elementor-section-height-default jltma-glass-effect-no\" data-id=\"6875aec\" data-element_type=\"section\">\n\t\t\t\t\t\t<div class=\"elementor-container elementor-column-gap-default\">\n\t\t\t\t\t\t\t<div class=\"elementor-row\">\n\t\t\t\t\t<div class=\"has_ma_el_bg_slider elementor-column elementor-col-100 elementor-top-column elementor-element elementor-element-8d23a45 jltma-glass-effect-no\" data-id=\"8d23a45\" data-element_type=\"column\">\n\t\t\t<div class=\"elementor-column-wrap elementor-element-populated\">\n\t\t\t\t\t\t\t<div class=\"elementor-widget-wrap\">\n\t\t\t\t\t\t<section class=\"has_ma_el_bg_slider elementor-section elementor-inner-section elementor-element elementor-element-7e83d73 elementor-section-boxed elementor-section-height-default elementor-section-height-default jltma-glass-effect-no\" data-id=\"7e83d73\" data-element_type=\"section\">\n\t\t\t\t\t\t<div class=\"elementor-container elementor-column-gap-default\">\n\t\t\t\t\t\t\t<div class=\"elementor-row\">\n\t\t\t\t\t<div class=\"has_ma_el_bg_slider elementor-column elementor-col-100 elementor-inner-column elementor-element elementor-element-f4f1560 jltma-glass-effect-no\" data-id=\"f4f1560\" data-element_type=\"column\">\n\t\t\t<div class=\"elementor-column-wrap elementor-element-populated\">\n\t\t\t\t\t\t\t<div class=\"elementor-widget-wrap\">\n\t\t\t\t\t\t<div class=\"elementor-element elementor-element-9d84922 jltma-glass-effect-no elementor-widget elementor-widget-heading\" data-id=\"9d84922\" data-element_type=\"widget\" data-widget_type=\"heading.default\">\n\t\t\t\t<div class=\"elementor-widget-container\">\n\t\t\t<h2 class=\"elementor-heading-title elementor-size-default\">R\u00e9pondre aux besoins en eau et en assainissement des g\u00e9n\u00e9rations futures<\/h2>\t\t<\/div>\n\t\t\t\t<\/div>\n\t\t\t\t<div class=\"elementor-element elementor-element-7ad0aa6 jltma-glass-effect-no elementor-widget elementor-widget-text-editor\" data-id=\"7ad0aa6\" data-element_type=\"widget\" data-widget_type=\"text-editor.default\">\n\t\t\t\t<div class=\"elementor-widget-container\">\n\t\t\t\t\t\t\t\t<div class=\"elementor-text-editor elementor-clearfix\">\n\t\t\t\t<p>Nous proposons une gamme compl\u00e8te de tous types de syst\u00e8mes de traitement de l\u2019eau et des eaux us\u00e9es pour les \u00e9tablissements universitaires, allant des \u00e9coles rurales aux coll\u00e8ges et universit\u00e9s en passant par les auberges.<\/p>\t\t\t\t\t<\/div>\n\t\t\t\t\t\t<\/div>\n\t\t\t\t<\/div>\n\t\t\t\t\t\t<\/div>\n\t\t\t\t\t<\/div>\n\t\t<\/div>\n\t\t\t\t\t\t\t\t<\/div>\n\t\t\t\t\t<\/div>\n\t\t<\/section>\n\t\t\t\t\t\t<\/div>\n\t\t\t\t\t<\/div>\n\t\t<\/div>\n\t\t\t\t\t\t\t\t<\/div>\n\t\t\t\t\t<\/div>\n\t\t<\/section>\n\t\t\t\t<section class=\"has_ma_el_bg_slider elementor-section elementor-top-section elementor-element elementor-element-107138d elementor-section-boxed elementor-section-height-default elementor-section-height-default jltma-glass-effect-no\" data-id=\"107138d\" data-element_type=\"section\">\n\t\t\t\t\t\t<div class=\"elementor-container elementor-column-gap-default\">\n\t\t\t\t\t\t\t<div class=\"elementor-row\">\n\t\t\t\t\t<div class=\"has_ma_el_bg_slider elementor-column elementor-col-100 elementor-top-column elementor-element elementor-element-a947084 jltma-glass-effect-no\" data-id=\"a947084\" data-element_type=\"column\">\n\t\t\t<div class=\"elementor-column-wrap elementor-element-populated\">\n\t\t\t\t\t\t\t<div class=\"elementor-widget-wrap\">\n\t\t\t\t\t\t<div class=\"elementor-element elementor-element-c79b6c5 jltma-glass-effect-no elementor-widget elementor-widget-heading\" data-id=\"c79b6c5\" data-element_type=\"widget\" data-widget_type=\"heading.default\">\n\t\t\t\t<div class=\"elementor-widget-container\">\n\t\t\t<h2 class=\"elementor-heading-title elementor-size-default\">Nos solutions incluent<\/h2>\t\t<\/div>\n\t\t\t\t<\/div>\n\t\t\t\t<div class=\"elementor-element elementor-element-920995f jltma-glass-effect-no elementor-widget elementor-widget-text-editor\" data-id=\"920995f\" data-element_type=\"widget\" data-widget_type=\"text-editor.default\">\n\t\t\t\t<div class=\"elementor-widget-container\">\n\t\t\t\t\t\t\t\t<div class=\"elementor-text-editor elementor-clearfix\">\n\t\t\t\t<ul><li><span style=\"color: #009adc;\">Point d&#8217;utilisation de base pour<\/span><a href=\"\/market-segments\/homes\/\"><span style=\"font-weight: 400;\">\u00a0<\/span><\/a><span style=\"color: #009adc;\">centrale en buvant eau traitement syst\u00e8mes<\/span><\/li><li>Gestion\u00a0des circuits d&#8217;eau de chauffage et de refroidissement avec\u00a0<a href=\"\/products\/speciality-chemicals\/\">speciality chimique traitement programmes<\/a><\/li><li><a href=\"\/products\/engineering\/solid-waste\/waste-water-treatment\/zero-liquid-discharge\/\">Traitement des eaux us\u00e9es\u00a0et recycler<\/a><\/li><li><a href=\"\/products\/engineering\/solid-waste\/waste-to-energy\/\">D\u00e9chets \u00e0\u00a0\u00e9nergie solutions<\/a><\/li><li><a href=\"\/operation-maintenance\/\">O&amp;M<\/a>\u00a0et les contrats AMC qui \u00e9liminent l&#8217;exploitation, la maintenance et la supervision par le cliente<\/li><\/ul>\t\t\t\t\t<\/div>\n\t\t\t\t\t\t<\/div>\n\t\t\t\t<\/div>\n\t\t\t\t\t\t<\/div>\n\t\t\t\t\t<\/div>\n\t\t<\/div>\n\t\t\t\t\t\t\t\t<\/div>\n\t\t\t\t\t<\/div>\n\t\t<\/section>\n\t\t\t\t\t\t\t\t\t<\/div>\n\t\t\t<\/div>\n\t\t\t\t\t<\/div>\n\t\t","protected":false},"excerpt":{"rendered":"<p>R\u00e9pondre aux besoins en eau et en assainissement des g\u00e9n\u00e9rations futures Nous proposons une gamme compl\u00e8te de tous types de syst\u00e8mes de traitement de l\u2019eau et des eaux us\u00e9es pour les \u00e9tablissements universitaires, allant des \u00e9coles rurales aux coll\u00e8ges et universit\u00e9s en passant par les auberges. Nos solutions incluent Point d&#8217;utilisation de base pour\u00a0centrale en&hellip;<\/p>\n","protected":false},"author":9,"featured_media":11781,"parent":37226,"menu_order":0,"comment_status":"closed","ping_status":"closed","template":"elementor_header_footer","meta":{"inline_featured_image":false},"yoast_head":"<!-- This site is optimized with the Yoast SEO plugin v20.12 - https:\/\/yoast.com\/wordpress\/plugins\/seo\/ -->\n<title>\u00c9ducatif - Ion Exchange<\/title>\n<meta name=\"robots\" content=\"index, follow, max-snippet:-1, max-image-preview:large, max-video-preview:-1\" \/>\n<link rel=\"canonical\" href=\"https:\/\/ionexchangeglobal.com\/int\/fr\/les-segments-du-marche\/etablissements\/educatif\/\" \/>\n<meta property=\"og:locale\" content=\"en_US\" \/>\n<meta property=\"og:type\" content=\"article\" \/>\n<meta property=\"og:title\" content=\"\u00c9ducatif - Ion Exchange\" \/>\n<meta property=\"og:description\" content=\"R\u00e9pondre aux besoins en eau et en assainissement des g\u00e9n\u00e9rations futures Nous proposons une gamme compl\u00e8te de tous types de syst\u00e8mes de traitement de l\u2019eau et des eaux us\u00e9es pour les \u00e9tablissements universitaires, allant des \u00e9coles rurales aux coll\u00e8ges et universit\u00e9s en passant par les auberges. Nos solutions incluent Point d&#8217;utilisation de base pour\u00a0centrale en&hellip;\" \/>\n<meta property=\"og:url\" content=\"https:\/\/ionexchangeglobal.com\/int\/fr\/les-segments-du-marche\/etablissements\/educatif\/\" \/>\n<meta property=\"og:site_name\" content=\"Ion Exchange\" \/>\n<meta property=\"article:publisher\" content=\"https:\/\/www.facebook.com\/IONEXCHANGE\" \/>\n<meta property=\"article:modified_time\" content=\"2023-12-08T08:01:24+00:00\" \/>\n<meta property=\"og:image\" content=\"https:\/\/ionexchangeglobal.com\/int\/wp-content\/uploads\/2021\/09\/21.jpg\" \/>\n\t<meta property=\"og:image:width\" content=\"2000\" \/>\n\t<meta property=\"og:image:height\" content=\"1181\" \/>\n\t<meta property=\"og:image:type\" content=\"image\/jpeg\" \/>\n<meta name=\"twitter:card\" content=\"summary_large_image\" \/>\n<meta name=\"twitter:site\" content=\"@IEI_Ltd\" \/>\n<meta name=\"twitter:label1\" content=\"Est. reading time\" \/>\n\t<meta name=\"twitter:data1\" content=\"1 minute\" \/>\n<script type=\"application\/ld+json\" class=\"yoast-schema-graph\">{\"@context\":\"https:\/\/schema.org\",\"@graph\":[{\"@type\":\"WebPage\",\"@id\":\"https:\/\/ionexchangeglobal.com\/int\/fr\/les-segments-du-marche\/etablissements\/educatif\/\",\"url\":\"https:\/\/ionexchangeglobal.com\/int\/fr\/les-segments-du-marche\/etablissements\/educatif\/\",\"name\":\"\u00c9ducatif - Ion Exchange\",\"isPartOf\":{\"@id\":\"https:\/\/ionexchangeglobal.com\/int\/#website\"},\"datePublished\":\"2021-10-26T11:13:20+00:00\",\"dateModified\":\"2023-12-08T08:01:24+00:00\",\"breadcrumb\":{\"@id\":\"https:\/\/ionexchangeglobal.com\/int\/fr\/les-segments-du-marche\/etablissements\/educatif\/#breadcrumb\"},\"inLanguage\":\"en-US\",\"potentialAction\":[{\"@type\":\"ReadAction\",\"target\":[\"https:\/\/ionexchangeglobal.com\/int\/fr\/les-segments-du-marche\/etablissements\/educatif\/\"]}]},{\"@type\":\"BreadcrumbList\",\"@id\":\"https:\/\/ionexchangeglobal.com\/int\/fr\/les-segments-du-marche\/etablissements\/educatif\/#breadcrumb\",\"itemListElement\":[{\"@type\":\"ListItem\",\"position\":1,\"name\":\"Home\",\"item\":\"https:\/\/ionexchangeglobal.com\/int\/pt\/pagina-inicial\/\"},{\"@type\":\"ListItem\",\"position\":2,\"name\":\"LES SEGMENTS DU MARCH\u00c9\",\"item\":\"https:\/\/ionexchangeglobal.com\/int\/fr\/les-segments-du-marche\/\"},{\"@type\":\"ListItem\",\"position\":3,\"name\":\"\u00c9tablissements\",\"item\":\"https:\/\/ionexchangeglobal.com\/int\/fr\/les-segments-du-marche\/etablissements\/\"},{\"@type\":\"ListItem\",\"position\":4,\"name\":\"\u00c9ducatif\"}]},{\"@type\":\"WebSite\",\"@id\":\"https:\/\/ionexchangeglobal.com\/int\/#website\",\"url\":\"https:\/\/ionexchangeglobal.com\/int\/\",\"name\":\"Ion Exchange\",\"description\":\"Refreshing the Planet\",\"publisher\":{\"@id\":\"https:\/\/ionexchangeglobal.com\/int\/#organization\"},\"potentialAction\":[{\"@type\":\"SearchAction\",\"target\":{\"@type\":\"EntryPoint\",\"urlTemplate\":\"https:\/\/ionexchangeglobal.com\/int\/?s={search_term_string}\"},\"query-input\":\"required name=search_term_string\"}],\"inLanguage\":\"en-US\"},{\"@type\":\"Organization\",\"@id\":\"https:\/\/ionexchangeglobal.com\/int\/#organization\",\"name\":\"Ion Exchange\",\"url\":\"https:\/\/ionexchangeglobal.com\/int\/\",\"logo\":{\"@type\":\"ImageObject\",\"inLanguage\":\"en-US\",\"@id\":\"https:\/\/ionexchangeglobal.com\/int\/#\/schema\/logo\/image\/\",\"url\":\"http:\/\/localhost:8000\/app\/uploads\/2022\/05\/ion-logo-1.webp\",\"contentUrl\":\"http:\/\/localhost:8000\/app\/uploads\/2022\/05\/ion-logo-1.webp\",\"width\":1,\"height\":1,\"caption\":\"Ion Exchange\"},\"image\":{\"@id\":\"https:\/\/ionexchangeglobal.com\/int\/#\/schema\/logo\/image\/\"},\"sameAs\":[\"https:\/\/www.facebook.com\/IONEXCHANGE\",\"https:\/\/twitter.com\/IEI_Ltd\",\"https:\/\/www.youtube.com\/channel\/UCqSuT-yd40I7RZ4p5UXuKbA\/videos\"]}]}<\/script>\n<!-- \/ Yoast SEO plugin. -->","yoast_head_json":{"title":"\u00c9ducatif - Ion Exchange","robots":{"index":"index","follow":"follow","max-snippet":"max-snippet:-1","max-image-preview":"max-image-preview:large","max-video-preview":"max-video-preview:-1"},"canonical":"https:\/\/ionexchangeglobal.com\/int\/fr\/les-segments-du-marche\/etablissements\/educatif\/","og_locale":"en_US","og_type":"article","og_title":"\u00c9ducatif - Ion Exchange","og_description":"R\u00e9pondre aux besoins en eau et en assainissement des g\u00e9n\u00e9rations futures Nous proposons une gamme compl\u00e8te de tous types de syst\u00e8mes de traitement de l\u2019eau et des eaux us\u00e9es pour les \u00e9tablissements universitaires, allant des \u00e9coles rurales aux coll\u00e8ges et universit\u00e9s en passant par les auberges. Nos solutions incluent Point d&#8217;utilisation de base pour\u00a0centrale en&hellip;","og_url":"https:\/\/ionexchangeglobal.com\/int\/fr\/les-segments-du-marche\/etablissements\/educatif\/","og_site_name":"Ion Exchange","article_publisher":"https:\/\/www.facebook.com\/IONEXCHANGE","article_modified_time":"2023-12-08T08:01:24+00:00","og_image":[{"width":2000,"height":1181,"url":"https:\/\/ionexchangeglobal.com\/int\/wp-content\/uploads\/2021\/09\/21.jpg","type":"image\/jpeg"}],"twitter_card":"summary_large_image","twitter_site":"@IEI_Ltd","twitter_misc":{"Est. reading time":"1 minute"},"schema":{"@context":"https:\/\/schema.org","@graph":[{"@type":"WebPage","@id":"https:\/\/ionexchangeglobal.com\/int\/fr\/les-segments-du-marche\/etablissements\/educatif\/","url":"https:\/\/ionexchangeglobal.com\/int\/fr\/les-segments-du-marche\/etablissements\/educatif\/","name":"\u00c9ducatif - Ion Exchange","isPartOf":{"@id":"https:\/\/ionexchangeglobal.com\/int\/#website"},"datePublished":"2021-10-26T11:13:20+00:00","dateModified":"2023-12-08T08:01:24+00:00","breadcrumb":{"@id":"https:\/\/ionexchangeglobal.com\/int\/fr\/les-segments-du-marche\/etablissements\/educatif\/#breadcrumb"},"inLanguage":"en-US","potentialAction":[{"@type":"ReadAction","target":["https:\/\/ionexchangeglobal.com\/int\/fr\/les-segments-du-marche\/etablissements\/educatif\/"]}]},{"@type":"BreadcrumbList","@id":"https:\/\/ionexchangeglobal.com\/int\/fr\/les-segments-du-marche\/etablissements\/educatif\/#breadcrumb","itemListElement":[{"@type":"ListItem","position":1,"name":"Home","item":"https:\/\/ionexchangeglobal.com\/int\/pt\/pagina-inicial\/"},{"@type":"ListItem","position":2,"name":"LES SEGMENTS DU MARCH\u00c9","item":"https:\/\/ionexchangeglobal.com\/int\/fr\/les-segments-du-marche\/"},{"@type":"ListItem","position":3,"name":"\u00c9tablissements","item":"https:\/\/ionexchangeglobal.com\/int\/fr\/les-segments-du-marche\/etablissements\/"},{"@type":"ListItem","position":4,"name":"\u00c9ducatif"}]},{"@type":"WebSite","@id":"https:\/\/ionexchangeglobal.com\/int\/#website","url":"https:\/\/ionexchangeglobal.com\/int\/","name":"Ion Exchange","description":"Refreshing the Planet","publisher":{"@id":"https:\/\/ionexchangeglobal.com\/int\/#organization"},"potentialAction":[{"@type":"SearchAction","target":{"@type":"EntryPoint","urlTemplate":"https:\/\/ionexchangeglobal.com\/int\/?s={search_term_string}"},"query-input":"required name=search_term_string"}],"inLanguage":"en-US"},{"@type":"Organization","@id":"https:\/\/ionexchangeglobal.com\/int\/#organization","name":"Ion Exchange","url":"https:\/\/ionexchangeglobal.com\/int\/","logo":{"@type":"ImageObject","inLanguage":"en-US","@id":"https:\/\/ionexchangeglobal.com\/int\/#\/schema\/logo\/image\/","url":"http:\/\/localhost:8000\/app\/uploads\/2022\/05\/ion-logo-1.webp","contentUrl":"http:\/\/localhost:8000\/app\/uploads\/2022\/05\/ion-logo-1.webp","width":1,"height":1,"caption":"Ion Exchange"},"image":{"@id":"https:\/\/ionexchangeglobal.com\/int\/#\/schema\/logo\/image\/"},"sameAs":["https:\/\/www.facebook.com\/IONEXCHANGE","https:\/\/twitter.com\/IEI_Ltd","https:\/\/www.youtube.com\/channel\/UCqSuT-yd40I7RZ4p5UXuKbA\/videos"]}]}},"lang":"fr","translations":{"fr":44442,"ko":41609,"en":13308,"pt":35610,"it":40381,"ru":39269,"ar":41615,"de":44952,"ja":46174,"zh":47747},"pll_sync_post":[],"_links":{"self":[{"href":"https:\/\/ionexchangeglobal.com\/int\/wp-json\/wp\/v2\/pages\/44442"}],"collection":[{"href":"https:\/\/ionexchangeglobal.com\/int\/wp-json\/wp\/v2\/pages"}],"about":[{"href":"https:\/\/ionexchangeglobal.com\/int\/wp-json\/wp\/v2\/types\/page"}],"author":[{"embeddable":true,"href":"https:\/\/ionexchangeglobal.com\/int\/wp-json\/wp\/v2\/users\/9"}],"replies":[{"embeddable":true,"href":"https:\/\/ionexchangeglobal.com\/int\/wp-json\/wp\/v2\/comments?post=44442"}],"version-history":[{"count":4,"href":"https:\/\/ionexchangeglobal.com\/int\/wp-json\/wp\/v2\/pages\/44442\/revisions"}],"predecessor-version":[{"id":44488,"href":"https:\/\/ionexchangeglobal.com\/int\/wp-json\/wp\/v2\/pages\/44442\/revisions\/44488"}],"up":[{"embeddable":true,"href":"https:\/\/ionexchangeglobal.com\/int\/wp-json\/wp\/v2\/pages\/37226"}],"wp:featuredmedia":[{"embeddable":true,"href":"https:\/\/ionexchangeglobal.com\/int\/wp-json\/wp\/v2\/media\/11781"}],"wp:attachment":[{"href":"https:\/\/ionexchangeglobal.com\/int\/wp-json\/wp\/v2\/media?parent=44442"}],"curies":[{"name":"wp","href":"https:\/\/api.w.org\/{rel}","templated":true}]}}