{"id":43658,"date":"2022-04-27T12:28:12","date_gmt":"2022-04-27T12:28:12","guid":{"rendered":"https:\/\/ionexchangeglobal.com\/int\/?page_id=43658"},"modified":"2023-12-05T23:38:41","modified_gmt":"2023-12-05T18:08:41","slug":"belebtschlammsystem","status":"publish","type":"page","link":"https:\/\/ionexchangeglobal.com\/int\/de\/belebtschlammsystem\/","title":{"rendered":"Belebtschlammsystem"},"content":{"rendered":"\t\t<div data-elementor-type=\"wp-page\" data-elementor-id=\"43658\" data-post-id=\"43658\" data-obj-id=\"43658\" class=\"elementor elementor-43658 dce-elementor-post-43658\">\n\t\t\t\t\t\t<div class=\"elementor-inner\">\n\t\t\t\t<div class=\"elementor-section-wrap\">\n\t\t\t\t\t\t\t\t\t<section class=\"has_ma_el_bg_slider elementor-section elementor-top-section elementor-element elementor-element-1d20ef9 elementor-section-boxed elementor-section-height-default elementor-section-height-default jltma-glass-effect-no\" data-id=\"1d20ef9\" data-element_type=\"section\">\n\t\t\t\t\t\t<div class=\"elementor-container elementor-column-gap-default\">\n\t\t\t\t\t\t\t<div class=\"elementor-row\">\n\t\t\t\t\t<div class=\"has_ma_el_bg_slider elementor-column elementor-col-100 elementor-top-column elementor-element elementor-element-084f5c7 jltma-glass-effect-no\" data-id=\"084f5c7\" data-element_type=\"column\">\n\t\t\t<div class=\"elementor-column-wrap elementor-element-populated\">\n\t\t\t\t\t\t\t<div class=\"elementor-widget-wrap\">\n\t\t\t\t\t\t<section class=\"has_ma_el_bg_slider elementor-section elementor-inner-section elementor-element elementor-element-55d17c8 elementor-section-boxed elementor-section-height-default elementor-section-height-default jltma-glass-effect-no\" data-id=\"55d17c8\" data-element_type=\"section\">\n\t\t\t\t\t\t<div class=\"elementor-container elementor-column-gap-default\">\n\t\t\t\t\t\t\t<div class=\"elementor-row\">\n\t\t\t\t\t<div class=\"has_ma_el_bg_slider elementor-column elementor-col-100 elementor-inner-column elementor-element elementor-element-c07f433 jltma-glass-effect-no\" data-id=\"c07f433\" data-element_type=\"column\">\n\t\t\t<div class=\"elementor-column-wrap elementor-element-populated\">\n\t\t\t\t\t\t\t<div class=\"elementor-widget-wrap\">\n\t\t\t\t\t\t<div class=\"elementor-element elementor-element-dd84c29 jltma-glass-effect-no elementor-widget elementor-widget-heading\" data-id=\"dd84c29\" data-element_type=\"widget\" data-widget_type=\"heading.default\">\n\t\t\t\t<div class=\"elementor-widget-container\">\n\t\t\t<h2 class=\"elementor-heading-title elementor-size-default\">INDION-BEWEBUNGSSCHLAMMVERFAHREN<\/h2>\t\t<\/div>\n\t\t\t\t<\/div>\n\t\t\t\t<div class=\"elementor-element elementor-element-c8e2f5a jltma-glass-effect-no elementor-widget elementor-widget-text-editor\" data-id=\"c8e2f5a\" data-element_type=\"widget\" data-widget_type=\"text-editor.default\">\n\t\t\t\t<div class=\"elementor-widget-container\">\n\t\t\t\t\t\t\t\t<div class=\"elementor-text-editor elementor-clearfix\">\n\t\t\t\t<p>Beim Belebtschlammverfahren handelt es sich um ein Belebungsbecken mit suspendierten Mikroorganismen (MLSS), das im Abwasser vorhandene organische Stoffe abbaut. Das MLSS wird im Nachkl\u00e4rbecken weiter abgesetzt und der abgesetzte Schlamm wird in den Belebungstank zur\u00fcckgef\u00fchrt, um das MLSS aufrechtzuerhalten. Luft\/Sauerstoff wird entweder \u00fcber ein Oberfl\u00e4chen- oder ein diffuses Bel\u00fcftungssystem zugef\u00fchrt. Die hydraulische Verweilzeit (HRT) betr\u00e4gt etwa 6 bis 7 Stunden und die Schlammverweilzeit (SRT) liegt zwischen 8 und 15 Tagen.<\/p>\t\t\t\t\t<\/div>\n\t\t\t\t\t\t<\/div>\n\t\t\t\t<\/div>\n\t\t\t\t<div class=\"elementor-element elementor-element-793cc0d dce_masking-none jltma-glass-effect-no elementor-widget elementor-widget-image\" data-id=\"793cc0d\" data-element_type=\"widget\" data-widget_type=\"image.default\">\n\t\t\t\t<div class=\"elementor-widget-container\">\n\t\t\t\t\t\t\t\t<div class=\"elementor-image\">\n\t\t\t\t\t\t\t\t\t\t\t\t<img decoding=\"async\" width=\"391\" height=\"453\" src=\"https:\/\/ionexchangeglobal.com\/int\/wp-content\/uploads\/2022\/04\/activated-sludge-process.jpg\" class=\"attachment-large size-large wp-image-25091\" alt=\"\" srcset=\"https:\/\/ionexchangeglobal.com\/int\/wp-content\/uploads\/2022\/04\/activated-sludge-process.jpg 391w, https:\/\/ionexchangeglobal.com\/int\/wp-content\/uploads\/2022\/04\/activated-sludge-process-259x300.jpg 259w\" sizes=\"(max-width: 391px) 100vw, 391px\" loading=\"lazy\" \/>\t\t\t\t\t\t\t\t\t\t\t\t\t\t<\/div>\n\t\t\t\t\t\t<\/div>\n\t\t\t\t<\/div>\n\t\t\t\t\t\t<\/div>\n\t\t\t\t\t<\/div>\n\t\t<\/div>\n\t\t\t\t\t\t\t\t<\/div>\n\t\t\t\t\t<\/div>\n\t\t<\/section>\n\t\t\t\t<section class=\"has_ma_el_bg_slider elementor-section elementor-inner-section elementor-element elementor-element-4b71913 elementor-section-boxed elementor-section-height-default elementor-section-height-default jltma-glass-effect-no\" data-id=\"4b71913\" data-element_type=\"section\">\n\t\t\t\t\t\t<div class=\"elementor-container elementor-column-gap-default\">\n\t\t\t\t\t\t\t<div class=\"elementor-row\">\n\t\t\t\t\t<div class=\"has_ma_el_bg_slider elementor-column elementor-col-100 elementor-inner-column elementor-element elementor-element-ff97ea7 jltma-glass-effect-no\" data-id=\"ff97ea7\" data-element_type=\"column\">\n\t\t\t<div class=\"elementor-column-wrap elementor-element-populated\">\n\t\t\t\t\t\t\t<div class=\"elementor-widget-wrap\">\n\t\t\t\t\t\t<div class=\"elementor-element elementor-element-08bc597 jltma-glass-effect-no elementor-widget elementor-widget-heading\" data-id=\"08bc597\" data-element_type=\"widget\" data-widget_type=\"heading.default\">\n\t\t\t\t<div class=\"elementor-widget-container\">\n\t\t\t<h2 class=\"elementor-heading-title elementor-size-default\">INDION ERWEITERTE BEL\u00dcFTUNG<\/h2>\t\t<\/div>\n\t\t\t\t<\/div>\n\t\t\t\t<div class=\"elementor-element elementor-element-9e4362d jltma-glass-effect-no elementor-widget elementor-widget-text-editor\" data-id=\"9e4362d\" data-element_type=\"widget\" data-widget_type=\"text-editor.default\">\n\t\t\t\t<div class=\"elementor-widget-container\">\n\t\t\t\t\t\t\t\t<div class=\"elementor-text-editor elementor-clearfix\">\n\t\t\t\t<p>Die erweiterte Bel\u00fcftung \u00e4hnelt dem Belebtschlammverfahren, mit der Ausnahme, dass sie im Vergleich zum Belebtschlammverfahren eine h\u00f6here HRT (8 \u2013 10 Stunden) und SRT (20 \u2013 25 Tage) aufweist und somit hoch stabilisierten Schlamm erzeugt.<\/p><p><strong>Reaktion:<\/strong><\/p><p><img decoding=\"async\" class=\"alignnone wp-image-25092 size-full\" src=\"https:\/\/ion.showdigital.in\/app\/uploads\/2022\/04\/activated-sludge-process-reaction-1.jpg\" alt=\"\" width=\"579\" height=\"67\" srcset=\"https:\/\/ionexchangeglobal.com\/int\/wp-content\/uploads\/2022\/04\/activated-sludge-process-reaction-1.jpg 579w, https:\/\/ionexchangeglobal.com\/int\/wp-content\/uploads\/2022\/04\/activated-sludge-process-reaction-1-300x35.jpg 300w\" sizes=\"(max-width: 579px) 100vw, 579px\" loading=\"lazy\" \/><\/p><p><img decoding=\"async\" class=\"alignnone wp-image-25093 size-full\" src=\"https:\/\/ion.showdigital.in\/app\/uploads\/2022\/04\/activated-sludge-process-reaction-2.jpg\" alt=\"\" width=\"417\" height=\"71\" srcset=\"https:\/\/ionexchangeglobal.com\/int\/wp-content\/uploads\/2022\/04\/activated-sludge-process-reaction-2.jpg 417w, https:\/\/ionexchangeglobal.com\/int\/wp-content\/uploads\/2022\/04\/activated-sludge-process-reaction-2-300x51.jpg 300w\" sizes=\"(max-width: 417px) 100vw, 417px\" loading=\"lazy\" \/><\/p><p>Ein diffuses Bel\u00fcftungssystem soll verwendet werden, um den Mikroorganismen den gew\u00fcnschten Sauerstoff zuzuf\u00fchren, was auch dazu dient, den Reaktorinhalt in einem vollst\u00e4ndig gemischten Zustand zu halten und einen Gehalt an gel\u00f6stem Sauerstoff (DO) von 2 ppm aufrechtzuerhalten.<\/p><p><img decoding=\"async\" class=\"aligncenter wp-image-25097 size-full\" src=\"https:\/\/ion.showdigital.in\/app\/uploads\/2022\/04\/activated-sludge-process-img.jpg\" alt=\"\" width=\"490\" height=\"242\" srcset=\"https:\/\/ionexchangeglobal.com\/int\/wp-content\/uploads\/2022\/04\/activated-sludge-process-img.jpg 490w, https:\/\/ionexchangeglobal.com\/int\/wp-content\/uploads\/2022\/04\/activated-sludge-process-img-300x148.jpg 300w\" sizes=\"(max-width: 490px) 100vw, 490px\" loading=\"lazy\" \/><\/p>\t\t\t\t\t<\/div>\n\t\t\t\t\t\t<\/div>\n\t\t\t\t<\/div>\n\t\t\t\t\t\t<\/div>\n\t\t\t\t\t<\/div>\n\t\t<\/div>\n\t\t\t\t\t\t\t\t<\/div>\n\t\t\t\t\t<\/div>\n\t\t<\/section>\n\t\t\t\t\t\t<\/div>\n\t\t\t\t\t<\/div>\n\t\t<\/div>\n\t\t\t\t\t\t\t\t<\/div>\n\t\t\t\t\t<\/div>\n\t\t<\/section>\n\t\t\t\t<section class=\"has_ma_el_bg_slider elementor-section elementor-top-section elementor-element elementor-element-905a488 elementor-section-boxed elementor-section-height-default elementor-section-height-default jltma-glass-effect-no\" data-id=\"905a488\" data-element_type=\"section\">\n\t\t\t\t\t\t<div class=\"elementor-container elementor-column-gap-default\">\n\t\t\t\t\t\t\t<div class=\"elementor-row\">\n\t\t\t\t\t<div class=\"has_ma_el_bg_slider elementor-column elementor-col-100 elementor-top-column elementor-element elementor-element-3666758 jltma-glass-effect-no\" data-id=\"3666758\" data-element_type=\"column\">\n\t\t\t<div class=\"elementor-column-wrap elementor-element-populated\">\n\t\t\t\t\t\t\t<div class=\"elementor-widget-wrap\">\n\t\t\t\t\t\t<section class=\"has_ma_el_bg_slider elementor-section elementor-inner-section elementor-element elementor-element-08a4475 elementor-section-boxed elementor-section-height-default elementor-section-height-default jltma-glass-effect-no\" data-id=\"08a4475\" data-element_type=\"section\">\n\t\t\t\t\t\t<div class=\"elementor-container elementor-column-gap-default\">\n\t\t\t\t\t\t\t<div class=\"elementor-row\">\n\t\t\t\t\t<div class=\"has_ma_el_bg_slider elementor-column elementor-col-100 elementor-inner-column elementor-element elementor-element-b0c8931 jltma-glass-effect-no\" data-id=\"b0c8931\" data-element_type=\"column\">\n\t\t\t<div class=\"elementor-column-wrap elementor-element-populated\">\n\t\t\t\t\t\t\t<div class=\"elementor-widget-wrap\">\n\t\t\t\t\t\t<div class=\"elementor-element elementor-element-3a089b0 jltma-glass-effect-no elementor-widget elementor-widget-heading\" data-id=\"3a089b0\" data-element_type=\"widget\" data-widget_type=\"heading.default\">\n\t\t\t\t<div class=\"elementor-widget-container\">\n\t\t\t<h2 class=\"elementor-heading-title elementor-size-default\">INDION SEKUND\u00c4RKL\u00c4RGER\u00c4T<\/h2>\t\t<\/div>\n\t\t\t\t<\/div>\n\t\t\t\t<div class=\"elementor-element elementor-element-b796ee7 jltma-glass-effect-no elementor-widget elementor-widget-text-editor\" data-id=\"b796ee7\" data-element_type=\"widget\" data-widget_type=\"text-editor.default\">\n\t\t\t\t<div class=\"elementor-widget-container\">\n\t\t\t\t\t\t\t\t<div class=\"elementor-text-editor elementor-clearfix\">\n\t\t\t\t<p>Die gemischte Fl\u00fcssigkeit aus dem Belebungstank gelangt zur Trennung von Schlamm und Fl\u00fcssigkeit in den zentralen Schacht des INDION-Nachkl\u00e4rbeckens. Am Ende der Bel\u00fcftungsperiode flie\u00dft das Gemisch aus Abwasser und biologischer Masse (Mischlauge) durch die Auslassrinne in das INDION-Nachkl\u00e4rbecken. Hier werden die Schwebstoffe (MLSS) und die Fl\u00fcssigkeit durch Schwerkraft getrennt. Die abgetrennten Feststoffe werden als R\u00fccklaufschlamm in das Belebungsbecken zur\u00fcckgef\u00fchrt, w\u00e4hrend die Fl\u00fcssigkeit zur weiteren Behandlung \u00fcber ein Wehr in den Kl\u00e4rwassertank \u00fcberl\u00e4uft.<\/p><p><img decoding=\"async\" class=\"aligncenter wp-image-25101 size-full\" src=\"https:\/\/ion.showdigital.in\/app\/uploads\/2022\/04\/INDION-SECONDARY-CLARIFIER.jpg\" alt=\"\" width=\"503\" height=\"226\" srcset=\"https:\/\/ionexchangeglobal.com\/int\/wp-content\/uploads\/2022\/04\/INDION-SECONDARY-CLARIFIER.jpg 503w, https:\/\/ionexchangeglobal.com\/int\/wp-content\/uploads\/2022\/04\/INDION-SECONDARY-CLARIFIER-300x135.jpg 300w\" sizes=\"(max-width: 503px) 100vw, 503px\" loading=\"lazy\" \/><\/p>\t\t\t\t\t<\/div>\n\t\t\t\t\t\t<\/div>\n\t\t\t\t<\/div>\n\t\t\t\t\t\t<\/div>\n\t\t\t\t\t<\/div>\n\t\t<\/div>\n\t\t\t\t\t\t\t\t<\/div>\n\t\t\t\t\t<\/div>\n\t\t<\/section>\n\t\t\t\t\t\t<\/div>\n\t\t\t\t\t<\/div>\n\t\t<\/div>\n\t\t\t\t\t\t\t\t<\/div>\n\t\t\t\t\t<\/div>\n\t\t<\/section>\n\t\t\t\t\t\t\t\t\t<\/div>\n\t\t\t<\/div>\n\t\t\t\t\t<\/div>\n\t\t","protected":false},"excerpt":{"rendered":"<p>INDION-BEWEBUNGSSCHLAMMVERFAHREN Beim Belebtschlammverfahren handelt es sich um ein Belebungsbecken mit suspendierten Mikroorganismen (MLSS), das im Abwasser vorhandene organische Stoffe abbaut. Das MLSS wird im Nachkl\u00e4rbecken weiter abgesetzt und der abgesetzte Schlamm wird in den Belebungstank zur\u00fcckgef\u00fchrt, um das MLSS aufrechtzuerhalten. Luft\/Sauerstoff wird entweder \u00fcber ein Oberfl\u00e4chen- oder ein diffuses Bel\u00fcftungssystem zugef\u00fchrt. Die hydraulische Verweilzeit (HRT)&hellip;<\/p>\n","protected":false},"author":9,"featured_media":23689,"parent":0,"menu_order":0,"comment_status":"closed","ping_status":"closed","template":"elementor_header_footer","meta":{"inline_featured_image":false},"yoast_head":"<!-- This site is optimized with the Yoast SEO plugin v20.12 - https:\/\/yoast.com\/wordpress\/plugins\/seo\/ -->\n<title>Belebtschlammsystem - Ion Exchange<\/title>\n<meta name=\"robots\" content=\"index, follow, max-snippet:-1, max-image-preview:large, max-video-preview:-1\" \/>\n<link rel=\"canonical\" href=\"https:\/\/ionexchangeglobal.com\/int\/de\/belebtschlammsystem\/\" \/>\n<meta property=\"og:locale\" content=\"en_US\" \/>\n<meta property=\"og:type\" content=\"article\" \/>\n<meta property=\"og:title\" content=\"Belebtschlammsystem - Ion Exchange\" \/>\n<meta property=\"og:description\" content=\"INDION-BEWEBUNGSSCHLAMMVERFAHREN Beim Belebtschlammverfahren handelt es sich um ein Belebungsbecken mit suspendierten Mikroorganismen (MLSS), das im Abwasser vorhandene organische Stoffe abbaut. Das MLSS wird im Nachkl\u00e4rbecken weiter abgesetzt und der abgesetzte Schlamm wird in den Belebungstank zur\u00fcckgef\u00fchrt, um das MLSS aufrechtzuerhalten. Luft\/Sauerstoff wird entweder \u00fcber ein Oberfl\u00e4chen- oder ein diffuses Bel\u00fcftungssystem zugef\u00fchrt. Die hydraulische Verweilzeit (HRT)&hellip;\" \/>\n<meta property=\"og:url\" content=\"https:\/\/ionexchangeglobal.com\/int\/de\/belebtschlammsystem\/\" \/>\n<meta property=\"og:site_name\" content=\"Ion Exchange\" \/>\n<meta property=\"article:publisher\" content=\"https:\/\/www.facebook.com\/IONEXCHANGE\" \/>\n<meta property=\"article:modified_time\" content=\"2023-12-05T18:08:41+00:00\" \/>\n<meta property=\"og:image\" content=\"https:\/\/ionexchangeglobal.com\/int\/wp-content\/uploads\/2022\/04\/waste-water-treatment-banner.jpg\" \/>\n\t<meta property=\"og:image:width\" content=\"1920\" \/>\n\t<meta property=\"og:image:height\" content=\"689\" \/>\n\t<meta property=\"og:image:type\" content=\"image\/jpeg\" \/>\n<meta name=\"twitter:card\" content=\"summary_large_image\" \/>\n<meta name=\"twitter:site\" content=\"@IEI_Ltd\" \/>\n<meta name=\"twitter:label1\" content=\"Est. reading time\" \/>\n\t<meta name=\"twitter:data1\" content=\"1 minute\" \/>\n<script type=\"application\/ld+json\" class=\"yoast-schema-graph\">{\"@context\":\"https:\/\/schema.org\",\"@graph\":[{\"@type\":\"WebPage\",\"@id\":\"https:\/\/ionexchangeglobal.com\/int\/de\/belebtschlammsystem\/\",\"url\":\"https:\/\/ionexchangeglobal.com\/int\/de\/belebtschlammsystem\/\",\"name\":\"Belebtschlammsystem - Ion Exchange\",\"isPartOf\":{\"@id\":\"https:\/\/ionexchangeglobal.com\/int\/#website\"},\"datePublished\":\"2022-04-27T12:28:12+00:00\",\"dateModified\":\"2023-12-05T18:08:41+00:00\",\"breadcrumb\":{\"@id\":\"https:\/\/ionexchangeglobal.com\/int\/de\/belebtschlammsystem\/#breadcrumb\"},\"inLanguage\":\"en-US\",\"potentialAction\":[{\"@type\":\"ReadAction\",\"target\":[\"https:\/\/ionexchangeglobal.com\/int\/de\/belebtschlammsystem\/\"]}]},{\"@type\":\"BreadcrumbList\",\"@id\":\"https:\/\/ionexchangeglobal.com\/int\/de\/belebtschlammsystem\/#breadcrumb\",\"itemListElement\":[{\"@type\":\"ListItem\",\"position\":1,\"name\":\"Home\",\"item\":\"https:\/\/ionexchangeglobal.com\/int\/pt\/pagina-inicial\/\"},{\"@type\":\"ListItem\",\"position\":2,\"name\":\"Belebtschlammsystem\"}]},{\"@type\":\"WebSite\",\"@id\":\"https:\/\/ionexchangeglobal.com\/int\/#website\",\"url\":\"https:\/\/ionexchangeglobal.com\/int\/\",\"name\":\"Ion Exchange\",\"description\":\"Refreshing the Planet\",\"publisher\":{\"@id\":\"https:\/\/ionexchangeglobal.com\/int\/#organization\"},\"potentialAction\":[{\"@type\":\"SearchAction\",\"target\":{\"@type\":\"EntryPoint\",\"urlTemplate\":\"https:\/\/ionexchangeglobal.com\/int\/?s={search_term_string}\"},\"query-input\":\"required name=search_term_string\"}],\"inLanguage\":\"en-US\"},{\"@type\":\"Organization\",\"@id\":\"https:\/\/ionexchangeglobal.com\/int\/#organization\",\"name\":\"Ion Exchange\",\"url\":\"https:\/\/ionexchangeglobal.com\/int\/\",\"logo\":{\"@type\":\"ImageObject\",\"inLanguage\":\"en-US\",\"@id\":\"https:\/\/ionexchangeglobal.com\/int\/#\/schema\/logo\/image\/\",\"url\":\"http:\/\/localhost:8000\/app\/uploads\/2022\/05\/ion-logo-1.webp\",\"contentUrl\":\"http:\/\/localhost:8000\/app\/uploads\/2022\/05\/ion-logo-1.webp\",\"width\":1,\"height\":1,\"caption\":\"Ion Exchange\"},\"image\":{\"@id\":\"https:\/\/ionexchangeglobal.com\/int\/#\/schema\/logo\/image\/\"},\"sameAs\":[\"https:\/\/www.facebook.com\/IONEXCHANGE\",\"https:\/\/twitter.com\/IEI_Ltd\",\"https:\/\/www.youtube.com\/channel\/UCqSuT-yd40I7RZ4p5UXuKbA\/videos\"]}]}<\/script>\n<!-- \/ Yoast SEO plugin. -->","yoast_head_json":{"title":"Belebtschlammsystem - Ion Exchange","robots":{"index":"index","follow":"follow","max-snippet":"max-snippet:-1","max-image-preview":"max-image-preview:large","max-video-preview":"max-video-preview:-1"},"canonical":"https:\/\/ionexchangeglobal.com\/int\/de\/belebtschlammsystem\/","og_locale":"en_US","og_type":"article","og_title":"Belebtschlammsystem - Ion Exchange","og_description":"INDION-BEWEBUNGSSCHLAMMVERFAHREN Beim Belebtschlammverfahren handelt es sich um ein Belebungsbecken mit suspendierten Mikroorganismen (MLSS), das im Abwasser vorhandene organische Stoffe abbaut. Das MLSS wird im Nachkl\u00e4rbecken weiter abgesetzt und der abgesetzte Schlamm wird in den Belebungstank zur\u00fcckgef\u00fchrt, um das MLSS aufrechtzuerhalten. Luft\/Sauerstoff wird entweder \u00fcber ein Oberfl\u00e4chen- oder ein diffuses Bel\u00fcftungssystem zugef\u00fchrt. Die hydraulische Verweilzeit (HRT)&hellip;","og_url":"https:\/\/ionexchangeglobal.com\/int\/de\/belebtschlammsystem\/","og_site_name":"Ion Exchange","article_publisher":"https:\/\/www.facebook.com\/IONEXCHANGE","article_modified_time":"2023-12-05T18:08:41+00:00","og_image":[{"width":1920,"height":689,"url":"https:\/\/ionexchangeglobal.com\/int\/wp-content\/uploads\/2022\/04\/waste-water-treatment-banner.jpg","type":"image\/jpeg"}],"twitter_card":"summary_large_image","twitter_site":"@IEI_Ltd","twitter_misc":{"Est. reading time":"1 minute"},"schema":{"@context":"https:\/\/schema.org","@graph":[{"@type":"WebPage","@id":"https:\/\/ionexchangeglobal.com\/int\/de\/belebtschlammsystem\/","url":"https:\/\/ionexchangeglobal.com\/int\/de\/belebtschlammsystem\/","name":"Belebtschlammsystem - Ion Exchange","isPartOf":{"@id":"https:\/\/ionexchangeglobal.com\/int\/#website"},"datePublished":"2022-04-27T12:28:12+00:00","dateModified":"2023-12-05T18:08:41+00:00","breadcrumb":{"@id":"https:\/\/ionexchangeglobal.com\/int\/de\/belebtschlammsystem\/#breadcrumb"},"inLanguage":"en-US","potentialAction":[{"@type":"ReadAction","target":["https:\/\/ionexchangeglobal.com\/int\/de\/belebtschlammsystem\/"]}]},{"@type":"BreadcrumbList","@id":"https:\/\/ionexchangeglobal.com\/int\/de\/belebtschlammsystem\/#breadcrumb","itemListElement":[{"@type":"ListItem","position":1,"name":"Home","item":"https:\/\/ionexchangeglobal.com\/int\/pt\/pagina-inicial\/"},{"@type":"ListItem","position":2,"name":"Belebtschlammsystem"}]},{"@type":"WebSite","@id":"https:\/\/ionexchangeglobal.com\/int\/#website","url":"https:\/\/ionexchangeglobal.com\/int\/","name":"Ion Exchange","description":"Refreshing the Planet","publisher":{"@id":"https:\/\/ionexchangeglobal.com\/int\/#organization"},"potentialAction":[{"@type":"SearchAction","target":{"@type":"EntryPoint","urlTemplate":"https:\/\/ionexchangeglobal.com\/int\/?s={search_term_string}"},"query-input":"required name=search_term_string"}],"inLanguage":"en-US"},{"@type":"Organization","@id":"https:\/\/ionexchangeglobal.com\/int\/#organization","name":"Ion Exchange","url":"https:\/\/ionexchangeglobal.com\/int\/","logo":{"@type":"ImageObject","inLanguage":"en-US","@id":"https:\/\/ionexchangeglobal.com\/int\/#\/schema\/logo\/image\/","url":"http:\/\/localhost:8000\/app\/uploads\/2022\/05\/ion-logo-1.webp","contentUrl":"http:\/\/localhost:8000\/app\/uploads\/2022\/05\/ion-logo-1.webp","width":1,"height":1,"caption":"Ion Exchange"},"image":{"@id":"https:\/\/ionexchangeglobal.com\/int\/#\/schema\/logo\/image\/"},"sameAs":["https:\/\/www.facebook.com\/IONEXCHANGE","https:\/\/twitter.com\/IEI_Ltd","https:\/\/www.youtube.com\/channel\/UCqSuT-yd40I7RZ4p5UXuKbA\/videos"]}]}},"lang":"de","translations":{"de":43658,"fr":36777,"en":25089,"es":37566,"ru":38780,"ja":39987,"pt":43579,"it":43653,"zh":43663},"pll_sync_post":[],"_links":{"self":[{"href":"https:\/\/ionexchangeglobal.com\/int\/wp-json\/wp\/v2\/pages\/43658"}],"collection":[{"href":"https:\/\/ionexchangeglobal.com\/int\/wp-json\/wp\/v2\/pages"}],"about":[{"href":"https:\/\/ionexchangeglobal.com\/int\/wp-json\/wp\/v2\/types\/page"}],"author":[{"embeddable":true,"href":"https:\/\/ionexchangeglobal.com\/int\/wp-json\/wp\/v2\/users\/9"}],"replies":[{"embeddable":true,"href":"https:\/\/ionexchangeglobal.com\/int\/wp-json\/wp\/v2\/comments?post=43658"}],"version-history":[{"count":4,"href":"https:\/\/ionexchangeglobal.com\/int\/wp-json\/wp\/v2\/pages\/43658\/revisions"}],"predecessor-version":[{"id":43662,"href":"https:\/\/ionexchangeglobal.com\/int\/wp-json\/wp\/v2\/pages\/43658\/revisions\/43662"}],"wp:featuredmedia":[{"embeddable":true,"href":"https:\/\/ionexchangeglobal.com\/int\/wp-json\/wp\/v2\/media\/23689"}],"wp:attachment":[{"href":"https:\/\/ionexchangeglobal.com\/int\/wp-json\/wp\/v2\/media?parent=43658"}],"curies":[{"name":"wp","href":"https:\/\/api.w.org\/{rel}","templated":true}]}}