{"id":43579,"date":"2022-04-27T12:28:12","date_gmt":"2022-04-27T12:28:12","guid":{"rendered":"https:\/\/ionexchangeglobal.com\/int\/?page_id=43579"},"modified":"2023-12-05T20:19:21","modified_gmt":"2023-12-05T14:49:21","slug":"sistema-de-lodo-ativado","status":"publish","type":"page","link":"https:\/\/ionexchangeglobal.com\/int\/pt\/sistema-de-lodo-ativado\/","title":{"rendered":"Sistema de Lodo Ativado"},"content":{"rendered":"\t\t<div data-elementor-type=\"wp-page\" data-elementor-id=\"43579\" data-post-id=\"43579\" data-obj-id=\"43579\" class=\"elementor elementor-43579 dce-elementor-post-43579\">\n\t\t\t\t\t\t<div class=\"elementor-inner\">\n\t\t\t\t<div class=\"elementor-section-wrap\">\n\t\t\t\t\t\t\t\t\t<section class=\"has_ma_el_bg_slider elementor-section elementor-top-section elementor-element elementor-element-1d20ef9 elementor-section-boxed elementor-section-height-default elementor-section-height-default jltma-glass-effect-no\" data-id=\"1d20ef9\" data-element_type=\"section\">\n\t\t\t\t\t\t<div class=\"elementor-container elementor-column-gap-default\">\n\t\t\t\t\t\t\t<div class=\"elementor-row\">\n\t\t\t\t\t<div class=\"has_ma_el_bg_slider elementor-column elementor-col-100 elementor-top-column elementor-element elementor-element-084f5c7 jltma-glass-effect-no\" data-id=\"084f5c7\" data-element_type=\"column\">\n\t\t\t<div class=\"elementor-column-wrap elementor-element-populated\">\n\t\t\t\t\t\t\t<div class=\"elementor-widget-wrap\">\n\t\t\t\t\t\t<section class=\"has_ma_el_bg_slider elementor-section elementor-inner-section elementor-element elementor-element-55d17c8 elementor-section-boxed elementor-section-height-default elementor-section-height-default jltma-glass-effect-no\" data-id=\"55d17c8\" data-element_type=\"section\">\n\t\t\t\t\t\t<div class=\"elementor-container elementor-column-gap-default\">\n\t\t\t\t\t\t\t<div class=\"elementor-row\">\n\t\t\t\t\t<div class=\"has_ma_el_bg_slider elementor-column elementor-col-100 elementor-inner-column elementor-element elementor-element-c07f433 jltma-glass-effect-no\" data-id=\"c07f433\" data-element_type=\"column\">\n\t\t\t<div class=\"elementor-column-wrap elementor-element-populated\">\n\t\t\t\t\t\t\t<div class=\"elementor-widget-wrap\">\n\t\t\t\t\t\t<div class=\"elementor-element elementor-element-dd84c29 jltma-glass-effect-no elementor-widget elementor-widget-heading\" data-id=\"dd84c29\" data-element_type=\"widget\" data-widget_type=\"heading.default\">\n\t\t\t\t<div class=\"elementor-widget-container\">\n\t\t\t<h2 class=\"elementor-heading-title elementor-size-default\">PROCESSO DE LODO ATIVADO POR INDION<\/h2>\t\t<\/div>\n\t\t\t\t<\/div>\n\t\t\t\t<div class=\"elementor-element elementor-element-c8e2f5a jltma-glass-effect-no elementor-widget elementor-widget-text-editor\" data-id=\"c8e2f5a\" data-element_type=\"widget\" data-widget_type=\"text-editor.default\">\n\t\t\t\t<div class=\"elementor-widget-container\">\n\t\t\t\t\t\t\t\t<div class=\"elementor-text-editor elementor-clearfix\">\n\t\t\t\t<p>O Processo de Lodos Ativados envolve tanque de aera\u00e7\u00e3o com microrganismos em suspens\u00e3o (MLSS) que degradam a mat\u00e9ria org\u00e2nica presente no efluente. O MLSS \u00e9 posteriormente sedimentado no clarificador secund\u00e1rio e o lodo sedimentado \u00e9 recirculado de volta no tanque de aera\u00e7\u00e3o para manter o MLSS. O ar\/oxig\u00eanio \u00e9 fornecido por sistema de aera\u00e7\u00e3o superficial ou difusa. O tempo de reten\u00e7\u00e3o hidr\u00e1ulica (TRH) \u00e9 de cerca de 6 a 7 horas e o tempo de reten\u00e7\u00e3o de lodo (SRT) \u00e9 de 8 a 15 dias.<\/p>\t\t\t\t\t<\/div>\n\t\t\t\t\t\t<\/div>\n\t\t\t\t<\/div>\n\t\t\t\t<div class=\"elementor-element elementor-element-793cc0d dce_masking-none jltma-glass-effect-no elementor-widget elementor-widget-image\" data-id=\"793cc0d\" data-element_type=\"widget\" data-widget_type=\"image.default\">\n\t\t\t\t<div class=\"elementor-widget-container\">\n\t\t\t\t\t\t\t\t<div class=\"elementor-image\">\n\t\t\t\t\t\t\t\t\t\t\t\t<img decoding=\"async\" width=\"391\" height=\"453\" src=\"https:\/\/ionexchangeglobal.com\/int\/wp-content\/uploads\/2022\/04\/activated-sludge-process.jpg\" class=\"attachment-large size-large wp-image-25091\" alt=\"\" srcset=\"https:\/\/ionexchangeglobal.com\/int\/wp-content\/uploads\/2022\/04\/activated-sludge-process.jpg 391w, https:\/\/ionexchangeglobal.com\/int\/wp-content\/uploads\/2022\/04\/activated-sludge-process-259x300.jpg 259w\" sizes=\"(max-width: 391px) 100vw, 391px\" loading=\"lazy\" \/>\t\t\t\t\t\t\t\t\t\t\t\t\t\t<\/div>\n\t\t\t\t\t\t<\/div>\n\t\t\t\t<\/div>\n\t\t\t\t\t\t<\/div>\n\t\t\t\t\t<\/div>\n\t\t<\/div>\n\t\t\t\t\t\t\t\t<\/div>\n\t\t\t\t\t<\/div>\n\t\t<\/section>\n\t\t\t\t<section class=\"has_ma_el_bg_slider elementor-section elementor-inner-section elementor-element elementor-element-4b71913 elementor-section-boxed elementor-section-height-default elementor-section-height-default jltma-glass-effect-no\" data-id=\"4b71913\" data-element_type=\"section\">\n\t\t\t\t\t\t<div class=\"elementor-container elementor-column-gap-default\">\n\t\t\t\t\t\t\t<div class=\"elementor-row\">\n\t\t\t\t\t<div class=\"has_ma_el_bg_slider elementor-column elementor-col-100 elementor-inner-column elementor-element elementor-element-ff97ea7 jltma-glass-effect-no\" data-id=\"ff97ea7\" data-element_type=\"column\">\n\t\t\t<div class=\"elementor-column-wrap elementor-element-populated\">\n\t\t\t\t\t\t\t<div class=\"elementor-widget-wrap\">\n\t\t\t\t\t\t<div class=\"elementor-element elementor-element-08bc597 jltma-glass-effect-no elementor-widget elementor-widget-heading\" data-id=\"08bc597\" data-element_type=\"widget\" data-widget_type=\"heading.default\">\n\t\t\t\t<div class=\"elementor-widget-container\">\n\t\t\t<h2 class=\"elementor-heading-title elementor-size-default\">AERA\u00c7\u00c3O ESTENDIDA INDION<\/h2>\t\t<\/div>\n\t\t\t\t<\/div>\n\t\t\t\t<div class=\"elementor-element elementor-element-9e4362d jltma-glass-effect-no elementor-widget elementor-widget-text-editor\" data-id=\"9e4362d\" data-element_type=\"widget\" data-widget_type=\"text-editor.default\">\n\t\t\t\t<div class=\"elementor-widget-container\">\n\t\t\t\t\t\t\t\t<div class=\"elementor-text-editor elementor-clearfix\">\n\t\t\t\t<p>A aera\u00e7\u00e3o prolongada \u00e9 semelhante ao processo de lodo ativado, exceto que inclui maior HRT (8 \u2013 10 horas) e SRT (20 \u2013 25 dias) em compara\u00e7\u00e3o ao processo de lodo ativado e, portanto, produz lodo altamente estabilizado.<\/p><p><strong>Rea\u00e7\u00e3o:<\/strong><\/p><p><img decoding=\"async\" class=\"alignnone wp-image-25092 size-full\" src=\"https:\/\/ion.showdigital.in\/app\/uploads\/2022\/04\/activated-sludge-process-reaction-1.jpg\" alt=\"\" width=\"579\" height=\"67\" srcset=\"https:\/\/ionexchangeglobal.com\/int\/wp-content\/uploads\/2022\/04\/activated-sludge-process-reaction-1.jpg 579w, https:\/\/ionexchangeglobal.com\/int\/wp-content\/uploads\/2022\/04\/activated-sludge-process-reaction-1-300x35.jpg 300w\" sizes=\"(max-width: 579px) 100vw, 579px\" loading=\"lazy\" \/><\/p><p><img decoding=\"async\" class=\"alignnone wp-image-25093 size-full\" src=\"https:\/\/ion.showdigital.in\/app\/uploads\/2022\/04\/activated-sludge-process-reaction-2.jpg\" alt=\"\" width=\"417\" height=\"71\" srcset=\"https:\/\/ionexchangeglobal.com\/int\/wp-content\/uploads\/2022\/04\/activated-sludge-process-reaction-2.jpg 417w, https:\/\/ionexchangeglobal.com\/int\/wp-content\/uploads\/2022\/04\/activated-sludge-process-reaction-2-300x51.jpg 300w\" sizes=\"(max-width: 417px) 100vw, 417px\" loading=\"lazy\" \/><\/p><p>O sistema de aera\u00e7\u00e3o difusa deve ser usado para fornecer o oxig\u00eanio desejado aos microrganismos, o que tamb\u00e9m serve para manter o conte\u00fado do reator em um regime completamente misturado e dissolver o n\u00edvel de oxig\u00eanio (OD) de 2 ppm.<\/p><p><img decoding=\"async\" class=\"aligncenter wp-image-25097 size-full\" src=\"https:\/\/ion.showdigital.in\/app\/uploads\/2022\/04\/activated-sludge-process-img.jpg\" alt=\"\" width=\"490\" height=\"242\" srcset=\"https:\/\/ionexchangeglobal.com\/int\/wp-content\/uploads\/2022\/04\/activated-sludge-process-img.jpg 490w, https:\/\/ionexchangeglobal.com\/int\/wp-content\/uploads\/2022\/04\/activated-sludge-process-img-300x148.jpg 300w\" sizes=\"(max-width: 490px) 100vw, 490px\" loading=\"lazy\" \/><\/p>\t\t\t\t\t<\/div>\n\t\t\t\t\t\t<\/div>\n\t\t\t\t<\/div>\n\t\t\t\t\t\t<\/div>\n\t\t\t\t\t<\/div>\n\t\t<\/div>\n\t\t\t\t\t\t\t\t<\/div>\n\t\t\t\t\t<\/div>\n\t\t<\/section>\n\t\t\t\t\t\t<\/div>\n\t\t\t\t\t<\/div>\n\t\t<\/div>\n\t\t\t\t\t\t\t\t<\/div>\n\t\t\t\t\t<\/div>\n\t\t<\/section>\n\t\t\t\t<section class=\"has_ma_el_bg_slider elementor-section elementor-top-section elementor-element elementor-element-905a488 elementor-section-boxed elementor-section-height-default elementor-section-height-default jltma-glass-effect-no\" data-id=\"905a488\" data-element_type=\"section\">\n\t\t\t\t\t\t<div class=\"elementor-container elementor-column-gap-default\">\n\t\t\t\t\t\t\t<div class=\"elementor-row\">\n\t\t\t\t\t<div class=\"has_ma_el_bg_slider elementor-column elementor-col-100 elementor-top-column elementor-element elementor-element-3666758 jltma-glass-effect-no\" data-id=\"3666758\" data-element_type=\"column\">\n\t\t\t<div class=\"elementor-column-wrap elementor-element-populated\">\n\t\t\t\t\t\t\t<div class=\"elementor-widget-wrap\">\n\t\t\t\t\t\t<section class=\"has_ma_el_bg_slider elementor-section elementor-inner-section elementor-element elementor-element-08a4475 elementor-section-boxed elementor-section-height-default elementor-section-height-default jltma-glass-effect-no\" data-id=\"08a4475\" data-element_type=\"section\">\n\t\t\t\t\t\t<div class=\"elementor-container elementor-column-gap-default\">\n\t\t\t\t\t\t\t<div class=\"elementor-row\">\n\t\t\t\t\t<div class=\"has_ma_el_bg_slider elementor-column elementor-col-100 elementor-inner-column elementor-element elementor-element-b0c8931 jltma-glass-effect-no\" data-id=\"b0c8931\" data-element_type=\"column\">\n\t\t\t<div class=\"elementor-column-wrap elementor-element-populated\">\n\t\t\t\t\t\t\t<div class=\"elementor-widget-wrap\">\n\t\t\t\t\t\t<div class=\"elementor-element elementor-element-3a089b0 jltma-glass-effect-no elementor-widget elementor-widget-heading\" data-id=\"3a089b0\" data-element_type=\"widget\" data-widget_type=\"heading.default\">\n\t\t\t\t<div class=\"elementor-widget-container\">\n\t\t\t<h2 class=\"elementor-heading-title elementor-size-default\">CLARIFICADOR SECUND\u00c1RIO INDION<\/h2>\t\t<\/div>\n\t\t\t\t<\/div>\n\t\t\t\t<div class=\"elementor-element elementor-element-b796ee7 jltma-glass-effect-no elementor-widget elementor-widget-text-editor\" data-id=\"b796ee7\" data-element_type=\"widget\" data-widget_type=\"text-editor.default\">\n\t\t\t\t<div class=\"elementor-widget-container\">\n\t\t\t\t\t\t\t\t<div class=\"elementor-text-editor elementor-clearfix\">\n\t\t\t\t<p>O licor misturado do tanque de aera\u00e7\u00e3o entra no po\u00e7o central do clarificador secund\u00e1rio INDION para separa\u00e7\u00e3o de lodo e l\u00edquido. No final do per\u00edodo de arejamento, a mistura de \u00e1guas residuais e massa biol\u00f3gica (licor misto) flui atrav\u00e9s da calha de sa\u00edda para o clarificador secund\u00e1rio INDION. Aqui os s\u00f3lidos suspensos (MLSS) e os l\u00edquidos s\u00e3o separados por gravidade. Os s\u00f3lidos separados s\u00e3o devolvidos ao tanque de aera\u00e7\u00e3o como lodo de retorno, enquanto o l\u00edquido transborda pelo a\u00e7ude para o tanque de \u00e1gua clarificada para tratamento posterior.<\/p><p><img decoding=\"async\" class=\"aligncenter wp-image-25101 size-full\" src=\"https:\/\/ion.showdigital.in\/app\/uploads\/2022\/04\/INDION-SECONDARY-CLARIFIER.jpg\" alt=\"\" width=\"503\" height=\"226\" srcset=\"https:\/\/ionexchangeglobal.com\/int\/wp-content\/uploads\/2022\/04\/INDION-SECONDARY-CLARIFIER.jpg 503w, https:\/\/ionexchangeglobal.com\/int\/wp-content\/uploads\/2022\/04\/INDION-SECONDARY-CLARIFIER-300x135.jpg 300w\" sizes=\"(max-width: 503px) 100vw, 503px\" loading=\"lazy\" \/><\/p>\t\t\t\t\t<\/div>\n\t\t\t\t\t\t<\/div>\n\t\t\t\t<\/div>\n\t\t\t\t\t\t<\/div>\n\t\t\t\t\t<\/div>\n\t\t<\/div>\n\t\t\t\t\t\t\t\t<\/div>\n\t\t\t\t\t<\/div>\n\t\t<\/section>\n\t\t\t\t\t\t<\/div>\n\t\t\t\t\t<\/div>\n\t\t<\/div>\n\t\t\t\t\t\t\t\t<\/div>\n\t\t\t\t\t<\/div>\n\t\t<\/section>\n\t\t\t\t\t\t\t\t\t<\/div>\n\t\t\t<\/div>\n\t\t\t\t\t<\/div>\n\t\t","protected":false},"excerpt":{"rendered":"<p>PROCESSO DE LODO ATIVADO POR INDION O Processo de Lodos Ativados envolve tanque de aera\u00e7\u00e3o com microrganismos em suspens\u00e3o (MLSS) que degradam a mat\u00e9ria org\u00e2nica presente no efluente. O MLSS \u00e9 posteriormente sedimentado no clarificador secund\u00e1rio e o lodo sedimentado \u00e9 recirculado de volta no tanque de aera\u00e7\u00e3o para manter o MLSS. O ar\/oxig\u00eanio \u00e9&hellip;<\/p>\n","protected":false},"author":9,"featured_media":23689,"parent":0,"menu_order":0,"comment_status":"closed","ping_status":"closed","template":"elementor_header_footer","meta":{"inline_featured_image":false},"yoast_head":"<!-- This site is optimized with the Yoast SEO plugin v20.12 - https:\/\/yoast.com\/wordpress\/plugins\/seo\/ -->\n<title>Sistema de Lodo Ativado - Ion Exchange<\/title>\n<meta name=\"robots\" content=\"index, follow, max-snippet:-1, max-image-preview:large, max-video-preview:-1\" \/>\n<link rel=\"canonical\" href=\"https:\/\/ionexchangeglobal.com\/int\/pt\/sistema-de-lodo-ativado\/\" \/>\n<meta property=\"og:locale\" content=\"en_US\" \/>\n<meta property=\"og:type\" content=\"article\" \/>\n<meta property=\"og:title\" content=\"Sistema de Lodo Ativado - Ion Exchange\" \/>\n<meta property=\"og:description\" content=\"PROCESSO DE LODO ATIVADO POR INDION O Processo de Lodos Ativados envolve tanque de aera\u00e7\u00e3o com microrganismos em suspens\u00e3o (MLSS) que degradam a mat\u00e9ria org\u00e2nica presente no efluente. O MLSS \u00e9 posteriormente sedimentado no clarificador secund\u00e1rio e o lodo sedimentado \u00e9 recirculado de volta no tanque de aera\u00e7\u00e3o para manter o MLSS. O ar\/oxig\u00eanio \u00e9&hellip;\" \/>\n<meta property=\"og:url\" content=\"https:\/\/ionexchangeglobal.com\/int\/pt\/sistema-de-lodo-ativado\/\" \/>\n<meta property=\"og:site_name\" content=\"Ion Exchange\" \/>\n<meta property=\"article:publisher\" content=\"https:\/\/www.facebook.com\/IONEXCHANGE\" \/>\n<meta property=\"article:modified_time\" content=\"2023-12-05T14:49:21+00:00\" \/>\n<meta property=\"og:image\" content=\"https:\/\/ionexchangeglobal.com\/int\/wp-content\/uploads\/2022\/04\/waste-water-treatment-banner.jpg\" \/>\n\t<meta property=\"og:image:width\" content=\"1920\" \/>\n\t<meta property=\"og:image:height\" content=\"689\" \/>\n\t<meta property=\"og:image:type\" content=\"image\/jpeg\" \/>\n<meta name=\"twitter:card\" content=\"summary_large_image\" \/>\n<meta name=\"twitter:site\" content=\"@IEI_Ltd\" \/>\n<meta name=\"twitter:label1\" content=\"Est. reading time\" \/>\n\t<meta name=\"twitter:data1\" content=\"1 minute\" \/>\n<script type=\"application\/ld+json\" class=\"yoast-schema-graph\">{\"@context\":\"https:\/\/schema.org\",\"@graph\":[{\"@type\":\"WebPage\",\"@id\":\"https:\/\/ionexchangeglobal.com\/int\/pt\/sistema-de-lodo-ativado\/\",\"url\":\"https:\/\/ionexchangeglobal.com\/int\/pt\/sistema-de-lodo-ativado\/\",\"name\":\"Sistema de Lodo Ativado - Ion Exchange\",\"isPartOf\":{\"@id\":\"https:\/\/ionexchangeglobal.com\/int\/#website\"},\"datePublished\":\"2022-04-27T12:28:12+00:00\",\"dateModified\":\"2023-12-05T14:49:21+00:00\",\"breadcrumb\":{\"@id\":\"https:\/\/ionexchangeglobal.com\/int\/pt\/sistema-de-lodo-ativado\/#breadcrumb\"},\"inLanguage\":\"en-US\",\"potentialAction\":[{\"@type\":\"ReadAction\",\"target\":[\"https:\/\/ionexchangeglobal.com\/int\/pt\/sistema-de-lodo-ativado\/\"]}]},{\"@type\":\"BreadcrumbList\",\"@id\":\"https:\/\/ionexchangeglobal.com\/int\/pt\/sistema-de-lodo-ativado\/#breadcrumb\",\"itemListElement\":[{\"@type\":\"ListItem\",\"position\":1,\"name\":\"Home\",\"item\":\"https:\/\/ionexchangeglobal.com\/int\/pt\/pagina-inicial\/\"},{\"@type\":\"ListItem\",\"position\":2,\"name\":\"Sistema de Lodo Ativado\"}]},{\"@type\":\"WebSite\",\"@id\":\"https:\/\/ionexchangeglobal.com\/int\/#website\",\"url\":\"https:\/\/ionexchangeglobal.com\/int\/\",\"name\":\"Ion Exchange\",\"description\":\"Refreshing the Planet\",\"publisher\":{\"@id\":\"https:\/\/ionexchangeglobal.com\/int\/#organization\"},\"potentialAction\":[{\"@type\":\"SearchAction\",\"target\":{\"@type\":\"EntryPoint\",\"urlTemplate\":\"https:\/\/ionexchangeglobal.com\/int\/?s={search_term_string}\"},\"query-input\":\"required name=search_term_string\"}],\"inLanguage\":\"en-US\"},{\"@type\":\"Organization\",\"@id\":\"https:\/\/ionexchangeglobal.com\/int\/#organization\",\"name\":\"Ion Exchange\",\"url\":\"https:\/\/ionexchangeglobal.com\/int\/\",\"logo\":{\"@type\":\"ImageObject\",\"inLanguage\":\"en-US\",\"@id\":\"https:\/\/ionexchangeglobal.com\/int\/#\/schema\/logo\/image\/\",\"url\":\"http:\/\/localhost:8000\/app\/uploads\/2022\/05\/ion-logo-1.webp\",\"contentUrl\":\"http:\/\/localhost:8000\/app\/uploads\/2022\/05\/ion-logo-1.webp\",\"width\":1,\"height\":1,\"caption\":\"Ion Exchange\"},\"image\":{\"@id\":\"https:\/\/ionexchangeglobal.com\/int\/#\/schema\/logo\/image\/\"},\"sameAs\":[\"https:\/\/www.facebook.com\/IONEXCHANGE\",\"https:\/\/twitter.com\/IEI_Ltd\",\"https:\/\/www.youtube.com\/channel\/UCqSuT-yd40I7RZ4p5UXuKbA\/videos\"]}]}<\/script>\n<!-- \/ Yoast SEO plugin. -->","yoast_head_json":{"title":"Sistema de Lodo Ativado - Ion Exchange","robots":{"index":"index","follow":"follow","max-snippet":"max-snippet:-1","max-image-preview":"max-image-preview:large","max-video-preview":"max-video-preview:-1"},"canonical":"https:\/\/ionexchangeglobal.com\/int\/pt\/sistema-de-lodo-ativado\/","og_locale":"en_US","og_type":"article","og_title":"Sistema de Lodo Ativado - Ion Exchange","og_description":"PROCESSO DE LODO ATIVADO POR INDION O Processo de Lodos Ativados envolve tanque de aera\u00e7\u00e3o com microrganismos em suspens\u00e3o (MLSS) que degradam a mat\u00e9ria org\u00e2nica presente no efluente. O MLSS \u00e9 posteriormente sedimentado no clarificador secund\u00e1rio e o lodo sedimentado \u00e9 recirculado de volta no tanque de aera\u00e7\u00e3o para manter o MLSS. O ar\/oxig\u00eanio \u00e9&hellip;","og_url":"https:\/\/ionexchangeglobal.com\/int\/pt\/sistema-de-lodo-ativado\/","og_site_name":"Ion Exchange","article_publisher":"https:\/\/www.facebook.com\/IONEXCHANGE","article_modified_time":"2023-12-05T14:49:21+00:00","og_image":[{"width":1920,"height":689,"url":"https:\/\/ionexchangeglobal.com\/int\/wp-content\/uploads\/2022\/04\/waste-water-treatment-banner.jpg","type":"image\/jpeg"}],"twitter_card":"summary_large_image","twitter_site":"@IEI_Ltd","twitter_misc":{"Est. reading time":"1 minute"},"schema":{"@context":"https:\/\/schema.org","@graph":[{"@type":"WebPage","@id":"https:\/\/ionexchangeglobal.com\/int\/pt\/sistema-de-lodo-ativado\/","url":"https:\/\/ionexchangeglobal.com\/int\/pt\/sistema-de-lodo-ativado\/","name":"Sistema de Lodo Ativado - Ion Exchange","isPartOf":{"@id":"https:\/\/ionexchangeglobal.com\/int\/#website"},"datePublished":"2022-04-27T12:28:12+00:00","dateModified":"2023-12-05T14:49:21+00:00","breadcrumb":{"@id":"https:\/\/ionexchangeglobal.com\/int\/pt\/sistema-de-lodo-ativado\/#breadcrumb"},"inLanguage":"en-US","potentialAction":[{"@type":"ReadAction","target":["https:\/\/ionexchangeglobal.com\/int\/pt\/sistema-de-lodo-ativado\/"]}]},{"@type":"BreadcrumbList","@id":"https:\/\/ionexchangeglobal.com\/int\/pt\/sistema-de-lodo-ativado\/#breadcrumb","itemListElement":[{"@type":"ListItem","position":1,"name":"Home","item":"https:\/\/ionexchangeglobal.com\/int\/pt\/pagina-inicial\/"},{"@type":"ListItem","position":2,"name":"Sistema de Lodo Ativado"}]},{"@type":"WebSite","@id":"https:\/\/ionexchangeglobal.com\/int\/#website","url":"https:\/\/ionexchangeglobal.com\/int\/","name":"Ion Exchange","description":"Refreshing the Planet","publisher":{"@id":"https:\/\/ionexchangeglobal.com\/int\/#organization"},"potentialAction":[{"@type":"SearchAction","target":{"@type":"EntryPoint","urlTemplate":"https:\/\/ionexchangeglobal.com\/int\/?s={search_term_string}"},"query-input":"required name=search_term_string"}],"inLanguage":"en-US"},{"@type":"Organization","@id":"https:\/\/ionexchangeglobal.com\/int\/#organization","name":"Ion Exchange","url":"https:\/\/ionexchangeglobal.com\/int\/","logo":{"@type":"ImageObject","inLanguage":"en-US","@id":"https:\/\/ionexchangeglobal.com\/int\/#\/schema\/logo\/image\/","url":"http:\/\/localhost:8000\/app\/uploads\/2022\/05\/ion-logo-1.webp","contentUrl":"http:\/\/localhost:8000\/app\/uploads\/2022\/05\/ion-logo-1.webp","width":1,"height":1,"caption":"Ion Exchange"},"image":{"@id":"https:\/\/ionexchangeglobal.com\/int\/#\/schema\/logo\/image\/"},"sameAs":["https:\/\/www.facebook.com\/IONEXCHANGE","https:\/\/twitter.com\/IEI_Ltd","https:\/\/www.youtube.com\/channel\/UCqSuT-yd40I7RZ4p5UXuKbA\/videos"]}]}},"lang":"pt","translations":{"pt":43579,"fr":36777,"en":25089,"es":37566,"ru":38780,"ja":39987,"it":43653,"de":43658,"zh":43663},"pll_sync_post":[],"_links":{"self":[{"href":"https:\/\/ionexchangeglobal.com\/int\/wp-json\/wp\/v2\/pages\/43579"}],"collection":[{"href":"https:\/\/ionexchangeglobal.com\/int\/wp-json\/wp\/v2\/pages"}],"about":[{"href":"https:\/\/ionexchangeglobal.com\/int\/wp-json\/wp\/v2\/types\/page"}],"author":[{"embeddable":true,"href":"https:\/\/ionexchangeglobal.com\/int\/wp-json\/wp\/v2\/users\/9"}],"replies":[{"embeddable":true,"href":"https:\/\/ionexchangeglobal.com\/int\/wp-json\/wp\/v2\/comments?post=43579"}],"version-history":[{"count":4,"href":"https:\/\/ionexchangeglobal.com\/int\/wp-json\/wp\/v2\/pages\/43579\/revisions"}],"predecessor-version":[{"id":43584,"href":"https:\/\/ionexchangeglobal.com\/int\/wp-json\/wp\/v2\/pages\/43579\/revisions\/43584"}],"wp:featuredmedia":[{"embeddable":true,"href":"https:\/\/ionexchangeglobal.com\/int\/wp-json\/wp\/v2\/media\/23689"}],"wp:attachment":[{"href":"https:\/\/ionexchangeglobal.com\/int\/wp-json\/wp\/v2\/media?parent=43579"}],"curies":[{"name":"wp","href":"https:\/\/api.w.org\/{rel}","templated":true}]}}