{"id":42895,"date":"2021-07-19T11:47:17","date_gmt":"2021-07-19T11:47:17","guid":{"rendered":"https:\/\/stage.ionexchangeglobal.com\/?page_id=42895"},"modified":"2023-11-03T10:10:36","modified_gmt":"2023-11-03T04:40:36","slug":"instrumente-automatisierung","status":"publish","type":"page","link":"https:\/\/ionexchangeglobal.com\/int\/de\/produkte-loesungen\/instrumente-automatisierung\/","title":{"rendered":"INSTRUMENTE &amp; AUTOMATISIERUNG"},"content":{"rendered":"\t\t<div data-elementor-type=\"wp-page\" data-elementor-id=\"42895\" data-post-id=\"42895\" data-obj-id=\"42895\" class=\"elementor elementor-42895 dce-elementor-post-42895\">\n\t\t\t\t\t\t<div class=\"elementor-inner\">\n\t\t\t\t<div class=\"elementor-section-wrap\">\n\t\t\t\t\t\t\t\t\t<section class=\"has_ma_el_bg_slider elementor-section elementor-top-section elementor-element elementor-element-e953bb1 elementor-section-boxed elementor-section-height-default elementor-section-height-default jltma-glass-effect-no\" data-id=\"e953bb1\" data-element_type=\"section\">\n\t\t\t\t\t\t<div class=\"elementor-container elementor-column-gap-default\">\n\t\t\t\t\t\t\t<div class=\"elementor-row\">\n\t\t\t\t\t<div class=\"has_ma_el_bg_slider elementor-column elementor-col-100 elementor-top-column elementor-element elementor-element-c226e5f jltma-glass-effect-no\" data-id=\"c226e5f\" data-element_type=\"column\">\n\t\t\t<div class=\"elementor-column-wrap elementor-element-populated\">\n\t\t\t\t\t\t\t<div class=\"elementor-widget-wrap\">\n\t\t\t\t\t\t<div class=\"elementor-element elementor-element-f04aa3b text-center elementor-hidden-desktop elementor-hidden-tablet elementor-hidden-phone jltma-glass-effect-no elementor-widget elementor-widget-html\" data-id=\"f04aa3b\" data-element_type=\"widget\" data-widget_type=\"html.default\">\n\t\t\t\t<div class=\"elementor-widget-container\">\n\t\t\t<label for=\"products\">Other Products:<\/label>\r\n\r\n<select name=\"products\" id=\"products\" onchange=\"location = this.value;\">\r\n  <option value=\"engineering\">Engineering<\/option>\r\n  <option value=\"\/speciality-chemicals\">Speciality Chemicals<\/option>\r\n  <option value=\"\/membranes\">Membranes<\/option>\r\n  <option value=\"\/instrument-automation\" selected=\"\">Instruments and Automation<\/option>\r\n<\/select>\r\n\t\t<\/div>\n\t\t\t\t<\/div>\n\t\t\t\t\t\t<\/div>\n\t\t\t\t\t<\/div>\n\t\t<\/div>\n\t\t\t\t\t\t\t\t<\/div>\n\t\t\t\t\t<\/div>\n\t\t<\/section>\n\t\t\t\t<section class=\"has_ma_el_bg_slider elementor-section elementor-top-section elementor-element elementor-element-6030a6e reason-to-choose-section elementor-section-boxed elementor-section-height-default elementor-section-height-default jltma-glass-effect-no\" data-id=\"6030a6e\" data-element_type=\"section\">\n\t\t\t\t\t\t<div class=\"elementor-container elementor-column-gap-default\">\n\t\t\t\t\t\t\t<div class=\"elementor-row\">\n\t\t\t\t\t<div class=\"has_ma_el_bg_slider elementor-column elementor-col-100 elementor-top-column elementor-element elementor-element-b363bdd jltma-glass-effect-no\" data-id=\"b363bdd\" data-element_type=\"column\">\n\t\t\t<div class=\"elementor-column-wrap elementor-element-populated\">\n\t\t\t\t\t\t\t<div class=\"elementor-widget-wrap\">\n\t\t\t\t\t\t<div class=\"elementor-element elementor-element-2678c5e jltma-glass-effect-no elementor-widget elementor-widget-heading\" data-id=\"2678c5e\" data-element_type=\"widget\" data-widget_type=\"heading.default\">\n\t\t\t\t<div class=\"elementor-widget-container\">\n\t\t\t<h2 class=\"elementor-heading-title elementor-size-default\">Instrumente &amp; Automatisierung<\/h2>\t\t<\/div>\n\t\t\t\t<\/div>\n\t\t\t\t<div class=\"elementor-element elementor-element-4791d3a jltma-glass-effect-no elementor-widget elementor-widget-text-editor\" data-id=\"4791d3a\" data-element_type=\"widget\" data-widget_type=\"text-editor.default\">\n\t\t\t\t<div class=\"elementor-widget-container\">\n\t\t\t\t\t\t\t\t<div class=\"elementor-text-editor elementor-clearfix\">\n\t\t\t\t<p>Die Qualit\u00e4t des Industriewassers muss genau \u00fcberwacht werden, um ein hohes Ma\u00df an Betriebseffizienz zu erreichen und Anlagen und Prozessausr\u00fcstung vor Korrosion, Mikroben und Verschmutzung usw. zu sch\u00fctzen. Bei Ion Exchange verf\u00fcgen wir \u00fcber eine breite Palette von Instrumenten zur \u00dcberwachung von Prozess- und Abwasserparametern wie z pH\/ORP, Leitf\u00e4higkeit, spezifischer Widerstand, gel\u00f6ster Sauerstoff, Tr\u00fcbung und Ammoniak.<\/p><p>Sie sind in Modellen erh\u00e4ltlich, die zu jeder Umgebung passen \u2013 handgehalten\/tragbar, Tischger\u00e4t, Wand-\/Feldmontage, Schalttafel- und Rackmontage.<\/p>\t\t\t\t\t<\/div>\n\t\t\t\t\t\t<\/div>\n\t\t\t\t<\/div>\n\t\t\t\t<div class=\"elementor-element elementor-element-7994ee3 jltma-glass-effect-no elementor-widget elementor-widget-text-editor\" data-id=\"7994ee3\" data-element_type=\"widget\" data-widget_type=\"text-editor.default\">\n\t\t\t\t<div class=\"elementor-widget-container\">\n\t\t\t\t\t\t\t\t<div class=\"elementor-text-editor elementor-clearfix\">\n\t\t\t\t<p><strong>Sortiment an Instrumenten und automatischen Systemen:<\/strong><\/p>\t\t\t\t\t<\/div>\n\t\t\t\t\t\t<\/div>\n\t\t\t\t<\/div>\n\t\t\t\t<div class=\"elementor-element elementor-element-6dffe01 jltma-glass-effect-no elementor-widget elementor-widget-ucaddon_advantagesection_membrane\" data-id=\"6dffe01\" data-element_type=\"widget\" data-widget_type=\"ucaddon_advantagesection_membrane.default\">\n\t\t\t\t<div class=\"elementor-widget-container\">\n\t\t\t<!-- start Advantage Section Membrane -->\n\t\t\t<style type=\"text\/css\">\/* widget: Advantage Section Membrane *\/\n\n#advantage{\n  padding-top:0;\n}\n\n<\/style>\n\n\t\t\t<!-- Start of advantage section -->\n\t<section id=\"advantage\" class=\"advantage-section\">\n\t\t<div class=\"container\">\n\t\t\t<!--<div class=\"section-title-middle text-center\">\n\t\t\t\t<span class=\"title-tag\">\n\t\t\t\t\t<img decoding=\"async\" src=\"\"  alt=\"\">\n\t\t\t\t\t\n\t\t\t\t<\/span>\n\t\t\t\t<h2><\/h2>\n\t\t\t<\/div>\n\t\t\t<!-- \/title -->\n\t\t\t<div class=\"advantage-content\">\n\t\t\t\t<div class=\"row\">\n\t\t\t\t\t<div class=\"col-lg-4 col-md-4\">\n  \t<div class=\"advantage-img-text\">\n\t\t<div class=\"advantage-img\">\n\t\t\t<img decoding=\"async\" src=\"https:\/\/ionexchangeglobal.com\/int\/wp-content\/uploads\/2022\/05\/Online-Controllers-Trunsmiters.webp\" alt=\"\" loading=\"lazy\">\n\t\t<\/div>\n\t\t<div class=\"advantage-text text-center text-uppercase headline\">\n\t\t\t<h3>INDION Online-Controller und Sender<\/h3>\n\t\t<\/div>\n\t<\/div>\n  <\/div>\n<div class=\"col-lg-4 col-md-4\">\n  \t<div class=\"advantage-img-text\">\n\t\t<div class=\"advantage-img\">\n\t\t\t<img decoding=\"async\" src=\"https:\/\/ionexchangeglobal.com\/int\/wp-content\/uploads\/2022\/05\/Water-Quality-Monitoring-Instruments.webp\" alt=\"\" loading=\"lazy\">\n\t\t<\/div>\n\t\t<div class=\"advantage-text text-center text-uppercase headline\">\n\t\t\t<h3>INDION-Instrumente zur \u00dcberwachung der Wasserqualit\u00e4t<\/h3>\n\t\t<\/div>\n\t<\/div>\n  <\/div>\n<div class=\"col-lg-4 col-md-4\">\n  \t<div class=\"advantage-img-text\">\n\t\t<div class=\"advantage-img\">\n\t\t\t<img decoding=\"async\" src=\"https:\/\/ionexchangeglobal.com\/int\/wp-content\/uploads\/2022\/05\/Water-Quality-Monitoring-Indicators.webp\" alt=\"\" loading=\"lazy\">\n\t\t<\/div>\n\t\t<div class=\"advantage-text text-center text-uppercase headline\">\n\t\t\t<h3>INDION Wasserqualit\u00e4tsmessindikatoren<\/h3>\n\t\t<\/div>\n\t<\/div>\n  <\/div>\n<div class=\"col-lg-4 col-md-4\">\n  \t<div class=\"advantage-img-text\">\n\t\t<div class=\"advantage-img\">\n\t\t\t<img decoding=\"async\" src=\"https:\/\/ionexchangeglobal.com\/int\/wp-content\/uploads\/2022\/05\/Remote-Monitoring-System.webp\" alt=\"\" loading=\"lazy\">\n\t\t<\/div>\n\t\t<div class=\"advantage-text text-center text-uppercase headline\">\n\t\t\t<h3>INDION Fern\u00fcberwachungssysteme<\/h3>\n\t\t<\/div>\n\t<\/div>\n  <\/div>\n<div class=\"col-lg-4 col-md-4\">\n  \t<div class=\"advantage-img-text\">\n\t\t<div class=\"advantage-img\">\n\t\t\t<img decoding=\"async\" src=\"https:\/\/ionexchangeglobal.com\/int\/wp-content\/uploads\/2022\/01\/online-effluent-monitor.jpg\" alt=\"\" loading=\"lazy\">\n\t\t<\/div>\n\t\t<div class=\"advantage-text text-center text-uppercase headline\">\n\t\t\t<h3>Online-Abwasser\u00fcberwachungssysteme<\/h3>\n\t\t<\/div>\n\t<\/div>\n  <\/div>\n\n\t\t\t\t<\/div>\n\t\t\t<\/div>\n\t\t<\/div>\n\t<\/section>\n<!-- End of advantage section -->\n\t\t\t<!-- end Advantage Section Membrane -->\t\t<\/div>\n\t\t\t\t<\/div>\n\t\t\t\t\t\t<\/div>\n\t\t\t\t\t<\/div>\n\t\t<\/div>\n\t\t\t\t\t\t\t\t<\/div>\n\t\t\t\t\t<\/div>\n\t\t<\/section>\n\t\t\t\t<section class=\"has_ma_el_bg_slider elementor-section elementor-top-section elementor-element elementor-element-4360776 elementor-section-boxed elementor-section-height-default elementor-section-height-default jltma-glass-effect-no\" data-id=\"4360776\" data-element_type=\"section\">\n\t\t\t\t\t\t<div class=\"elementor-container elementor-column-gap-no\">\n\t\t\t\t\t\t\t<div class=\"elementor-row\">\n\t\t\t\t\t<div class=\"has_ma_el_bg_slider elementor-column elementor-col-25 elementor-top-column elementor-element elementor-element-34a563d jltma-glass-effect-no\" data-id=\"34a563d\" data-element_type=\"column\">\n\t\t\t<div class=\"elementor-column-wrap\">\n\t\t\t\t\t\t\t<div class=\"elementor-widget-wrap\">\n\t\t\t\t\t\t\t\t<\/div>\n\t\t\t\t\t<\/div>\n\t\t<\/div>\n\t\t\t\t<div class=\"has_ma_el_bg_slider elementor-column elementor-col-50 elementor-top-column elementor-element elementor-element-1ae340d jltma-glass-effect-no\" data-id=\"1ae340d\" data-element_type=\"column\" data-settings=\"{&quot;background_background&quot;:&quot;classic&quot;}\">\n\t\t\t<div class=\"elementor-column-wrap elementor-element-populated\">\n\t\t\t\t\t\t\t<div class=\"elementor-widget-wrap\">\n\t\t\t\t\t\t<div data-dce-background-color=\"#009ADC\" class=\"elementor-element elementor-element-c7b09bd elementor-button-success elementor-align-center jltma-glass-effect-no elementor-widget elementor-widget-button\" data-id=\"c7b09bd\" data-element_type=\"widget\" data-widget_type=\"button.default\">\n\t\t\t\t<div class=\"elementor-widget-container\">\n\t\t\t\t\t<div class=\"elementor-button-wrapper\">\n\t\t\t<a class=\"elementor-button elementor-button-link elementor-size-xl\" href=\"\/app\/uploads\/2022\/01\/Analytical-Instruments-for-Monitoring-Water-Quality.pdf\" target=\"_blank\">\n\t\t\t\t\t\t<span class=\"elementor-button-content-wrapper\">\n\t\t\t\t\t\t<span class=\"elementor-button-text\">Brosch\u00fcre herunterladen<\/span>\n\t\t<\/span>\n\t\t\t\t\t<\/a>\n\t\t<\/div>\n\t\t\t\t<\/div>\n\t\t\t\t<\/div>\n\t\t\t\t\t\t<\/div>\n\t\t\t\t\t<\/div>\n\t\t<\/div>\n\t\t\t\t<div class=\"has_ma_el_bg_slider elementor-column elementor-col-25 elementor-top-column elementor-element elementor-element-a05302f jltma-glass-effect-no\" data-id=\"a05302f\" data-element_type=\"column\">\n\t\t\t<div class=\"elementor-column-wrap\">\n\t\t\t\t\t\t\t<div class=\"elementor-widget-wrap\">\n\t\t\t\t\t\t\t\t<\/div>\n\t\t\t\t\t<\/div>\n\t\t<\/div>\n\t\t\t\t\t\t\t\t<\/div>\n\t\t\t\t\t<\/div>\n\t\t<\/section>\n\t\t\t\t<section class=\"has_ma_el_bg_slider elementor-section elementor-top-section elementor-element elementor-element-09e29ae elementor-section-full_width elementor-section-height-default elementor-section-height-default jltma-glass-effect-no\" data-id=\"09e29ae\" data-element_type=\"section\">\n\t\t\t\t\t\t<div class=\"elementor-container elementor-column-gap-default\">\n\t\t\t\t\t\t\t<div class=\"elementor-row\">\n\t\t\t\t\t<div class=\"has_ma_el_bg_slider elementor-column elementor-col-100 elementor-top-column elementor-element elementor-element-b5fe507 jltma-glass-effect-no\" data-id=\"b5fe507\" data-element_type=\"column\">\n\t\t\t<div class=\"elementor-column-wrap elementor-element-populated\">\n\t\t\t\t\t\t\t<div class=\"elementor-widget-wrap\">\n\t\t\t\t\t\t<div class=\"elementor-element elementor-element-56cea9d jltma-glass-effect-no elementor-widget elementor-widget-shortcode\" data-id=\"56cea9d\" data-element_type=\"widget\" data-widget_type=\"shortcode.default\">\n\t\t\t\t<div class=\"elementor-widget-container\">\n\t\t\t\t\t<div class=\"elementor-shortcode\">\t\t<div data-elementor-type=\"section\" data-elementor-id=\"37802\" data-post-id=\"42895\" data-obj-id=\"42895\" class=\"elementor elementor-37802 dce-elementor-post-42895\">\n\t\t\t\t\t<div class=\"elementor-section-wrap\">\n\t\t\t\t\t\t\t\t<section class=\"has_ma_el_bg_slider elementor-section elementor-top-section elementor-element elementor-element-18734e9 elementor-section-full_width elementor-section-height-default elementor-section-height-default jltma-glass-effect-no\" data-dce-background-overlay-color=\"#000000\" data-dce-background-image-url=\"https:\/\/ionexchangeglobal.com\/app\/uploads\/2022\/05\/service-banner-img.webp\" data-id=\"18734e9\" data-element_type=\"section\" id=\"hidesidebar\" data-settings=\"{&quot;background_background&quot;:&quot;classic&quot;}\">\n\t\t\t\t\t\t\t<div class=\"elementor-background-overlay\"><\/div>\n\t\t\t\t\t\t\t<div class=\"elementor-container elementor-column-gap-no\">\n\t\t\t\t\t\t\t<div class=\"elementor-row\">\n\t\t\t\t\t<div class=\"has_ma_el_bg_slider elementor-column elementor-col-100 elementor-top-column elementor-element elementor-element-821f61d jltma-glass-effect-no\" data-id=\"821f61d\" data-element_type=\"column\">\n\t\t\t<div class=\"elementor-column-wrap elementor-element-populated\">\n\t\t\t\t\t\t\t<div class=\"elementor-widget-wrap\">\n\t\t\t\t\t\t<section class=\"has_ma_el_bg_slider elementor-section elementor-inner-section elementor-element elementor-element-a8bcda6 elementor-section-boxed elementor-section-height-default elementor-section-height-default jltma-glass-effect-no\" data-id=\"a8bcda6\" data-element_type=\"section\">\n\t\t\t\t\t\t<div class=\"elementor-container elementor-column-gap-default\">\n\t\t\t\t\t\t\t<div class=\"elementor-row\">\n\t\t\t\t\t<div class=\"has_ma_el_bg_slider elementor-column elementor-col-100 elementor-inner-column elementor-element elementor-element-b08c873 jltma-glass-effect-no\" data-id=\"b08c873\" data-element_type=\"column\">\n\t\t\t<div class=\"elementor-column-wrap elementor-element-populated\">\n\t\t\t\t\t\t\t<div class=\"elementor-widget-wrap\">\n\t\t\t\t\t\t<div class=\"elementor-element elementor-element-8168c93 dce_masking-none jltma-glass-effect-no elementor-widget elementor-widget-image\" data-id=\"8168c93\" data-element_type=\"widget\" data-widget_type=\"image.default\">\n\t\t\t\t<div class=\"elementor-widget-container\">\n\t\t\t\t\t\t\t\t<div class=\"elementor-image\">\n\t\t\t\t\t\t\t\t\t\t\t\t<img decoding=\"async\" width=\"180\" height=\"90\" src=\"https:\/\/ionexchangeglobal.com\/int\/wp-content\/uploads\/2021\/09\/service24-7.png\" class=\"attachment-large size-large wp-image-12315\" alt=\"service24-7\" loading=\"lazy\" \/>\t\t\t\t\t\t\t\t\t\t\t\t\t\t<\/div>\n\t\t\t\t\t\t<\/div>\n\t\t\t\t<\/div>\n\t\t\t\t<div class=\"elementor-element elementor-element-8b1d0b7 jltma-glass-effect-no elementor-widget elementor-widget-text-editor\" data-id=\"8b1d0b7\" data-element_type=\"widget\" data-widget_type=\"text-editor.default\">\n\t\t\t\t<div class=\"elementor-widget-container\">\n\t\t\t\t\t\t\t\t<div class=\"elementor-text-editor elementor-clearfix\">\n\t\t\t\t<p><strong>Unsere integrierten Dienstleistungen decken jeden Aspekt der Leistung Ihrer Wasseraufbereitungsanlage ab und bieten Ihnen ein umfassendes Leistungspaket<\/strong><\/p>\t\t\t\t\t<\/div>\n\t\t\t\t\t\t<\/div>\n\t\t\t\t<\/div>\n\t\t\t\t\t\t<\/div>\n\t\t\t\t\t<\/div>\n\t\t<\/div>\n\t\t\t\t\t\t\t\t<\/div>\n\t\t\t\t\t<\/div>\n\t\t<\/section>\n\t\t\t\t\t\t<\/div>\n\t\t\t\t\t<\/div>\n\t\t<\/div>\n\t\t\t\t\t\t\t\t<\/div>\n\t\t\t\t\t<\/div>\n\t\t<\/section>\n\t\t\t\t\t\t\t<\/div>\n\t\t\t\t<\/div>\n\t\t<\/div>\n\t\t\t\t<\/div>\n\t\t\t\t<\/div>\n\t\t\t\t\t\t<\/div>\n\t\t\t\t\t<\/div>\n\t\t<\/div>\n\t\t\t\t\t\t\t\t<\/div>\n\t\t\t\t\t<\/div>\n\t\t<\/section>\n\t\t\t\t\t\t\t\t\t<\/div>\n\t\t\t<\/div>\n\t\t\t\t\t<\/div>\n\t\t","protected":false},"excerpt":{"rendered":"<p>Other Products: EngineeringSpeciality ChemicalsMembranesInstruments and Automation Instrumente &amp; Automatisierung Die Qualit\u00e4t des Industriewassers muss genau \u00fcberwacht werden, um ein hohes Ma\u00df an Betriebseffizienz zu erreichen und Anlagen und Prozessausr\u00fcstung vor Korrosion, Mikroben und Verschmutzung usw. zu sch\u00fctzen. Bei Ion Exchange verf\u00fcgen wir \u00fcber eine breite Palette von Instrumenten zur \u00dcberwachung von Prozess- und Abwasserparametern wie&hellip;<\/p>\n","protected":false},"author":4,"featured_media":26828,"parent":37798,"menu_order":0,"comment_status":"closed","ping_status":"closed","template":"elementor_header_footer","meta":{"inline_featured_image":false},"yoast_head":"<!-- This site is optimized with the Yoast SEO plugin v20.12 - https:\/\/yoast.com\/wordpress\/plugins\/seo\/ -->\n<title>INSTRUMENTE &amp; AUTOMATISIERUNG - Ion Exchange<\/title>\n<meta name=\"robots\" content=\"index, follow, max-snippet:-1, max-image-preview:large, max-video-preview:-1\" \/>\n<link rel=\"canonical\" href=\"https:\/\/ionexchangeglobal.com\/int\/de\/produkte-loesungen\/instrumente-automatisierung\/\" \/>\n<meta property=\"og:locale\" content=\"en_US\" \/>\n<meta property=\"og:type\" content=\"article\" \/>\n<meta property=\"og:title\" content=\"INSTRUMENTE &amp; AUTOMATISIERUNG - Ion Exchange\" \/>\n<meta property=\"og:description\" content=\"Other Products: EngineeringSpeciality ChemicalsMembranesInstruments and Automation Instrumente &amp; Automatisierung Die Qualit\u00e4t des Industriewassers muss genau \u00fcberwacht werden, um ein hohes Ma\u00df an Betriebseffizienz zu erreichen und Anlagen und Prozessausr\u00fcstung vor Korrosion, Mikroben und Verschmutzung usw. zu sch\u00fctzen. Bei Ion Exchange verf\u00fcgen wir \u00fcber eine breite Palette von Instrumenten zur \u00dcberwachung von Prozess- und Abwasserparametern wie&hellip;\" \/>\n<meta property=\"og:url\" content=\"https:\/\/ionexchangeglobal.com\/int\/de\/produkte-loesungen\/instrumente-automatisierung\/\" \/>\n<meta property=\"og:site_name\" content=\"Ion Exchange\" \/>\n<meta property=\"article:publisher\" content=\"https:\/\/www.facebook.com\/IONEXCHANGE\" \/>\n<meta property=\"article:modified_time\" content=\"2023-11-03T04:40:36+00:00\" \/>\n<meta property=\"og:image\" content=\"https:\/\/ionexchangeglobal.com\/int\/wp-content\/uploads\/2022\/05\/innovations-banner.webp\" \/>\n\t<meta property=\"og:image:width\" content=\"1\" \/>\n\t<meta property=\"og:image:height\" content=\"1\" \/>\n\t<meta property=\"og:image:type\" content=\"image\/webp\" \/>\n<meta name=\"twitter:card\" content=\"summary_large_image\" \/>\n<meta name=\"twitter:site\" content=\"@IEI_Ltd\" \/>\n<meta name=\"twitter:label1\" content=\"Est. reading time\" \/>\n\t<meta name=\"twitter:data1\" content=\"1 minute\" \/>\n<script type=\"application\/ld+json\" class=\"yoast-schema-graph\">{\"@context\":\"https:\/\/schema.org\",\"@graph\":[{\"@type\":\"WebPage\",\"@id\":\"https:\/\/ionexchangeglobal.com\/int\/de\/produkte-loesungen\/instrumente-automatisierung\/\",\"url\":\"https:\/\/ionexchangeglobal.com\/int\/de\/produkte-loesungen\/instrumente-automatisierung\/\",\"name\":\"INSTRUMENTE &amp; AUTOMATISIERUNG - Ion Exchange\",\"isPartOf\":{\"@id\":\"https:\/\/ionexchangeglobal.com\/int\/#website\"},\"datePublished\":\"2021-07-19T11:47:17+00:00\",\"dateModified\":\"2023-11-03T04:40:36+00:00\",\"breadcrumb\":{\"@id\":\"https:\/\/ionexchangeglobal.com\/int\/de\/produkte-loesungen\/instrumente-automatisierung\/#breadcrumb\"},\"inLanguage\":\"en-US\",\"potentialAction\":[{\"@type\":\"ReadAction\",\"target\":[\"https:\/\/ionexchangeglobal.com\/int\/de\/produkte-loesungen\/instrumente-automatisierung\/\"]}]},{\"@type\":\"BreadcrumbList\",\"@id\":\"https:\/\/ionexchangeglobal.com\/int\/de\/produkte-loesungen\/instrumente-automatisierung\/#breadcrumb\",\"itemListElement\":[{\"@type\":\"ListItem\",\"position\":1,\"name\":\"Home\",\"item\":\"https:\/\/ionexchangeglobal.com\/int\/pt\/pagina-inicial\/\"},{\"@type\":\"ListItem\",\"position\":2,\"name\":\"INSTRUMENTE &amp; AUTOMATISIERUNG\"}]},{\"@type\":\"WebSite\",\"@id\":\"https:\/\/ionexchangeglobal.com\/int\/#website\",\"url\":\"https:\/\/ionexchangeglobal.com\/int\/\",\"name\":\"Ion Exchange\",\"description\":\"Refreshing the Planet\",\"publisher\":{\"@id\":\"https:\/\/ionexchangeglobal.com\/int\/#organization\"},\"potentialAction\":[{\"@type\":\"SearchAction\",\"target\":{\"@type\":\"EntryPoint\",\"urlTemplate\":\"https:\/\/ionexchangeglobal.com\/int\/?s={search_term_string}\"},\"query-input\":\"required name=search_term_string\"}],\"inLanguage\":\"en-US\"},{\"@type\":\"Organization\",\"@id\":\"https:\/\/ionexchangeglobal.com\/int\/#organization\",\"name\":\"Ion Exchange\",\"url\":\"https:\/\/ionexchangeglobal.com\/int\/\",\"logo\":{\"@type\":\"ImageObject\",\"inLanguage\":\"en-US\",\"@id\":\"https:\/\/ionexchangeglobal.com\/int\/#\/schema\/logo\/image\/\",\"url\":\"http:\/\/localhost:8000\/app\/uploads\/2022\/05\/ion-logo-1.webp\",\"contentUrl\":\"http:\/\/localhost:8000\/app\/uploads\/2022\/05\/ion-logo-1.webp\",\"width\":1,\"height\":1,\"caption\":\"Ion Exchange\"},\"image\":{\"@id\":\"https:\/\/ionexchangeglobal.com\/int\/#\/schema\/logo\/image\/\"},\"sameAs\":[\"https:\/\/www.facebook.com\/IONEXCHANGE\",\"https:\/\/twitter.com\/IEI_Ltd\",\"https:\/\/www.youtube.com\/channel\/UCqSuT-yd40I7RZ4p5UXuKbA\/videos\"]}]}<\/script>\n<!-- \/ Yoast SEO plugin. -->","yoast_head_json":{"title":"INSTRUMENTE &amp; AUTOMATISIERUNG - Ion Exchange","robots":{"index":"index","follow":"follow","max-snippet":"max-snippet:-1","max-image-preview":"max-image-preview:large","max-video-preview":"max-video-preview:-1"},"canonical":"https:\/\/ionexchangeglobal.com\/int\/de\/produkte-loesungen\/instrumente-automatisierung\/","og_locale":"en_US","og_type":"article","og_title":"INSTRUMENTE &amp; AUTOMATISIERUNG - Ion Exchange","og_description":"Other Products: EngineeringSpeciality ChemicalsMembranesInstruments and Automation Instrumente &amp; Automatisierung Die Qualit\u00e4t des Industriewassers muss genau \u00fcberwacht werden, um ein hohes Ma\u00df an Betriebseffizienz zu erreichen und Anlagen und Prozessausr\u00fcstung vor Korrosion, Mikroben und Verschmutzung usw. zu sch\u00fctzen. Bei Ion Exchange verf\u00fcgen wir \u00fcber eine breite Palette von Instrumenten zur \u00dcberwachung von Prozess- und Abwasserparametern wie&hellip;","og_url":"https:\/\/ionexchangeglobal.com\/int\/de\/produkte-loesungen\/instrumente-automatisierung\/","og_site_name":"Ion Exchange","article_publisher":"https:\/\/www.facebook.com\/IONEXCHANGE","article_modified_time":"2023-11-03T04:40:36+00:00","og_image":[{"url":"https:\/\/ionexchangeglobal.com\/int\/wp-content\/uploads\/2022\/05\/innovations-banner.webp","width":1,"height":1,"type":"image\/webp"}],"twitter_card":"summary_large_image","twitter_site":"@IEI_Ltd","twitter_misc":{"Est. reading time":"1 minute"},"schema":{"@context":"https:\/\/schema.org","@graph":[{"@type":"WebPage","@id":"https:\/\/ionexchangeglobal.com\/int\/de\/produkte-loesungen\/instrumente-automatisierung\/","url":"https:\/\/ionexchangeglobal.com\/int\/de\/produkte-loesungen\/instrumente-automatisierung\/","name":"INSTRUMENTE &amp; AUTOMATISIERUNG - Ion Exchange","isPartOf":{"@id":"https:\/\/ionexchangeglobal.com\/int\/#website"},"datePublished":"2021-07-19T11:47:17+00:00","dateModified":"2023-11-03T04:40:36+00:00","breadcrumb":{"@id":"https:\/\/ionexchangeglobal.com\/int\/de\/produkte-loesungen\/instrumente-automatisierung\/#breadcrumb"},"inLanguage":"en-US","potentialAction":[{"@type":"ReadAction","target":["https:\/\/ionexchangeglobal.com\/int\/de\/produkte-loesungen\/instrumente-automatisierung\/"]}]},{"@type":"BreadcrumbList","@id":"https:\/\/ionexchangeglobal.com\/int\/de\/produkte-loesungen\/instrumente-automatisierung\/#breadcrumb","itemListElement":[{"@type":"ListItem","position":1,"name":"Home","item":"https:\/\/ionexchangeglobal.com\/int\/pt\/pagina-inicial\/"},{"@type":"ListItem","position":2,"name":"INSTRUMENTE &amp; AUTOMATISIERUNG"}]},{"@type":"WebSite","@id":"https:\/\/ionexchangeglobal.com\/int\/#website","url":"https:\/\/ionexchangeglobal.com\/int\/","name":"Ion Exchange","description":"Refreshing the Planet","publisher":{"@id":"https:\/\/ionexchangeglobal.com\/int\/#organization"},"potentialAction":[{"@type":"SearchAction","target":{"@type":"EntryPoint","urlTemplate":"https:\/\/ionexchangeglobal.com\/int\/?s={search_term_string}"},"query-input":"required name=search_term_string"}],"inLanguage":"en-US"},{"@type":"Organization","@id":"https:\/\/ionexchangeglobal.com\/int\/#organization","name":"Ion Exchange","url":"https:\/\/ionexchangeglobal.com\/int\/","logo":{"@type":"ImageObject","inLanguage":"en-US","@id":"https:\/\/ionexchangeglobal.com\/int\/#\/schema\/logo\/image\/","url":"http:\/\/localhost:8000\/app\/uploads\/2022\/05\/ion-logo-1.webp","contentUrl":"http:\/\/localhost:8000\/app\/uploads\/2022\/05\/ion-logo-1.webp","width":1,"height":1,"caption":"Ion Exchange"},"image":{"@id":"https:\/\/ionexchangeglobal.com\/int\/#\/schema\/logo\/image\/"},"sameAs":["https:\/\/www.facebook.com\/IONEXCHANGE","https:\/\/twitter.com\/IEI_Ltd","https:\/\/www.youtube.com\/channel\/UCqSuT-yd40I7RZ4p5UXuKbA\/videos"]}]}},"lang":"de","translations":{"de":42895,"ar":42586,"en":7346,"pt":36158,"fr":37178,"es":38672,"ru":39120,"ja":40498,"it":44713,"ko":46388,"zh":46572,"th":63411},"pll_sync_post":[],"_links":{"self":[{"href":"https:\/\/ionexchangeglobal.com\/int\/wp-json\/wp\/v2\/pages\/42895"}],"collection":[{"href":"https:\/\/ionexchangeglobal.com\/int\/wp-json\/wp\/v2\/pages"}],"about":[{"href":"https:\/\/ionexchangeglobal.com\/int\/wp-json\/wp\/v2\/types\/page"}],"author":[{"embeddable":true,"href":"https:\/\/ionexchangeglobal.com\/int\/wp-json\/wp\/v2\/users\/4"}],"replies":[{"embeddable":true,"href":"https:\/\/ionexchangeglobal.com\/int\/wp-json\/wp\/v2\/comments?post=42895"}],"version-history":[{"count":1,"href":"https:\/\/ionexchangeglobal.com\/int\/wp-json\/wp\/v2\/pages\/42895\/revisions"}],"predecessor-version":[{"id":42900,"href":"https:\/\/ionexchangeglobal.com\/int\/wp-json\/wp\/v2\/pages\/42895\/revisions\/42900"}],"up":[{"embeddable":true,"href":"https:\/\/ionexchangeglobal.com\/int\/wp-json\/wp\/v2\/pages\/37798"}],"wp:featuredmedia":[{"embeddable":true,"href":"https:\/\/ionexchangeglobal.com\/int\/wp-json\/wp\/v2\/media\/26828"}],"wp:attachment":[{"href":"https:\/\/ionexchangeglobal.com\/int\/wp-json\/wp\/v2\/media?parent=42895"}],"curies":[{"name":"wp","href":"https:\/\/api.w.org\/{rel}","templated":true}]}}