{"id":38722,"date":"2022-01-31T06:09:41","date_gmt":"2022-01-31T06:09:41","guid":{"rendered":"https:\/\/stage.ionexchangeglobal.com\/?page_id=38722"},"modified":"2023-10-13T15:58:04","modified_gmt":"2023-10-13T10:28:04","slug":"rural","status":"publish","type":"page","link":"https:\/\/ionexchangeglobal.com\/int\/es\/segmentos-de-mercado\/comunidades\/rural\/","title":{"rendered":"Rural"},"content":{"rendered":"\t\t<div data-elementor-type=\"wp-page\" data-elementor-id=\"38722\" data-post-id=\"38722\" data-obj-id=\"38722\" class=\"elementor elementor-38722 dce-elementor-post-38722\">\n\t\t\t\t\t\t<div class=\"elementor-inner\">\n\t\t\t\t<div class=\"elementor-section-wrap\">\n\t\t\t\t\t\t\t\t\t<section class=\"has_ma_el_bg_slider elementor-section elementor-top-section elementor-element elementor-element-79eb110 elementor-section-full_width elementor-section-height-default elementor-section-height-default jltma-glass-effect-no\" data-id=\"79eb110\" data-element_type=\"section\">\n\t\t\t\t\t\t<div class=\"elementor-container elementor-column-gap-default\">\n\t\t\t\t\t\t\t<div class=\"elementor-row\">\n\t\t\t\t\t<div class=\"has_ma_el_bg_slider elementor-column elementor-col-100 elementor-top-column elementor-element elementor-element-ee48cae jltma-glass-effect-no\" data-id=\"ee48cae\" data-element_type=\"column\">\n\t\t\t<div class=\"elementor-column-wrap elementor-element-populated\">\n\t\t\t\t\t\t\t<div class=\"elementor-widget-wrap\">\n\t\t\t\t\t\t<section class=\"has_ma_el_bg_slider elementor-section elementor-inner-section elementor-element elementor-element-baadce5 elementor-section-boxed elementor-section-height-default elementor-section-height-default jltma-glass-effect-no\" data-id=\"baadce5\" data-element_type=\"section\">\n\t\t\t\t\t\t<div class=\"elementor-container elementor-column-gap-default\">\n\t\t\t\t\t\t\t<div class=\"elementor-row\">\n\t\t\t\t\t<div class=\"has_ma_el_bg_slider elementor-column elementor-col-50 elementor-inner-column elementor-element elementor-element-91b89d8 jltma-glass-effect-no\" data-id=\"91b89d8\" data-element_type=\"column\">\n\t\t\t<div class=\"elementor-column-wrap elementor-element-populated\">\n\t\t\t\t\t\t\t<div class=\"elementor-widget-wrap\">\n\t\t\t\t\t\t<div class=\"elementor-element elementor-element-9ba2676 jltma-glass-effect-no elementor-widget elementor-widget-heading\" data-id=\"9ba2676\" data-element_type=\"widget\" data-widget_type=\"heading.default\">\n\t\t\t\t<div class=\"elementor-widget-container\">\n\t\t\t<h4 class=\"elementor-heading-title elementor-size-default\">Soluciones completas de tratamiento de agua rural<\/h4>\t\t<\/div>\n\t\t\t\t<\/div>\n\t\t\t\t<div class=\"elementor-element elementor-element-ad0d914 jltma-glass-effect-no elementor-widget elementor-widget-text-editor\" data-id=\"ad0d914\" data-element_type=\"widget\" data-widget_type=\"text-editor.default\">\n\t\t\t\t<div class=\"elementor-widget-container\">\n\t\t\t\t\t\t\t\t<div class=\"elementor-text-editor elementor-clearfix\">\n\t\t\t\t<p class=\"western\" lang=\"en-GB\">Ion Exchange es una de las empresas l\u00edderes en tratamiento de agua rural a nivel mundial. Nuestras soluciones de agua abordan las necesidades rurales en tres niveles: punto de uso, comunidad e infraestructura.<\/p><p class=\"western\" lang=\"en-GB\">Van desde unidades de bajo costo para hogares hasta sistemas comunitarios y proyectos de infraestructura para desinfecci\u00f3n, tratamiento de agua dura y salobre, tratamiento de agua contaminada por fluoruro, hierro, ars\u00e9nico y nitratos, reciclaje de aguas residuales y gesti\u00f3n de lodos fecales.<\/p><p class=\"western\" align=\"left\"><a name=\"_GoBack\"><\/a>Aumentar el acceso a fuentes de agua mejoradas y sostenibles es crucial para el desarrollo de las zonas rurales. A trav\u00e9s de extensas pruebas de campo e investigaci\u00f3n y desarrollo, Ion Exchange ha adaptado sus tecnolog\u00edas para desarrollar productos y soluciones que cumplan con los requisitos de la comunidad rural en t\u00e9rminos de facilidad de uso y operaciones, asequibilidad y adaptabilidad.<\/p>\t\t\t\t\t<\/div>\n\t\t\t\t\t\t<\/div>\n\t\t\t\t<\/div>\n\t\t\t\t\t\t<\/div>\n\t\t\t\t\t<\/div>\n\t\t<\/div>\n\t\t\t\t<div class=\"has_ma_el_bg_slider elementor-column elementor-col-50 elementor-inner-column elementor-element elementor-element-3da9c41 jltma-glass-effect-no\" data-id=\"3da9c41\" data-element_type=\"column\">\n\t\t\t<div class=\"elementor-column-wrap elementor-element-populated\">\n\t\t\t\t\t\t\t<div class=\"elementor-widget-wrap\">\n\t\t\t\t\t\t<div class=\"elementor-element elementor-element-1e62a31 elementor-arrows-position-inside elementor-pagination-position-outside jltma-glass-effect-no elementor-widget elementor-widget-image-carousel\" data-id=\"1e62a31\" data-element_type=\"widget\" data-settings=\"{&quot;slides_to_show&quot;:&quot;1&quot;,&quot;navigation&quot;:&quot;both&quot;,&quot;autoplay&quot;:&quot;yes&quot;,&quot;pause_on_hover&quot;:&quot;yes&quot;,&quot;pause_on_interaction&quot;:&quot;yes&quot;,&quot;autoplay_speed&quot;:5000,&quot;infinite&quot;:&quot;yes&quot;,&quot;effect&quot;:&quot;slide&quot;,&quot;speed&quot;:500}\" data-widget_type=\"image-carousel.default\">\n\t\t\t\t<div class=\"elementor-widget-container\">\n\t\t\t\t\t<div class=\"elementor-image-carousel-wrapper swiper-container\" dir=\"ltr\">\n\t\t\t<div class=\"elementor-image-carousel swiper-wrapper\" aria-live=\"off\">\n\t\t\t\t\t\t\t\t<div class=\"swiper-slide\" role=\"group\" aria-roledescription=\"slide\" aria-label=\"1 of 4\"><figure class=\"swiper-slide-inner\"><img decoding=\"async\" class=\"swiper-slide-image\" src=\"https:\/\/ionexchangeglobal.com\/int\/wp-content\/uploads\/2022\/01\/Continuous-Sand-Filter.jpg\" alt=\"Continuous Sand Filter\" loading=\"lazy\" \/><\/figure><\/div><div class=\"swiper-slide\" role=\"group\" aria-roledescription=\"slide\" aria-label=\"2 of 4\"><figure class=\"swiper-slide-inner\"><img decoding=\"async\" class=\"swiper-slide-image\" src=\"https:\/\/ionexchangeglobal.com\/int\/wp-content\/uploads\/2022\/01\/Arsenic-Removal.jpg\" alt=\"Arsenic Removal\" loading=\"lazy\" \/><\/figure><\/div><div class=\"swiper-slide\" role=\"group\" aria-roledescription=\"slide\" aria-label=\"3 of 4\"><figure class=\"swiper-slide-inner\"><img decoding=\"async\" class=\"swiper-slide-image\" src=\"https:\/\/ionexchangeglobal.com\/int\/wp-content\/uploads\/2022\/01\/Fluoride-Removal.jpg\" alt=\"Fluoride Removal\" loading=\"lazy\" \/><\/figure><\/div><div class=\"swiper-slide\" role=\"group\" aria-roledescription=\"slide\" aria-label=\"4 of 4\"><figure class=\"swiper-slide-inner\"><img decoding=\"async\" class=\"swiper-slide-image\" src=\"https:\/\/ionexchangeglobal.com\/int\/wp-content\/uploads\/2022\/01\/Hand-Pump-Attachment.jpg\" alt=\"Hand Pump Attachment\" loading=\"lazy\" \/><\/figure><\/div>\t\t\t<\/div>\n\t\t\t\t\t\t\t\t\t\t\t\t<div class=\"elementor-swiper-button elementor-swiper-button-prev\" role=\"button\" tabindex=\"0\">\n\t\t\t\t\t\t<i aria-hidden=\"true\" class=\"eicon-chevron-left\"><\/i>\t\t\t\t\t<\/div>\n\t\t\t\t\t<div class=\"elementor-swiper-button elementor-swiper-button-next\" role=\"button\" tabindex=\"0\">\n\t\t\t\t\t\t<i aria-hidden=\"true\" class=\"eicon-chevron-right\"><\/i>\t\t\t\t\t<\/div>\n\t\t\t\t\n\t\t\t\t\t\t\t\t\t<div class=\"swiper-pagination\"><\/div>\n\t\t\t\t\t\t\t\t\t<\/div>\n\t\t\t\t<\/div>\n\t\t\t\t<\/div>\n\t\t\t\t\t\t<\/div>\n\t\t\t\t\t<\/div>\n\t\t<\/div>\n\t\t\t\t\t\t\t\t<\/div>\n\t\t\t\t\t<\/div>\n\t\t<\/section>\n\t\t\t\t\t\t<\/div>\n\t\t\t\t\t<\/div>\n\t\t<\/div>\n\t\t\t\t\t\t\t\t<\/div>\n\t\t\t\t\t<\/div>\n\t\t<\/section>\n\t\t\t\t<section class=\"has_ma_el_bg_slider elementor-section elementor-top-section elementor-element elementor-element-6c0079e elementor-section-boxed elementor-section-height-default elementor-section-height-default jltma-glass-effect-no\" data-id=\"6c0079e\" data-element_type=\"section\">\n\t\t\t\t\t\t<div class=\"elementor-container elementor-column-gap-default\">\n\t\t\t\t\t\t\t<div class=\"elementor-row\">\n\t\t\t\t\t<div class=\"has_ma_el_bg_slider elementor-column elementor-col-50 elementor-top-column elementor-element elementor-element-36f95e6 jltma-glass-effect-no\" data-id=\"36f95e6\" data-element_type=\"column\">\n\t\t\t<div class=\"elementor-column-wrap elementor-element-populated\">\n\t\t\t\t\t\t\t<div class=\"elementor-widget-wrap\">\n\t\t\t\t\t\t<section class=\"has_ma_el_bg_slider elementor-section elementor-inner-section elementor-element elementor-element-13dee29 elementor-section-boxed elementor-section-height-default elementor-section-height-default jltma-glass-effect-no\" data-id=\"13dee29\" data-element_type=\"section\">\n\t\t\t\t\t\t<div class=\"elementor-container elementor-column-gap-default\">\n\t\t\t\t\t\t\t<div class=\"elementor-row\">\n\t\t\t\t\t<div class=\"has_ma_el_bg_slider elementor-column elementor-col-100 elementor-inner-column elementor-element elementor-element-0b0b105 box-shadow jltma-glass-effect-no\" data-id=\"0b0b105\" data-element_type=\"column\">\n\t\t\t<div class=\"elementor-column-wrap elementor-element-populated\">\n\t\t\t\t\t\t\t<div class=\"elementor-widget-wrap\">\n\t\t\t\t\t\t<div class=\"elementor-element elementor-element-798188c dce_masking-none jltma-glass-effect-no elementor-widget elementor-widget-image\" data-id=\"798188c\" data-element_type=\"widget\" data-widget_type=\"image.default\">\n\t\t\t\t<div class=\"elementor-widget-container\">\n\t\t\t\t\t\t\t\t<div class=\"elementor-image\">\n\t\t\t\t\t\t\t\t\t\t\t\t<img decoding=\"async\" width=\"214\" height=\"300\" src=\"https:\/\/ionexchangeglobal.com\/int\/wp-content\/uploads\/2022\/04\/rural-brochure-thumbnail-214x300.png\" class=\"elementor-animation-grow attachment-medium size-medium wp-image-23443\" alt=\"\" srcset=\"https:\/\/ionexchangeglobal.com\/int\/wp-content\/uploads\/2022\/04\/rural-brochure-thumbnail-214x300.png 214w, https:\/\/ionexchangeglobal.com\/int\/wp-content\/uploads\/2022\/04\/rural-brochure-thumbnail.png 374w\" sizes=\"(max-width: 214px) 100vw, 214px\" loading=\"lazy\" \/>\t\t\t\t\t\t\t\t\t\t\t\t\t\t<\/div>\n\t\t\t\t\t\t<\/div>\n\t\t\t\t<\/div>\n\t\t\t\t<div data-dce-background-color=\"#009ADC\" class=\"elementor-element elementor-element-8d2da9f elementor-align-center jltma-glass-effect-no elementor-widget elementor-widget-button\" data-id=\"8d2da9f\" data-element_type=\"widget\" data-widget_type=\"button.default\">\n\t\t\t\t<div class=\"elementor-widget-container\">\n\t\t\t\t\t<div class=\"elementor-button-wrapper\">\n\t\t\t<a class=\"elementor-button elementor-button-link elementor-size-sm\" href=\"https:\/\/ionexchangeglobal.com\/app\/uploads\/2022\/08\/Ion-Exchange-Solutions-for-the-Rural-Segment.pdf\" target=\"_blank\">\n\t\t\t\t\t\t<span class=\"elementor-button-content-wrapper\">\n\t\t\t\t\t\t<span class=\"elementor-button-icon elementor-align-icon-right\">\n\t\t\t\t<i aria-hidden=\"true\" class=\"fas fa-file-download\"><\/i>\t\t\t<\/span>\n\t\t\t\t\t\t<span class=\"elementor-button-text\">Descargar folleto<\/span>\n\t\t<\/span>\n\t\t\t\t\t<\/a>\n\t\t<\/div>\n\t\t\t\t<\/div>\n\t\t\t\t<\/div>\n\t\t\t\t\t\t<\/div>\n\t\t\t\t\t<\/div>\n\t\t<\/div>\n\t\t\t\t\t\t\t\t<\/div>\n\t\t\t\t\t<\/div>\n\t\t<\/section>\n\t\t\t\t\t\t<\/div>\n\t\t\t\t\t<\/div>\n\t\t<\/div>\n\t\t\t\t<div class=\"has_ma_el_bg_slider elementor-column elementor-col-50 elementor-top-column elementor-element elementor-element-88240fc jltma-glass-effect-no\" data-id=\"88240fc\" data-element_type=\"column\">\n\t\t\t<div class=\"elementor-column-wrap elementor-element-populated\">\n\t\t\t\t\t\t\t<div class=\"elementor-widget-wrap\">\n\t\t\t\t\t\t<div class=\"elementor-element elementor-element-3076d71 jltma-glass-effect-no elementor-widget elementor-widget-heading\" data-id=\"3076d71\" data-element_type=\"widget\" data-widget_type=\"heading.default\">\n\t\t\t\t<div class=\"elementor-widget-container\">\n\t\t\t<h5 class=\"elementor-heading-title elementor-size-default\">Nuestras siguientes soluciones de tratamiento de agua a nivel comunitario ayudan a determinar la contaminaci\u00f3n del agua y a tratarla.<\/h5>\t\t<\/div>\n\t\t\t\t<\/div>\n\t\t\t\t<div class=\"elementor-element elementor-element-2a870d2 jltma-glass-effect-no elementor-widget elementor-widget-text-editor\" data-id=\"2a870d2\" data-element_type=\"widget\" data-widget_type=\"text-editor.default\">\n\t\t\t\t<div class=\"elementor-widget-container\">\n\t\t\t\t\t\t\t\t<div class=\"elementor-text-editor elementor-clearfix\">\n\t\t\t\t<ul><li>Eliminaci\u00f3n de turbidez<\/li><li>Desinfecci\u00f3n<\/li><li>Tratamiento de aguas duras y salobres<\/li><li>Tratamiento de contaminantes de aguas subterr\u00e1neas: fluoruro, hierro, ars\u00e9nico, nitrato, uranio.<\/li><li>Soluciones descentralizadas de tratamiento de aguas residuales y sistemas de reciclaje<\/li><li>Gesti\u00f3n de lodos fecales<\/li><li>Unidades m\u00f3viles de tratamiento de agua para su despliegue durante desastres naturales como ciclones y terremotos.<\/li><li>Kits de prueba para un monitoreo f\u00e1cil y r\u00e1pido de la potabilidad del agua en el sitio<\/li><\/ul><p class=\"western\" align=\"left\">Todo esto est\u00e1 respaldado por servicios t\u00e9cnicos como O&amp;M y capacitaci\u00f3n de operadores locales.<\/p><p class=\"western\" align=\"left\">Tambi\u00e9n brindamos soluciones de agua potable seguras y f\u00e1ciles de usar para hogares e instituciones rurales como escuelas, universidades, hospitales, hoteles, etc. Con el respaldo de una infraestructura s\u00f3lida e instalaciones de fabricaci\u00f3n, hemos completado varios proyectos de tratamiento de agua rural en varios estados de la India y en todo el mundo. Nuestras soluciones para el agua potable y la conservaci\u00f3n del agua brindan una mejor calidad de vida a millones de personas en \u00e1reas rurales.<\/p>\t\t\t\t\t<\/div>\n\t\t\t\t\t\t<\/div>\n\t\t\t\t<\/div>\n\t\t\t\t\t\t<\/div>\n\t\t\t\t\t<\/div>\n\t\t<\/div>\n\t\t\t\t\t\t\t\t<\/div>\n\t\t\t\t\t<\/div>\n\t\t<\/section>\n\t\t\t\t\t\t\t\t\t<\/div>\n\t\t\t<\/div>\n\t\t\t\t\t<\/div>\n\t\t","protected":false},"excerpt":{"rendered":"<p>Soluciones completas de tratamiento de agua rural Ion Exchange es una de las empresas l\u00edderes en tratamiento de agua rural a nivel mundial. Nuestras soluciones de agua abordan las necesidades rurales en tres niveles: punto de uso, comunidad e infraestructura. Van desde unidades de bajo costo para hogares hasta sistemas comunitarios y proyectos de infraestructura&hellip;<\/p>\n","protected":false},"author":4,"featured_media":23683,"parent":38716,"menu_order":0,"comment_status":"closed","ping_status":"closed","template":"elementor_header_footer","meta":{"inline_featured_image":false},"yoast_head":"<!-- This site is optimized with the Yoast SEO plugin v20.12 - https:\/\/yoast.com\/wordpress\/plugins\/seo\/ -->\n<title>Rural Water Treatment Solutions Company India - Ion Exchange<\/title>\n<meta name=\"description\" content=\"Ion Exchange has been providing rural water treatment solutions in India. For more details about our rural water treatment solution call us at (91) 2268572400.\" \/>\n<meta name=\"robots\" content=\"index, follow, max-snippet:-1, max-image-preview:large, max-video-preview:-1\" \/>\n<link rel=\"canonical\" href=\"https:\/\/ionexchangeglobal.com\/int\/es\/segmentos-de-mercado\/comunidades\/rural\/\" \/>\n<meta property=\"og:locale\" content=\"en_US\" \/>\n<meta property=\"og:type\" content=\"article\" \/>\n<meta property=\"og:title\" content=\"Rural Water Treatment Solutions Company India - Ion Exchange\" \/>\n<meta property=\"og:description\" content=\"Ion Exchange has been providing rural water treatment solutions in India. For more details about our rural water treatment solution call us at (91) 2268572400.\" \/>\n<meta property=\"og:url\" content=\"https:\/\/ionexchangeglobal.com\/int\/es\/segmentos-de-mercado\/comunidades\/rural\/\" \/>\n<meta property=\"og:site_name\" content=\"Ion Exchange\" \/>\n<meta property=\"article:publisher\" content=\"https:\/\/www.facebook.com\/IONEXCHANGE\" \/>\n<meta property=\"article:modified_time\" content=\"2023-10-13T10:28:04+00:00\" \/>\n<meta property=\"og:image\" content=\"https:\/\/ionexchangeglobal.com\/int\/wp-content\/uploads\/2022\/04\/rural-banner-img-1024x683.jpg\" \/>\n\t<meta property=\"og:image:width\" content=\"1024\" \/>\n\t<meta property=\"og:image:height\" content=\"683\" \/>\n\t<meta property=\"og:image:type\" content=\"image\/jpeg\" \/>\n<meta name=\"twitter:card\" content=\"summary_large_image\" \/>\n<meta name=\"twitter:site\" content=\"@IEI_Ltd\" \/>\n<meta name=\"twitter:label1\" content=\"Est. reading time\" \/>\n\t<meta name=\"twitter:data1\" content=\"2 minutes\" \/>\n<script type=\"application\/ld+json\" class=\"yoast-schema-graph\">{\"@context\":\"https:\/\/schema.org\",\"@graph\":[{\"@type\":\"WebPage\",\"@id\":\"https:\/\/ionexchangeglobal.com\/int\/es\/segmentos-de-mercado\/comunidades\/rural\/\",\"url\":\"https:\/\/ionexchangeglobal.com\/int\/es\/segmentos-de-mercado\/comunidades\/rural\/\",\"name\":\"Rural Water Treatment Solutions Company India - Ion Exchange\",\"isPartOf\":{\"@id\":\"https:\/\/ionexchangeglobal.com\/int\/#website\"},\"datePublished\":\"2022-01-31T06:09:41+00:00\",\"dateModified\":\"2023-10-13T10:28:04+00:00\",\"description\":\"Ion Exchange has been providing rural water treatment solutions in India. For more details about our rural water treatment solution call us at (91) 2268572400.\",\"breadcrumb\":{\"@id\":\"https:\/\/ionexchangeglobal.com\/int\/es\/segmentos-de-mercado\/comunidades\/rural\/#breadcrumb\"},\"inLanguage\":\"en-US\",\"potentialAction\":[{\"@type\":\"ReadAction\",\"target\":[\"https:\/\/ionexchangeglobal.com\/int\/es\/segmentos-de-mercado\/comunidades\/rural\/\"]}]},{\"@type\":\"BreadcrumbList\",\"@id\":\"https:\/\/ionexchangeglobal.com\/int\/es\/segmentos-de-mercado\/comunidades\/rural\/#breadcrumb\",\"itemListElement\":[{\"@type\":\"ListItem\",\"position\":1,\"name\":\"Home\",\"item\":\"https:\/\/ionexchangeglobal.com\/int\/pt\/pagina-inicial\/\"},{\"@type\":\"ListItem\",\"position\":2,\"name\":\"segmentos de mercado\",\"item\":\"https:\/\/ionexchangeglobal.com\/int\/es\/segmentos-de-mercado\/\"},{\"@type\":\"ListItem\",\"position\":3,\"name\":\"Comunidades\",\"item\":\"https:\/\/ionexchangeglobal.com\/int\/es\/segmentos-de-mercado\/comunidades\/\"},{\"@type\":\"ListItem\",\"position\":4,\"name\":\"Rural\"}]},{\"@type\":\"WebSite\",\"@id\":\"https:\/\/ionexchangeglobal.com\/int\/#website\",\"url\":\"https:\/\/ionexchangeglobal.com\/int\/\",\"name\":\"Ion Exchange\",\"description\":\"Refreshing the Planet\",\"publisher\":{\"@id\":\"https:\/\/ionexchangeglobal.com\/int\/#organization\"},\"potentialAction\":[{\"@type\":\"SearchAction\",\"target\":{\"@type\":\"EntryPoint\",\"urlTemplate\":\"https:\/\/ionexchangeglobal.com\/int\/?s={search_term_string}\"},\"query-input\":\"required name=search_term_string\"}],\"inLanguage\":\"en-US\"},{\"@type\":\"Organization\",\"@id\":\"https:\/\/ionexchangeglobal.com\/int\/#organization\",\"name\":\"Ion Exchange\",\"url\":\"https:\/\/ionexchangeglobal.com\/int\/\",\"logo\":{\"@type\":\"ImageObject\",\"inLanguage\":\"en-US\",\"@id\":\"https:\/\/ionexchangeglobal.com\/int\/#\/schema\/logo\/image\/\",\"url\":\"http:\/\/localhost:8000\/app\/uploads\/2022\/05\/ion-logo-1.webp\",\"contentUrl\":\"http:\/\/localhost:8000\/app\/uploads\/2022\/05\/ion-logo-1.webp\",\"width\":1,\"height\":1,\"caption\":\"Ion Exchange\"},\"image\":{\"@id\":\"https:\/\/ionexchangeglobal.com\/int\/#\/schema\/logo\/image\/\"},\"sameAs\":[\"https:\/\/www.facebook.com\/IONEXCHANGE\",\"https:\/\/twitter.com\/IEI_Ltd\",\"https:\/\/www.youtube.com\/channel\/UCqSuT-yd40I7RZ4p5UXuKbA\/videos\"]}]}<\/script>\n<!-- \/ Yoast SEO plugin. -->","yoast_head_json":{"title":"Rural Water Treatment Solutions Company India - Ion Exchange","description":"Ion Exchange has been providing rural water treatment solutions in India. For more details about our rural water treatment solution call us at (91) 2268572400.","robots":{"index":"index","follow":"follow","max-snippet":"max-snippet:-1","max-image-preview":"max-image-preview:large","max-video-preview":"max-video-preview:-1"},"canonical":"https:\/\/ionexchangeglobal.com\/int\/es\/segmentos-de-mercado\/comunidades\/rural\/","og_locale":"en_US","og_type":"article","og_title":"Rural Water Treatment Solutions Company India - Ion Exchange","og_description":"Ion Exchange has been providing rural water treatment solutions in India. For more details about our rural water treatment solution call us at (91) 2268572400.","og_url":"https:\/\/ionexchangeglobal.com\/int\/es\/segmentos-de-mercado\/comunidades\/rural\/","og_site_name":"Ion Exchange","article_publisher":"https:\/\/www.facebook.com\/IONEXCHANGE","article_modified_time":"2023-10-13T10:28:04+00:00","og_image":[{"width":1024,"height":683,"url":"https:\/\/ionexchangeglobal.com\/int\/wp-content\/uploads\/2022\/04\/rural-banner-img-1024x683.jpg","type":"image\/jpeg"}],"twitter_card":"summary_large_image","twitter_site":"@IEI_Ltd","twitter_misc":{"Est. reading time":"2 minutes"},"schema":{"@context":"https:\/\/schema.org","@graph":[{"@type":"WebPage","@id":"https:\/\/ionexchangeglobal.com\/int\/es\/segmentos-de-mercado\/comunidades\/rural\/","url":"https:\/\/ionexchangeglobal.com\/int\/es\/segmentos-de-mercado\/comunidades\/rural\/","name":"Rural Water Treatment Solutions Company India - Ion Exchange","isPartOf":{"@id":"https:\/\/ionexchangeglobal.com\/int\/#website"},"datePublished":"2022-01-31T06:09:41+00:00","dateModified":"2023-10-13T10:28:04+00:00","description":"Ion Exchange has been providing rural water treatment solutions in India. For more details about our rural water treatment solution call us at (91) 2268572400.","breadcrumb":{"@id":"https:\/\/ionexchangeglobal.com\/int\/es\/segmentos-de-mercado\/comunidades\/rural\/#breadcrumb"},"inLanguage":"en-US","potentialAction":[{"@type":"ReadAction","target":["https:\/\/ionexchangeglobal.com\/int\/es\/segmentos-de-mercado\/comunidades\/rural\/"]}]},{"@type":"BreadcrumbList","@id":"https:\/\/ionexchangeglobal.com\/int\/es\/segmentos-de-mercado\/comunidades\/rural\/#breadcrumb","itemListElement":[{"@type":"ListItem","position":1,"name":"Home","item":"https:\/\/ionexchangeglobal.com\/int\/pt\/pagina-inicial\/"},{"@type":"ListItem","position":2,"name":"segmentos de mercado","item":"https:\/\/ionexchangeglobal.com\/int\/es\/segmentos-de-mercado\/"},{"@type":"ListItem","position":3,"name":"Comunidades","item":"https:\/\/ionexchangeglobal.com\/int\/es\/segmentos-de-mercado\/comunidades\/"},{"@type":"ListItem","position":4,"name":"Rural"}]},{"@type":"WebSite","@id":"https:\/\/ionexchangeglobal.com\/int\/#website","url":"https:\/\/ionexchangeglobal.com\/int\/","name":"Ion Exchange","description":"Refreshing the Planet","publisher":{"@id":"https:\/\/ionexchangeglobal.com\/int\/#organization"},"potentialAction":[{"@type":"SearchAction","target":{"@type":"EntryPoint","urlTemplate":"https:\/\/ionexchangeglobal.com\/int\/?s={search_term_string}"},"query-input":"required name=search_term_string"}],"inLanguage":"en-US"},{"@type":"Organization","@id":"https:\/\/ionexchangeglobal.com\/int\/#organization","name":"Ion Exchange","url":"https:\/\/ionexchangeglobal.com\/int\/","logo":{"@type":"ImageObject","inLanguage":"en-US","@id":"https:\/\/ionexchangeglobal.com\/int\/#\/schema\/logo\/image\/","url":"http:\/\/localhost:8000\/app\/uploads\/2022\/05\/ion-logo-1.webp","contentUrl":"http:\/\/localhost:8000\/app\/uploads\/2022\/05\/ion-logo-1.webp","width":1,"height":1,"caption":"Ion Exchange"},"image":{"@id":"https:\/\/ionexchangeglobal.com\/int\/#\/schema\/logo\/image\/"},"sameAs":["https:\/\/www.facebook.com\/IONEXCHANGE","https:\/\/twitter.com\/IEI_Ltd","https:\/\/www.youtube.com\/channel\/UCqSuT-yd40I7RZ4p5UXuKbA\/videos"]}]}},"lang":"es","translations":{"es":38722,"en":18385,"pt":35507,"ru":39151,"it":40478,"zh":41699,"ko":41701,"ar":41706,"fr":44477,"de":44607,"ja":46162},"pll_sync_post":[],"_links":{"self":[{"href":"https:\/\/ionexchangeglobal.com\/int\/wp-json\/wp\/v2\/pages\/38722"}],"collection":[{"href":"https:\/\/ionexchangeglobal.com\/int\/wp-json\/wp\/v2\/pages"}],"about":[{"href":"https:\/\/ionexchangeglobal.com\/int\/wp-json\/wp\/v2\/types\/page"}],"author":[{"embeddable":true,"href":"https:\/\/ionexchangeglobal.com\/int\/wp-json\/wp\/v2\/users\/4"}],"replies":[{"embeddable":true,"href":"https:\/\/ionexchangeglobal.com\/int\/wp-json\/wp\/v2\/comments?post=38722"}],"version-history":[{"count":1,"href":"https:\/\/ionexchangeglobal.com\/int\/wp-json\/wp\/v2\/pages\/38722\/revisions"}],"predecessor-version":[{"id":38726,"href":"https:\/\/ionexchangeglobal.com\/int\/wp-json\/wp\/v2\/pages\/38722\/revisions\/38726"}],"up":[{"embeddable":true,"href":"https:\/\/ionexchangeglobal.com\/int\/wp-json\/wp\/v2\/pages\/38716"}],"wp:featuredmedia":[{"embeddable":true,"href":"https:\/\/ionexchangeglobal.com\/int\/wp-json\/wp\/v2\/media\/23683"}],"wp:attachment":[{"href":"https:\/\/ionexchangeglobal.com\/int\/wp-json\/wp\/v2\/media?parent=38722"}],"curies":[{"name":"wp","href":"https:\/\/api.w.org\/{rel}","templated":true}]}}