{"id":38585,"date":"2021-07-19T11:32:23","date_gmt":"2021-07-19T06:02:23","guid":{"rendered":"https:\/\/stage.ionexchangeglobal.com\/?page_id=38585"},"modified":"2023-12-17T18:37:44","modified_gmt":"2023-12-17T13:07:44","slug":"marktsegmente","status":"publish","type":"page","link":"https:\/\/ionexchangeglobal.com\/int\/de\/marktsegmente\/","title":{"rendered":"MARKTSEGMENTE"},"content":{"rendered":"\t\t<div data-elementor-type=\"wp-page\" data-elementor-id=\"38585\" data-post-id=\"38585\" data-obj-id=\"38585\" class=\"elementor elementor-38585 dce-elementor-post-38585\">\n\t\t\t\t\t\t<div class=\"elementor-inner\">\n\t\t\t\t<div class=\"elementor-section-wrap\">\n\t\t\t\t\t\t\t\t\t<section class=\"has_ma_el_bg_slider elementor-section elementor-top-section elementor-element elementor-element-4792400 elementor-section-boxed elementor-section-height-default elementor-section-height-default jltma-glass-effect-no\" data-id=\"4792400\" data-element_type=\"section\">\n\t\t\t\t\t\t<div class=\"elementor-container elementor-column-gap-default\">\n\t\t\t\t\t\t\t<div class=\"elementor-row\">\n\t\t\t\t\t<div class=\"has_ma_el_bg_slider elementor-column elementor-col-100 elementor-top-column elementor-element elementor-element-994c91e jltma-glass-effect-no\" data-id=\"994c91e\" data-element_type=\"column\">\n\t\t\t<div class=\"elementor-column-wrap elementor-element-populated\">\n\t\t\t\t\t\t\t<div class=\"elementor-widget-wrap\">\n\t\t\t\t\t\t<div class=\"elementor-element elementor-element-ac3dece jltma-glass-effect-no elementor-widget elementor-widget-heading\" data-id=\"ac3dece\" data-element_type=\"widget\" data-widget_type=\"heading.default\">\n\t\t\t\t<div class=\"elementor-widget-container\">\n\t\t\t<h2 class=\"elementor-heading-title elementor-size-default\">Wegweisend f\u00fcr sektor\u00fcbergreifende Wassereffizienz<\/h2>\t\t<\/div>\n\t\t\t\t<\/div>\n\t\t\t\t<div class=\"elementor-element elementor-element-a80f493 jltma-glass-effect-no elementor-widget elementor-widget-text-editor\" data-id=\"a80f493\" data-element_type=\"widget\" data-widget_type=\"text-editor.default\">\n\t\t\t\t<div class=\"elementor-widget-container\">\n\t\t\t\t\t\t\t\t<div class=\"elementor-text-editor elementor-clearfix\">\n\t\t\t\t<p>Ion Exchange ist eines der wenigen Unternehmen weltweit mit einem umfassenden Angebot an L\u00f6sungen f\u00fcr das Wasser- und Umweltmanagement. Unsere umfassenden Technologien, Produkte und Dienstleistungen erm\u00f6glichen es unseren multidisziplin\u00e4ren Expertenteams, den Anforderungen aller Sektoren gerecht zu werden, sei es Industrie, Institutionen, Privathaushalte und Gemeinden \u2013 Stadt und Land<\/p>\t\t\t\t\t<\/div>\n\t\t\t\t\t\t<\/div>\n\t\t\t\t<\/div>\n\t\t\t\t\t\t<\/div>\n\t\t\t\t\t<\/div>\n\t\t<\/div>\n\t\t\t\t\t\t\t\t<\/div>\n\t\t\t\t\t<\/div>\n\t\t<\/section>\n\t\t\t\t<section class=\"has_ma_el_bg_slider elementor-section elementor-top-section elementor-element elementor-element-5a7855d elementor-section-boxed elementor-section-height-default elementor-section-height-default jltma-glass-effect-no\" data-dce-background-color=\"#FFFFFF\" data-id=\"5a7855d\" data-element_type=\"section\" data-settings=\"{&quot;background_background&quot;:&quot;classic&quot;}\">\n\t\t\t\t\t\t<div class=\"elementor-container elementor-column-gap-default\">\n\t\t\t\t\t\t\t<div class=\"elementor-row\">\n\t\t\t\t\t<div class=\"has_ma_el_bg_slider elementor-column elementor-col-100 elementor-top-column elementor-element elementor-element-4ac3966 jltma-glass-effect-no\" data-id=\"4ac3966\" data-element_type=\"column\">\n\t\t\t<div class=\"elementor-column-wrap elementor-element-populated\">\n\t\t\t\t\t\t\t<div class=\"elementor-widget-wrap\">\n\t\t\t\t\t\t<div class=\"elementor-element elementor-element-bbbb7e0 jltma-glass-effect-no elementor-widget elementor-widget-ucaddon_advantagesection\" data-id=\"bbbb7e0\" data-element_type=\"widget\" data-widget_type=\"ucaddon_advantagesection.default\">\n\t\t\t\t<div class=\"elementor-widget-container\">\n\t\t\t<!-- start Advantage Section -->\n\t\t\t<style type=\"text\/css\">\/* widget: Advantage Section *\/\n\n#advantage{\n  padding-top:0;\n}\n\n.advantage-section .advantage-img-text .advantage-text {\n    padding:15px;\n}\n.advantage-section .advantage-img-text .advantage-text h3 {\n    font-size: 14px;\n  \tcolor: #fff;\n}\n.advantage-section .advantage-content .col-lg-4:nth-child(1) .advantage-img-text .advantage-text, .advantage-section .advantage-content .col-lg-4:nth-child(1) .advantage-img-text .advantage-text {\n    background-color: #009adc !important;\n}\n.advantage-section .advantage-content .col-lg-4:nth-child(2) .advantage-img-text .advantage-text, .advantage-section .advantage-content .col-lg-4:nth-child(1) .advantage-img-text .advantage-text {\n    background-color: #ffb74c;\n}\n.advantage-section .advantage-content .col-lg-4:nth-child(3) .advantage-img-text .advantage-text, .advantage-section .advantage-content .col-lg-4:nth-child(1) .advantage-img-text .advantage-text {\n    background-color: #48c37e;\n}\n.advantage-section .advantage-content .col-lg-4:nth-child(4) .advantage-img-text .advantage-text {\n    background-color: #ffb74c;\n}\n.advantage-section .advantage-content .col-lg-4:nth-child(5) .advantage-img-text .advantage-text {\n    background-color: #009adc;\n}\n.section-title-middle .title-tag img {\n    height: 0;\n}\n.advantage-section .section-title-middle {\n    max-width: 75%;\n}\n.advantage-section {\n    padding-bottom: 0;\n}\n\n.advantage-content > .row > div {\n  flex: 1 0 33%;\n}\n\n@media screen and (max-width: 40em) {\n  .advantage-content > .row > div {\n  max-width: 50%;\n\t}\n}\n\n<\/style>\n\n\t\t\t<!-- Start of advantage section -->\n\t<section id=\"advantage\" class=\"advantage-section\">\n\t\t<div class=\"container\">\n\t\t\t<div class=\"section-title-middle text-center\">\n\t\t\t\t<span class=\"title-tag\">\n\t\t\t\t\t<img decoding=\"async\" src=\"\"  alt=\"\">\n\t\t\t\t\t\n\t\t\t\t<\/span>\n\t\t\t\t<h2><\/h2>\n\t\t\t<\/div>\n\t\t\t<!-- \/title -->\n\t\t\t<div class=\"advantage-content\">\n\t\t\t\t<div class=\"row justify-content-md-center\">\n\t\t\t\t\t<div class=\"col-lg-4 col-md-4\">\n    \t<a href=\"https:\/\/ionexchangeglobal.com\/int\/de\/marktsegmente\/branchen\/\">\n\t<div class=\"advantage-img-text\">\n\t\t<div class=\"advantage-img\">\n\t\t\t<img decoding=\"async\" src=\"https:\/\/ionexchangeglobal.com\/int\/wp-content\/uploads\/2021\/09\/Industry-card-1.jpg\" alt=\"\" loading=\"lazy\">\n\t\t<\/div>\n\t\t<div class=\"advantage-text text-center text-uppercase headline\">\n\t\t\t<h3>Branchen<\/h3>\n\t\t<\/div>\n\t<\/div>\n  \t<\/a>\n  <\/div>\n<div class=\"col-lg-4 col-md-4\">\n    \t<a href=\"https:\/\/ionexchangeglobal.com\/int\/de\/marktsegmente\/institutionen\/\">\n\t<div class=\"advantage-img-text\">\n\t\t<div class=\"advantage-img\">\n\t\t\t<img decoding=\"async\" src=\"https:\/\/ionexchangeglobal.com\/int\/wp-content\/uploads\/2021\/09\/industry-1.jpg\" alt=\"\" loading=\"lazy\">\n\t\t<\/div>\n\t\t<div class=\"advantage-text text-center text-uppercase headline\">\n\t\t\t<h3>Institutionen<\/h3>\n\t\t<\/div>\n\t<\/div>\n  \t<\/a>\n  <\/div>\n<div class=\"col-lg-4 col-md-4\">\n    \t<a href=\"https:\/\/ionexchangeglobal.com\/int\/de\/marktsegmente\/haeuser\/\">\n\t<div class=\"advantage-img-text\">\n\t\t<div class=\"advantage-img\">\n\t\t\t<img decoding=\"async\" src=\"https:\/\/ionexchangeglobal.com\/int\/wp-content\/uploads\/2021\/09\/homes.jpeg\" alt=\"\" loading=\"lazy\">\n\t\t<\/div>\n\t\t<div class=\"advantage-text text-center text-uppercase headline\">\n\t\t\t<h3>H\u00e4user<\/h3>\n\t\t<\/div>\n\t<\/div>\n  \t<\/a>\n  <\/div>\n<div class=\"col-lg-4 col-md-4\">\n    \t<a href=\"https:\/\/ionexchangeglobal.com\/int\/de\/marktsegmente\/gemeinschaften\/\">\n\t<div class=\"advantage-img-text\">\n\t\t<div class=\"advantage-img\">\n\t\t\t<img decoding=\"async\" src=\"https:\/\/ionexchangeglobal.com\/int\/wp-content\/uploads\/2021\/09\/institution.jpeg\" alt=\"\" loading=\"lazy\">\n\t\t<\/div>\n\t\t<div class=\"advantage-text text-center text-uppercase headline\">\n\t\t\t<h3>Gemeinschaften<\/h3>\n\t\t<\/div>\n\t<\/div>\n  \t<\/a>\n  <\/div>\n\n\t\t\t\t<\/div>\n\t\t\t<\/div>\n\t\t<\/div>\n\t<\/section>\n<!-- End of advantage section -->\n\t\t\t<!-- end Advantage Section -->\t\t<\/div>\n\t\t\t\t<\/div>\n\t\t\t\t\t\t<\/div>\n\t\t\t\t\t<\/div>\n\t\t<\/div>\n\t\t\t\t\t\t\t\t<\/div>\n\t\t\t\t\t<\/div>\n\t\t<\/section>\n\t\t\t\t\t\t\t\t\t<\/div>\n\t\t\t<\/div>\n\t\t\t\t\t<\/div>\n\t\t","protected":false},"excerpt":{"rendered":"<p>Wegweisend f\u00fcr sektor\u00fcbergreifende Wassereffizienz Ion Exchange ist eines der wenigen Unternehmen weltweit mit einem umfassenden Angebot an L\u00f6sungen f\u00fcr das Wasser- und Umweltmanagement. Unsere umfassenden Technologien, Produkte und Dienstleistungen erm\u00f6glichen es unseren multidisziplin\u00e4ren Expertenteams, den Anforderungen aller Sektoren gerecht zu werden, sei es Industrie, Institutionen, Privathaushalte und Gemeinden \u2013 Stadt und Land Branchen Institutionen H\u00e4user&hellip;<\/p>\n","protected":false},"author":4,"featured_media":26280,"parent":0,"menu_order":0,"comment_status":"closed","ping_status":"closed","template":"elementor_header_footer","meta":{"inline_featured_image":false},"yoast_head":"<!-- This site is optimized with the Yoast SEO plugin v20.12 - https:\/\/yoast.com\/wordpress\/plugins\/seo\/ -->\n<title>MARKTSEGMENTE - Ion Exchange<\/title>\n<meta name=\"robots\" content=\"index, follow, max-snippet:-1, max-image-preview:large, max-video-preview:-1\" \/>\n<link rel=\"canonical\" href=\"https:\/\/ionexchangeglobal.com\/int\/de\/marktsegmente\/\" \/>\n<meta property=\"og:locale\" content=\"en_US\" \/>\n<meta property=\"og:type\" content=\"article\" \/>\n<meta property=\"og:title\" content=\"MARKTSEGMENTE - Ion Exchange\" \/>\n<meta property=\"og:description\" content=\"Wegweisend f\u00fcr sektor\u00fcbergreifende Wassereffizienz Ion Exchange ist eines der wenigen Unternehmen weltweit mit einem umfassenden Angebot an L\u00f6sungen f\u00fcr das Wasser- und Umweltmanagement. Unsere umfassenden Technologien, Produkte und Dienstleistungen erm\u00f6glichen es unseren multidisziplin\u00e4ren Expertenteams, den Anforderungen aller Sektoren gerecht zu werden, sei es Industrie, Institutionen, Privathaushalte und Gemeinden \u2013 Stadt und Land Branchen Institutionen H\u00e4user&hellip;\" \/>\n<meta property=\"og:url\" content=\"https:\/\/ionexchangeglobal.com\/int\/de\/marktsegmente\/\" \/>\n<meta property=\"og:site_name\" content=\"Ion Exchange\" \/>\n<meta property=\"article:publisher\" content=\"https:\/\/www.facebook.com\/IONEXCHANGE\" \/>\n<meta property=\"article:modified_time\" content=\"2023-12-17T13:07:44+00:00\" \/>\n<meta property=\"og:image\" content=\"https:\/\/ionexchangeglobal.com\/int\/wp-content\/uploads\/2022\/05\/market-segments-banner-img.webp\" \/>\n\t<meta property=\"og:image:width\" content=\"1\" \/>\n\t<meta property=\"og:image:height\" content=\"1\" \/>\n\t<meta property=\"og:image:type\" content=\"image\/webp\" \/>\n<meta name=\"twitter:card\" content=\"summary_large_image\" \/>\n<meta name=\"twitter:site\" content=\"@IEI_Ltd\" \/>\n<script type=\"application\/ld+json\" class=\"yoast-schema-graph\">{\"@context\":\"https:\/\/schema.org\",\"@graph\":[{\"@type\":\"WebPage\",\"@id\":\"https:\/\/ionexchangeglobal.com\/int\/de\/marktsegmente\/\",\"url\":\"https:\/\/ionexchangeglobal.com\/int\/de\/marktsegmente\/\",\"name\":\"MARKTSEGMENTE - Ion Exchange\",\"isPartOf\":{\"@id\":\"https:\/\/ionexchangeglobal.com\/int\/#website\"},\"datePublished\":\"2021-07-19T06:02:23+00:00\",\"dateModified\":\"2023-12-17T13:07:44+00:00\",\"breadcrumb\":{\"@id\":\"https:\/\/ionexchangeglobal.com\/int\/de\/marktsegmente\/#breadcrumb\"},\"inLanguage\":\"en-US\",\"potentialAction\":[{\"@type\":\"ReadAction\",\"target\":[\"https:\/\/ionexchangeglobal.com\/int\/de\/marktsegmente\/\"]}]},{\"@type\":\"BreadcrumbList\",\"@id\":\"https:\/\/ionexchangeglobal.com\/int\/de\/marktsegmente\/#breadcrumb\",\"itemListElement\":[{\"@type\":\"ListItem\",\"position\":1,\"name\":\"Home\",\"item\":\"https:\/\/ionexchangeglobal.com\/int\/pt\/pagina-inicial\/\"},{\"@type\":\"ListItem\",\"position\":2,\"name\":\"MARKTSEGMENTE\"}]},{\"@type\":\"WebSite\",\"@id\":\"https:\/\/ionexchangeglobal.com\/int\/#website\",\"url\":\"https:\/\/ionexchangeglobal.com\/int\/\",\"name\":\"Ion Exchange\",\"description\":\"Refreshing the Planet\",\"publisher\":{\"@id\":\"https:\/\/ionexchangeglobal.com\/int\/#organization\"},\"potentialAction\":[{\"@type\":\"SearchAction\",\"target\":{\"@type\":\"EntryPoint\",\"urlTemplate\":\"https:\/\/ionexchangeglobal.com\/int\/?s={search_term_string}\"},\"query-input\":\"required name=search_term_string\"}],\"inLanguage\":\"en-US\"},{\"@type\":\"Organization\",\"@id\":\"https:\/\/ionexchangeglobal.com\/int\/#organization\",\"name\":\"Ion Exchange\",\"url\":\"https:\/\/ionexchangeglobal.com\/int\/\",\"logo\":{\"@type\":\"ImageObject\",\"inLanguage\":\"en-US\",\"@id\":\"https:\/\/ionexchangeglobal.com\/int\/#\/schema\/logo\/image\/\",\"url\":\"http:\/\/localhost:8000\/app\/uploads\/2022\/05\/ion-logo-1.webp\",\"contentUrl\":\"http:\/\/localhost:8000\/app\/uploads\/2022\/05\/ion-logo-1.webp\",\"width\":1,\"height\":1,\"caption\":\"Ion Exchange\"},\"image\":{\"@id\":\"https:\/\/ionexchangeglobal.com\/int\/#\/schema\/logo\/image\/\"},\"sameAs\":[\"https:\/\/www.facebook.com\/IONEXCHANGE\",\"https:\/\/twitter.com\/IEI_Ltd\",\"https:\/\/www.youtube.com\/channel\/UCqSuT-yd40I7RZ4p5UXuKbA\/videos\"]}]}<\/script>\n<!-- \/ Yoast SEO plugin. -->","yoast_head_json":{"title":"MARKTSEGMENTE - Ion Exchange","robots":{"index":"index","follow":"follow","max-snippet":"max-snippet:-1","max-image-preview":"max-image-preview:large","max-video-preview":"max-video-preview:-1"},"canonical":"https:\/\/ionexchangeglobal.com\/int\/de\/marktsegmente\/","og_locale":"en_US","og_type":"article","og_title":"MARKTSEGMENTE - Ion Exchange","og_description":"Wegweisend f\u00fcr sektor\u00fcbergreifende Wassereffizienz Ion Exchange ist eines der wenigen Unternehmen weltweit mit einem umfassenden Angebot an L\u00f6sungen f\u00fcr das Wasser- und Umweltmanagement. Unsere umfassenden Technologien, Produkte und Dienstleistungen erm\u00f6glichen es unseren multidisziplin\u00e4ren Expertenteams, den Anforderungen aller Sektoren gerecht zu werden, sei es Industrie, Institutionen, Privathaushalte und Gemeinden \u2013 Stadt und Land Branchen Institutionen H\u00e4user&hellip;","og_url":"https:\/\/ionexchangeglobal.com\/int\/de\/marktsegmente\/","og_site_name":"Ion Exchange","article_publisher":"https:\/\/www.facebook.com\/IONEXCHANGE","article_modified_time":"2023-12-17T13:07:44+00:00","og_image":[{"url":"https:\/\/ionexchangeglobal.com\/int\/wp-content\/uploads\/2022\/05\/market-segments-banner-img.webp","width":1,"height":1,"type":"image\/webp"}],"twitter_card":"summary_large_image","twitter_site":"@IEI_Ltd","schema":{"@context":"https:\/\/schema.org","@graph":[{"@type":"WebPage","@id":"https:\/\/ionexchangeglobal.com\/int\/de\/marktsegmente\/","url":"https:\/\/ionexchangeglobal.com\/int\/de\/marktsegmente\/","name":"MARKTSEGMENTE - Ion Exchange","isPartOf":{"@id":"https:\/\/ionexchangeglobal.com\/int\/#website"},"datePublished":"2021-07-19T06:02:23+00:00","dateModified":"2023-12-17T13:07:44+00:00","breadcrumb":{"@id":"https:\/\/ionexchangeglobal.com\/int\/de\/marktsegmente\/#breadcrumb"},"inLanguage":"en-US","potentialAction":[{"@type":"ReadAction","target":["https:\/\/ionexchangeglobal.com\/int\/de\/marktsegmente\/"]}]},{"@type":"BreadcrumbList","@id":"https:\/\/ionexchangeglobal.com\/int\/de\/marktsegmente\/#breadcrumb","itemListElement":[{"@type":"ListItem","position":1,"name":"Home","item":"https:\/\/ionexchangeglobal.com\/int\/pt\/pagina-inicial\/"},{"@type":"ListItem","position":2,"name":"MARKTSEGMENTE"}]},{"@type":"WebSite","@id":"https:\/\/ionexchangeglobal.com\/int\/#website","url":"https:\/\/ionexchangeglobal.com\/int\/","name":"Ion Exchange","description":"Refreshing the Planet","publisher":{"@id":"https:\/\/ionexchangeglobal.com\/int\/#organization"},"potentialAction":[{"@type":"SearchAction","target":{"@type":"EntryPoint","urlTemplate":"https:\/\/ionexchangeglobal.com\/int\/?s={search_term_string}"},"query-input":"required name=search_term_string"}],"inLanguage":"en-US"},{"@type":"Organization","@id":"https:\/\/ionexchangeglobal.com\/int\/#organization","name":"Ion Exchange","url":"https:\/\/ionexchangeglobal.com\/int\/","logo":{"@type":"ImageObject","inLanguage":"en-US","@id":"https:\/\/ionexchangeglobal.com\/int\/#\/schema\/logo\/image\/","url":"http:\/\/localhost:8000\/app\/uploads\/2022\/05\/ion-logo-1.webp","contentUrl":"http:\/\/localhost:8000\/app\/uploads\/2022\/05\/ion-logo-1.webp","width":1,"height":1,"caption":"Ion Exchange"},"image":{"@id":"https:\/\/ionexchangeglobal.com\/int\/#\/schema\/logo\/image\/"},"sameAs":["https:\/\/www.facebook.com\/IONEXCHANGE","https:\/\/twitter.com\/IEI_Ltd","https:\/\/www.youtube.com\/channel\/UCqSuT-yd40I7RZ4p5UXuKbA\/videos"]}]}},"lang":"de","translations":{"de":38585,"en":7328,"pt":35496,"it":36237,"fr":37222,"es":37760,"ru":39141,"zh":40991,"ko":40993,"ar":40998,"ja":46141,"th":63766},"pll_sync_post":[],"_links":{"self":[{"href":"https:\/\/ionexchangeglobal.com\/int\/wp-json\/wp\/v2\/pages\/38585"}],"collection":[{"href":"https:\/\/ionexchangeglobal.com\/int\/wp-json\/wp\/v2\/pages"}],"about":[{"href":"https:\/\/ionexchangeglobal.com\/int\/wp-json\/wp\/v2\/types\/page"}],"author":[{"embeddable":true,"href":"https:\/\/ionexchangeglobal.com\/int\/wp-json\/wp\/v2\/users\/4"}],"replies":[{"embeddable":true,"href":"https:\/\/ionexchangeglobal.com\/int\/wp-json\/wp\/v2\/comments?post=38585"}],"version-history":[{"count":4,"href":"https:\/\/ionexchangeglobal.com\/int\/wp-json\/wp\/v2\/pages\/38585\/revisions"}],"predecessor-version":[{"id":44943,"href":"https:\/\/ionexchangeglobal.com\/int\/wp-json\/wp\/v2\/pages\/38585\/revisions\/44943"}],"wp:featuredmedia":[{"embeddable":true,"href":"https:\/\/ionexchangeglobal.com\/int\/wp-json\/wp\/v2\/media\/26280"}],"wp:attachment":[{"href":"https:\/\/ionexchangeglobal.com\/int\/wp-json\/wp\/v2\/media?parent=38585"}],"curies":[{"name":"wp","href":"https:\/\/api.w.org\/{rel}","templated":true}]}}