{"id":38181,"date":"2022-01-19T13:12:39","date_gmt":"2022-01-19T13:12:39","guid":{"rendered":"https:\/\/stage.ionexchangeglobal.com\/?page_id=38181"},"modified":"2023-10-06T16:53:21","modified_gmt":"2023-10-06T11:23:21","slug":"actualizaciones-de-covid-19","status":"publish","type":"page","link":"https:\/\/ionexchangeglobal.com\/int\/es\/actualizaciones-de-covid-19\/","title":{"rendered":"Actualizaciones de Covid-19"},"content":{"rendered":"\t\t<div data-elementor-type=\"wp-page\" data-elementor-id=\"38181\" data-post-id=\"38181\" data-obj-id=\"38181\" class=\"elementor elementor-38181 dce-elementor-post-38181\">\n\t\t\t\t\t\t<div class=\"elementor-inner\">\n\t\t\t\t<div class=\"elementor-section-wrap\">\n\t\t\t\t\t\t\t\t\t<section class=\"has_ma_el_bg_slider elementor-section elementor-top-section elementor-element elementor-element-e898869 elementor-section-boxed elementor-section-height-default elementor-section-height-default jltma-glass-effect-no\" data-id=\"e898869\" data-element_type=\"section\">\n\t\t\t\t\t\t<div class=\"elementor-container elementor-column-gap-default\">\n\t\t\t\t\t\t\t<div class=\"elementor-row\">\n\t\t\t\t\t<div class=\"has_ma_el_bg_slider elementor-column elementor-col-100 elementor-top-column elementor-element elementor-element-3e725e5 jltma-glass-effect-no\" data-id=\"3e725e5\" data-element_type=\"column\">\n\t\t\t<div class=\"elementor-column-wrap elementor-element-populated\">\n\t\t\t\t\t\t\t<div class=\"elementor-widget-wrap\">\n\t\t\t\t\t\t<div class=\"elementor-element elementor-element-68e3f5b elementor-pagination-position-outside jltma-glass-effect-no elementor-widget elementor-widget-image-carousel\" data-id=\"68e3f5b\" data-element_type=\"widget\" data-settings=\"{&quot;slides_to_show&quot;:&quot;2&quot;,&quot;navigation&quot;:&quot;dots&quot;,&quot;autoplay&quot;:&quot;yes&quot;,&quot;pause_on_hover&quot;:&quot;yes&quot;,&quot;pause_on_interaction&quot;:&quot;yes&quot;,&quot;autoplay_speed&quot;:5000,&quot;infinite&quot;:&quot;yes&quot;,&quot;speed&quot;:500}\" data-widget_type=\"image-carousel.default\">\n\t\t\t\t<div class=\"elementor-widget-container\">\n\t\t\t\t\t<div class=\"elementor-image-carousel-wrapper swiper-container\" dir=\"ltr\">\n\t\t\t<div class=\"elementor-image-carousel swiper-wrapper\" aria-live=\"off\">\n\t\t\t\t\t\t\t\t<div class=\"swiper-slide\" role=\"group\" aria-roledescription=\"slide\" aria-label=\"1 of 4\"><figure class=\"swiper-slide-inner\"><img decoding=\"async\" class=\"swiper-slide-image\" src=\"https:\/\/ionexchangeglobal.com\/int\/wp-content\/uploads\/2022\/01\/Ion-Warrior.jpg\" alt=\"Ion Warrior\" loading=\"lazy\" \/><\/figure><\/div><div class=\"swiper-slide\" role=\"group\" aria-roledescription=\"slide\" aria-label=\"2 of 4\"><figure class=\"swiper-slide-inner\"><img decoding=\"async\" class=\"swiper-slide-image\" src=\"https:\/\/ionexchangeglobal.com\/int\/wp-content\/uploads\/2022\/01\/option-3.jpg\" alt=\"option 3\" loading=\"lazy\" \/><\/figure><\/div><div class=\"swiper-slide\" role=\"group\" aria-roledescription=\"slide\" aria-label=\"3 of 4\"><figure class=\"swiper-slide-inner\"><img decoding=\"async\" class=\"swiper-slide-image\" src=\"https:\/\/ionexchangeglobal.com\/int\/wp-content\/uploads\/2022\/01\/Option-9.jpg\" alt=\"Option 9\" loading=\"lazy\" \/><\/figure><\/div><div class=\"swiper-slide\" role=\"group\" aria-roledescription=\"slide\" aria-label=\"4 of 4\"><figure class=\"swiper-slide-inner\"><img decoding=\"async\" class=\"swiper-slide-image\" src=\"https:\/\/ionexchangeglobal.com\/int\/wp-content\/uploads\/2022\/01\/SOP.jpg\" alt=\"SOP\" loading=\"lazy\" \/><\/figure><\/div>\t\t\t<\/div>\n\t\t\t\t\t\t\t\n\t\t\t\t\t\t\t\t\t<div class=\"swiper-pagination\"><\/div>\n\t\t\t\t\t\t\t\t\t<\/div>\n\t\t\t\t<\/div>\n\t\t\t\t<\/div>\n\t\t\t\t\t\t<\/div>\n\t\t\t\t\t<\/div>\n\t\t<\/div>\n\t\t\t\t\t\t\t\t<\/div>\n\t\t\t\t\t<\/div>\n\t\t<\/section>\n\t\t\t\t<section class=\"has_ma_el_bg_slider elementor-section elementor-top-section elementor-element elementor-element-56b28d9 elementor-section-full_width elementor-section-height-default elementor-section-height-default jltma-glass-effect-no\" data-id=\"56b28d9\" data-element_type=\"section\">\n\t\t\t\t\t\t<div class=\"elementor-container elementor-column-gap-default\">\n\t\t\t\t\t\t\t<div class=\"elementor-row\">\n\t\t\t\t\t<div class=\"has_ma_el_bg_slider elementor-column elementor-col-100 elementor-top-column elementor-element elementor-element-75ca68a jltma-glass-effect-no\" data-id=\"75ca68a\" data-element_type=\"column\">\n\t\t\t<div class=\"elementor-column-wrap elementor-element-populated\">\n\t\t\t\t\t\t\t<div class=\"elementor-widget-wrap\">\n\t\t\t\t\t\t<section class=\"has_ma_el_bg_slider elementor-section elementor-inner-section elementor-element elementor-element-0afc0c1 elementor-section-boxed elementor-section-height-default elementor-section-height-default jltma-glass-effect-no\" data-id=\"0afc0c1\" data-element_type=\"section\">\n\t\t\t\t\t\t<div class=\"elementor-container elementor-column-gap-default\">\n\t\t\t\t\t\t\t<div class=\"elementor-row\">\n\t\t\t\t\t<div class=\"has_ma_el_bg_slider elementor-column elementor-col-100 elementor-inner-column elementor-element elementor-element-cd7e4a9 jltma-glass-effect-no\" data-dce-background-color=\"#009ADB\" data-id=\"cd7e4a9\" data-element_type=\"column\" data-settings=\"{&quot;background_background&quot;:&quot;classic&quot;}\">\n\t\t\t<div class=\"elementor-column-wrap elementor-element-populated\">\n\t\t\t\t\t\t\t<div class=\"elementor-widget-wrap\">\n\t\t\t\t\t\t<div class=\"elementor-element elementor-element-678e3fd jltma-glass-effect-no elementor-widget elementor-widget-heading\" data-id=\"678e3fd\" data-element_type=\"widget\" data-widget_type=\"heading.default\">\n\t\t\t\t<div class=\"elementor-widget-container\">\n\t\t\t<h5 class=\"elementor-heading-title elementor-size-default\">Un mensaje de nuestro CMD a todos nuestros clientes y socios sobre el compromiso de Ion Exchange de respaldar categor\u00edas de servicios esenciales durante este momento cr\u00edtico.<\/h5>\t\t<\/div>\n\t\t\t\t<\/div>\n\t\t\t\t<div class=\"elementor-element elementor-element-a48f6ad elementor-widget__width-auto jltma-glass-effect-no elementor-widget elementor-widget-text-editor\" data-id=\"a48f6ad\" data-element_type=\"widget\" data-widget_type=\"text-editor.default\">\n\t\t\t\t<div class=\"elementor-widget-container\">\n\t\t\t\t\t\t\t\t<div class=\"elementor-text-editor elementor-clearfix\">\n\t\t\t\t<p>Estimadas clientes y socios,<\/p><p>Estamos en medio de los momentos m\u00e1s desafiantes de nuestras vidas. Nunca antes nos hab\u00edamos enfrentado a una situaci\u00f3n sin precedentes, en la que la mayor parte del mundo est\u00e1 bloqueada. Es dif\u00edcil imaginar un negocio que no se haya visto afectado.<\/p><p>Son tiempos dif\u00edciles para todos nosotros. Nuestra prioridad tiene que ser la salud y la seguridad de nuestras familias, amigos y colegas. Nuestros pensamientos est\u00e1n especialmente con aquellos que no se encuentran bien y les deseamos una pronta recuperaci\u00f3n. Saludo y agradezco a todos los param\u00e9dicos, personas que administran servicios esenciales y personal de log\u00edstica por su dedicaci\u00f3n y servicios desinteresados \u200b\u200ba la humanidad.<\/p><p>Esta pandemia nos ha obligado a todos a trabajar desde casa. Aprecio enormemente los esfuerzos de nuestro equipo por adaptarse a este nuevo entorno de trabajo y por continuar brindando un servicio fluido a nuestros clientes a trav\u00e9s de canales digitales. Estoy orgulloso de nuestros equipos de operaci\u00f3n y mantenimiento e ingenieros de servicio que trabajan incansablemente, lejos de sus familias, para garantizar el funcionamiento ininterrumpido de las plantas e instalaciones de nuestros clientes.<\/p><p>Nuestras instalaciones de plantas de resinas, productos qu\u00edmicos y sistemas est\u00e1ndar est\u00e1n operando parcialmente de acuerdo con el permiso otorgado por las autoridades locales y est\u00e1n suministrando productos a clientes que trabajan en la categor\u00eda de servicios esenciales.<\/p><p>Le agradecemos su continuo apoyo y, en nombre de todos en Ion Exchange, nos comprometemos a seguir siendo su socio de confianza, asegur\u00e1ndole nuestros mejores servicios.<\/p><p>Por favor, cu\u00eddense y mant\u00e9nganse a salvo.<\/p><p>Un cordial saludo,<\/p><p><img decoding=\"async\" class=\"alignnone wp-image-17956 size-medium\" src=\"https:\/\/ionexchangeglobal.com\/app\/uploads\/2022\/01\/Rajesh-Sharma-Signature-300x161.png\" alt=\"\" width=\"300\" height=\"161\" srcset=\"https:\/\/ionexchangeglobal.com\/int\/wp-content\/uploads\/2022\/01\/Rajesh-Sharma-Signature-300x161.png 300w, https:\/\/ionexchangeglobal.com\/int\/wp-content\/uploads\/2022\/01\/Rajesh-Sharma-Signature.png 352w\" sizes=\"(max-width: 300px) 100vw, 300px\" loading=\"lazy\" \/><\/p><p>Rajesh Sharma<\/p><p>Presidente y Director General<\/p><p>Intercambio de iones (India) Ltd.<\/p><p>Para cualquier consulta por favor con\u00e9ctese aqu\u00ed:<\/p><p>Para m\u00e1s detalles\u00a0Haga clic aqu\u00ed<\/p>\t\t\t\t\t<\/div>\n\t\t\t\t\t\t<\/div>\n\t\t\t\t<\/div>\n\t\t\t\t\t\t<\/div>\n\t\t\t\t\t<\/div>\n\t\t<\/div>\n\t\t\t\t\t\t\t\t<\/div>\n\t\t\t\t\t<\/div>\n\t\t<\/section>\n\t\t\t\t\t\t<\/div>\n\t\t\t\t\t<\/div>\n\t\t<\/div>\n\t\t\t\t\t\t\t\t<\/div>\n\t\t\t\t\t<\/div>\n\t\t<\/section>\n\t\t\t\t<section class=\"has_ma_el_bg_slider elementor-section elementor-top-section elementor-element elementor-element-0480198 elementor-section-boxed elementor-section-height-default elementor-section-height-default jltma-glass-effect-no\" data-id=\"0480198\" data-element_type=\"section\">\n\t\t\t\t\t\t<div class=\"elementor-container elementor-column-gap-default\">\n\t\t\t\t\t\t\t<div class=\"elementor-row\">\n\t\t\t\t\t<div class=\"has_ma_el_bg_slider elementor-column elementor-col-100 elementor-top-column elementor-element elementor-element-15056ba jltma-glass-effect-no\" data-id=\"15056ba\" data-element_type=\"column\">\n\t\t\t<div class=\"elementor-column-wrap elementor-element-populated\">\n\t\t\t\t\t\t\t<div class=\"elementor-widget-wrap\">\n\t\t\t\t\t\t<div class=\"elementor-element elementor-element-cab38ce jltma-glass-effect-no elementor-widget elementor-widget-heading\" data-id=\"cab38ce\" data-element_type=\"widget\" data-widget_type=\"heading.default\">\n\t\t\t\t<div class=\"elementor-widget-container\">\n\t\t\t<h2 class=\"elementor-heading-title elementor-size-default\">Proteja a su gente e instalaciones<\/h2>\t\t<\/div>\n\t\t\t\t<\/div>\n\t\t\t\t<section class=\"has_ma_el_bg_slider elementor-section elementor-inner-section elementor-element elementor-element-1bfbbdc elementor-section-full_width elementor-section-height-default elementor-section-height-default jltma-glass-effect-no\" data-id=\"1bfbbdc\" data-element_type=\"section\">\n\t\t\t\t\t\t<div class=\"elementor-container elementor-column-gap-default\">\n\t\t\t\t\t\t\t<div class=\"elementor-row\">\n\t\t\t\t\t<div class=\"has_ma_el_bg_slider elementor-column elementor-col-33 elementor-inner-column elementor-element elementor-element-c6cd9ce jltma-glass-effect-no\" data-id=\"c6cd9ce\" data-element_type=\"column\">\n\t\t\t<div class=\"elementor-column-wrap elementor-element-populated\">\n\t\t\t\t\t\t\t<div class=\"elementor-widget-wrap\">\n\t\t\t\t\t\t<div class=\"elementor-element elementor-element-f67a41d dce_masking-none jltma-glass-effect-no elementor-widget elementor-widget-image\" data-id=\"f67a41d\" data-element_type=\"widget\" data-widget_type=\"image.default\">\n\t\t\t\t<div class=\"elementor-widget-container\">\n\t\t\t\t\t\t\t\t<div class=\"elementor-image\">\n\t\t\t\t\t\t\t\t\t\t\t\t<img decoding=\"async\" width=\"800\" height=\"800\" src=\"https:\/\/ionexchangeglobal.com\/int\/wp-content\/uploads\/2022\/01\/5.png\" class=\"attachment-large size-large wp-image-18137\" alt=\"\" srcset=\"https:\/\/ionexchangeglobal.com\/int\/wp-content\/uploads\/2022\/01\/5.png 800w, https:\/\/ionexchangeglobal.com\/int\/wp-content\/uploads\/2022\/01\/5-300x300.png 300w, https:\/\/ionexchangeglobal.com\/int\/wp-content\/uploads\/2022\/01\/5-150x150.png 150w, https:\/\/ionexchangeglobal.com\/int\/wp-content\/uploads\/2022\/01\/5-768x768.png 768w\" sizes=\"(max-width: 800px) 100vw, 800px\" loading=\"lazy\" \/>\t\t\t\t\t\t\t\t\t\t\t\t\t\t<\/div>\n\t\t\t\t\t\t<\/div>\n\t\t\t\t<\/div>\n\t\t\t\t\t\t<\/div>\n\t\t\t\t\t<\/div>\n\t\t<\/div>\n\t\t\t\t<div class=\"has_ma_el_bg_slider elementor-column elementor-col-33 elementor-inner-column elementor-element elementor-element-8542273 jltma-glass-effect-no\" data-id=\"8542273\" data-element_type=\"column\">\n\t\t\t<div class=\"elementor-column-wrap elementor-element-populated\">\n\t\t\t\t\t\t\t<div class=\"elementor-widget-wrap\">\n\t\t\t\t\t\t<div class=\"elementor-element elementor-element-b09e337 dce_masking-none jltma-glass-effect-no elementor-widget elementor-widget-image\" data-id=\"b09e337\" data-element_type=\"widget\" data-widget_type=\"image.default\">\n\t\t\t\t<div class=\"elementor-widget-container\">\n\t\t\t\t\t\t\t\t<div class=\"elementor-image\">\n\t\t\t\t\t\t\t\t\t\t\t\t<img decoding=\"async\" width=\"800\" height=\"800\" src=\"https:\/\/ionexchangeglobal.com\/int\/wp-content\/uploads\/2022\/01\/3.png\" class=\"attachment-large size-large wp-image-18136\" alt=\"\" srcset=\"https:\/\/ionexchangeglobal.com\/int\/wp-content\/uploads\/2022\/01\/3.png 800w, https:\/\/ionexchangeglobal.com\/int\/wp-content\/uploads\/2022\/01\/3-300x300.png 300w, https:\/\/ionexchangeglobal.com\/int\/wp-content\/uploads\/2022\/01\/3-150x150.png 150w, https:\/\/ionexchangeglobal.com\/int\/wp-content\/uploads\/2022\/01\/3-768x768.png 768w\" sizes=\"(max-width: 800px) 100vw, 800px\" loading=\"lazy\" \/>\t\t\t\t\t\t\t\t\t\t\t\t\t\t<\/div>\n\t\t\t\t\t\t<\/div>\n\t\t\t\t<\/div>\n\t\t\t\t\t\t<\/div>\n\t\t\t\t\t<\/div>\n\t\t<\/div>\n\t\t\t\t<div class=\"has_ma_el_bg_slider elementor-column elementor-col-33 elementor-inner-column elementor-element elementor-element-db39200 jltma-glass-effect-no\" data-id=\"db39200\" data-element_type=\"column\">\n\t\t\t<div class=\"elementor-column-wrap elementor-element-populated\">\n\t\t\t\t\t\t\t<div class=\"elementor-widget-wrap\">\n\t\t\t\t\t\t<div class=\"elementor-element elementor-element-eea1bac dce_masking-none jltma-glass-effect-no elementor-widget elementor-widget-image\" data-id=\"eea1bac\" data-element_type=\"widget\" data-widget_type=\"image.default\">\n\t\t\t\t<div class=\"elementor-widget-container\">\n\t\t\t\t\t\t\t\t<div class=\"elementor-image\">\n\t\t\t\t\t\t\t\t\t\t\t\t<img decoding=\"async\" width=\"800\" height=\"800\" src=\"https:\/\/ionexchangeglobal.com\/int\/wp-content\/uploads\/2022\/01\/1.png\" class=\"attachment-large size-large wp-image-18135\" alt=\"\" srcset=\"https:\/\/ionexchangeglobal.com\/int\/wp-content\/uploads\/2022\/01\/1.png 800w, https:\/\/ionexchangeglobal.com\/int\/wp-content\/uploads\/2022\/01\/1-300x300.png 300w, https:\/\/ionexchangeglobal.com\/int\/wp-content\/uploads\/2022\/01\/1-150x150.png 150w, https:\/\/ionexchangeglobal.com\/int\/wp-content\/uploads\/2022\/01\/1-768x768.png 768w\" sizes=\"(max-width: 800px) 100vw, 800px\" loading=\"lazy\" \/>\t\t\t\t\t\t\t\t\t\t\t\t\t\t<\/div>\n\t\t\t\t\t\t<\/div>\n\t\t\t\t<\/div>\n\t\t\t\t\t\t<\/div>\n\t\t\t\t\t<\/div>\n\t\t<\/div>\n\t\t\t\t\t\t\t\t<\/div>\n\t\t\t\t\t<\/div>\n\t\t<\/section>\n\t\t\t\t\t\t<\/div>\n\t\t\t\t\t<\/div>\n\t\t<\/div>\n\t\t\t\t\t\t\t\t<\/div>\n\t\t\t\t\t<\/div>\n\t\t<\/section>\n\t\t\t\t\t\t\t\t\t<\/div>\n\t\t\t<\/div>\n\t\t\t\t\t<\/div>\n\t\t","protected":false},"excerpt":{"rendered":"<p>Un mensaje de nuestro CMD a todos nuestros clientes y socios sobre el compromiso de Ion Exchange de respaldar categor\u00edas de servicios esenciales durante este momento cr\u00edtico. Estimadas clientes y socios, Estamos en medio de los momentos m\u00e1s desafiantes de nuestras vidas. Nunca antes nos hab\u00edamos enfrentado a una situaci\u00f3n sin precedentes, en la que&hellip;<\/p>\n","protected":false},"author":4,"featured_media":23830,"parent":0,"menu_order":0,"comment_status":"closed","ping_status":"closed","template":"elementor_header_footer","meta":{"inline_featured_image":false},"yoast_head":"<!-- This site is optimized with the Yoast SEO plugin v20.12 - https:\/\/yoast.com\/wordpress\/plugins\/seo\/ -->\n<title>Actualizaciones de Covid-19 - Ion Exchange<\/title>\n<meta name=\"robots\" content=\"index, follow, max-snippet:-1, max-image-preview:large, max-video-preview:-1\" \/>\n<link rel=\"canonical\" href=\"https:\/\/ionexchangeglobal.com\/int\/es\/actualizaciones-de-covid-19\/\" \/>\n<meta property=\"og:locale\" content=\"en_US\" \/>\n<meta property=\"og:type\" content=\"article\" \/>\n<meta property=\"og:title\" content=\"Actualizaciones de Covid-19 - Ion Exchange\" \/>\n<meta property=\"og:description\" content=\"Un mensaje de nuestro CMD a todos nuestros clientes y socios sobre el compromiso de Ion Exchange de respaldar categor\u00edas de servicios esenciales durante este momento cr\u00edtico. Estimadas clientes y socios, Estamos en medio de los momentos m\u00e1s desafiantes de nuestras vidas. Nunca antes nos hab\u00edamos enfrentado a una situaci\u00f3n sin precedentes, en la que&hellip;\" \/>\n<meta property=\"og:url\" content=\"https:\/\/ionexchangeglobal.com\/int\/es\/actualizaciones-de-covid-19\/\" \/>\n<meta property=\"og:site_name\" content=\"Ion Exchange\" \/>\n<meta property=\"article:publisher\" content=\"https:\/\/www.facebook.com\/IONEXCHANGE\" \/>\n<meta property=\"article:modified_time\" content=\"2023-10-06T11:23:21+00:00\" \/>\n<meta property=\"og:image\" content=\"https:\/\/ionexchangeglobal.com\/int\/wp-content\/uploads\/2022\/04\/Frame-3-1.png\" \/>\n\t<meta property=\"og:image:width\" content=\"1920\" \/>\n\t<meta property=\"og:image:height\" content=\"1080\" \/>\n\t<meta property=\"og:image:type\" content=\"image\/png\" \/>\n<meta name=\"twitter:card\" content=\"summary_large_image\" \/>\n<meta name=\"twitter:site\" content=\"@IEI_Ltd\" \/>\n<meta name=\"twitter:label1\" content=\"Est. reading time\" \/>\n\t<meta name=\"twitter:data1\" content=\"2 minutes\" \/>\n<script type=\"application\/ld+json\" class=\"yoast-schema-graph\">{\"@context\":\"https:\/\/schema.org\",\"@graph\":[{\"@type\":\"WebPage\",\"@id\":\"https:\/\/ionexchangeglobal.com\/int\/es\/actualizaciones-de-covid-19\/\",\"url\":\"https:\/\/ionexchangeglobal.com\/int\/es\/actualizaciones-de-covid-19\/\",\"name\":\"Actualizaciones de Covid-19 - Ion Exchange\",\"isPartOf\":{\"@id\":\"https:\/\/ionexchangeglobal.com\/int\/#website\"},\"datePublished\":\"2022-01-19T13:12:39+00:00\",\"dateModified\":\"2023-10-06T11:23:21+00:00\",\"breadcrumb\":{\"@id\":\"https:\/\/ionexchangeglobal.com\/int\/es\/actualizaciones-de-covid-19\/#breadcrumb\"},\"inLanguage\":\"en-US\",\"potentialAction\":[{\"@type\":\"ReadAction\",\"target\":[\"https:\/\/ionexchangeglobal.com\/int\/es\/actualizaciones-de-covid-19\/\"]}]},{\"@type\":\"BreadcrumbList\",\"@id\":\"https:\/\/ionexchangeglobal.com\/int\/es\/actualizaciones-de-covid-19\/#breadcrumb\",\"itemListElement\":[{\"@type\":\"ListItem\",\"position\":1,\"name\":\"Home\",\"item\":\"https:\/\/ionexchangeglobal.com\/int\/pt\/pagina-inicial\/\"},{\"@type\":\"ListItem\",\"position\":2,\"name\":\"Actualizaciones de Covid-19\"}]},{\"@type\":\"WebSite\",\"@id\":\"https:\/\/ionexchangeglobal.com\/int\/#website\",\"url\":\"https:\/\/ionexchangeglobal.com\/int\/\",\"name\":\"Ion Exchange\",\"description\":\"Refreshing the Planet\",\"publisher\":{\"@id\":\"https:\/\/ionexchangeglobal.com\/int\/#organization\"},\"potentialAction\":[{\"@type\":\"SearchAction\",\"target\":{\"@type\":\"EntryPoint\",\"urlTemplate\":\"https:\/\/ionexchangeglobal.com\/int\/?s={search_term_string}\"},\"query-input\":\"required name=search_term_string\"}],\"inLanguage\":\"en-US\"},{\"@type\":\"Organization\",\"@id\":\"https:\/\/ionexchangeglobal.com\/int\/#organization\",\"name\":\"Ion Exchange\",\"url\":\"https:\/\/ionexchangeglobal.com\/int\/\",\"logo\":{\"@type\":\"ImageObject\",\"inLanguage\":\"en-US\",\"@id\":\"https:\/\/ionexchangeglobal.com\/int\/#\/schema\/logo\/image\/\",\"url\":\"http:\/\/localhost:8000\/app\/uploads\/2022\/05\/ion-logo-1.webp\",\"contentUrl\":\"http:\/\/localhost:8000\/app\/uploads\/2022\/05\/ion-logo-1.webp\",\"width\":1,\"height\":1,\"caption\":\"Ion Exchange\"},\"image\":{\"@id\":\"https:\/\/ionexchangeglobal.com\/int\/#\/schema\/logo\/image\/\"},\"sameAs\":[\"https:\/\/www.facebook.com\/IONEXCHANGE\",\"https:\/\/twitter.com\/IEI_Ltd\",\"https:\/\/www.youtube.com\/channel\/UCqSuT-yd40I7RZ4p5UXuKbA\/videos\"]}]}<\/script>\n<!-- \/ Yoast SEO plugin. -->","yoast_head_json":{"title":"Actualizaciones de Covid-19 - Ion Exchange","robots":{"index":"index","follow":"follow","max-snippet":"max-snippet:-1","max-image-preview":"max-image-preview:large","max-video-preview":"max-video-preview:-1"},"canonical":"https:\/\/ionexchangeglobal.com\/int\/es\/actualizaciones-de-covid-19\/","og_locale":"en_US","og_type":"article","og_title":"Actualizaciones de Covid-19 - Ion Exchange","og_description":"Un mensaje de nuestro CMD a todos nuestros clientes y socios sobre el compromiso de Ion Exchange de respaldar categor\u00edas de servicios esenciales durante este momento cr\u00edtico. Estimadas clientes y socios, Estamos en medio de los momentos m\u00e1s desafiantes de nuestras vidas. Nunca antes nos hab\u00edamos enfrentado a una situaci\u00f3n sin precedentes, en la que&hellip;","og_url":"https:\/\/ionexchangeglobal.com\/int\/es\/actualizaciones-de-covid-19\/","og_site_name":"Ion Exchange","article_publisher":"https:\/\/www.facebook.com\/IONEXCHANGE","article_modified_time":"2023-10-06T11:23:21+00:00","og_image":[{"width":1920,"height":1080,"url":"https:\/\/ionexchangeglobal.com\/int\/wp-content\/uploads\/2022\/04\/Frame-3-1.png","type":"image\/png"}],"twitter_card":"summary_large_image","twitter_site":"@IEI_Ltd","twitter_misc":{"Est. reading time":"2 minutes"},"schema":{"@context":"https:\/\/schema.org","@graph":[{"@type":"WebPage","@id":"https:\/\/ionexchangeglobal.com\/int\/es\/actualizaciones-de-covid-19\/","url":"https:\/\/ionexchangeglobal.com\/int\/es\/actualizaciones-de-covid-19\/","name":"Actualizaciones de Covid-19 - Ion Exchange","isPartOf":{"@id":"https:\/\/ionexchangeglobal.com\/int\/#website"},"datePublished":"2022-01-19T13:12:39+00:00","dateModified":"2023-10-06T11:23:21+00:00","breadcrumb":{"@id":"https:\/\/ionexchangeglobal.com\/int\/es\/actualizaciones-de-covid-19\/#breadcrumb"},"inLanguage":"en-US","potentialAction":[{"@type":"ReadAction","target":["https:\/\/ionexchangeglobal.com\/int\/es\/actualizaciones-de-covid-19\/"]}]},{"@type":"BreadcrumbList","@id":"https:\/\/ionexchangeglobal.com\/int\/es\/actualizaciones-de-covid-19\/#breadcrumb","itemListElement":[{"@type":"ListItem","position":1,"name":"Home","item":"https:\/\/ionexchangeglobal.com\/int\/pt\/pagina-inicial\/"},{"@type":"ListItem","position":2,"name":"Actualizaciones de Covid-19"}]},{"@type":"WebSite","@id":"https:\/\/ionexchangeglobal.com\/int\/#website","url":"https:\/\/ionexchangeglobal.com\/int\/","name":"Ion Exchange","description":"Refreshing the Planet","publisher":{"@id":"https:\/\/ionexchangeglobal.com\/int\/#organization"},"potentialAction":[{"@type":"SearchAction","target":{"@type":"EntryPoint","urlTemplate":"https:\/\/ionexchangeglobal.com\/int\/?s={search_term_string}"},"query-input":"required name=search_term_string"}],"inLanguage":"en-US"},{"@type":"Organization","@id":"https:\/\/ionexchangeglobal.com\/int\/#organization","name":"Ion Exchange","url":"https:\/\/ionexchangeglobal.com\/int\/","logo":{"@type":"ImageObject","inLanguage":"en-US","@id":"https:\/\/ionexchangeglobal.com\/int\/#\/schema\/logo\/image\/","url":"http:\/\/localhost:8000\/app\/uploads\/2022\/05\/ion-logo-1.webp","contentUrl":"http:\/\/localhost:8000\/app\/uploads\/2022\/05\/ion-logo-1.webp","width":1,"height":1,"caption":"Ion Exchange"},"image":{"@id":"https:\/\/ionexchangeglobal.com\/int\/#\/schema\/logo\/image\/"},"sameAs":["https:\/\/www.facebook.com\/IONEXCHANGE","https:\/\/twitter.com\/IEI_Ltd","https:\/\/www.youtube.com\/channel\/UCqSuT-yd40I7RZ4p5UXuKbA\/videos"]}]}},"lang":"es","translations":{"es":38181,"en":17874,"ru":38949},"pll_sync_post":[],"_links":{"self":[{"href":"https:\/\/ionexchangeglobal.com\/int\/wp-json\/wp\/v2\/pages\/38181"}],"collection":[{"href":"https:\/\/ionexchangeglobal.com\/int\/wp-json\/wp\/v2\/pages"}],"about":[{"href":"https:\/\/ionexchangeglobal.com\/int\/wp-json\/wp\/v2\/types\/page"}],"author":[{"embeddable":true,"href":"https:\/\/ionexchangeglobal.com\/int\/wp-json\/wp\/v2\/users\/4"}],"replies":[{"embeddable":true,"href":"https:\/\/ionexchangeglobal.com\/int\/wp-json\/wp\/v2\/comments?post=38181"}],"version-history":[{"count":1,"href":"https:\/\/ionexchangeglobal.com\/int\/wp-json\/wp\/v2\/pages\/38181\/revisions"}],"predecessor-version":[{"id":38185,"href":"https:\/\/ionexchangeglobal.com\/int\/wp-json\/wp\/v2\/pages\/38181\/revisions\/38185"}],"wp:featuredmedia":[{"embeddable":true,"href":"https:\/\/ionexchangeglobal.com\/int\/wp-json\/wp\/v2\/media\/23830"}],"wp:attachment":[{"href":"https:\/\/ionexchangeglobal.com\/int\/wp-json\/wp\/v2\/media?parent=38181"}],"curies":[{"name":"wp","href":"https:\/\/api.w.org\/{rel}","templated":true}]}}