{"id":38127,"date":"2022-05-03T12:04:01","date_gmt":"2022-05-03T12:04:01","guid":{"rendered":"https:\/\/stage.ionexchangeglobal.com\/?page_id=38127"},"modified":"2024-01-06T16:27:47","modified_gmt":"2024-01-06T10:57:47","slug":"systeme-zur-behandlung-verpackter-abfaelle","status":"publish","type":"page","link":"https:\/\/ionexchangeglobal.com\/int\/de\/systeme-zur-behandlung-verpackter-abfaelle\/","title":{"rendered":"Systeme zur Behandlung verpackter Abf\u00e4lle"},"content":{"rendered":"\t\t<div data-elementor-type=\"wp-page\" data-elementor-id=\"38127\" data-post-id=\"38127\" data-obj-id=\"38127\" class=\"elementor elementor-38127 dce-elementor-post-38127\">\n\t\t\t\t\t\t<div class=\"elementor-inner\">\n\t\t\t\t<div class=\"elementor-section-wrap\">\n\t\t\t\t\t\t\t\t\t<section class=\"has_ma_el_bg_slider elementor-section elementor-top-section elementor-element elementor-element-ca6891c elementor-section-boxed elementor-section-height-default elementor-section-height-default jltma-glass-effect-no\" data-id=\"ca6891c\" data-element_type=\"section\">\n\t\t\t\t\t\t<div class=\"elementor-container elementor-column-gap-default\">\n\t\t\t\t\t\t\t<div class=\"elementor-row\">\n\t\t\t\t\t<div class=\"has_ma_el_bg_slider elementor-column elementor-col-66 elementor-top-column elementor-element elementor-element-e5f8d9b jltma-glass-effect-no\" data-id=\"e5f8d9b\" data-element_type=\"column\">\n\t\t\t<div class=\"elementor-column-wrap elementor-element-populated\">\n\t\t\t\t\t\t\t<div class=\"elementor-widget-wrap\">\n\t\t\t\t\t\t<section class=\"has_ma_el_bg_slider elementor-section elementor-inner-section elementor-element elementor-element-b5daf53 elementor-section-boxed elementor-section-height-default elementor-section-height-default jltma-glass-effect-no\" data-id=\"b5daf53\" data-element_type=\"section\">\n\t\t\t\t\t\t<div class=\"elementor-container elementor-column-gap-default\">\n\t\t\t\t\t\t\t<div class=\"elementor-row\">\n\t\t\t\t\t<div data-jltma-wrapper-link=\"{&quot;url&quot;:&quot;\\\/wp\\\/wp-includes\\\/PDfs\\\/Indion%20Ecoserve%20-%20Vehicle%20Wash%20Water%20Recycle%20System.pdf&quot;,&quot;is_external&quot;:&quot;&quot;,&quot;nofollow&quot;:&quot;&quot;,&quot;custom_attributes&quot;:&quot;&quot;}\" style=\"cursor: pointer\" class=\"has_ma_el_bg_slider elementor-column elementor-col-50 elementor-inner-column elementor-element elementor-element-f3b5874 card-wrap jltma-glass-effect-no\" data-dce-background-color=\"#FFF5F5\" data-id=\"f3b5874\" data-element_type=\"column\" data-settings=\"{&quot;background_background&quot;:&quot;gradient&quot;}\">\n\t\t\t<div class=\"elementor-column-wrap elementor-element-populated\">\n\t\t\t\t\t<div class=\"elementor-background-overlay\"><\/div>\n\t\t\t\t\t\t\t<div class=\"elementor-widget-wrap\">\n\t\t\t\t\t\t<div class=\"elementor-element elementor-element-310596e filtration-img dce_masking-none jltma-glass-effect-no elementor-widget elementor-widget-image\" data-id=\"310596e\" data-element_type=\"widget\" data-widget_type=\"image.default\">\n\t\t\t\t<div class=\"elementor-widget-container\">\n\t\t\t\t\t\t\t\t<div class=\"elementor-image\">\n\t\t\t\t\t\t\t\t\t\t\t\t\t<a href=\"\/wp\/wp-includes\/PDfs\/Indion%20Ecoserve%20-%20Vehicle%20Wash%20Water%20Recycle%20System.pdf\" target=\"_blank\">\n\t\t\t\t\t\t\t<img decoding=\"async\" width=\"212\" height=\"300\" src=\"https:\/\/ionexchangeglobal.com\/int\/wp-content\/uploads\/2022\/05\/Indion-Ecoserve-Vehicle-Wash-Water-Recycle-System-1-1-212x300.jpg\" class=\"elementor-animation-grow attachment-medium size-medium wp-image-25715\" alt=\"Rural &amp; Community RO Water Treatment Systems manufacturer india\" srcset=\"https:\/\/ionexchangeglobal.com\/int\/wp-content\/uploads\/2022\/05\/Indion-Ecoserve-Vehicle-Wash-Water-Recycle-System-1-1-212x300.jpg 212w, https:\/\/ionexchangeglobal.com\/int\/wp-content\/uploads\/2022\/05\/Indion-Ecoserve-Vehicle-Wash-Water-Recycle-System-1-1.jpg 600w\" sizes=\"(max-width: 212px) 100vw, 212px\" loading=\"lazy\" \/>\t\t\t\t\t\t\t\t<\/a>\n\t\t\t\t\t\t\t\t\t\t\t\t\t\t<\/div>\n\t\t\t\t\t\t<\/div>\n\t\t\t\t<\/div>\n\t\t\t\t<div class=\"elementor-element elementor-element-53b9b92 jltma-glass-effect-no elementor-widget elementor-widget-text-editor\" data-id=\"53b9b92\" data-element_type=\"widget\" data-widget_type=\"text-editor.default\">\n\t\t\t\t<div class=\"elementor-widget-container\">\n\t\t\t\t\t\t\t\t<div class=\"elementor-text-editor elementor-clearfix\">\n\t\t\t\t<h3 style=\"font-size: 22px; color: #009adc; line-height: 1.455; font-weight: bold;\">Fahrzeugwaschwasser-Recyclingsystem<\/h3><p style=\"text-align: left;\">INDION EcoServe ist ein hochmodernes System zur Behandlung und Wiederverwertung von Fahrzeugwaschabw\u00e4ssern. Mit dem System k\u00f6nnen Sie 80 % der Wasserkosten einsparen, indem Sie gro\u00dfe Mengen Frischwasser einsparen. Das System erfordert au\u00dferdem strenge Vorschriften f\u00fcr die Einleitung von Schadstoffen in die Umwelt.<\/p><p><a style=\"font-weight: bold; color: #0071b4;\" href=\"\/app\/uploads\/2021\/12\/Indion-Fuidised-Media-Reactor-FMR.pdf\" target=\"_blank\" rel=\"noopener\">Mehr lesen<\/a><\/p><p>\u00a0<\/p><p>\u00a0<\/p><p>\u00a0<\/p>\t\t\t\t\t<\/div>\n\t\t\t\t\t\t<\/div>\n\t\t\t\t<\/div>\n\t\t\t\t\t\t<\/div>\n\t\t\t\t\t<\/div>\n\t\t<\/div>\n\t\t\t\t<div data-jltma-wrapper-link=\"{&quot;url&quot;:&quot;\\\/products\\\/engineering\\\/solid-waste\\\/waste-water-treatment\\\/waste-water-systems\\\/packaged-waste-treatment-systems\\\/indion-rice-mill-effluent\\\/&quot;,&quot;is_external&quot;:&quot;&quot;,&quot;nofollow&quot;:&quot;&quot;,&quot;custom_attributes&quot;:&quot;&quot;}\" style=\"cursor: pointer\" class=\"has_ma_el_bg_slider elementor-column elementor-col-50 elementor-inner-column elementor-element elementor-element-53b5866 jltma-glass-effect-no\" data-dce-background-color=\"#FFF5F5\" data-id=\"53b5866\" data-element_type=\"column\" data-settings=\"{&quot;background_background&quot;:&quot;gradient&quot;}\">\n\t\t\t<div class=\"elementor-column-wrap elementor-element-populated\">\n\t\t\t\t\t<div class=\"elementor-background-overlay\"><\/div>\n\t\t\t\t\t\t\t<div class=\"elementor-widget-wrap\">\n\t\t\t\t\t\t<div class=\"elementor-element elementor-element-0ccb4a1 filtration-img dce_masking-none jltma-glass-effect-no elementor-widget elementor-widget-image\" data-id=\"0ccb4a1\" data-element_type=\"widget\" data-widget_type=\"image.default\">\n\t\t\t\t<div class=\"elementor-widget-container\">\n\t\t\t\t\t\t\t\t<div class=\"elementor-image\">\n\t\t\t\t\t\t\t\t\t\t\t\t\t<a href=\"\/products\/engineering\/solid-waste\/waste-water-treatment\/waste-water-systems\/packaged-waste-treatment-systems\/indion-rice-mill-effluent\/\" target=\"_blank\">\n\t\t\t\t\t\t\t<img decoding=\"async\" width=\"300\" height=\"292\" src=\"https:\/\/ionexchangeglobal.com\/int\/wp-content\/uploads\/2022\/05\/rice-300x292.jpeg\" class=\"elementor-animation-grow attachment-medium size-medium wp-image-25724\" alt=\"Industrial &amp; Commercial RO Plant Manufacturers Company in india\" srcset=\"https:\/\/ionexchangeglobal.com\/int\/wp-content\/uploads\/2022\/05\/rice-300x292.jpeg 300w, https:\/\/ionexchangeglobal.com\/int\/wp-content\/uploads\/2022\/05\/rice.jpeg 679w\" sizes=\"(max-width: 300px) 100vw, 300px\" loading=\"lazy\" \/>\t\t\t\t\t\t\t\t<\/a>\n\t\t\t\t\t\t\t\t\t\t\t\t\t\t<\/div>\n\t\t\t\t\t\t<\/div>\n\t\t\t\t<\/div>\n\t\t\t\t<div class=\"elementor-element elementor-element-2a7d343 jltma-glass-effect-no elementor-widget elementor-widget-text-editor\" data-id=\"2a7d343\" data-element_type=\"widget\" data-widget_type=\"text-editor.default\">\n\t\t\t\t<div class=\"elementor-widget-container\">\n\t\t\t\t\t\t\t\t<div class=\"elementor-text-editor elementor-clearfix\">\n\t\t\t\t<h3 style=\"font-size: 22px; color: #009adc; line-height: 1.455; font-weight: bold;\">INDION Reism\u00fchlen-Abwasseraufbereitungsanlage (ETP)<\/h3><p>Die INDION Rice Mill ETP ist ein zuverl\u00e4ssiges, kompaktes System mit einer breiten Palette an Kapazit\u00e4ten. 25, 50, 100, 150, 200, 250 KLD und kann einer Sto\u00dfbelastung von 15 \u2013 20 % standhalten. Dieser Zufluss durchl\u00e4uft zun\u00e4chst ein Ausgleichsbecken, in dem die Eigenschaften der Zuflussstr\u00f6mung und der Durchfluss ausgeglichen werden.<\/p><p><a style=\"font-weight: bold; color: #0071b4;\" href=\"\/products\/engineering\/solid-waste\/waste-water-treatment\/waste-water-systems\/packaged-waste-treatment-systems\/indion-rice-mill-effluent\/\" target=\"_blank\" rel=\"noopener\">Mehr lesen<\/a><\/p><p>\u00a0<\/p><p>\u00a0<\/p><p>\u00a0<\/p>\t\t\t\t\t<\/div>\n\t\t\t\t\t\t<\/div>\n\t\t\t\t<\/div>\n\t\t\t\t\t\t<\/div>\n\t\t\t\t\t<\/div>\n\t\t<\/div>\n\t\t\t\t\t\t\t\t<\/div>\n\t\t\t\t\t<\/div>\n\t\t<\/section>\n\t\t\t\t\t\t<\/div>\n\t\t\t\t\t<\/div>\n\t\t<\/div>\n\t\t\t\t<div class=\"has_ma_el_bg_slider elementor-column elementor-col-33 elementor-top-column elementor-element elementor-element-de04528 jltma-glass-effect-no\" data-id=\"de04528\" data-element_type=\"column\">\n\t\t\t<div class=\"elementor-column-wrap elementor-element-populated\">\n\t\t\t\t\t\t\t<div class=\"elementor-widget-wrap\">\n\t\t\t\t\t\t<div class=\"elementor-element elementor-element-4aaf505 jltma-glass-effect-no elementor-widget elementor-widget-ucaddon_service_single_sidebar\" data-id=\"4aaf505\" data-element_type=\"widget\" data-widget_type=\"ucaddon_service_single_sidebar.default\">\n\t\t\t\t<div class=\"elementor-widget-container\">\n\t\t\t<!-- start Service single sidebar -->\n\t\t<link id='font-awesome-css' href='https:\/\/ionexchangeglobal.com\/int\/wp-content\/plugins\/unlimited-elements-for-elementor\/assets_libraries\/font-awesome5\/css\/fontawesome-all.min.css' type='text\/css' rel='stylesheet' >\n\t\t<link id='font-awesome-4-shim-css' href='https:\/\/ionexchangeglobal.com\/int\/wp-content\/plugins\/unlimited-elements-for-elementor\/assets_libraries\/font-awesome5\/css\/fontawesome-v4-shims.css' type='text\/css' rel='stylesheet' >\n\n\t\t\t<style type=\"text\/css\">\/* widget: Service single sidebar *\/\n\n.service-sidebar {\n\tfont-family: \"Futura MD Bt\", serif !important;\n}\n\n<\/style>\n\n\t\t\t<div class=\"service-sidebar\">\n\t\t<div class=\"service-sidebar-widget\">\n\t\t<div class=\"service-cat-widget ul-li-block\">\n\t\t\t<h3 class=\"widget-title\">Produkte & L\u00f6sung<\/h3>\n\t\t\t<ul>\n              <li><a href=\"#\">Flockung<\/a><\/li>\n<li><a href=\"#\">Disinfection<\/a><\/li>\n<li><a href=\"#\">Kl\u00e4rung<\/a><\/li>\n<li><a href=\"#\">Filtration<\/a><\/li>\n<li><a href=\"https:\/\/iei.showdigital.in\/products\/\">Alle Produkte anzeigen<\/a><\/li>\n\n\t\t\t<\/ul>\n\t\t<\/div>\n\t<\/div>\n\t\t\t\t<\/div>\n\t\t\t<!-- end Service single sidebar -->\t\t<\/div>\n\t\t\t\t<\/div>\n\t\t\t\t\t\t<\/div>\n\t\t\t\t\t<\/div>\n\t\t<\/div>\n\t\t\t\t\t\t\t\t<\/div>\n\t\t\t\t\t<\/div>\n\t\t<\/section>\n\t\t\t\t\t\t\t\t\t<\/div>\n\t\t\t<\/div>\n\t\t\t\t\t<\/div>\n\t\t","protected":false},"excerpt":{"rendered":"<p>Fahrzeugwaschwasser-Recyclingsystem INDION EcoServe ist ein hochmodernes System zur Behandlung und Wiederverwertung von Fahrzeugwaschabw\u00e4ssern. Mit dem System k\u00f6nnen Sie 80 % der Wasserkosten einsparen, indem Sie gro\u00dfe Mengen Frischwasser einsparen. Das System erfordert au\u00dferdem strenge Vorschriften f\u00fcr die Einleitung von Schadstoffen in die Umwelt. Mehr lesen \u00a0 \u00a0 \u00a0 INDION Reism\u00fchlen-Abwasseraufbereitungsanlage (ETP) Die INDION Rice Mill&hellip;<\/p>\n","protected":false},"author":4,"featured_media":0,"parent":0,"menu_order":0,"comment_status":"closed","ping_status":"closed","template":"elementor_header_footer","meta":{"inline_featured_image":false},"yoast_head":"<!-- This site is optimized with the Yoast SEO plugin v20.12 - https:\/\/yoast.com\/wordpress\/plugins\/seo\/ -->\n<title>Systeme zur Behandlung verpackter Abf\u00e4lle - Ion Exchange<\/title>\n<meta name=\"robots\" content=\"index, follow, max-snippet:-1, max-image-preview:large, max-video-preview:-1\" \/>\n<link rel=\"canonical\" href=\"https:\/\/ionexchangeglobal.com\/int\/de\/systeme-zur-behandlung-verpackter-abfaelle\/\" \/>\n<meta property=\"og:locale\" content=\"en_US\" \/>\n<meta property=\"og:type\" content=\"article\" \/>\n<meta property=\"og:title\" content=\"Systeme zur Behandlung verpackter Abf\u00e4lle - Ion Exchange\" \/>\n<meta property=\"og:description\" content=\"Fahrzeugwaschwasser-Recyclingsystem INDION EcoServe ist ein hochmodernes System zur Behandlung und Wiederverwertung von Fahrzeugwaschabw\u00e4ssern. Mit dem System k\u00f6nnen Sie 80 % der Wasserkosten einsparen, indem Sie gro\u00dfe Mengen Frischwasser einsparen. Das System erfordert au\u00dferdem strenge Vorschriften f\u00fcr die Einleitung von Schadstoffen in die Umwelt. Mehr lesen \u00a0 \u00a0 \u00a0 INDION Reism\u00fchlen-Abwasseraufbereitungsanlage (ETP) Die INDION Rice Mill&hellip;\" \/>\n<meta property=\"og:url\" content=\"https:\/\/ionexchangeglobal.com\/int\/de\/systeme-zur-behandlung-verpackter-abfaelle\/\" \/>\n<meta property=\"og:site_name\" content=\"Ion Exchange\" \/>\n<meta property=\"article:publisher\" content=\"https:\/\/www.facebook.com\/IONEXCHANGE\" \/>\n<meta property=\"article:modified_time\" content=\"2024-01-06T10:57:47+00:00\" \/>\n<meta property=\"og:image\" content=\"https:\/\/ionexchangeglobal.com\/int\/wp-content\/uploads\/2022\/05\/Indion-Ecoserve-Vehicle-Wash-Water-Recycle-System-1-1-212x300.jpg\" \/>\n<meta name=\"twitter:card\" content=\"summary_large_image\" \/>\n<meta name=\"twitter:site\" content=\"@IEI_Ltd\" \/>\n<meta name=\"twitter:label1\" content=\"Est. reading time\" \/>\n\t<meta name=\"twitter:data1\" content=\"1 minute\" \/>\n<script type=\"application\/ld+json\" class=\"yoast-schema-graph\">{\"@context\":\"https:\/\/schema.org\",\"@graph\":[{\"@type\":\"WebPage\",\"@id\":\"https:\/\/ionexchangeglobal.com\/int\/de\/systeme-zur-behandlung-verpackter-abfaelle\/\",\"url\":\"https:\/\/ionexchangeglobal.com\/int\/de\/systeme-zur-behandlung-verpackter-abfaelle\/\",\"name\":\"Systeme zur Behandlung verpackter Abf\u00e4lle - Ion Exchange\",\"isPartOf\":{\"@id\":\"https:\/\/ionexchangeglobal.com\/int\/#website\"},\"datePublished\":\"2022-05-03T12:04:01+00:00\",\"dateModified\":\"2024-01-06T10:57:47+00:00\",\"breadcrumb\":{\"@id\":\"https:\/\/ionexchangeglobal.com\/int\/de\/systeme-zur-behandlung-verpackter-abfaelle\/#breadcrumb\"},\"inLanguage\":\"en-US\",\"potentialAction\":[{\"@type\":\"ReadAction\",\"target\":[\"https:\/\/ionexchangeglobal.com\/int\/de\/systeme-zur-behandlung-verpackter-abfaelle\/\"]}]},{\"@type\":\"BreadcrumbList\",\"@id\":\"https:\/\/ionexchangeglobal.com\/int\/de\/systeme-zur-behandlung-verpackter-abfaelle\/#breadcrumb\",\"itemListElement\":[{\"@type\":\"ListItem\",\"position\":1,\"name\":\"Home\",\"item\":\"https:\/\/ionexchangeglobal.com\/int\/pt\/pagina-inicial\/\"},{\"@type\":\"ListItem\",\"position\":2,\"name\":\"Systeme zur Behandlung verpackter Abf\u00e4lle\"}]},{\"@type\":\"WebSite\",\"@id\":\"https:\/\/ionexchangeglobal.com\/int\/#website\",\"url\":\"https:\/\/ionexchangeglobal.com\/int\/\",\"name\":\"Ion Exchange\",\"description\":\"Refreshing the Planet\",\"publisher\":{\"@id\":\"https:\/\/ionexchangeglobal.com\/int\/#organization\"},\"potentialAction\":[{\"@type\":\"SearchAction\",\"target\":{\"@type\":\"EntryPoint\",\"urlTemplate\":\"https:\/\/ionexchangeglobal.com\/int\/?s={search_term_string}\"},\"query-input\":\"required name=search_term_string\"}],\"inLanguage\":\"en-US\"},{\"@type\":\"Organization\",\"@id\":\"https:\/\/ionexchangeglobal.com\/int\/#organization\",\"name\":\"Ion Exchange\",\"url\":\"https:\/\/ionexchangeglobal.com\/int\/\",\"logo\":{\"@type\":\"ImageObject\",\"inLanguage\":\"en-US\",\"@id\":\"https:\/\/ionexchangeglobal.com\/int\/#\/schema\/logo\/image\/\",\"url\":\"http:\/\/localhost:8000\/app\/uploads\/2022\/05\/ion-logo-1.webp\",\"contentUrl\":\"http:\/\/localhost:8000\/app\/uploads\/2022\/05\/ion-logo-1.webp\",\"width\":1,\"height\":1,\"caption\":\"Ion Exchange\"},\"image\":{\"@id\":\"https:\/\/ionexchangeglobal.com\/int\/#\/schema\/logo\/image\/\"},\"sameAs\":[\"https:\/\/www.facebook.com\/IONEXCHANGE\",\"https:\/\/twitter.com\/IEI_Ltd\",\"https:\/\/www.youtube.com\/channel\/UCqSuT-yd40I7RZ4p5UXuKbA\/videos\"]}]}<\/script>\n<!-- \/ Yoast SEO plugin. -->","yoast_head_json":{"title":"Systeme zur Behandlung verpackter Abf\u00e4lle - Ion Exchange","robots":{"index":"index","follow":"follow","max-snippet":"max-snippet:-1","max-image-preview":"max-image-preview:large","max-video-preview":"max-video-preview:-1"},"canonical":"https:\/\/ionexchangeglobal.com\/int\/de\/systeme-zur-behandlung-verpackter-abfaelle\/","og_locale":"en_US","og_type":"article","og_title":"Systeme zur Behandlung verpackter Abf\u00e4lle - Ion Exchange","og_description":"Fahrzeugwaschwasser-Recyclingsystem INDION EcoServe ist ein hochmodernes System zur Behandlung und Wiederverwertung von Fahrzeugwaschabw\u00e4ssern. Mit dem System k\u00f6nnen Sie 80 % der Wasserkosten einsparen, indem Sie gro\u00dfe Mengen Frischwasser einsparen. Das System erfordert au\u00dferdem strenge Vorschriften f\u00fcr die Einleitung von Schadstoffen in die Umwelt. Mehr lesen \u00a0 \u00a0 \u00a0 INDION Reism\u00fchlen-Abwasseraufbereitungsanlage (ETP) Die INDION Rice Mill&hellip;","og_url":"https:\/\/ionexchangeglobal.com\/int\/de\/systeme-zur-behandlung-verpackter-abfaelle\/","og_site_name":"Ion Exchange","article_publisher":"https:\/\/www.facebook.com\/IONEXCHANGE","article_modified_time":"2024-01-06T10:57:47+00:00","og_image":[{"url":"https:\/\/ionexchangeglobal.com\/int\/wp-content\/uploads\/2022\/05\/Indion-Ecoserve-Vehicle-Wash-Water-Recycle-System-1-1-212x300.jpg"}],"twitter_card":"summary_large_image","twitter_site":"@IEI_Ltd","twitter_misc":{"Est. reading time":"1 minute"},"schema":{"@context":"https:\/\/schema.org","@graph":[{"@type":"WebPage","@id":"https:\/\/ionexchangeglobal.com\/int\/de\/systeme-zur-behandlung-verpackter-abfaelle\/","url":"https:\/\/ionexchangeglobal.com\/int\/de\/systeme-zur-behandlung-verpackter-abfaelle\/","name":"Systeme zur Behandlung verpackter Abf\u00e4lle - Ion Exchange","isPartOf":{"@id":"https:\/\/ionexchangeglobal.com\/int\/#website"},"datePublished":"2022-05-03T12:04:01+00:00","dateModified":"2024-01-06T10:57:47+00:00","breadcrumb":{"@id":"https:\/\/ionexchangeglobal.com\/int\/de\/systeme-zur-behandlung-verpackter-abfaelle\/#breadcrumb"},"inLanguage":"en-US","potentialAction":[{"@type":"ReadAction","target":["https:\/\/ionexchangeglobal.com\/int\/de\/systeme-zur-behandlung-verpackter-abfaelle\/"]}]},{"@type":"BreadcrumbList","@id":"https:\/\/ionexchangeglobal.com\/int\/de\/systeme-zur-behandlung-verpackter-abfaelle\/#breadcrumb","itemListElement":[{"@type":"ListItem","position":1,"name":"Home","item":"https:\/\/ionexchangeglobal.com\/int\/pt\/pagina-inicial\/"},{"@type":"ListItem","position":2,"name":"Systeme zur Behandlung verpackter Abf\u00e4lle"}]},{"@type":"WebSite","@id":"https:\/\/ionexchangeglobal.com\/int\/#website","url":"https:\/\/ionexchangeglobal.com\/int\/","name":"Ion Exchange","description":"Refreshing the Planet","publisher":{"@id":"https:\/\/ionexchangeglobal.com\/int\/#organization"},"potentialAction":[{"@type":"SearchAction","target":{"@type":"EntryPoint","urlTemplate":"https:\/\/ionexchangeglobal.com\/int\/?s={search_term_string}"},"query-input":"required name=search_term_string"}],"inLanguage":"en-US"},{"@type":"Organization","@id":"https:\/\/ionexchangeglobal.com\/int\/#organization","name":"Ion Exchange","url":"https:\/\/ionexchangeglobal.com\/int\/","logo":{"@type":"ImageObject","inLanguage":"en-US","@id":"https:\/\/ionexchangeglobal.com\/int\/#\/schema\/logo\/image\/","url":"http:\/\/localhost:8000\/app\/uploads\/2022\/05\/ion-logo-1.webp","contentUrl":"http:\/\/localhost:8000\/app\/uploads\/2022\/05\/ion-logo-1.webp","width":1,"height":1,"caption":"Ion Exchange"},"image":{"@id":"https:\/\/ionexchangeglobal.com\/int\/#\/schema\/logo\/image\/"},"sameAs":["https:\/\/www.facebook.com\/IONEXCHANGE","https:\/\/twitter.com\/IEI_Ltd","https:\/\/www.youtube.com\/channel\/UCqSuT-yd40I7RZ4p5UXuKbA\/videos"]}]}},"lang":"de","translations":{"de":38127,"ar":42265,"en":25712,"pt":36475,"it":36657,"fr":37078,"ru":39456,"ja":42623,"es":45068,"ko":47105,"zh":47534,"th":63327},"pll_sync_post":[],"_links":{"self":[{"href":"https:\/\/ionexchangeglobal.com\/int\/wp-json\/wp\/v2\/pages\/38127"}],"collection":[{"href":"https:\/\/ionexchangeglobal.com\/int\/wp-json\/wp\/v2\/pages"}],"about":[{"href":"https:\/\/ionexchangeglobal.com\/int\/wp-json\/wp\/v2\/types\/page"}],"author":[{"embeddable":true,"href":"https:\/\/ionexchangeglobal.com\/int\/wp-json\/wp\/v2\/users\/4"}],"replies":[{"embeddable":true,"href":"https:\/\/ionexchangeglobal.com\/int\/wp-json\/wp\/v2\/comments?post=38127"}],"version-history":[{"count":4,"href":"https:\/\/ionexchangeglobal.com\/int\/wp-json\/wp\/v2\/pages\/38127\/revisions"}],"predecessor-version":[{"id":47794,"href":"https:\/\/ionexchangeglobal.com\/int\/wp-json\/wp\/v2\/pages\/38127\/revisions\/47794"}],"wp:attachment":[{"href":"https:\/\/ionexchangeglobal.com\/int\/wp-json\/wp\/v2\/media?parent=38127"}],"curies":[{"name":"wp","href":"https:\/\/api.w.org\/{rel}","templated":true}]}}