{"id":38018,"date":"2022-04-26T11:49:35","date_gmt":"2022-04-26T11:49:35","guid":{"rendered":"https:\/\/stage.ionexchangeglobal.com\/?page_id=38018"},"modified":"2023-10-06T11:37:03","modified_gmt":"2023-10-06T06:07:03","slug":"kondensatpoliereinheit","status":"publish","type":"page","link":"https:\/\/ionexchangeglobal.com\/int\/de\/kondensatpoliereinheit\/","title":{"rendered":"Kondensatpoliereinheit"},"content":{"rendered":"\t\t<div data-elementor-type=\"wp-page\" data-elementor-id=\"38018\" data-post-id=\"38018\" data-obj-id=\"38018\" class=\"elementor elementor-38018 dce-elementor-post-38018\">\n\t\t\t\t\t\t<div class=\"elementor-inner\">\n\t\t\t\t<div class=\"elementor-section-wrap\">\n\t\t\t\t\t\t\t\t\t<section class=\"has_ma_el_bg_slider elementor-section elementor-top-section elementor-element elementor-element-48bac4f elementor-section-boxed elementor-section-height-default elementor-section-height-default jltma-glass-effect-no\" data-id=\"48bac4f\" data-element_type=\"section\">\n\t\t\t\t\t\t<div class=\"elementor-container elementor-column-gap-default\">\n\t\t\t\t\t\t\t<div class=\"elementor-row\">\n\t\t\t\t\t<div class=\"has_ma_el_bg_slider elementor-column elementor-col-100 elementor-top-column elementor-element elementor-element-4a25df8 jltma-glass-effect-no\" data-id=\"4a25df8\" data-element_type=\"column\">\n\t\t\t<div class=\"elementor-column-wrap elementor-element-populated\">\n\t\t\t\t\t\t\t<div class=\"elementor-widget-wrap\">\n\t\t\t\t\t\t<section class=\"has_ma_el_bg_slider elementor-section elementor-inner-section elementor-element elementor-element-78fcc2f elementor-section-boxed elementor-section-height-default elementor-section-height-default jltma-glass-effect-no\" data-id=\"78fcc2f\" data-element_type=\"section\">\n\t\t\t\t\t\t<div class=\"elementor-container elementor-column-gap-default\">\n\t\t\t\t\t\t\t<div class=\"elementor-row\">\n\t\t\t\t\t<div class=\"has_ma_el_bg_slider elementor-column elementor-col-100 elementor-inner-column elementor-element elementor-element-6b3248b jltma-glass-effect-no\" data-id=\"6b3248b\" data-element_type=\"column\">\n\t\t\t<div class=\"elementor-column-wrap elementor-element-populated\">\n\t\t\t\t\t\t\t<div class=\"elementor-widget-wrap\">\n\t\t\t\t\t\t<div class=\"elementor-element elementor-element-218db06 jltma-glass-effect-no elementor-widget elementor-widget-heading\" data-id=\"218db06\" data-element_type=\"widget\" data-widget_type=\"heading.default\">\n\t\t\t\t<div class=\"elementor-widget-container\">\n\t\t\t<h2 class=\"elementor-heading-title elementor-size-default\">EINF\u00dcHRUNG<\/h2>\t\t<\/div>\n\t\t\t\t<\/div>\n\t\t\t\t<div class=\"elementor-element elementor-element-256474d jltma-glass-effect-no elementor-widget elementor-widget-text-editor\" data-id=\"256474d\" data-element_type=\"widget\" data-widget_type=\"text-editor.default\">\n\t\t\t\t<div class=\"elementor-widget-container\">\n\t\t\t\t\t\t\t\t<div class=\"elementor-text-editor elementor-clearfix\">\n\t\t\t\t<p>Die Kondensatpoliereinheit entfernt \u201eRohstoffe\u201c \u2013 Korrosionsprodukte, die haupts\u00e4chlich aus Eisen-, Kupfer- oder Nickeloxiden bestehen, gel\u00f6ste Feststoffe \u2013 haupts\u00e4chlich bestehend aus Natrium, Chlorid und Kiesels\u00e4ure sowie Kohlendioxid. Kondensataufbereitungsanlagen werden typischerweise in Superw\u00e4rmekraftwerken installiert, mit dem Hauptziel, die Kesselwasserqualit\u00e4t zu verbessern. Der Vorteil der Kondensatreinigung liegt in einem schnelleren Anlauf und einem fr\u00fchzeitigen Erreichen der Volllastbedingungen, was wirtschaftliche Vorteile mit sich bringt. Bei Leckagen im Kondensatorrohr ist eine ordnungsgem\u00e4\u00dfe Abschaltung m\u00f6glich.<\/p>\t\t\t\t\t<\/div>\n\t\t\t\t\t\t<\/div>\n\t\t\t\t<\/div>\n\t\t\t\t\t\t<\/div>\n\t\t\t\t\t<\/div>\n\t\t<\/div>\n\t\t\t\t\t\t\t\t<\/div>\n\t\t\t\t\t<\/div>\n\t\t<\/section>\n\t\t\t\t\t\t<\/div>\n\t\t\t\t\t<\/div>\n\t\t<\/div>\n\t\t\t\t\t\t\t\t<\/div>\n\t\t\t\t\t<\/div>\n\t\t<\/section>\n\t\t\t\t<section class=\"has_ma_el_bg_slider elementor-section elementor-top-section elementor-element elementor-element-4eac5c8 elementor-section-boxed elementor-section-height-default elementor-section-height-default jltma-glass-effect-no\" data-id=\"4eac5c8\" data-element_type=\"section\">\n\t\t\t\t\t\t<div class=\"elementor-container elementor-column-gap-default\">\n\t\t\t\t\t\t\t<div class=\"elementor-row\">\n\t\t\t\t\t<div class=\"has_ma_el_bg_slider elementor-column elementor-col-100 elementor-top-column elementor-element elementor-element-72cc732 jltma-glass-effect-no\" data-id=\"72cc732\" data-element_type=\"column\">\n\t\t\t<div class=\"elementor-column-wrap elementor-element-populated\">\n\t\t\t\t\t\t\t<div class=\"elementor-widget-wrap\">\n\t\t\t\t\t\t<section class=\"has_ma_el_bg_slider elementor-section elementor-inner-section elementor-element elementor-element-2618483 elementor-section-boxed elementor-section-height-default elementor-section-height-default jltma-glass-effect-no\" data-id=\"2618483\" data-element_type=\"section\">\n\t\t\t\t\t\t<div class=\"elementor-container elementor-column-gap-default\">\n\t\t\t\t\t\t\t<div class=\"elementor-row\">\n\t\t\t\t\t<div class=\"has_ma_el_bg_slider elementor-column elementor-col-100 elementor-inner-column elementor-element elementor-element-7cf2445 jltma-glass-effect-no\" data-id=\"7cf2445\" data-element_type=\"column\">\n\t\t\t<div class=\"elementor-column-wrap elementor-element-populated\">\n\t\t\t\t\t\t\t<div class=\"elementor-widget-wrap\">\n\t\t\t\t\t\t<div class=\"elementor-element elementor-element-029486b jltma-glass-effect-no elementor-widget elementor-widget-heading\" data-id=\"029486b\" data-element_type=\"widget\" data-widget_type=\"heading.default\">\n\t\t\t\t<div class=\"elementor-widget-container\">\n\t\t\t<h2 class=\"elementor-heading-title elementor-size-default\">PROZESSBESCHREIBUNG<\/h2>\t\t<\/div>\n\t\t\t\t<\/div>\n\t\t\t\t<div class=\"elementor-element elementor-element-df6c2b4 jltma-glass-effect-no elementor-widget elementor-widget-text-editor\" data-id=\"df6c2b4\" data-element_type=\"widget\" data-widget_type=\"text-editor.default\">\n\t\t\t\t<div class=\"elementor-widget-container\">\n\t\t\t\t\t\t\t\t<div class=\"elementor-text-editor elementor-clearfix\">\n\t\t\t\t<p>Die Kondensataufbereiter befinden sich in der Turbinenhalle und die ersch\u00f6pften Harze werden hydropneumatisch in die Bereiche der Wasseraufbereitungsanlage transportiert, wo sie regeneriert und zur\u00fcck zum Aufbereiter geleitet werden.<\/p><p>Es ist normal, den Polierer zun\u00e4chst im Wasserstoffkreislauf zu betreiben, in dem das Kationenharz in Wasserstoffform und das Anionenharz in Hydroxidform vorliegt. Der Prozess dauert typischerweise etwa 7 bis 8 Tage. Danach wird das Kationenharz in die Ammoniumform umgewandelt und der Polierer wird dann im Ammoniakkreislauf betrieben. Die Erfahrung hat gezeigt, dass der Betrieb des Wasserstoffkreislaufs nahezu immer problemlos verl\u00e4uft und Kondensat in der erforderlichen Qualit\u00e4t erzeugt. Der Natrium-, Chlorid- und Kiesels\u00e4uregehalt in der Kesseltrommel steigt innerhalb von 2 \u2013 3 Tagen nach dem Betrieb des Polierers im Ammoniumkreislauf an.<\/p><p>Die Trennung des Ionenaustauscherharzes in einem Mischbett erfolgt durch R\u00fccksp\u00fclen der Einheit mit Wasser, wenn sich das Kationenharz unten und das leichte Anionenharz oben absetzt. Der Prozess f\u00fchrt jedoch fast immer dazu, dass im Anionenanteil ein geringer Prozentsatz an Kationenharzen vorhanden ist und umgekehrt \u2013 ein Ph\u00e4nomen, das als Kreuzkontamination bezeichnet wird. Bei der Regeneration des Anionenharzes mit Alkali wird das im Anionenanteil vorhandene Kationenharz in die Natriumform umgewandelt, und in \u00e4hnlicher Weise wird das im Kationenanteil vorhandene Anionenharz in die Chloridform umgewandelt.<\/p>\t\t\t\t\t<\/div>\n\t\t\t\t\t\t<\/div>\n\t\t\t\t<\/div>\n\t\t\t\t<div class=\"elementor-element elementor-element-500508e dce_masking-none jltma-glass-effect-no elementor-widget elementor-widget-image\" data-id=\"500508e\" data-element_type=\"widget\" data-widget_type=\"image.default\">\n\t\t\t\t<div class=\"elementor-widget-container\">\n\t\t\t\t\t\t\t\t<div class=\"elementor-image\">\n\t\t\t\t\t\t\t\t\t\t\t\t<img decoding=\"async\" width=\"744\" height=\"555\" src=\"https:\/\/ionexchangeglobal.com\/int\/wp-content\/uploads\/2022\/04\/condensate-polisher-in-boiler-turbine-circuit.jpg\" class=\"attachment-large size-large wp-image-24859\" alt=\"\" srcset=\"https:\/\/ionexchangeglobal.com\/int\/wp-content\/uploads\/2022\/04\/condensate-polisher-in-boiler-turbine-circuit.jpg 744w, https:\/\/ionexchangeglobal.com\/int\/wp-content\/uploads\/2022\/04\/condensate-polisher-in-boiler-turbine-circuit-300x224.jpg 300w\" sizes=\"(max-width: 744px) 100vw, 744px\" loading=\"lazy\" \/>\t\t\t\t\t\t\t\t\t\t\t\t\t\t<\/div>\n\t\t\t\t\t\t<\/div>\n\t\t\t\t<\/div>\n\t\t\t\t\t\t<\/div>\n\t\t\t\t\t<\/div>\n\t\t<\/div>\n\t\t\t\t\t\t\t\t<\/div>\n\t\t\t\t\t<\/div>\n\t\t<\/section>\n\t\t\t\t\t\t<\/div>\n\t\t\t\t\t<\/div>\n\t\t<\/div>\n\t\t\t\t\t\t\t\t<\/div>\n\t\t\t\t\t<\/div>\n\t\t<\/section>\n\t\t\t\t<section class=\"has_ma_el_bg_slider elementor-section elementor-top-section elementor-element elementor-element-f5afe04 elementor-section-boxed elementor-section-height-default elementor-section-height-default jltma-glass-effect-no\" data-id=\"f5afe04\" data-element_type=\"section\">\n\t\t\t\t\t\t<div class=\"elementor-container elementor-column-gap-default\">\n\t\t\t\t\t\t\t<div class=\"elementor-row\">\n\t\t\t\t\t<div class=\"has_ma_el_bg_slider elementor-column elementor-col-100 elementor-top-column elementor-element elementor-element-ac9ca26 jltma-glass-effect-no\" data-id=\"ac9ca26\" data-element_type=\"column\">\n\t\t\t<div class=\"elementor-column-wrap elementor-element-populated\">\n\t\t\t\t\t\t\t<div class=\"elementor-widget-wrap\">\n\t\t\t\t\t\t<section class=\"has_ma_el_bg_slider elementor-section elementor-inner-section elementor-element elementor-element-c801172 elementor-section-boxed elementor-section-height-default elementor-section-height-default jltma-glass-effect-no\" data-id=\"c801172\" data-element_type=\"section\">\n\t\t\t\t\t\t<div class=\"elementor-container elementor-column-gap-default\">\n\t\t\t\t\t\t\t<div class=\"elementor-row\">\n\t\t\t\t\t<div class=\"has_ma_el_bg_slider elementor-column elementor-col-100 elementor-inner-column elementor-element elementor-element-75a6be2 jltma-glass-effect-no\" data-id=\"75a6be2\" data-element_type=\"column\">\n\t\t\t<div class=\"elementor-column-wrap elementor-element-populated\">\n\t\t\t\t\t\t\t<div class=\"elementor-widget-wrap\">\n\t\t\t\t\t\t<div class=\"elementor-element elementor-element-3c1e530 jltma-glass-effect-no elementor-widget elementor-widget-heading\" data-id=\"3c1e530\" data-element_type=\"widget\" data-widget_type=\"heading.default\">\n\t\t\t\t<div class=\"elementor-widget-container\">\n\t\t\t<h2 class=\"elementor-heading-title elementor-size-default\">VORTEILE<\/h2>\t\t<\/div>\n\t\t\t\t<\/div>\n\t\t\t\t<div class=\"elementor-element elementor-element-258562d jltma-glass-effect-no elementor-widget elementor-widget-text-editor\" data-id=\"258562d\" data-element_type=\"widget\" data-widget_type=\"text-editor.default\">\n\t\t\t\t<div class=\"elementor-widget-container\">\n\t\t\t\t\t\t\t\t<div class=\"elementor-text-editor elementor-clearfix\">\n\t\t\t\t<ul><li>Verbesserung der Qualit\u00e4t des Kondensats und der \u201eZyklus\u201c-Reinigung.<\/li><li>Reduzierter Abschl\u00e4mm- und Nachspeisebedarf.<\/li><li>Verbesserung der Kesselwasserqualit\u00e4t bei Trommelkesseln.<\/li><li>Schnelles Anfahren und dadurch fr\u00fchzeitiges Erreichen der Volllastbedingungen, was wirtschaftliche Vorteile mit sich bringt.<\/li><li>Eine ordnungsgem\u00e4\u00dfe Abschaltung ist bei Leckagen im Kondensatorrohr m\u00f6glich.<\/li><li>Verbesserung der Dampfqualit\u00e4t, was zu einer l\u00e4ngeren Lebensdauer der Turbine f\u00fchrt.<\/li><\/ul>\t\t\t\t\t<\/div>\n\t\t\t\t\t\t<\/div>\n\t\t\t\t<\/div>\n\t\t\t\t\t\t<\/div>\n\t\t\t\t\t<\/div>\n\t\t<\/div>\n\t\t\t\t\t\t\t\t<\/div>\n\t\t\t\t\t<\/div>\n\t\t<\/section>\n\t\t\t\t\t\t<\/div>\n\t\t\t\t\t<\/div>\n\t\t<\/div>\n\t\t\t\t\t\t\t\t<\/div>\n\t\t\t\t\t<\/div>\n\t\t<\/section>\n\t\t\t\t<section class=\"has_ma_el_bg_slider elementor-section elementor-top-section elementor-element elementor-element-37aba0e elementor-section-boxed elementor-section-height-default elementor-section-height-default jltma-glass-effect-no\" data-id=\"37aba0e\" data-element_type=\"section\">\n\t\t\t\t\t\t<div class=\"elementor-container elementor-column-gap-default\">\n\t\t\t\t\t\t\t<div class=\"elementor-row\">\n\t\t\t\t\t<div class=\"has_ma_el_bg_slider elementor-column elementor-col-100 elementor-top-column elementor-element elementor-element-82e24dd jltma-glass-effect-no\" data-id=\"82e24dd\" data-element_type=\"column\">\n\t\t\t<div class=\"elementor-column-wrap elementor-element-populated\">\n\t\t\t\t\t\t\t<div class=\"elementor-widget-wrap\">\n\t\t\t\t\t\t<section class=\"has_ma_el_bg_slider elementor-section elementor-inner-section elementor-element elementor-element-063a916 elementor-section-boxed elementor-section-height-default elementor-section-height-default jltma-glass-effect-no\" data-id=\"063a916\" data-element_type=\"section\">\n\t\t\t\t\t\t<div class=\"elementor-container elementor-column-gap-default\">\n\t\t\t\t\t\t\t<div class=\"elementor-row\">\n\t\t\t\t\t<div class=\"has_ma_el_bg_slider elementor-column elementor-col-100 elementor-inner-column elementor-element elementor-element-2540ab4 jltma-glass-effect-no\" data-id=\"2540ab4\" data-element_type=\"column\">\n\t\t\t<div class=\"elementor-column-wrap elementor-element-populated\">\n\t\t\t\t\t\t\t<div class=\"elementor-widget-wrap\">\n\t\t\t\t\t\t<div class=\"elementor-element elementor-element-cec049d jltma-glass-effect-no elementor-widget elementor-widget-heading\" data-id=\"cec049d\" data-element_type=\"widget\" data-widget_type=\"heading.default\">\n\t\t\t\t<div class=\"elementor-widget-container\">\n\t\t\t<h2 class=\"elementor-heading-title elementor-size-default\">ANWENDUNGEN<\/h2>\t\t<\/div>\n\t\t\t\t<\/div>\n\t\t\t\t<div class=\"elementor-element elementor-element-5bf3d36 jltma-glass-effect-no elementor-widget elementor-widget-text-editor\" data-id=\"5bf3d36\" data-element_type=\"widget\" data-widget_type=\"text-editor.default\">\n\t\t\t\t<div class=\"elementor-widget-container\">\n\t\t\t\t\t\t\t\t<div class=\"elementor-text-editor elementor-clearfix\">\n\t\t\t\t<ul><li>Kondensataufbereitungsanlagen werden typischerweise in Kernkraftwerken (Druckwasserreaktoren) und fossilen Kraftwerken eingesetzt.<\/li><\/ul>\t\t\t\t\t<\/div>\n\t\t\t\t\t\t<\/div>\n\t\t\t\t<\/div>\n\t\t\t\t\t\t<\/div>\n\t\t\t\t\t<\/div>\n\t\t<\/div>\n\t\t\t\t\t\t\t\t<\/div>\n\t\t\t\t\t<\/div>\n\t\t<\/section>\n\t\t\t\t\t\t<\/div>\n\t\t\t\t\t<\/div>\n\t\t<\/div>\n\t\t\t\t\t\t\t\t<\/div>\n\t\t\t\t\t<\/div>\n\t\t<\/section>\n\t\t\t\t\t\t\t\t\t<\/div>\n\t\t\t<\/div>\n\t\t\t\t\t<\/div>\n\t\t","protected":false},"excerpt":{"rendered":"<p>EINF\u00dcHRUNG Die Kondensatpoliereinheit entfernt \u201eRohstoffe\u201c \u2013 Korrosionsprodukte, die haupts\u00e4chlich aus Eisen-, Kupfer- oder Nickeloxiden bestehen, gel\u00f6ste Feststoffe \u2013 haupts\u00e4chlich bestehend aus Natrium, Chlorid und Kiesels\u00e4ure sowie Kohlendioxid. Kondensataufbereitungsanlagen werden typischerweise in Superw\u00e4rmekraftwerken installiert, mit dem Hauptziel, die Kesselwasserqualit\u00e4t zu verbessern. Der Vorteil der Kondensatreinigung liegt in einem schnelleren Anlauf und einem fr\u00fchzeitigen Erreichen der Volllastbedingungen,&hellip;<\/p>\n","protected":false},"author":4,"featured_media":23690,"parent":0,"menu_order":0,"comment_status":"closed","ping_status":"closed","template":"elementor_header_footer","meta":{"inline_featured_image":false},"yoast_head":"<!-- This site is optimized with the Yoast SEO plugin v20.12 - https:\/\/yoast.com\/wordpress\/plugins\/seo\/ -->\n<title>Kondensatpoliereinheit - Ion Exchange<\/title>\n<meta name=\"robots\" content=\"index, follow, max-snippet:-1, max-image-preview:large, max-video-preview:-1\" \/>\n<link rel=\"canonical\" href=\"https:\/\/ionexchangeglobal.com\/int\/de\/kondensatpoliereinheit\/\" \/>\n<meta property=\"og:locale\" content=\"en_US\" \/>\n<meta property=\"og:type\" content=\"article\" \/>\n<meta property=\"og:title\" content=\"Kondensatpoliereinheit - Ion Exchange\" \/>\n<meta property=\"og:description\" content=\"EINF\u00dcHRUNG Die Kondensatpoliereinheit entfernt \u201eRohstoffe\u201c \u2013 Korrosionsprodukte, die haupts\u00e4chlich aus Eisen-, Kupfer- oder Nickeloxiden bestehen, gel\u00f6ste Feststoffe \u2013 haupts\u00e4chlich bestehend aus Natrium, Chlorid und Kiesels\u00e4ure sowie Kohlendioxid. Kondensataufbereitungsanlagen werden typischerweise in Superw\u00e4rmekraftwerken installiert, mit dem Hauptziel, die Kesselwasserqualit\u00e4t zu verbessern. Der Vorteil der Kondensatreinigung liegt in einem schnelleren Anlauf und einem fr\u00fchzeitigen Erreichen der Volllastbedingungen,&hellip;\" \/>\n<meta property=\"og:url\" content=\"https:\/\/ionexchangeglobal.com\/int\/de\/kondensatpoliereinheit\/\" \/>\n<meta property=\"og:site_name\" content=\"Ion Exchange\" \/>\n<meta property=\"article:publisher\" content=\"https:\/\/www.facebook.com\/IONEXCHANGE\" \/>\n<meta property=\"article:modified_time\" content=\"2023-10-06T06:07:03+00:00\" \/>\n<meta property=\"og:image\" content=\"https:\/\/ionexchangeglobal.com\/int\/wp-content\/uploads\/2022\/04\/water-treatment-banner-img.jpg\" \/>\n\t<meta property=\"og:image:width\" content=\"1920\" \/>\n\t<meta property=\"og:image:height\" content=\"1280\" \/>\n\t<meta property=\"og:image:type\" content=\"image\/jpeg\" \/>\n<meta name=\"twitter:card\" content=\"summary_large_image\" \/>\n<meta name=\"twitter:site\" content=\"@IEI_Ltd\" \/>\n<meta name=\"twitter:label1\" content=\"Est. reading time\" \/>\n\t<meta name=\"twitter:data1\" content=\"2 minutes\" \/>\n<script type=\"application\/ld+json\" class=\"yoast-schema-graph\">{\"@context\":\"https:\/\/schema.org\",\"@graph\":[{\"@type\":\"WebPage\",\"@id\":\"https:\/\/ionexchangeglobal.com\/int\/de\/kondensatpoliereinheit\/\",\"url\":\"https:\/\/ionexchangeglobal.com\/int\/de\/kondensatpoliereinheit\/\",\"name\":\"Kondensatpoliereinheit - Ion Exchange\",\"isPartOf\":{\"@id\":\"https:\/\/ionexchangeglobal.com\/int\/#website\"},\"datePublished\":\"2022-04-26T11:49:35+00:00\",\"dateModified\":\"2023-10-06T06:07:03+00:00\",\"breadcrumb\":{\"@id\":\"https:\/\/ionexchangeglobal.com\/int\/de\/kondensatpoliereinheit\/#breadcrumb\"},\"inLanguage\":\"en-US\",\"potentialAction\":[{\"@type\":\"ReadAction\",\"target\":[\"https:\/\/ionexchangeglobal.com\/int\/de\/kondensatpoliereinheit\/\"]}]},{\"@type\":\"BreadcrumbList\",\"@id\":\"https:\/\/ionexchangeglobal.com\/int\/de\/kondensatpoliereinheit\/#breadcrumb\",\"itemListElement\":[{\"@type\":\"ListItem\",\"position\":1,\"name\":\"Home\",\"item\":\"https:\/\/ionexchangeglobal.com\/int\/pt\/pagina-inicial\/\"},{\"@type\":\"ListItem\",\"position\":2,\"name\":\"Kondensatpoliereinheit\"}]},{\"@type\":\"WebSite\",\"@id\":\"https:\/\/ionexchangeglobal.com\/int\/#website\",\"url\":\"https:\/\/ionexchangeglobal.com\/int\/\",\"name\":\"Ion Exchange\",\"description\":\"Refreshing the Planet\",\"publisher\":{\"@id\":\"https:\/\/ionexchangeglobal.com\/int\/#organization\"},\"potentialAction\":[{\"@type\":\"SearchAction\",\"target\":{\"@type\":\"EntryPoint\",\"urlTemplate\":\"https:\/\/ionexchangeglobal.com\/int\/?s={search_term_string}\"},\"query-input\":\"required name=search_term_string\"}],\"inLanguage\":\"en-US\"},{\"@type\":\"Organization\",\"@id\":\"https:\/\/ionexchangeglobal.com\/int\/#organization\",\"name\":\"Ion Exchange\",\"url\":\"https:\/\/ionexchangeglobal.com\/int\/\",\"logo\":{\"@type\":\"ImageObject\",\"inLanguage\":\"en-US\",\"@id\":\"https:\/\/ionexchangeglobal.com\/int\/#\/schema\/logo\/image\/\",\"url\":\"http:\/\/localhost:8000\/app\/uploads\/2022\/05\/ion-logo-1.webp\",\"contentUrl\":\"http:\/\/localhost:8000\/app\/uploads\/2022\/05\/ion-logo-1.webp\",\"width\":1,\"height\":1,\"caption\":\"Ion Exchange\"},\"image\":{\"@id\":\"https:\/\/ionexchangeglobal.com\/int\/#\/schema\/logo\/image\/\"},\"sameAs\":[\"https:\/\/www.facebook.com\/IONEXCHANGE\",\"https:\/\/twitter.com\/IEI_Ltd\",\"https:\/\/www.youtube.com\/channel\/UCqSuT-yd40I7RZ4p5UXuKbA\/videos\"]}]}<\/script>\n<!-- \/ Yoast SEO plugin. -->","yoast_head_json":{"title":"Kondensatpoliereinheit - Ion Exchange","robots":{"index":"index","follow":"follow","max-snippet":"max-snippet:-1","max-image-preview":"max-image-preview:large","max-video-preview":"max-video-preview:-1"},"canonical":"https:\/\/ionexchangeglobal.com\/int\/de\/kondensatpoliereinheit\/","og_locale":"en_US","og_type":"article","og_title":"Kondensatpoliereinheit - Ion Exchange","og_description":"EINF\u00dcHRUNG Die Kondensatpoliereinheit entfernt \u201eRohstoffe\u201c \u2013 Korrosionsprodukte, die haupts\u00e4chlich aus Eisen-, Kupfer- oder Nickeloxiden bestehen, gel\u00f6ste Feststoffe \u2013 haupts\u00e4chlich bestehend aus Natrium, Chlorid und Kiesels\u00e4ure sowie Kohlendioxid. Kondensataufbereitungsanlagen werden typischerweise in Superw\u00e4rmekraftwerken installiert, mit dem Hauptziel, die Kesselwasserqualit\u00e4t zu verbessern. Der Vorteil der Kondensatreinigung liegt in einem schnelleren Anlauf und einem fr\u00fchzeitigen Erreichen der Volllastbedingungen,&hellip;","og_url":"https:\/\/ionexchangeglobal.com\/int\/de\/kondensatpoliereinheit\/","og_site_name":"Ion Exchange","article_publisher":"https:\/\/www.facebook.com\/IONEXCHANGE","article_modified_time":"2023-10-06T06:07:03+00:00","og_image":[{"width":1920,"height":1280,"url":"https:\/\/ionexchangeglobal.com\/int\/wp-content\/uploads\/2022\/04\/water-treatment-banner-img.jpg","type":"image\/jpeg"}],"twitter_card":"summary_large_image","twitter_site":"@IEI_Ltd","twitter_misc":{"Est. reading time":"2 minutes"},"schema":{"@context":"https:\/\/schema.org","@graph":[{"@type":"WebPage","@id":"https:\/\/ionexchangeglobal.com\/int\/de\/kondensatpoliereinheit\/","url":"https:\/\/ionexchangeglobal.com\/int\/de\/kondensatpoliereinheit\/","name":"Kondensatpoliereinheit - Ion Exchange","isPartOf":{"@id":"https:\/\/ionexchangeglobal.com\/int\/#website"},"datePublished":"2022-04-26T11:49:35+00:00","dateModified":"2023-10-06T06:07:03+00:00","breadcrumb":{"@id":"https:\/\/ionexchangeglobal.com\/int\/de\/kondensatpoliereinheit\/#breadcrumb"},"inLanguage":"en-US","potentialAction":[{"@type":"ReadAction","target":["https:\/\/ionexchangeglobal.com\/int\/de\/kondensatpoliereinheit\/"]}]},{"@type":"BreadcrumbList","@id":"https:\/\/ionexchangeglobal.com\/int\/de\/kondensatpoliereinheit\/#breadcrumb","itemListElement":[{"@type":"ListItem","position":1,"name":"Home","item":"https:\/\/ionexchangeglobal.com\/int\/pt\/pagina-inicial\/"},{"@type":"ListItem","position":2,"name":"Kondensatpoliereinheit"}]},{"@type":"WebSite","@id":"https:\/\/ionexchangeglobal.com\/int\/#website","url":"https:\/\/ionexchangeglobal.com\/int\/","name":"Ion Exchange","description":"Refreshing the Planet","publisher":{"@id":"https:\/\/ionexchangeglobal.com\/int\/#organization"},"potentialAction":[{"@type":"SearchAction","target":{"@type":"EntryPoint","urlTemplate":"https:\/\/ionexchangeglobal.com\/int\/?s={search_term_string}"},"query-input":"required name=search_term_string"}],"inLanguage":"en-US"},{"@type":"Organization","@id":"https:\/\/ionexchangeglobal.com\/int\/#organization","name":"Ion Exchange","url":"https:\/\/ionexchangeglobal.com\/int\/","logo":{"@type":"ImageObject","inLanguage":"en-US","@id":"https:\/\/ionexchangeglobal.com\/int\/#\/schema\/logo\/image\/","url":"http:\/\/localhost:8000\/app\/uploads\/2022\/05\/ion-logo-1.webp","contentUrl":"http:\/\/localhost:8000\/app\/uploads\/2022\/05\/ion-logo-1.webp","width":1,"height":1,"caption":"Ion Exchange"},"image":{"@id":"https:\/\/ionexchangeglobal.com\/int\/#\/schema\/logo\/image\/"},"sameAs":["https:\/\/www.facebook.com\/IONEXCHANGE","https:\/\/twitter.com\/IEI_Ltd","https:\/\/www.youtube.com\/channel\/UCqSuT-yd40I7RZ4p5UXuKbA\/videos"]}]}},"lang":"de","translations":{"de":38018,"pt":36388,"en":24849,"fr":37135,"es":37911,"ru":38896,"ko":46878,"ja":46921,"zh":47427,"ar":48076},"pll_sync_post":[],"_links":{"self":[{"href":"https:\/\/ionexchangeglobal.com\/int\/wp-json\/wp\/v2\/pages\/38018"}],"collection":[{"href":"https:\/\/ionexchangeglobal.com\/int\/wp-json\/wp\/v2\/pages"}],"about":[{"href":"https:\/\/ionexchangeglobal.com\/int\/wp-json\/wp\/v2\/types\/page"}],"author":[{"embeddable":true,"href":"https:\/\/ionexchangeglobal.com\/int\/wp-json\/wp\/v2\/users\/4"}],"replies":[{"embeddable":true,"href":"https:\/\/ionexchangeglobal.com\/int\/wp-json\/wp\/v2\/comments?post=38018"}],"version-history":[{"count":1,"href":"https:\/\/ionexchangeglobal.com\/int\/wp-json\/wp\/v2\/pages\/38018\/revisions"}],"predecessor-version":[{"id":38025,"href":"https:\/\/ionexchangeglobal.com\/int\/wp-json\/wp\/v2\/pages\/38018\/revisions\/38025"}],"wp:featuredmedia":[{"embeddable":true,"href":"https:\/\/ionexchangeglobal.com\/int\/wp-json\/wp\/v2\/media\/23690"}],"wp:attachment":[{"href":"https:\/\/ionexchangeglobal.com\/int\/wp-json\/wp\/v2\/media?parent=38018"}],"curies":[{"name":"wp","href":"https:\/\/api.w.org\/{rel}","templated":true}]}}