{"id":37983,"date":"2022-05-03T11:24:21","date_gmt":"2022-05-03T11:24:21","guid":{"rendered":"https:\/\/stage.ionexchangeglobal.com\/?page_id=37983"},"modified":"2023-10-05T16:23:35","modified_gmt":"2023-10-05T10:53:35","slug":"nanofiltration","status":"publish","type":"page","link":"https:\/\/ionexchangeglobal.com\/int\/de\/nanofiltration\/","title":{"rendered":"Nanofiltration"},"content":{"rendered":"\t\t<div data-elementor-type=\"wp-page\" data-elementor-id=\"37983\" data-post-id=\"37983\" data-obj-id=\"37983\" class=\"elementor elementor-37983 dce-elementor-post-37983\">\n\t\t\t\t\t\t<div class=\"elementor-inner\">\n\t\t\t\t<div class=\"elementor-section-wrap\">\n\t\t\t\t\t\t\t\t\t<section class=\"has_ma_el_bg_slider elementor-section elementor-top-section elementor-element elementor-element-fa13efb elementor-section-boxed elementor-section-height-default elementor-section-height-default jltma-glass-effect-no\" data-id=\"fa13efb\" data-element_type=\"section\">\n\t\t\t\t\t\t<div class=\"elementor-container elementor-column-gap-default\">\n\t\t\t\t\t\t\t<div class=\"elementor-row\">\n\t\t\t\t\t<div class=\"has_ma_el_bg_slider elementor-column elementor-col-100 elementor-top-column elementor-element elementor-element-95e0b42 jltma-glass-effect-no\" data-id=\"95e0b42\" data-element_type=\"column\">\n\t\t\t<div class=\"elementor-column-wrap elementor-element-populated\">\n\t\t\t\t\t\t\t<div class=\"elementor-widget-wrap\">\n\t\t\t\t\t\t<section class=\"has_ma_el_bg_slider elementor-section elementor-inner-section elementor-element elementor-element-d692a37 elementor-section-boxed elementor-section-height-default elementor-section-height-default jltma-glass-effect-no\" data-id=\"d692a37\" data-element_type=\"section\">\n\t\t\t\t\t\t<div class=\"elementor-container elementor-column-gap-default\">\n\t\t\t\t\t\t\t<div class=\"elementor-row\">\n\t\t\t\t\t<div class=\"has_ma_el_bg_slider elementor-column elementor-col-100 elementor-inner-column elementor-element elementor-element-79efe67 jltma-glass-effect-no\" data-id=\"79efe67\" data-element_type=\"column\">\n\t\t\t<div class=\"elementor-column-wrap elementor-element-populated\">\n\t\t\t\t\t\t\t<div class=\"elementor-widget-wrap\">\n\t\t\t\t\t\t<div class=\"elementor-element elementor-element-b4f5583 jltma-glass-effect-no elementor-widget elementor-widget-heading\" data-id=\"b4f5583\" data-element_type=\"widget\" data-widget_type=\"heading.default\">\n\t\t\t\t<div class=\"elementor-widget-container\">\n\t\t\t<h2 class=\"elementor-heading-title elementor-size-default\">PRODUKTBESCHREIBUNG<\/h2>\t\t<\/div>\n\t\t\t\t<\/div>\n\t\t\t\t<div class=\"elementor-element elementor-element-6c79d14 jltma-glass-effect-no elementor-widget elementor-widget-text-editor\" data-id=\"6c79d14\" data-element_type=\"widget\" data-widget_type=\"text-editor.default\">\n\t\t\t\t<div class=\"elementor-widget-container\">\n\t\t\t\t\t\t\t\t<div class=\"elementor-text-editor elementor-clearfix\">\n\t\t\t\t<p>Die Nanofiltrationsmembran (NF) bietet eine kosteng\u00fcnstige Alternative zu herk\u00f6mmlichen Enth\u00e4rtungsprozessen zur Entfernung von H\u00e4rte, die h\u00e4ufig in nat\u00fcrlichen Wasservorr\u00e4ten und Prozessstr\u00f6men vorkommt. Zu den Vorteilen von NF-Membranenth\u00e4rtungssystemen geh\u00f6ren:<\/p><ul><li>Kontinuierlicher Prozess \u2013 keine Regeneration erforderlich<\/li><li>Es entsteht kein Regenerationsabfall<\/li><li>Hohe H\u00e4rteabweisung<\/li><li>Erfordert keine Fachkenntnisse des Bedieners wie bei der Kalk-Soda-Enth\u00e4rtung<\/li><li>Ben\u00f6tigt weniger Platz als Kalkenth\u00e4rtungsanlagen<\/li><\/ul><p>Sowohl im Meerwasser als auch in der kommunalen Versorgung werden erhebliche H\u00e4rtereduktionen erzielt. Bez\u00fcglich der H\u00e4rtereduzierung wird das geringe Verh\u00e4ltnis zweiwertiger\/einwertiger Anionen des Meerwassers durch den hohen Salzgehalt ausgeglichen. Der relativ hohe NaCl-Salzdurchgang f\u00fcr Meerwasser erm\u00f6glicht es der NF-Membran, hohe Flussraten bei niedrigen Dr\u00fccken zu erreichen, indem osmotische Druckunterschiede \u00fcber die Membran hinweg minimiert werden.<\/p><p>Klicken Sie hier, um sich das Hydramem-Sortiment an Nanofiltrationsmembranen anzusehen: <a style=\"font-size: inherit; background-color: #ffffff;\" href=\"https:\/\/hydramem.com\/nfm.html\">https:\/\/hydramem.com\/nfm.html<\/a><\/p>\t\t\t\t\t<\/div>\n\t\t\t\t\t\t<\/div>\n\t\t\t\t<\/div>\n\t\t\t\t\t\t<\/div>\n\t\t\t\t\t<\/div>\n\t\t<\/div>\n\t\t\t\t\t\t\t\t<\/div>\n\t\t\t\t\t<\/div>\n\t\t<\/section>\n\t\t\t\t\t\t<\/div>\n\t\t\t\t\t<\/div>\n\t\t<\/div>\n\t\t\t\t\t\t\t\t<\/div>\n\t\t\t\t\t<\/div>\n\t\t<\/section>\n\t\t\t\t\t\t\t\t\t<\/div>\n\t\t\t<\/div>\n\t\t\t\t\t<\/div>\n\t\t","protected":false},"excerpt":{"rendered":"<p>PRODUKTBESCHREIBUNG Die Nanofiltrationsmembran (NF) bietet eine kosteng\u00fcnstige Alternative zu herk\u00f6mmlichen Enth\u00e4rtungsprozessen zur Entfernung von H\u00e4rte, die h\u00e4ufig in nat\u00fcrlichen Wasservorr\u00e4ten und Prozessstr\u00f6men vorkommt. Zu den Vorteilen von NF-Membranenth\u00e4rtungssystemen geh\u00f6ren: Kontinuierlicher Prozess \u2013 keine Regeneration erforderlich Es entsteht kein Regenerationsabfall Hohe H\u00e4rteabweisung Erfordert keine Fachkenntnisse des Bedieners wie bei der Kalk-Soda-Enth\u00e4rtung Ben\u00f6tigt weniger Platz als Kalkenth\u00e4rtungsanlagen&hellip;<\/p>\n","protected":false},"author":4,"featured_media":63170,"parent":0,"menu_order":0,"comment_status":"closed","ping_status":"closed","template":"elementor_header_footer","meta":{"inline_featured_image":false},"yoast_head":"<!-- This site is optimized with the Yoast SEO plugin v20.12 - https:\/\/yoast.com\/wordpress\/plugins\/seo\/ -->\n<title>Nano filtration (NF) Membrane System Manufacturer - Ion Exchange<\/title>\n<meta name=\"description\" content=\"Ion Exchange is a Nano filtration (NF) membrane system manufacturer company in India. We offer a cost-effective alternative to conventional softening processes.\" \/>\n<meta name=\"robots\" content=\"index, follow, max-snippet:-1, max-image-preview:large, max-video-preview:-1\" \/>\n<link rel=\"canonical\" href=\"https:\/\/ionexchangeglobal.com\/int\/de\/nanofiltration\/\" \/>\n<meta property=\"og:locale\" content=\"en_US\" \/>\n<meta property=\"og:type\" content=\"article\" \/>\n<meta property=\"og:title\" content=\"Nano filtration (NF) Membrane System Manufacturer - Ion Exchange\" \/>\n<meta property=\"og:description\" content=\"Ion Exchange is a Nano filtration (NF) membrane system manufacturer company in India. We offer a cost-effective alternative to conventional softening processes.\" \/>\n<meta property=\"og:url\" content=\"https:\/\/ionexchangeglobal.com\/int\/de\/nanofiltration\/\" \/>\n<meta property=\"og:site_name\" content=\"Ion Exchange\" \/>\n<meta property=\"article:publisher\" content=\"https:\/\/www.facebook.com\/IONEXCHANGE\" \/>\n<meta property=\"article:modified_time\" content=\"2023-10-05T10:53:35+00:00\" \/>\n<meta property=\"og:image\" content=\"https:\/\/ionexchangeglobal.com\/int\/wp-content\/uploads\/2022\/04\/water-treatment-banner-img.jpg\" \/>\n\t<meta property=\"og:image:width\" content=\"1920\" \/>\n\t<meta property=\"og:image:height\" content=\"1280\" \/>\n\t<meta property=\"og:image:type\" content=\"image\/jpeg\" \/>\n<meta name=\"twitter:card\" content=\"summary_large_image\" \/>\n<meta name=\"twitter:site\" content=\"@IEI_Ltd\" \/>\n<meta name=\"twitter:label1\" content=\"Est. reading time\" \/>\n\t<meta name=\"twitter:data1\" content=\"1 minute\" \/>\n<script type=\"application\/ld+json\" class=\"yoast-schema-graph\">{\"@context\":\"https:\/\/schema.org\",\"@graph\":[{\"@type\":\"WebPage\",\"@id\":\"https:\/\/ionexchangeglobal.com\/int\/de\/nanofiltration\/\",\"url\":\"https:\/\/ionexchangeglobal.com\/int\/de\/nanofiltration\/\",\"name\":\"Nano filtration (NF) Membrane System Manufacturer - Ion Exchange\",\"isPartOf\":{\"@id\":\"https:\/\/ionexchangeglobal.com\/int\/#website\"},\"datePublished\":\"2022-05-03T11:24:21+00:00\",\"dateModified\":\"2023-10-05T10:53:35+00:00\",\"description\":\"Ion Exchange is a Nano filtration (NF) membrane system manufacturer company in India. We offer a cost-effective alternative to conventional softening processes.\",\"breadcrumb\":{\"@id\":\"https:\/\/ionexchangeglobal.com\/int\/de\/nanofiltration\/#breadcrumb\"},\"inLanguage\":\"en-US\",\"potentialAction\":[{\"@type\":\"ReadAction\",\"target\":[\"https:\/\/ionexchangeglobal.com\/int\/de\/nanofiltration\/\"]}]},{\"@type\":\"BreadcrumbList\",\"@id\":\"https:\/\/ionexchangeglobal.com\/int\/de\/nanofiltration\/#breadcrumb\",\"itemListElement\":[{\"@type\":\"ListItem\",\"position\":1,\"name\":\"Home\",\"item\":\"https:\/\/ionexchangeglobal.com\/int\/pt\/pagina-inicial\/\"},{\"@type\":\"ListItem\",\"position\":2,\"name\":\"Nanofiltration\"}]},{\"@type\":\"WebSite\",\"@id\":\"https:\/\/ionexchangeglobal.com\/int\/#website\",\"url\":\"https:\/\/ionexchangeglobal.com\/int\/\",\"name\":\"Ion Exchange\",\"description\":\"Refreshing the Planet\",\"publisher\":{\"@id\":\"https:\/\/ionexchangeglobal.com\/int\/#organization\"},\"potentialAction\":[{\"@type\":\"SearchAction\",\"target\":{\"@type\":\"EntryPoint\",\"urlTemplate\":\"https:\/\/ionexchangeglobal.com\/int\/?s={search_term_string}\"},\"query-input\":\"required name=search_term_string\"}],\"inLanguage\":\"en-US\"},{\"@type\":\"Organization\",\"@id\":\"https:\/\/ionexchangeglobal.com\/int\/#organization\",\"name\":\"Ion Exchange\",\"url\":\"https:\/\/ionexchangeglobal.com\/int\/\",\"logo\":{\"@type\":\"ImageObject\",\"inLanguage\":\"en-US\",\"@id\":\"https:\/\/ionexchangeglobal.com\/int\/#\/schema\/logo\/image\/\",\"url\":\"http:\/\/localhost:8000\/app\/uploads\/2022\/05\/ion-logo-1.webp\",\"contentUrl\":\"http:\/\/localhost:8000\/app\/uploads\/2022\/05\/ion-logo-1.webp\",\"width\":1,\"height\":1,\"caption\":\"Ion Exchange\"},\"image\":{\"@id\":\"https:\/\/ionexchangeglobal.com\/int\/#\/schema\/logo\/image\/\"},\"sameAs\":[\"https:\/\/www.facebook.com\/IONEXCHANGE\",\"https:\/\/twitter.com\/IEI_Ltd\",\"https:\/\/www.youtube.com\/channel\/UCqSuT-yd40I7RZ4p5UXuKbA\/videos\"]}]}<\/script>\n<!-- \/ Yoast SEO plugin. -->","yoast_head_json":{"title":"Nano filtration (NF) Membrane System Manufacturer - Ion Exchange","description":"Ion Exchange is a Nano filtration (NF) membrane system manufacturer company in India. We offer a cost-effective alternative to conventional softening processes.","robots":{"index":"index","follow":"follow","max-snippet":"max-snippet:-1","max-image-preview":"max-image-preview:large","max-video-preview":"max-video-preview:-1"},"canonical":"https:\/\/ionexchangeglobal.com\/int\/de\/nanofiltration\/","og_locale":"en_US","og_type":"article","og_title":"Nano filtration (NF) Membrane System Manufacturer - Ion Exchange","og_description":"Ion Exchange is a Nano filtration (NF) membrane system manufacturer company in India. We offer a cost-effective alternative to conventional softening processes.","og_url":"https:\/\/ionexchangeglobal.com\/int\/de\/nanofiltration\/","og_site_name":"Ion Exchange","article_publisher":"https:\/\/www.facebook.com\/IONEXCHANGE","article_modified_time":"2023-10-05T10:53:35+00:00","og_image":[{"width":1920,"height":1280,"url":"https:\/\/ionexchangeglobal.com\/int\/wp-content\/uploads\/2022\/04\/water-treatment-banner-img.jpg","type":"image\/jpeg"}],"twitter_card":"summary_large_image","twitter_site":"@IEI_Ltd","twitter_misc":{"Est. reading time":"1 minute"},"schema":{"@context":"https:\/\/schema.org","@graph":[{"@type":"WebPage","@id":"https:\/\/ionexchangeglobal.com\/int\/de\/nanofiltration\/","url":"https:\/\/ionexchangeglobal.com\/int\/de\/nanofiltration\/","name":"Nano filtration (NF) Membrane System Manufacturer - Ion Exchange","isPartOf":{"@id":"https:\/\/ionexchangeglobal.com\/int\/#website"},"datePublished":"2022-05-03T11:24:21+00:00","dateModified":"2023-10-05T10:53:35+00:00","description":"Ion Exchange is a Nano filtration (NF) membrane system manufacturer company in India. We offer a cost-effective alternative to conventional softening processes.","breadcrumb":{"@id":"https:\/\/ionexchangeglobal.com\/int\/de\/nanofiltration\/#breadcrumb"},"inLanguage":"en-US","potentialAction":[{"@type":"ReadAction","target":["https:\/\/ionexchangeglobal.com\/int\/de\/nanofiltration\/"]}]},{"@type":"BreadcrumbList","@id":"https:\/\/ionexchangeglobal.com\/int\/de\/nanofiltration\/#breadcrumb","itemListElement":[{"@type":"ListItem","position":1,"name":"Home","item":"https:\/\/ionexchangeglobal.com\/int\/pt\/pagina-inicial\/"},{"@type":"ListItem","position":2,"name":"Nanofiltration"}]},{"@type":"WebSite","@id":"https:\/\/ionexchangeglobal.com\/int\/#website","url":"https:\/\/ionexchangeglobal.com\/int\/","name":"Ion Exchange","description":"Refreshing the Planet","publisher":{"@id":"https:\/\/ionexchangeglobal.com\/int\/#organization"},"potentialAction":[{"@type":"SearchAction","target":{"@type":"EntryPoint","urlTemplate":"https:\/\/ionexchangeglobal.com\/int\/?s={search_term_string}"},"query-input":"required name=search_term_string"}],"inLanguage":"en-US"},{"@type":"Organization","@id":"https:\/\/ionexchangeglobal.com\/int\/#organization","name":"Ion Exchange","url":"https:\/\/ionexchangeglobal.com\/int\/","logo":{"@type":"ImageObject","inLanguage":"en-US","@id":"https:\/\/ionexchangeglobal.com\/int\/#\/schema\/logo\/image\/","url":"http:\/\/localhost:8000\/app\/uploads\/2022\/05\/ion-logo-1.webp","contentUrl":"http:\/\/localhost:8000\/app\/uploads\/2022\/05\/ion-logo-1.webp","width":1,"height":1,"caption":"Ion Exchange"},"image":{"@id":"https:\/\/ionexchangeglobal.com\/int\/#\/schema\/logo\/image\/"},"sameAs":["https:\/\/www.facebook.com\/IONEXCHANGE","https:\/\/twitter.com\/IEI_Ltd","https:\/\/www.youtube.com\/channel\/UCqSuT-yd40I7RZ4p5UXuKbA\/videos"]}]}},"lang":"de","translations":{"de":37983,"ar":41889,"en":25672,"pt":36346,"fr":36954,"ru":39364,"ja":43070,"it":44232,"ko":47059,"zh":47411,"th":63308},"pll_sync_post":[],"_links":{"self":[{"href":"https:\/\/ionexchangeglobal.com\/int\/wp-json\/wp\/v2\/pages\/37983"}],"collection":[{"href":"https:\/\/ionexchangeglobal.com\/int\/wp-json\/wp\/v2\/pages"}],"about":[{"href":"https:\/\/ionexchangeglobal.com\/int\/wp-json\/wp\/v2\/types\/page"}],"author":[{"embeddable":true,"href":"https:\/\/ionexchangeglobal.com\/int\/wp-json\/wp\/v2\/users\/4"}],"replies":[{"embeddable":true,"href":"https:\/\/ionexchangeglobal.com\/int\/wp-json\/wp\/v2\/comments?post=37983"}],"version-history":[{"count":1,"href":"https:\/\/ionexchangeglobal.com\/int\/wp-json\/wp\/v2\/pages\/37983\/revisions"}],"predecessor-version":[{"id":37990,"href":"https:\/\/ionexchangeglobal.com\/int\/wp-json\/wp\/v2\/pages\/37983\/revisions\/37990"}],"wp:featuredmedia":[{"embeddable":true,"href":"https:\/\/ionexchangeglobal.com\/int\/wp-json\/wp\/v2\/media\/63170"}],"wp:attachment":[{"href":"https:\/\/ionexchangeglobal.com\/int\/wp-json\/wp\/v2\/media?parent=37983"}],"curies":[{"name":"wp","href":"https:\/\/api.w.org\/{rel}","templated":true}]}}