{"id":37561,"date":"2022-04-27T12:28:12","date_gmt":"2022-04-27T12:28:12","guid":{"rendered":"https:\/\/stage.ionexchangeglobal.com\/?page_id=37561"},"modified":"2023-10-03T14:07:54","modified_gmt":"2023-10-03T08:37:54","slug":"sistema-de-lodo-activado","status":"publish","type":"page","link":"https:\/\/ionexchangeglobal.com\/int\/es\/sistema-de-lodo-activado\/","title":{"rendered":"Sistema de lodo activado"},"content":{"rendered":"\t\t<div data-elementor-type=\"wp-page\" data-elementor-id=\"37561\" data-post-id=\"37561\" data-obj-id=\"37561\" class=\"elementor elementor-37561 dce-elementor-post-37561\">\n\t\t\t\t\t\t<div class=\"elementor-inner\">\n\t\t\t\t<div class=\"elementor-section-wrap\">\n\t\t\t\t\t\t\t\t\t<section class=\"has_ma_el_bg_slider elementor-section elementor-top-section elementor-element elementor-element-1d20ef9 elementor-section-boxed elementor-section-height-default elementor-section-height-default jltma-glass-effect-no\" data-id=\"1d20ef9\" data-element_type=\"section\">\n\t\t\t\t\t\t<div class=\"elementor-container elementor-column-gap-default\">\n\t\t\t\t\t\t\t<div class=\"elementor-row\">\n\t\t\t\t\t<div class=\"has_ma_el_bg_slider elementor-column elementor-col-100 elementor-top-column elementor-element elementor-element-084f5c7 jltma-glass-effect-no\" data-id=\"084f5c7\" data-element_type=\"column\">\n\t\t\t<div class=\"elementor-column-wrap elementor-element-populated\">\n\t\t\t\t\t\t\t<div class=\"elementor-widget-wrap\">\n\t\t\t\t\t\t<section class=\"has_ma_el_bg_slider elementor-section elementor-inner-section elementor-element elementor-element-55d17c8 elementor-section-boxed elementor-section-height-default elementor-section-height-default jltma-glass-effect-no\" data-id=\"55d17c8\" data-element_type=\"section\">\n\t\t\t\t\t\t<div class=\"elementor-container elementor-column-gap-default\">\n\t\t\t\t\t\t\t<div class=\"elementor-row\">\n\t\t\t\t\t<div class=\"has_ma_el_bg_slider elementor-column elementor-col-100 elementor-inner-column elementor-element elementor-element-c07f433 jltma-glass-effect-no\" data-id=\"c07f433\" data-element_type=\"column\">\n\t\t\t<div class=\"elementor-column-wrap elementor-element-populated\">\n\t\t\t\t\t\t\t<div class=\"elementor-widget-wrap\">\n\t\t\t\t\t\t<div class=\"elementor-element elementor-element-dd84c29 jltma-glass-effect-no elementor-widget elementor-widget-heading\" data-id=\"dd84c29\" data-element_type=\"widget\" data-widget_type=\"heading.default\">\n\t\t\t\t<div class=\"elementor-widget-container\">\n\t\t\t<h2 class=\"elementor-heading-title elementor-size-default\"><span style=\"background-color: rgb(248, 249, 250); color: rgb(32, 33, 36); font-family: inherit; font-size: 28px; font-weight: 400; text-transform: none;\">PROCESO DE LODOS ACTIVADOS INDION<\/span><\/h2>\t\t<\/div>\n\t\t\t\t<\/div>\n\t\t\t\t<div class=\"elementor-element elementor-element-c8e2f5a jltma-glass-effect-no elementor-widget elementor-widget-text-editor\" data-id=\"c8e2f5a\" data-element_type=\"widget\" data-widget_type=\"text-editor.default\">\n\t\t\t\t<div class=\"elementor-widget-container\">\n\t\t\t\t\t\t\t\t<div class=\"elementor-text-editor elementor-clearfix\">\n\t\t\t\t<pre id=\"tw-target-text\" class=\"tw-data-text tw-text-large tw-ta\" dir=\"ltr\" style=\"unicode-bidi: isolate; font-size: 28px; line-height: 36px; background-color: #f8f9fa; border: none; padding: 2px 0.14em 2px 0px; position: relative; margin-top: -2px; margin-bottom: -2px; resize: none; font-family: inherit; overflow: hidden; width: 270px; text-wrap: wrap; overflow-wrap: break-word; color: #202124;\" data-placeholder=\"Translation\" data-ved=\"2ahUKEwifxM-brNmBAxXhXGwGHcGaC04Q3ewLegQICRAQ\"><span class=\"Y2IQFc\" lang=\"es\">El proceso de lodos activados implica un tanque de aireaci\u00f3n con microorganismos en suspensi\u00f3n (MLSS) que degradan la materia org\u00e1nica presente en el efluente. El MLSS se sedimenta a\u00fan m\u00e1s en un clarificador secundario y el lodo sedimentado se recircula nuevamente en el tanque de aireaci\u00f3n para mantener el MLSS. El aire\/ox\u00edgeno se suministra mediante un sistema de aireaci\u00f3n superficial o difuso. El tiempo de retenci\u00f3n hidr\u00e1ulica (HRT) es de alrededor de 6 a 7 horas y el tiempo de retenci\u00f3n de lodos (SRT) es de entre 8 y 15 d\u00edas.<\/span><\/pre>\t\t\t\t\t<\/div>\n\t\t\t\t\t\t<\/div>\n\t\t\t\t<\/div>\n\t\t\t\t<div class=\"elementor-element elementor-element-793cc0d dce_masking-none jltma-glass-effect-no elementor-widget elementor-widget-image\" data-id=\"793cc0d\" data-element_type=\"widget\" data-widget_type=\"image.default\">\n\t\t\t\t<div class=\"elementor-widget-container\">\n\t\t\t\t\t\t\t\t<div class=\"elementor-image\">\n\t\t\t\t\t\t\t\t\t\t\t\t<img decoding=\"async\" width=\"391\" height=\"453\" src=\"https:\/\/ionexchangeglobal.com\/int\/wp-content\/uploads\/2022\/04\/activated-sludge-process.jpg\" class=\"attachment-large size-large wp-image-25091\" alt=\"\" srcset=\"https:\/\/ionexchangeglobal.com\/int\/wp-content\/uploads\/2022\/04\/activated-sludge-process.jpg 391w, https:\/\/ionexchangeglobal.com\/int\/wp-content\/uploads\/2022\/04\/activated-sludge-process-259x300.jpg 259w\" sizes=\"(max-width: 391px) 100vw, 391px\" loading=\"lazy\" \/>\t\t\t\t\t\t\t\t\t\t\t\t\t\t<\/div>\n\t\t\t\t\t\t<\/div>\n\t\t\t\t<\/div>\n\t\t\t\t\t\t<\/div>\n\t\t\t\t\t<\/div>\n\t\t<\/div>\n\t\t\t\t\t\t\t\t<\/div>\n\t\t\t\t\t<\/div>\n\t\t<\/section>\n\t\t\t\t<section class=\"has_ma_el_bg_slider elementor-section elementor-inner-section elementor-element elementor-element-4b71913 elementor-section-boxed elementor-section-height-default elementor-section-height-default jltma-glass-effect-no\" data-id=\"4b71913\" data-element_type=\"section\">\n\t\t\t\t\t\t<div class=\"elementor-container elementor-column-gap-default\">\n\t\t\t\t\t\t\t<div class=\"elementor-row\">\n\t\t\t\t\t<div class=\"has_ma_el_bg_slider elementor-column elementor-col-100 elementor-inner-column elementor-element elementor-element-ff97ea7 jltma-glass-effect-no\" data-id=\"ff97ea7\" data-element_type=\"column\">\n\t\t\t<div class=\"elementor-column-wrap elementor-element-populated\">\n\t\t\t\t\t\t\t<div class=\"elementor-widget-wrap\">\n\t\t\t\t\t\t<div class=\"elementor-element elementor-element-08bc597 jltma-glass-effect-no elementor-widget elementor-widget-heading\" data-id=\"08bc597\" data-element_type=\"widget\" data-widget_type=\"heading.default\">\n\t\t\t\t<div class=\"elementor-widget-container\">\n\t\t\t<h2 class=\"elementor-heading-title elementor-size-default\"><span style=\"background-color: rgb(248, 249, 250); color: rgb(32, 33, 36); font-family: inherit; font-size: 28px; font-weight: 400; text-transform: none;\">AIREACI\u00d3N EXTENDIDA INDION<\/span><\/h2>\t\t<\/div>\n\t\t\t\t<\/div>\n\t\t\t\t<div class=\"elementor-element elementor-element-9e4362d jltma-glass-effect-no elementor-widget elementor-widget-text-editor\" data-id=\"9e4362d\" data-element_type=\"widget\" data-widget_type=\"text-editor.default\">\n\t\t\t\t<div class=\"elementor-widget-container\">\n\t\t\t\t\t\t\t\t<div class=\"elementor-text-editor elementor-clearfix\">\n\t\t\t\t<p>\u00a0<\/p>\n<p><img decoding=\"async\" class=\"aligncenter wp-image-25097 size-full\" src=\"https:\/\/ion.showdigital.in\/app\/uploads\/2022\/04\/activated-sludge-process-img.jpg\" alt=\"\" width=\"490\" height=\"242\" srcset=\"https:\/\/ionexchangeglobal.com\/int\/wp-content\/uploads\/2022\/04\/activated-sludge-process-img.jpg 490w, https:\/\/ionexchangeglobal.com\/int\/wp-content\/uploads\/2022\/04\/activated-sludge-process-img-300x148.jpg 300w\" sizes=\"(max-width: 490px) 100vw, 490px\" loading=\"lazy\" \/><\/p>\n<pre id=\"tw-target-text\" class=\"tw-data-text tw-text-large tw-ta\" dir=\"ltr\" style=\"unicode-bidi: isolate; font-size: 28px; line-height: 36px; background-color: #f8f9fa; border: none; padding: 2px 0.14em 2px 0px; position: relative; margin-top: -2px; margin-bottom: -2px; resize: none; font-family: inherit; overflow: hidden; width: 270px; text-wrap: wrap; overflow-wrap: break-word; color: #202124;\" data-placeholder=\"Translation\" data-ved=\"2ahUKEwifxM-brNmBAxXhXGwGHcGaC04Q3ewLegQICRAQ\"><span class=\"Y2IQFc\" lang=\"es\">La aireaci\u00f3n extendida es similar al proceso de lodos activados, excepto que incluye HRT (8 \u2013 10 horas) y SRT (20 \u2013 25 d\u00edas) m\u00e1s altos en comparaci\u00f3n con el proceso de lodos activados y, por lo tanto, produce lodos altamente estabilizados.\n\nReacci\u00f3n:\n\n\n\n\n\nSe utilizar\u00e1 un sistema de aireaci\u00f3n difusa para proporcionar el ox\u00edgeno deseado a los microorganismos, que tambi\u00e9n sirve para mantener el contenido del reactor en un r\u00e9gimen completamente mezclado y un nivel de ox\u00edgeno disuelto (OD) de 2 ppm.<\/span><\/pre>\t\t\t\t\t<\/div>\n\t\t\t\t\t\t<\/div>\n\t\t\t\t<\/div>\n\t\t\t\t\t\t<\/div>\n\t\t\t\t\t<\/div>\n\t\t<\/div>\n\t\t\t\t\t\t\t\t<\/div>\n\t\t\t\t\t<\/div>\n\t\t<\/section>\n\t\t\t\t\t\t<\/div>\n\t\t\t\t\t<\/div>\n\t\t<\/div>\n\t\t\t\t\t\t\t\t<\/div>\n\t\t\t\t\t<\/div>\n\t\t<\/section>\n\t\t\t\t<section class=\"has_ma_el_bg_slider elementor-section elementor-top-section elementor-element elementor-element-905a488 elementor-section-boxed elementor-section-height-default elementor-section-height-default jltma-glass-effect-no\" data-id=\"905a488\" data-element_type=\"section\">\n\t\t\t\t\t\t<div class=\"elementor-container elementor-column-gap-default\">\n\t\t\t\t\t\t\t<div class=\"elementor-row\">\n\t\t\t\t\t<div class=\"has_ma_el_bg_slider elementor-column elementor-col-100 elementor-top-column elementor-element elementor-element-3666758 jltma-glass-effect-no\" data-id=\"3666758\" data-element_type=\"column\">\n\t\t\t<div class=\"elementor-column-wrap elementor-element-populated\">\n\t\t\t\t\t\t\t<div class=\"elementor-widget-wrap\">\n\t\t\t\t\t\t<section class=\"has_ma_el_bg_slider elementor-section elementor-inner-section elementor-element elementor-element-08a4475 elementor-section-boxed elementor-section-height-default elementor-section-height-default jltma-glass-effect-no\" data-id=\"08a4475\" data-element_type=\"section\">\n\t\t\t\t\t\t<div class=\"elementor-container elementor-column-gap-default\">\n\t\t\t\t\t\t\t<div class=\"elementor-row\">\n\t\t\t\t\t<div class=\"has_ma_el_bg_slider elementor-column elementor-col-100 elementor-inner-column elementor-element elementor-element-b0c8931 jltma-glass-effect-no\" data-id=\"b0c8931\" data-element_type=\"column\">\n\t\t\t<div class=\"elementor-column-wrap elementor-element-populated\">\n\t\t\t\t\t\t\t<div class=\"elementor-widget-wrap\">\n\t\t\t\t\t\t<div class=\"elementor-element elementor-element-3a089b0 jltma-glass-effect-no elementor-widget elementor-widget-heading\" data-id=\"3a089b0\" data-element_type=\"widget\" data-widget_type=\"heading.default\">\n\t\t\t\t<div class=\"elementor-widget-container\">\n\t\t\t<h2 class=\"elementor-heading-title elementor-size-default\"><pre class=\"tw-data-text tw-text-large tw-ta\" data-placeholder=\"Translation\" id=\"tw-target-text\" data-ved=\"2ahUKEwifxM-brNmBAxXhXGwGHcGaC04Q3ewLegQICRAQ\" dir=\"ltr\" style=\"unicode-bidi: isolate; font-size: 28px; line-height: 36px; background-color: rgb(248, 249, 250); border: none; padding: 2px 0.14em 2px 0px; position: relative; margin-top: -2px; margin-bottom: -2px; resize: none; font-family: inherit; overflow: hidden; width: 270px; text-wrap: wrap; overflow-wrap: break-word; color: rgb(32, 33, 36); font-weight: 400; text-transform: none;\"><span class=\"Y2IQFc\" lang=\"es\">CLARIFICADOR SECUNDARIO INDION<\/span><\/pre><\/h2>\t\t<\/div>\n\t\t\t\t<\/div>\n\t\t\t\t<div class=\"elementor-element elementor-element-b796ee7 jltma-glass-effect-no elementor-widget elementor-widget-text-editor\" data-id=\"b796ee7\" data-element_type=\"widget\" data-widget_type=\"text-editor.default\">\n\t\t\t\t<div class=\"elementor-widget-container\">\n\t\t\t\t\t\t\t\t<div class=\"elementor-text-editor elementor-clearfix\">\n\t\t\t\t<p>The mixed liquor from aeration tank enters the central well of INDION Secondary clarifier for separation of sludge and liquid. At the end of the aeration period the wastewater and biological mass mixture (mixed liquor) flows in through outlet trough to the INDION Secondary clarifier. Here the suspended solids (MLSS) and liquid are separated by gravity. The separated solids are returned to the aeration tank as return sludge, while the liquid overflows over weir into clarified water tank for further treatment.\u00a0<\/p><p><img decoding=\"async\" class=\"aligncenter wp-image-25101 size-full\" src=\"https:\/\/ion.showdigital.in\/app\/uploads\/2022\/04\/INDION-SECONDARY-CLARIFIER.jpg\" alt=\"\" width=\"503\" height=\"226\" srcset=\"https:\/\/ionexchangeglobal.com\/int\/wp-content\/uploads\/2022\/04\/INDION-SECONDARY-CLARIFIER.jpg 503w, https:\/\/ionexchangeglobal.com\/int\/wp-content\/uploads\/2022\/04\/INDION-SECONDARY-CLARIFIER-300x135.jpg 300w\" sizes=\"(max-width: 503px) 100vw, 503px\" loading=\"lazy\" \/><\/p>\t\t\t\t\t<\/div>\n\t\t\t\t\t\t<\/div>\n\t\t\t\t<\/div>\n\t\t\t\t\t\t<\/div>\n\t\t\t\t\t<\/div>\n\t\t<\/div>\n\t\t\t\t\t\t\t\t<\/div>\n\t\t\t\t\t<\/div>\n\t\t<\/section>\n\t\t\t\t\t\t<\/div>\n\t\t\t\t\t<\/div>\n\t\t<\/div>\n\t\t\t\t\t\t\t\t<\/div>\n\t\t\t\t\t<\/div>\n\t\t<\/section>\n\t\t\t\t<section class=\"has_ma_el_bg_slider elementor-section elementor-top-section elementor-element elementor-element-a755607 elementor-section-boxed elementor-section-height-default elementor-section-height-default jltma-glass-effect-no\" data-id=\"a755607\" data-element_type=\"section\">\n\t\t\t\t\t\t<div class=\"elementor-container elementor-column-gap-default\">\n\t\t\t\t\t\t\t<div class=\"elementor-row\">\n\t\t\t\t\t<div class=\"has_ma_el_bg_slider elementor-column elementor-col-100 elementor-top-column elementor-element elementor-element-6c9b3f3 jltma-glass-effect-no\" data-id=\"6c9b3f3\" data-element_type=\"column\">\n\t\t\t<div class=\"elementor-column-wrap elementor-element-populated\">\n\t\t\t\t\t\t\t<div class=\"elementor-widget-wrap\">\n\t\t\t\t\t\t<div class=\"elementor-element elementor-element-fdff70e jltma-glass-effect-no elementor-widget elementor-widget-text-editor\" data-id=\"fdff70e\" data-element_type=\"widget\" data-widget_type=\"text-editor.default\">\n\t\t\t\t<div class=\"elementor-widget-container\">\n\t\t\t\t\t\t\t\t<div class=\"elementor-text-editor elementor-clearfix\">\n\t\t\t\t<pre class=\"tw-data-text tw-text-large tw-ta\" data-placeholder=\"Translation\" id=\"tw-target-text\" data-ved=\"2ahUKEwifxM-brNmBAxXhXGwGHcGaC04Q3ewLegQICRAQ\" dir=\"ltr\" style=\"unicode-bidi: isolate; font-size: 28px; line-height: 36px; background-color: rgb(248, 249, 250); border: none; padding: 2px 0.14em 2px 0px; position: relative; margin-top: -2px; margin-bottom: -2px; resize: none; font-family: inherit; overflow: hidden; width: 270px; text-wrap: wrap; overflow-wrap: break-word; color: rgb(32, 33, 36);\"><span class=\"Y2IQFc\" lang=\"es\">Lorem ipsum dolor sit amet, consectetur adipiscing elit. Ut elit tellus, luctus nec ullamcorper mattis, pulvinar dapibus leo.<\/span><\/pre>\t\t\t\t\t<\/div>\n\t\t\t\t\t\t<\/div>\n\t\t\t\t<\/div>\n\t\t\t\t\t\t<\/div>\n\t\t\t\t\t<\/div>\n\t\t<\/div>\n\t\t\t\t\t\t\t\t<\/div>\n\t\t\t\t\t<\/div>\n\t\t<\/section>\n\t\t\t\t\t\t\t\t\t<\/div>\n\t\t\t<\/div>\n\t\t\t\t\t<\/div>\n\t\t","protected":false},"excerpt":{"rendered":"<p>PROCESO DE LODOS ACTIVADOS INDION El proceso de lodos activados implica un tanque de aireaci\u00f3n con microorganismos en suspensi\u00f3n (MLSS) que degradan la materia org\u00e1nica presente en el efluente. El MLSS se sedimenta a\u00fan m\u00e1s en un clarificador secundario y el lodo sedimentado se recircula nuevamente en el tanque de aireaci\u00f3n para mantener el MLSS.&hellip;<\/p>\n","protected":false},"author":4,"featured_media":23689,"parent":0,"menu_order":0,"comment_status":"closed","ping_status":"closed","template":"elementor_header_footer","meta":{"inline_featured_image":false},"yoast_head":"<!-- This site is optimized with the Yoast SEO plugin v20.12 - https:\/\/yoast.com\/wordpress\/plugins\/seo\/ -->\n<title>Sistema de lodo activado - Ion Exchange<\/title>\n<meta name=\"robots\" content=\"index, follow, max-snippet:-1, max-image-preview:large, max-video-preview:-1\" \/>\n<link rel=\"canonical\" href=\"https:\/\/ionexchangeglobal.com\/int\/es\/sistema-de-lodo-activado\/\" \/>\n<meta property=\"og:locale\" content=\"en_US\" \/>\n<meta property=\"og:type\" content=\"article\" \/>\n<meta property=\"og:title\" content=\"Sistema de lodo activado - Ion Exchange\" \/>\n<meta property=\"og:description\" content=\"PROCESO DE LODOS ACTIVADOS INDION El proceso de lodos activados implica un tanque de aireaci\u00f3n con microorganismos en suspensi\u00f3n (MLSS) que degradan la materia org\u00e1nica presente en el efluente. El MLSS se sedimenta a\u00fan m\u00e1s en un clarificador secundario y el lodo sedimentado se recircula nuevamente en el tanque de aireaci\u00f3n para mantener el MLSS.&hellip;\" \/>\n<meta property=\"og:url\" content=\"https:\/\/ionexchangeglobal.com\/int\/es\/sistema-de-lodo-activado\/\" \/>\n<meta property=\"og:site_name\" content=\"Ion Exchange\" \/>\n<meta property=\"article:publisher\" content=\"https:\/\/www.facebook.com\/IONEXCHANGE\" \/>\n<meta property=\"article:modified_time\" content=\"2023-10-03T08:37:54+00:00\" \/>\n<meta property=\"og:image\" content=\"https:\/\/ionexchangeglobal.com\/int\/wp-content\/uploads\/2022\/04\/waste-water-treatment-banner.jpg\" \/>\n\t<meta property=\"og:image:width\" content=\"1920\" \/>\n\t<meta property=\"og:image:height\" content=\"689\" \/>\n\t<meta property=\"og:image:type\" content=\"image\/jpeg\" \/>\n<meta name=\"twitter:card\" content=\"summary_large_image\" \/>\n<meta name=\"twitter:site\" content=\"@IEI_Ltd\" \/>\n<meta name=\"twitter:label1\" content=\"Est. reading time\" \/>\n\t<meta name=\"twitter:data1\" content=\"1 minute\" \/>\n<script type=\"application\/ld+json\" class=\"yoast-schema-graph\">{\"@context\":\"https:\/\/schema.org\",\"@graph\":[{\"@type\":\"WebPage\",\"@id\":\"https:\/\/ionexchangeglobal.com\/int\/es\/sistema-de-lodo-activado\/\",\"url\":\"https:\/\/ionexchangeglobal.com\/int\/es\/sistema-de-lodo-activado\/\",\"name\":\"Sistema de lodo activado - Ion Exchange\",\"isPartOf\":{\"@id\":\"https:\/\/ionexchangeglobal.com\/int\/#website\"},\"datePublished\":\"2022-04-27T12:28:12+00:00\",\"dateModified\":\"2023-10-03T08:37:54+00:00\",\"breadcrumb\":{\"@id\":\"https:\/\/ionexchangeglobal.com\/int\/es\/sistema-de-lodo-activado\/#breadcrumb\"},\"inLanguage\":\"en-US\",\"potentialAction\":[{\"@type\":\"ReadAction\",\"target\":[\"https:\/\/ionexchangeglobal.com\/int\/es\/sistema-de-lodo-activado\/\"]}]},{\"@type\":\"BreadcrumbList\",\"@id\":\"https:\/\/ionexchangeglobal.com\/int\/es\/sistema-de-lodo-activado\/#breadcrumb\",\"itemListElement\":[{\"@type\":\"ListItem\",\"position\":1,\"name\":\"Home\",\"item\":\"https:\/\/ionexchangeglobal.com\/int\/pt\/pagina-inicial\/\"},{\"@type\":\"ListItem\",\"position\":2,\"name\":\"Sistema de lodo activado\"}]},{\"@type\":\"WebSite\",\"@id\":\"https:\/\/ionexchangeglobal.com\/int\/#website\",\"url\":\"https:\/\/ionexchangeglobal.com\/int\/\",\"name\":\"Ion Exchange\",\"description\":\"Refreshing the Planet\",\"publisher\":{\"@id\":\"https:\/\/ionexchangeglobal.com\/int\/#organization\"},\"potentialAction\":[{\"@type\":\"SearchAction\",\"target\":{\"@type\":\"EntryPoint\",\"urlTemplate\":\"https:\/\/ionexchangeglobal.com\/int\/?s={search_term_string}\"},\"query-input\":\"required name=search_term_string\"}],\"inLanguage\":\"en-US\"},{\"@type\":\"Organization\",\"@id\":\"https:\/\/ionexchangeglobal.com\/int\/#organization\",\"name\":\"Ion Exchange\",\"url\":\"https:\/\/ionexchangeglobal.com\/int\/\",\"logo\":{\"@type\":\"ImageObject\",\"inLanguage\":\"en-US\",\"@id\":\"https:\/\/ionexchangeglobal.com\/int\/#\/schema\/logo\/image\/\",\"url\":\"http:\/\/localhost:8000\/app\/uploads\/2022\/05\/ion-logo-1.webp\",\"contentUrl\":\"http:\/\/localhost:8000\/app\/uploads\/2022\/05\/ion-logo-1.webp\",\"width\":1,\"height\":1,\"caption\":\"Ion Exchange\"},\"image\":{\"@id\":\"https:\/\/ionexchangeglobal.com\/int\/#\/schema\/logo\/image\/\"},\"sameAs\":[\"https:\/\/www.facebook.com\/IONEXCHANGE\",\"https:\/\/twitter.com\/IEI_Ltd\",\"https:\/\/www.youtube.com\/channel\/UCqSuT-yd40I7RZ4p5UXuKbA\/videos\"]}]}<\/script>\n<!-- \/ Yoast SEO plugin. -->","yoast_head_json":{"title":"Sistema de lodo activado - Ion Exchange","robots":{"index":"index","follow":"follow","max-snippet":"max-snippet:-1","max-image-preview":"max-image-preview:large","max-video-preview":"max-video-preview:-1"},"canonical":"https:\/\/ionexchangeglobal.com\/int\/es\/sistema-de-lodo-activado\/","og_locale":"en_US","og_type":"article","og_title":"Sistema de lodo activado - Ion Exchange","og_description":"PROCESO DE LODOS ACTIVADOS INDION El proceso de lodos activados implica un tanque de aireaci\u00f3n con microorganismos en suspensi\u00f3n (MLSS) que degradan la materia org\u00e1nica presente en el efluente. El MLSS se sedimenta a\u00fan m\u00e1s en un clarificador secundario y el lodo sedimentado se recircula nuevamente en el tanque de aireaci\u00f3n para mantener el MLSS.&hellip;","og_url":"https:\/\/ionexchangeglobal.com\/int\/es\/sistema-de-lodo-activado\/","og_site_name":"Ion Exchange","article_publisher":"https:\/\/www.facebook.com\/IONEXCHANGE","article_modified_time":"2023-10-03T08:37:54+00:00","og_image":[{"width":1920,"height":689,"url":"https:\/\/ionexchangeglobal.com\/int\/wp-content\/uploads\/2022\/04\/waste-water-treatment-banner.jpg","type":"image\/jpeg"}],"twitter_card":"summary_large_image","twitter_site":"@IEI_Ltd","twitter_misc":{"Est. reading time":"1 minute"},"schema":{"@context":"https:\/\/schema.org","@graph":[{"@type":"WebPage","@id":"https:\/\/ionexchangeglobal.com\/int\/es\/sistema-de-lodo-activado\/","url":"https:\/\/ionexchangeglobal.com\/int\/es\/sistema-de-lodo-activado\/","name":"Sistema de lodo activado - Ion Exchange","isPartOf":{"@id":"https:\/\/ionexchangeglobal.com\/int\/#website"},"datePublished":"2022-04-27T12:28:12+00:00","dateModified":"2023-10-03T08:37:54+00:00","breadcrumb":{"@id":"https:\/\/ionexchangeglobal.com\/int\/es\/sistema-de-lodo-activado\/#breadcrumb"},"inLanguage":"en-US","potentialAction":[{"@type":"ReadAction","target":["https:\/\/ionexchangeglobal.com\/int\/es\/sistema-de-lodo-activado\/"]}]},{"@type":"BreadcrumbList","@id":"https:\/\/ionexchangeglobal.com\/int\/es\/sistema-de-lodo-activado\/#breadcrumb","itemListElement":[{"@type":"ListItem","position":1,"name":"Home","item":"https:\/\/ionexchangeglobal.com\/int\/pt\/pagina-inicial\/"},{"@type":"ListItem","position":2,"name":"Sistema de lodo activado"}]},{"@type":"WebSite","@id":"https:\/\/ionexchangeglobal.com\/int\/#website","url":"https:\/\/ionexchangeglobal.com\/int\/","name":"Ion Exchange","description":"Refreshing the Planet","publisher":{"@id":"https:\/\/ionexchangeglobal.com\/int\/#organization"},"potentialAction":[{"@type":"SearchAction","target":{"@type":"EntryPoint","urlTemplate":"https:\/\/ionexchangeglobal.com\/int\/?s={search_term_string}"},"query-input":"required name=search_term_string"}],"inLanguage":"en-US"},{"@type":"Organization","@id":"https:\/\/ionexchangeglobal.com\/int\/#organization","name":"Ion Exchange","url":"https:\/\/ionexchangeglobal.com\/int\/","logo":{"@type":"ImageObject","inLanguage":"en-US","@id":"https:\/\/ionexchangeglobal.com\/int\/#\/schema\/logo\/image\/","url":"http:\/\/localhost:8000\/app\/uploads\/2022\/05\/ion-logo-1.webp","contentUrl":"http:\/\/localhost:8000\/app\/uploads\/2022\/05\/ion-logo-1.webp","width":1,"height":1,"caption":"Ion Exchange"},"image":{"@id":"https:\/\/ionexchangeglobal.com\/int\/#\/schema\/logo\/image\/"},"sameAs":["https:\/\/www.facebook.com\/IONEXCHANGE","https:\/\/twitter.com\/IEI_Ltd","https:\/\/www.youtube.com\/channel\/UCqSuT-yd40I7RZ4p5UXuKbA\/videos"]}]}},"lang":"es","translations":{"es":37561},"pll_sync_post":[],"_links":{"self":[{"href":"https:\/\/ionexchangeglobal.com\/int\/wp-json\/wp\/v2\/pages\/37561"}],"collection":[{"href":"https:\/\/ionexchangeglobal.com\/int\/wp-json\/wp\/v2\/pages"}],"about":[{"href":"https:\/\/ionexchangeglobal.com\/int\/wp-json\/wp\/v2\/types\/page"}],"author":[{"embeddable":true,"href":"https:\/\/ionexchangeglobal.com\/int\/wp-json\/wp\/v2\/users\/4"}],"replies":[{"embeddable":true,"href":"https:\/\/ionexchangeglobal.com\/int\/wp-json\/wp\/v2\/comments?post=37561"}],"version-history":[{"count":1,"href":"https:\/\/ionexchangeglobal.com\/int\/wp-json\/wp\/v2\/pages\/37561\/revisions"}],"predecessor-version":[{"id":37565,"href":"https:\/\/ionexchangeglobal.com\/int\/wp-json\/wp\/v2\/pages\/37561\/revisions\/37565"}],"wp:featuredmedia":[{"embeddable":true,"href":"https:\/\/ionexchangeglobal.com\/int\/wp-json\/wp\/v2\/media\/23689"}],"wp:attachment":[{"href":"https:\/\/ionexchangeglobal.com\/int\/wp-json\/wp\/v2\/media?parent=37561"}],"curies":[{"name":"wp","href":"https:\/\/api.w.org\/{rel}","templated":true}]}}