{"id":37241,"date":"2021-09-07T07:50:24","date_gmt":"2021-09-07T07:50:24","guid":{"rendered":"https:\/\/stage.ionexchangeglobal.com\/?page_id=37241"},"modified":"2023-12-21T19:21:57","modified_gmt":"2023-12-21T13:51:57","slug":"communautes","status":"publish","type":"page","link":"https:\/\/ionexchangeglobal.com\/int\/fr\/les-segments-du-marche\/communautes\/","title":{"rendered":"Communaut\u00e9s"},"content":{"rendered":"\t\t<div data-elementor-type=\"wp-page\" data-elementor-id=\"37241\" data-post-id=\"37241\" data-obj-id=\"37241\" class=\"elementor elementor-37241 dce-elementor-post-37241\">\n\t\t\t\t\t\t<div class=\"elementor-inner\">\n\t\t\t\t<div class=\"elementor-section-wrap\">\n\t\t\t\t\t\t\t\t\t<section class=\"has_ma_el_bg_slider elementor-section elementor-top-section elementor-element elementor-element-092d104 elementor-section-boxed elementor-section-height-default elementor-section-height-default jltma-glass-effect-no\" data-id=\"092d104\" data-element_type=\"section\">\n\t\t\t\t\t\t<div class=\"elementor-container elementor-column-gap-default\">\n\t\t\t\t\t\t\t<div class=\"elementor-row\">\n\t\t\t\t\t<div class=\"has_ma_el_bg_slider elementor-column elementor-col-100 elementor-top-column elementor-element elementor-element-aeda852 jltma-glass-effect-no\" data-id=\"aeda852\" data-element_type=\"column\">\n\t\t\t<div class=\"elementor-column-wrap elementor-element-populated\">\n\t\t\t\t\t\t\t<div class=\"elementor-widget-wrap\">\n\t\t\t\t\t\t<div class=\"elementor-element elementor-element-31596b2 jltma-glass-effect-no elementor-widget elementor-widget-heading\" data-id=\"31596b2\" data-element_type=\"widget\" data-widget_type=\"heading.default\">\n\t\t\t\t<div class=\"elementor-widget-container\">\n\t\t\t<h2 class=\"elementor-heading-title elementor-size-default\">Solution unique pour les communaut\u00e9s et les municipalit\u00e9s<\/h2>\t\t<\/div>\n\t\t\t\t<\/div>\n\t\t\t\t<div class=\"elementor-element elementor-element-8362e03 jltma-glass-effect-no elementor-widget elementor-widget-text-editor\" data-id=\"8362e03\" data-element_type=\"widget\" data-widget_type=\"text-editor.default\">\n\t\t\t\t<div class=\"elementor-widget-container\">\n\t\t\t\t\t\t\t\t<div class=\"elementor-text-editor elementor-clearfix\">\n\t\t\t\t<p>Dans notre effort pour cr\u00e9er un environnement sain, nous contactons les municipalit\u00e9s, les services d&#8217;ing\u00e9nierie de sant\u00e9 publique, les conseils d&#8217;approvisionnement en eau et d&#8217;assainissement, ainsi que les projets d&#8217;approvisionnement public en eau et d&#8217;assainissement couvrant les communaut\u00e9s urbaines et rurales. Nous fournissons \u00e9galement des syst\u00e8mes de point d&#8217;utilisation et d\u00e9centralis\u00e9s au niveau communautaire pour la purification de l&#8217;eau potable et le traitement\/recyclage des eaux us\u00e9es.<\/p><p>Notre large gamme de solutions pour le traitement des eaux de surface et souterraines \u00e9limine les polluants allant du simple limon aux contaminants tels que l&#8217;arsenic, le fluorure, le fer, les nitrates, les mati\u00e8res organiques et la salinit\u00e9. Tous nos projets concernant l&#8217;approvisionnement et la distribution d&#8217;eau, le traitement de l&#8217;eau potable, le traitement et l&#8217;\u00e9limination des eaux us\u00e9es, le dessalement de l&#8217;eau de mer, la gestion des d\u00e9chets solides et la valorisation \u00e9nerg\u00e9tique sont soutenus par un service d&#8217;exploitation et de maintenance pour des performances continues et optimales.<\/p>\t\t\t\t\t<\/div>\n\t\t\t\t\t\t<\/div>\n\t\t\t\t<\/div>\n\t\t\t\t\t\t<\/div>\n\t\t\t\t\t<\/div>\n\t\t<\/div>\n\t\t\t\t\t\t\t\t<\/div>\n\t\t\t\t\t<\/div>\n\t\t<\/section>\n\t\t\t\t<section class=\"has_ma_el_bg_slider elementor-section elementor-top-section elementor-element elementor-element-2b96e71 elementor-section-boxed elementor-section-height-default elementor-section-height-default jltma-glass-effect-no\" data-id=\"2b96e71\" data-element_type=\"section\">\n\t\t\t\t\t\t<div class=\"elementor-container elementor-column-gap-default\">\n\t\t\t\t\t\t\t<div class=\"elementor-row\">\n\t\t\t\t\t<div class=\"has_ma_el_bg_slider elementor-column elementor-col-100 elementor-top-column elementor-element elementor-element-d79d465 jltma-glass-effect-no\" data-id=\"d79d465\" data-element_type=\"column\">\n\t\t\t<div class=\"elementor-column-wrap elementor-element-populated\">\n\t\t\t\t\t\t\t<div class=\"elementor-widget-wrap\">\n\t\t\t\t\t\t<div class=\"elementor-element elementor-element-8bfc669 jltma-glass-effect-no elementor-widget elementor-widget-ucaddon_featuresection_service1\" data-id=\"8bfc669\" data-element_type=\"widget\" data-widget_type=\"ucaddon_featuresection_service1.default\">\n\t\t\t\t<div class=\"elementor-widget-container\">\n\t\t\t<!-- start Feature Section  Product Pages1 -->\n\t\t<link id='owl-carousel-css' href='https:\/\/ionexchangeglobal.com\/int\/wp-content\/plugins\/unlimited-elements-for-elementor\/assets_libraries\/owl-carousel\/assets\/owl.carousel.css' type='text\/css' rel='stylesheet' >\n\n\t\t\t<style type=\"text\/css\">\/* widget: Feature Section  Product Pages1 *\/\n\n.feature-section-custom .feature-style-two .background_overlay {\n  background-color: ;\n}\n.feature-section-product-custom .background_overlay {\n    background-color: rgb(255 255 255 \/ 95%);\n}\n.feature-section-product-custom .product-feature-slide-custom {\n   \/* background: rgba(0, 113, 179, 0.95);*\/\n    border-radius: 27px;\n  \tdisplay: flex;\n  align-items: center;\n  justify-content: center;\n  text-align:center;\n}\n.feature-style-two .feature-slide-icon-text:hover{\n  \n}\n.feature-section-product-custom .product-feature-slide-custom:hover {\n    background-color: #27B460;\n    border:1px solid #27B460;\n    border-radius: 27px;\n}\n.feature-section-product-custom .product-title-section span{\n  color:#000;\n}\n.feature-section-product-custom .product-title-section h2{\n  color:#000;\n}\n\n.feature-section-custom .owl-carousel .nav-btn{\n  height: 47px;\n  position: absolute;\n  width: 26px;\n  cursor: pointer;\n  top: 85px !important;\n}\n\n.owl-carousel .owl-prev.disabled,\n.owl-carousel .owl-next.disabled{\npointer-events: none;\nopacity: 0.2;\n}\n\n.owl-carousel .prev-slide{\n  left: -50px;\n  color:#5d5656;\n}\n\n.owl-carousel .next-slide{\n  right: -32px;\n  color:#5d5656;\n}\n\n.feature-section-custom .owl-carousel .prev-slide:hover{\n background-position: 0px -53px;\n}\n\n .feature-section-custom .owl-carousel .next-slide:hover{\nbackground-position: -24px -53px;\n}\n\n.feature-section-custom .feature-style-two .features-call-action:before {\n  background:none;\n}\n.feature-style-two .feature-slide-icon-text .feature-slide-icon{\n  opacity:0;\n}\n.feature-section.feature-style-two{\n  background-image:unset;\n  background-color:unset;\n}\n.feature-section-custom .section-title-left h2 {\n  font-size:30px;\n  font-family: 'Futura MD Bt';\n  text-transform: uppercase;\n}\n.feature-slide-icon-text.product-feature-slide-custom.text-center {\n\tmin-height: 272px;\n  background-size:cover;  \n  box-shadow: inset 0 0 0 2000px rgb(0 0 0 \/ 51%);\n}\n.feature-slide-icon-text.product-feature-slide-custom.text-center {\n\tmin-height: 272px;\n  background-size:cover;  \n  box-shadow: inset 0 0 0 2000px rgb(0 0 0 \/ 51%);\n}\n\n\n<\/style>\n\n\t\t\t<!-- Start of feature section -->\n\t<section id=\"feature\" class=\"feature-section feature-section-product-custom feature-section-custom feature-style-two position-relative\">\n\t\t<div class=\"background_overlay\"><\/div>\n\t\t<div class=\"container\">\n\t\t\t<div class=\"section-title-left product-title-section text-center\">\n\t\t\t\t<span class=\"title-tag\"><img decoding=\"async\" src=\"\/wp-content\/themes\/eltron\/assets\/icon\/icon5.svg\" alt=\"\" loading=\"lazy\"><\/span>\n\t\t\t\t<h2>Communaut\u00e9s<\/h2>\n\t\t\t<\/div>\n\t\t\t<!-- title -->\n\t\t\t<div class=\"features-content-two\">\n\t\t\t\t<div id=\"features-slide-id-custom-industry\" class=\"feature-slide-content\">\n\t\t\t\t\t<a href=\"https:\/\/ionexchangeglobal.com\/int\/fr\/les-segments-du-marche\/communautes\/urbain\/\" class=\"link\">\n  <div class=\"feature-slide-icon-text  product-feature-slide-custom text-center\" style=\"background: url('https:\/\/ionexchangeglobal.com\/int\/wp-content\/uploads\/2021\/09\/32-1.jpg') center center;\">\n\t<!--<div class=\"feature-slide-icon\">\n\t\t<img decoding=\"async\" src=\"https:\/\/ionexchangeglobal.com\/int\/wp-content\/uploads\/2021\/07\/cement.svg\" alt=\"\" loading=\"lazy\">\n\t<\/div>!-->\n\t<div class=\"feature-slide-text pera-content headline\">\n\t\t<h3>Urbain<\/h3>\n\t\t<p><\/p>\n  <\/div>\n<\/div>\n<\/a>\n\n<a href=\"https:\/\/ionexchangeglobal.com\/int\/fr\/les-segments-du-marche\/communautes\/rural\/\" class=\"link\">\n  <div class=\"feature-slide-icon-text  product-feature-slide-custom text-center\" style=\"background: url('https:\/\/ionexchangeglobal.com\/int\/wp-content\/uploads\/2021\/09\/Rural-image.png') center center;\">\n\t<!--<div class=\"feature-slide-icon\">\n\t\t<img decoding=\"async\" src=\"https:\/\/ionexchangeglobal.com\/int\/wp-content\/uploads\/2021\/07\/car-parts.svg\" alt=\"\" loading=\"lazy\">\n\t<\/div>!-->\n\t<div class=\"feature-slide-text pera-content headline\">\n\t\t<h3>Rurale<\/h3>\n\t\t<p><\/p>\n  <\/div>\n<\/div>\n<\/a>\n\n\n\t\t\t\t<\/div>\n\t\t\t<\/div>\n          \t\t\t<\/div>\n\t<\/section>\n<!-- End of feature section  -->\n\t\t\t<!-- end Feature Section  Product Pages1 -->\t\t<\/div>\n\t\t\t\t<\/div>\n\t\t\t\t\t\t<\/div>\n\t\t\t\t\t<\/div>\n\t\t<\/div>\n\t\t\t\t\t\t\t\t<\/div>\n\t\t\t\t\t<\/div>\n\t\t<\/section>\n\t\t\t\t\t\t\t\t\t<\/div>\n\t\t\t<\/div>\n\t\t\t\t\t<\/div>\n\t\t","protected":false},"excerpt":{"rendered":"<p>Solution unique pour les communaut\u00e9s et les municipalit\u00e9s Dans notre effort pour cr\u00e9er un environnement sain, nous contactons les municipalit\u00e9s, les services d&#8217;ing\u00e9nierie de sant\u00e9 publique, les conseils d&#8217;approvisionnement en eau et d&#8217;assainissement, ainsi que les projets d&#8217;approvisionnement public en eau et d&#8217;assainissement couvrant les communaut\u00e9s urbaines et rurales. Nous fournissons \u00e9galement des syst\u00e8mes de&hellip;<\/p>\n","protected":false},"author":4,"featured_media":26653,"parent":37222,"menu_order":0,"comment_status":"closed","ping_status":"closed","template":"elementor_header_footer","meta":{"inline_featured_image":false},"yoast_head":"<!-- This site is optimized with the Yoast SEO plugin v20.12 - https:\/\/yoast.com\/wordpress\/plugins\/seo\/ -->\n<title>Communaut\u00e9s - Ion Exchange<\/title>\n<meta name=\"robots\" content=\"index, follow, max-snippet:-1, max-image-preview:large, max-video-preview:-1\" \/>\n<link rel=\"canonical\" href=\"https:\/\/ionexchangeglobal.com\/int\/fr\/les-segments-du-marche\/communautes\/\" \/>\n<meta property=\"og:locale\" content=\"en_US\" \/>\n<meta property=\"og:type\" content=\"article\" \/>\n<meta property=\"og:title\" content=\"Communaut\u00e9s - Ion Exchange\" \/>\n<meta property=\"og:description\" content=\"Solution unique pour les communaut\u00e9s et les municipalit\u00e9s Dans notre effort pour cr\u00e9er un environnement sain, nous contactons les municipalit\u00e9s, les services d&#8217;ing\u00e9nierie de sant\u00e9 publique, les conseils d&#8217;approvisionnement en eau et d&#8217;assainissement, ainsi que les projets d&#8217;approvisionnement public en eau et d&#8217;assainissement couvrant les communaut\u00e9s urbaines et rurales. Nous fournissons \u00e9galement des syst\u00e8mes de&hellip;\" \/>\n<meta property=\"og:url\" content=\"https:\/\/ionexchangeglobal.com\/int\/fr\/les-segments-du-marche\/communautes\/\" \/>\n<meta property=\"og:site_name\" content=\"Ion Exchange\" \/>\n<meta property=\"article:publisher\" content=\"https:\/\/www.facebook.com\/IONEXCHANGE\" \/>\n<meta property=\"article:modified_time\" content=\"2023-12-21T13:51:57+00:00\" \/>\n<meta property=\"og:image\" content=\"https:\/\/ionexchangeglobal.com\/int\/wp-content\/uploads\/2022\/05\/Comunities-banner.webp\" \/>\n\t<meta property=\"og:image:width\" content=\"1\" \/>\n\t<meta property=\"og:image:height\" content=\"1\" \/>\n\t<meta property=\"og:image:type\" content=\"image\/webp\" \/>\n<meta name=\"twitter:card\" content=\"summary_large_image\" \/>\n<meta name=\"twitter:site\" content=\"@IEI_Ltd\" \/>\n<meta name=\"twitter:label1\" content=\"Est. reading time\" \/>\n\t<meta name=\"twitter:data1\" content=\"1 minute\" \/>\n<script type=\"application\/ld+json\" class=\"yoast-schema-graph\">{\"@context\":\"https:\/\/schema.org\",\"@graph\":[{\"@type\":\"WebPage\",\"@id\":\"https:\/\/ionexchangeglobal.com\/int\/fr\/les-segments-du-marche\/communautes\/\",\"url\":\"https:\/\/ionexchangeglobal.com\/int\/fr\/les-segments-du-marche\/communautes\/\",\"name\":\"Communaut\u00e9s - Ion Exchange\",\"isPartOf\":{\"@id\":\"https:\/\/ionexchangeglobal.com\/int\/#website\"},\"datePublished\":\"2021-09-07T07:50:24+00:00\",\"dateModified\":\"2023-12-21T13:51:57+00:00\",\"breadcrumb\":{\"@id\":\"https:\/\/ionexchangeglobal.com\/int\/fr\/les-segments-du-marche\/communautes\/#breadcrumb\"},\"inLanguage\":\"en-US\",\"potentialAction\":[{\"@type\":\"ReadAction\",\"target\":[\"https:\/\/ionexchangeglobal.com\/int\/fr\/les-segments-du-marche\/communautes\/\"]}]},{\"@type\":\"BreadcrumbList\",\"@id\":\"https:\/\/ionexchangeglobal.com\/int\/fr\/les-segments-du-marche\/communautes\/#breadcrumb\",\"itemListElement\":[{\"@type\":\"ListItem\",\"position\":1,\"name\":\"Home\",\"item\":\"https:\/\/ionexchangeglobal.com\/int\/pt\/pagina-inicial\/\"},{\"@type\":\"ListItem\",\"position\":2,\"name\":\"LES SEGMENTS DU MARCH\u00c9\",\"item\":\"https:\/\/ionexchangeglobal.com\/int\/fr\/les-segments-du-marche\/\"},{\"@type\":\"ListItem\",\"position\":3,\"name\":\"Communaut\u00e9s\"}]},{\"@type\":\"WebSite\",\"@id\":\"https:\/\/ionexchangeglobal.com\/int\/#website\",\"url\":\"https:\/\/ionexchangeglobal.com\/int\/\",\"name\":\"Ion Exchange\",\"description\":\"Refreshing the Planet\",\"publisher\":{\"@id\":\"https:\/\/ionexchangeglobal.com\/int\/#organization\"},\"potentialAction\":[{\"@type\":\"SearchAction\",\"target\":{\"@type\":\"EntryPoint\",\"urlTemplate\":\"https:\/\/ionexchangeglobal.com\/int\/?s={search_term_string}\"},\"query-input\":\"required name=search_term_string\"}],\"inLanguage\":\"en-US\"},{\"@type\":\"Organization\",\"@id\":\"https:\/\/ionexchangeglobal.com\/int\/#organization\",\"name\":\"Ion Exchange\",\"url\":\"https:\/\/ionexchangeglobal.com\/int\/\",\"logo\":{\"@type\":\"ImageObject\",\"inLanguage\":\"en-US\",\"@id\":\"https:\/\/ionexchangeglobal.com\/int\/#\/schema\/logo\/image\/\",\"url\":\"http:\/\/localhost:8000\/app\/uploads\/2022\/05\/ion-logo-1.webp\",\"contentUrl\":\"http:\/\/localhost:8000\/app\/uploads\/2022\/05\/ion-logo-1.webp\",\"width\":1,\"height\":1,\"caption\":\"Ion Exchange\"},\"image\":{\"@id\":\"https:\/\/ionexchangeglobal.com\/int\/#\/schema\/logo\/image\/\"},\"sameAs\":[\"https:\/\/www.facebook.com\/IONEXCHANGE\",\"https:\/\/twitter.com\/IEI_Ltd\",\"https:\/\/www.youtube.com\/channel\/UCqSuT-yd40I7RZ4p5UXuKbA\/videos\"]}]}<\/script>\n<!-- \/ Yoast SEO plugin. -->","yoast_head_json":{"title":"Communaut\u00e9s - Ion Exchange","robots":{"index":"index","follow":"follow","max-snippet":"max-snippet:-1","max-image-preview":"max-image-preview:large","max-video-preview":"max-video-preview:-1"},"canonical":"https:\/\/ionexchangeglobal.com\/int\/fr\/les-segments-du-marche\/communautes\/","og_locale":"en_US","og_type":"article","og_title":"Communaut\u00e9s - Ion Exchange","og_description":"Solution unique pour les communaut\u00e9s et les municipalit\u00e9s Dans notre effort pour cr\u00e9er un environnement sain, nous contactons les municipalit\u00e9s, les services d&#8217;ing\u00e9nierie de sant\u00e9 publique, les conseils d&#8217;approvisionnement en eau et d&#8217;assainissement, ainsi que les projets d&#8217;approvisionnement public en eau et d&#8217;assainissement couvrant les communaut\u00e9s urbaines et rurales. Nous fournissons \u00e9galement des syst\u00e8mes de&hellip;","og_url":"https:\/\/ionexchangeglobal.com\/int\/fr\/les-segments-du-marche\/communautes\/","og_site_name":"Ion Exchange","article_publisher":"https:\/\/www.facebook.com\/IONEXCHANGE","article_modified_time":"2023-12-21T13:51:57+00:00","og_image":[{"url":"https:\/\/ionexchangeglobal.com\/int\/wp-content\/uploads\/2022\/05\/Comunities-banner.webp","width":1,"height":1,"type":"image\/webp"}],"twitter_card":"summary_large_image","twitter_site":"@IEI_Ltd","twitter_misc":{"Est. reading time":"1 minute"},"schema":{"@context":"https:\/\/schema.org","@graph":[{"@type":"WebPage","@id":"https:\/\/ionexchangeglobal.com\/int\/fr\/les-segments-du-marche\/communautes\/","url":"https:\/\/ionexchangeglobal.com\/int\/fr\/les-segments-du-marche\/communautes\/","name":"Communaut\u00e9s - Ion Exchange","isPartOf":{"@id":"https:\/\/ionexchangeglobal.com\/int\/#website"},"datePublished":"2021-09-07T07:50:24+00:00","dateModified":"2023-12-21T13:51:57+00:00","breadcrumb":{"@id":"https:\/\/ionexchangeglobal.com\/int\/fr\/les-segments-du-marche\/communautes\/#breadcrumb"},"inLanguage":"en-US","potentialAction":[{"@type":"ReadAction","target":["https:\/\/ionexchangeglobal.com\/int\/fr\/les-segments-du-marche\/communautes\/"]}]},{"@type":"BreadcrumbList","@id":"https:\/\/ionexchangeglobal.com\/int\/fr\/les-segments-du-marche\/communautes\/#breadcrumb","itemListElement":[{"@type":"ListItem","position":1,"name":"Home","item":"https:\/\/ionexchangeglobal.com\/int\/pt\/pagina-inicial\/"},{"@type":"ListItem","position":2,"name":"LES SEGMENTS DU MARCH\u00c9","item":"https:\/\/ionexchangeglobal.com\/int\/fr\/les-segments-du-marche\/"},{"@type":"ListItem","position":3,"name":"Communaut\u00e9s"}]},{"@type":"WebSite","@id":"https:\/\/ionexchangeglobal.com\/int\/#website","url":"https:\/\/ionexchangeglobal.com\/int\/","name":"Ion Exchange","description":"Refreshing the Planet","publisher":{"@id":"https:\/\/ionexchangeglobal.com\/int\/#organization"},"potentialAction":[{"@type":"SearchAction","target":{"@type":"EntryPoint","urlTemplate":"https:\/\/ionexchangeglobal.com\/int\/?s={search_term_string}"},"query-input":"required name=search_term_string"}],"inLanguage":"en-US"},{"@type":"Organization","@id":"https:\/\/ionexchangeglobal.com\/int\/#organization","name":"Ion Exchange","url":"https:\/\/ionexchangeglobal.com\/int\/","logo":{"@type":"ImageObject","inLanguage":"en-US","@id":"https:\/\/ionexchangeglobal.com\/int\/#\/schema\/logo\/image\/","url":"http:\/\/localhost:8000\/app\/uploads\/2022\/05\/ion-logo-1.webp","contentUrl":"http:\/\/localhost:8000\/app\/uploads\/2022\/05\/ion-logo-1.webp","width":1,"height":1,"caption":"Ion Exchange"},"image":{"@id":"https:\/\/ionexchangeglobal.com\/int\/#\/schema\/logo\/image\/"},"sameAs":["https:\/\/www.facebook.com\/IONEXCHANGE","https:\/\/twitter.com\/IEI_Ltd","https:\/\/www.youtube.com\/channel\/UCqSuT-yd40I7RZ4p5UXuKbA\/videos"]}]}},"lang":"fr","translations":{"fr":37241,"en":11661,"pt":35501,"it":36263,"es":38716,"ru":39146,"zh":41669,"ko":41671,"ar":41676,"de":44516,"ja":46148},"pll_sync_post":[],"_links":{"self":[{"href":"https:\/\/ionexchangeglobal.com\/int\/wp-json\/wp\/v2\/pages\/37241"}],"collection":[{"href":"https:\/\/ionexchangeglobal.com\/int\/wp-json\/wp\/v2\/pages"}],"about":[{"href":"https:\/\/ionexchangeglobal.com\/int\/wp-json\/wp\/v2\/types\/page"}],"author":[{"embeddable":true,"href":"https:\/\/ionexchangeglobal.com\/int\/wp-json\/wp\/v2\/users\/4"}],"replies":[{"embeddable":true,"href":"https:\/\/ionexchangeglobal.com\/int\/wp-json\/wp\/v2\/comments?post=37241"}],"version-history":[{"count":13,"href":"https:\/\/ionexchangeglobal.com\/int\/wp-json\/wp\/v2\/pages\/37241\/revisions"}],"predecessor-version":[{"id":45485,"href":"https:\/\/ionexchangeglobal.com\/int\/wp-json\/wp\/v2\/pages\/37241\/revisions\/45485"}],"up":[{"embeddable":true,"href":"https:\/\/ionexchangeglobal.com\/int\/wp-json\/wp\/v2\/pages\/37222"}],"wp:featuredmedia":[{"embeddable":true,"href":"https:\/\/ionexchangeglobal.com\/int\/wp-json\/wp\/v2\/media\/26653"}],"wp:attachment":[{"href":"https:\/\/ionexchangeglobal.com\/int\/wp-json\/wp\/v2\/media?parent=37241"}],"curies":[{"name":"wp","href":"https:\/\/api.w.org\/{rel}","templated":true}]}}