{"id":37229,"date":"2021-09-07T09:00:47","date_gmt":"2021-09-07T09:00:47","guid":{"rendered":"https:\/\/stage.ionexchangeglobal.com\/?page_id=37229"},"modified":"2023-09-29T14:27:10","modified_gmt":"2023-09-29T08:57:10","slug":"maisons","status":"publish","type":"page","link":"https:\/\/ionexchangeglobal.com\/int\/fr\/les-segments-du-marche\/maisons\/","title":{"rendered":"Maisons"},"content":{"rendered":"\t\t<div data-elementor-type=\"wp-page\" data-elementor-id=\"37229\" data-post-id=\"37229\" data-obj-id=\"37229\" class=\"elementor elementor-37229 dce-elementor-post-37229\">\n\t\t\t\t\t\t<div class=\"elementor-inner\">\n\t\t\t\t<div class=\"elementor-section-wrap\">\n\t\t\t\t\t\t\t\t\t<section class=\"has_ma_el_bg_slider elementor-section elementor-top-section elementor-element elementor-element-092d104 elementor-section-boxed elementor-section-height-default elementor-section-height-default jltma-glass-effect-no\" data-id=\"092d104\" data-element_type=\"section\">\n\t\t\t\t\t\t<div class=\"elementor-container elementor-column-gap-default\">\n\t\t\t\t\t\t\t<div class=\"elementor-row\">\n\t\t\t\t\t<div class=\"has_ma_el_bg_slider elementor-column elementor-col-100 elementor-top-column elementor-element elementor-element-aeda852 jltma-glass-effect-no\" data-id=\"aeda852\" data-element_type=\"column\">\n\t\t\t<div class=\"elementor-column-wrap elementor-element-populated\">\n\t\t\t\t\t\t\t<div class=\"elementor-widget-wrap\">\n\t\t\t\t\t\t<div class=\"elementor-element elementor-element-31596b2 jltma-glass-effect-no elementor-widget elementor-widget-heading\" data-id=\"31596b2\" data-element_type=\"widget\" data-widget_type=\"heading.default\">\n\t\t\t\t<div class=\"elementor-widget-container\">\n\t\t\t<h2 class=\"elementor-heading-title elementor-size-default\">Solutions durables pour les maisons et les complexes r\u00e9sidentiels<\/h2>\t\t<\/div>\n\t\t\t\t<\/div>\n\t\t\t\t<div class=\"elementor-element elementor-element-8362e03 jltma-glass-effect-no elementor-widget elementor-widget-text-editor\" data-id=\"8362e03\" data-element_type=\"widget\" data-widget_type=\"text-editor.default\">\n\t\t\t\t<div class=\"elementor-widget-container\">\n\t\t\t\t\t\t\t\t<div class=\"elementor-text-editor elementor-clearfix\">\n\t\t\t\t<p>La gestion de l&#8217;eau est un d\u00e9fi majeur auquel sont confront\u00e9s les urbanistes, les constructeurs, les architectes, les habitations et les complexes r\u00e9sidentiels. La pollution croissante des sources d\u2019approvisionnement en eau, tant de surface que souterraine, a fait de la qualit\u00e9 de l\u2019eau, en particulier celle de la boisson, une pr\u00e9occupation majeure. En effet, la disponibilit\u00e9 et la qualit\u00e9 de l\u2019eau sont devenues un facteur d\u00e9terminant lors de l\u2019achat de toute propri\u00e9t\u00e9.<\/p><p>Notre gamme compl\u00e8te de technologies, de produits et de services nous permet de fournir des solutions compl\u00e8tes de gestion de l&#8217;eau et de l&#8217;environnement pour les maisons et les complexes r\u00e9sidentiels. Cela se traduit par une qualit\u00e9 d\u2019eau garantie pour chaque usage : boire, cuisiner, se baigner, lessive, climatisation, piscines, lavage de voiture et jardinage.<\/p><p>Pour traiter les d\u00e9chets solides de mani\u00e8re durable, nous proposons des solutions de valorisation \u00e9nerg\u00e9tique qui convertissent les d\u00e9chets solides (d\u00e9chets organiques de cuisine et boues d&#8217;\u00e9puration) en \u00e9nergie, en eau chaude et en engrais organique riche. Tout cela, soutenu par des services complets d\u2019exploitation et de maintenance, garantira que toute propri\u00e9t\u00e9 deviendra neutre en eau et en \u00e9nergie.<\/p>\t\t\t\t\t<\/div>\n\t\t\t\t\t\t<\/div>\n\t\t\t\t<\/div>\n\t\t\t\t<div class=\"elementor-element elementor-element-d0096ce dce_masking-none jltma-glass-effect-no elementor-widget elementor-widget-image\" data-id=\"d0096ce\" data-element_type=\"widget\" data-widget_type=\"image.default\">\n\t\t\t\t<div class=\"elementor-widget-container\">\n\t\t\t\t\t\t\t\t<div class=\"elementor-image\">\n\t\t\t\t\t\t\t\t\t\t\t\t<img decoding=\"async\" width=\"1024\" height=\"364\" src=\"https:\/\/ionexchangeglobal.com\/int\/wp-content\/uploads\/2022\/06\/ZB-Product-Range-Web-Banner-1024x364.jpg\" class=\"attachment-large size-large wp-image-28036\" alt=\"post water treatment services India\" srcset=\"https:\/\/ionexchangeglobal.com\/int\/wp-content\/uploads\/2022\/06\/ZB-Product-Range-Web-Banner-1024x364.jpg 1024w, https:\/\/ionexchangeglobal.com\/int\/wp-content\/uploads\/2022\/06\/ZB-Product-Range-Web-Banner-300x107.jpg 300w, https:\/\/ionexchangeglobal.com\/int\/wp-content\/uploads\/2022\/06\/ZB-Product-Range-Web-Banner-768x273.jpg 768w, https:\/\/ionexchangeglobal.com\/int\/wp-content\/uploads\/2022\/06\/ZB-Product-Range-Web-Banner-1600x568.jpg 1600w, https:\/\/ionexchangeglobal.com\/int\/wp-content\/uploads\/2022\/06\/ZB-Product-Range-Web-Banner-1536x546.jpg 1536w, https:\/\/ionexchangeglobal.com\/int\/wp-content\/uploads\/2022\/06\/ZB-Product-Range-Web-Banner-2048x727.jpg 2048w\" sizes=\"(max-width: 1024px) 100vw, 1024px\" loading=\"lazy\" \/>\t\t\t\t\t\t\t\t\t\t\t\t\t\t<\/div>\n\t\t\t\t\t\t<\/div>\n\t\t\t\t<\/div>\n\t\t\t\t\t\t<\/div>\n\t\t\t\t\t<\/div>\n\t\t<\/div>\n\t\t\t\t\t\t\t\t<\/div>\n\t\t\t\t\t<\/div>\n\t\t<\/section>\n\t\t\t\t<section class=\"has_ma_el_bg_slider elementor-section elementor-top-section elementor-element elementor-element-62e3354 text-left elementor-section-boxed elementor-section-height-default elementor-section-height-default jltma-glass-effect-no\" data-id=\"62e3354\" data-element_type=\"section\">\n\t\t\t\t\t\t<div class=\"elementor-container elementor-column-gap-default\">\n\t\t\t\t\t\t\t<div class=\"elementor-row\">\n\t\t\t\t\t<div class=\"has_ma_el_bg_slider elementor-column elementor-col-33 elementor-top-column elementor-element elementor-element-4ffb687 jltma-glass-effect-no\" data-id=\"4ffb687\" data-element_type=\"column\">\n\t\t\t<div class=\"elementor-column-wrap\">\n\t\t\t\t\t\t\t<div class=\"elementor-widget-wrap\">\n\t\t\t\t\t\t\t\t<\/div>\n\t\t\t\t\t<\/div>\n\t\t<\/div>\n\t\t\t\t<div class=\"has_ma_el_bg_slider elementor-column elementor-col-33 elementor-top-column elementor-element elementor-element-ef55e42 jltma-glass-effect-no\" data-id=\"ef55e42\" data-element_type=\"column\">\n\t\t\t<div class=\"elementor-column-wrap\">\n\t\t\t\t\t\t\t<div class=\"elementor-widget-wrap\">\n\t\t\t\t\t\t\t\t<\/div>\n\t\t\t\t\t<\/div>\n\t\t<\/div>\n\t\t\t\t<div class=\"has_ma_el_bg_slider elementor-column elementor-col-33 elementor-top-column elementor-element elementor-element-d3d3a37 jltma-glass-effect-no\" data-id=\"d3d3a37\" data-element_type=\"column\">\n\t\t\t<div class=\"elementor-column-wrap\">\n\t\t\t\t\t\t\t<div class=\"elementor-widget-wrap\">\n\t\t\t\t\t\t\t\t<\/div>\n\t\t\t\t\t<\/div>\n\t\t<\/div>\n\t\t\t\t\t\t\t\t<\/div>\n\t\t\t\t\t<\/div>\n\t\t<\/section>\n\t\t\t\t<section class=\"has_ma_el_bg_slider elementor-section elementor-top-section elementor-element elementor-element-4cafca5 elementor-section-boxed elementor-section-height-default elementor-section-height-default jltma-glass-effect-no\" data-id=\"4cafca5\" data-element_type=\"section\">\n\t\t\t\t\t\t<div class=\"elementor-container elementor-column-gap-default\">\n\t\t\t\t\t\t\t<div class=\"elementor-row\">\n\t\t\t\t\t<div class=\"has_ma_el_bg_slider elementor-column elementor-col-100 elementor-top-column elementor-element elementor-element-73196ac jltma-glass-effect-no\" data-id=\"73196ac\" data-element_type=\"column\">\n\t\t\t<div class=\"elementor-column-wrap elementor-element-populated\">\n\t\t\t\t\t\t\t<div class=\"elementor-widget-wrap\">\n\t\t\t\t\t\t<div data-dce-background-color=\"#009ADC\" class=\"elementor-element elementor-element-affcb52 elementor-align-center jltma-glass-effect-no elementor-widget elementor-widget-button\" data-id=\"affcb52\" data-element_type=\"widget\" data-widget_type=\"button.default\">\n\t\t\t\t<div class=\"elementor-widget-container\">\n\t\t\t\t\t<div class=\"elementor-button-wrapper\">\n\t\t\t<a class=\"elementor-button elementor-button-link elementor-size-lg elementor-animation-shrink\" href=\"https:\/\/www.zerobonline.com\/\" target=\"_blank\">\n\t\t\t\t\t\t<span class=\"elementor-button-content-wrapper\">\n\t\t\t\t\t\t<span class=\"elementor-button-icon elementor-align-icon-right\">\n\t\t\t\t<i aria-hidden=\"true\" class=\"icon icon-online-shopping-cart\"><\/i>\t\t\t<\/span>\n\t\t\t\t\t\t<span class=\"elementor-button-text\">VOIR TOUS LES PRODUITS<\/span>\n\t\t<\/span>\n\t\t\t\t\t<\/a>\n\t\t<\/div>\n\t\t\t\t<\/div>\n\t\t\t\t<\/div>\n\t\t\t\t\t\t<\/div>\n\t\t\t\t\t<\/div>\n\t\t<\/div>\n\t\t\t\t\t\t\t\t<\/div>\n\t\t\t\t\t<\/div>\n\t\t<\/section>\n\t\t\t\t\t\t\t\t\t<\/div>\n\t\t\t<\/div>\n\t\t\t\t\t<\/div>\n\t\t","protected":false},"excerpt":{"rendered":"<p>Solutions durables pour les maisons et les complexes r\u00e9sidentiels La gestion de l&#8217;eau est un d\u00e9fi majeur auquel sont confront\u00e9s les urbanistes, les constructeurs, les architectes, les habitations et les complexes r\u00e9sidentiels. La pollution croissante des sources d\u2019approvisionnement en eau, tant de surface que souterraine, a fait de la qualit\u00e9 de l\u2019eau, en particulier celle&hellip;<\/p>\n","protected":false},"author":4,"featured_media":11485,"parent":37222,"menu_order":0,"comment_status":"closed","ping_status":"closed","template":"elementor_header_footer","meta":{"inline_featured_image":false},"yoast_head":"<!-- This site is optimized with the Yoast SEO plugin v20.12 - https:\/\/yoast.com\/wordpress\/plugins\/seo\/ -->\n<title>Maisons - Ion Exchange<\/title>\n<meta name=\"robots\" content=\"index, follow, max-snippet:-1, max-image-preview:large, max-video-preview:-1\" \/>\n<link rel=\"canonical\" href=\"https:\/\/ionexchangeglobal.com\/int\/fr\/les-segments-du-marche\/maisons\/\" \/>\n<meta property=\"og:locale\" content=\"en_US\" \/>\n<meta property=\"og:type\" content=\"article\" \/>\n<meta property=\"og:title\" content=\"Maisons - Ion Exchange\" \/>\n<meta property=\"og:description\" content=\"Solutions durables pour les maisons et les complexes r\u00e9sidentiels La gestion de l&#8217;eau est un d\u00e9fi majeur auquel sont confront\u00e9s les urbanistes, les constructeurs, les architectes, les habitations et les complexes r\u00e9sidentiels. La pollution croissante des sources d\u2019approvisionnement en eau, tant de surface que souterraine, a fait de la qualit\u00e9 de l\u2019eau, en particulier celle&hellip;\" \/>\n<meta property=\"og:url\" content=\"https:\/\/ionexchangeglobal.com\/int\/fr\/les-segments-du-marche\/maisons\/\" \/>\n<meta property=\"og:site_name\" content=\"Ion Exchange\" \/>\n<meta property=\"article:publisher\" content=\"https:\/\/www.facebook.com\/IONEXCHANGE\" \/>\n<meta property=\"article:modified_time\" content=\"2023-09-29T08:57:10+00:00\" \/>\n<meta property=\"og:image\" content=\"https:\/\/ionexchangeglobal.com\/int\/wp-content\/uploads\/2021\/09\/homes.jpeg\" \/>\n\t<meta property=\"og:image:width\" content=\"898\" \/>\n\t<meta property=\"og:image:height\" content=\"600\" \/>\n\t<meta property=\"og:image:type\" content=\"image\/jpeg\" \/>\n<meta name=\"twitter:card\" content=\"summary_large_image\" \/>\n<meta name=\"twitter:site\" content=\"@IEI_Ltd\" \/>\n<meta name=\"twitter:label1\" content=\"Est. reading time\" \/>\n\t<meta name=\"twitter:data1\" content=\"1 minute\" \/>\n<script type=\"application\/ld+json\" class=\"yoast-schema-graph\">{\"@context\":\"https:\/\/schema.org\",\"@graph\":[{\"@type\":\"WebPage\",\"@id\":\"https:\/\/ionexchangeglobal.com\/int\/fr\/les-segments-du-marche\/maisons\/\",\"url\":\"https:\/\/ionexchangeglobal.com\/int\/fr\/les-segments-du-marche\/maisons\/\",\"name\":\"Maisons - Ion Exchange\",\"isPartOf\":{\"@id\":\"https:\/\/ionexchangeglobal.com\/int\/#website\"},\"datePublished\":\"2021-09-07T09:00:47+00:00\",\"dateModified\":\"2023-09-29T08:57:10+00:00\",\"breadcrumb\":{\"@id\":\"https:\/\/ionexchangeglobal.com\/int\/fr\/les-segments-du-marche\/maisons\/#breadcrumb\"},\"inLanguage\":\"en-US\",\"potentialAction\":[{\"@type\":\"ReadAction\",\"target\":[\"https:\/\/ionexchangeglobal.com\/int\/fr\/les-segments-du-marche\/maisons\/\"]}]},{\"@type\":\"BreadcrumbList\",\"@id\":\"https:\/\/ionexchangeglobal.com\/int\/fr\/les-segments-du-marche\/maisons\/#breadcrumb\",\"itemListElement\":[{\"@type\":\"ListItem\",\"position\":1,\"name\":\"Home\",\"item\":\"https:\/\/ionexchangeglobal.com\/int\/pt\/pagina-inicial\/\"},{\"@type\":\"ListItem\",\"position\":2,\"name\":\"LES SEGMENTS DU MARCH\u00c9\",\"item\":\"https:\/\/ionexchangeglobal.com\/int\/fr\/les-segments-du-marche\/\"},{\"@type\":\"ListItem\",\"position\":3,\"name\":\"Maisons\"}]},{\"@type\":\"WebSite\",\"@id\":\"https:\/\/ionexchangeglobal.com\/int\/#website\",\"url\":\"https:\/\/ionexchangeglobal.com\/int\/\",\"name\":\"Ion Exchange\",\"description\":\"Refreshing the Planet\",\"publisher\":{\"@id\":\"https:\/\/ionexchangeglobal.com\/int\/#organization\"},\"potentialAction\":[{\"@type\":\"SearchAction\",\"target\":{\"@type\":\"EntryPoint\",\"urlTemplate\":\"https:\/\/ionexchangeglobal.com\/int\/?s={search_term_string}\"},\"query-input\":\"required name=search_term_string\"}],\"inLanguage\":\"en-US\"},{\"@type\":\"Organization\",\"@id\":\"https:\/\/ionexchangeglobal.com\/int\/#organization\",\"name\":\"Ion Exchange\",\"url\":\"https:\/\/ionexchangeglobal.com\/int\/\",\"logo\":{\"@type\":\"ImageObject\",\"inLanguage\":\"en-US\",\"@id\":\"https:\/\/ionexchangeglobal.com\/int\/#\/schema\/logo\/image\/\",\"url\":\"http:\/\/localhost:8000\/app\/uploads\/2022\/05\/ion-logo-1.webp\",\"contentUrl\":\"http:\/\/localhost:8000\/app\/uploads\/2022\/05\/ion-logo-1.webp\",\"width\":1,\"height\":1,\"caption\":\"Ion Exchange\"},\"image\":{\"@id\":\"https:\/\/ionexchangeglobal.com\/int\/#\/schema\/logo\/image\/\"},\"sameAs\":[\"https:\/\/www.facebook.com\/IONEXCHANGE\",\"https:\/\/twitter.com\/IEI_Ltd\",\"https:\/\/www.youtube.com\/channel\/UCqSuT-yd40I7RZ4p5UXuKbA\/videos\"]}]}<\/script>\n<!-- \/ Yoast SEO plugin. -->","yoast_head_json":{"title":"Maisons - Ion Exchange","robots":{"index":"index","follow":"follow","max-snippet":"max-snippet:-1","max-image-preview":"max-image-preview:large","max-video-preview":"max-video-preview:-1"},"canonical":"https:\/\/ionexchangeglobal.com\/int\/fr\/les-segments-du-marche\/maisons\/","og_locale":"en_US","og_type":"article","og_title":"Maisons - Ion Exchange","og_description":"Solutions durables pour les maisons et les complexes r\u00e9sidentiels La gestion de l&#8217;eau est un d\u00e9fi majeur auquel sont confront\u00e9s les urbanistes, les constructeurs, les architectes, les habitations et les complexes r\u00e9sidentiels. La pollution croissante des sources d\u2019approvisionnement en eau, tant de surface que souterraine, a fait de la qualit\u00e9 de l\u2019eau, en particulier celle&hellip;","og_url":"https:\/\/ionexchangeglobal.com\/int\/fr\/les-segments-du-marche\/maisons\/","og_site_name":"Ion Exchange","article_publisher":"https:\/\/www.facebook.com\/IONEXCHANGE","article_modified_time":"2023-09-29T08:57:10+00:00","og_image":[{"width":898,"height":600,"url":"https:\/\/ionexchangeglobal.com\/int\/wp-content\/uploads\/2021\/09\/homes.jpeg","type":"image\/jpeg"}],"twitter_card":"summary_large_image","twitter_site":"@IEI_Ltd","twitter_misc":{"Est. reading time":"1 minute"},"schema":{"@context":"https:\/\/schema.org","@graph":[{"@type":"WebPage","@id":"https:\/\/ionexchangeglobal.com\/int\/fr\/les-segments-du-marche\/maisons\/","url":"https:\/\/ionexchangeglobal.com\/int\/fr\/les-segments-du-marche\/maisons\/","name":"Maisons - Ion Exchange","isPartOf":{"@id":"https:\/\/ionexchangeglobal.com\/int\/#website"},"datePublished":"2021-09-07T09:00:47+00:00","dateModified":"2023-09-29T08:57:10+00:00","breadcrumb":{"@id":"https:\/\/ionexchangeglobal.com\/int\/fr\/les-segments-du-marche\/maisons\/#breadcrumb"},"inLanguage":"en-US","potentialAction":[{"@type":"ReadAction","target":["https:\/\/ionexchangeglobal.com\/int\/fr\/les-segments-du-marche\/maisons\/"]}]},{"@type":"BreadcrumbList","@id":"https:\/\/ionexchangeglobal.com\/int\/fr\/les-segments-du-marche\/maisons\/#breadcrumb","itemListElement":[{"@type":"ListItem","position":1,"name":"Home","item":"https:\/\/ionexchangeglobal.com\/int\/pt\/pagina-inicial\/"},{"@type":"ListItem","position":2,"name":"LES SEGMENTS DU MARCH\u00c9","item":"https:\/\/ionexchangeglobal.com\/int\/fr\/les-segments-du-marche\/"},{"@type":"ListItem","position":3,"name":"Maisons"}]},{"@type":"WebSite","@id":"https:\/\/ionexchangeglobal.com\/int\/#website","url":"https:\/\/ionexchangeglobal.com\/int\/","name":"Ion Exchange","description":"Refreshing the Planet","publisher":{"@id":"https:\/\/ionexchangeglobal.com\/int\/#organization"},"potentialAction":[{"@type":"SearchAction","target":{"@type":"EntryPoint","urlTemplate":"https:\/\/ionexchangeglobal.com\/int\/?s={search_term_string}"},"query-input":"required name=search_term_string"}],"inLanguage":"en-US"},{"@type":"Organization","@id":"https:\/\/ionexchangeglobal.com\/int\/#organization","name":"Ion Exchange","url":"https:\/\/ionexchangeglobal.com\/int\/","logo":{"@type":"ImageObject","inLanguage":"en-US","@id":"https:\/\/ionexchangeglobal.com\/int\/#\/schema\/logo\/image\/","url":"http:\/\/localhost:8000\/app\/uploads\/2022\/05\/ion-logo-1.webp","contentUrl":"http:\/\/localhost:8000\/app\/uploads\/2022\/05\/ion-logo-1.webp","width":1,"height":1,"caption":"Ion Exchange"},"image":{"@id":"https:\/\/ionexchangeglobal.com\/int\/#\/schema\/logo\/image\/"},"sameAs":["https:\/\/www.facebook.com\/IONEXCHANGE","https:\/\/twitter.com\/IEI_Ltd","https:\/\/www.youtube.com\/channel\/UCqSuT-yd40I7RZ4p5UXuKbA\/videos"]}]}},"lang":"fr","translations":{"fr":37229,"ko":41655,"en":11669,"pt":36253,"es":38732,"ru":39163,"ar":41661,"de":44515,"ja":46147,"zh":46604},"pll_sync_post":[],"_links":{"self":[{"href":"https:\/\/ionexchangeglobal.com\/int\/wp-json\/wp\/v2\/pages\/37229"}],"collection":[{"href":"https:\/\/ionexchangeglobal.com\/int\/wp-json\/wp\/v2\/pages"}],"about":[{"href":"https:\/\/ionexchangeglobal.com\/int\/wp-json\/wp\/v2\/types\/page"}],"author":[{"embeddable":true,"href":"https:\/\/ionexchangeglobal.com\/int\/wp-json\/wp\/v2\/users\/4"}],"replies":[{"embeddable":true,"href":"https:\/\/ionexchangeglobal.com\/int\/wp-json\/wp\/v2\/comments?post=37229"}],"version-history":[{"count":1,"href":"https:\/\/ionexchangeglobal.com\/int\/wp-json\/wp\/v2\/pages\/37229\/revisions"}],"predecessor-version":[{"id":37240,"href":"https:\/\/ionexchangeglobal.com\/int\/wp-json\/wp\/v2\/pages\/37229\/revisions\/37240"}],"up":[{"embeddable":true,"href":"https:\/\/ionexchangeglobal.com\/int\/wp-json\/wp\/v2\/pages\/37222"}],"wp:featuredmedia":[{"embeddable":true,"href":"https:\/\/ionexchangeglobal.com\/int\/wp-json\/wp\/v2\/media\/11485"}],"wp:attachment":[{"href":"https:\/\/ionexchangeglobal.com\/int\/wp-json\/wp\/v2\/media?parent=37229"}],"curies":[{"name":"wp","href":"https:\/\/api.w.org\/{rel}","templated":true}]}}