{"id":37206,"date":"2021-07-19T12:35:14","date_gmt":"2021-07-19T12:35:14","guid":{"rendered":"https:\/\/stage.ionexchangeglobal.com\/?page_id=37206"},"modified":"2023-12-21T19:09:23","modified_gmt":"2023-12-21T13:39:23","slug":"financement-de-projets","status":"publish","type":"page","link":"https:\/\/ionexchangeglobal.com\/int\/fr\/prestations-de-service\/financement-de-projets\/","title":{"rendered":"Financement de projets"},"content":{"rendered":"\t\t<div data-elementor-type=\"wp-page\" data-elementor-id=\"37206\" data-post-id=\"37206\" data-obj-id=\"37206\" class=\"elementor elementor-37206 dce-elementor-post-37206\">\n\t\t\t\t\t\t<div class=\"elementor-inner\">\n\t\t\t\t<div class=\"elementor-section-wrap\">\n\t\t\t\t\t\t\t\t\t<section class=\"has_ma_el_bg_slider elementor-section elementor-top-section elementor-element elementor-element-7537cc95 Product-inner-section-wrap elementor-section-boxed elementor-section-height-default elementor-section-height-default jltma-glass-effect-no\" data-id=\"7537cc95\" data-element_type=\"section\">\n\t\t\t\t\t\t<div class=\"elementor-container elementor-column-gap-default\">\n\t\t\t\t\t\t\t<div class=\"elementor-row\">\n\t\t\t\t\t<div class=\"has_ma_el_bg_slider elementor-column elementor-col-50 elementor-top-column elementor-element elementor-element-50a4d07d jltma-glass-effect-no\" data-id=\"50a4d07d\" data-element_type=\"column\">\n\t\t\t<div class=\"elementor-column-wrap elementor-element-populated\">\n\t\t\t\t\t\t\t<div class=\"elementor-widget-wrap\">\n\t\t\t\t\t\t<div class=\"elementor-element elementor-element-4dd42ae1 jltma-glass-effect-no elementor-widget elementor-widget-ucaddon_service_single_content_copy\" data-id=\"4dd42ae1\" data-element_type=\"widget\" data-widget_type=\"ucaddon_service_single_content_copy.default\">\n\t\t\t\t<div class=\"elementor-widget-container\">\n\t\t\t<!-- start Inner service single content -->\n\t\t<link id='unitegallery-css' href='https:\/\/ionexchangeglobal.com\/int\/wp-content\/plugins\/unlimited-elements-for-elementor\/assets_libraries\/unitegallery\/css\/unite-gallery.css' type='text\/css' rel='stylesheet' >\n\n\t\t\t<style type=\"text\/css\">\/* widget: Inner service single content *\/\n\n.service-subheader{\n text-transform: uppercase;\n font-size:30px;\n}\n\n.service-single-content {\n\tfont-family: \"Futura MD Bt\", serf;\n}\n\n<\/style>\n\n\t\t\t<div class=\"service-single-content\">\n\t\t<div class=\"service-details-img-pair\">\n\t\t<div class=\"row\">\n\t\t\t<div class=\"col-md-6\">\n\t\t\t\t<img decoding=\"async\" src=\"https:\/\/ionexchangeglobal.com\/int\/wp-content\/uploads\/2022\/01\/Service.jpeg\" alt=\"Service\" loading=\"lazy\">\n\t\t\t<\/div>\n\t\t\t<div class=\"col-md-6\">\n\t\t\t\t<img decoding=\"async\" src=\"https:\/\/ionexchangeglobal.com\/int\/wp-content\/uploads\/2022\/01\/Service-3.jpeg\" alt=\"Service 3\" loading=\"lazy\">\n\t\t\t<\/div>\n\t\t<\/div>\n\t<\/div>\n\t\t<h3 class=\"service-subheader mt-5\">Financement de projets<\/h3>\n\t\t<article>\n\t\tDans le cadre de notre mod\u00e8le BOO\/T, nous concevons, fournissons, mettons en service et exploitons le syst\u00e8me complet de traitement de l\u2019eau et des eaux us\u00e9es. Ce mod\u00e8le ne n\u00e9cessite aucun investissement en capital de la part des clients et offre une totale tranquillit\u00e9 d'esprit, Ion Exchange g\u00e9rant l'ensemble de l'exploitation et de la maintenance, l'approvisionnement, la gestion des stocks de pi\u00e8ces de rechange, de produits chimiques et de consommables.\n\t<\/article>\n\t\t\t<article>\n\t\t\n\t<\/article>\n  \t<div class=\"service-para1-banner-img mt-5\">\n\t\t<div class=\"row\">\n\t\t\t<div class=\"col-md-12\">\n\t\t\t\t<img decoding=\"async\" src=\"https:\/\/ionexchangeglobal.com\/int\/wp-content\/uploads\/2022\/01\/audit.jpg\" alt=\"audit\" loading=\"lazy\">\n\t\t\t<\/div>\n      \t<\/div>\n     <\/div> \n\t\t\t<h4 class=\"service-section2-heading mt-5\"><\/h4>\n\t<article><\/article>\n\t<div class=\"row\">\n\t\t<div class=\"col-lg-12\">\n\t\t\t<div class=\"service-details-list ul-li-block\">\n\t\t\t\t\n\t\t\t<\/div>\n\t\t<\/div>\n\t<\/div>\n\t<article>\n\t\t\n\t<\/article>\n\t\t\t<article>\n\t\t\n\t<\/article>\n<\/div>\n\t\t\t<!-- end Inner service single content -->\t\t<\/div>\n\t\t\t\t<\/div>\n\t\t\t\t\t\t<\/div>\n\t\t\t\t\t<\/div>\n\t\t<\/div>\n\t\t\t\t<div class=\"has_ma_el_bg_slider elementor-column elementor-col-50 elementor-top-column elementor-element elementor-element-257dd3d8 jltma-glass-effect-no\" data-id=\"257dd3d8\" data-element_type=\"column\">\n\t\t\t<div class=\"elementor-column-wrap elementor-element-populated\">\n\t\t\t\t\t\t\t<div class=\"elementor-widget-wrap\">\n\t\t\t\t\t\t<div class=\"elementor-element elementor-element-e138905 jltma-glass-effect-no elementor-widget elementor-widget-ucaddon_service_single_sidebar\" data-id=\"e138905\" data-element_type=\"widget\" data-widget_type=\"ucaddon_service_single_sidebar.default\">\n\t\t\t\t<div class=\"elementor-widget-container\">\n\t\t\t<!-- start Service single sidebar -->\n\t\t<link id='font-awesome-css' href='https:\/\/ionexchangeglobal.com\/int\/wp-content\/plugins\/unlimited-elements-for-elementor\/assets_libraries\/font-awesome5\/css\/fontawesome-all.min.css' type='text\/css' rel='stylesheet' >\n\t\t<link id='font-awesome-4-shim-css' href='https:\/\/ionexchangeglobal.com\/int\/wp-content\/plugins\/unlimited-elements-for-elementor\/assets_libraries\/font-awesome5\/css\/fontawesome-v4-shims.css' type='text\/css' rel='stylesheet' >\n\n\t\t\t<style type=\"text\/css\">\/* widget: Service single sidebar *\/\n\n.service-sidebar {\n\tfont-family: \"Futura MD Bt\", serif !important;\n}\n\n<\/style>\n\n\t\t\t<div class=\"service-sidebar\">\n\t\t<div class=\"service-sidebar-widget\">\n\t\t<div class=\"service-cat-widget ul-li-block\">\n\t\t\t<h3 class=\"widget-title\">Services que nous offrons<\/h3>\n\t\t\t<ul>\n              <li><a href=\"\/services\/exploitation-maintenance\">Op\u00e9rations et entretien<\/a><\/li>\n<li><a href=\"\/services\/r\u00e9adaptation-modification\/\">R\u00e9habilitation et modification<\/a><\/li>\n<li><a href=\"\/services\/consommables-pi\u00e8ces de rechange\/\">Consommables et pi\u00e8ces de rechange<\/a><\/li>\n<li><a href=\"\/services\/audits-conseil\/\">Audits et conseils<\/a><\/li>\n<li><a href=\"\/services\/syst\u00e8me-de-surveillance-\u00e0-distance\/\">Syst\u00e8me de surveillance \u00e0 distance<\/a><\/li>\n\n\t\t\t<\/ul>\n\t\t<\/div>\n\t<\/div>\n\t\t\t<div class=\"service-sidebar-widget\">\n\t\t<div class=\"help-widget pera-content\">\n\t\t\t<h3 class=\"service-widget-title\">Laissez nos experts vous aider, <br>Contactez-nous\u00a0:<br> <a href=\"tel:1800 4250 788\">1800 4250 788<\/a><\/h3>\n\t\t\t<span><br><img decoding=\"async\" src=\"\/app\/uploads\/2021\/10\/Service-logo-24X7-01.png\" width=200 loading=\"lazy\"><\/span>\n\t\t\t<div class=\"contact-text pera-content headline\">\n\t\t\t\t<p><i class=\"\"><\/i><strong><a href=\"\"><\/a> <br><\/strong>\n\t\t\t\t\t<a href=\"\"><\/a><\/p>\n\t\t\t<\/div>\n\t\t<\/div>\n\t<\/div>\n\t\t\t\t<div class=\"add-widget text-center pera-content position-relative\" data-background=\"https:\/\/ionexchangeglobal.com\/int\/wp-content\/uploads\/2020\/06\/bpp3.jpg\" style=\"background-image: url(https:\/\/ionexchangeglobal.com\/int\/wp-content\/uploads\/2020\/06\/bpp3.jpg);\">\n\t\t<div class=\"background_overlay\"><\/div>\n\t\t<h3>\u00c9crivez-nous pour toute demande compl\u00e9mentaire<\/h3>\n\t\t<p><\/p>\n\t\t<a href=\"\/contact-us\">contactez-nous <i class=\"fa fa-arrow-right\" aria-hidden=\"true\"><\/i> <!--<img decoding=\"async\" src=\"..\/..\/wp-content\/themes\/eltron\/assets\/img\/arrow3.png\" alt=\"arrow\" loading=\"lazy\">--><\/a>\n\t<\/div>\n\t<\/div>\n\t\t\t<!-- end Service single sidebar -->\t\t<\/div>\n\t\t\t\t<\/div>\n\t\t\t\t\t\t<\/div>\n\t\t\t\t\t<\/div>\n\t\t<\/div>\n\t\t\t\t\t\t\t\t<\/div>\n\t\t\t\t\t<\/div>\n\t\t<\/section>\n\t\t\t\t<section class=\"has_ma_el_bg_slider elementor-section elementor-top-section elementor-element elementor-element-45cf9a6 elementor-section-boxed elementor-section-height-default elementor-section-height-default jltma-glass-effect-no\" data-id=\"45cf9a6\" data-element_type=\"section\">\n\t\t\t\t\t\t<div class=\"elementor-container elementor-column-gap-default\">\n\t\t\t\t\t\t\t<div class=\"elementor-row\">\n\t\t\t\t\t<div class=\"has_ma_el_bg_slider elementor-column elementor-col-100 elementor-top-column elementor-element elementor-element-e3202c5 jltma-glass-effect-no\" data-dce-background-color=\"#205A90\" data-id=\"e3202c5\" data-element_type=\"column\" data-settings=\"{&quot;background_background&quot;:&quot;classic&quot;}\">\n\t\t\t<div class=\"elementor-column-wrap elementor-element-populated\">\n\t\t\t\t\t\t\t<div class=\"elementor-widget-wrap\">\n\t\t\t\t\t\t<section class=\"has_ma_el_bg_slider elementor-section elementor-inner-section elementor-element elementor-element-0601af4 elementor-section-boxed elementor-section-height-default elementor-section-height-default jltma-glass-effect-no\" data-id=\"0601af4\" data-element_type=\"section\">\n\t\t\t\t\t\t<div class=\"elementor-container elementor-column-gap-default\">\n\t\t\t\t\t\t\t<div class=\"elementor-row\">\n\t\t\t\t\t<div class=\"has_ma_el_bg_slider elementor-column elementor-col-25 elementor-inner-column elementor-element elementor-element-f71a0e2 jltma-glass-effect-no\" data-id=\"f71a0e2\" data-element_type=\"column\">\n\t\t\t<div class=\"elementor-column-wrap elementor-element-populated\">\n\t\t\t\t\t\t\t<div class=\"elementor-widget-wrap\">\n\t\t\t\t\t\t<div class=\"elementor-element elementor-element-863118e dce_masking-none jltma-glass-effect-no elementor-widget elementor-widget-image\" data-id=\"863118e\" data-element_type=\"widget\" data-widget_type=\"image.default\">\n\t\t\t\t<div class=\"elementor-widget-container\">\n\t\t\t\t\t\t\t\t<div class=\"elementor-image\">\n\t\t\t\t\t\t\t\t\t\t\t\t<img decoding=\"async\" width=\"338\" height=\"338\" src=\"https:\/\/ionexchangeglobal.com\/int\/wp-content\/uploads\/2021\/09\/call-support-full.jpg\" class=\"attachment-large size-large wp-image-12487\" alt=\"call-support-full\" srcset=\"https:\/\/ionexchangeglobal.com\/int\/wp-content\/uploads\/2021\/09\/call-support-full.jpg 338w, https:\/\/ionexchangeglobal.com\/int\/wp-content\/uploads\/2021\/09\/call-support-full-300x300.jpg 300w, https:\/\/ionexchangeglobal.com\/int\/wp-content\/uploads\/2021\/09\/call-support-full-150x150.jpg 150w\" sizes=\"(max-width: 338px) 100vw, 338px\" loading=\"lazy\" \/>\t\t\t\t\t\t\t\t\t\t\t\t\t\t<\/div>\n\t\t\t\t\t\t<\/div>\n\t\t\t\t<\/div>\n\t\t\t\t\t\t<\/div>\n\t\t\t\t\t<\/div>\n\t\t<\/div>\n\t\t\t\t<div class=\"has_ma_el_bg_slider elementor-column elementor-col-25 elementor-inner-column elementor-element elementor-element-4a89ac7 jltma-glass-effect-no\" data-id=\"4a89ac7\" data-element_type=\"column\">\n\t\t\t<div class=\"elementor-column-wrap elementor-element-populated\">\n\t\t\t\t\t\t\t<div class=\"elementor-widget-wrap\">\n\t\t\t\t\t\t<div class=\"elementor-element elementor-element-0205d19 jltma-glass-effect-no elementor-widget elementor-widget-text-editor\" data-id=\"0205d19\" data-element_type=\"widget\" data-widget_type=\"text-editor.default\">\n\t\t\t\t<div class=\"elementor-widget-container\">\n\t\t\t\t\t\t\t\t<div class=\"elementor-text-editor elementor-clearfix\">\n\t\t\t\t<p>Laissez nos experts vous aider,<\/p><p>Contactez-nous 1800 4250 788 (365 jours, de 9h \u00e0 21h)<\/p>\t\t\t\t\t<\/div>\n\t\t\t\t\t\t<\/div>\n\t\t\t\t<\/div>\n\t\t\t\t\t\t<\/div>\n\t\t\t\t\t<\/div>\n\t\t<\/div>\n\t\t\t\t<div class=\"has_ma_el_bg_slider elementor-column elementor-col-25 elementor-inner-column elementor-element elementor-element-b4a849f jltma-glass-effect-no\" data-id=\"b4a849f\" data-element_type=\"column\">\n\t\t\t<div class=\"elementor-column-wrap elementor-element-populated\">\n\t\t\t\t\t\t\t<div class=\"elementor-widget-wrap\">\n\t\t\t\t\t\t<div class=\"elementor-element elementor-element-f65f5e8 elementor-view-framed elementor-shape-square jltma-glass-effect-no elementor-widget elementor-widget-icon\" data-id=\"f65f5e8\" data-element_type=\"widget\" data-widget_type=\"icon.default\">\n\t\t\t\t<div class=\"elementor-widget-container\">\n\t\t\t\t\t<div class=\"elementor-icon-wrapper\">\n\t\t\t<a class=\"elementor-icon\" href=\"\">\n\t\t\t<i aria-hidden=\"true\" class=\"icon icon-phone1\"><\/i>\t\t\t<\/a>\n\t\t<\/div>\n\t\t\t\t<\/div>\n\t\t\t\t<\/div>\n\t\t\t\t\t\t<\/div>\n\t\t\t\t\t<\/div>\n\t\t<\/div>\n\t\t\t\t<div class=\"has_ma_el_bg_slider elementor-column elementor-col-25 elementor-inner-column elementor-element elementor-element-a4e0dfc jltma-glass-effect-no\" data-id=\"a4e0dfc\" data-element_type=\"column\">\n\t\t\t<div class=\"elementor-column-wrap elementor-element-populated\">\n\t\t\t\t\t\t\t<div class=\"elementor-widget-wrap\">\n\t\t\t\t\t\t<div data-dce-background-color=\"#205A90\" class=\"elementor-element elementor-element-e17f096 elementor-align-left elementor-mobile-align-center jltma-glass-effect-no elementor-widget elementor-widget-button\" data-id=\"e17f096\" data-element_type=\"widget\" data-widget_type=\"button.default\">\n\t\t\t\t<div class=\"elementor-widget-container\">\n\t\t\t\t\t<div class=\"elementor-button-wrapper\">\n\t\t\t<a class=\"elementor-button elementor-button-link elementor-size-sm\" href=\"\/Contactez-nous\">\n\t\t\t\t\t\t<span class=\"elementor-button-content-wrapper\">\n\t\t\t\t\t\t<span class=\"elementor-button-text\">Contactez-nous<\/span>\n\t\t<\/span>\n\t\t\t\t\t<\/a>\n\t\t<\/div>\n\t\t\t\t<\/div>\n\t\t\t\t<\/div>\n\t\t\t\t\t\t<\/div>\n\t\t\t\t\t<\/div>\n\t\t<\/div>\n\t\t\t\t\t\t\t\t<\/div>\n\t\t\t\t\t<\/div>\n\t\t<\/section>\n\t\t\t\t\t\t<\/div>\n\t\t\t\t\t<\/div>\n\t\t<\/div>\n\t\t\t\t\t\t\t\t<\/div>\n\t\t\t\t\t<\/div>\n\t\t<\/section>\n\t\t\t\t\t\t\t\t\t<\/div>\n\t\t\t<\/div>\n\t\t\t\t\t<\/div>\n\t\t","protected":false},"excerpt":{"rendered":"<p>Financement de projets Dans le cadre de notre mod\u00e8le BOO\/T, nous concevons, fournissons, mettons en service et exploitons le syst\u00e8me complet de traitement de l\u2019eau et des eaux us\u00e9es. Ce mod\u00e8le ne n\u00e9cessite aucun investissement en capital de la part des clients et offre une totale tranquillit\u00e9 d&#8217;esprit, Ion Exchange g\u00e9rant l&#8217;ensemble de l&#8217;exploitation et&hellip;<\/p>\n","protected":false},"author":4,"featured_media":60323,"parent":37186,"menu_order":0,"comment_status":"closed","ping_status":"closed","template":"elementor_header_footer","meta":{"inline_featured_image":false},"yoast_head":"<!-- This site is optimized with the Yoast SEO plugin v20.12 - https:\/\/yoast.com\/wordpress\/plugins\/seo\/ -->\n<title>Financement de projets - Ion Exchange<\/title>\n<meta name=\"robots\" content=\"index, follow, max-snippet:-1, max-image-preview:large, max-video-preview:-1\" \/>\n<link rel=\"canonical\" href=\"https:\/\/ionexchangeglobal.com\/int\/fr\/prestations-de-service\/financement-de-projets\/\" \/>\n<meta property=\"og:locale\" content=\"en_US\" \/>\n<meta property=\"og:type\" content=\"article\" \/>\n<meta property=\"og:title\" content=\"Financement de projets - Ion Exchange\" \/>\n<meta property=\"og:description\" content=\"Financement de projets Dans le cadre de notre mod\u00e8le BOO\/T, nous concevons, fournissons, mettons en service et exploitons le syst\u00e8me complet de traitement de l\u2019eau et des eaux us\u00e9es. Ce mod\u00e8le ne n\u00e9cessite aucun investissement en capital de la part des clients et offre une totale tranquillit\u00e9 d&#8217;esprit, Ion Exchange g\u00e9rant l&#8217;ensemble de l&#8217;exploitation et&hellip;\" \/>\n<meta property=\"og:url\" content=\"https:\/\/ionexchangeglobal.com\/int\/fr\/prestations-de-service\/financement-de-projets\/\" \/>\n<meta property=\"og:site_name\" content=\"Ion Exchange\" \/>\n<meta property=\"article:publisher\" content=\"https:\/\/www.facebook.com\/IONEXCHANGE\" \/>\n<meta property=\"article:modified_time\" content=\"2023-12-21T13:39:23+00:00\" \/>\n<meta property=\"og:image\" content=\"https:\/\/ionexchangeglobal.com\/int\/wp-content\/uploads\/2022\/05\/service-banner-img.webp\" \/>\n\t<meta property=\"og:image:width\" content=\"1\" \/>\n\t<meta property=\"og:image:height\" content=\"1\" \/>\n\t<meta property=\"og:image:type\" content=\"image\/webp\" \/>\n<meta name=\"twitter:card\" content=\"summary_large_image\" \/>\n<meta name=\"twitter:site\" content=\"@IEI_Ltd\" \/>\n<meta name=\"twitter:label1\" content=\"Est. reading time\" \/>\n\t<meta name=\"twitter:data1\" content=\"1 minute\" \/>\n<script type=\"application\/ld+json\" class=\"yoast-schema-graph\">{\"@context\":\"https:\/\/schema.org\",\"@graph\":[{\"@type\":\"WebPage\",\"@id\":\"https:\/\/ionexchangeglobal.com\/int\/fr\/prestations-de-service\/financement-de-projets\/\",\"url\":\"https:\/\/ionexchangeglobal.com\/int\/fr\/prestations-de-service\/financement-de-projets\/\",\"name\":\"Financement de projets - Ion Exchange\",\"isPartOf\":{\"@id\":\"https:\/\/ionexchangeglobal.com\/int\/#website\"},\"datePublished\":\"2021-07-19T12:35:14+00:00\",\"dateModified\":\"2023-12-21T13:39:23+00:00\",\"breadcrumb\":{\"@id\":\"https:\/\/ionexchangeglobal.com\/int\/fr\/prestations-de-service\/financement-de-projets\/#breadcrumb\"},\"inLanguage\":\"en-US\",\"potentialAction\":[{\"@type\":\"ReadAction\",\"target\":[\"https:\/\/ionexchangeglobal.com\/int\/fr\/prestations-de-service\/financement-de-projets\/\"]}]},{\"@type\":\"BreadcrumbList\",\"@id\":\"https:\/\/ionexchangeglobal.com\/int\/fr\/prestations-de-service\/financement-de-projets\/#breadcrumb\",\"itemListElement\":[{\"@type\":\"ListItem\",\"position\":1,\"name\":\"Home\",\"item\":\"https:\/\/ionexchangeglobal.com\/int\/pt\/pagina-inicial\/\"},{\"@type\":\"ListItem\",\"position\":2,\"name\":\"PRESTATIONS DE SERVICE\",\"item\":\"https:\/\/ionexchangeglobal.com\/int\/fr\/prestations-de-service\/\"},{\"@type\":\"ListItem\",\"position\":3,\"name\":\"Financement de projets\"}]},{\"@type\":\"WebSite\",\"@id\":\"https:\/\/ionexchangeglobal.com\/int\/#website\",\"url\":\"https:\/\/ionexchangeglobal.com\/int\/\",\"name\":\"Ion Exchange\",\"description\":\"Refreshing the Planet\",\"publisher\":{\"@id\":\"https:\/\/ionexchangeglobal.com\/int\/#organization\"},\"potentialAction\":[{\"@type\":\"SearchAction\",\"target\":{\"@type\":\"EntryPoint\",\"urlTemplate\":\"https:\/\/ionexchangeglobal.com\/int\/?s={search_term_string}\"},\"query-input\":\"required name=search_term_string\"}],\"inLanguage\":\"en-US\"},{\"@type\":\"Organization\",\"@id\":\"https:\/\/ionexchangeglobal.com\/int\/#organization\",\"name\":\"Ion Exchange\",\"url\":\"https:\/\/ionexchangeglobal.com\/int\/\",\"logo\":{\"@type\":\"ImageObject\",\"inLanguage\":\"en-US\",\"@id\":\"https:\/\/ionexchangeglobal.com\/int\/#\/schema\/logo\/image\/\",\"url\":\"http:\/\/localhost:8000\/app\/uploads\/2022\/05\/ion-logo-1.webp\",\"contentUrl\":\"http:\/\/localhost:8000\/app\/uploads\/2022\/05\/ion-logo-1.webp\",\"width\":1,\"height\":1,\"caption\":\"Ion Exchange\"},\"image\":{\"@id\":\"https:\/\/ionexchangeglobal.com\/int\/#\/schema\/logo\/image\/\"},\"sameAs\":[\"https:\/\/www.facebook.com\/IONEXCHANGE\",\"https:\/\/twitter.com\/IEI_Ltd\",\"https:\/\/www.youtube.com\/channel\/UCqSuT-yd40I7RZ4p5UXuKbA\/videos\"]}]}<\/script>\n<!-- \/ Yoast SEO plugin. -->","yoast_head_json":{"title":"Financement de projets - Ion Exchange","robots":{"index":"index","follow":"follow","max-snippet":"max-snippet:-1","max-image-preview":"max-image-preview:large","max-video-preview":"max-video-preview:-1"},"canonical":"https:\/\/ionexchangeglobal.com\/int\/fr\/prestations-de-service\/financement-de-projets\/","og_locale":"en_US","og_type":"article","og_title":"Financement de projets - Ion Exchange","og_description":"Financement de projets Dans le cadre de notre mod\u00e8le BOO\/T, nous concevons, fournissons, mettons en service et exploitons le syst\u00e8me complet de traitement de l\u2019eau et des eaux us\u00e9es. Ce mod\u00e8le ne n\u00e9cessite aucun investissement en capital de la part des clients et offre une totale tranquillit\u00e9 d&#8217;esprit, Ion Exchange g\u00e9rant l&#8217;ensemble de l&#8217;exploitation et&hellip;","og_url":"https:\/\/ionexchangeglobal.com\/int\/fr\/prestations-de-service\/financement-de-projets\/","og_site_name":"Ion Exchange","article_publisher":"https:\/\/www.facebook.com\/IONEXCHANGE","article_modified_time":"2023-12-21T13:39:23+00:00","og_image":[{"url":"https:\/\/ionexchangeglobal.com\/int\/wp-content\/uploads\/2022\/05\/service-banner-img.webp","width":1,"height":1,"type":"image\/webp"}],"twitter_card":"summary_large_image","twitter_site":"@IEI_Ltd","twitter_misc":{"Est. reading time":"1 minute"},"schema":{"@context":"https:\/\/schema.org","@graph":[{"@type":"WebPage","@id":"https:\/\/ionexchangeglobal.com\/int\/fr\/prestations-de-service\/financement-de-projets\/","url":"https:\/\/ionexchangeglobal.com\/int\/fr\/prestations-de-service\/financement-de-projets\/","name":"Financement de projets - Ion Exchange","isPartOf":{"@id":"https:\/\/ionexchangeglobal.com\/int\/#website"},"datePublished":"2021-07-19T12:35:14+00:00","dateModified":"2023-12-21T13:39:23+00:00","breadcrumb":{"@id":"https:\/\/ionexchangeglobal.com\/int\/fr\/prestations-de-service\/financement-de-projets\/#breadcrumb"},"inLanguage":"en-US","potentialAction":[{"@type":"ReadAction","target":["https:\/\/ionexchangeglobal.com\/int\/fr\/prestations-de-service\/financement-de-projets\/"]}]},{"@type":"BreadcrumbList","@id":"https:\/\/ionexchangeglobal.com\/int\/fr\/prestations-de-service\/financement-de-projets\/#breadcrumb","itemListElement":[{"@type":"ListItem","position":1,"name":"Home","item":"https:\/\/ionexchangeglobal.com\/int\/pt\/pagina-inicial\/"},{"@type":"ListItem","position":2,"name":"PRESTATIONS DE SERVICE","item":"https:\/\/ionexchangeglobal.com\/int\/fr\/prestations-de-service\/"},{"@type":"ListItem","position":3,"name":"Financement de projets"}]},{"@type":"WebSite","@id":"https:\/\/ionexchangeglobal.com\/int\/#website","url":"https:\/\/ionexchangeglobal.com\/int\/","name":"Ion Exchange","description":"Refreshing the Planet","publisher":{"@id":"https:\/\/ionexchangeglobal.com\/int\/#organization"},"potentialAction":[{"@type":"SearchAction","target":{"@type":"EntryPoint","urlTemplate":"https:\/\/ionexchangeglobal.com\/int\/?s={search_term_string}"},"query-input":"required name=search_term_string"}],"inLanguage":"en-US"},{"@type":"Organization","@id":"https:\/\/ionexchangeglobal.com\/int\/#organization","name":"Ion Exchange","url":"https:\/\/ionexchangeglobal.com\/int\/","logo":{"@type":"ImageObject","inLanguage":"en-US","@id":"https:\/\/ionexchangeglobal.com\/int\/#\/schema\/logo\/image\/","url":"http:\/\/localhost:8000\/app\/uploads\/2022\/05\/ion-logo-1.webp","contentUrl":"http:\/\/localhost:8000\/app\/uploads\/2022\/05\/ion-logo-1.webp","width":1,"height":1,"caption":"Ion Exchange"},"image":{"@id":"https:\/\/ionexchangeglobal.com\/int\/#\/schema\/logo\/image\/"},"sameAs":["https:\/\/www.facebook.com\/IONEXCHANGE","https:\/\/twitter.com\/IEI_Ltd","https:\/\/www.youtube.com\/channel\/UCqSuT-yd40I7RZ4p5UXuKbA\/videos"]}]}},"lang":"fr","translations":{"fr":37206,"pt":36217,"en":7410,"de":38564,"ru":39709,"ja":41179,"es":45223,"ko":46477,"zh":46588,"ar":46696,"th":60361},"pll_sync_post":[],"_links":{"self":[{"href":"https:\/\/ionexchangeglobal.com\/int\/wp-json\/wp\/v2\/pages\/37206"}],"collection":[{"href":"https:\/\/ionexchangeglobal.com\/int\/wp-json\/wp\/v2\/pages"}],"about":[{"href":"https:\/\/ionexchangeglobal.com\/int\/wp-json\/wp\/v2\/types\/page"}],"author":[{"embeddable":true,"href":"https:\/\/ionexchangeglobal.com\/int\/wp-json\/wp\/v2\/users\/4"}],"replies":[{"embeddable":true,"href":"https:\/\/ionexchangeglobal.com\/int\/wp-json\/wp\/v2\/comments?post=37206"}],"version-history":[{"count":7,"href":"https:\/\/ionexchangeglobal.com\/int\/wp-json\/wp\/v2\/pages\/37206\/revisions"}],"predecessor-version":[{"id":45478,"href":"https:\/\/ionexchangeglobal.com\/int\/wp-json\/wp\/v2\/pages\/37206\/revisions\/45478"}],"up":[{"embeddable":true,"href":"https:\/\/ionexchangeglobal.com\/int\/wp-json\/wp\/v2\/pages\/37186"}],"wp:featuredmedia":[{"embeddable":true,"href":"https:\/\/ionexchangeglobal.com\/int\/wp-json\/wp\/v2\/media\/60323"}],"wp:attachment":[{"href":"https:\/\/ionexchangeglobal.com\/int\/wp-json\/wp\/v2\/media?parent=37206"}],"curies":[{"name":"wp","href":"https:\/\/api.w.org\/{rel}","templated":true}]}}