{"id":37190,"date":"2021-07-19T12:30:42","date_gmt":"2021-07-19T12:30:42","guid":{"rendered":"https:\/\/stage.ionexchangeglobal.com\/?page_id=37190"},"modified":"2023-12-21T18:49:14","modified_gmt":"2023-12-21T13:19:14","slug":"rehabilitation-et-modification","status":"publish","type":"page","link":"https:\/\/ionexchangeglobal.com\/int\/fr\/prestations-de-service\/rehabilitation-et-modification\/","title":{"rendered":"R\u00e9habilitation et modification"},"content":{"rendered":"\t\t<div data-elementor-type=\"wp-page\" data-elementor-id=\"37190\" data-post-id=\"37190\" data-obj-id=\"37190\" class=\"elementor elementor-37190 dce-elementor-post-37190\">\n\t\t\t\t\t\t<div class=\"elementor-inner\">\n\t\t\t\t<div class=\"elementor-section-wrap\">\n\t\t\t\t\t\t\t\t\t<section class=\"has_ma_el_bg_slider elementor-section elementor-top-section elementor-element elementor-element-6afa28d Product-inner-section-wrap elementor-section-boxed elementor-section-height-default elementor-section-height-default jltma-glass-effect-no\" data-id=\"6afa28d\" data-element_type=\"section\">\n\t\t\t\t\t\t<div class=\"elementor-container elementor-column-gap-default\">\n\t\t\t\t\t\t\t<div class=\"elementor-row\">\n\t\t\t\t\t<div class=\"has_ma_el_bg_slider elementor-column elementor-col-50 elementor-top-column elementor-element elementor-element-6a2682ab jltma-glass-effect-no\" data-id=\"6a2682ab\" data-element_type=\"column\">\n\t\t\t<div class=\"elementor-column-wrap elementor-element-populated\">\n\t\t\t\t\t\t\t<div class=\"elementor-widget-wrap\">\n\t\t\t\t\t\t<div class=\"elementor-element elementor-element-5165b75d jltma-glass-effect-no elementor-widget elementor-widget-ucaddon_service_single_content_copy\" data-id=\"5165b75d\" data-element_type=\"widget\" data-widget_type=\"ucaddon_service_single_content_copy.default\">\n\t\t\t\t<div class=\"elementor-widget-container\">\n\t\t\t<!-- start Inner service single content -->\n\t\t<link id='unitegallery-css' href='https:\/\/ionexchangeglobal.com\/int\/wp-content\/plugins\/unlimited-elements-for-elementor\/assets_libraries\/unitegallery\/css\/unite-gallery.css' type='text\/css' rel='stylesheet' >\n\n\t\t\t<style type=\"text\/css\">\/* widget: Inner service single content *\/\n\n.service-subheader{\n text-transform: uppercase;\n font-size:30px;\n}\n\n.service-single-content {\n\tfont-family: \"Futura MD Bt\", serf;\n}\n\n<\/style>\n\n\t\t\t<div class=\"service-single-content\">\n\t\t<div class=\"service-details-img-pair\">\n\t\t<div class=\"row\">\n\t\t\t<div class=\"col-md-6\">\n\t\t\t\t<img decoding=\"async\" src=\"https:\/\/ionexchangeglobal.com\/int\/wp-content\/uploads\/2022\/01\/RECKITT-BENCKISER-OM-CC-1.jpg\" alt=\"RECKITT BENCKISER- O&amp;M- C&amp;C-1\" loading=\"lazy\">\n\t\t\t<\/div>\n\t\t\t<div class=\"col-md-6\">\n\t\t\t\t<img decoding=\"async\" src=\"https:\/\/ionexchangeglobal.com\/int\/wp-content\/uploads\/2022\/01\/RECKITT-BENCKISER-OM-CC-2.jpg\" alt=\"RECKITT BENCKISER- O&amp;M- C&amp;C-2\" loading=\"lazy\">\n\t\t\t<\/div>\n\t\t<\/div>\n\t<\/div>\n\t\t<h3 class=\"service-subheader mt-5\">R\u00e9habilitation et modification<\/h3>\n\t\t<article>\n\t\tChez Ion Exchange, nous comprenons les exigences de nos clients et offrons l\u2019avantage de repenser les syst\u00e8mes pour int\u00e9grer les progr\u00e8s techniques et r\u00e9pondre aux conditions et capacit\u00e9s modifi\u00e9es pour atteindre une meilleure efficacit\u00e9. Nous comprenons les exigences des clients, \u00e9tudions le plan de mise \u00e0 niveau et entreprenons les travaux sans entraver les op\u00e9rations en cours, \u00e9liminant ainsi les soucis d'expansion.\n\t<\/article>\n\t\t\t<article>\n\t\t<br\/><h5>Les r\u00e9\u00e9ducations couvrent\u00a0:<\/h5>\n<ul>\n<li>Fabrication<\/li>\n<li>Syst\u00e8me de collecte et de distribution am\u00e9lior\u00e9 pour un fonctionnement efficace<\/li>\n<li>Rev\u00eatement en caoutchouc des navires et des r\u00e9servoirs sur le site<\/li>\n<li>Remplacement de composants, cuves, tuyauteries, r\u00e9servoirs, etc.<\/li>\n<li>Automatisation pour de meilleurs contr\u00f4les, am\u00e9liorer l'efficacit\u00e9 du syst\u00e8me, r\u00e9duire les erreurs, les d\u00e9lais et les co\u00fbts d'exploitation.<\/li>\n\t<\/article>\n  \t<div class=\"service-para1-banner-img mt-5\">\n\t\t<div class=\"row\">\n\t\t\t<div class=\"col-md-12\">\n\t\t\t\t<img decoding=\"async\" src=\"https:\/\/ionexchangeglobal.com\/int\/wp-content\/uploads\/2022\/01\/Pretreatment-High-Rate-Solids-Contact-Clarifier-for-Rosa-Power-Reliance-Energy-Uttar-Pradesh.jpg\" alt=\"Pretreatment (High Rate Solids Contact Clarifier) for Rosa Power (Reliance Energy), Uttar Pradesh\" loading=\"lazy\">\n\t\t\t<\/div>\n      \t<\/div>\n     <\/div> \n\t\t\t<h4 class=\"service-section2-heading mt-5\"><\/h4>\n\t<article>Nous proposons \u00e9galement le service ELROT (Equipment Lease Run Operate Transfer) pour nos clients en r\u00e9adaptation. Le service ELROT est fourni sans aucune mise de fonds\/investissement de la part des clients. Nous mettons \u00e0 niveau, exploitons et entretenons les usines pour fournir en permanence des solutions rentables et hautement efficaces.<\/article>\n\t<div class=\"row\">\n\t\t<div class=\"col-lg-12\">\n\t\t\t<div class=\"service-details-list ul-li-block\">\n\t\t\t\t\n\t\t\t<\/div>\n\t\t<\/div>\n\t<\/div>\n\t<article>\n\t\t\n\t<\/article>\n\t\t\t<article>\n\t\t\n\t<\/article>\n<\/div>\n\t\t\t<!-- end Inner service single content -->\t\t<\/div>\n\t\t\t\t<\/div>\n\t\t\t\t\t\t<\/div>\n\t\t\t\t\t<\/div>\n\t\t<\/div>\n\t\t\t\t<div class=\"has_ma_el_bg_slider elementor-column elementor-col-50 elementor-top-column elementor-element elementor-element-1554421f jltma-glass-effect-no\" data-id=\"1554421f\" data-element_type=\"column\">\n\t\t\t<div class=\"elementor-column-wrap elementor-element-populated\">\n\t\t\t\t\t\t\t<div class=\"elementor-widget-wrap\">\n\t\t\t\t\t\t<div class=\"elementor-element elementor-element-fdeb804 jltma-glass-effect-no elementor-widget elementor-widget-ucaddon_service_single_sidebar\" data-id=\"fdeb804\" data-element_type=\"widget\" data-widget_type=\"ucaddon_service_single_sidebar.default\">\n\t\t\t\t<div class=\"elementor-widget-container\">\n\t\t\t<!-- start Service single sidebar -->\n\t\t<link id='font-awesome-css' href='https:\/\/ionexchangeglobal.com\/int\/wp-content\/plugins\/unlimited-elements-for-elementor\/assets_libraries\/font-awesome5\/css\/fontawesome-all.min.css' type='text\/css' rel='stylesheet' >\n\t\t<link id='font-awesome-4-shim-css' href='https:\/\/ionexchangeglobal.com\/int\/wp-content\/plugins\/unlimited-elements-for-elementor\/assets_libraries\/font-awesome5\/css\/fontawesome-v4-shims.css' type='text\/css' rel='stylesheet' >\n\n\t\t\t<style type=\"text\/css\">\/* widget: Service single sidebar *\/\n\n.service-sidebar {\n\tfont-family: \"Futura MD Bt\", serif !important;\n}\n\n<\/style>\n\n\t\t\t<div class=\"service-sidebar\">\n\t\t<div class=\"service-sidebar-widget\">\n\t\t<div class=\"service-cat-widget ul-li-block\">\n\t\t\t<h3 class=\"widget-title\">Services que nous offrons<\/h3>\n\t\t\t<ul>\n              <li><a href=\"\/services\/exploitation-maintenance\/\">Op\u00e9rations et entretien<\/a><\/li>\n<li><a href=\"\/services\/consommables-pi\u00e8ces de rechange\/\">Consommables et pi\u00e8ces de rechange<\/a><\/li>\n<li><a href=\"\/services\/audits-conseil\/\">Audits et conseils<\/a><\/li>\n<li><a href=\"\/services\/financement-de-projets\/\">Financement de projets<\/a><\/li>\n<li><a href=\"\/services\/syst\u00e8me-de-surveillance-\u00e0-distance\/\">Syst\u00e8me de surveillance \u00e0 distance<\/a><\/li>\n\n\t\t\t<\/ul>\n\t\t<\/div>\n\t<\/div>\n\t\t\t<div class=\"service-sidebar-widget\">\n\t\t<div class=\"help-widget pera-content\">\n\t\t\t<h3 class=\"service-widget-title\">Laissez nos experts vous aider, <br>Contactez-nous\u00a0:<br><a href=\"tel:1800 4250 788\">1800 4250 788<\/a><\/h3>\n\t\t\t<span><br><img decoding=\"async\" src=\"\/app\/uploads\/2021\/10\/Service-logo-24X7-01.png\" width=200 loading=\"lazy\"><\/span>\n\t\t\t<div class=\"contact-text pera-content headline\">\n\t\t\t\t<p><i class=\"\"><\/i><strong><a href=\"\"><\/a> <br><\/strong>\n\t\t\t\t\t<a href=\"\"><\/a><\/p>\n\t\t\t<\/div>\n\t\t<\/div>\n\t<\/div>\n\t\t\t\t<div class=\"add-widget text-center pera-content position-relative\" data-background=\"https:\/\/ionexchangeglobal.com\/int\/wp-content\/uploads\/2020\/06\/bpp3.jpg\" style=\"background-image: url(https:\/\/ionexchangeglobal.com\/int\/wp-content\/uploads\/2020\/06\/bpp3.jpg);\">\n\t\t<div class=\"background_overlay\"><\/div>\n\t\t<h3>\u00c9crivez-nous pour toute demande compl\u00e9mentaire<\/h3>\n\t\t<p><\/p>\n\t\t<a href=\"\/Contactez-nous\">contactez-nous <i class=\"fa fa-arrow-right\" aria-hidden=\"true\"><\/i> <!--<img decoding=\"async\" src=\"..\/..\/wp-content\/themes\/eltron\/assets\/img\/arrow3.png\" alt=\"arrow\" loading=\"lazy\">--><\/a>\n\t<\/div>\n\t<\/div>\n\t\t\t<!-- end Service single sidebar -->\t\t<\/div>\n\t\t\t\t<\/div>\n\t\t\t\t\t\t<\/div>\n\t\t\t\t\t<\/div>\n\t\t<\/div>\n\t\t\t\t\t\t\t\t<\/div>\n\t\t\t\t\t<\/div>\n\t\t<\/section>\n\t\t\t\t<section class=\"has_ma_el_bg_slider elementor-section elementor-top-section elementor-element elementor-element-63d17ba elementor-section-boxed elementor-section-height-default elementor-section-height-default jltma-glass-effect-no\" data-id=\"63d17ba\" data-element_type=\"section\">\n\t\t\t\t\t\t<div class=\"elementor-container elementor-column-gap-default\">\n\t\t\t\t\t\t\t<div class=\"elementor-row\">\n\t\t\t\t\t<div class=\"has_ma_el_bg_slider elementor-column elementor-col-100 elementor-top-column elementor-element elementor-element-3a52dae jltma-glass-effect-no\" data-dce-background-color=\"#205A90\" data-id=\"3a52dae\" data-element_type=\"column\" data-settings=\"{&quot;background_background&quot;:&quot;classic&quot;}\">\n\t\t\t<div class=\"elementor-column-wrap elementor-element-populated\">\n\t\t\t\t\t\t\t<div class=\"elementor-widget-wrap\">\n\t\t\t\t\t\t<section class=\"has_ma_el_bg_slider elementor-section elementor-inner-section elementor-element elementor-element-549ae21 elementor-section-boxed elementor-section-height-default elementor-section-height-default jltma-glass-effect-no\" data-id=\"549ae21\" data-element_type=\"section\">\n\t\t\t\t\t\t<div class=\"elementor-container elementor-column-gap-default\">\n\t\t\t\t\t\t\t<div class=\"elementor-row\">\n\t\t\t\t\t<div class=\"has_ma_el_bg_slider elementor-column elementor-col-25 elementor-inner-column elementor-element elementor-element-3a2ab0a jltma-glass-effect-no\" data-id=\"3a2ab0a\" data-element_type=\"column\">\n\t\t\t<div class=\"elementor-column-wrap elementor-element-populated\">\n\t\t\t\t\t\t\t<div class=\"elementor-widget-wrap\">\n\t\t\t\t\t\t<div class=\"elementor-element elementor-element-6333da1 dce_masking-none jltma-glass-effect-no elementor-widget elementor-widget-image\" data-id=\"6333da1\" data-element_type=\"widget\" data-widget_type=\"image.default\">\n\t\t\t\t<div class=\"elementor-widget-container\">\n\t\t\t\t\t\t\t\t<div class=\"elementor-image\">\n\t\t\t\t\t\t\t\t\t\t\t\t<img decoding=\"async\" width=\"338\" height=\"338\" src=\"https:\/\/ionexchangeglobal.com\/int\/wp-content\/uploads\/2021\/09\/call-support-full.jpg\" class=\"attachment-large size-large wp-image-12487\" alt=\"call-support-full\" srcset=\"https:\/\/ionexchangeglobal.com\/int\/wp-content\/uploads\/2021\/09\/call-support-full.jpg 338w, https:\/\/ionexchangeglobal.com\/int\/wp-content\/uploads\/2021\/09\/call-support-full-300x300.jpg 300w, https:\/\/ionexchangeglobal.com\/int\/wp-content\/uploads\/2021\/09\/call-support-full-150x150.jpg 150w\" sizes=\"(max-width: 338px) 100vw, 338px\" loading=\"lazy\" \/>\t\t\t\t\t\t\t\t\t\t\t\t\t\t<\/div>\n\t\t\t\t\t\t<\/div>\n\t\t\t\t<\/div>\n\t\t\t\t\t\t<\/div>\n\t\t\t\t\t<\/div>\n\t\t<\/div>\n\t\t\t\t<div class=\"has_ma_el_bg_slider elementor-column elementor-col-25 elementor-inner-column elementor-element elementor-element-5293341 jltma-glass-effect-no\" data-id=\"5293341\" data-element_type=\"column\">\n\t\t\t<div class=\"elementor-column-wrap elementor-element-populated\">\n\t\t\t\t\t\t\t<div class=\"elementor-widget-wrap\">\n\t\t\t\t\t\t<div class=\"elementor-element elementor-element-eac92fb jltma-glass-effect-no elementor-widget elementor-widget-text-editor\" data-id=\"eac92fb\" data-element_type=\"widget\" data-widget_type=\"text-editor.default\">\n\t\t\t\t<div class=\"elementor-widget-container\">\n\t\t\t\t\t\t\t\t<div class=\"elementor-text-editor elementor-clearfix\">\n\t\t\t\t<p>Laissez nos experts vous aider,<\/p><p>Contactez-nous 1800 4250 788 (365 jours, de 9h \u00e0 21h)<\/p>\t\t\t\t\t<\/div>\n\t\t\t\t\t\t<\/div>\n\t\t\t\t<\/div>\n\t\t\t\t\t\t<\/div>\n\t\t\t\t\t<\/div>\n\t\t<\/div>\n\t\t\t\t<div class=\"has_ma_el_bg_slider elementor-column elementor-col-25 elementor-inner-column elementor-element elementor-element-f517a49 jltma-glass-effect-no\" data-id=\"f517a49\" data-element_type=\"column\">\n\t\t\t<div class=\"elementor-column-wrap elementor-element-populated\">\n\t\t\t\t\t\t\t<div class=\"elementor-widget-wrap\">\n\t\t\t\t\t\t<div class=\"elementor-element elementor-element-c9c5f5a elementor-view-framed elementor-shape-square jltma-glass-effect-no elementor-widget elementor-widget-icon\" data-id=\"c9c5f5a\" data-element_type=\"widget\" data-widget_type=\"icon.default\">\n\t\t\t\t<div class=\"elementor-widget-container\">\n\t\t\t\t\t<div class=\"elementor-icon-wrapper\">\n\t\t\t<a class=\"elementor-icon\" href=\"\">\n\t\t\t<i aria-hidden=\"true\" class=\"icon icon-phone1\"><\/i>\t\t\t<\/a>\n\t\t<\/div>\n\t\t\t\t<\/div>\n\t\t\t\t<\/div>\n\t\t\t\t\t\t<\/div>\n\t\t\t\t\t<\/div>\n\t\t<\/div>\n\t\t\t\t<div class=\"has_ma_el_bg_slider elementor-column elementor-col-25 elementor-inner-column elementor-element elementor-element-50cb38d jltma-glass-effect-no\" data-id=\"50cb38d\" data-element_type=\"column\">\n\t\t\t<div class=\"elementor-column-wrap elementor-element-populated\">\n\t\t\t\t\t\t\t<div class=\"elementor-widget-wrap\">\n\t\t\t\t\t\t<div data-dce-background-color=\"#205A90\" class=\"elementor-element elementor-element-7a2899c elementor-align-left elementor-mobile-align-center jltma-glass-effect-no elementor-widget elementor-widget-button\" data-id=\"7a2899c\" data-element_type=\"widget\" data-widget_type=\"button.default\">\n\t\t\t\t<div class=\"elementor-widget-container\">\n\t\t\t\t\t<div class=\"elementor-button-wrapper\">\n\t\t\t<a class=\"elementor-button elementor-button-link elementor-size-sm\" href=\"\/contact-us\">\n\t\t\t\t\t\t<span class=\"elementor-button-content-wrapper\">\n\t\t\t\t\t\t<span class=\"elementor-button-text\">Contactez-nous<\/span>\n\t\t<\/span>\n\t\t\t\t\t<\/a>\n\t\t<\/div>\n\t\t\t\t<\/div>\n\t\t\t\t<\/div>\n\t\t\t\t\t\t<\/div>\n\t\t\t\t\t<\/div>\n\t\t<\/div>\n\t\t\t\t\t\t\t\t<\/div>\n\t\t\t\t\t<\/div>\n\t\t<\/section>\n\t\t\t\t\t\t<\/div>\n\t\t\t\t\t<\/div>\n\t\t<\/div>\n\t\t\t\t\t\t\t\t<\/div>\n\t\t\t\t\t<\/div>\n\t\t<\/section>\n\t\t\t\t\t\t\t\t\t<\/div>\n\t\t\t<\/div>\n\t\t\t\t\t<\/div>\n\t\t","protected":false},"excerpt":{"rendered":"<p>R\u00e9habilitation et modification Chez Ion Exchange, nous comprenons les exigences de nos clients et offrons l\u2019avantage de repenser les syst\u00e8mes pour int\u00e9grer les progr\u00e8s techniques et r\u00e9pondre aux conditions et capacit\u00e9s modifi\u00e9es pour atteindre une meilleure efficacit\u00e9. Nous comprenons les exigences des clients, \u00e9tudions le plan de mise \u00e0 niveau et entreprenons les travaux sans&hellip;<\/p>\n","protected":false},"author":4,"featured_media":60323,"parent":37186,"menu_order":0,"comment_status":"closed","ping_status":"closed","template":"elementor_header_footer","meta":{"inline_featured_image":false},"yoast_head":"<!-- This site is optimized with the Yoast SEO plugin v20.12 - https:\/\/yoast.com\/wordpress\/plugins\/seo\/ -->\n<title>R\u00e9habilitation et modification - Ion Exchange<\/title>\n<meta name=\"robots\" content=\"index, follow, max-snippet:-1, max-image-preview:large, max-video-preview:-1\" \/>\n<link rel=\"canonical\" href=\"https:\/\/ionexchangeglobal.com\/int\/fr\/prestations-de-service\/rehabilitation-et-modification\/\" \/>\n<meta property=\"og:locale\" content=\"en_US\" \/>\n<meta property=\"og:type\" content=\"article\" \/>\n<meta property=\"og:title\" content=\"R\u00e9habilitation et modification - Ion Exchange\" \/>\n<meta property=\"og:description\" content=\"R\u00e9habilitation et modification Chez Ion Exchange, nous comprenons les exigences de nos clients et offrons l\u2019avantage de repenser les syst\u00e8mes pour int\u00e9grer les progr\u00e8s techniques et r\u00e9pondre aux conditions et capacit\u00e9s modifi\u00e9es pour atteindre une meilleure efficacit\u00e9. Nous comprenons les exigences des clients, \u00e9tudions le plan de mise \u00e0 niveau et entreprenons les travaux sans&hellip;\" \/>\n<meta property=\"og:url\" content=\"https:\/\/ionexchangeglobal.com\/int\/fr\/prestations-de-service\/rehabilitation-et-modification\/\" \/>\n<meta property=\"og:site_name\" content=\"Ion Exchange\" \/>\n<meta property=\"article:publisher\" content=\"https:\/\/www.facebook.com\/IONEXCHANGE\" \/>\n<meta property=\"article:modified_time\" content=\"2023-12-21T13:19:14+00:00\" \/>\n<meta property=\"og:image\" content=\"https:\/\/ionexchangeglobal.com\/int\/wp-content\/uploads\/2022\/05\/service-banner-img.webp\" \/>\n\t<meta property=\"og:image:width\" content=\"1\" \/>\n\t<meta property=\"og:image:height\" content=\"1\" \/>\n\t<meta property=\"og:image:type\" content=\"image\/webp\" \/>\n<meta name=\"twitter:card\" content=\"summary_large_image\" \/>\n<meta name=\"twitter:site\" content=\"@IEI_Ltd\" \/>\n<meta name=\"twitter:label1\" content=\"Est. reading time\" \/>\n\t<meta name=\"twitter:data1\" content=\"1 minute\" \/>\n<script type=\"application\/ld+json\" class=\"yoast-schema-graph\">{\"@context\":\"https:\/\/schema.org\",\"@graph\":[{\"@type\":\"WebPage\",\"@id\":\"https:\/\/ionexchangeglobal.com\/int\/fr\/prestations-de-service\/rehabilitation-et-modification\/\",\"url\":\"https:\/\/ionexchangeglobal.com\/int\/fr\/prestations-de-service\/rehabilitation-et-modification\/\",\"name\":\"R\u00e9habilitation et modification - Ion Exchange\",\"isPartOf\":{\"@id\":\"https:\/\/ionexchangeglobal.com\/int\/#website\"},\"datePublished\":\"2021-07-19T12:30:42+00:00\",\"dateModified\":\"2023-12-21T13:19:14+00:00\",\"breadcrumb\":{\"@id\":\"https:\/\/ionexchangeglobal.com\/int\/fr\/prestations-de-service\/rehabilitation-et-modification\/#breadcrumb\"},\"inLanguage\":\"en-US\",\"potentialAction\":[{\"@type\":\"ReadAction\",\"target\":[\"https:\/\/ionexchangeglobal.com\/int\/fr\/prestations-de-service\/rehabilitation-et-modification\/\"]}]},{\"@type\":\"BreadcrumbList\",\"@id\":\"https:\/\/ionexchangeglobal.com\/int\/fr\/prestations-de-service\/rehabilitation-et-modification\/#breadcrumb\",\"itemListElement\":[{\"@type\":\"ListItem\",\"position\":1,\"name\":\"Home\",\"item\":\"https:\/\/ionexchangeglobal.com\/int\/pt\/pagina-inicial\/\"},{\"@type\":\"ListItem\",\"position\":2,\"name\":\"PRESTATIONS DE SERVICE\",\"item\":\"https:\/\/ionexchangeglobal.com\/int\/fr\/prestations-de-service\/\"},{\"@type\":\"ListItem\",\"position\":3,\"name\":\"R\u00e9habilitation et modification\"}]},{\"@type\":\"WebSite\",\"@id\":\"https:\/\/ionexchangeglobal.com\/int\/#website\",\"url\":\"https:\/\/ionexchangeglobal.com\/int\/\",\"name\":\"Ion Exchange\",\"description\":\"Refreshing the Planet\",\"publisher\":{\"@id\":\"https:\/\/ionexchangeglobal.com\/int\/#organization\"},\"potentialAction\":[{\"@type\":\"SearchAction\",\"target\":{\"@type\":\"EntryPoint\",\"urlTemplate\":\"https:\/\/ionexchangeglobal.com\/int\/?s={search_term_string}\"},\"query-input\":\"required name=search_term_string\"}],\"inLanguage\":\"en-US\"},{\"@type\":\"Organization\",\"@id\":\"https:\/\/ionexchangeglobal.com\/int\/#organization\",\"name\":\"Ion Exchange\",\"url\":\"https:\/\/ionexchangeglobal.com\/int\/\",\"logo\":{\"@type\":\"ImageObject\",\"inLanguage\":\"en-US\",\"@id\":\"https:\/\/ionexchangeglobal.com\/int\/#\/schema\/logo\/image\/\",\"url\":\"http:\/\/localhost:8000\/app\/uploads\/2022\/05\/ion-logo-1.webp\",\"contentUrl\":\"http:\/\/localhost:8000\/app\/uploads\/2022\/05\/ion-logo-1.webp\",\"width\":1,\"height\":1,\"caption\":\"Ion Exchange\"},\"image\":{\"@id\":\"https:\/\/ionexchangeglobal.com\/int\/#\/schema\/logo\/image\/\"},\"sameAs\":[\"https:\/\/www.facebook.com\/IONEXCHANGE\",\"https:\/\/twitter.com\/IEI_Ltd\",\"https:\/\/www.youtube.com\/channel\/UCqSuT-yd40I7RZ4p5UXuKbA\/videos\"]}]}<\/script>\n<!-- \/ Yoast SEO plugin. -->","yoast_head_json":{"title":"R\u00e9habilitation et modification - Ion Exchange","robots":{"index":"index","follow":"follow","max-snippet":"max-snippet:-1","max-image-preview":"max-image-preview:large","max-video-preview":"max-video-preview:-1"},"canonical":"https:\/\/ionexchangeglobal.com\/int\/fr\/prestations-de-service\/rehabilitation-et-modification\/","og_locale":"en_US","og_type":"article","og_title":"R\u00e9habilitation et modification - Ion Exchange","og_description":"R\u00e9habilitation et modification Chez Ion Exchange, nous comprenons les exigences de nos clients et offrons l\u2019avantage de repenser les syst\u00e8mes pour int\u00e9grer les progr\u00e8s techniques et r\u00e9pondre aux conditions et capacit\u00e9s modifi\u00e9es pour atteindre une meilleure efficacit\u00e9. Nous comprenons les exigences des clients, \u00e9tudions le plan de mise \u00e0 niveau et entreprenons les travaux sans&hellip;","og_url":"https:\/\/ionexchangeglobal.com\/int\/fr\/prestations-de-service\/rehabilitation-et-modification\/","og_site_name":"Ion Exchange","article_publisher":"https:\/\/www.facebook.com\/IONEXCHANGE","article_modified_time":"2023-12-21T13:19:14+00:00","og_image":[{"url":"https:\/\/ionexchangeglobal.com\/int\/wp-content\/uploads\/2022\/05\/service-banner-img.webp","width":1,"height":1,"type":"image\/webp"}],"twitter_card":"summary_large_image","twitter_site":"@IEI_Ltd","twitter_misc":{"Est. reading time":"1 minute"},"schema":{"@context":"https:\/\/schema.org","@graph":[{"@type":"WebPage","@id":"https:\/\/ionexchangeglobal.com\/int\/fr\/prestations-de-service\/rehabilitation-et-modification\/","url":"https:\/\/ionexchangeglobal.com\/int\/fr\/prestations-de-service\/rehabilitation-et-modification\/","name":"R\u00e9habilitation et modification - Ion Exchange","isPartOf":{"@id":"https:\/\/ionexchangeglobal.com\/int\/#website"},"datePublished":"2021-07-19T12:30:42+00:00","dateModified":"2023-12-21T13:19:14+00:00","breadcrumb":{"@id":"https:\/\/ionexchangeglobal.com\/int\/fr\/prestations-de-service\/rehabilitation-et-modification\/#breadcrumb"},"inLanguage":"en-US","potentialAction":[{"@type":"ReadAction","target":["https:\/\/ionexchangeglobal.com\/int\/fr\/prestations-de-service\/rehabilitation-et-modification\/"]}]},{"@type":"BreadcrumbList","@id":"https:\/\/ionexchangeglobal.com\/int\/fr\/prestations-de-service\/rehabilitation-et-modification\/#breadcrumb","itemListElement":[{"@type":"ListItem","position":1,"name":"Home","item":"https:\/\/ionexchangeglobal.com\/int\/pt\/pagina-inicial\/"},{"@type":"ListItem","position":2,"name":"PRESTATIONS DE SERVICE","item":"https:\/\/ionexchangeglobal.com\/int\/fr\/prestations-de-service\/"},{"@type":"ListItem","position":3,"name":"R\u00e9habilitation et modification"}]},{"@type":"WebSite","@id":"https:\/\/ionexchangeglobal.com\/int\/#website","url":"https:\/\/ionexchangeglobal.com\/int\/","name":"Ion Exchange","description":"Refreshing the Planet","publisher":{"@id":"https:\/\/ionexchangeglobal.com\/int\/#organization"},"potentialAction":[{"@type":"SearchAction","target":{"@type":"EntryPoint","urlTemplate":"https:\/\/ionexchangeglobal.com\/int\/?s={search_term_string}"},"query-input":"required name=search_term_string"}],"inLanguage":"en-US"},{"@type":"Organization","@id":"https:\/\/ionexchangeglobal.com\/int\/#organization","name":"Ion Exchange","url":"https:\/\/ionexchangeglobal.com\/int\/","logo":{"@type":"ImageObject","inLanguage":"en-US","@id":"https:\/\/ionexchangeglobal.com\/int\/#\/schema\/logo\/image\/","url":"http:\/\/localhost:8000\/app\/uploads\/2022\/05\/ion-logo-1.webp","contentUrl":"http:\/\/localhost:8000\/app\/uploads\/2022\/05\/ion-logo-1.webp","width":1,"height":1,"caption":"Ion Exchange"},"image":{"@id":"https:\/\/ionexchangeglobal.com\/int\/#\/schema\/logo\/image\/"},"sameAs":["https:\/\/www.facebook.com\/IONEXCHANGE","https:\/\/twitter.com\/IEI_Ltd","https:\/\/www.youtube.com\/channel\/UCqSuT-yd40I7RZ4p5UXuKbA\/videos"]}]}},"lang":"fr","translations":{"fr":37190,"it":36188,"en":7404,"de":38551,"ru":39714,"ja":41185,"es":45214,"ko":46474,"zh":46585,"ar":46693,"th":60347},"pll_sync_post":[],"_links":{"self":[{"href":"https:\/\/ionexchangeglobal.com\/int\/wp-json\/wp\/v2\/pages\/37190"}],"collection":[{"href":"https:\/\/ionexchangeglobal.com\/int\/wp-json\/wp\/v2\/pages"}],"about":[{"href":"https:\/\/ionexchangeglobal.com\/int\/wp-json\/wp\/v2\/types\/page"}],"author":[{"embeddable":true,"href":"https:\/\/ionexchangeglobal.com\/int\/wp-json\/wp\/v2\/users\/4"}],"replies":[{"embeddable":true,"href":"https:\/\/ionexchangeglobal.com\/int\/wp-json\/wp\/v2\/comments?post=37190"}],"version-history":[{"count":4,"href":"https:\/\/ionexchangeglobal.com\/int\/wp-json\/wp\/v2\/pages\/37190\/revisions"}],"predecessor-version":[{"id":45469,"href":"https:\/\/ionexchangeglobal.com\/int\/wp-json\/wp\/v2\/pages\/37190\/revisions\/45469"}],"up":[{"embeddable":true,"href":"https:\/\/ionexchangeglobal.com\/int\/wp-json\/wp\/v2\/pages\/37186"}],"wp:featuredmedia":[{"embeddable":true,"href":"https:\/\/ionexchangeglobal.com\/int\/wp-json\/wp\/v2\/media\/60323"}],"wp:attachment":[{"href":"https:\/\/ionexchangeglobal.com\/int\/wp-json\/wp\/v2\/media?parent=37190"}],"curies":[{"name":"wp","href":"https:\/\/api.w.org\/{rel}","templated":true}]}}