{"id":37006,"date":"2022-04-12T06:33:29","date_gmt":"2022-04-12T06:33:29","guid":{"rendered":"https:\/\/stage.ionexchangeglobal.com\/?page_id=37006"},"modified":"2024-02-06T12:34:08","modified_gmt":"2024-02-06T07:04:08","slug":"unite-de-gestion-des-catastrophes","status":"publish","type":"page","link":"https:\/\/ionexchangeglobal.com\/int\/fr\/unite-de-gestion-des-catastrophes\/","title":{"rendered":"Unit\u00e9 de gestion des catastrophes"},"content":{"rendered":"\t\t<div data-elementor-type=\"wp-page\" data-elementor-id=\"37006\" data-post-id=\"37006\" data-obj-id=\"37006\" class=\"elementor elementor-37006 dce-elementor-post-37006\">\n\t\t\t\t\t\t<div class=\"elementor-inner\">\n\t\t\t\t<div class=\"elementor-section-wrap\">\n\t\t\t\t\t\t\t\t\t<section class=\"has_ma_el_bg_slider elementor-section elementor-top-section elementor-element elementor-element-8466a2e elementor-section-boxed elementor-section-height-default elementor-section-height-default jltma-glass-effect-no\" data-id=\"8466a2e\" data-element_type=\"section\">\n\t\t\t\t\t\t<div class=\"elementor-container elementor-column-gap-default\">\n\t\t\t\t\t\t\t<div class=\"elementor-row\">\n\t\t\t\t\t<div class=\"has_ma_el_bg_slider elementor-column elementor-col-66 elementor-top-column elementor-element elementor-element-e0dd494 jltma-glass-effect-no\" data-id=\"e0dd494\" data-element_type=\"column\">\n\t\t\t<div class=\"elementor-column-wrap elementor-element-populated\">\n\t\t\t\t\t\t\t<div class=\"elementor-widget-wrap\">\n\t\t\t\t\t\t<section class=\"has_ma_el_bg_slider elementor-section elementor-inner-section elementor-element elementor-element-6323e40 elementor-section-boxed elementor-section-height-default elementor-section-height-default jltma-glass-effect-no\" data-id=\"6323e40\" data-element_type=\"section\">\n\t\t\t\t\t\t<div class=\"elementor-container elementor-column-gap-default\">\n\t\t\t\t\t\t\t<div class=\"elementor-row\">\n\t\t\t\t\t<div class=\"has_ma_el_bg_slider elementor-column elementor-col-50 elementor-inner-column elementor-element elementor-element-b974207 card-wrap jltma-glass-effect-no\" data-dce-background-color=\"#FFF5F5\" data-id=\"b974207\" data-element_type=\"column\" data-settings=\"{&quot;background_background&quot;:&quot;gradient&quot;}\">\n\t\t\t<div class=\"elementor-column-wrap elementor-element-populated\">\n\t\t\t\t\t<div class=\"elementor-background-overlay\"><\/div>\n\t\t\t\t\t\t\t<div class=\"elementor-widget-wrap\">\n\t\t\t\t\t\t<div class=\"elementor-element elementor-element-1cb1438 filtration-img dce_masking-none jltma-glass-effect-no elementor-widget elementor-widget-image\" data-id=\"1cb1438\" data-element_type=\"widget\" data-widget_type=\"image.default\">\n\t\t\t\t<div class=\"elementor-widget-container\">\n\t\t\t\t\t\t\t\t<div class=\"elementor-image\">\n\t\t\t\t\t\t\t\t\t\t\t\t\t<a href=\"https:\/\/iei.showdigital.in\/app\/uploads\/2021\/12\/Indion-New-Generation-Packaged-Sewage-Treatment-Plants-NGPSTP.pdf\" target=\"_blank\">\n\t\t\t\t\t\t\t<img decoding=\"async\" width=\"212\" height=\"300\" src=\"https:\/\/ionexchangeglobal.com\/int\/wp-content\/uploads\/2022\/04\/79848c510b4e47aeac45277da3da7eb2-0001-1-212x300.jpg\" class=\"elementor-animation-grow attachment-medium size-medium wp-image-23700\" alt=\"\" srcset=\"https:\/\/ionexchangeglobal.com\/int\/wp-content\/uploads\/2022\/04\/79848c510b4e47aeac45277da3da7eb2-0001-1-212x300.jpg 212w, https:\/\/ionexchangeglobal.com\/int\/wp-content\/uploads\/2022\/04\/79848c510b4e47aeac45277da3da7eb2-0001-1.jpg 600w\" sizes=\"(max-width: 212px) 100vw, 212px\" loading=\"lazy\" \/>\t\t\t\t\t\t\t\t<\/a>\n\t\t\t\t\t\t\t\t\t\t\t\t\t\t<\/div>\n\t\t\t\t\t\t<\/div>\n\t\t\t\t<\/div>\n\t\t\t\t<div class=\"elementor-element elementor-element-ae74381 jltma-glass-effect-no elementor-widget elementor-widget-text-editor\" data-id=\"ae74381\" data-element_type=\"widget\" data-widget_type=\"text-editor.default\">\n\t\t\t\t<div class=\"elementor-widget-container\">\n\t\t\t\t\t\t\t\t<div class=\"elementor-text-editor elementor-clearfix\">\n\t\t\t\t<h3 style=\"font-size: 22px; color: #009adc; line-height: 1.455; font-weight: bold;\">Unit\u00e9 de gestion des catastrophes (DMU)<\/h3><p style=\"text-align: left;\">L&#8217;unit\u00e9 de gestion des catastrophes INDION est un syst\u00e8me de traitement de l&#8217;eau conteneuris\u00e9 de pointe sp\u00e9cialement con\u00e7u pour r\u00e9pondre aux besoins d&#8217;urgence en eau potable lors de catastrophes naturelles. Les catastrophes telles que les inondations, les s\u00e9cheresses, les cyclones et les tremblements de terre entra\u00eenent une forte contamination des sources d\u2019approvisionnement en eau, ce qui entra\u00eene des maladies et des \u00e9pid\u00e9mies d\u2019origine hydrique g\u00e9n\u00e9ralis\u00e9es. L&#8217;unit\u00e9 de gestion des catastrophes INDION produit de l&#8217;eau potable conforme aux normes strictes IS 10500&#8230;.<\/p><p><a style=\"font-weight: bold; color: #0071b4;\" href=\"\/app\/uploads\/2022\/04\/DMU.pdf\" target=\"_blank\" rel=\"noopener\">En savoir plus<\/a><\/p><p>\u00a0<\/p><p>\u00a0<\/p><p>\u00a0<\/p><p>\u00a0<\/p>\t\t\t\t\t<\/div>\n\t\t\t\t\t\t<\/div>\n\t\t\t\t<\/div>\n\t\t\t\t\t\t<\/div>\n\t\t\t\t\t<\/div>\n\t\t<\/div>\n\t\t\t\t<div class=\"has_ma_el_bg_slider elementor-column elementor-col-50 elementor-inner-column elementor-element elementor-element-d22172c card-wrap elementor-hidden-desktop elementor-hidden-tablet elementor-hidden-mobile jltma-glass-effect-no\" data-dce-background-color=\"#FFF5F5\" data-id=\"d22172c\" data-element_type=\"column\" data-settings=\"{&quot;background_background&quot;:&quot;gradient&quot;}\">\n\t\t\t<div class=\"elementor-column-wrap elementor-element-populated\">\n\t\t\t\t\t<div class=\"elementor-background-overlay\"><\/div>\n\t\t\t\t\t\t\t<div class=\"elementor-widget-wrap\">\n\t\t\t\t\t\t<div class=\"elementor-element elementor-element-ab2631a filtration-img dce_masking-none jltma-glass-effect-no elementor-widget elementor-widget-image\" data-id=\"ab2631a\" data-element_type=\"widget\" data-widget_type=\"image.default\">\n\t\t\t\t<div class=\"elementor-widget-container\">\n\t\t\t\t\t\t\t\t<div class=\"elementor-image\">\n\t\t\t\t\t\t\t\t\t\t\t\t\t<a href=\"https:\/\/iei.showdigital.in\/app\/uploads\/2021\/12\/Indion-New-Generation-Packaged-Sewage-Treatment-Plants-NGPSTP.pdf\" target=\"_blank\">\n\t\t\t\t\t\t\t<img decoding=\"async\" width=\"270\" height=\"270\" src=\"https:\/\/ionexchangeglobal.com\/int\/wp-content\/uploads\/2022\/01\/Advanced-Packaged-Reverse-Osmosis-System-400.jpg\" class=\"elementor-animation-grow attachment-full size-full wp-image-16810\" alt=\"Advanced Packaged Reverse Osmosis System-400\" srcset=\"https:\/\/ionexchangeglobal.com\/int\/wp-content\/uploads\/2022\/01\/Advanced-Packaged-Reverse-Osmosis-System-400.jpg 270w, https:\/\/ionexchangeglobal.com\/int\/wp-content\/uploads\/2022\/01\/Advanced-Packaged-Reverse-Osmosis-System-400-150x150.jpg 150w\" sizes=\"(max-width: 270px) 100vw, 270px\" loading=\"lazy\" \/>\t\t\t\t\t\t\t\t<\/a>\n\t\t\t\t\t\t\t\t\t\t\t\t\t\t<\/div>\n\t\t\t\t\t\t<\/div>\n\t\t\t\t<\/div>\n\t\t\t\t<div class=\"elementor-element elementor-element-f1c71d1 jltma-glass-effect-no elementor-widget elementor-widget-text-editor\" data-id=\"f1c71d1\" data-element_type=\"widget\" data-widget_type=\"text-editor.default\">\n\t\t\t\t<div class=\"elementor-widget-container\">\n\t\t\t\t\t\t\t\t<div class=\"elementor-text-editor elementor-clearfix\">\n\t\t\t\t<h3 style=\"font-size: 22px; color: #009adc; line-height: 1.455; font-weight: bold;\">Syst\u00e8me d&#8217;osmose inverse emball\u00e9 avanc\u00e9<\/h3><p style=\"text-align: left;\">INDROMATIC, gr\u00e2ce \u00e0 sa technologie de membrane d&#8217;osmose inverse, produit une eau avec tr\u00e8s peu de mati\u00e8res dissoutes, \u00e9galement exempte de particules, collo\u00efdales et organiques.<br \/>mati\u00e8re.<\/p><p><a style=\"font-weight: bold; color: #0071b4;\" href=\"\/app\/uploads\/2022\/01\/Indromatic-400-Series.pdf\" target=\"_blank\" rel=\"noopener\">En savoir plus<\/a><\/p><p>\u00a0<\/p><p>\u00a0<\/p><p>\u00a0<\/p><p>\u00a0<\/p>\t\t\t\t\t<\/div>\n\t\t\t\t\t\t<\/div>\n\t\t\t\t<\/div>\n\t\t\t\t\t\t<\/div>\n\t\t\t\t\t<\/div>\n\t\t<\/div>\n\t\t\t\t\t\t\t\t<\/div>\n\t\t\t\t\t<\/div>\n\t\t<\/section>\n\t\t\t\t\t\t<\/div>\n\t\t\t\t\t<\/div>\n\t\t<\/div>\n\t\t\t\t<div class=\"has_ma_el_bg_slider elementor-column elementor-col-33 elementor-top-column elementor-element elementor-element-d80ff90 jltma-glass-effect-no\" data-id=\"d80ff90\" data-element_type=\"column\">\n\t\t\t<div class=\"elementor-column-wrap elementor-element-populated\">\n\t\t\t\t\t\t\t<div class=\"elementor-widget-wrap\">\n\t\t\t\t\t\t<div class=\"elementor-element elementor-element-2f54c06 jltma-glass-effect-no elementor-widget elementor-widget-ucaddon_service_single_sidebar\" data-id=\"2f54c06\" data-element_type=\"widget\" data-widget_type=\"ucaddon_service_single_sidebar.default\">\n\t\t\t\t<div class=\"elementor-widget-container\">\n\t\t\t<!-- start Service single sidebar -->\n\t\t<link id='font-awesome-css' href='https:\/\/ionexchangeglobal.com\/int\/wp-content\/plugins\/unlimited-elements-for-elementor\/assets_libraries\/font-awesome5\/css\/fontawesome-all.min.css' type='text\/css' rel='stylesheet' >\n\t\t<link id='font-awesome-4-shim-css' href='https:\/\/ionexchangeglobal.com\/int\/wp-content\/plugins\/unlimited-elements-for-elementor\/assets_libraries\/font-awesome5\/css\/fontawesome-v4-shims.css' type='text\/css' rel='stylesheet' >\n\n\t\t\t<style type=\"text\/css\">\/* widget: Service single sidebar *\/\n\n.service-sidebar {\n\tfont-family: \"Futura MD Bt\", serif !important;\n}\n\n<\/style>\n\n\t\t\t<div class=\"service-sidebar\">\n\t\t<div class=\"service-sidebar-widget\">\n\t\t<div class=\"service-cat-widget ul-li-block\">\n\t\t\t<h3 class=\"widget-title\">Products & Solution<\/h3>\n\t\t\t<ul>\n              <li><a href=\"#\">Flocculation<\/a><\/li>\n<li><a href=\"#\">Disinfection<\/a><\/li>\n<li><a href=\"#\">Clarification<\/a><\/li>\n<li><a href=\"#\">Filtration<\/a><\/li>\n<li><a href=\"https:\/\/iei.showdigital.in\/products\/\">View All Products<\/a><\/li>\n\n\t\t\t<\/ul>\n\t\t<\/div>\n\t<\/div>\n\t\t\t\t<\/div>\n\t\t\t<!-- end Service single sidebar -->\t\t<\/div>\n\t\t\t\t<\/div>\n\t\t\t\t\t\t<\/div>\n\t\t\t\t\t<\/div>\n\t\t<\/div>\n\t\t\t\t\t\t\t\t<\/div>\n\t\t\t\t\t<\/div>\n\t\t<\/section>\n\t\t\t\t\t\t\t\t\t<\/div>\n\t\t\t<\/div>\n\t\t\t\t\t<\/div>\n\t\t","protected":false},"excerpt":{"rendered":"<p>Unit\u00e9 de gestion des catastrophes (DMU) L&#8217;unit\u00e9 de gestion des catastrophes INDION est un syst\u00e8me de traitement de l&#8217;eau conteneuris\u00e9 de pointe sp\u00e9cialement con\u00e7u pour r\u00e9pondre aux besoins d&#8217;urgence en eau potable lors de catastrophes naturelles. Les catastrophes telles que les inondations, les s\u00e9cheresses, les cyclones et les tremblements de terre entra\u00eenent une forte contamination&hellip;<\/p>\n","protected":false},"author":4,"featured_media":23737,"parent":0,"menu_order":0,"comment_status":"closed","ping_status":"closed","template":"elementor_header_footer","meta":{"inline_featured_image":false},"yoast_head":"<!-- This site is optimized with the Yoast SEO plugin v20.12 - https:\/\/yoast.com\/wordpress\/plugins\/seo\/ -->\n<title>Unit\u00e9 de gestion des catastrophes - Ion Exchange<\/title>\n<meta name=\"robots\" content=\"index, follow, max-snippet:-1, max-image-preview:large, max-video-preview:-1\" \/>\n<link rel=\"canonical\" href=\"https:\/\/ionexchangeglobal.com\/int\/fr\/unite-de-gestion-des-catastrophes\/\" \/>\n<meta property=\"og:locale\" content=\"en_US\" \/>\n<meta property=\"og:type\" content=\"article\" \/>\n<meta property=\"og:title\" content=\"Unit\u00e9 de gestion des catastrophes - Ion Exchange\" \/>\n<meta property=\"og:description\" content=\"Unit\u00e9 de gestion des catastrophes (DMU) L&#8217;unit\u00e9 de gestion des catastrophes INDION est un syst\u00e8me de traitement de l&#8217;eau conteneuris\u00e9 de pointe sp\u00e9cialement con\u00e7u pour r\u00e9pondre aux besoins d&#8217;urgence en eau potable lors de catastrophes naturelles. Les catastrophes telles que les inondations, les s\u00e9cheresses, les cyclones et les tremblements de terre entra\u00eenent une forte contamination&hellip;\" \/>\n<meta property=\"og:url\" content=\"https:\/\/ionexchangeglobal.com\/int\/fr\/unite-de-gestion-des-catastrophes\/\" \/>\n<meta property=\"og:site_name\" content=\"Ion Exchange\" \/>\n<meta property=\"article:publisher\" content=\"https:\/\/www.facebook.com\/IONEXCHANGE\" \/>\n<meta property=\"article:modified_time\" content=\"2024-02-06T07:04:08+00:00\" \/>\n<meta property=\"og:image\" content=\"https:\/\/ionexchangeglobal.com\/int\/wp-content\/uploads\/2022\/04\/Trolley-mounted-DMU_thumbnail-1024x917.jpg\" \/>\n\t<meta property=\"og:image:width\" content=\"1024\" \/>\n\t<meta property=\"og:image:height\" content=\"917\" \/>\n\t<meta property=\"og:image:type\" content=\"image\/jpeg\" \/>\n<meta name=\"twitter:card\" content=\"summary_large_image\" \/>\n<meta name=\"twitter:site\" content=\"@IEI_Ltd\" \/>\n<meta name=\"twitter:label1\" content=\"Est. reading time\" \/>\n\t<meta name=\"twitter:data1\" content=\"1 minute\" \/>\n<script type=\"application\/ld+json\" class=\"yoast-schema-graph\">{\"@context\":\"https:\/\/schema.org\",\"@graph\":[{\"@type\":\"WebPage\",\"@id\":\"https:\/\/ionexchangeglobal.com\/int\/fr\/unite-de-gestion-des-catastrophes\/\",\"url\":\"https:\/\/ionexchangeglobal.com\/int\/fr\/unite-de-gestion-des-catastrophes\/\",\"name\":\"Unit\u00e9 de gestion des catastrophes - Ion Exchange\",\"isPartOf\":{\"@id\":\"https:\/\/ionexchangeglobal.com\/int\/#website\"},\"datePublished\":\"2022-04-12T06:33:29+00:00\",\"dateModified\":\"2024-02-06T07:04:08+00:00\",\"breadcrumb\":{\"@id\":\"https:\/\/ionexchangeglobal.com\/int\/fr\/unite-de-gestion-des-catastrophes\/#breadcrumb\"},\"inLanguage\":\"en-US\",\"potentialAction\":[{\"@type\":\"ReadAction\",\"target\":[\"https:\/\/ionexchangeglobal.com\/int\/fr\/unite-de-gestion-des-catastrophes\/\"]}]},{\"@type\":\"BreadcrumbList\",\"@id\":\"https:\/\/ionexchangeglobal.com\/int\/fr\/unite-de-gestion-des-catastrophes\/#breadcrumb\",\"itemListElement\":[{\"@type\":\"ListItem\",\"position\":1,\"name\":\"Home\",\"item\":\"https:\/\/ionexchangeglobal.com\/int\/pt\/pagina-inicial\/\"},{\"@type\":\"ListItem\",\"position\":2,\"name\":\"Unit\u00e9 de gestion des catastrophes\"}]},{\"@type\":\"WebSite\",\"@id\":\"https:\/\/ionexchangeglobal.com\/int\/#website\",\"url\":\"https:\/\/ionexchangeglobal.com\/int\/\",\"name\":\"Ion Exchange\",\"description\":\"Refreshing the Planet\",\"publisher\":{\"@id\":\"https:\/\/ionexchangeglobal.com\/int\/#organization\"},\"potentialAction\":[{\"@type\":\"SearchAction\",\"target\":{\"@type\":\"EntryPoint\",\"urlTemplate\":\"https:\/\/ionexchangeglobal.com\/int\/?s={search_term_string}\"},\"query-input\":\"required name=search_term_string\"}],\"inLanguage\":\"en-US\"},{\"@type\":\"Organization\",\"@id\":\"https:\/\/ionexchangeglobal.com\/int\/#organization\",\"name\":\"Ion Exchange\",\"url\":\"https:\/\/ionexchangeglobal.com\/int\/\",\"logo\":{\"@type\":\"ImageObject\",\"inLanguage\":\"en-US\",\"@id\":\"https:\/\/ionexchangeglobal.com\/int\/#\/schema\/logo\/image\/\",\"url\":\"http:\/\/localhost:8000\/app\/uploads\/2022\/05\/ion-logo-1.webp\",\"contentUrl\":\"http:\/\/localhost:8000\/app\/uploads\/2022\/05\/ion-logo-1.webp\",\"width\":1,\"height\":1,\"caption\":\"Ion Exchange\"},\"image\":{\"@id\":\"https:\/\/ionexchangeglobal.com\/int\/#\/schema\/logo\/image\/\"},\"sameAs\":[\"https:\/\/www.facebook.com\/IONEXCHANGE\",\"https:\/\/twitter.com\/IEI_Ltd\",\"https:\/\/www.youtube.com\/channel\/UCqSuT-yd40I7RZ4p5UXuKbA\/videos\"]}]}<\/script>\n<!-- \/ Yoast SEO plugin. -->","yoast_head_json":{"title":"Unit\u00e9 de gestion des catastrophes - Ion Exchange","robots":{"index":"index","follow":"follow","max-snippet":"max-snippet:-1","max-image-preview":"max-image-preview:large","max-video-preview":"max-video-preview:-1"},"canonical":"https:\/\/ionexchangeglobal.com\/int\/fr\/unite-de-gestion-des-catastrophes\/","og_locale":"en_US","og_type":"article","og_title":"Unit\u00e9 de gestion des catastrophes - Ion Exchange","og_description":"Unit\u00e9 de gestion des catastrophes (DMU) L&#8217;unit\u00e9 de gestion des catastrophes INDION est un syst\u00e8me de traitement de l&#8217;eau conteneuris\u00e9 de pointe sp\u00e9cialement con\u00e7u pour r\u00e9pondre aux besoins d&#8217;urgence en eau potable lors de catastrophes naturelles. Les catastrophes telles que les inondations, les s\u00e9cheresses, les cyclones et les tremblements de terre entra\u00eenent une forte contamination&hellip;","og_url":"https:\/\/ionexchangeglobal.com\/int\/fr\/unite-de-gestion-des-catastrophes\/","og_site_name":"Ion Exchange","article_publisher":"https:\/\/www.facebook.com\/IONEXCHANGE","article_modified_time":"2024-02-06T07:04:08+00:00","og_image":[{"width":1024,"height":917,"url":"https:\/\/ionexchangeglobal.com\/int\/wp-content\/uploads\/2022\/04\/Trolley-mounted-DMU_thumbnail-1024x917.jpg","type":"image\/jpeg"}],"twitter_card":"summary_large_image","twitter_site":"@IEI_Ltd","twitter_misc":{"Est. reading time":"1 minute"},"schema":{"@context":"https:\/\/schema.org","@graph":[{"@type":"WebPage","@id":"https:\/\/ionexchangeglobal.com\/int\/fr\/unite-de-gestion-des-catastrophes\/","url":"https:\/\/ionexchangeglobal.com\/int\/fr\/unite-de-gestion-des-catastrophes\/","name":"Unit\u00e9 de gestion des catastrophes - Ion Exchange","isPartOf":{"@id":"https:\/\/ionexchangeglobal.com\/int\/#website"},"datePublished":"2022-04-12T06:33:29+00:00","dateModified":"2024-02-06T07:04:08+00:00","breadcrumb":{"@id":"https:\/\/ionexchangeglobal.com\/int\/fr\/unite-de-gestion-des-catastrophes\/#breadcrumb"},"inLanguage":"en-US","potentialAction":[{"@type":"ReadAction","target":["https:\/\/ionexchangeglobal.com\/int\/fr\/unite-de-gestion-des-catastrophes\/"]}]},{"@type":"BreadcrumbList","@id":"https:\/\/ionexchangeglobal.com\/int\/fr\/unite-de-gestion-des-catastrophes\/#breadcrumb","itemListElement":[{"@type":"ListItem","position":1,"name":"Home","item":"https:\/\/ionexchangeglobal.com\/int\/pt\/pagina-inicial\/"},{"@type":"ListItem","position":2,"name":"Unit\u00e9 de gestion des catastrophes"}]},{"@type":"WebSite","@id":"https:\/\/ionexchangeglobal.com\/int\/#website","url":"https:\/\/ionexchangeglobal.com\/int\/","name":"Ion Exchange","description":"Refreshing the Planet","publisher":{"@id":"https:\/\/ionexchangeglobal.com\/int\/#organization"},"potentialAction":[{"@type":"SearchAction","target":{"@type":"EntryPoint","urlTemplate":"https:\/\/ionexchangeglobal.com\/int\/?s={search_term_string}"},"query-input":"required name=search_term_string"}],"inLanguage":"en-US"},{"@type":"Organization","@id":"https:\/\/ionexchangeglobal.com\/int\/#organization","name":"Ion Exchange","url":"https:\/\/ionexchangeglobal.com\/int\/","logo":{"@type":"ImageObject","inLanguage":"en-US","@id":"https:\/\/ionexchangeglobal.com\/int\/#\/schema\/logo\/image\/","url":"http:\/\/localhost:8000\/app\/uploads\/2022\/05\/ion-logo-1.webp","contentUrl":"http:\/\/localhost:8000\/app\/uploads\/2022\/05\/ion-logo-1.webp","width":1,"height":1,"caption":"Ion Exchange"},"image":{"@id":"https:\/\/ionexchangeglobal.com\/int\/#\/schema\/logo\/image\/"},"sameAs":["https:\/\/www.facebook.com\/IONEXCHANGE","https:\/\/twitter.com\/IEI_Ltd","https:\/\/www.youtube.com\/channel\/UCqSuT-yd40I7RZ4p5UXuKbA\/videos"]}]}},"lang":"fr","translations":{"fr":37006,"ar":42138,"en":23723,"pt":36446,"it":36623,"de":38069,"es":38164,"ru":38933},"pll_sync_post":[],"_links":{"self":[{"href":"https:\/\/ionexchangeglobal.com\/int\/wp-json\/wp\/v2\/pages\/37006"}],"collection":[{"href":"https:\/\/ionexchangeglobal.com\/int\/wp-json\/wp\/v2\/pages"}],"about":[{"href":"https:\/\/ionexchangeglobal.com\/int\/wp-json\/wp\/v2\/types\/page"}],"author":[{"embeddable":true,"href":"https:\/\/ionexchangeglobal.com\/int\/wp-json\/wp\/v2\/users\/4"}],"replies":[{"embeddable":true,"href":"https:\/\/ionexchangeglobal.com\/int\/wp-json\/wp\/v2\/comments?post=37006"}],"version-history":[{"count":4,"href":"https:\/\/ionexchangeglobal.com\/int\/wp-json\/wp\/v2\/pages\/37006\/revisions"}],"predecessor-version":[{"id":49596,"href":"https:\/\/ionexchangeglobal.com\/int\/wp-json\/wp\/v2\/pages\/37006\/revisions\/49596"}],"wp:featuredmedia":[{"embeddable":true,"href":"https:\/\/ionexchangeglobal.com\/int\/wp-json\/wp\/v2\/media\/23737"}],"wp:attachment":[{"href":"https:\/\/ionexchangeglobal.com\/int\/wp-json\/wp\/v2\/media?parent=37006"}],"curies":[{"name":"wp","href":"https:\/\/api.w.org\/{rel}","templated":true}]}}