{"id":36973,"date":"2022-01-12T15:35:24","date_gmt":"2022-01-12T15:35:24","guid":{"rendered":"https:\/\/stage.ionexchangeglobal.com\/?page_id=36973"},"modified":"2024-02-06T12:32:18","modified_gmt":"2024-02-06T07:02:18","slug":"inversion-delectrodialyse-edr-2","status":"publish","type":"page","link":"https:\/\/ionexchangeglobal.com\/int\/fr\/inversion-delectrodialyse-edr-2\/","title":{"rendered":"Inversion d&#8217;\u00e9lectrodialyse (EDR)"},"content":{"rendered":"\t\t<div data-elementor-type=\"wp-page\" data-elementor-id=\"36973\" data-post-id=\"36973\" data-obj-id=\"36973\" class=\"elementor elementor-36973 dce-elementor-post-36973\">\n\t\t\t\t\t\t<div class=\"elementor-inner\">\n\t\t\t\t<div class=\"elementor-section-wrap\">\n\t\t\t\t\t\t\t\t\t<section class=\"has_ma_el_bg_slider elementor-section elementor-top-section elementor-element elementor-element-8203d97 elementor-section-boxed elementor-section-height-default elementor-section-height-default jltma-glass-effect-no\" data-id=\"8203d97\" data-element_type=\"section\">\n\t\t\t\t\t\t<div class=\"elementor-container elementor-column-gap-default\">\n\t\t\t\t\t\t\t<div class=\"elementor-row\">\n\t\t\t\t\t<div class=\"has_ma_el_bg_slider elementor-column elementor-col-66 elementor-top-column elementor-element elementor-element-f6a8520 jltma-glass-effect-no\" data-id=\"f6a8520\" data-element_type=\"column\">\n\t\t\t<div class=\"elementor-column-wrap elementor-element-populated\">\n\t\t\t\t\t\t\t<div class=\"elementor-widget-wrap\">\n\t\t\t\t\t\t<section class=\"has_ma_el_bg_slider elementor-section elementor-inner-section elementor-element elementor-element-5f041a5 elementor-section-boxed elementor-section-height-default elementor-section-height-default jltma-glass-effect-no\" data-id=\"5f041a5\" data-element_type=\"section\">\n\t\t\t\t\t\t<div class=\"elementor-container elementor-column-gap-default\">\n\t\t\t\t\t\t\t<div class=\"elementor-row\">\n\t\t\t\t\t<div class=\"has_ma_el_bg_slider elementor-column elementor-col-100 elementor-inner-column elementor-element elementor-element-6838758 jltma-glass-effect-no\" data-id=\"6838758\" data-element_type=\"column\">\n\t\t\t<div class=\"elementor-column-wrap elementor-element-populated\">\n\t\t\t\t\t\t\t<div class=\"elementor-widget-wrap\">\n\t\t\t\t\t\t<div class=\"elementor-element elementor-element-672daca jltma-glass-effect-no elementor-widget elementor-widget-heading\" data-id=\"672daca\" data-element_type=\"widget\" data-widget_type=\"heading.default\">\n\t\t\t\t<div class=\"elementor-widget-container\">\n\t\t\t<h2 class=\"elementor-heading-title elementor-size-default\">Inversion d'\u00e9lectrodialyse (EDR)<\/h2>\t\t<\/div>\n\t\t\t\t<\/div>\n\t\t\t\t<div class=\"elementor-element elementor-element-6895f6c jltma-glass-effect-no elementor-widget elementor-widget-text-editor\" data-id=\"6895f6c\" data-element_type=\"widget\" data-widget_type=\"text-editor.default\">\n\t\t\t\t<div class=\"elementor-widget-container\">\n\t\t\t\t\t\t\t\t<div class=\"elementor-text-editor elementor-clearfix\">\n\t\t\t\t<p>L&#8217;\u00e9lectrodialyseur utilise des membranes \u00e9changeuses d&#8217;ions perms\u00e9lectives et de l&#8217;\u00e9nergie \u00e9lectrique pour s\u00e9parer les substances ioniques en solution aqueuse, permettant un dessalement, une concentration, un raffinage et une r\u00e9cup\u00e9ration efficaces. L&#8217;\u00e9lectrodialyse est une technologie de s\u00e9paration utilisant l&#8217;\u00e9lectrophor\u00e8se de substances ioniques en solutions et la perm\u00e9abilit\u00e9 s\u00e9lective des membranes \u00e9changeuses d&#8217;ions. Il existe deux types de membranes \u00e9changeuses d&#8217;ions. La membrane \u00e9changeuse de cations permet s\u00e9lectivement la perm\u00e9ation des cations et la membrane \u00e9changeuse d&#8217;anions permet s\u00e9lectivement la perm\u00e9ation des anions. Dans un \u00e9lectrodialyseur, un grand nombre de ces membranes sont dispos\u00e9es alternativement entre deux \u00e9lectrodes et un courant continu est appliqu\u00e9 pour s\u00e9parer les ions en solution.<\/p><p><strong>Applications:<\/strong><\/p><ul><li>Production de sel \u00e0 partir de l&#8217;eau de mer<\/li><li>Dessalement de la sauce soja<\/li><li>Dessalement d&#8217;oligosaccharide<\/li><li>Dessalement\/concentration des lixiviats d&#8217;une d\u00e9charge<\/li><li>Dessalement\/concentration des solutions de d\u00e9chets de transformation<\/li><li>R\u00e9cup\u00e9ration acide du processus de d\u00e9capage des plaques d\u2019aluminium<\/li><li>R\u00e9cup\u00e9ration de solution us\u00e9e alcaline<\/li><\/ul>\t\t\t\t\t<\/div>\n\t\t\t\t\t\t<\/div>\n\t\t\t\t<\/div>\n\t\t\t\t\t\t<\/div>\n\t\t\t\t\t<\/div>\n\t\t<\/div>\n\t\t\t\t\t\t\t\t<\/div>\n\t\t\t\t\t<\/div>\n\t\t<\/section>\n\t\t\t\t\t\t<\/div>\n\t\t\t\t\t<\/div>\n\t\t<\/div>\n\t\t\t\t<div class=\"has_ma_el_bg_slider elementor-column elementor-col-33 elementor-top-column elementor-element elementor-element-d572f9b jltma-glass-effect-no\" data-id=\"d572f9b\" data-element_type=\"column\">\n\t\t\t<div class=\"elementor-column-wrap elementor-element-populated\">\n\t\t\t\t\t\t\t<div class=\"elementor-widget-wrap\">\n\t\t\t\t\t\t<div class=\"elementor-element elementor-element-04be434 jltma-glass-effect-no elementor-widget elementor-widget-ucaddon_service_single_sidebar\" data-id=\"04be434\" data-element_type=\"widget\" data-widget_type=\"ucaddon_service_single_sidebar.default\">\n\t\t\t\t<div class=\"elementor-widget-container\">\n\t\t\t<!-- start Service single sidebar -->\n\t\t<link id='font-awesome-css' href='https:\/\/ionexchangeglobal.com\/int\/wp-content\/plugins\/unlimited-elements-for-elementor\/assets_libraries\/font-awesome5\/css\/fontawesome-all.min.css' type='text\/css' rel='stylesheet' >\n\t\t<link id='font-awesome-4-shim-css' href='https:\/\/ionexchangeglobal.com\/int\/wp-content\/plugins\/unlimited-elements-for-elementor\/assets_libraries\/font-awesome5\/css\/fontawesome-v4-shims.css' type='text\/css' rel='stylesheet' >\n\n\t\t\t<style type=\"text\/css\">\/* widget: Service single sidebar *\/\n\n.service-sidebar {\n\tfont-family: \"Futura MD Bt\", serif !important;\n}\n\n<\/style>\n\n\t\t\t<div class=\"service-sidebar\">\n\t\t<div class=\"service-sidebar-widget\">\n\t\t<div class=\"service-cat-widget ul-li-block\">\n\t\t\t<h3 class=\"widget-title\">Products & Solution<\/h3>\n\t\t\t<ul>\n              <li><a href=\"#\">Flocculation<\/a><\/li>\n<li><a href=\"#\">Disinfection<\/a><\/li>\n<li><a href=\"#\">Clarification<\/a><\/li>\n<li><a href=\"#\">Filtration<\/a><\/li>\n<li><a href=\"https:\/\/iei.showdigital.in\/products\/\">View All Products<\/a><\/li>\n\n\t\t\t<\/ul>\n\t\t<\/div>\n\t<\/div>\n\t\t\t\t<\/div>\n\t\t\t<!-- end Service single sidebar -->\t\t<\/div>\n\t\t\t\t<\/div>\n\t\t\t\t\t\t<\/div>\n\t\t\t\t\t<\/div>\n\t\t<\/div>\n\t\t\t\t\t\t\t\t<\/div>\n\t\t\t\t\t<\/div>\n\t\t<\/section>\n\t\t\t\t<section class=\"has_ma_el_bg_slider elementor-section elementor-top-section elementor-element elementor-element-daa5c99 elementor-section-full_width elementor-section-height-default elementor-section-height-default jltma-glass-effect-no\" data-dce-background-overlay-color=\"#000000\" data-dce-background-image-url=\"https:\/\/ionexchangeglobal.com\/app\/uploads\/2021\/12\/RECKITT-BENCKISER-OM-CC-1.jpg\" data-id=\"daa5c99\" data-element_type=\"section\" data-settings=\"{&quot;background_background&quot;:&quot;classic&quot;}\">\n\t\t\t\t\t\t\t<div class=\"elementor-background-overlay\"><\/div>\n\t\t\t\t\t\t\t<div class=\"elementor-container elementor-column-gap-no\">\n\t\t\t\t\t\t\t<div class=\"elementor-row\">\n\t\t\t\t\t<div class=\"has_ma_el_bg_slider elementor-column elementor-col-100 elementor-top-column elementor-element elementor-element-a5ff145 jltma-glass-effect-no\" data-id=\"a5ff145\" data-element_type=\"column\">\n\t\t\t<div class=\"elementor-column-wrap elementor-element-populated\">\n\t\t\t\t\t\t\t<div class=\"elementor-widget-wrap\">\n\t\t\t\t\t\t<section class=\"has_ma_el_bg_slider elementor-section elementor-inner-section elementor-element elementor-element-8998e7e elementor-section-boxed elementor-section-height-default elementor-section-height-default jltma-glass-effect-no\" data-id=\"8998e7e\" data-element_type=\"section\">\n\t\t\t\t\t\t<div class=\"elementor-container elementor-column-gap-default\">\n\t\t\t\t\t\t\t<div class=\"elementor-row\">\n\t\t\t\t\t<div class=\"has_ma_el_bg_slider elementor-column elementor-col-100 elementor-inner-column elementor-element elementor-element-91bfcb7 jltma-glass-effect-no\" data-id=\"91bfcb7\" data-element_type=\"column\">\n\t\t\t<div class=\"elementor-column-wrap elementor-element-populated\">\n\t\t\t\t\t\t\t<div class=\"elementor-widget-wrap\">\n\t\t\t\t\t\t<div class=\"elementor-element elementor-element-7e8c9ac dce_masking-none jltma-glass-effect-no elementor-widget elementor-widget-image\" data-id=\"7e8c9ac\" data-element_type=\"widget\" data-widget_type=\"image.default\">\n\t\t\t\t<div class=\"elementor-widget-container\">\n\t\t\t\t\t\t\t\t<div class=\"elementor-image\">\n\t\t\t\t\t\t\t\t\t\t\t\t<img decoding=\"async\" width=\"180\" height=\"90\" src=\"https:\/\/ionexchangeglobal.com\/int\/wp-content\/uploads\/2021\/09\/service24-7.png\" class=\"attachment-large size-large wp-image-12315\" alt=\"service24-7\" loading=\"lazy\" \/>\t\t\t\t\t\t\t\t\t\t\t\t\t\t<\/div>\n\t\t\t\t\t\t<\/div>\n\t\t\t\t<\/div>\n\t\t\t\t<div class=\"elementor-element elementor-element-1bf82de jltma-glass-effect-no elementor-widget elementor-widget-text-editor\" data-id=\"1bf82de\" data-element_type=\"widget\" data-widget_type=\"text-editor.default\">\n\t\t\t\t<div class=\"elementor-widget-container\">\n\t\t\t\t\t\t\t\t<div class=\"elementor-text-editor elementor-clearfix\">\n\t\t\t\t<p><strong>Nos services int\u00e9gr\u00e9s couvrent tous les aspects des performances de votre usine de traitement d\u2019eau pour vous offrir un ensemble complet d\u2019avantages<\/strong><\/p>\t\t\t\t\t<\/div>\n\t\t\t\t\t\t<\/div>\n\t\t\t\t<\/div>\n\t\t\t\t\t\t<\/div>\n\t\t\t\t\t<\/div>\n\t\t<\/div>\n\t\t\t\t\t\t\t\t<\/div>\n\t\t\t\t\t<\/div>\n\t\t<\/section>\n\t\t\t\t\t\t<\/div>\n\t\t\t\t\t<\/div>\n\t\t<\/div>\n\t\t\t\t\t\t\t\t<\/div>\n\t\t\t\t\t<\/div>\n\t\t<\/section>\n\t\t\t\t\t\t\t\t\t<\/div>\n\t\t\t<\/div>\n\t\t\t\t\t<\/div>\n\t\t","protected":false},"excerpt":{"rendered":"<p>Inversion d&#8217;\u00e9lectrodialyse (EDR) L&#8217;\u00e9lectrodialyseur utilise des membranes \u00e9changeuses d&#8217;ions perms\u00e9lectives et de l&#8217;\u00e9nergie \u00e9lectrique pour s\u00e9parer les substances ioniques en solution aqueuse, permettant un dessalement, une concentration, un raffinage et une r\u00e9cup\u00e9ration efficaces. L&#8217;\u00e9lectrodialyse est une technologie de s\u00e9paration utilisant l&#8217;\u00e9lectrophor\u00e8se de substances ioniques en solutions et la perm\u00e9abilit\u00e9 s\u00e9lective des membranes \u00e9changeuses d&#8217;ions. Il&hellip;<\/p>\n","protected":false},"author":4,"featured_media":17106,"parent":0,"menu_order":0,"comment_status":"closed","ping_status":"closed","template":"elementor_header_footer","meta":{"inline_featured_image":false},"yoast_head":"<!-- This site is optimized with the Yoast SEO plugin v20.12 - https:\/\/yoast.com\/wordpress\/plugins\/seo\/ -->\n<title>Inversion d&#8217;\u00e9lectrodialyse (EDR) - Ion Exchange<\/title>\n<meta name=\"robots\" content=\"index, follow, max-snippet:-1, max-image-preview:large, max-video-preview:-1\" \/>\n<link rel=\"canonical\" href=\"https:\/\/ionexchangeglobal.com\/int\/fr\/inversion-delectrodialyse-edr-2\/\" \/>\n<meta property=\"og:locale\" content=\"en_US\" \/>\n<meta property=\"og:type\" content=\"article\" \/>\n<meta property=\"og:title\" content=\"Inversion d&#8217;\u00e9lectrodialyse (EDR) - Ion Exchange\" \/>\n<meta property=\"og:description\" content=\"Inversion d&#8217;\u00e9lectrodialyse (EDR) L&#8217;\u00e9lectrodialyseur utilise des membranes \u00e9changeuses d&#8217;ions perms\u00e9lectives et de l&#8217;\u00e9nergie \u00e9lectrique pour s\u00e9parer les substances ioniques en solution aqueuse, permettant un dessalement, une concentration, un raffinage et une r\u00e9cup\u00e9ration efficaces. L&#8217;\u00e9lectrodialyse est une technologie de s\u00e9paration utilisant l&#8217;\u00e9lectrophor\u00e8se de substances ioniques en solutions et la perm\u00e9abilit\u00e9 s\u00e9lective des membranes \u00e9changeuses d&#8217;ions. Il&hellip;\" \/>\n<meta property=\"og:url\" content=\"https:\/\/ionexchangeglobal.com\/int\/fr\/inversion-delectrodialyse-edr-2\/\" \/>\n<meta property=\"og:site_name\" content=\"Ion Exchange\" \/>\n<meta property=\"article:publisher\" content=\"https:\/\/www.facebook.com\/IONEXCHANGE\" \/>\n<meta property=\"article:modified_time\" content=\"2024-02-06T07:02:18+00:00\" \/>\n<meta property=\"og:image\" content=\"https:\/\/ionexchangeglobal.com\/int\/wp-content\/uploads\/2022\/01\/Waste-Water-Treatment-banner.png\" \/>\n\t<meta property=\"og:image:width\" content=\"1920\" \/>\n\t<meta property=\"og:image:height\" content=\"784\" \/>\n\t<meta property=\"og:image:type\" content=\"image\/png\" \/>\n<meta name=\"twitter:card\" content=\"summary_large_image\" \/>\n<meta name=\"twitter:site\" content=\"@IEI_Ltd\" \/>\n<meta name=\"twitter:label1\" content=\"Est. reading time\" \/>\n\t<meta name=\"twitter:data1\" content=\"1 minute\" \/>\n<script type=\"application\/ld+json\" class=\"yoast-schema-graph\">{\"@context\":\"https:\/\/schema.org\",\"@graph\":[{\"@type\":\"WebPage\",\"@id\":\"https:\/\/ionexchangeglobal.com\/int\/fr\/inversion-delectrodialyse-edr-2\/\",\"url\":\"https:\/\/ionexchangeglobal.com\/int\/fr\/inversion-delectrodialyse-edr-2\/\",\"name\":\"Inversion d&#8217;\u00e9lectrodialyse (EDR) - Ion Exchange\",\"isPartOf\":{\"@id\":\"https:\/\/ionexchangeglobal.com\/int\/#website\"},\"datePublished\":\"2022-01-12T15:35:24+00:00\",\"dateModified\":\"2024-02-06T07:02:18+00:00\",\"breadcrumb\":{\"@id\":\"https:\/\/ionexchangeglobal.com\/int\/fr\/inversion-delectrodialyse-edr-2\/#breadcrumb\"},\"inLanguage\":\"en-US\",\"potentialAction\":[{\"@type\":\"ReadAction\",\"target\":[\"https:\/\/ionexchangeglobal.com\/int\/fr\/inversion-delectrodialyse-edr-2\/\"]}]},{\"@type\":\"BreadcrumbList\",\"@id\":\"https:\/\/ionexchangeglobal.com\/int\/fr\/inversion-delectrodialyse-edr-2\/#breadcrumb\",\"itemListElement\":[{\"@type\":\"ListItem\",\"position\":1,\"name\":\"Home\",\"item\":\"https:\/\/ionexchangeglobal.com\/int\/pt\/pagina-inicial\/\"},{\"@type\":\"ListItem\",\"position\":2,\"name\":\"Inversion d&#8217;\u00e9lectrodialyse (EDR)\"}]},{\"@type\":\"WebSite\",\"@id\":\"https:\/\/ionexchangeglobal.com\/int\/#website\",\"url\":\"https:\/\/ionexchangeglobal.com\/int\/\",\"name\":\"Ion Exchange\",\"description\":\"Refreshing the Planet\",\"publisher\":{\"@id\":\"https:\/\/ionexchangeglobal.com\/int\/#organization\"},\"potentialAction\":[{\"@type\":\"SearchAction\",\"target\":{\"@type\":\"EntryPoint\",\"urlTemplate\":\"https:\/\/ionexchangeglobal.com\/int\/?s={search_term_string}\"},\"query-input\":\"required name=search_term_string\"}],\"inLanguage\":\"en-US\"},{\"@type\":\"Organization\",\"@id\":\"https:\/\/ionexchangeglobal.com\/int\/#organization\",\"name\":\"Ion Exchange\",\"url\":\"https:\/\/ionexchangeglobal.com\/int\/\",\"logo\":{\"@type\":\"ImageObject\",\"inLanguage\":\"en-US\",\"@id\":\"https:\/\/ionexchangeglobal.com\/int\/#\/schema\/logo\/image\/\",\"url\":\"http:\/\/localhost:8000\/app\/uploads\/2022\/05\/ion-logo-1.webp\",\"contentUrl\":\"http:\/\/localhost:8000\/app\/uploads\/2022\/05\/ion-logo-1.webp\",\"width\":1,\"height\":1,\"caption\":\"Ion Exchange\"},\"image\":{\"@id\":\"https:\/\/ionexchangeglobal.com\/int\/#\/schema\/logo\/image\/\"},\"sameAs\":[\"https:\/\/www.facebook.com\/IONEXCHANGE\",\"https:\/\/twitter.com\/IEI_Ltd\",\"https:\/\/www.youtube.com\/channel\/UCqSuT-yd40I7RZ4p5UXuKbA\/videos\"]}]}<\/script>\n<!-- \/ Yoast SEO plugin. -->","yoast_head_json":{"title":"Inversion d&#8217;\u00e9lectrodialyse (EDR) - Ion Exchange","robots":{"index":"index","follow":"follow","max-snippet":"max-snippet:-1","max-image-preview":"max-image-preview:large","max-video-preview":"max-video-preview:-1"},"canonical":"https:\/\/ionexchangeglobal.com\/int\/fr\/inversion-delectrodialyse-edr-2\/","og_locale":"en_US","og_type":"article","og_title":"Inversion d&#8217;\u00e9lectrodialyse (EDR) - Ion Exchange","og_description":"Inversion d&#8217;\u00e9lectrodialyse (EDR) L&#8217;\u00e9lectrodialyseur utilise des membranes \u00e9changeuses d&#8217;ions perms\u00e9lectives et de l&#8217;\u00e9nergie \u00e9lectrique pour s\u00e9parer les substances ioniques en solution aqueuse, permettant un dessalement, une concentration, un raffinage et une r\u00e9cup\u00e9ration efficaces. L&#8217;\u00e9lectrodialyse est une technologie de s\u00e9paration utilisant l&#8217;\u00e9lectrophor\u00e8se de substances ioniques en solutions et la perm\u00e9abilit\u00e9 s\u00e9lective des membranes \u00e9changeuses d&#8217;ions. Il&hellip;","og_url":"https:\/\/ionexchangeglobal.com\/int\/fr\/inversion-delectrodialyse-edr-2\/","og_site_name":"Ion Exchange","article_publisher":"https:\/\/www.facebook.com\/IONEXCHANGE","article_modified_time":"2024-02-06T07:02:18+00:00","og_image":[{"width":1920,"height":784,"url":"https:\/\/ionexchangeglobal.com\/int\/wp-content\/uploads\/2022\/01\/Waste-Water-Treatment-banner.png","type":"image\/png"}],"twitter_card":"summary_large_image","twitter_site":"@IEI_Ltd","twitter_misc":{"Est. reading time":"1 minute"},"schema":{"@context":"https:\/\/schema.org","@graph":[{"@type":"WebPage","@id":"https:\/\/ionexchangeglobal.com\/int\/fr\/inversion-delectrodialyse-edr-2\/","url":"https:\/\/ionexchangeglobal.com\/int\/fr\/inversion-delectrodialyse-edr-2\/","name":"Inversion d&#8217;\u00e9lectrodialyse (EDR) - Ion Exchange","isPartOf":{"@id":"https:\/\/ionexchangeglobal.com\/int\/#website"},"datePublished":"2022-01-12T15:35:24+00:00","dateModified":"2024-02-06T07:02:18+00:00","breadcrumb":{"@id":"https:\/\/ionexchangeglobal.com\/int\/fr\/inversion-delectrodialyse-edr-2\/#breadcrumb"},"inLanguage":"en-US","potentialAction":[{"@type":"ReadAction","target":["https:\/\/ionexchangeglobal.com\/int\/fr\/inversion-delectrodialyse-edr-2\/"]}]},{"@type":"BreadcrumbList","@id":"https:\/\/ionexchangeglobal.com\/int\/fr\/inversion-delectrodialyse-edr-2\/#breadcrumb","itemListElement":[{"@type":"ListItem","position":1,"name":"Home","item":"https:\/\/ionexchangeglobal.com\/int\/pt\/pagina-inicial\/"},{"@type":"ListItem","position":2,"name":"Inversion d&#8217;\u00e9lectrodialyse (EDR)"}]},{"@type":"WebSite","@id":"https:\/\/ionexchangeglobal.com\/int\/#website","url":"https:\/\/ionexchangeglobal.com\/int\/","name":"Ion Exchange","description":"Refreshing the Planet","publisher":{"@id":"https:\/\/ionexchangeglobal.com\/int\/#organization"},"potentialAction":[{"@type":"SearchAction","target":{"@type":"EntryPoint","urlTemplate":"https:\/\/ionexchangeglobal.com\/int\/?s={search_term_string}"},"query-input":"required name=search_term_string"}],"inLanguage":"en-US"},{"@type":"Organization","@id":"https:\/\/ionexchangeglobal.com\/int\/#organization","name":"Ion Exchange","url":"https:\/\/ionexchangeglobal.com\/int\/","logo":{"@type":"ImageObject","inLanguage":"en-US","@id":"https:\/\/ionexchangeglobal.com\/int\/#\/schema\/logo\/image\/","url":"http:\/\/localhost:8000\/app\/uploads\/2022\/05\/ion-logo-1.webp","contentUrl":"http:\/\/localhost:8000\/app\/uploads\/2022\/05\/ion-logo-1.webp","width":1,"height":1,"caption":"Ion Exchange"},"image":{"@id":"https:\/\/ionexchangeglobal.com\/int\/#\/schema\/logo\/image\/"},"sameAs":["https:\/\/www.facebook.com\/IONEXCHANGE","https:\/\/twitter.com\/IEI_Ltd","https:\/\/www.youtube.com\/channel\/UCqSuT-yd40I7RZ4p5UXuKbA\/videos"]}]}},"lang":"fr","translations":{"fr":36973,"ar":42391,"en":17040,"pt":36375,"it":36707,"de":38217,"es":38634,"ja":40227,"ru":45855,"ko":47062,"zh":47414,"th":63339},"pll_sync_post":[],"_links":{"self":[{"href":"https:\/\/ionexchangeglobal.com\/int\/wp-json\/wp\/v2\/pages\/36973"}],"collection":[{"href":"https:\/\/ionexchangeglobal.com\/int\/wp-json\/wp\/v2\/pages"}],"about":[{"href":"https:\/\/ionexchangeglobal.com\/int\/wp-json\/wp\/v2\/types\/page"}],"author":[{"embeddable":true,"href":"https:\/\/ionexchangeglobal.com\/int\/wp-json\/wp\/v2\/users\/4"}],"replies":[{"embeddable":true,"href":"https:\/\/ionexchangeglobal.com\/int\/wp-json\/wp\/v2\/comments?post=36973"}],"version-history":[{"count":7,"href":"https:\/\/ionexchangeglobal.com\/int\/wp-json\/wp\/v2\/pages\/36973\/revisions"}],"predecessor-version":[{"id":49587,"href":"https:\/\/ionexchangeglobal.com\/int\/wp-json\/wp\/v2\/pages\/36973\/revisions\/49587"}],"wp:featuredmedia":[{"embeddable":true,"href":"https:\/\/ionexchangeglobal.com\/int\/wp-json\/wp\/v2\/media\/17106"}],"wp:attachment":[{"href":"https:\/\/ionexchangeglobal.com\/int\/wp-json\/wp\/v2\/media?parent=36973"}],"curies":[{"name":"wp","href":"https:\/\/api.w.org\/{rel}","templated":true}]}}