{"id":36954,"date":"2022-05-03T11:24:21","date_gmt":"2022-05-03T11:24:21","guid":{"rendered":"https:\/\/stage.ionexchangeglobal.com\/?page_id=36954"},"modified":"2023-09-29T11:54:53","modified_gmt":"2023-09-29T06:24:53","slug":"nanofiltration","status":"publish","type":"page","link":"https:\/\/ionexchangeglobal.com\/int\/fr\/nanofiltration\/","title":{"rendered":"Nanofiltration"},"content":{"rendered":"\t\t<div data-elementor-type=\"wp-page\" data-elementor-id=\"36954\" data-post-id=\"36954\" data-obj-id=\"36954\" class=\"elementor elementor-36954 dce-elementor-post-36954\">\n\t\t\t\t\t\t<div class=\"elementor-inner\">\n\t\t\t\t<div class=\"elementor-section-wrap\">\n\t\t\t\t\t\t\t\t\t<section class=\"has_ma_el_bg_slider elementor-section elementor-top-section elementor-element elementor-element-fa13efb elementor-section-boxed elementor-section-height-default elementor-section-height-default jltma-glass-effect-no\" data-id=\"fa13efb\" data-element_type=\"section\">\n\t\t\t\t\t\t<div class=\"elementor-container elementor-column-gap-default\">\n\t\t\t\t\t\t\t<div class=\"elementor-row\">\n\t\t\t\t\t<div class=\"has_ma_el_bg_slider elementor-column elementor-col-100 elementor-top-column elementor-element elementor-element-95e0b42 jltma-glass-effect-no\" data-id=\"95e0b42\" data-element_type=\"column\">\n\t\t\t<div class=\"elementor-column-wrap elementor-element-populated\">\n\t\t\t\t\t\t\t<div class=\"elementor-widget-wrap\">\n\t\t\t\t\t\t<section class=\"has_ma_el_bg_slider elementor-section elementor-inner-section elementor-element elementor-element-d692a37 elementor-section-boxed elementor-section-height-default elementor-section-height-default jltma-glass-effect-no\" data-id=\"d692a37\" data-element_type=\"section\">\n\t\t\t\t\t\t<div class=\"elementor-container elementor-column-gap-default\">\n\t\t\t\t\t\t\t<div class=\"elementor-row\">\n\t\t\t\t\t<div class=\"has_ma_el_bg_slider elementor-column elementor-col-100 elementor-inner-column elementor-element elementor-element-79efe67 jltma-glass-effect-no\" data-id=\"79efe67\" data-element_type=\"column\">\n\t\t\t<div class=\"elementor-column-wrap elementor-element-populated\">\n\t\t\t\t\t\t\t<div class=\"elementor-widget-wrap\">\n\t\t\t\t\t\t<div class=\"elementor-element elementor-element-b4f5583 jltma-glass-effect-no elementor-widget elementor-widget-heading\" data-id=\"b4f5583\" data-element_type=\"widget\" data-widget_type=\"heading.default\">\n\t\t\t\t<div class=\"elementor-widget-container\">\n\t\t\t<h2 class=\"elementor-heading-title elementor-size-default\">DESCRIPTION DU PRODUIT<\/h2>\t\t<\/div>\n\t\t\t\t<\/div>\n\t\t\t\t<div class=\"elementor-element elementor-element-6c79d14 jltma-glass-effect-no elementor-widget elementor-widget-text-editor\" data-id=\"6c79d14\" data-element_type=\"widget\" data-widget_type=\"text-editor.default\">\n\t\t\t\t<div class=\"elementor-widget-container\">\n\t\t\t\t\t\t\t\t<div class=\"elementor-text-editor elementor-clearfix\">\n\t\t\t\t<p>La membrane de nanofiltration (NF) offre une alternative rentable aux processus d&#8217;adoucissement conventionnels pour \u00e9liminer la duret\u00e9 souvent pr\u00e9sente dans les approvisionnements en eau naturelle et les flux de traitement. Les avantages des syst\u00e8mes d\u2019adoucissement des membranes NF comprennent\u00a0:<\/p><ul><li>Processus continu &#8211; aucune r\u00e9g\u00e9n\u00e9ration n&#8217;est n\u00e9cessaire<\/li><li>Aucun d\u00e9chet de r\u00e9g\u00e9n\u00e9ration n\u2019est produit<\/li><li>Rejet \u00e9lev\u00e9 de duret\u00e9<\/li><li>Ne n\u00e9cessite pas d&#8217;op\u00e9rateur qualifi\u00e9 comme pour l&#8217;adoucissement \u00e0 la chaux et \u00e0 la soude<\/li><li>N\u00e9cessite moins d\u2019espace qu\u2019un \u00e9quipement d\u2019adoucissement de la chaux<\/li><\/ul><p>Des r\u00e9ductions significatives de la duret\u00e9 sont obtenues \u00e0 la fois sur l\u2019eau de mer et sur les approvisionnements municipaux. En termes de r\u00e9duction de la duret\u00e9, le faible rapport anions divalents\/monovalents de l&#8217;eau de mer est compens\u00e9 par la teneur \u00e9lev\u00e9e en sel. Le passage relativement \u00e9lev\u00e9 du sel NaCl pour l&#8217;eau de mer permet \u00e0 la membrane NF d&#8217;atteindre des d\u00e9bits \u00e9lev\u00e9s \u00e0 basses pressions en minimisant les diff\u00e9rences de pression osmotique \u00e0 travers la membrane.<\/p><p>Cliquez ici pour consulter la gamme Hydramem de membranes de nanofiltration\u00a0: <a style=\"font-size: inherit; background-color: #ffffff;\" href=\"https:\/\/hydramem.com\/nfm.html\">https:\/\/hydramem.com\/nfm.html<\/a><\/p>\t\t\t\t\t<\/div>\n\t\t\t\t\t\t<\/div>\n\t\t\t\t<\/div>\n\t\t\t\t\t\t<\/div>\n\t\t\t\t\t<\/div>\n\t\t<\/div>\n\t\t\t\t\t\t\t\t<\/div>\n\t\t\t\t\t<\/div>\n\t\t<\/section>\n\t\t\t\t\t\t<\/div>\n\t\t\t\t\t<\/div>\n\t\t<\/div>\n\t\t\t\t\t\t\t\t<\/div>\n\t\t\t\t\t<\/div>\n\t\t<\/section>\n\t\t\t\t\t\t\t\t\t<\/div>\n\t\t\t<\/div>\n\t\t\t\t\t<\/div>\n\t\t","protected":false},"excerpt":{"rendered":"<p>DESCRIPTION DU PRODUIT La membrane de nanofiltration (NF) offre une alternative rentable aux processus d&#8217;adoucissement conventionnels pour \u00e9liminer la duret\u00e9 souvent pr\u00e9sente dans les approvisionnements en eau naturelle et les flux de traitement. Les avantages des syst\u00e8mes d\u2019adoucissement des membranes NF comprennent\u00a0: Processus continu &#8211; aucune r\u00e9g\u00e9n\u00e9ration n&#8217;est n\u00e9cessaire Aucun d\u00e9chet de r\u00e9g\u00e9n\u00e9ration n\u2019est produit&hellip;<\/p>\n","protected":false},"author":4,"featured_media":63170,"parent":0,"menu_order":0,"comment_status":"closed","ping_status":"closed","template":"elementor_header_footer","meta":{"inline_featured_image":false},"yoast_head":"<!-- This site is optimized with the Yoast SEO plugin v20.12 - https:\/\/yoast.com\/wordpress\/plugins\/seo\/ -->\n<title>Nano filtration (NF) Membrane System Manufacturer - Ion Exchange<\/title>\n<meta name=\"description\" content=\"Ion Exchange is a Nano filtration (NF) membrane system manufacturer company in India. We offer a cost-effective alternative to conventional softening processes.\" \/>\n<meta name=\"robots\" content=\"index, follow, max-snippet:-1, max-image-preview:large, max-video-preview:-1\" \/>\n<link rel=\"canonical\" href=\"https:\/\/ionexchangeglobal.com\/int\/fr\/nanofiltration\/\" \/>\n<meta property=\"og:locale\" content=\"en_US\" \/>\n<meta property=\"og:type\" content=\"article\" \/>\n<meta property=\"og:title\" content=\"Nano filtration (NF) Membrane System Manufacturer - Ion Exchange\" \/>\n<meta property=\"og:description\" content=\"Ion Exchange is a Nano filtration (NF) membrane system manufacturer company in India. We offer a cost-effective alternative to conventional softening processes.\" \/>\n<meta property=\"og:url\" content=\"https:\/\/ionexchangeglobal.com\/int\/fr\/nanofiltration\/\" \/>\n<meta property=\"og:site_name\" content=\"Ion Exchange\" \/>\n<meta property=\"article:publisher\" content=\"https:\/\/www.facebook.com\/IONEXCHANGE\" \/>\n<meta property=\"article:modified_time\" content=\"2023-09-29T06:24:53+00:00\" \/>\n<meta property=\"og:image\" content=\"https:\/\/ionexchangeglobal.com\/int\/wp-content\/uploads\/2022\/04\/water-treatment-banner-img.jpg\" \/>\n\t<meta property=\"og:image:width\" content=\"1920\" \/>\n\t<meta property=\"og:image:height\" content=\"1280\" \/>\n\t<meta property=\"og:image:type\" content=\"image\/jpeg\" \/>\n<meta name=\"twitter:card\" content=\"summary_large_image\" \/>\n<meta name=\"twitter:site\" content=\"@IEI_Ltd\" \/>\n<meta name=\"twitter:label1\" content=\"Est. reading time\" \/>\n\t<meta name=\"twitter:data1\" content=\"1 minute\" \/>\n<script type=\"application\/ld+json\" class=\"yoast-schema-graph\">{\"@context\":\"https:\/\/schema.org\",\"@graph\":[{\"@type\":\"WebPage\",\"@id\":\"https:\/\/ionexchangeglobal.com\/int\/fr\/nanofiltration\/\",\"url\":\"https:\/\/ionexchangeglobal.com\/int\/fr\/nanofiltration\/\",\"name\":\"Nano filtration (NF) Membrane System Manufacturer - Ion Exchange\",\"isPartOf\":{\"@id\":\"https:\/\/ionexchangeglobal.com\/int\/#website\"},\"datePublished\":\"2022-05-03T11:24:21+00:00\",\"dateModified\":\"2023-09-29T06:24:53+00:00\",\"description\":\"Ion Exchange is a Nano filtration (NF) membrane system manufacturer company in India. We offer a cost-effective alternative to conventional softening processes.\",\"breadcrumb\":{\"@id\":\"https:\/\/ionexchangeglobal.com\/int\/fr\/nanofiltration\/#breadcrumb\"},\"inLanguage\":\"en-US\",\"potentialAction\":[{\"@type\":\"ReadAction\",\"target\":[\"https:\/\/ionexchangeglobal.com\/int\/fr\/nanofiltration\/\"]}]},{\"@type\":\"BreadcrumbList\",\"@id\":\"https:\/\/ionexchangeglobal.com\/int\/fr\/nanofiltration\/#breadcrumb\",\"itemListElement\":[{\"@type\":\"ListItem\",\"position\":1,\"name\":\"Home\",\"item\":\"https:\/\/ionexchangeglobal.com\/int\/pt\/pagina-inicial\/\"},{\"@type\":\"ListItem\",\"position\":2,\"name\":\"Nanofiltration\"}]},{\"@type\":\"WebSite\",\"@id\":\"https:\/\/ionexchangeglobal.com\/int\/#website\",\"url\":\"https:\/\/ionexchangeglobal.com\/int\/\",\"name\":\"Ion Exchange\",\"description\":\"Refreshing the Planet\",\"publisher\":{\"@id\":\"https:\/\/ionexchangeglobal.com\/int\/#organization\"},\"potentialAction\":[{\"@type\":\"SearchAction\",\"target\":{\"@type\":\"EntryPoint\",\"urlTemplate\":\"https:\/\/ionexchangeglobal.com\/int\/?s={search_term_string}\"},\"query-input\":\"required name=search_term_string\"}],\"inLanguage\":\"en-US\"},{\"@type\":\"Organization\",\"@id\":\"https:\/\/ionexchangeglobal.com\/int\/#organization\",\"name\":\"Ion Exchange\",\"url\":\"https:\/\/ionexchangeglobal.com\/int\/\",\"logo\":{\"@type\":\"ImageObject\",\"inLanguage\":\"en-US\",\"@id\":\"https:\/\/ionexchangeglobal.com\/int\/#\/schema\/logo\/image\/\",\"url\":\"http:\/\/localhost:8000\/app\/uploads\/2022\/05\/ion-logo-1.webp\",\"contentUrl\":\"http:\/\/localhost:8000\/app\/uploads\/2022\/05\/ion-logo-1.webp\",\"width\":1,\"height\":1,\"caption\":\"Ion Exchange\"},\"image\":{\"@id\":\"https:\/\/ionexchangeglobal.com\/int\/#\/schema\/logo\/image\/\"},\"sameAs\":[\"https:\/\/www.facebook.com\/IONEXCHANGE\",\"https:\/\/twitter.com\/IEI_Ltd\",\"https:\/\/www.youtube.com\/channel\/UCqSuT-yd40I7RZ4p5UXuKbA\/videos\"]}]}<\/script>\n<!-- \/ Yoast SEO plugin. -->","yoast_head_json":{"title":"Nano filtration (NF) Membrane System Manufacturer - Ion Exchange","description":"Ion Exchange is a Nano filtration (NF) membrane system manufacturer company in India. We offer a cost-effective alternative to conventional softening processes.","robots":{"index":"index","follow":"follow","max-snippet":"max-snippet:-1","max-image-preview":"max-image-preview:large","max-video-preview":"max-video-preview:-1"},"canonical":"https:\/\/ionexchangeglobal.com\/int\/fr\/nanofiltration\/","og_locale":"en_US","og_type":"article","og_title":"Nano filtration (NF) Membrane System Manufacturer - Ion Exchange","og_description":"Ion Exchange is a Nano filtration (NF) membrane system manufacturer company in India. We offer a cost-effective alternative to conventional softening processes.","og_url":"https:\/\/ionexchangeglobal.com\/int\/fr\/nanofiltration\/","og_site_name":"Ion Exchange","article_publisher":"https:\/\/www.facebook.com\/IONEXCHANGE","article_modified_time":"2023-09-29T06:24:53+00:00","og_image":[{"width":1920,"height":1280,"url":"https:\/\/ionexchangeglobal.com\/int\/wp-content\/uploads\/2022\/04\/water-treatment-banner-img.jpg","type":"image\/jpeg"}],"twitter_card":"summary_large_image","twitter_site":"@IEI_Ltd","twitter_misc":{"Est. reading time":"1 minute"},"schema":{"@context":"https:\/\/schema.org","@graph":[{"@type":"WebPage","@id":"https:\/\/ionexchangeglobal.com\/int\/fr\/nanofiltration\/","url":"https:\/\/ionexchangeglobal.com\/int\/fr\/nanofiltration\/","name":"Nano filtration (NF) Membrane System Manufacturer - Ion Exchange","isPartOf":{"@id":"https:\/\/ionexchangeglobal.com\/int\/#website"},"datePublished":"2022-05-03T11:24:21+00:00","dateModified":"2023-09-29T06:24:53+00:00","description":"Ion Exchange is a Nano filtration (NF) membrane system manufacturer company in India. We offer a cost-effective alternative to conventional softening processes.","breadcrumb":{"@id":"https:\/\/ionexchangeglobal.com\/int\/fr\/nanofiltration\/#breadcrumb"},"inLanguage":"en-US","potentialAction":[{"@type":"ReadAction","target":["https:\/\/ionexchangeglobal.com\/int\/fr\/nanofiltration\/"]}]},{"@type":"BreadcrumbList","@id":"https:\/\/ionexchangeglobal.com\/int\/fr\/nanofiltration\/#breadcrumb","itemListElement":[{"@type":"ListItem","position":1,"name":"Home","item":"https:\/\/ionexchangeglobal.com\/int\/pt\/pagina-inicial\/"},{"@type":"ListItem","position":2,"name":"Nanofiltration"}]},{"@type":"WebSite","@id":"https:\/\/ionexchangeglobal.com\/int\/#website","url":"https:\/\/ionexchangeglobal.com\/int\/","name":"Ion Exchange","description":"Refreshing the Planet","publisher":{"@id":"https:\/\/ionexchangeglobal.com\/int\/#organization"},"potentialAction":[{"@type":"SearchAction","target":{"@type":"EntryPoint","urlTemplate":"https:\/\/ionexchangeglobal.com\/int\/?s={search_term_string}"},"query-input":"required name=search_term_string"}],"inLanguage":"en-US"},{"@type":"Organization","@id":"https:\/\/ionexchangeglobal.com\/int\/#organization","name":"Ion Exchange","url":"https:\/\/ionexchangeglobal.com\/int\/","logo":{"@type":"ImageObject","inLanguage":"en-US","@id":"https:\/\/ionexchangeglobal.com\/int\/#\/schema\/logo\/image\/","url":"http:\/\/localhost:8000\/app\/uploads\/2022\/05\/ion-logo-1.webp","contentUrl":"http:\/\/localhost:8000\/app\/uploads\/2022\/05\/ion-logo-1.webp","width":1,"height":1,"caption":"Ion Exchange"},"image":{"@id":"https:\/\/ionexchangeglobal.com\/int\/#\/schema\/logo\/image\/"},"sameAs":["https:\/\/www.facebook.com\/IONEXCHANGE","https:\/\/twitter.com\/IEI_Ltd","https:\/\/www.youtube.com\/channel\/UCqSuT-yd40I7RZ4p5UXuKbA\/videos"]}]}},"lang":"fr","translations":{"fr":36954,"ar":41889,"en":25672,"pt":36346,"de":37983,"ru":39364,"ja":43070,"it":44232,"ko":47059,"zh":47411,"th":63308},"pll_sync_post":[],"_links":{"self":[{"href":"https:\/\/ionexchangeglobal.com\/int\/wp-json\/wp\/v2\/pages\/36954"}],"collection":[{"href":"https:\/\/ionexchangeglobal.com\/int\/wp-json\/wp\/v2\/pages"}],"about":[{"href":"https:\/\/ionexchangeglobal.com\/int\/wp-json\/wp\/v2\/types\/page"}],"author":[{"embeddable":true,"href":"https:\/\/ionexchangeglobal.com\/int\/wp-json\/wp\/v2\/users\/4"}],"replies":[{"embeddable":true,"href":"https:\/\/ionexchangeglobal.com\/int\/wp-json\/wp\/v2\/comments?post=36954"}],"version-history":[{"count":1,"href":"https:\/\/ionexchangeglobal.com\/int\/wp-json\/wp\/v2\/pages\/36954\/revisions"}],"predecessor-version":[{"id":36965,"href":"https:\/\/ionexchangeglobal.com\/int\/wp-json\/wp\/v2\/pages\/36954\/revisions\/36965"}],"wp:featuredmedia":[{"embeddable":true,"href":"https:\/\/ionexchangeglobal.com\/int\/wp-json\/wp\/v2\/media\/63170"}],"wp:attachment":[{"href":"https:\/\/ionexchangeglobal.com\/int\/wp-json\/wp\/v2\/media?parent=36954"}],"curies":[{"name":"wp","href":"https:\/\/api.w.org\/{rel}","templated":true}]}}