{"id":36777,"date":"2022-04-27T12:28:12","date_gmt":"2022-04-27T12:28:12","guid":{"rendered":"https:\/\/stage.ionexchangeglobal.com\/?page_id=36777"},"modified":"2023-09-28T17:19:33","modified_gmt":"2023-09-28T11:49:33","slug":"systeme-a-boues-activees","status":"publish","type":"page","link":"https:\/\/ionexchangeglobal.com\/int\/fr\/systeme-a-boues-activees\/","title":{"rendered":"Syst\u00e8me \u00e0 boues activ\u00e9es"},"content":{"rendered":"\t\t<div data-elementor-type=\"wp-page\" data-elementor-id=\"36777\" data-post-id=\"36777\" data-obj-id=\"36777\" class=\"elementor elementor-36777 dce-elementor-post-36777\">\n\t\t\t\t\t\t<div class=\"elementor-inner\">\n\t\t\t\t<div class=\"elementor-section-wrap\">\n\t\t\t\t\t\t\t\t\t<section class=\"has_ma_el_bg_slider elementor-section elementor-top-section elementor-element elementor-element-1d20ef9 elementor-section-boxed elementor-section-height-default elementor-section-height-default jltma-glass-effect-no\" data-id=\"1d20ef9\" data-element_type=\"section\">\n\t\t\t\t\t\t<div class=\"elementor-container elementor-column-gap-default\">\n\t\t\t\t\t\t\t<div class=\"elementor-row\">\n\t\t\t\t\t<div class=\"has_ma_el_bg_slider elementor-column elementor-col-100 elementor-top-column elementor-element elementor-element-084f5c7 jltma-glass-effect-no\" data-id=\"084f5c7\" data-element_type=\"column\">\n\t\t\t<div class=\"elementor-column-wrap elementor-element-populated\">\n\t\t\t\t\t\t\t<div class=\"elementor-widget-wrap\">\n\t\t\t\t\t\t<section class=\"has_ma_el_bg_slider elementor-section elementor-inner-section elementor-element elementor-element-55d17c8 elementor-section-boxed elementor-section-height-default elementor-section-height-default jltma-glass-effect-no\" data-id=\"55d17c8\" data-element_type=\"section\">\n\t\t\t\t\t\t<div class=\"elementor-container elementor-column-gap-default\">\n\t\t\t\t\t\t\t<div class=\"elementor-row\">\n\t\t\t\t\t<div class=\"has_ma_el_bg_slider elementor-column elementor-col-100 elementor-inner-column elementor-element elementor-element-c07f433 jltma-glass-effect-no\" data-id=\"c07f433\" data-element_type=\"column\">\n\t\t\t<div class=\"elementor-column-wrap elementor-element-populated\">\n\t\t\t\t\t\t\t<div class=\"elementor-widget-wrap\">\n\t\t\t\t\t\t<div class=\"elementor-element elementor-element-dd84c29 jltma-glass-effect-no elementor-widget elementor-widget-heading\" data-id=\"dd84c29\" data-element_type=\"widget\" data-widget_type=\"heading.default\">\n\t\t\t\t<div class=\"elementor-widget-container\">\n\t\t\t<h2 class=\"elementor-heading-title elementor-size-default\">PROC\u00c9D\u00c9 DE BOUES ACTIV\u00c9ES INDION<\/h2>\t\t<\/div>\n\t\t\t\t<\/div>\n\t\t\t\t<div class=\"elementor-element elementor-element-c8e2f5a jltma-glass-effect-no elementor-widget elementor-widget-text-editor\" data-id=\"c8e2f5a\" data-element_type=\"widget\" data-widget_type=\"text-editor.default\">\n\t\t\t\t<div class=\"elementor-widget-container\">\n\t\t\t\t\t\t\t\t<div class=\"elementor-text-editor elementor-clearfix\">\n\t\t\t\t<p>Le proc\u00e9d\u00e9 par boues activ\u00e9es implique un bassin d&#8217;a\u00e9ration contenant des micro-organismes en suspension (MLSS) qui d\u00e9gradent la mati\u00e8re organique pr\u00e9sente dans les effluents. Le MLSS est ensuite d\u00e9cant\u00e9 dans un clarificateur secondaire et les boues d\u00e9cant\u00e9es sont remises en circulation dans un r\u00e9servoir d&#8217;a\u00e9ration pour maintenir le MLSS. L&#8217;air\/oxyg\u00e8ne est fourni soit par un syst\u00e8me d&#8217;a\u00e9ration de surface, soit par diffusion. Le temps de r\u00e9tention hydraulique (HRT) est d&#8217;environ 6 \u00e0 7 heures et le temps de r\u00e9tention des boues (SRT) est compris entre 8 et 15 jours.<\/p>\t\t\t\t\t<\/div>\n\t\t\t\t\t\t<\/div>\n\t\t\t\t<\/div>\n\t\t\t\t<div class=\"elementor-element elementor-element-793cc0d dce_masking-none jltma-glass-effect-no elementor-widget elementor-widget-image\" data-id=\"793cc0d\" data-element_type=\"widget\" data-widget_type=\"image.default\">\n\t\t\t\t<div class=\"elementor-widget-container\">\n\t\t\t\t\t\t\t\t<div class=\"elementor-image\">\n\t\t\t\t\t\t\t\t\t\t\t\t<img decoding=\"async\" width=\"391\" height=\"453\" src=\"https:\/\/ionexchangeglobal.com\/int\/wp-content\/uploads\/2022\/04\/activated-sludge-process.jpg\" class=\"attachment-large size-large wp-image-25091\" alt=\"\" srcset=\"https:\/\/ionexchangeglobal.com\/int\/wp-content\/uploads\/2022\/04\/activated-sludge-process.jpg 391w, https:\/\/ionexchangeglobal.com\/int\/wp-content\/uploads\/2022\/04\/activated-sludge-process-259x300.jpg 259w\" sizes=\"(max-width: 391px) 100vw, 391px\" loading=\"lazy\" \/>\t\t\t\t\t\t\t\t\t\t\t\t\t\t<\/div>\n\t\t\t\t\t\t<\/div>\n\t\t\t\t<\/div>\n\t\t\t\t\t\t<\/div>\n\t\t\t\t\t<\/div>\n\t\t<\/div>\n\t\t\t\t\t\t\t\t<\/div>\n\t\t\t\t\t<\/div>\n\t\t<\/section>\n\t\t\t\t<section class=\"has_ma_el_bg_slider elementor-section elementor-inner-section elementor-element elementor-element-4b71913 elementor-section-boxed elementor-section-height-default elementor-section-height-default jltma-glass-effect-no\" data-id=\"4b71913\" data-element_type=\"section\">\n\t\t\t\t\t\t<div class=\"elementor-container elementor-column-gap-default\">\n\t\t\t\t\t\t\t<div class=\"elementor-row\">\n\t\t\t\t\t<div class=\"has_ma_el_bg_slider elementor-column elementor-col-100 elementor-inner-column elementor-element elementor-element-ff97ea7 jltma-glass-effect-no\" data-id=\"ff97ea7\" data-element_type=\"column\">\n\t\t\t<div class=\"elementor-column-wrap elementor-element-populated\">\n\t\t\t\t\t\t\t<div class=\"elementor-widget-wrap\">\n\t\t\t\t\t\t<div class=\"elementor-element elementor-element-08bc597 jltma-glass-effect-no elementor-widget elementor-widget-heading\" data-id=\"08bc597\" data-element_type=\"widget\" data-widget_type=\"heading.default\">\n\t\t\t\t<div class=\"elementor-widget-container\">\n\t\t\t<h2 class=\"elementor-heading-title elementor-size-default\">A\u00c9RATION \u00c9TENDU INDION<\/h2>\t\t<\/div>\n\t\t\t\t<\/div>\n\t\t\t\t<div class=\"elementor-element elementor-element-9e4362d jltma-glass-effect-no elementor-widget elementor-widget-text-editor\" data-id=\"9e4362d\" data-element_type=\"widget\" data-widget_type=\"text-editor.default\">\n\t\t\t\t<div class=\"elementor-widget-container\">\n\t\t\t\t\t\t\t\t<div class=\"elementor-text-editor elementor-clearfix\">\n\t\t\t\t<p>L&#8217;a\u00e9ration prolong\u00e9e est similaire au proc\u00e9d\u00e9 \u00e0 boues activ\u00e9es, sauf qu&#8217;elle inclut un HRT (8 \u00e0 10 heures) et un SRT (20 \u00e0 25 jours) plus \u00e9lev\u00e9s que le proc\u00e9d\u00e9 \u00e0 boues activ\u00e9es et produit donc des boues hautement stabilis\u00e9es.<\/p><p><strong>R\u00e9action:<\/strong><\/p><p><img decoding=\"async\" class=\"alignnone wp-image-25092 size-full\" src=\"https:\/\/ion.showdigital.in\/app\/uploads\/2022\/04\/activated-sludge-process-reaction-1.jpg\" alt=\"\" width=\"579\" height=\"67\" srcset=\"https:\/\/ionexchangeglobal.com\/int\/wp-content\/uploads\/2022\/04\/activated-sludge-process-reaction-1.jpg 579w, https:\/\/ionexchangeglobal.com\/int\/wp-content\/uploads\/2022\/04\/activated-sludge-process-reaction-1-300x35.jpg 300w\" sizes=\"(max-width: 579px) 100vw, 579px\" loading=\"lazy\" \/><\/p><p><img decoding=\"async\" class=\"alignnone wp-image-25093 size-full\" src=\"https:\/\/ion.showdigital.in\/app\/uploads\/2022\/04\/activated-sludge-process-reaction-2.jpg\" alt=\"\" width=\"417\" height=\"71\" srcset=\"https:\/\/ionexchangeglobal.com\/int\/wp-content\/uploads\/2022\/04\/activated-sludge-process-reaction-2.jpg 417w, https:\/\/ionexchangeglobal.com\/int\/wp-content\/uploads\/2022\/04\/activated-sludge-process-reaction-2-300x51.jpg 300w\" sizes=\"(max-width: 417px) 100vw, 417px\" loading=\"lazy\" \/><\/p><p>Un syst\u00e8me d&#8217;a\u00e9ration diffuse doit \u00eatre utilis\u00e9 pour fournir l&#8217;oxyg\u00e8ne souhait\u00e9 aux micro-organismes, ce qui sert \u00e9galement \u00e0 maintenir le contenu du r\u00e9acteur dans un r\u00e9gime compl\u00e8tement m\u00e9lang\u00e9 et \u00e0 dissoudre le niveau d&#8217;oxyg\u00e8ne (OD) de 2 ppm.<\/p><p><img decoding=\"async\" class=\"aligncenter wp-image-25097 size-full\" src=\"https:\/\/ion.showdigital.in\/app\/uploads\/2022\/04\/activated-sludge-process-img.jpg\" alt=\"\" width=\"490\" height=\"242\" srcset=\"https:\/\/ionexchangeglobal.com\/int\/wp-content\/uploads\/2022\/04\/activated-sludge-process-img.jpg 490w, https:\/\/ionexchangeglobal.com\/int\/wp-content\/uploads\/2022\/04\/activated-sludge-process-img-300x148.jpg 300w\" sizes=\"(max-width: 490px) 100vw, 490px\" loading=\"lazy\" \/><\/p>\t\t\t\t\t<\/div>\n\t\t\t\t\t\t<\/div>\n\t\t\t\t<\/div>\n\t\t\t\t\t\t<\/div>\n\t\t\t\t\t<\/div>\n\t\t<\/div>\n\t\t\t\t\t\t\t\t<\/div>\n\t\t\t\t\t<\/div>\n\t\t<\/section>\n\t\t\t\t\t\t<\/div>\n\t\t\t\t\t<\/div>\n\t\t<\/div>\n\t\t\t\t\t\t\t\t<\/div>\n\t\t\t\t\t<\/div>\n\t\t<\/section>\n\t\t\t\t<section class=\"has_ma_el_bg_slider elementor-section elementor-top-section elementor-element elementor-element-905a488 elementor-section-boxed elementor-section-height-default elementor-section-height-default jltma-glass-effect-no\" data-id=\"905a488\" data-element_type=\"section\">\n\t\t\t\t\t\t<div class=\"elementor-container elementor-column-gap-default\">\n\t\t\t\t\t\t\t<div class=\"elementor-row\">\n\t\t\t\t\t<div class=\"has_ma_el_bg_slider elementor-column elementor-col-100 elementor-top-column elementor-element elementor-element-3666758 jltma-glass-effect-no\" data-id=\"3666758\" data-element_type=\"column\">\n\t\t\t<div class=\"elementor-column-wrap elementor-element-populated\">\n\t\t\t\t\t\t\t<div class=\"elementor-widget-wrap\">\n\t\t\t\t\t\t<section class=\"has_ma_el_bg_slider elementor-section elementor-inner-section elementor-element elementor-element-08a4475 elementor-section-boxed elementor-section-height-default elementor-section-height-default jltma-glass-effect-no\" data-id=\"08a4475\" data-element_type=\"section\">\n\t\t\t\t\t\t<div class=\"elementor-container elementor-column-gap-default\">\n\t\t\t\t\t\t\t<div class=\"elementor-row\">\n\t\t\t\t\t<div class=\"has_ma_el_bg_slider elementor-column elementor-col-100 elementor-inner-column elementor-element elementor-element-b0c8931 jltma-glass-effect-no\" data-id=\"b0c8931\" data-element_type=\"column\">\n\t\t\t<div class=\"elementor-column-wrap elementor-element-populated\">\n\t\t\t\t\t\t\t<div class=\"elementor-widget-wrap\">\n\t\t\t\t\t\t<div class=\"elementor-element elementor-element-3a089b0 jltma-glass-effect-no elementor-widget elementor-widget-heading\" data-id=\"3a089b0\" data-element_type=\"widget\" data-widget_type=\"heading.default\">\n\t\t\t\t<div class=\"elementor-widget-container\">\n\t\t\t<h2 class=\"elementor-heading-title elementor-size-default\">CLARIFICATEUR SECONDAIRE INDION<\/h2>\t\t<\/div>\n\t\t\t\t<\/div>\n\t\t\t\t<div class=\"elementor-element elementor-element-b796ee7 jltma-glass-effect-no elementor-widget elementor-widget-text-editor\" data-id=\"b796ee7\" data-element_type=\"widget\" data-widget_type=\"text-editor.default\">\n\t\t\t\t<div class=\"elementor-widget-container\">\n\t\t\t\t\t\t\t\t<div class=\"elementor-text-editor elementor-clearfix\">\n\t\t\t\t<p>La liqueur m\u00e9lang\u00e9e du r\u00e9servoir d&#8217;a\u00e9ration entre dans le puits central du clarificateur secondaire INDION pour la s\u00e9paration des boues et du liquide. \u00c0 la fin de la p\u00e9riode d&#8217;a\u00e9ration, le m\u00e9lange d&#8217;eaux us\u00e9es et de masse biologique (liqueur m\u00e9lang\u00e9e) s&#8217;\u00e9coule par la sortie vers le clarificateur secondaire INDION. Ici, les mati\u00e8res en suspension (MLSS) et le liquide sont s\u00e9par\u00e9s par gravit\u00e9. Les solides s\u00e9par\u00e9s sont renvoy\u00e9s vers le bassin d&#8217;a\u00e9ration en tant que boues de retour, tandis que le liquide d\u00e9borde du d\u00e9versoir dans le r\u00e9servoir d&#8217;eau clarifi\u00e9e pour un traitement ult\u00e9rieur.<\/p><p><img decoding=\"async\" class=\"aligncenter wp-image-25101 size-full\" src=\"https:\/\/ion.showdigital.in\/app\/uploads\/2022\/04\/INDION-SECONDARY-CLARIFIER.jpg\" alt=\"\" width=\"503\" height=\"226\" srcset=\"https:\/\/ionexchangeglobal.com\/int\/wp-content\/uploads\/2022\/04\/INDION-SECONDARY-CLARIFIER.jpg 503w, https:\/\/ionexchangeglobal.com\/int\/wp-content\/uploads\/2022\/04\/INDION-SECONDARY-CLARIFIER-300x135.jpg 300w\" sizes=\"(max-width: 503px) 100vw, 503px\" loading=\"lazy\" \/><\/p>\t\t\t\t\t<\/div>\n\t\t\t\t\t\t<\/div>\n\t\t\t\t<\/div>\n\t\t\t\t\t\t<\/div>\n\t\t\t\t\t<\/div>\n\t\t<\/div>\n\t\t\t\t\t\t\t\t<\/div>\n\t\t\t\t\t<\/div>\n\t\t<\/section>\n\t\t\t\t\t\t<\/div>\n\t\t\t\t\t<\/div>\n\t\t<\/div>\n\t\t\t\t\t\t\t\t<\/div>\n\t\t\t\t\t<\/div>\n\t\t<\/section>\n\t\t\t\t\t\t\t\t\t<\/div>\n\t\t\t<\/div>\n\t\t\t\t\t<\/div>\n\t\t","protected":false},"excerpt":{"rendered":"<p>PROC\u00c9D\u00c9 DE BOUES ACTIV\u00c9ES INDION Le proc\u00e9d\u00e9 par boues activ\u00e9es implique un bassin d&#8217;a\u00e9ration contenant des micro-organismes en suspension (MLSS) qui d\u00e9gradent la mati\u00e8re organique pr\u00e9sente dans les effluents. Le MLSS est ensuite d\u00e9cant\u00e9 dans un clarificateur secondaire et les boues d\u00e9cant\u00e9es sont remises en circulation dans un r\u00e9servoir d&#8217;a\u00e9ration pour maintenir le MLSS. L&#8217;air\/oxyg\u00e8ne&hellip;<\/p>\n","protected":false},"author":4,"featured_media":23689,"parent":0,"menu_order":0,"comment_status":"closed","ping_status":"closed","template":"elementor_header_footer","meta":{"inline_featured_image":false},"yoast_head":"<!-- This site is optimized with the Yoast SEO plugin v20.12 - https:\/\/yoast.com\/wordpress\/plugins\/seo\/ -->\n<title>Syst\u00e8me \u00e0 boues activ\u00e9es - Ion Exchange<\/title>\n<meta name=\"robots\" content=\"index, follow, max-snippet:-1, max-image-preview:large, max-video-preview:-1\" \/>\n<link rel=\"canonical\" href=\"https:\/\/ionexchangeglobal.com\/int\/fr\/systeme-a-boues-activees\/\" \/>\n<meta property=\"og:locale\" content=\"en_US\" \/>\n<meta property=\"og:type\" content=\"article\" \/>\n<meta property=\"og:title\" content=\"Syst\u00e8me \u00e0 boues activ\u00e9es - Ion Exchange\" \/>\n<meta property=\"og:description\" content=\"PROC\u00c9D\u00c9 DE BOUES ACTIV\u00c9ES INDION Le proc\u00e9d\u00e9 par boues activ\u00e9es implique un bassin d&#8217;a\u00e9ration contenant des micro-organismes en suspension (MLSS) qui d\u00e9gradent la mati\u00e8re organique pr\u00e9sente dans les effluents. Le MLSS est ensuite d\u00e9cant\u00e9 dans un clarificateur secondaire et les boues d\u00e9cant\u00e9es sont remises en circulation dans un r\u00e9servoir d&#8217;a\u00e9ration pour maintenir le MLSS. L&#8217;air\/oxyg\u00e8ne&hellip;\" \/>\n<meta property=\"og:url\" content=\"https:\/\/ionexchangeglobal.com\/int\/fr\/systeme-a-boues-activees\/\" \/>\n<meta property=\"og:site_name\" content=\"Ion Exchange\" \/>\n<meta property=\"article:publisher\" content=\"https:\/\/www.facebook.com\/IONEXCHANGE\" \/>\n<meta property=\"article:modified_time\" content=\"2023-09-28T11:49:33+00:00\" \/>\n<meta property=\"og:image\" content=\"https:\/\/ionexchangeglobal.com\/int\/wp-content\/uploads\/2022\/04\/waste-water-treatment-banner.jpg\" \/>\n\t<meta property=\"og:image:width\" content=\"1920\" \/>\n\t<meta property=\"og:image:height\" content=\"689\" \/>\n\t<meta property=\"og:image:type\" content=\"image\/jpeg\" \/>\n<meta name=\"twitter:card\" content=\"summary_large_image\" \/>\n<meta name=\"twitter:site\" content=\"@IEI_Ltd\" \/>\n<meta name=\"twitter:label1\" content=\"Est. reading time\" \/>\n\t<meta name=\"twitter:data1\" content=\"2 minutes\" \/>\n<script type=\"application\/ld+json\" class=\"yoast-schema-graph\">{\"@context\":\"https:\/\/schema.org\",\"@graph\":[{\"@type\":\"WebPage\",\"@id\":\"https:\/\/ionexchangeglobal.com\/int\/fr\/systeme-a-boues-activees\/\",\"url\":\"https:\/\/ionexchangeglobal.com\/int\/fr\/systeme-a-boues-activees\/\",\"name\":\"Syst\u00e8me \u00e0 boues activ\u00e9es - Ion Exchange\",\"isPartOf\":{\"@id\":\"https:\/\/ionexchangeglobal.com\/int\/#website\"},\"datePublished\":\"2022-04-27T12:28:12+00:00\",\"dateModified\":\"2023-09-28T11:49:33+00:00\",\"breadcrumb\":{\"@id\":\"https:\/\/ionexchangeglobal.com\/int\/fr\/systeme-a-boues-activees\/#breadcrumb\"},\"inLanguage\":\"en-US\",\"potentialAction\":[{\"@type\":\"ReadAction\",\"target\":[\"https:\/\/ionexchangeglobal.com\/int\/fr\/systeme-a-boues-activees\/\"]}]},{\"@type\":\"BreadcrumbList\",\"@id\":\"https:\/\/ionexchangeglobal.com\/int\/fr\/systeme-a-boues-activees\/#breadcrumb\",\"itemListElement\":[{\"@type\":\"ListItem\",\"position\":1,\"name\":\"Home\",\"item\":\"https:\/\/ionexchangeglobal.com\/int\/pt\/pagina-inicial\/\"},{\"@type\":\"ListItem\",\"position\":2,\"name\":\"Syst\u00e8me \u00e0 boues activ\u00e9es\"}]},{\"@type\":\"WebSite\",\"@id\":\"https:\/\/ionexchangeglobal.com\/int\/#website\",\"url\":\"https:\/\/ionexchangeglobal.com\/int\/\",\"name\":\"Ion Exchange\",\"description\":\"Refreshing the Planet\",\"publisher\":{\"@id\":\"https:\/\/ionexchangeglobal.com\/int\/#organization\"},\"potentialAction\":[{\"@type\":\"SearchAction\",\"target\":{\"@type\":\"EntryPoint\",\"urlTemplate\":\"https:\/\/ionexchangeglobal.com\/int\/?s={search_term_string}\"},\"query-input\":\"required name=search_term_string\"}],\"inLanguage\":\"en-US\"},{\"@type\":\"Organization\",\"@id\":\"https:\/\/ionexchangeglobal.com\/int\/#organization\",\"name\":\"Ion Exchange\",\"url\":\"https:\/\/ionexchangeglobal.com\/int\/\",\"logo\":{\"@type\":\"ImageObject\",\"inLanguage\":\"en-US\",\"@id\":\"https:\/\/ionexchangeglobal.com\/int\/#\/schema\/logo\/image\/\",\"url\":\"http:\/\/localhost:8000\/app\/uploads\/2022\/05\/ion-logo-1.webp\",\"contentUrl\":\"http:\/\/localhost:8000\/app\/uploads\/2022\/05\/ion-logo-1.webp\",\"width\":1,\"height\":1,\"caption\":\"Ion Exchange\"},\"image\":{\"@id\":\"https:\/\/ionexchangeglobal.com\/int\/#\/schema\/logo\/image\/\"},\"sameAs\":[\"https:\/\/www.facebook.com\/IONEXCHANGE\",\"https:\/\/twitter.com\/IEI_Ltd\",\"https:\/\/www.youtube.com\/channel\/UCqSuT-yd40I7RZ4p5UXuKbA\/videos\"]}]}<\/script>\n<!-- \/ Yoast SEO plugin. -->","yoast_head_json":{"title":"Syst\u00e8me \u00e0 boues activ\u00e9es - Ion Exchange","robots":{"index":"index","follow":"follow","max-snippet":"max-snippet:-1","max-image-preview":"max-image-preview:large","max-video-preview":"max-video-preview:-1"},"canonical":"https:\/\/ionexchangeglobal.com\/int\/fr\/systeme-a-boues-activees\/","og_locale":"en_US","og_type":"article","og_title":"Syst\u00e8me \u00e0 boues activ\u00e9es - Ion Exchange","og_description":"PROC\u00c9D\u00c9 DE BOUES ACTIV\u00c9ES INDION Le proc\u00e9d\u00e9 par boues activ\u00e9es implique un bassin d&#8217;a\u00e9ration contenant des micro-organismes en suspension (MLSS) qui d\u00e9gradent la mati\u00e8re organique pr\u00e9sente dans les effluents. Le MLSS est ensuite d\u00e9cant\u00e9 dans un clarificateur secondaire et les boues d\u00e9cant\u00e9es sont remises en circulation dans un r\u00e9servoir d&#8217;a\u00e9ration pour maintenir le MLSS. L&#8217;air\/oxyg\u00e8ne&hellip;","og_url":"https:\/\/ionexchangeglobal.com\/int\/fr\/systeme-a-boues-activees\/","og_site_name":"Ion Exchange","article_publisher":"https:\/\/www.facebook.com\/IONEXCHANGE","article_modified_time":"2023-09-28T11:49:33+00:00","og_image":[{"width":1920,"height":689,"url":"https:\/\/ionexchangeglobal.com\/int\/wp-content\/uploads\/2022\/04\/waste-water-treatment-banner.jpg","type":"image\/jpeg"}],"twitter_card":"summary_large_image","twitter_site":"@IEI_Ltd","twitter_misc":{"Est. reading time":"2 minutes"},"schema":{"@context":"https:\/\/schema.org","@graph":[{"@type":"WebPage","@id":"https:\/\/ionexchangeglobal.com\/int\/fr\/systeme-a-boues-activees\/","url":"https:\/\/ionexchangeglobal.com\/int\/fr\/systeme-a-boues-activees\/","name":"Syst\u00e8me \u00e0 boues activ\u00e9es - Ion Exchange","isPartOf":{"@id":"https:\/\/ionexchangeglobal.com\/int\/#website"},"datePublished":"2022-04-27T12:28:12+00:00","dateModified":"2023-09-28T11:49:33+00:00","breadcrumb":{"@id":"https:\/\/ionexchangeglobal.com\/int\/fr\/systeme-a-boues-activees\/#breadcrumb"},"inLanguage":"en-US","potentialAction":[{"@type":"ReadAction","target":["https:\/\/ionexchangeglobal.com\/int\/fr\/systeme-a-boues-activees\/"]}]},{"@type":"BreadcrumbList","@id":"https:\/\/ionexchangeglobal.com\/int\/fr\/systeme-a-boues-activees\/#breadcrumb","itemListElement":[{"@type":"ListItem","position":1,"name":"Home","item":"https:\/\/ionexchangeglobal.com\/int\/pt\/pagina-inicial\/"},{"@type":"ListItem","position":2,"name":"Syst\u00e8me \u00e0 boues activ\u00e9es"}]},{"@type":"WebSite","@id":"https:\/\/ionexchangeglobal.com\/int\/#website","url":"https:\/\/ionexchangeglobal.com\/int\/","name":"Ion Exchange","description":"Refreshing the Planet","publisher":{"@id":"https:\/\/ionexchangeglobal.com\/int\/#organization"},"potentialAction":[{"@type":"SearchAction","target":{"@type":"EntryPoint","urlTemplate":"https:\/\/ionexchangeglobal.com\/int\/?s={search_term_string}"},"query-input":"required name=search_term_string"}],"inLanguage":"en-US"},{"@type":"Organization","@id":"https:\/\/ionexchangeglobal.com\/int\/#organization","name":"Ion Exchange","url":"https:\/\/ionexchangeglobal.com\/int\/","logo":{"@type":"ImageObject","inLanguage":"en-US","@id":"https:\/\/ionexchangeglobal.com\/int\/#\/schema\/logo\/image\/","url":"http:\/\/localhost:8000\/app\/uploads\/2022\/05\/ion-logo-1.webp","contentUrl":"http:\/\/localhost:8000\/app\/uploads\/2022\/05\/ion-logo-1.webp","width":1,"height":1,"caption":"Ion Exchange"},"image":{"@id":"https:\/\/ionexchangeglobal.com\/int\/#\/schema\/logo\/image\/"},"sameAs":["https:\/\/www.facebook.com\/IONEXCHANGE","https:\/\/twitter.com\/IEI_Ltd","https:\/\/www.youtube.com\/channel\/UCqSuT-yd40I7RZ4p5UXuKbA\/videos"]}]}},"lang":"fr","translations":{"fr":36777,"en":25089,"es":37566,"ru":38780,"ja":39987,"pt":43579,"it":43653,"de":43658,"zh":43663},"pll_sync_post":[],"_links":{"self":[{"href":"https:\/\/ionexchangeglobal.com\/int\/wp-json\/wp\/v2\/pages\/36777"}],"collection":[{"href":"https:\/\/ionexchangeglobal.com\/int\/wp-json\/wp\/v2\/pages"}],"about":[{"href":"https:\/\/ionexchangeglobal.com\/int\/wp-json\/wp\/v2\/types\/page"}],"author":[{"embeddable":true,"href":"https:\/\/ionexchangeglobal.com\/int\/wp-json\/wp\/v2\/users\/4"}],"replies":[{"embeddable":true,"href":"https:\/\/ionexchangeglobal.com\/int\/wp-json\/wp\/v2\/comments?post=36777"}],"version-history":[{"count":1,"href":"https:\/\/ionexchangeglobal.com\/int\/wp-json\/wp\/v2\/pages\/36777\/revisions"}],"predecessor-version":[{"id":36781,"href":"https:\/\/ionexchangeglobal.com\/int\/wp-json\/wp\/v2\/pages\/36777\/revisions\/36781"}],"wp:featuredmedia":[{"embeddable":true,"href":"https:\/\/ionexchangeglobal.com\/int\/wp-json\/wp\/v2\/media\/23689"}],"wp:attachment":[{"href":"https:\/\/ionexchangeglobal.com\/int\/wp-json\/wp\/v2\/media?parent=36777"}],"curies":[{"name":"wp","href":"https:\/\/api.w.org\/{rel}","templated":true}]}}