{"id":36537,"date":"2021-12-17T12:05:27","date_gmt":"2021-12-17T12:05:27","guid":{"rendered":"https:\/\/stage.ionexchangeglobal.com\/?page_id=36537"},"modified":"2023-12-06T23:52:08","modified_gmt":"2023-12-06T18:22:08","slug":"osmose-direta","status":"publish","type":"page","link":"https:\/\/ionexchangeglobal.com\/int\/pt\/osmose-direta\/","title":{"rendered":"Osmose Direta"},"content":{"rendered":"\t\t<div data-elementor-type=\"wp-page\" data-elementor-id=\"36537\" data-post-id=\"36537\" data-obj-id=\"36537\" class=\"elementor elementor-36537 dce-elementor-post-36537\">\n\t\t\t\t\t\t<div class=\"elementor-inner\">\n\t\t\t\t<div class=\"elementor-section-wrap\">\n\t\t\t\t\t\t\t\t\t<section class=\"has_ma_el_bg_slider elementor-section elementor-top-section elementor-element elementor-element-bd6ad0e elementor-section-boxed elementor-section-height-default elementor-section-height-default jltma-glass-effect-no\" data-id=\"bd6ad0e\" data-element_type=\"section\">\n\t\t\t\t\t\t<div class=\"elementor-container elementor-column-gap-default\">\n\t\t\t\t\t\t\t<div class=\"elementor-row\">\n\t\t\t\t\t<div class=\"has_ma_el_bg_slider elementor-column elementor-col-100 elementor-top-column elementor-element elementor-element-d1191d7 jltma-glass-effect-no\" data-id=\"d1191d7\" data-element_type=\"column\">\n\t\t\t<div class=\"elementor-column-wrap\">\n\t\t\t\t\t\t\t<div class=\"elementor-widget-wrap\">\n\t\t\t\t\t\t\t\t<\/div>\n\t\t\t\t\t<\/div>\n\t\t<\/div>\n\t\t\t\t\t\t\t\t<\/div>\n\t\t\t\t\t<\/div>\n\t\t<\/section>\n\t\t\t\t<section class=\"has_ma_el_bg_slider elementor-section elementor-top-section elementor-element elementor-element-23b59cb elementor-section-boxed elementor-section-height-default elementor-section-height-default jltma-glass-effect-no\" data-id=\"23b59cb\" data-element_type=\"section\">\n\t\t\t\t\t\t<div class=\"elementor-container elementor-column-gap-default\">\n\t\t\t\t\t\t\t<div class=\"elementor-row\">\n\t\t\t\t\t<div class=\"has_ma_el_bg_slider elementor-column elementor-col-50 elementor-top-column elementor-element elementor-element-b0e901b jltma-glass-effect-no\" data-id=\"b0e901b\" data-element_type=\"column\">\n\t\t\t<div class=\"elementor-column-wrap elementor-element-populated\">\n\t\t\t\t\t\t\t<div class=\"elementor-widget-wrap\">\n\t\t\t\t\t\t<section class=\"has_ma_el_bg_slider elementor-section elementor-inner-section elementor-element elementor-element-1b73551 elementor-section-boxed elementor-section-height-default elementor-section-height-default jltma-glass-effect-no\" data-id=\"1b73551\" data-element_type=\"section\">\n\t\t\t\t\t\t<div class=\"elementor-container elementor-column-gap-default\">\n\t\t\t\t\t\t\t<div class=\"elementor-row\">\n\t\t\t\t\t<div class=\"has_ma_el_bg_slider elementor-column elementor-col-50 elementor-inner-column elementor-element elementor-element-115e857 card-wrap jltma-glass-effect-no\" data-dce-background-color=\"#FFF5F5\" data-id=\"115e857\" data-element_type=\"column\" data-settings=\"{&quot;background_background&quot;:&quot;gradient&quot;}\">\n\t\t\t<div class=\"elementor-column-wrap elementor-element-populated\">\n\t\t\t\t\t<div class=\"elementor-background-overlay\"><\/div>\n\t\t\t\t\t\t\t<div class=\"elementor-widget-wrap\">\n\t\t\t\t\t\t<div class=\"elementor-element elementor-element-cf5b1d8 filtration-img dce_masking-none jltma-glass-effect-no elementor-widget elementor-widget-image\" data-id=\"cf5b1d8\" data-element_type=\"widget\" data-widget_type=\"image.default\">\n\t\t\t\t<div class=\"elementor-widget-container\">\n\t\t\t\t\t\t\t\t<div class=\"elementor-image\">\n\t\t\t\t\t\t\t\t\t\t\t\t\t<a href=\"\/app\/uploads\/2021\/12\/Forward-Osmosis.pdf\" target=\"_blank\">\n\t\t\t\t\t\t\t<img decoding=\"async\" width=\"270\" height=\"270\" src=\"https:\/\/ionexchangeglobal.com\/int\/wp-content\/uploads\/2021\/12\/forward-osmosis.jpg\" class=\"elementor-animation-grow attachment-full size-full wp-image-15275\" alt=\"\" srcset=\"https:\/\/ionexchangeglobal.com\/int\/wp-content\/uploads\/2021\/12\/forward-osmosis.jpg 270w, https:\/\/ionexchangeglobal.com\/int\/wp-content\/uploads\/2021\/12\/forward-osmosis-150x150.jpg 150w\" sizes=\"(max-width: 270px) 100vw, 270px\" loading=\"lazy\" \/>\t\t\t\t\t\t\t\t<\/a>\n\t\t\t\t\t\t\t\t\t\t\t\t\t\t<\/div>\n\t\t\t\t\t\t<\/div>\n\t\t\t\t<\/div>\n\t\t\t\t<div class=\"elementor-element elementor-element-5fe6eb0 jltma-glass-effect-no elementor-widget elementor-widget-text-editor\" data-id=\"5fe6eb0\" data-element_type=\"widget\" data-widget_type=\"text-editor.default\">\n\t\t\t\t<div class=\"elementor-widget-container\">\n\t\t\t\t\t\t\t\t<div class=\"elementor-text-editor elementor-clearfix\">\n\t\t\t\t<h3 style=\"font-size: 22px; color: #009adc; line-height: 1.455; font-weight: bold;\">Osmose Direta<\/h3><p style=\"text-align: left;\">A osmose direta (FO) \u00e9 um processo &#8216;verde&#8217; que usa uma membrana semiperme\u00e1vel para separar a \u00e1gua dos s\u00f3lidos dissolvidos. A osmose direta puxa as mol\u00e9culas de \u00e1gua atrav\u00e9s da membrana por meio de diferen\u00e7as de press\u00e3o osm\u00f3tica e n\u00e3o requer bomba externa ou press\u00e3o hidr\u00e1ulica&#8230;<\/p><p><a style=\"font-weight: bold; color: #0071b4;\" href=\"\/app\/uploads\/2021\/12\/Forward-Osmosis.pdf\" target=\"_blank\" rel=\"noopener\">consulte Mais informa\u00e7\u00e3o<i class=\"fa fa-arrow-right\" aria-hidden=\"true\"><\/i><\/a><\/p>\t\t\t\t\t<\/div>\n\t\t\t\t\t\t<\/div>\n\t\t\t\t<\/div>\n\t\t\t\t\t\t<\/div>\n\t\t\t\t\t<\/div>\n\t\t<\/div>\n\t\t\t\t<div class=\"has_ma_el_bg_slider elementor-column elementor-col-50 elementor-inner-column elementor-element elementor-element-9de80af jltma-glass-effect-no\" data-id=\"9de80af\" data-element_type=\"column\">\n\t\t\t<div class=\"elementor-column-wrap\">\n\t\t\t\t\t\t\t<div class=\"elementor-widget-wrap\">\n\t\t\t\t\t\t\t\t<\/div>\n\t\t\t\t\t<\/div>\n\t\t<\/div>\n\t\t\t\t\t\t\t\t<\/div>\n\t\t\t\t\t<\/div>\n\t\t<\/section>\n\t\t\t\t\t\t<\/div>\n\t\t\t\t\t<\/div>\n\t\t<\/div>\n\t\t\t\t<div class=\"has_ma_el_bg_slider elementor-column elementor-col-50 elementor-top-column elementor-element elementor-element-1f6bae8 jltma-glass-effect-no\" data-id=\"1f6bae8\" data-element_type=\"column\">\n\t\t\t<div class=\"elementor-column-wrap elementor-element-populated\">\n\t\t\t\t\t\t\t<div class=\"elementor-widget-wrap\">\n\t\t\t\t\t\t<div class=\"elementor-element elementor-element-f50f969 jltma-glass-effect-no elementor-widget elementor-widget-ucaddon_service_single_sidebar\" data-id=\"f50f969\" data-element_type=\"widget\" data-widget_type=\"ucaddon_service_single_sidebar.default\">\n\t\t\t\t<div class=\"elementor-widget-container\">\n\t\t\t<!-- start Service single sidebar -->\n\t\t<link id='font-awesome-css' href='https:\/\/ionexchangeglobal.com\/int\/wp-content\/plugins\/unlimited-elements-for-elementor\/assets_libraries\/font-awesome5\/css\/fontawesome-all.min.css' type='text\/css' rel='stylesheet' >\n\t\t<link id='font-awesome-4-shim-css' href='https:\/\/ionexchangeglobal.com\/int\/wp-content\/plugins\/unlimited-elements-for-elementor\/assets_libraries\/font-awesome5\/css\/fontawesome-v4-shims.css' type='text\/css' rel='stylesheet' >\n\n\t\t\t<style type=\"text\/css\">\/* widget: Service single sidebar *\/\n\n.service-sidebar {\n\tfont-family: \"Futura MD Bt\", serif !important;\n}\n\n<\/style>\n\n\t\t\t<div class=\"service-sidebar\">\n\t\t<div class=\"service-sidebar-widget\">\n\t\t<div class=\"service-cat-widget ul-li-block\">\n\t\t\t<h3 class=\"widget-title\">Produtos e solu\u00e7\u00f5es<\/h3>\n\t\t\t<ul>\n              <li><a href=\"#\">Flocula\u00e7\u00e3o<\/a><\/li>\n<li><a href=\"#\">Desinfec\u00e7\u00e3o<\/a><\/li>\n<li><a href=\"#\">Esclarecimento<\/a><\/li>\n<li><a href=\"#\">Filtra\u00e7\u00e3o<\/a><\/li>\n<li><a href=\"https:\/\/iei.showdigital.in\/products\/\">Ver todos os produtos<\/a><\/li>\n\n\t\t\t<\/ul>\n\t\t<\/div>\n\t<\/div>\n\t\t\t\t<\/div>\n\t\t\t<!-- end Service single sidebar -->\t\t<\/div>\n\t\t\t\t<\/div>\n\t\t\t\t\t\t<\/div>\n\t\t\t\t\t<\/div>\n\t\t<\/div>\n\t\t\t\t\t\t\t\t<\/div>\n\t\t\t\t\t<\/div>\n\t\t<\/section>\n\t\t\t\t\t\t\t\t\t<\/div>\n\t\t\t<\/div>\n\t\t\t\t\t<\/div>\n\t\t","protected":false},"excerpt":{"rendered":"<p>Osmose Direta A osmose direta (FO) \u00e9 um processo &#8216;verde&#8217; que usa uma membrana semiperme\u00e1vel para separar a \u00e1gua dos s\u00f3lidos dissolvidos. A osmose direta puxa as mol\u00e9culas de \u00e1gua atrav\u00e9s da membrana por meio de diferen\u00e7as de press\u00e3o osm\u00f3tica e n\u00e3o requer bomba externa ou press\u00e3o hidr\u00e1ulica&#8230; consulte Mais informa\u00e7\u00e3o Produtos e solu\u00e7\u00f5es Flocula\u00e7\u00e3o&hellip;<\/p>\n","protected":false},"author":4,"featured_media":63181,"parent":0,"menu_order":0,"comment_status":"closed","ping_status":"closed","template":"elementor_header_footer","meta":{"inline_featured_image":false},"yoast_head":"<!-- This site is optimized with the Yoast SEO plugin v20.12 - https:\/\/yoast.com\/wordpress\/plugins\/seo\/ -->\n<title>Osmose Direta - Ion Exchange<\/title>\n<meta name=\"robots\" content=\"index, follow, max-snippet:-1, max-image-preview:large, max-video-preview:-1\" \/>\n<link rel=\"canonical\" href=\"https:\/\/ionexchangeglobal.com\/int\/pt\/osmose-direta\/\" \/>\n<meta property=\"og:locale\" content=\"en_US\" \/>\n<meta property=\"og:type\" content=\"article\" \/>\n<meta property=\"og:title\" content=\"Osmose Direta - Ion Exchange\" \/>\n<meta property=\"og:description\" content=\"Osmose Direta A osmose direta (FO) \u00e9 um processo &#8216;verde&#8217; que usa uma membrana semiperme\u00e1vel para separar a \u00e1gua dos s\u00f3lidos dissolvidos. A osmose direta puxa as mol\u00e9culas de \u00e1gua atrav\u00e9s da membrana por meio de diferen\u00e7as de press\u00e3o osm\u00f3tica e n\u00e3o requer bomba externa ou press\u00e3o hidr\u00e1ulica&#8230; consulte Mais informa\u00e7\u00e3o Produtos e solu\u00e7\u00f5es Flocula\u00e7\u00e3o&hellip;\" \/>\n<meta property=\"og:url\" content=\"https:\/\/ionexchangeglobal.com\/int\/pt\/osmose-direta\/\" \/>\n<meta property=\"og:site_name\" content=\"Ion Exchange\" \/>\n<meta property=\"article:publisher\" content=\"https:\/\/www.facebook.com\/IONEXCHANGE\" \/>\n<meta property=\"article:modified_time\" content=\"2023-12-06T18:22:08+00:00\" \/>\n<meta property=\"og:image\" content=\"https:\/\/ionexchangeglobal.com\/int\/wp-content\/uploads\/2022\/01\/ZLD-banner.png\" \/>\n\t<meta property=\"og:image:width\" content=\"1920\" \/>\n\t<meta property=\"og:image:height\" content=\"784\" \/>\n\t<meta property=\"og:image:type\" content=\"image\/png\" \/>\n<meta name=\"twitter:card\" content=\"summary_large_image\" \/>\n<meta name=\"twitter:site\" content=\"@IEI_Ltd\" \/>\n<script type=\"application\/ld+json\" class=\"yoast-schema-graph\">{\"@context\":\"https:\/\/schema.org\",\"@graph\":[{\"@type\":\"WebPage\",\"@id\":\"https:\/\/ionexchangeglobal.com\/int\/pt\/osmose-direta\/\",\"url\":\"https:\/\/ionexchangeglobal.com\/int\/pt\/osmose-direta\/\",\"name\":\"Osmose Direta - Ion Exchange\",\"isPartOf\":{\"@id\":\"https:\/\/ionexchangeglobal.com\/int\/#website\"},\"datePublished\":\"2021-12-17T12:05:27+00:00\",\"dateModified\":\"2023-12-06T18:22:08+00:00\",\"breadcrumb\":{\"@id\":\"https:\/\/ionexchangeglobal.com\/int\/pt\/osmose-direta\/#breadcrumb\"},\"inLanguage\":\"en-US\",\"potentialAction\":[{\"@type\":\"ReadAction\",\"target\":[\"https:\/\/ionexchangeglobal.com\/int\/pt\/osmose-direta\/\"]}]},{\"@type\":\"BreadcrumbList\",\"@id\":\"https:\/\/ionexchangeglobal.com\/int\/pt\/osmose-direta\/#breadcrumb\",\"itemListElement\":[{\"@type\":\"ListItem\",\"position\":1,\"name\":\"Home\",\"item\":\"https:\/\/ionexchangeglobal.com\/int\/pt\/pagina-inicial\/\"},{\"@type\":\"ListItem\",\"position\":2,\"name\":\"Osmose Direta\"}]},{\"@type\":\"WebSite\",\"@id\":\"https:\/\/ionexchangeglobal.com\/int\/#website\",\"url\":\"https:\/\/ionexchangeglobal.com\/int\/\",\"name\":\"Ion Exchange\",\"description\":\"Refreshing the Planet\",\"publisher\":{\"@id\":\"https:\/\/ionexchangeglobal.com\/int\/#organization\"},\"potentialAction\":[{\"@type\":\"SearchAction\",\"target\":{\"@type\":\"EntryPoint\",\"urlTemplate\":\"https:\/\/ionexchangeglobal.com\/int\/?s={search_term_string}\"},\"query-input\":\"required name=search_term_string\"}],\"inLanguage\":\"en-US\"},{\"@type\":\"Organization\",\"@id\":\"https:\/\/ionexchangeglobal.com\/int\/#organization\",\"name\":\"Ion Exchange\",\"url\":\"https:\/\/ionexchangeglobal.com\/int\/\",\"logo\":{\"@type\":\"ImageObject\",\"inLanguage\":\"en-US\",\"@id\":\"https:\/\/ionexchangeglobal.com\/int\/#\/schema\/logo\/image\/\",\"url\":\"http:\/\/localhost:8000\/app\/uploads\/2022\/05\/ion-logo-1.webp\",\"contentUrl\":\"http:\/\/localhost:8000\/app\/uploads\/2022\/05\/ion-logo-1.webp\",\"width\":1,\"height\":1,\"caption\":\"Ion Exchange\"},\"image\":{\"@id\":\"https:\/\/ionexchangeglobal.com\/int\/#\/schema\/logo\/image\/\"},\"sameAs\":[\"https:\/\/www.facebook.com\/IONEXCHANGE\",\"https:\/\/twitter.com\/IEI_Ltd\",\"https:\/\/www.youtube.com\/channel\/UCqSuT-yd40I7RZ4p5UXuKbA\/videos\"]}]}<\/script>\n<!-- \/ Yoast SEO plugin. -->","yoast_head_json":{"title":"Osmose Direta - Ion Exchange","robots":{"index":"index","follow":"follow","max-snippet":"max-snippet:-1","max-image-preview":"max-image-preview:large","max-video-preview":"max-video-preview:-1"},"canonical":"https:\/\/ionexchangeglobal.com\/int\/pt\/osmose-direta\/","og_locale":"en_US","og_type":"article","og_title":"Osmose Direta - Ion Exchange","og_description":"Osmose Direta A osmose direta (FO) \u00e9 um processo &#8216;verde&#8217; que usa uma membrana semiperme\u00e1vel para separar a \u00e1gua dos s\u00f3lidos dissolvidos. A osmose direta puxa as mol\u00e9culas de \u00e1gua atrav\u00e9s da membrana por meio de diferen\u00e7as de press\u00e3o osm\u00f3tica e n\u00e3o requer bomba externa ou press\u00e3o hidr\u00e1ulica&#8230; consulte Mais informa\u00e7\u00e3o Produtos e solu\u00e7\u00f5es Flocula\u00e7\u00e3o&hellip;","og_url":"https:\/\/ionexchangeglobal.com\/int\/pt\/osmose-direta\/","og_site_name":"Ion Exchange","article_publisher":"https:\/\/www.facebook.com\/IONEXCHANGE","article_modified_time":"2023-12-06T18:22:08+00:00","og_image":[{"width":1920,"height":784,"url":"https:\/\/ionexchangeglobal.com\/int\/wp-content\/uploads\/2022\/01\/ZLD-banner.png","type":"image\/png"}],"twitter_card":"summary_large_image","twitter_site":"@IEI_Ltd","schema":{"@context":"https:\/\/schema.org","@graph":[{"@type":"WebPage","@id":"https:\/\/ionexchangeglobal.com\/int\/pt\/osmose-direta\/","url":"https:\/\/ionexchangeglobal.com\/int\/pt\/osmose-direta\/","name":"Osmose Direta - Ion Exchange","isPartOf":{"@id":"https:\/\/ionexchangeglobal.com\/int\/#website"},"datePublished":"2021-12-17T12:05:27+00:00","dateModified":"2023-12-06T18:22:08+00:00","breadcrumb":{"@id":"https:\/\/ionexchangeglobal.com\/int\/pt\/osmose-direta\/#breadcrumb"},"inLanguage":"en-US","potentialAction":[{"@type":"ReadAction","target":["https:\/\/ionexchangeglobal.com\/int\/pt\/osmose-direta\/"]}]},{"@type":"BreadcrumbList","@id":"https:\/\/ionexchangeglobal.com\/int\/pt\/osmose-direta\/#breadcrumb","itemListElement":[{"@type":"ListItem","position":1,"name":"Home","item":"https:\/\/ionexchangeglobal.com\/int\/pt\/pagina-inicial\/"},{"@type":"ListItem","position":2,"name":"Osmose Direta"}]},{"@type":"WebSite","@id":"https:\/\/ionexchangeglobal.com\/int\/#website","url":"https:\/\/ionexchangeglobal.com\/int\/","name":"Ion Exchange","description":"Refreshing the Planet","publisher":{"@id":"https:\/\/ionexchangeglobal.com\/int\/#organization"},"potentialAction":[{"@type":"SearchAction","target":{"@type":"EntryPoint","urlTemplate":"https:\/\/ionexchangeglobal.com\/int\/?s={search_term_string}"},"query-input":"required name=search_term_string"}],"inLanguage":"en-US"},{"@type":"Organization","@id":"https:\/\/ionexchangeglobal.com\/int\/#organization","name":"Ion Exchange","url":"https:\/\/ionexchangeglobal.com\/int\/","logo":{"@type":"ImageObject","inLanguage":"en-US","@id":"https:\/\/ionexchangeglobal.com\/int\/#\/schema\/logo\/image\/","url":"http:\/\/localhost:8000\/app\/uploads\/2022\/05\/ion-logo-1.webp","contentUrl":"http:\/\/localhost:8000\/app\/uploads\/2022\/05\/ion-logo-1.webp","width":1,"height":1,"caption":"Ion Exchange"},"image":{"@id":"https:\/\/ionexchangeglobal.com\/int\/#\/schema\/logo\/image\/"},"sameAs":["https:\/\/www.facebook.com\/IONEXCHANGE","https:\/\/twitter.com\/IEI_Ltd","https:\/\/www.youtube.com\/channel\/UCqSuT-yd40I7RZ4p5UXuKbA\/videos"]}]}},"lang":"pt","translations":{"pt":36537,"ar":42421,"en":15271,"it":36712,"fr":37109,"de":38224,"es":38650,"ru":39103,"ja":40396,"ko":47133,"zh":47554,"th":63343},"pll_sync_post":[],"_links":{"self":[{"href":"https:\/\/ionexchangeglobal.com\/int\/wp-json\/wp\/v2\/pages\/36537"}],"collection":[{"href":"https:\/\/ionexchangeglobal.com\/int\/wp-json\/wp\/v2\/pages"}],"about":[{"href":"https:\/\/ionexchangeglobal.com\/int\/wp-json\/wp\/v2\/types\/page"}],"author":[{"embeddable":true,"href":"https:\/\/ionexchangeglobal.com\/int\/wp-json\/wp\/v2\/users\/4"}],"replies":[{"embeddable":true,"href":"https:\/\/ionexchangeglobal.com\/int\/wp-json\/wp\/v2\/comments?post=36537"}],"version-history":[{"count":10,"href":"https:\/\/ionexchangeglobal.com\/int\/wp-json\/wp\/v2\/pages\/36537\/revisions"}],"predecessor-version":[{"id":44091,"href":"https:\/\/ionexchangeglobal.com\/int\/wp-json\/wp\/v2\/pages\/36537\/revisions\/44091"}],"wp:featuredmedia":[{"embeddable":true,"href":"https:\/\/ionexchangeglobal.com\/int\/wp-json\/wp\/v2\/media\/63181"}],"wp:attachment":[{"href":"https:\/\/ionexchangeglobal.com\/int\/wp-json\/wp\/v2\/media?parent=36537"}],"curies":[{"name":"wp","href":"https:\/\/api.w.org\/{rel}","templated":true}]}}