{"id":36488,"date":"2022-04-27T12:12:21","date_gmt":"2022-04-27T12:12:21","guid":{"rendered":"https:\/\/stage.ionexchangeglobal.com\/?page_id=36488"},"modified":"2023-12-06T23:49:40","modified_gmt":"2023-12-06T18:19:40","slug":"sistemas-de-triagem-de-oleo-e-remocao-de-graxa","status":"publish","type":"page","link":"https:\/\/ionexchangeglobal.com\/int\/pt\/sistemas-de-triagem-de-oleo-e-remocao-de-graxa\/","title":{"rendered":"Sistemas de triagem de \u00f3leo e remo\u00e7\u00e3o de graxa"},"content":{"rendered":"\t\t<div data-elementor-type=\"wp-page\" data-elementor-id=\"36488\" data-post-id=\"36488\" data-obj-id=\"36488\" class=\"elementor elementor-36488 dce-elementor-post-36488\">\n\t\t\t\t\t\t<div class=\"elementor-inner\">\n\t\t\t\t<div class=\"elementor-section-wrap\">\n\t\t\t\t\t\t\t\t\t<section class=\"has_ma_el_bg_slider elementor-section elementor-top-section elementor-element elementor-element-e7202d7 elementor-section-boxed elementor-section-height-default elementor-section-height-default jltma-glass-effect-no\" data-id=\"e7202d7\" data-element_type=\"section\">\n\t\t\t\t\t\t<div class=\"elementor-container elementor-column-gap-default\">\n\t\t\t\t\t\t\t<div class=\"elementor-row\">\n\t\t\t\t\t<div class=\"has_ma_el_bg_slider elementor-column elementor-col-66 elementor-top-column elementor-element elementor-element-1a43d89 jltma-glass-effect-no\" data-id=\"1a43d89\" data-element_type=\"column\">\n\t\t\t<div class=\"elementor-column-wrap elementor-element-populated\">\n\t\t\t\t\t\t\t<div class=\"elementor-widget-wrap\">\n\t\t\t\t\t\t<section class=\"has_ma_el_bg_slider elementor-section elementor-inner-section elementor-element elementor-element-bc9e088 elementor-section-boxed elementor-section-height-default elementor-section-height-default jltma-glass-effect-no\" data-id=\"bc9e088\" data-element_type=\"section\">\n\t\t\t\t\t\t<div class=\"elementor-container elementor-column-gap-default\">\n\t\t\t\t\t\t\t<div class=\"elementor-row\">\n\t\t\t\t\t<div data-jltma-wrapper-link=\"{&quot;url&quot;:&quot;\\\/products\\\/engineering\\\/solid-waste\\\/waste-water-treatment\\\/waste-water-systems\\\/oil-screening-grease-removal-systems\\\/oil-grease-removal\\\/&quot;,&quot;is_external&quot;:&quot;&quot;,&quot;nofollow&quot;:&quot;&quot;,&quot;custom_attributes&quot;:&quot;&quot;}\" style=\"cursor: pointer\" class=\"has_ma_el_bg_slider elementor-column elementor-col-50 elementor-inner-column elementor-element elementor-element-00e7754 card-wrap jltma-glass-effect-no\" data-dce-background-color=\"#FFF5F5\" data-id=\"00e7754\" data-element_type=\"column\" data-settings=\"{&quot;background_background&quot;:&quot;gradient&quot;}\">\n\t\t\t<div class=\"elementor-column-wrap elementor-element-populated\">\n\t\t\t\t\t<div class=\"elementor-background-overlay\"><\/div>\n\t\t\t\t\t\t\t<div class=\"elementor-widget-wrap\">\n\t\t\t\t\t\t<div class=\"elementor-element elementor-element-9578c45 filtration-img dce_masking-none jltma-glass-effect-no elementor-widget elementor-widget-image\" data-id=\"9578c45\" data-element_type=\"widget\" data-widget_type=\"image.default\">\n\t\t\t\t<div class=\"elementor-widget-container\">\n\t\t\t\t\t\t\t\t<div class=\"elementor-image\">\n\t\t\t\t\t\t\t\t\t\t\t\t<img decoding=\"async\" src=\"https:\/\/ionexchangeglobal.com\/int\/wp-content\/uploads\/elementor\/thumbs\/waste-water-treatment-banner-compressed-qf5a24g7yr0bnxhs6gnat6jdpugx8h3opdqqoc7gxc.jpg\" title=\"waste-water-treatment-banner-compressed\" alt=\"post water treatment service provider\" class=\"elementor-animation-grow\" loading=\"lazy\" \/>\t\t\t\t\t\t\t\t\t\t\t\t\t\t<\/div>\n\t\t\t\t\t\t<\/div>\n\t\t\t\t<\/div>\n\t\t\t\t<div class=\"elementor-element elementor-element-68834ff jltma-glass-effect-no elementor-widget elementor-widget-text-editor\" data-id=\"68834ff\" data-element_type=\"widget\" data-widget_type=\"text-editor.default\">\n\t\t\t\t<div class=\"elementor-widget-container\">\n\t\t\t\t\t\t\t\t<div class=\"elementor-text-editor elementor-clearfix\">\n\t\t\t\t<h3 style=\"font-size: 22px; color: #009adc; line-height: 1.455; font-weight: bold;\">Remo\u00e7\u00e3o de \u00f3leo e graxa<\/h3><p style=\"text-align: left;\">Estes s\u00e3o tanques simples com arranjo de defletores de entrada e sa\u00edda. Os tanques s\u00e3o projetados para fornecer tempo de resid\u00eancia suficiente para permitir a remo\u00e7\u00e3o de \u00f3leo e graxa livres e outras mat\u00e9rias flutuantes, esc\u00f3ria, etc. \u00c9 fornecido um tempo de deten\u00e7\u00e3o entre 10 minutos a 60 minutos, durante o qual o \u00f3leo e a graxa sobem e s\u00e3o removidos&#8230;.<\/p><p><a style=\"font-weight: bold; color: #0071b4;\" href=\"\/app\/uploads\/2021\/12\/Indion-Fuidised-Media-Reactor-FMR.pdf\" target=\"_blank\" rel=\"noopener\">consulte Mais informa\u00e7\u00e3o<i class=\"fa fa-arrow-right\" aria-hidden=\"true\"><\/i><\/a><\/p>\t\t\t\t\t<\/div>\n\t\t\t\t\t\t<\/div>\n\t\t\t\t<\/div>\n\t\t\t\t\t\t<\/div>\n\t\t\t\t\t<\/div>\n\t\t<\/div>\n\t\t\t\t<div data-jltma-wrapper-link=\"{&quot;url&quot;:&quot;\\\/wp\\\/wp-includes\\\/PDfs\\\/Ultra%20High%20Rate%20Solids%20Contact%20Clarifier_Digital_27%20April%202022.pdf&quot;,&quot;is_external&quot;:&quot;&quot;,&quot;nofollow&quot;:&quot;&quot;,&quot;custom_attributes&quot;:&quot;&quot;}\" style=\"cursor: pointer\" class=\"has_ma_el_bg_slider elementor-column elementor-col-50 elementor-inner-column elementor-element elementor-element-8e569ce jltma-glass-effect-no\" data-dce-background-color=\"#FFF5F5\" data-id=\"8e569ce\" data-element_type=\"column\" data-settings=\"{&quot;background_background&quot;:&quot;gradient&quot;}\">\n\t\t\t<div class=\"elementor-column-wrap elementor-element-populated\">\n\t\t\t\t\t<div class=\"elementor-background-overlay\"><\/div>\n\t\t\t\t\t\t\t<div class=\"elementor-widget-wrap\">\n\t\t\t\t\t\t<div class=\"elementor-element elementor-element-555ebb6 filtration-img dce_masking-none jltma-glass-effect-no elementor-widget elementor-widget-image\" data-id=\"555ebb6\" data-element_type=\"widget\" data-widget_type=\"image.default\">\n\t\t\t\t<div class=\"elementor-widget-container\">\n\t\t\t\t\t\t\t\t<div class=\"elementor-image\">\n\t\t\t\t\t\t\t\t\t\t\t\t<img decoding=\"async\" width=\"232\" height=\"300\" src=\"https:\/\/ionexchangeglobal.com\/int\/wp-content\/uploads\/2022\/04\/Sulfex-process-Metal-Removal-1-232x300.jpg\" class=\"elementor-animation-grow attachment-medium size-medium wp-image-25073\" alt=\"\" srcset=\"https:\/\/ionexchangeglobal.com\/int\/wp-content\/uploads\/2022\/04\/Sulfex-process-Metal-Removal-1-232x300.jpg 232w, https:\/\/ionexchangeglobal.com\/int\/wp-content\/uploads\/2022\/04\/Sulfex-process-Metal-Removal-1-791x1024.jpg 791w, https:\/\/ionexchangeglobal.com\/int\/wp-content\/uploads\/2022\/04\/Sulfex-process-Metal-Removal-1-768x994.jpg 768w, https:\/\/ionexchangeglobal.com\/int\/wp-content\/uploads\/2022\/04\/Sulfex-process-Metal-Removal-1-1187x1536.jpg 1187w, https:\/\/ionexchangeglobal.com\/int\/wp-content\/uploads\/2022\/04\/Sulfex-process-Metal-Removal-1.jpg 1275w\" sizes=\"(max-width: 232px) 100vw, 232px\" loading=\"lazy\" \/>\t\t\t\t\t\t\t\t\t\t\t\t\t\t<\/div>\n\t\t\t\t\t\t<\/div>\n\t\t\t\t<\/div>\n\t\t\t\t<div class=\"elementor-element elementor-element-0e1a14f jltma-glass-effect-no elementor-widget elementor-widget-text-editor\" data-id=\"0e1a14f\" data-element_type=\"widget\" data-widget_type=\"text-editor.default\">\n\t\t\t\t<div class=\"elementor-widget-container\">\n\t\t\t\t\t\t\t\t<div class=\"elementor-text-editor elementor-clearfix\">\n\t\t\t\t<h3 style=\"font-size: 22px; color: #009adc; line-height: 1.455; font-weight: bold;\">Remo\u00e7\u00e3o de Metal \u2013 Processo Sulfex<\/h3><p><span style=\"font-size: inherit;\">O desenvolvimento do processo Sulfex elimina ambas as defici\u00eancias acima e est\u00e1 em uso comercial h\u00e1 v\u00e1rios anos. Esta t\u00e9cnica de precipita\u00e7\u00e3o envolve uma troca de \u00edon sulfeto entre o sulfeto ferroso e o \u00edon de metal pesado presente no efluente como poluente&#8230;.<\/span><\/p><p>consulte Mais informa\u00e7\u00e3o<\/p><p>\u00a0<\/p>\t\t\t\t\t<\/div>\n\t\t\t\t\t\t<\/div>\n\t\t\t\t<\/div>\n\t\t\t\t\t\t<\/div>\n\t\t\t\t\t<\/div>\n\t\t<\/div>\n\t\t\t\t\t\t\t\t<\/div>\n\t\t\t\t\t<\/div>\n\t\t<\/section>\n\t\t\t\t\t\t<\/div>\n\t\t\t\t\t<\/div>\n\t\t<\/div>\n\t\t\t\t<div class=\"has_ma_el_bg_slider elementor-column elementor-col-33 elementor-top-column elementor-element elementor-element-6d92c1f jltma-glass-effect-no\" data-id=\"6d92c1f\" data-element_type=\"column\">\n\t\t\t<div class=\"elementor-column-wrap elementor-element-populated\">\n\t\t\t\t\t\t\t<div class=\"elementor-widget-wrap\">\n\t\t\t\t\t\t<div class=\"elementor-element elementor-element-3833e97 jltma-glass-effect-no elementor-widget elementor-widget-ucaddon_service_single_sidebar\" data-id=\"3833e97\" data-element_type=\"widget\" data-widget_type=\"ucaddon_service_single_sidebar.default\">\n\t\t\t\t<div class=\"elementor-widget-container\">\n\t\t\t<!-- start Service single sidebar -->\n\t\t<link id='font-awesome-css' href='https:\/\/ionexchangeglobal.com\/int\/wp-content\/plugins\/unlimited-elements-for-elementor\/assets_libraries\/font-awesome5\/css\/fontawesome-all.min.css' type='text\/css' rel='stylesheet' >\n\t\t<link id='font-awesome-4-shim-css' href='https:\/\/ionexchangeglobal.com\/int\/wp-content\/plugins\/unlimited-elements-for-elementor\/assets_libraries\/font-awesome5\/css\/fontawesome-v4-shims.css' type='text\/css' rel='stylesheet' >\n\n\t\t\t<style type=\"text\/css\">\/* widget: Service single sidebar *\/\n\n.service-sidebar {\n\tfont-family: \"Futura MD Bt\", serif !important;\n}\n\n<\/style>\n\n\t\t\t<div class=\"service-sidebar\">\n\t\t<div class=\"service-sidebar-widget\">\n\t\t<div class=\"service-cat-widget ul-li-block\">\n\t\t\t<h3 class=\"widget-title\">Produtos e solu\u00e7\u00f5es<\/h3>\n\t\t\t<ul>\n              <li><a href=\"#\">Flocula\u00e7\u00e3o<\/a><\/li>\n<li><a href=\"#\">Desinfec\u00e7\u00e3o<\/a><\/li>\n<li><a href=\"#\">Esclarecimento<\/a><\/li>\n<li><a href=\"#\">Filtra\u00e7\u00e3o<\/a><\/li>\n<li><a href=\"https:\/\/iei.showdigital.in\/products\/\">Ver todos os produtos<\/a><\/li>\n\n\t\t\t<\/ul>\n\t\t<\/div>\n\t<\/div>\n\t\t\t\t<\/div>\n\t\t\t<!-- end Service single sidebar -->\t\t<\/div>\n\t\t\t\t<\/div>\n\t\t\t\t\t\t<\/div>\n\t\t\t\t\t<\/div>\n\t\t<\/div>\n\t\t\t\t\t\t\t\t<\/div>\n\t\t\t\t\t<\/div>\n\t\t<\/section>\n\t\t\t\t\t\t\t\t\t<\/div>\n\t\t\t<\/div>\n\t\t\t\t\t<\/div>\n\t\t","protected":false},"excerpt":{"rendered":"<p>Remo\u00e7\u00e3o de \u00f3leo e graxa Estes s\u00e3o tanques simples com arranjo de defletores de entrada e sa\u00edda. Os tanques s\u00e3o projetados para fornecer tempo de resid\u00eancia suficiente para permitir a remo\u00e7\u00e3o de \u00f3leo e graxa livres e outras mat\u00e9rias flutuantes, esc\u00f3ria, etc. \u00c9 fornecido um tempo de deten\u00e7\u00e3o entre 10 minutos a 60 minutos, durante&hellip;<\/p>\n","protected":false},"author":4,"featured_media":63179,"parent":0,"menu_order":0,"comment_status":"closed","ping_status":"closed","template":"elementor_header_footer","meta":{"inline_featured_image":false},"yoast_head":"<!-- This site is optimized with the Yoast SEO plugin v20.12 - https:\/\/yoast.com\/wordpress\/plugins\/seo\/ -->\n<title>Sistemas de triagem de \u00f3leo e remo\u00e7\u00e3o de graxa - Ion Exchange<\/title>\n<meta name=\"robots\" content=\"index, follow, max-snippet:-1, max-image-preview:large, max-video-preview:-1\" \/>\n<link rel=\"canonical\" href=\"https:\/\/ionexchangeglobal.com\/int\/pt\/sistemas-de-triagem-de-oleo-e-remocao-de-graxa\/\" \/>\n<meta property=\"og:locale\" content=\"en_US\" \/>\n<meta property=\"og:type\" content=\"article\" \/>\n<meta property=\"og:title\" content=\"Sistemas de triagem de \u00f3leo e remo\u00e7\u00e3o de graxa - Ion Exchange\" \/>\n<meta property=\"og:description\" content=\"Remo\u00e7\u00e3o de \u00f3leo e graxa Estes s\u00e3o tanques simples com arranjo de defletores de entrada e sa\u00edda. Os tanques s\u00e3o projetados para fornecer tempo de resid\u00eancia suficiente para permitir a remo\u00e7\u00e3o de \u00f3leo e graxa livres e outras mat\u00e9rias flutuantes, esc\u00f3ria, etc. \u00c9 fornecido um tempo de deten\u00e7\u00e3o entre 10 minutos a 60 minutos, durante&hellip;\" \/>\n<meta property=\"og:url\" content=\"https:\/\/ionexchangeglobal.com\/int\/pt\/sistemas-de-triagem-de-oleo-e-remocao-de-graxa\/\" \/>\n<meta property=\"og:site_name\" content=\"Ion Exchange\" \/>\n<meta property=\"article:publisher\" content=\"https:\/\/www.facebook.com\/IONEXCHANGE\" \/>\n<meta property=\"article:modified_time\" content=\"2023-12-06T18:19:40+00:00\" \/>\n<meta property=\"og:image\" content=\"https:\/\/ionexchangeglobal.com\/int\/wp-content\/uploads\/2022\/04\/waste-water-treatment-banner.jpg\" \/>\n\t<meta property=\"og:image:width\" content=\"1920\" \/>\n\t<meta property=\"og:image:height\" content=\"689\" \/>\n\t<meta property=\"og:image:type\" content=\"image\/jpeg\" \/>\n<meta name=\"twitter:card\" content=\"summary_large_image\" \/>\n<meta name=\"twitter:site\" content=\"@IEI_Ltd\" \/>\n<meta name=\"twitter:label1\" content=\"Est. reading time\" \/>\n\t<meta name=\"twitter:data1\" content=\"1 minute\" \/>\n<script type=\"application\/ld+json\" class=\"yoast-schema-graph\">{\"@context\":\"https:\/\/schema.org\",\"@graph\":[{\"@type\":\"WebPage\",\"@id\":\"https:\/\/ionexchangeglobal.com\/int\/pt\/sistemas-de-triagem-de-oleo-e-remocao-de-graxa\/\",\"url\":\"https:\/\/ionexchangeglobal.com\/int\/pt\/sistemas-de-triagem-de-oleo-e-remocao-de-graxa\/\",\"name\":\"Sistemas de triagem de \u00f3leo e remo\u00e7\u00e3o de graxa - Ion Exchange\",\"isPartOf\":{\"@id\":\"https:\/\/ionexchangeglobal.com\/int\/#website\"},\"datePublished\":\"2022-04-27T12:12:21+00:00\",\"dateModified\":\"2023-12-06T18:19:40+00:00\",\"breadcrumb\":{\"@id\":\"https:\/\/ionexchangeglobal.com\/int\/pt\/sistemas-de-triagem-de-oleo-e-remocao-de-graxa\/#breadcrumb\"},\"inLanguage\":\"en-US\",\"potentialAction\":[{\"@type\":\"ReadAction\",\"target\":[\"https:\/\/ionexchangeglobal.com\/int\/pt\/sistemas-de-triagem-de-oleo-e-remocao-de-graxa\/\"]}]},{\"@type\":\"BreadcrumbList\",\"@id\":\"https:\/\/ionexchangeglobal.com\/int\/pt\/sistemas-de-triagem-de-oleo-e-remocao-de-graxa\/#breadcrumb\",\"itemListElement\":[{\"@type\":\"ListItem\",\"position\":1,\"name\":\"Home\",\"item\":\"https:\/\/ionexchangeglobal.com\/int\/pt\/pagina-inicial\/\"},{\"@type\":\"ListItem\",\"position\":2,\"name\":\"Sistemas de triagem de \u00f3leo e remo\u00e7\u00e3o de graxa\"}]},{\"@type\":\"WebSite\",\"@id\":\"https:\/\/ionexchangeglobal.com\/int\/#website\",\"url\":\"https:\/\/ionexchangeglobal.com\/int\/\",\"name\":\"Ion Exchange\",\"description\":\"Refreshing the Planet\",\"publisher\":{\"@id\":\"https:\/\/ionexchangeglobal.com\/int\/#organization\"},\"potentialAction\":[{\"@type\":\"SearchAction\",\"target\":{\"@type\":\"EntryPoint\",\"urlTemplate\":\"https:\/\/ionexchangeglobal.com\/int\/?s={search_term_string}\"},\"query-input\":\"required name=search_term_string\"}],\"inLanguage\":\"en-US\"},{\"@type\":\"Organization\",\"@id\":\"https:\/\/ionexchangeglobal.com\/int\/#organization\",\"name\":\"Ion Exchange\",\"url\":\"https:\/\/ionexchangeglobal.com\/int\/\",\"logo\":{\"@type\":\"ImageObject\",\"inLanguage\":\"en-US\",\"@id\":\"https:\/\/ionexchangeglobal.com\/int\/#\/schema\/logo\/image\/\",\"url\":\"http:\/\/localhost:8000\/app\/uploads\/2022\/05\/ion-logo-1.webp\",\"contentUrl\":\"http:\/\/localhost:8000\/app\/uploads\/2022\/05\/ion-logo-1.webp\",\"width\":1,\"height\":1,\"caption\":\"Ion Exchange\"},\"image\":{\"@id\":\"https:\/\/ionexchangeglobal.com\/int\/#\/schema\/logo\/image\/\"},\"sameAs\":[\"https:\/\/www.facebook.com\/IONEXCHANGE\",\"https:\/\/twitter.com\/IEI_Ltd\",\"https:\/\/www.youtube.com\/channel\/UCqSuT-yd40I7RZ4p5UXuKbA\/videos\"]}]}<\/script>\n<!-- \/ Yoast SEO plugin. -->","yoast_head_json":{"title":"Sistemas de triagem de \u00f3leo e remo\u00e7\u00e3o de graxa - Ion Exchange","robots":{"index":"index","follow":"follow","max-snippet":"max-snippet:-1","max-image-preview":"max-image-preview:large","max-video-preview":"max-video-preview:-1"},"canonical":"https:\/\/ionexchangeglobal.com\/int\/pt\/sistemas-de-triagem-de-oleo-e-remocao-de-graxa\/","og_locale":"en_US","og_type":"article","og_title":"Sistemas de triagem de \u00f3leo e remo\u00e7\u00e3o de graxa - Ion Exchange","og_description":"Remo\u00e7\u00e3o de \u00f3leo e graxa Estes s\u00e3o tanques simples com arranjo de defletores de entrada e sa\u00edda. Os tanques s\u00e3o projetados para fornecer tempo de resid\u00eancia suficiente para permitir a remo\u00e7\u00e3o de \u00f3leo e graxa livres e outras mat\u00e9rias flutuantes, esc\u00f3ria, etc. \u00c9 fornecido um tempo de deten\u00e7\u00e3o entre 10 minutos a 60 minutos, durante&hellip;","og_url":"https:\/\/ionexchangeglobal.com\/int\/pt\/sistemas-de-triagem-de-oleo-e-remocao-de-graxa\/","og_site_name":"Ion Exchange","article_publisher":"https:\/\/www.facebook.com\/IONEXCHANGE","article_modified_time":"2023-12-06T18:19:40+00:00","og_image":[{"width":1920,"height":689,"url":"https:\/\/ionexchangeglobal.com\/int\/wp-content\/uploads\/2022\/04\/waste-water-treatment-banner.jpg","type":"image\/jpeg"}],"twitter_card":"summary_large_image","twitter_site":"@IEI_Ltd","twitter_misc":{"Est. reading time":"1 minute"},"schema":{"@context":"https:\/\/schema.org","@graph":[{"@type":"WebPage","@id":"https:\/\/ionexchangeglobal.com\/int\/pt\/sistemas-de-triagem-de-oleo-e-remocao-de-graxa\/","url":"https:\/\/ionexchangeglobal.com\/int\/pt\/sistemas-de-triagem-de-oleo-e-remocao-de-graxa\/","name":"Sistemas de triagem de \u00f3leo e remo\u00e7\u00e3o de graxa - Ion Exchange","isPartOf":{"@id":"https:\/\/ionexchangeglobal.com\/int\/#website"},"datePublished":"2022-04-27T12:12:21+00:00","dateModified":"2023-12-06T18:19:40+00:00","breadcrumb":{"@id":"https:\/\/ionexchangeglobal.com\/int\/pt\/sistemas-de-triagem-de-oleo-e-remocao-de-graxa\/#breadcrumb"},"inLanguage":"en-US","potentialAction":[{"@type":"ReadAction","target":["https:\/\/ionexchangeglobal.com\/int\/pt\/sistemas-de-triagem-de-oleo-e-remocao-de-graxa\/"]}]},{"@type":"BreadcrumbList","@id":"https:\/\/ionexchangeglobal.com\/int\/pt\/sistemas-de-triagem-de-oleo-e-remocao-de-graxa\/#breadcrumb","itemListElement":[{"@type":"ListItem","position":1,"name":"Home","item":"https:\/\/ionexchangeglobal.com\/int\/pt\/pagina-inicial\/"},{"@type":"ListItem","position":2,"name":"Sistemas de triagem de \u00f3leo e remo\u00e7\u00e3o de graxa"}]},{"@type":"WebSite","@id":"https:\/\/ionexchangeglobal.com\/int\/#website","url":"https:\/\/ionexchangeglobal.com\/int\/","name":"Ion Exchange","description":"Refreshing the Planet","publisher":{"@id":"https:\/\/ionexchangeglobal.com\/int\/#organization"},"potentialAction":[{"@type":"SearchAction","target":{"@type":"EntryPoint","urlTemplate":"https:\/\/ionexchangeglobal.com\/int\/?s={search_term_string}"},"query-input":"required name=search_term_string"}],"inLanguage":"en-US"},{"@type":"Organization","@id":"https:\/\/ionexchangeglobal.com\/int\/#organization","name":"Ion Exchange","url":"https:\/\/ionexchangeglobal.com\/int\/","logo":{"@type":"ImageObject","inLanguage":"en-US","@id":"https:\/\/ionexchangeglobal.com\/int\/#\/schema\/logo\/image\/","url":"http:\/\/localhost:8000\/app\/uploads\/2022\/05\/ion-logo-1.webp","contentUrl":"http:\/\/localhost:8000\/app\/uploads\/2022\/05\/ion-logo-1.webp","width":1,"height":1,"caption":"Ion Exchange"},"image":{"@id":"https:\/\/ionexchangeglobal.com\/int\/#\/schema\/logo\/image\/"},"sameAs":["https:\/\/www.facebook.com\/IONEXCHANGE","https:\/\/twitter.com\/IEI_Ltd","https:\/\/www.youtube.com\/channel\/UCqSuT-yd40I7RZ4p5UXuKbA\/videos"]}]}},"lang":"pt","translations":{"pt":36488,"ar":42310,"en":25064,"it":36671,"fr":37088,"de":38131,"ru":39406,"ja":43085,"es":45070,"ko":47113,"zh":47536,"th":63333},"pll_sync_post":[],"_links":{"self":[{"href":"https:\/\/ionexchangeglobal.com\/int\/wp-json\/wp\/v2\/pages\/36488"}],"collection":[{"href":"https:\/\/ionexchangeglobal.com\/int\/wp-json\/wp\/v2\/pages"}],"about":[{"href":"https:\/\/ionexchangeglobal.com\/int\/wp-json\/wp\/v2\/types\/page"}],"author":[{"embeddable":true,"href":"https:\/\/ionexchangeglobal.com\/int\/wp-json\/wp\/v2\/users\/4"}],"replies":[{"embeddable":true,"href":"https:\/\/ionexchangeglobal.com\/int\/wp-json\/wp\/v2\/comments?post=36488"}],"version-history":[{"count":4,"href":"https:\/\/ionexchangeglobal.com\/int\/wp-json\/wp\/v2\/pages\/36488\/revisions"}],"predecessor-version":[{"id":44067,"href":"https:\/\/ionexchangeglobal.com\/int\/wp-json\/wp\/v2\/pages\/36488\/revisions\/44067"}],"wp:featuredmedia":[{"embeddable":true,"href":"https:\/\/ionexchangeglobal.com\/int\/wp-json\/wp\/v2\/media\/63179"}],"wp:attachment":[{"href":"https:\/\/ionexchangeglobal.com\/int\/wp-json\/wp\/v2\/media?parent=36488"}],"curies":[{"name":"wp","href":"https:\/\/api.w.org\/{rel}","templated":true}]}}