{"id":36407,"date":"2022-01-07T06:38:48","date_gmt":"2022-01-07T06:38:48","guid":{"rendered":"https:\/\/stage.ionexchangeglobal.com\/?page_id=36407"},"modified":"2023-12-06T23:44:55","modified_gmt":"2023-12-06T18:14:55","slug":"sistemas-de-dosagem-quimica","status":"publish","type":"page","link":"https:\/\/ionexchangeglobal.com\/int\/pt\/sistemas-de-dosagem-quimica\/","title":{"rendered":"Sistemas de Dosagem Qu\u00edmica"},"content":{"rendered":"\t\t<div data-elementor-type=\"wp-page\" data-elementor-id=\"36407\" data-post-id=\"36407\" data-obj-id=\"36407\" class=\"elementor elementor-36407 dce-elementor-post-36407\">\n\t\t\t\t\t\t<div class=\"elementor-inner\">\n\t\t\t\t<div class=\"elementor-section-wrap\">\n\t\t\t\t\t\t\t\t\t<section class=\"has_ma_el_bg_slider elementor-section elementor-top-section elementor-element elementor-element-d09f537 elementor-section-boxed elementor-section-height-default elementor-section-height-default jltma-glass-effect-no\" data-id=\"d09f537\" data-element_type=\"section\">\n\t\t\t\t\t\t<div class=\"elementor-container elementor-column-gap-default\">\n\t\t\t\t\t\t\t<div class=\"elementor-row\">\n\t\t\t\t\t<div class=\"has_ma_el_bg_slider elementor-column elementor-col-100 elementor-top-column elementor-element elementor-element-168ef0b jltma-glass-effect-no\" data-id=\"168ef0b\" data-element_type=\"column\">\n\t\t\t<div class=\"elementor-column-wrap elementor-element-populated\">\n\t\t\t\t\t\t\t<div class=\"elementor-widget-wrap\">\n\t\t\t\t\t\t<section class=\"has_ma_el_bg_slider elementor-section elementor-inner-section elementor-element elementor-element-5674e92 elementor-section-boxed elementor-section-height-default elementor-section-height-default jltma-glass-effect-no\" data-id=\"5674e92\" data-element_type=\"section\">\n\t\t\t\t\t\t<div class=\"elementor-container elementor-column-gap-default\">\n\t\t\t\t\t\t\t<div class=\"elementor-row\">\n\t\t\t\t\t<div class=\"has_ma_el_bg_slider elementor-column elementor-col-100 elementor-inner-column elementor-element elementor-element-1cc3beb jltma-glass-effect-no\" data-id=\"1cc3beb\" data-element_type=\"column\">\n\t\t\t<div class=\"elementor-column-wrap elementor-element-populated\">\n\t\t\t\t\t\t\t<div class=\"elementor-widget-wrap\">\n\t\t\t\t\t\t<div class=\"elementor-element elementor-element-15addab jltma-glass-effect-no elementor-widget elementor-widget-heading\" data-id=\"15addab\" data-element_type=\"widget\" data-widget_type=\"heading.default\">\n\t\t\t\t<div class=\"elementor-widget-container\">\n\t\t\t<h2 class=\"elementor-heading-title elementor-size-default\">Sistemas de Dosagem Qu\u00edmica<\/h2>\t\t<\/div>\n\t\t\t\t<\/div>\n\t\t\t\t\t\t<\/div>\n\t\t\t\t\t<\/div>\n\t\t<\/div>\n\t\t\t\t\t\t\t\t<\/div>\n\t\t\t\t\t<\/div>\n\t\t<\/section>\n\t\t\t\t\t\t<\/div>\n\t\t\t\t\t<\/div>\n\t\t<\/div>\n\t\t\t\t\t\t\t\t<\/div>\n\t\t\t\t\t<\/div>\n\t\t<\/section>\n\t\t\t\t<section class=\"has_ma_el_bg_slider elementor-section elementor-top-section elementor-element elementor-element-4beb01e elementor-section-boxed elementor-section-height-default elementor-section-height-default jltma-glass-effect-no\" data-id=\"4beb01e\" data-element_type=\"section\">\n\t\t\t\t\t\t<div class=\"elementor-container elementor-column-gap-default\">\n\t\t\t\t\t\t\t<div class=\"elementor-row\">\n\t\t\t\t\t<div class=\"has_ma_el_bg_slider elementor-column elementor-col-50 elementor-top-column elementor-element elementor-element-ae76a57 jltma-glass-effect-no\" data-id=\"ae76a57\" data-element_type=\"column\">\n\t\t\t<div class=\"elementor-column-wrap elementor-element-populated\">\n\t\t\t\t\t\t\t<div class=\"elementor-widget-wrap\">\n\t\t\t\t\t\t<section class=\"has_ma_el_bg_slider elementor-section elementor-inner-section elementor-element elementor-element-117c75e elementor-section-boxed elementor-section-height-default elementor-section-height-default jltma-glass-effect-no\" data-id=\"117c75e\" data-element_type=\"section\">\n\t\t\t\t\t\t<div class=\"elementor-container elementor-column-gap-default\">\n\t\t\t\t\t\t\t<div class=\"elementor-row\">\n\t\t\t\t\t<div class=\"has_ma_el_bg_slider elementor-column elementor-col-50 elementor-inner-column elementor-element elementor-element-cbfff8e card-wrap jltma-glass-effect-no\" data-dce-background-color=\"#FFF5F5\" data-id=\"cbfff8e\" data-element_type=\"column\" data-settings=\"{&quot;background_background&quot;:&quot;gradient&quot;}\">\n\t\t\t<div class=\"elementor-column-wrap elementor-element-populated\">\n\t\t\t\t\t<div class=\"elementor-background-overlay\"><\/div>\n\t\t\t\t\t\t\t<div class=\"elementor-widget-wrap\">\n\t\t\t\t\t\t<div class=\"elementor-element elementor-element-3b00d7c filtration-img dce_masking-none jltma-glass-effect-no elementor-widget elementor-widget-image\" data-id=\"3b00d7c\" data-element_type=\"widget\" data-widget_type=\"image.default\">\n\t\t\t\t<div class=\"elementor-widget-container\">\n\t\t\t\t\t\t\t\t<div class=\"elementor-image\">\n\t\t\t\t\t\t\t\t\t\t\t\t\t<a href=\"\/app\/uploads\/2021\/12\/INDION-CHEMICAL-DOSING-SYSTEMS-1.pdf\" target=\"_blank\">\n\t\t\t\t\t\t\t<img decoding=\"async\" width=\"270\" height=\"270\" src=\"https:\/\/ionexchangeglobal.com\/int\/wp-content\/uploads\/2021\/12\/chemical-dosing-system.jpg\" class=\"elementor-animation-grow attachment-full size-full wp-image-15197\" alt=\"\" srcset=\"https:\/\/ionexchangeglobal.com\/int\/wp-content\/uploads\/2021\/12\/chemical-dosing-system.jpg 270w, https:\/\/ionexchangeglobal.com\/int\/wp-content\/uploads\/2021\/12\/chemical-dosing-system-150x150.jpg 150w\" sizes=\"(max-width: 270px) 100vw, 270px\" loading=\"lazy\" \/>\t\t\t\t\t\t\t\t<\/a>\n\t\t\t\t\t\t\t\t\t\t\t\t\t\t<\/div>\n\t\t\t\t\t\t<\/div>\n\t\t\t\t<\/div>\n\t\t\t\t<div class=\"elementor-element elementor-element-7450db0 jltma-glass-effect-no elementor-widget elementor-widget-text-editor\" data-id=\"7450db0\" data-element_type=\"widget\" data-widget_type=\"text-editor.default\">\n\t\t\t\t<div class=\"elementor-widget-container\">\n\t\t\t\t\t\t\t\t<div class=\"elementor-text-editor elementor-clearfix\">\n\t\t\t\t<h3 style=\"font-size: 22px; color: #009adc; line-height: 1.455; font-weight: bold;\">Sistemas de Dosagem Qu\u00edmica<\/h3><p style=\"text-align: left;\">Os sistemas de dosagem de produtos qu\u00edmicos INDION s\u00e3o projetados para atender aos requisitos de dosagem precisa de produtos qu\u00edmicos para tratamento de \u00e1gua e \u00e1guas residuais&#8230;<\/p><p><a style=\"font-weight: bold; color: #0071b4;\" href=\"\/app\/uploads\/2021\/12\/INDION-CHEMICAL-DOSING-SYSTEMS-1.pdf\" target=\"_blank\" rel=\"noopener\">consulte Mais informa\u00e7\u00e3o<i class=\"fa fa-arrow-right\" aria-hidden=\"true\"><\/i><\/a><\/p>\t\t\t\t\t<\/div>\n\t\t\t\t\t\t<\/div>\n\t\t\t\t<\/div>\n\t\t\t\t\t\t<\/div>\n\t\t\t\t\t<\/div>\n\t\t<\/div>\n\t\t\t\t<div class=\"has_ma_el_bg_slider elementor-column elementor-col-50 elementor-inner-column elementor-element elementor-element-5a0a542 jltma-glass-effect-no\" data-dce-background-color=\"#FFF5F5\" data-id=\"5a0a542\" data-element_type=\"column\" data-settings=\"{&quot;background_background&quot;:&quot;gradient&quot;}\">\n\t\t\t<div class=\"elementor-column-wrap\">\n\t\t\t\t\t<div class=\"elementor-background-overlay\"><\/div>\n\t\t\t\t\t\t\t<div class=\"elementor-widget-wrap\">\n\t\t\t\t\t\t\t\t<\/div>\n\t\t\t\t\t<\/div>\n\t\t<\/div>\n\t\t\t\t\t\t\t\t<\/div>\n\t\t\t\t\t<\/div>\n\t\t<\/section>\n\t\t\t\t\t\t<\/div>\n\t\t\t\t\t<\/div>\n\t\t<\/div>\n\t\t\t\t<div class=\"has_ma_el_bg_slider elementor-column elementor-col-50 elementor-top-column elementor-element elementor-element-cd8d91e jltma-glass-effect-no\" data-id=\"cd8d91e\" data-element_type=\"column\">\n\t\t\t<div class=\"elementor-column-wrap elementor-element-populated\">\n\t\t\t\t\t\t\t<div class=\"elementor-widget-wrap\">\n\t\t\t\t\t\t<div class=\"elementor-element elementor-element-f4dfaa2 jltma-glass-effect-no elementor-widget elementor-widget-ucaddon_service_single_sidebar\" data-id=\"f4dfaa2\" data-element_type=\"widget\" data-widget_type=\"ucaddon_service_single_sidebar.default\">\n\t\t\t\t<div class=\"elementor-widget-container\">\n\t\t\t<!-- start Service single sidebar -->\n\t\t<link id='font-awesome-css' href='https:\/\/ionexchangeglobal.com\/int\/wp-content\/plugins\/unlimited-elements-for-elementor\/assets_libraries\/font-awesome5\/css\/fontawesome-all.min.css' type='text\/css' rel='stylesheet' >\n\t\t<link id='font-awesome-4-shim-css' href='https:\/\/ionexchangeglobal.com\/int\/wp-content\/plugins\/unlimited-elements-for-elementor\/assets_libraries\/font-awesome5\/css\/fontawesome-v4-shims.css' type='text\/css' rel='stylesheet' >\n\n\t\t\t<style type=\"text\/css\">\/* widget: Service single sidebar *\/\n\n.service-sidebar {\n\tfont-family: \"Futura MD Bt\", serif !important;\n}\n\n<\/style>\n\n\t\t\t<div class=\"service-sidebar\">\n\t\t<div class=\"service-sidebar-widget\">\n\t\t<div class=\"service-cat-widget ul-li-block\">\n\t\t\t<h3 class=\"widget-title\">Produtos e solu\u00e7\u00f5es<\/h3>\n\t\t\t<ul>\n              <li><a href=\"#\">Flocula\u00e7\u00e3o<\/a><\/li>\n<li><a href=\"#\">Desinfec\u00e7\u00e3o<\/a><\/li>\n<li><a href=\"#\">Esclarecimento<\/a><\/li>\n<li><a href=\"#\">Filtra\u00e7\u00e3o<\/a><\/li>\n<li><a href=\"https:\/\/iei.showdigital.in\/products\/\">Ver todos os produtos<\/a><\/li>\n\n\t\t\t<\/ul>\n\t\t<\/div>\n\t<\/div>\n\t\t\t\t<\/div>\n\t\t\t<!-- end Service single sidebar -->\t\t<\/div>\n\t\t\t\t<\/div>\n\t\t\t\t\t\t<\/div>\n\t\t\t\t\t<\/div>\n\t\t<\/div>\n\t\t\t\t\t\t\t\t<\/div>\n\t\t\t\t\t<\/div>\n\t\t<\/section>\n\t\t\t\t<section class=\"has_ma_el_bg_slider elementor-section elementor-top-section elementor-element elementor-element-f53338c elementor-section-full_width elementor-section-height-default elementor-section-height-default jltma-glass-effect-no\" data-id=\"f53338c\" data-element_type=\"section\">\n\t\t\t\t\t\t<div class=\"elementor-container elementor-column-gap-default\">\n\t\t\t\t\t\t\t<div class=\"elementor-row\">\n\t\t\t\t\t<div class=\"has_ma_el_bg_slider elementor-column elementor-col-100 elementor-top-column elementor-element elementor-element-f009ab8 jltma-glass-effect-no\" data-id=\"f009ab8\" data-element_type=\"column\">\n\t\t\t<div class=\"elementor-column-wrap elementor-element-populated\">\n\t\t\t\t\t\t\t<div class=\"elementor-widget-wrap\">\n\t\t\t\t\t\t<div class=\"elementor-element elementor-element-821afd0 jltma-glass-effect-no elementor-widget elementor-widget-shortcode\" data-id=\"821afd0\" data-element_type=\"widget\" data-widget_type=\"shortcode.default\">\n\t\t\t\t<div class=\"elementor-widget-container\">\n\t\t\t\t\t<div class=\"elementor-shortcode\">\t\t<div data-elementor-type=\"section\" data-elementor-id=\"39432\" data-post-id=\"36407\" data-obj-id=\"36407\" class=\"elementor elementor-39432 dce-elementor-post-36407\">\n\t\t\t\t\t<div class=\"elementor-section-wrap\">\n\t\t\t\t\t\t\t\t<section class=\"has_ma_el_bg_slider elementor-section elementor-top-section elementor-element elementor-element-18734e9 elementor-section-full_width elementor-section-height-default elementor-section-height-default jltma-glass-effect-no\" data-dce-background-overlay-color=\"#000000\" data-dce-background-image-url=\"https:\/\/ionexchangeglobal.com\/app\/uploads\/2022\/05\/service-banner-img.webp\" data-id=\"18734e9\" data-element_type=\"section\" id=\"hidesidebar\" data-settings=\"{&quot;background_background&quot;:&quot;classic&quot;}\">\n\t\t\t\t\t\t\t<div class=\"elementor-background-overlay\"><\/div>\n\t\t\t\t\t\t\t<div class=\"elementor-container elementor-column-gap-no\">\n\t\t\t\t\t\t\t<div class=\"elementor-row\">\n\t\t\t\t\t<div class=\"has_ma_el_bg_slider elementor-column elementor-col-100 elementor-top-column elementor-element elementor-element-821f61d jltma-glass-effect-no\" data-id=\"821f61d\" data-element_type=\"column\">\n\t\t\t<div class=\"elementor-column-wrap elementor-element-populated\">\n\t\t\t\t\t\t\t<div class=\"elementor-widget-wrap\">\n\t\t\t\t\t\t<section class=\"has_ma_el_bg_slider elementor-section elementor-inner-section elementor-element elementor-element-a8bcda6 elementor-section-boxed elementor-section-height-default elementor-section-height-default jltma-glass-effect-no\" data-id=\"a8bcda6\" data-element_type=\"section\">\n\t\t\t\t\t\t<div class=\"elementor-container elementor-column-gap-default\">\n\t\t\t\t\t\t\t<div class=\"elementor-row\">\n\t\t\t\t\t<div class=\"has_ma_el_bg_slider elementor-column elementor-col-100 elementor-inner-column elementor-element elementor-element-b08c873 jltma-glass-effect-no\" data-id=\"b08c873\" data-element_type=\"column\">\n\t\t\t<div class=\"elementor-column-wrap elementor-element-populated\">\n\t\t\t\t\t\t\t<div class=\"elementor-widget-wrap\">\n\t\t\t\t\t\t<div class=\"elementor-element elementor-element-8168c93 dce_masking-none jltma-glass-effect-no elementor-widget elementor-widget-image\" data-id=\"8168c93\" data-element_type=\"widget\" data-widget_type=\"image.default\">\n\t\t\t\t<div class=\"elementor-widget-container\">\n\t\t\t\t\t\t\t\t<div class=\"elementor-image\">\n\t\t\t\t\t\t\t\t\t\t\t\t<img decoding=\"async\" width=\"180\" height=\"90\" src=\"https:\/\/ionexchangeglobal.com\/int\/wp-content\/uploads\/2021\/09\/service24-7.png\" class=\"attachment-large size-large wp-image-12315\" alt=\"service24-7\" loading=\"lazy\" \/>\t\t\t\t\t\t\t\t\t\t\t\t\t\t<\/div>\n\t\t\t\t\t\t<\/div>\n\t\t\t\t<\/div>\n\t\t\t\t<div class=\"elementor-element elementor-element-8b1d0b7 jltma-glass-effect-no elementor-widget elementor-widget-text-editor\" data-id=\"8b1d0b7\" data-element_type=\"widget\" data-widget_type=\"text-editor.default\">\n\t\t\t\t<div class=\"elementor-widget-container\">\n\t\t\t\t\t\t\t\t<div class=\"elementor-text-editor elementor-clearfix\">\n\t\t\t\t<p><strong>Nossos servi\u00e7os integrados cobrem todos os aspectos do desempenho da sua esta\u00e7\u00e3o de tratamento de \u00e1gua para oferecer um pacote completo de benef\u00edcios<\/strong><\/p>\t\t\t\t\t<\/div>\n\t\t\t\t\t\t<\/div>\n\t\t\t\t<\/div>\n\t\t\t\t\t\t<\/div>\n\t\t\t\t\t<\/div>\n\t\t<\/div>\n\t\t\t\t\t\t\t\t<\/div>\n\t\t\t\t\t<\/div>\n\t\t<\/section>\n\t\t\t\t\t\t<\/div>\n\t\t\t\t\t<\/div>\n\t\t<\/div>\n\t\t\t\t\t\t\t\t<\/div>\n\t\t\t\t\t<\/div>\n\t\t<\/section>\n\t\t\t\t\t\t\t<\/div>\n\t\t\t\t<\/div>\n\t\t<\/div>\n\t\t\t\t<\/div>\n\t\t\t\t<\/div>\n\t\t\t\t\t\t<\/div>\n\t\t\t\t\t<\/div>\n\t\t<\/div>\n\t\t\t\t\t\t\t\t<\/div>\n\t\t\t\t\t<\/div>\n\t\t<\/section>\n\t\t\t\t\t\t\t\t\t<\/div>\n\t\t\t<\/div>\n\t\t\t\t\t<\/div>\n\t\t","protected":false},"excerpt":{"rendered":"<p>Sistemas de Dosagem Qu\u00edmica Sistemas de Dosagem Qu\u00edmica Os sistemas de dosagem de produtos qu\u00edmicos INDION s\u00e3o projetados para atender aos requisitos de dosagem precisa de produtos qu\u00edmicos para tratamento de \u00e1gua e \u00e1guas residuais&#8230; consulte Mais informa\u00e7\u00e3o Produtos e solu\u00e7\u00f5es Flocula\u00e7\u00e3o Desinfec\u00e7\u00e3o Esclarecimento Filtra\u00e7\u00e3o Ver todos os produtos<\/p>\n","protected":false},"author":4,"featured_media":63170,"parent":0,"menu_order":0,"comment_status":"closed","ping_status":"closed","template":"elementor_header_footer","meta":{"inline_featured_image":false},"yoast_head":"<!-- This site is optimized with the Yoast SEO plugin v20.12 - https:\/\/yoast.com\/wordpress\/plugins\/seo\/ -->\n<title>Sistemas de Dosagem Qu\u00edmica - Ion Exchange<\/title>\n<meta name=\"robots\" content=\"index, follow, max-snippet:-1, max-image-preview:large, max-video-preview:-1\" \/>\n<link rel=\"canonical\" href=\"https:\/\/ionexchangeglobal.com\/int\/pt\/sistemas-de-dosagem-quimica\/\" \/>\n<meta property=\"og:locale\" content=\"en_US\" \/>\n<meta property=\"og:type\" content=\"article\" \/>\n<meta property=\"og:title\" content=\"Sistemas de Dosagem Qu\u00edmica - Ion Exchange\" \/>\n<meta property=\"og:description\" content=\"Sistemas de Dosagem Qu\u00edmica Sistemas de Dosagem Qu\u00edmica Os sistemas de dosagem de produtos qu\u00edmicos INDION s\u00e3o projetados para atender aos requisitos de dosagem precisa de produtos qu\u00edmicos para tratamento de \u00e1gua e \u00e1guas residuais&#8230; consulte Mais informa\u00e7\u00e3o Produtos e solu\u00e7\u00f5es Flocula\u00e7\u00e3o Desinfec\u00e7\u00e3o Esclarecimento Filtra\u00e7\u00e3o Ver todos os produtos\" \/>\n<meta property=\"og:url\" content=\"https:\/\/ionexchangeglobal.com\/int\/pt\/sistemas-de-dosagem-quimica\/\" \/>\n<meta property=\"og:site_name\" content=\"Ion Exchange\" \/>\n<meta property=\"article:publisher\" content=\"https:\/\/www.facebook.com\/IONEXCHANGE\" \/>\n<meta property=\"article:modified_time\" content=\"2023-12-06T18:14:55+00:00\" \/>\n<meta property=\"og:image\" content=\"https:\/\/ionexchangeglobal.com\/int\/wp-content\/uploads\/2022\/04\/water-treatment-banner-img.jpg\" \/>\n\t<meta property=\"og:image:width\" content=\"1920\" \/>\n\t<meta property=\"og:image:height\" content=\"1280\" \/>\n\t<meta property=\"og:image:type\" content=\"image\/jpeg\" \/>\n<meta name=\"twitter:card\" content=\"summary_large_image\" \/>\n<meta name=\"twitter:site\" content=\"@IEI_Ltd\" \/>\n<script type=\"application\/ld+json\" class=\"yoast-schema-graph\">{\"@context\":\"https:\/\/schema.org\",\"@graph\":[{\"@type\":\"WebPage\",\"@id\":\"https:\/\/ionexchangeglobal.com\/int\/pt\/sistemas-de-dosagem-quimica\/\",\"url\":\"https:\/\/ionexchangeglobal.com\/int\/pt\/sistemas-de-dosagem-quimica\/\",\"name\":\"Sistemas de Dosagem Qu\u00edmica - Ion Exchange\",\"isPartOf\":{\"@id\":\"https:\/\/ionexchangeglobal.com\/int\/#website\"},\"datePublished\":\"2022-01-07T06:38:48+00:00\",\"dateModified\":\"2023-12-06T18:14:55+00:00\",\"breadcrumb\":{\"@id\":\"https:\/\/ionexchangeglobal.com\/int\/pt\/sistemas-de-dosagem-quimica\/#breadcrumb\"},\"inLanguage\":\"en-US\",\"potentialAction\":[{\"@type\":\"ReadAction\",\"target\":[\"https:\/\/ionexchangeglobal.com\/int\/pt\/sistemas-de-dosagem-quimica\/\"]}]},{\"@type\":\"BreadcrumbList\",\"@id\":\"https:\/\/ionexchangeglobal.com\/int\/pt\/sistemas-de-dosagem-quimica\/#breadcrumb\",\"itemListElement\":[{\"@type\":\"ListItem\",\"position\":1,\"name\":\"Home\",\"item\":\"https:\/\/ionexchangeglobal.com\/int\/pt\/pagina-inicial\/\"},{\"@type\":\"ListItem\",\"position\":2,\"name\":\"Sistemas de Dosagem Qu\u00edmica\"}]},{\"@type\":\"WebSite\",\"@id\":\"https:\/\/ionexchangeglobal.com\/int\/#website\",\"url\":\"https:\/\/ionexchangeglobal.com\/int\/\",\"name\":\"Ion Exchange\",\"description\":\"Refreshing the Planet\",\"publisher\":{\"@id\":\"https:\/\/ionexchangeglobal.com\/int\/#organization\"},\"potentialAction\":[{\"@type\":\"SearchAction\",\"target\":{\"@type\":\"EntryPoint\",\"urlTemplate\":\"https:\/\/ionexchangeglobal.com\/int\/?s={search_term_string}\"},\"query-input\":\"required name=search_term_string\"}],\"inLanguage\":\"en-US\"},{\"@type\":\"Organization\",\"@id\":\"https:\/\/ionexchangeglobal.com\/int\/#organization\",\"name\":\"Ion Exchange\",\"url\":\"https:\/\/ionexchangeglobal.com\/int\/\",\"logo\":{\"@type\":\"ImageObject\",\"inLanguage\":\"en-US\",\"@id\":\"https:\/\/ionexchangeglobal.com\/int\/#\/schema\/logo\/image\/\",\"url\":\"http:\/\/localhost:8000\/app\/uploads\/2022\/05\/ion-logo-1.webp\",\"contentUrl\":\"http:\/\/localhost:8000\/app\/uploads\/2022\/05\/ion-logo-1.webp\",\"width\":1,\"height\":1,\"caption\":\"Ion Exchange\"},\"image\":{\"@id\":\"https:\/\/ionexchangeglobal.com\/int\/#\/schema\/logo\/image\/\"},\"sameAs\":[\"https:\/\/www.facebook.com\/IONEXCHANGE\",\"https:\/\/twitter.com\/IEI_Ltd\",\"https:\/\/www.youtube.com\/channel\/UCqSuT-yd40I7RZ4p5UXuKbA\/videos\"]}]}<\/script>\n<!-- \/ Yoast SEO plugin. -->","yoast_head_json":{"title":"Sistemas de Dosagem Qu\u00edmica - Ion Exchange","robots":{"index":"index","follow":"follow","max-snippet":"max-snippet:-1","max-image-preview":"max-image-preview:large","max-video-preview":"max-video-preview:-1"},"canonical":"https:\/\/ionexchangeglobal.com\/int\/pt\/sistemas-de-dosagem-quimica\/","og_locale":"en_US","og_type":"article","og_title":"Sistemas de Dosagem Qu\u00edmica - Ion Exchange","og_description":"Sistemas de Dosagem Qu\u00edmica Sistemas de Dosagem Qu\u00edmica Os sistemas de dosagem de produtos qu\u00edmicos INDION s\u00e3o projetados para atender aos requisitos de dosagem precisa de produtos qu\u00edmicos para tratamento de \u00e1gua e \u00e1guas residuais&#8230; consulte Mais informa\u00e7\u00e3o Produtos e solu\u00e7\u00f5es Flocula\u00e7\u00e3o Desinfec\u00e7\u00e3o Esclarecimento Filtra\u00e7\u00e3o Ver todos os produtos","og_url":"https:\/\/ionexchangeglobal.com\/int\/pt\/sistemas-de-dosagem-quimica\/","og_site_name":"Ion Exchange","article_publisher":"https:\/\/www.facebook.com\/IONEXCHANGE","article_modified_time":"2023-12-06T18:14:55+00:00","og_image":[{"width":1920,"height":1280,"url":"https:\/\/ionexchangeglobal.com\/int\/wp-content\/uploads\/2022\/04\/water-treatment-banner-img.jpg","type":"image\/jpeg"}],"twitter_card":"summary_large_image","twitter_site":"@IEI_Ltd","schema":{"@context":"https:\/\/schema.org","@graph":[{"@type":"WebPage","@id":"https:\/\/ionexchangeglobal.com\/int\/pt\/sistemas-de-dosagem-quimica\/","url":"https:\/\/ionexchangeglobal.com\/int\/pt\/sistemas-de-dosagem-quimica\/","name":"Sistemas de Dosagem Qu\u00edmica - Ion Exchange","isPartOf":{"@id":"https:\/\/ionexchangeglobal.com\/int\/#website"},"datePublished":"2022-01-07T06:38:48+00:00","dateModified":"2023-12-06T18:14:55+00:00","breadcrumb":{"@id":"https:\/\/ionexchangeglobal.com\/int\/pt\/sistemas-de-dosagem-quimica\/#breadcrumb"},"inLanguage":"en-US","potentialAction":[{"@type":"ReadAction","target":["https:\/\/ionexchangeglobal.com\/int\/pt\/sistemas-de-dosagem-quimica\/"]}]},{"@type":"BreadcrumbList","@id":"https:\/\/ionexchangeglobal.com\/int\/pt\/sistemas-de-dosagem-quimica\/#breadcrumb","itemListElement":[{"@type":"ListItem","position":1,"name":"Home","item":"https:\/\/ionexchangeglobal.com\/int\/pt\/pagina-inicial\/"},{"@type":"ListItem","position":2,"name":"Sistemas de Dosagem Qu\u00edmica"}]},{"@type":"WebSite","@id":"https:\/\/ionexchangeglobal.com\/int\/#website","url":"https:\/\/ionexchangeglobal.com\/int\/","name":"Ion Exchange","description":"Refreshing the Planet","publisher":{"@id":"https:\/\/ionexchangeglobal.com\/int\/#organization"},"potentialAction":[{"@type":"SearchAction","target":{"@type":"EntryPoint","urlTemplate":"https:\/\/ionexchangeglobal.com\/int\/?s={search_term_string}"},"query-input":"required name=search_term_string"}],"inLanguage":"en-US"},{"@type":"Organization","@id":"https:\/\/ionexchangeglobal.com\/int\/#organization","name":"Ion Exchange","url":"https:\/\/ionexchangeglobal.com\/int\/","logo":{"@type":"ImageObject","inLanguage":"en-US","@id":"https:\/\/ionexchangeglobal.com\/int\/#\/schema\/logo\/image\/","url":"http:\/\/localhost:8000\/app\/uploads\/2022\/05\/ion-logo-1.webp","contentUrl":"http:\/\/localhost:8000\/app\/uploads\/2022\/05\/ion-logo-1.webp","width":1,"height":1,"caption":"Ion Exchange"},"image":{"@id":"https:\/\/ionexchangeglobal.com\/int\/#\/schema\/logo\/image\/"},"sameAs":["https:\/\/www.facebook.com\/IONEXCHANGE","https:\/\/twitter.com\/IEI_Ltd","https:\/\/www.youtube.com\/channel\/UCqSuT-yd40I7RZ4p5UXuKbA\/videos"]}]}},"lang":"pt","translations":{"pt":36407,"ar":42077,"en":16546,"fr":37150,"de":38034,"es":37881,"ru":38855,"it":44246,"ko":47076,"zh":47432,"th":63493},"pll_sync_post":[],"_links":{"self":[{"href":"https:\/\/ionexchangeglobal.com\/int\/wp-json\/wp\/v2\/pages\/36407"}],"collection":[{"href":"https:\/\/ionexchangeglobal.com\/int\/wp-json\/wp\/v2\/pages"}],"about":[{"href":"https:\/\/ionexchangeglobal.com\/int\/wp-json\/wp\/v2\/types\/page"}],"author":[{"embeddable":true,"href":"https:\/\/ionexchangeglobal.com\/int\/wp-json\/wp\/v2\/users\/4"}],"replies":[{"embeddable":true,"href":"https:\/\/ionexchangeglobal.com\/int\/wp-json\/wp\/v2\/comments?post=36407"}],"version-history":[{"count":7,"href":"https:\/\/ionexchangeglobal.com\/int\/wp-json\/wp\/v2\/pages\/36407\/revisions"}],"predecessor-version":[{"id":44052,"href":"https:\/\/ionexchangeglobal.com\/int\/wp-json\/wp\/v2\/pages\/36407\/revisions\/44052"}],"wp:featuredmedia":[{"embeddable":true,"href":"https:\/\/ionexchangeglobal.com\/int\/wp-json\/wp\/v2\/media\/63170"}],"wp:attachment":[{"href":"https:\/\/ionexchangeglobal.com\/int\/wp-json\/wp\/v2\/media?parent=36407"}],"curies":[{"name":"wp","href":"https:\/\/api.w.org\/{rel}","templated":true}]}}