{"id":36375,"date":"2022-01-12T15:35:24","date_gmt":"2022-01-12T15:35:24","guid":{"rendered":"https:\/\/stage.ionexchangeglobal.com\/?page_id=36375"},"modified":"2023-12-06T23:42:22","modified_gmt":"2023-12-06T18:12:22","slug":"reversao-de-eletrodialise-edr","status":"publish","type":"page","link":"https:\/\/ionexchangeglobal.com\/int\/pt\/reversao-de-eletrodialise-edr\/","title":{"rendered":"Revers\u00e3o de eletrodi\u00e1lise (EDR)"},"content":{"rendered":"\t\t<div data-elementor-type=\"wp-page\" data-elementor-id=\"36375\" data-post-id=\"36375\" data-obj-id=\"36375\" class=\"elementor elementor-36375 dce-elementor-post-36375\">\n\t\t\t\t\t\t<div class=\"elementor-inner\">\n\t\t\t\t<div class=\"elementor-section-wrap\">\n\t\t\t\t\t\t\t\t\t<section class=\"has_ma_el_bg_slider elementor-section elementor-top-section elementor-element elementor-element-8203d97 elementor-section-boxed elementor-section-height-default elementor-section-height-default jltma-glass-effect-no\" data-id=\"8203d97\" data-element_type=\"section\">\n\t\t\t\t\t\t<div class=\"elementor-container elementor-column-gap-default\">\n\t\t\t\t\t\t\t<div class=\"elementor-row\">\n\t\t\t\t\t<div class=\"has_ma_el_bg_slider elementor-column elementor-col-66 elementor-top-column elementor-element elementor-element-f6a8520 jltma-glass-effect-no\" data-id=\"f6a8520\" data-element_type=\"column\">\n\t\t\t<div class=\"elementor-column-wrap elementor-element-populated\">\n\t\t\t\t\t\t\t<div class=\"elementor-widget-wrap\">\n\t\t\t\t\t\t<section class=\"has_ma_el_bg_slider elementor-section elementor-inner-section elementor-element elementor-element-5f041a5 elementor-section-boxed elementor-section-height-default elementor-section-height-default jltma-glass-effect-no\" data-id=\"5f041a5\" data-element_type=\"section\">\n\t\t\t\t\t\t<div class=\"elementor-container elementor-column-gap-default\">\n\t\t\t\t\t\t\t<div class=\"elementor-row\">\n\t\t\t\t\t<div class=\"has_ma_el_bg_slider elementor-column elementor-col-100 elementor-inner-column elementor-element elementor-element-6838758 jltma-glass-effect-no\" data-id=\"6838758\" data-element_type=\"column\">\n\t\t\t<div class=\"elementor-column-wrap elementor-element-populated\">\n\t\t\t\t\t\t\t<div class=\"elementor-widget-wrap\">\n\t\t\t\t\t\t<div class=\"elementor-element elementor-element-672daca jltma-glass-effect-no elementor-widget elementor-widget-heading\" data-id=\"672daca\" data-element_type=\"widget\" data-widget_type=\"heading.default\">\n\t\t\t\t<div class=\"elementor-widget-container\">\n\t\t\t<h2 class=\"elementor-heading-title elementor-size-default\">Revers\u00e3o de eletrodi\u00e1lise (EDR)<\/h2>\t\t<\/div>\n\t\t\t\t<\/div>\n\t\t\t\t<div class=\"elementor-element elementor-element-6895f6c jltma-glass-effect-no elementor-widget elementor-widget-text-editor\" data-id=\"6895f6c\" data-element_type=\"widget\" data-widget_type=\"text-editor.default\">\n\t\t\t\t<div class=\"elementor-widget-container\">\n\t\t\t\t\t\t\t\t<div class=\"elementor-text-editor elementor-clearfix\">\n\t\t\t\t<p>O eletrodialisador utiliza membranas de troca i\u00f4nica permseletivas e energia el\u00e9trica para separar subst\u00e2ncias i\u00f4nicas em solu\u00e7\u00e3o aquosa, permitindo dessaliniza\u00e7\u00e3o, concentra\u00e7\u00e3o, refino e recupera\u00e7\u00e3o eficientes. A eletrodi\u00e1lise \u00e9 uma tecnologia de separa\u00e7\u00e3o que utiliza eletroforese de subst\u00e2ncias i\u00f4nicas em solu\u00e7\u00f5es e a permeabilidade seletiva de membranas de troca i\u00f4nica. Existem dois tipos de membranas de troca i\u00f4nica. A membrana de troca cati\u00f4nica permite seletivamente a permea\u00e7\u00e3o de c\u00e1tions e a membrana de troca de \u00e2nions permite seletivamente a permea\u00e7\u00e3o de \u00e2nions. Em um eletrodialisador, um grande n\u00famero dessas membranas \u00e9 disposto alternadamente entre dois eletrodos e uma corrente cont\u00ednua \u00e9 aplicada para separar os \u00edons em solu\u00e7\u00e3o.<\/p><p><strong>Formul\u00e1rios:<\/strong><\/p><ul><li>Produ\u00e7\u00e3o de sal a partir da \u00e1gua do mar<\/li><li>Dessaliniza\u00e7\u00e3o de molho de soja<\/li><li>Dessaliniza\u00e7\u00e3o de oligossacar\u00eddeo<\/li><li>Dessaliniza\u00e7\u00e3o\/concentra\u00e7\u00e3o de lixiviados de um aterro sanit\u00e1rio<\/li><li>Dessaliniza\u00e7\u00e3o\/concentra\u00e7\u00e3o de solu\u00e7\u00e3o de res\u00edduos de processamento<\/li><li>Recupera\u00e7\u00e3o \u00e1cida do processo de decapagem de placas de alum\u00ednio<\/li><li>Recupera\u00e7\u00e3o de solu\u00e7\u00e3o residual alcalina<\/li><\/ul>\t\t\t\t\t<\/div>\n\t\t\t\t\t\t<\/div>\n\t\t\t\t<\/div>\n\t\t\t\t\t\t<\/div>\n\t\t\t\t\t<\/div>\n\t\t<\/div>\n\t\t\t\t\t\t\t\t<\/div>\n\t\t\t\t\t<\/div>\n\t\t<\/section>\n\t\t\t\t\t\t<\/div>\n\t\t\t\t\t<\/div>\n\t\t<\/div>\n\t\t\t\t<div class=\"has_ma_el_bg_slider elementor-column elementor-col-33 elementor-top-column elementor-element elementor-element-d572f9b jltma-glass-effect-no\" data-id=\"d572f9b\" data-element_type=\"column\">\n\t\t\t<div class=\"elementor-column-wrap elementor-element-populated\">\n\t\t\t\t\t\t\t<div class=\"elementor-widget-wrap\">\n\t\t\t\t\t\t<div class=\"elementor-element elementor-element-86981b6 jltma-glass-effect-no elementor-widget elementor-widget-ucaddon_service_single_sidebar\" data-id=\"86981b6\" data-element_type=\"widget\" data-widget_type=\"ucaddon_service_single_sidebar.default\">\n\t\t\t\t<div class=\"elementor-widget-container\">\n\t\t\t<!-- start Service single sidebar -->\n\t\t<link id='font-awesome-css' href='https:\/\/ionexchangeglobal.com\/int\/wp-content\/plugins\/unlimited-elements-for-elementor\/assets_libraries\/font-awesome5\/css\/fontawesome-all.min.css' type='text\/css' rel='stylesheet' >\n\t\t<link id='font-awesome-4-shim-css' href='https:\/\/ionexchangeglobal.com\/int\/wp-content\/plugins\/unlimited-elements-for-elementor\/assets_libraries\/font-awesome5\/css\/fontawesome-v4-shims.css' type='text\/css' rel='stylesheet' >\n\n\t\t\t<style type=\"text\/css\">\/* widget: Service single sidebar *\/\n\n.service-sidebar {\n\tfont-family: \"Futura MD Bt\", serif !important;\n}\n\n<\/style>\n\n\t\t\t<div class=\"service-sidebar\">\n\t\t<div class=\"service-sidebar-widget\">\n\t\t<div class=\"service-cat-widget ul-li-block\">\n\t\t\t<h3 class=\"widget-title\">Produtos e solu\u00e7\u00f5es<\/h3>\n\t\t\t<ul>\n              <li><a href=\"#\">Flocula\u00e7\u00e3o<\/a><\/li>\n<li><a href=\"#\">Desinfec\u00e7\u00e3o<\/a><\/li>\n<li><a href=\"#\">Esclarecimento<\/a><\/li>\n<li><a href=\"#\">Filtra\u00e7\u00e3o<\/a><\/li>\n<li><a href=\"https:\/\/iei.showdigital.in\/products\/\">Ver todos os produtos<\/a><\/li>\n\n\t\t\t<\/ul>\n\t\t<\/div>\n\t<\/div>\n\t\t\t\t<\/div>\n\t\t\t<!-- end Service single sidebar -->\t\t<\/div>\n\t\t\t\t<\/div>\n\t\t\t\t\t\t<\/div>\n\t\t\t\t\t<\/div>\n\t\t<\/div>\n\t\t\t\t\t\t\t\t<\/div>\n\t\t\t\t\t<\/div>\n\t\t<\/section>\n\t\t\t\t<section class=\"has_ma_el_bg_slider elementor-section elementor-top-section elementor-element elementor-element-daa5c99 elementor-section-full_width elementor-section-height-default elementor-section-height-default jltma-glass-effect-no\" data-dce-background-overlay-color=\"#000000\" data-dce-background-image-url=\"https:\/\/ionexchangeglobal.com\/app\/uploads\/2021\/12\/RECKITT-BENCKISER-OM-CC-1.jpg\" data-id=\"daa5c99\" data-element_type=\"section\" data-settings=\"{&quot;background_background&quot;:&quot;classic&quot;}\">\n\t\t\t\t\t\t\t<div class=\"elementor-background-overlay\"><\/div>\n\t\t\t\t\t\t\t<div class=\"elementor-container elementor-column-gap-no\">\n\t\t\t\t\t\t\t<div class=\"elementor-row\">\n\t\t\t\t\t<div class=\"has_ma_el_bg_slider elementor-column elementor-col-100 elementor-top-column elementor-element elementor-element-a5ff145 jltma-glass-effect-no\" data-id=\"a5ff145\" data-element_type=\"column\">\n\t\t\t<div class=\"elementor-column-wrap elementor-element-populated\">\n\t\t\t\t\t\t\t<div class=\"elementor-widget-wrap\">\n\t\t\t\t\t\t<section class=\"has_ma_el_bg_slider elementor-section elementor-inner-section elementor-element elementor-element-8998e7e elementor-section-boxed elementor-section-height-default elementor-section-height-default jltma-glass-effect-no\" data-id=\"8998e7e\" data-element_type=\"section\">\n\t\t\t\t\t\t<div class=\"elementor-container elementor-column-gap-default\">\n\t\t\t\t\t\t\t<div class=\"elementor-row\">\n\t\t\t\t\t<div class=\"has_ma_el_bg_slider elementor-column elementor-col-100 elementor-inner-column elementor-element elementor-element-91bfcb7 jltma-glass-effect-no\" data-id=\"91bfcb7\" data-element_type=\"column\">\n\t\t\t<div class=\"elementor-column-wrap elementor-element-populated\">\n\t\t\t\t\t\t\t<div class=\"elementor-widget-wrap\">\n\t\t\t\t\t\t<div class=\"elementor-element elementor-element-7e8c9ac dce_masking-none jltma-glass-effect-no elementor-widget elementor-widget-image\" data-id=\"7e8c9ac\" data-element_type=\"widget\" data-widget_type=\"image.default\">\n\t\t\t\t<div class=\"elementor-widget-container\">\n\t\t\t\t\t\t\t\t<div class=\"elementor-image\">\n\t\t\t\t\t\t\t\t\t\t\t\t<img decoding=\"async\" width=\"180\" height=\"90\" src=\"https:\/\/ionexchangeglobal.com\/int\/wp-content\/uploads\/2021\/09\/service24-7.png\" class=\"attachment-large size-large wp-image-12315\" alt=\"service24-7\" loading=\"lazy\" \/>\t\t\t\t\t\t\t\t\t\t\t\t\t\t<\/div>\n\t\t\t\t\t\t<\/div>\n\t\t\t\t<\/div>\n\t\t\t\t<div class=\"elementor-element elementor-element-1bf82de jltma-glass-effect-no elementor-widget elementor-widget-text-editor\" data-id=\"1bf82de\" data-element_type=\"widget\" data-widget_type=\"text-editor.default\">\n\t\t\t\t<div class=\"elementor-widget-container\">\n\t\t\t\t\t\t\t\t<div class=\"elementor-text-editor elementor-clearfix\">\n\t\t\t\t<p><strong>Nossos servi\u00e7os integrados cobrem todos os aspectos do desempenho da sua esta\u00e7\u00e3o de tratamento de \u00e1gua para oferecer um pacote completo de benef\u00edcios<\/strong><\/p>\t\t\t\t\t<\/div>\n\t\t\t\t\t\t<\/div>\n\t\t\t\t<\/div>\n\t\t\t\t\t\t<\/div>\n\t\t\t\t\t<\/div>\n\t\t<\/div>\n\t\t\t\t\t\t\t\t<\/div>\n\t\t\t\t\t<\/div>\n\t\t<\/section>\n\t\t\t\t\t\t<\/div>\n\t\t\t\t\t<\/div>\n\t\t<\/div>\n\t\t\t\t\t\t\t\t<\/div>\n\t\t\t\t\t<\/div>\n\t\t<\/section>\n\t\t\t\t\t\t\t\t\t<\/div>\n\t\t\t<\/div>\n\t\t\t\t\t<\/div>\n\t\t","protected":false},"excerpt":{"rendered":"<p>Revers\u00e3o de eletrodi\u00e1lise (EDR) O eletrodialisador utiliza membranas de troca i\u00f4nica permseletivas e energia el\u00e9trica para separar subst\u00e2ncias i\u00f4nicas em solu\u00e7\u00e3o aquosa, permitindo dessaliniza\u00e7\u00e3o, concentra\u00e7\u00e3o, refino e recupera\u00e7\u00e3o eficientes. A eletrodi\u00e1lise \u00e9 uma tecnologia de separa\u00e7\u00e3o que utiliza eletroforese de subst\u00e2ncias i\u00f4nicas em solu\u00e7\u00f5es e a permeabilidade seletiva de membranas de troca i\u00f4nica. Existem dois&hellip;<\/p>\n","protected":false},"author":4,"featured_media":17106,"parent":0,"menu_order":0,"comment_status":"closed","ping_status":"closed","template":"elementor_header_footer","meta":{"inline_featured_image":false},"yoast_head":"<!-- This site is optimized with the Yoast SEO plugin v20.12 - https:\/\/yoast.com\/wordpress\/plugins\/seo\/ -->\n<title>Revers\u00e3o de eletrodi\u00e1lise (EDR) - Ion Exchange<\/title>\n<meta name=\"robots\" content=\"index, follow, max-snippet:-1, max-image-preview:large, max-video-preview:-1\" \/>\n<link rel=\"canonical\" href=\"https:\/\/ionexchangeglobal.com\/int\/pt\/reversao-de-eletrodialise-edr\/\" \/>\n<meta property=\"og:locale\" content=\"en_US\" \/>\n<meta property=\"og:type\" content=\"article\" \/>\n<meta property=\"og:title\" content=\"Revers\u00e3o de eletrodi\u00e1lise (EDR) - Ion Exchange\" \/>\n<meta property=\"og:description\" content=\"Revers\u00e3o de eletrodi\u00e1lise (EDR) O eletrodialisador utiliza membranas de troca i\u00f4nica permseletivas e energia el\u00e9trica para separar subst\u00e2ncias i\u00f4nicas em solu\u00e7\u00e3o aquosa, permitindo dessaliniza\u00e7\u00e3o, concentra\u00e7\u00e3o, refino e recupera\u00e7\u00e3o eficientes. A eletrodi\u00e1lise \u00e9 uma tecnologia de separa\u00e7\u00e3o que utiliza eletroforese de subst\u00e2ncias i\u00f4nicas em solu\u00e7\u00f5es e a permeabilidade seletiva de membranas de troca i\u00f4nica. Existem dois&hellip;\" \/>\n<meta property=\"og:url\" content=\"https:\/\/ionexchangeglobal.com\/int\/pt\/reversao-de-eletrodialise-edr\/\" \/>\n<meta property=\"og:site_name\" content=\"Ion Exchange\" \/>\n<meta property=\"article:publisher\" content=\"https:\/\/www.facebook.com\/IONEXCHANGE\" \/>\n<meta property=\"article:modified_time\" content=\"2023-12-06T18:12:22+00:00\" \/>\n<meta property=\"og:image\" content=\"https:\/\/ionexchangeglobal.com\/int\/wp-content\/uploads\/2022\/01\/Waste-Water-Treatment-banner.png\" \/>\n\t<meta property=\"og:image:width\" content=\"1920\" \/>\n\t<meta property=\"og:image:height\" content=\"784\" \/>\n\t<meta property=\"og:image:type\" content=\"image\/png\" \/>\n<meta name=\"twitter:card\" content=\"summary_large_image\" \/>\n<meta name=\"twitter:site\" content=\"@IEI_Ltd\" \/>\n<meta name=\"twitter:label1\" content=\"Est. reading time\" \/>\n\t<meta name=\"twitter:data1\" content=\"1 minute\" \/>\n<script type=\"application\/ld+json\" class=\"yoast-schema-graph\">{\"@context\":\"https:\/\/schema.org\",\"@graph\":[{\"@type\":\"WebPage\",\"@id\":\"https:\/\/ionexchangeglobal.com\/int\/pt\/reversao-de-eletrodialise-edr\/\",\"url\":\"https:\/\/ionexchangeglobal.com\/int\/pt\/reversao-de-eletrodialise-edr\/\",\"name\":\"Revers\u00e3o de eletrodi\u00e1lise (EDR) - Ion Exchange\",\"isPartOf\":{\"@id\":\"https:\/\/ionexchangeglobal.com\/int\/#website\"},\"datePublished\":\"2022-01-12T15:35:24+00:00\",\"dateModified\":\"2023-12-06T18:12:22+00:00\",\"breadcrumb\":{\"@id\":\"https:\/\/ionexchangeglobal.com\/int\/pt\/reversao-de-eletrodialise-edr\/#breadcrumb\"},\"inLanguage\":\"en-US\",\"potentialAction\":[{\"@type\":\"ReadAction\",\"target\":[\"https:\/\/ionexchangeglobal.com\/int\/pt\/reversao-de-eletrodialise-edr\/\"]}]},{\"@type\":\"BreadcrumbList\",\"@id\":\"https:\/\/ionexchangeglobal.com\/int\/pt\/reversao-de-eletrodialise-edr\/#breadcrumb\",\"itemListElement\":[{\"@type\":\"ListItem\",\"position\":1,\"name\":\"Home\",\"item\":\"https:\/\/ionexchangeglobal.com\/int\/pt\/pagina-inicial\/\"},{\"@type\":\"ListItem\",\"position\":2,\"name\":\"Revers\u00e3o de eletrodi\u00e1lise (EDR)\"}]},{\"@type\":\"WebSite\",\"@id\":\"https:\/\/ionexchangeglobal.com\/int\/#website\",\"url\":\"https:\/\/ionexchangeglobal.com\/int\/\",\"name\":\"Ion Exchange\",\"description\":\"Refreshing the Planet\",\"publisher\":{\"@id\":\"https:\/\/ionexchangeglobal.com\/int\/#organization\"},\"potentialAction\":[{\"@type\":\"SearchAction\",\"target\":{\"@type\":\"EntryPoint\",\"urlTemplate\":\"https:\/\/ionexchangeglobal.com\/int\/?s={search_term_string}\"},\"query-input\":\"required name=search_term_string\"}],\"inLanguage\":\"en-US\"},{\"@type\":\"Organization\",\"@id\":\"https:\/\/ionexchangeglobal.com\/int\/#organization\",\"name\":\"Ion Exchange\",\"url\":\"https:\/\/ionexchangeglobal.com\/int\/\",\"logo\":{\"@type\":\"ImageObject\",\"inLanguage\":\"en-US\",\"@id\":\"https:\/\/ionexchangeglobal.com\/int\/#\/schema\/logo\/image\/\",\"url\":\"http:\/\/localhost:8000\/app\/uploads\/2022\/05\/ion-logo-1.webp\",\"contentUrl\":\"http:\/\/localhost:8000\/app\/uploads\/2022\/05\/ion-logo-1.webp\",\"width\":1,\"height\":1,\"caption\":\"Ion Exchange\"},\"image\":{\"@id\":\"https:\/\/ionexchangeglobal.com\/int\/#\/schema\/logo\/image\/\"},\"sameAs\":[\"https:\/\/www.facebook.com\/IONEXCHANGE\",\"https:\/\/twitter.com\/IEI_Ltd\",\"https:\/\/www.youtube.com\/channel\/UCqSuT-yd40I7RZ4p5UXuKbA\/videos\"]}]}<\/script>\n<!-- \/ Yoast SEO plugin. -->","yoast_head_json":{"title":"Revers\u00e3o de eletrodi\u00e1lise (EDR) - Ion Exchange","robots":{"index":"index","follow":"follow","max-snippet":"max-snippet:-1","max-image-preview":"max-image-preview:large","max-video-preview":"max-video-preview:-1"},"canonical":"https:\/\/ionexchangeglobal.com\/int\/pt\/reversao-de-eletrodialise-edr\/","og_locale":"en_US","og_type":"article","og_title":"Revers\u00e3o de eletrodi\u00e1lise (EDR) - Ion Exchange","og_description":"Revers\u00e3o de eletrodi\u00e1lise (EDR) O eletrodialisador utiliza membranas de troca i\u00f4nica permseletivas e energia el\u00e9trica para separar subst\u00e2ncias i\u00f4nicas em solu\u00e7\u00e3o aquosa, permitindo dessaliniza\u00e7\u00e3o, concentra\u00e7\u00e3o, refino e recupera\u00e7\u00e3o eficientes. A eletrodi\u00e1lise \u00e9 uma tecnologia de separa\u00e7\u00e3o que utiliza eletroforese de subst\u00e2ncias i\u00f4nicas em solu\u00e7\u00f5es e a permeabilidade seletiva de membranas de troca i\u00f4nica. Existem dois&hellip;","og_url":"https:\/\/ionexchangeglobal.com\/int\/pt\/reversao-de-eletrodialise-edr\/","og_site_name":"Ion Exchange","article_publisher":"https:\/\/www.facebook.com\/IONEXCHANGE","article_modified_time":"2023-12-06T18:12:22+00:00","og_image":[{"width":1920,"height":784,"url":"https:\/\/ionexchangeglobal.com\/int\/wp-content\/uploads\/2022\/01\/Waste-Water-Treatment-banner.png","type":"image\/png"}],"twitter_card":"summary_large_image","twitter_site":"@IEI_Ltd","twitter_misc":{"Est. reading time":"1 minute"},"schema":{"@context":"https:\/\/schema.org","@graph":[{"@type":"WebPage","@id":"https:\/\/ionexchangeglobal.com\/int\/pt\/reversao-de-eletrodialise-edr\/","url":"https:\/\/ionexchangeglobal.com\/int\/pt\/reversao-de-eletrodialise-edr\/","name":"Revers\u00e3o de eletrodi\u00e1lise (EDR) - Ion Exchange","isPartOf":{"@id":"https:\/\/ionexchangeglobal.com\/int\/#website"},"datePublished":"2022-01-12T15:35:24+00:00","dateModified":"2023-12-06T18:12:22+00:00","breadcrumb":{"@id":"https:\/\/ionexchangeglobal.com\/int\/pt\/reversao-de-eletrodialise-edr\/#breadcrumb"},"inLanguage":"en-US","potentialAction":[{"@type":"ReadAction","target":["https:\/\/ionexchangeglobal.com\/int\/pt\/reversao-de-eletrodialise-edr\/"]}]},{"@type":"BreadcrumbList","@id":"https:\/\/ionexchangeglobal.com\/int\/pt\/reversao-de-eletrodialise-edr\/#breadcrumb","itemListElement":[{"@type":"ListItem","position":1,"name":"Home","item":"https:\/\/ionexchangeglobal.com\/int\/pt\/pagina-inicial\/"},{"@type":"ListItem","position":2,"name":"Revers\u00e3o de eletrodi\u00e1lise (EDR)"}]},{"@type":"WebSite","@id":"https:\/\/ionexchangeglobal.com\/int\/#website","url":"https:\/\/ionexchangeglobal.com\/int\/","name":"Ion Exchange","description":"Refreshing the Planet","publisher":{"@id":"https:\/\/ionexchangeglobal.com\/int\/#organization"},"potentialAction":[{"@type":"SearchAction","target":{"@type":"EntryPoint","urlTemplate":"https:\/\/ionexchangeglobal.com\/int\/?s={search_term_string}"},"query-input":"required name=search_term_string"}],"inLanguage":"en-US"},{"@type":"Organization","@id":"https:\/\/ionexchangeglobal.com\/int\/#organization","name":"Ion Exchange","url":"https:\/\/ionexchangeglobal.com\/int\/","logo":{"@type":"ImageObject","inLanguage":"en-US","@id":"https:\/\/ionexchangeglobal.com\/int\/#\/schema\/logo\/image\/","url":"http:\/\/localhost:8000\/app\/uploads\/2022\/05\/ion-logo-1.webp","contentUrl":"http:\/\/localhost:8000\/app\/uploads\/2022\/05\/ion-logo-1.webp","width":1,"height":1,"caption":"Ion Exchange"},"image":{"@id":"https:\/\/ionexchangeglobal.com\/int\/#\/schema\/logo\/image\/"},"sameAs":["https:\/\/www.facebook.com\/IONEXCHANGE","https:\/\/twitter.com\/IEI_Ltd","https:\/\/www.youtube.com\/channel\/UCqSuT-yd40I7RZ4p5UXuKbA\/videos"]}]}},"lang":"pt","translations":{"pt":36375,"ar":42391,"en":17040,"it":36707,"fr":36973,"de":38217,"es":38634,"ja":40227,"ru":45855,"ko":47062,"zh":47414,"th":63339},"pll_sync_post":[],"_links":{"self":[{"href":"https:\/\/ionexchangeglobal.com\/int\/wp-json\/wp\/v2\/pages\/36375"}],"collection":[{"href":"https:\/\/ionexchangeglobal.com\/int\/wp-json\/wp\/v2\/pages"}],"about":[{"href":"https:\/\/ionexchangeglobal.com\/int\/wp-json\/wp\/v2\/types\/page"}],"author":[{"embeddable":true,"href":"https:\/\/ionexchangeglobal.com\/int\/wp-json\/wp\/v2\/users\/4"}],"replies":[{"embeddable":true,"href":"https:\/\/ionexchangeglobal.com\/int\/wp-json\/wp\/v2\/comments?post=36375"}],"version-history":[{"count":7,"href":"https:\/\/ionexchangeglobal.com\/int\/wp-json\/wp\/v2\/pages\/36375\/revisions"}],"predecessor-version":[{"id":44039,"href":"https:\/\/ionexchangeglobal.com\/int\/wp-json\/wp\/v2\/pages\/36375\/revisions\/44039"}],"wp:featuredmedia":[{"embeddable":true,"href":"https:\/\/ionexchangeglobal.com\/int\/wp-json\/wp\/v2\/media\/17106"}],"wp:attachment":[{"href":"https:\/\/ionexchangeglobal.com\/int\/wp-json\/wp\/v2\/media?parent=36375"}],"curies":[{"name":"wp","href":"https:\/\/api.w.org\/{rel}","templated":true}]}}