{"id":36177,"date":"2021-07-19T12:23:55","date_gmt":"2021-07-19T12:23:55","guid":{"rendered":"https:\/\/stage.ionexchangeglobal.com\/?page_id=36177"},"modified":"2024-02-05T18:00:10","modified_gmt":"2024-02-05T12:30:10","slug":"operacoes-e-manutencao","status":"publish","type":"page","link":"https:\/\/ionexchangeglobal.com\/int\/pt\/servicos\/operacoes-e-manutencao\/","title":{"rendered":"Opera\u00e7\u00f5es e Manuten\u00e7\u00e3o"},"content":{"rendered":"\t\t<div data-elementor-type=\"wp-page\" data-elementor-id=\"36177\" data-post-id=\"36177\" data-obj-id=\"36177\" class=\"elementor elementor-36177 dce-elementor-post-36177\">\n\t\t\t\t\t\t<div class=\"elementor-inner\">\n\t\t\t\t<div class=\"elementor-section-wrap\">\n\t\t\t\t\t\t\t\t\t<section class=\"has_ma_el_bg_slider elementor-section elementor-top-section elementor-element elementor-element-f0bf960 Product-inner-section-wrap elementor-section-boxed elementor-section-height-default elementor-section-height-default jltma-glass-effect-no\" data-id=\"f0bf960\" data-element_type=\"section\">\n\t\t\t\t\t\t<div class=\"elementor-container elementor-column-gap-default\">\n\t\t\t\t\t\t\t<div class=\"elementor-row\">\n\t\t\t\t\t<div class=\"has_ma_el_bg_slider elementor-column elementor-col-50 elementor-top-column elementor-element elementor-element-1bd534d jltma-glass-effect-no\" data-id=\"1bd534d\" data-element_type=\"column\">\n\t\t\t<div class=\"elementor-column-wrap elementor-element-populated\">\n\t\t\t\t\t\t\t<div class=\"elementor-widget-wrap\">\n\t\t\t\t\t\t<div class=\"elementor-element elementor-element-837d175 jltma-glass-effect-no elementor-widget elementor-widget-ucaddon_service_single_content_copy\" data-id=\"837d175\" data-element_type=\"widget\" data-widget_type=\"ucaddon_service_single_content_copy.default\">\n\t\t\t\t<div class=\"elementor-widget-container\">\n\t\t\t<!-- start Inner service single content -->\n\t\t<link id='unitegallery-css' href='https:\/\/ionexchangeglobal.com\/int\/wp-content\/plugins\/unlimited-elements-for-elementor\/assets_libraries\/unitegallery\/css\/unite-gallery.css' type='text\/css' rel='stylesheet' >\n\n\t\t\t<style type=\"text\/css\">\/* widget: Inner service single content *\/\n\n.service-subheader{\n text-transform: uppercase;\n font-size:30px;\n}\n\n.service-single-content {\n\tfont-family: \"Futura MD Bt\", serf;\n}\n\n<\/style>\n\n\t\t\t<div class=\"service-single-content\">\n\t\t<div class=\"service-details-img-pair\">\n\t\t<div class=\"row\">\n\t\t\t<div class=\"col-md-6\">\n\t\t\t\t<img decoding=\"async\" src=\"https:\/\/ionexchangeglobal.com\/int\/wp-content\/uploads\/2021\/10\/RECKITT-BENCKISER-OM-CC-2.jpg\" alt=\"RECKITT BENCKISER- O&amp;M- C&amp;C-\" loading=\"lazy\">\n\t\t\t<\/div>\n\t\t\t<div class=\"col-md-6\">\n\t\t\t\t<img decoding=\"async\" src=\"https:\/\/ionexchangeglobal.com\/int\/wp-content\/uploads\/2021\/10\/Institutional-CTS-IT-Park-chennai-OM.jpg\" alt=\"Institutional - CTS - IT Park chennai- O&amp;M\" loading=\"lazy\">\n\t\t\t<\/div>\n\t\t<\/div>\n\t<\/div>\n\t\t<h3 class=\"service-subheader mt-5\">Opera\u00e7\u00f5es e Manuten\u00e7\u00e3o<\/h3>\n\t\t<article>\n\t\tFornecemos solu\u00e7\u00f5es abrangentes e personalizadas para gest\u00e3o total de \u00e1gua e \u00e1guas residuais aos nossos clientes, seguindo normas de qualidade de padr\u00e3o internacional. Nossas opera\u00e7\u00f5es para m\u00e1quinas de corrida, equipamentos, instrumentos, etc. seguem procedimentos operacionais padr\u00e3o (SOPs).\n\t<\/article>\n\t\t\t<article>\n\t\t\n\t<\/article>\n  \t<div class=\"service-para1-banner-img mt-5\">\n\t\t<div class=\"row\">\n\t\t\t<div class=\"col-md-12\">\n\t\t\t\t<img decoding=\"async\" src=\"https:\/\/ionexchangeglobal.com\/int\/wp-content\/uploads\/2021\/10\/IOCL-Kolkata-Petrochem-1.jpg\" alt=\"IOCL Kolkata Petrochem-1\" loading=\"lazy\">\n\t\t\t<\/div>\n      \t<\/div>\n     <\/div> \n\t\t\t<h4 class=\"service-section2-heading mt-5\"><\/h4>\n\t<article><\/article>\n\t<div class=\"row\">\n\t\t<div class=\"col-lg-12\">\n\t\t\t<div class=\"service-details-list ul-li-block\">\n\t\t\t\t<h2>As opera\u00e7\u00f5es e manuten\u00e7\u00e3o da planta incluem:<\/h2><ul class=\"service-plantoperation-wrap\"><li>Monitoramento de rotina de par\u00e2metros de processo como pH, DBO, DQO, cor, suspens\u00e3o, s\u00f3lidos, etc.<\/li><li>Nossa tecnologia on-line de monitoramento da qualidade da \u00e1gua fornece um sistema de informa\u00e7\u00f5es preciso e cont\u00ednuo sobre a qualidade da \u00e1gua\/\u00e1guas residuais para monitorar par\u00e2metros como DBO,<\/li><li>DQO, SST\/turbidez, am\u00f4nia, cromo, oxig\u00eanio dissolvido, cor, fl\u00faor, nitrato, etc. s\u00e3o realizados por analisadores online automatizados.<\/li><li>Suporte para opera\u00e7\u00e3o da planta, manuten\u00e7\u00e3o peri\u00f3dica e avarias.<\/li><li>Treinamentos rotineiros de seguran\u00e7a para operadores, t\u00e9cnicos, supervisores e engenheiros e auditorias de seguran\u00e7a para melhoria constante do padr\u00e3o de seguran\u00e7a.<\/li><li>Servi\u00e7os completos de manuten\u00e7\u00e3o anual e revis\u00e3o para a planta. Nossos servi\u00e7os de manuten\u00e7\u00e3o anual (AMC) garantem um desempenho consistente da planta, identificando e apresentando problemas antes que eles ocorram.<\/li><\/ul><p>\u00a0 \u00a0 \u00a0 \u00a0 \u00a0 \u00a0 \u00a0 \u00a0 <strong>Nossos servi\u00e7os sob AMC:<\/strong><\/p><div class=\"our-service-sublist-wrap\"><ul><li>\u00a0 \u00a0 \u00a0 \u00a0Teste de qualidade da \u00e1gua afluente e tratada<\/li><li>\u00a0 \u00a0 \u00a0 \u00a0Teste de resinas<\/li><li>\u00a0 \u00a0 \u00a0 \u00a0 Inspe\u00e7\u00e3o de componentes mec\u00e2nicos<\/li><li>\u00a0 \u00a0 \u00a0 \u00a0 Solucionar problemas e lidar com emerg\u00eancias para eliminar o tempo de inatividade.<\/li><li>\u00a0 \u00a0 \u00a0 \u00a0Auditar o desempenho da planta e oferecer sugest\u00f5es sobre manuten\u00e7\u00e3o e substitui\u00e7\u00e3o de componentes para reduzir o tempo de inatividade, aumentar a efici\u00eancia e reduzir custos de opera\u00e7\u00e3o.<\/li><\/ul><\/div>\n\t\t\t<\/div>\n\t\t<\/div>\n\t<\/div>\n\t<article>\n\t\t\n\t<\/article>\n\t\t\t<article>\n\t\t\n\t<\/article>\n<\/div>\n\t\t\t<!-- end Inner service single content -->\t\t<\/div>\n\t\t\t\t<\/div>\n\t\t\t\t\t\t<\/div>\n\t\t\t\t\t<\/div>\n\t\t<\/div>\n\t\t\t\t<div class=\"has_ma_el_bg_slider elementor-column elementor-col-50 elementor-top-column elementor-element elementor-element-53b4d548 jltma-glass-effect-no\" data-id=\"53b4d548\" data-element_type=\"column\">\n\t\t\t<div class=\"elementor-column-wrap elementor-element-populated\">\n\t\t\t\t\t\t\t<div class=\"elementor-widget-wrap\">\n\t\t\t\t\t\t<div class=\"elementor-element elementor-element-4c556f0a jltma-glass-effect-no elementor-widget elementor-widget-ucaddon_service_single_sidebar\" data-id=\"4c556f0a\" data-element_type=\"widget\" data-widget_type=\"ucaddon_service_single_sidebar.default\">\n\t\t\t\t<div class=\"elementor-widget-container\">\n\t\t\t<!-- start Service single sidebar -->\n\t\t<link id='font-awesome-css' href='https:\/\/ionexchangeglobal.com\/int\/wp-content\/plugins\/unlimited-elements-for-elementor\/assets_libraries\/font-awesome5\/css\/fontawesome-all.min.css' type='text\/css' rel='stylesheet' >\n\t\t<link id='font-awesome-4-shim-css' href='https:\/\/ionexchangeglobal.com\/int\/wp-content\/plugins\/unlimited-elements-for-elementor\/assets_libraries\/font-awesome5\/css\/fontawesome-v4-shims.css' type='text\/css' rel='stylesheet' >\n\n\t\t\t<style type=\"text\/css\">\/* widget: Service single sidebar *\/\n\n.service-sidebar {\n\tfont-family: \"Futura MD Bt\", serif !important;\n}\n\n<\/style>\n\n\t\t\t<div class=\"service-sidebar\">\n\t\t<div class=\"service-sidebar-widget\">\n\t\t<div class=\"service-cat-widget ul-li-block\">\n\t\t\t<h3 class=\"widget-title\">Servi\u00e7os que oferecemos<\/h3>\n\t\t\t<ul>\n              <li><a href=\"\/servi\u00e7os\/modifica\u00e7\u00e3o de reabilita\u00e7\u00e3o\/\">Reabilita\u00e7\u00e3o e Modifica\u00e7\u00e3o<\/a><\/li>\n<li><a href=\"\/servi\u00e7os\/consum\u00edveis-sobressalentes\/\">Consum\u00edveis e pe\u00e7as sobressalentes<\/a><\/li>\n<li><a href=\"\/servi\u00e7os\/consultoria-auditoria\/\">Auditorias e Consultoria<\/a><\/li>\n<li><a href=\"\/servi\u00e7os\/financiamento de projetos\/\">Financiamento de Projetos<\/a><\/li>\n<li><a href=\"\/servi\u00e7os\/sistema de monitoramento remoto\/\">Sistema de monitoramento remoto<\/a><\/li>\n\n\t\t\t<\/ul>\n\t\t<\/div>\n\t<\/div>\n\t\t\t<div class=\"service-sidebar-widget\">\n\t\t<div class=\"help-widget pera-content\">\n\t\t\t<h3 class=\"service-widget-title\">Deixe nossos especialistas ajud\u00e1-lo. <br>Entre em contato conosco:<br><a href=\"tel:1800 4250 788\">1800 4250 788<\/a><\/h3>\n\t\t\t<span><br><img decoding=\"async\" src=\"\/app\/uploads\/2021\/10\/Service-logo-24X7-01.png\" width=200 loading=\"lazy\"><\/span>\n\t\t\t<div class=\"contact-text pera-content headline\">\n\t\t\t\t<p><i class=\"\"><\/i><strong><a href=\"\"><\/a> <br><\/strong>\n\t\t\t\t\t<a href=\"\"><\/a><\/p>\n\t\t\t<\/div>\n\t\t<\/div>\n\t<\/div>\n\t\t\t\t<div class=\"add-widget text-center pera-content position-relative\" data-background=\"https:\/\/ionexchangeglobal.com\/int\/wp-content\/uploads\/2020\/06\/bpp3.jpg\" style=\"background-image: url(https:\/\/ionexchangeglobal.com\/int\/wp-content\/uploads\/2020\/06\/bpp3.jpg);\">\n\t\t<div class=\"background_overlay\"><\/div>\n\t\t<h3>Escreva-nos para qualquer d\u00favida adicional<\/h3>\n\t\t<p><\/p>\n\t\t<a href=\"\/contact-us\">entre em contato <i class=\"fa fa-arrow-right\" aria-hidden=\"true\"><\/i> <!--<img decoding=\"async\" src=\"..\/..\/wp-content\/themes\/eltron\/assets\/img\/arrow3.png\" alt=\"arrow\" loading=\"lazy\">--><\/a>\n\t<\/div>\n\t<\/div>\n\t\t\t<!-- end Service single sidebar -->\t\t<\/div>\n\t\t\t\t<\/div>\n\t\t\t\t\t\t<\/div>\n\t\t\t\t\t<\/div>\n\t\t<\/div>\n\t\t\t\t\t\t\t\t<\/div>\n\t\t\t\t\t<\/div>\n\t\t<\/section>\n\t\t\t\t<section class=\"has_ma_el_bg_slider elementor-section elementor-top-section elementor-element elementor-element-f70f0e0 elementor-section-boxed elementor-section-height-default elementor-section-height-default jltma-glass-effect-no\" data-id=\"f70f0e0\" data-element_type=\"section\">\n\t\t\t\t\t\t<div class=\"elementor-container elementor-column-gap-default\">\n\t\t\t\t\t\t\t<div class=\"elementor-row\">\n\t\t\t\t\t<div class=\"has_ma_el_bg_slider elementor-column elementor-col-100 elementor-top-column elementor-element elementor-element-acefbe4 jltma-glass-effect-no\" data-dce-background-color=\"#205A90\" data-id=\"acefbe4\" data-element_type=\"column\" data-settings=\"{&quot;background_background&quot;:&quot;classic&quot;}\">\n\t\t\t<div class=\"elementor-column-wrap elementor-element-populated\">\n\t\t\t\t\t\t\t<div class=\"elementor-widget-wrap\">\n\t\t\t\t\t\t<section class=\"has_ma_el_bg_slider elementor-section elementor-inner-section elementor-element elementor-element-15ee7e9 elementor-section-boxed elementor-section-height-default elementor-section-height-default jltma-glass-effect-no\" data-id=\"15ee7e9\" data-element_type=\"section\">\n\t\t\t\t\t\t<div class=\"elementor-container elementor-column-gap-default\">\n\t\t\t\t\t\t\t<div class=\"elementor-row\">\n\t\t\t\t\t<div class=\"has_ma_el_bg_slider elementor-column elementor-col-25 elementor-inner-column elementor-element elementor-element-fb0f348 jltma-glass-effect-no\" data-id=\"fb0f348\" data-element_type=\"column\">\n\t\t\t<div class=\"elementor-column-wrap elementor-element-populated\">\n\t\t\t\t\t\t\t<div class=\"elementor-widget-wrap\">\n\t\t\t\t\t\t<div class=\"elementor-element elementor-element-2985458 dce_masking-none jltma-glass-effect-no elementor-widget elementor-widget-image\" data-id=\"2985458\" data-element_type=\"widget\" data-widget_type=\"image.default\">\n\t\t\t\t<div class=\"elementor-widget-container\">\n\t\t\t\t\t\t\t\t<div class=\"elementor-image\">\n\t\t\t\t\t\t\t\t\t\t\t\t<img decoding=\"async\" width=\"338\" height=\"338\" src=\"https:\/\/ionexchangeglobal.com\/int\/wp-content\/uploads\/2021\/09\/call-support-full.jpg\" class=\"attachment-large size-large wp-image-12487\" alt=\"call-support-full\" srcset=\"https:\/\/ionexchangeglobal.com\/int\/wp-content\/uploads\/2021\/09\/call-support-full.jpg 338w, https:\/\/ionexchangeglobal.com\/int\/wp-content\/uploads\/2021\/09\/call-support-full-300x300.jpg 300w, https:\/\/ionexchangeglobal.com\/int\/wp-content\/uploads\/2021\/09\/call-support-full-150x150.jpg 150w\" sizes=\"(max-width: 338px) 100vw, 338px\" loading=\"lazy\" \/>\t\t\t\t\t\t\t\t\t\t\t\t\t\t<\/div>\n\t\t\t\t\t\t<\/div>\n\t\t\t\t<\/div>\n\t\t\t\t\t\t<\/div>\n\t\t\t\t\t<\/div>\n\t\t<\/div>\n\t\t\t\t<div class=\"has_ma_el_bg_slider elementor-column elementor-col-25 elementor-inner-column elementor-element elementor-element-1b30319 jltma-glass-effect-no\" data-id=\"1b30319\" data-element_type=\"column\">\n\t\t\t<div class=\"elementor-column-wrap elementor-element-populated\">\n\t\t\t\t\t\t\t<div class=\"elementor-widget-wrap\">\n\t\t\t\t\t\t<div class=\"elementor-element elementor-element-348c2a0 jltma-glass-effect-no elementor-widget elementor-widget-text-editor\" data-id=\"348c2a0\" data-element_type=\"widget\" data-widget_type=\"text-editor.default\">\n\t\t\t\t<div class=\"elementor-widget-container\">\n\t\t\t\t\t\t\t\t<div class=\"elementor-text-editor elementor-clearfix\">\n\t\t\t\t<p>Deixe nossos especialistas ajud\u00e1-lo,<\/p><p>Contate-nos 1800 4250 788 (365 dias, das 9h \u00e0s 21h)<\/p>\t\t\t\t\t<\/div>\n\t\t\t\t\t\t<\/div>\n\t\t\t\t<\/div>\n\t\t\t\t\t\t<\/div>\n\t\t\t\t\t<\/div>\n\t\t<\/div>\n\t\t\t\t<div class=\"has_ma_el_bg_slider elementor-column elementor-col-25 elementor-inner-column elementor-element elementor-element-60a8f49 jltma-glass-effect-no\" data-id=\"60a8f49\" data-element_type=\"column\">\n\t\t\t<div class=\"elementor-column-wrap elementor-element-populated\">\n\t\t\t\t\t\t\t<div class=\"elementor-widget-wrap\">\n\t\t\t\t\t\t<div class=\"elementor-element elementor-element-9f7d739 elementor-view-framed elementor-shape-square jltma-glass-effect-no elementor-widget elementor-widget-icon\" data-id=\"9f7d739\" data-element_type=\"widget\" data-widget_type=\"icon.default\">\n\t\t\t\t<div class=\"elementor-widget-container\">\n\t\t\t\t\t<div class=\"elementor-icon-wrapper\">\n\t\t\t<a class=\"elementor-icon\" href=\"tel:18004250788\">\n\t\t\t<i aria-hidden=\"true\" class=\"icon icon-phone1\"><\/i>\t\t\t<\/a>\n\t\t<\/div>\n\t\t\t\t<\/div>\n\t\t\t\t<\/div>\n\t\t\t\t\t\t<\/div>\n\t\t\t\t\t<\/div>\n\t\t<\/div>\n\t\t\t\t<div class=\"has_ma_el_bg_slider elementor-column elementor-col-25 elementor-inner-column elementor-element elementor-element-8f1472b jltma-glass-effect-no\" data-id=\"8f1472b\" data-element_type=\"column\">\n\t\t\t<div class=\"elementor-column-wrap elementor-element-populated\">\n\t\t\t\t\t\t\t<div class=\"elementor-widget-wrap\">\n\t\t\t\t\t\t<div data-dce-background-color=\"#205A90\" class=\"elementor-element elementor-element-eea416c elementor-align-left elementor-mobile-align-center jltma-glass-effect-no elementor-widget elementor-widget-button\" data-id=\"eea416c\" data-element_type=\"widget\" data-widget_type=\"button.default\">\n\t\t\t\t<div class=\"elementor-widget-container\">\n\t\t\t\t\t<div class=\"elementor-button-wrapper\">\n\t\t\t<a class=\"elementor-button elementor-button-link elementor-size-sm\" href=\"\/contact-us\">\n\t\t\t\t\t\t<span class=\"elementor-button-content-wrapper\">\n\t\t\t\t\t\t<span class=\"elementor-button-text\">Contate-nos<\/span>\n\t\t<\/span>\n\t\t\t\t\t<\/a>\n\t\t<\/div>\n\t\t\t\t<\/div>\n\t\t\t\t<\/div>\n\t\t\t\t\t\t<\/div>\n\t\t\t\t\t<\/div>\n\t\t<\/div>\n\t\t\t\t\t\t\t\t<\/div>\n\t\t\t\t\t<\/div>\n\t\t<\/section>\n\t\t\t\t\t\t<\/div>\n\t\t\t\t\t<\/div>\n\t\t<\/div>\n\t\t\t\t\t\t\t\t<\/div>\n\t\t\t\t\t<\/div>\n\t\t<\/section>\n\t\t\t\t\t\t\t\t\t<\/div>\n\t\t\t<\/div>\n\t\t\t\t\t<\/div>\n\t\t","protected":false},"excerpt":{"rendered":"<p>Opera\u00e7\u00f5es e Manuten\u00e7\u00e3o Fornecemos solu\u00e7\u00f5es abrangentes e personalizadas para gest\u00e3o total de \u00e1gua e \u00e1guas residuais aos nossos clientes, seguindo normas de qualidade de padr\u00e3o internacional. Nossas opera\u00e7\u00f5es para m\u00e1quinas de corrida, equipamentos, instrumentos, etc. seguem procedimentos operacionais padr\u00e3o (SOPs). As opera\u00e7\u00f5es e manuten\u00e7\u00e3o da planta incluem: Monitoramento de rotina de par\u00e2metros de processo como&hellip;<\/p>\n","protected":false},"author":4,"featured_media":60323,"parent":35404,"menu_order":0,"comment_status":"closed","ping_status":"closed","template":"elementor_header_footer","meta":{"inline_featured_image":false},"yoast_head":"<!-- This site is optimized with the Yoast SEO plugin v20.12 - https:\/\/yoast.com\/wordpress\/plugins\/seo\/ -->\n<title>Opera\u00e7\u00f5es e Manuten\u00e7\u00e3o - Ion Exchange<\/title>\n<meta name=\"robots\" content=\"index, follow, max-snippet:-1, max-image-preview:large, max-video-preview:-1\" \/>\n<link rel=\"canonical\" href=\"https:\/\/ionexchangeglobal.com\/int\/pt\/servicos\/operacoes-e-manutencao\/\" \/>\n<meta property=\"og:locale\" content=\"en_US\" \/>\n<meta property=\"og:type\" content=\"article\" \/>\n<meta property=\"og:title\" content=\"Opera\u00e7\u00f5es e Manuten\u00e7\u00e3o - Ion Exchange\" \/>\n<meta property=\"og:description\" content=\"Opera\u00e7\u00f5es e Manuten\u00e7\u00e3o Fornecemos solu\u00e7\u00f5es abrangentes e personalizadas para gest\u00e3o total de \u00e1gua e \u00e1guas residuais aos nossos clientes, seguindo normas de qualidade de padr\u00e3o internacional. Nossas opera\u00e7\u00f5es para m\u00e1quinas de corrida, equipamentos, instrumentos, etc. seguem procedimentos operacionais padr\u00e3o (SOPs). As opera\u00e7\u00f5es e manuten\u00e7\u00e3o da planta incluem: Monitoramento de rotina de par\u00e2metros de processo como&hellip;\" \/>\n<meta property=\"og:url\" content=\"https:\/\/ionexchangeglobal.com\/int\/pt\/servicos\/operacoes-e-manutencao\/\" \/>\n<meta property=\"og:site_name\" content=\"Ion Exchange\" \/>\n<meta property=\"article:publisher\" content=\"https:\/\/www.facebook.com\/IONEXCHANGE\" \/>\n<meta property=\"article:modified_time\" content=\"2024-02-05T12:30:10+00:00\" \/>\n<meta property=\"og:image\" content=\"https:\/\/ionexchangeglobal.com\/int\/wp-content\/uploads\/2022\/05\/service-banner-img.webp\" \/>\n\t<meta property=\"og:image:width\" content=\"1\" \/>\n\t<meta property=\"og:image:height\" content=\"1\" \/>\n\t<meta property=\"og:image:type\" content=\"image\/webp\" \/>\n<meta name=\"twitter:card\" content=\"summary_large_image\" \/>\n<meta name=\"twitter:site\" content=\"@IEI_Ltd\" \/>\n<meta name=\"twitter:label1\" content=\"Est. reading time\" \/>\n\t<meta name=\"twitter:data1\" content=\"2 minutes\" \/>\n<script type=\"application\/ld+json\" class=\"yoast-schema-graph\">{\"@context\":\"https:\/\/schema.org\",\"@graph\":[{\"@type\":\"WebPage\",\"@id\":\"https:\/\/ionexchangeglobal.com\/int\/pt\/servicos\/operacoes-e-manutencao\/\",\"url\":\"https:\/\/ionexchangeglobal.com\/int\/pt\/servicos\/operacoes-e-manutencao\/\",\"name\":\"Opera\u00e7\u00f5es e Manuten\u00e7\u00e3o - Ion Exchange\",\"isPartOf\":{\"@id\":\"https:\/\/ionexchangeglobal.com\/int\/#website\"},\"datePublished\":\"2021-07-19T12:23:55+00:00\",\"dateModified\":\"2024-02-05T12:30:10+00:00\",\"breadcrumb\":{\"@id\":\"https:\/\/ionexchangeglobal.com\/int\/pt\/servicos\/operacoes-e-manutencao\/#breadcrumb\"},\"inLanguage\":\"en-US\",\"potentialAction\":[{\"@type\":\"ReadAction\",\"target\":[\"https:\/\/ionexchangeglobal.com\/int\/pt\/servicos\/operacoes-e-manutencao\/\"]}]},{\"@type\":\"BreadcrumbList\",\"@id\":\"https:\/\/ionexchangeglobal.com\/int\/pt\/servicos\/operacoes-e-manutencao\/#breadcrumb\",\"itemListElement\":[{\"@type\":\"ListItem\",\"position\":1,\"name\":\"Home\",\"item\":\"https:\/\/ionexchangeglobal.com\/int\/pt\/pagina-inicial\/\"},{\"@type\":\"ListItem\",\"position\":2,\"name\":\"Opera\u00e7\u00f5es e Manuten\u00e7\u00e3o\"}]},{\"@type\":\"WebSite\",\"@id\":\"https:\/\/ionexchangeglobal.com\/int\/#website\",\"url\":\"https:\/\/ionexchangeglobal.com\/int\/\",\"name\":\"Ion Exchange\",\"description\":\"Refreshing the Planet\",\"publisher\":{\"@id\":\"https:\/\/ionexchangeglobal.com\/int\/#organization\"},\"potentialAction\":[{\"@type\":\"SearchAction\",\"target\":{\"@type\":\"EntryPoint\",\"urlTemplate\":\"https:\/\/ionexchangeglobal.com\/int\/?s={search_term_string}\"},\"query-input\":\"required name=search_term_string\"}],\"inLanguage\":\"en-US\"},{\"@type\":\"Organization\",\"@id\":\"https:\/\/ionexchangeglobal.com\/int\/#organization\",\"name\":\"Ion Exchange\",\"url\":\"https:\/\/ionexchangeglobal.com\/int\/\",\"logo\":{\"@type\":\"ImageObject\",\"inLanguage\":\"en-US\",\"@id\":\"https:\/\/ionexchangeglobal.com\/int\/#\/schema\/logo\/image\/\",\"url\":\"http:\/\/localhost:8000\/app\/uploads\/2022\/05\/ion-logo-1.webp\",\"contentUrl\":\"http:\/\/localhost:8000\/app\/uploads\/2022\/05\/ion-logo-1.webp\",\"width\":1,\"height\":1,\"caption\":\"Ion Exchange\"},\"image\":{\"@id\":\"https:\/\/ionexchangeglobal.com\/int\/#\/schema\/logo\/image\/\"},\"sameAs\":[\"https:\/\/www.facebook.com\/IONEXCHANGE\",\"https:\/\/twitter.com\/IEI_Ltd\",\"https:\/\/www.youtube.com\/channel\/UCqSuT-yd40I7RZ4p5UXuKbA\/videos\"]}]}<\/script>\n<!-- \/ Yoast SEO plugin. -->","yoast_head_json":{"title":"Opera\u00e7\u00f5es e Manuten\u00e7\u00e3o - Ion Exchange","robots":{"index":"index","follow":"follow","max-snippet":"max-snippet:-1","max-image-preview":"max-image-preview:large","max-video-preview":"max-video-preview:-1"},"canonical":"https:\/\/ionexchangeglobal.com\/int\/pt\/servicos\/operacoes-e-manutencao\/","og_locale":"en_US","og_type":"article","og_title":"Opera\u00e7\u00f5es e Manuten\u00e7\u00e3o - Ion Exchange","og_description":"Opera\u00e7\u00f5es e Manuten\u00e7\u00e3o Fornecemos solu\u00e7\u00f5es abrangentes e personalizadas para gest\u00e3o total de \u00e1gua e \u00e1guas residuais aos nossos clientes, seguindo normas de qualidade de padr\u00e3o internacional. Nossas opera\u00e7\u00f5es para m\u00e1quinas de corrida, equipamentos, instrumentos, etc. seguem procedimentos operacionais padr\u00e3o (SOPs). As opera\u00e7\u00f5es e manuten\u00e7\u00e3o da planta incluem: Monitoramento de rotina de par\u00e2metros de processo como&hellip;","og_url":"https:\/\/ionexchangeglobal.com\/int\/pt\/servicos\/operacoes-e-manutencao\/","og_site_name":"Ion Exchange","article_publisher":"https:\/\/www.facebook.com\/IONEXCHANGE","article_modified_time":"2024-02-05T12:30:10+00:00","og_image":[{"url":"https:\/\/ionexchangeglobal.com\/int\/wp-content\/uploads\/2022\/05\/service-banner-img.webp","width":1,"height":1,"type":"image\/webp"}],"twitter_card":"summary_large_image","twitter_site":"@IEI_Ltd","twitter_misc":{"Est. reading time":"2 minutes"},"schema":{"@context":"https:\/\/schema.org","@graph":[{"@type":"WebPage","@id":"https:\/\/ionexchangeglobal.com\/int\/pt\/servicos\/operacoes-e-manutencao\/","url":"https:\/\/ionexchangeglobal.com\/int\/pt\/servicos\/operacoes-e-manutencao\/","name":"Opera\u00e7\u00f5es e Manuten\u00e7\u00e3o - Ion Exchange","isPartOf":{"@id":"https:\/\/ionexchangeglobal.com\/int\/#website"},"datePublished":"2021-07-19T12:23:55+00:00","dateModified":"2024-02-05T12:30:10+00:00","breadcrumb":{"@id":"https:\/\/ionexchangeglobal.com\/int\/pt\/servicos\/operacoes-e-manutencao\/#breadcrumb"},"inLanguage":"en-US","potentialAction":[{"@type":"ReadAction","target":["https:\/\/ionexchangeglobal.com\/int\/pt\/servicos\/operacoes-e-manutencao\/"]}]},{"@type":"BreadcrumbList","@id":"https:\/\/ionexchangeglobal.com\/int\/pt\/servicos\/operacoes-e-manutencao\/#breadcrumb","itemListElement":[{"@type":"ListItem","position":1,"name":"Home","item":"https:\/\/ionexchangeglobal.com\/int\/pt\/pagina-inicial\/"},{"@type":"ListItem","position":2,"name":"Opera\u00e7\u00f5es e Manuten\u00e7\u00e3o"}]},{"@type":"WebSite","@id":"https:\/\/ionexchangeglobal.com\/int\/#website","url":"https:\/\/ionexchangeglobal.com\/int\/","name":"Ion Exchange","description":"Refreshing the Planet","publisher":{"@id":"https:\/\/ionexchangeglobal.com\/int\/#organization"},"potentialAction":[{"@type":"SearchAction","target":{"@type":"EntryPoint","urlTemplate":"https:\/\/ionexchangeglobal.com\/int\/?s={search_term_string}"},"query-input":"required name=search_term_string"}],"inLanguage":"en-US"},{"@type":"Organization","@id":"https:\/\/ionexchangeglobal.com\/int\/#organization","name":"Ion Exchange","url":"https:\/\/ionexchangeglobal.com\/int\/","logo":{"@type":"ImageObject","inLanguage":"en-US","@id":"https:\/\/ionexchangeglobal.com\/int\/#\/schema\/logo\/image\/","url":"http:\/\/localhost:8000\/app\/uploads\/2022\/05\/ion-logo-1.webp","contentUrl":"http:\/\/localhost:8000\/app\/uploads\/2022\/05\/ion-logo-1.webp","width":1,"height":1,"caption":"Ion Exchange"},"image":{"@id":"https:\/\/ionexchangeglobal.com\/int\/#\/schema\/logo\/image\/"},"sameAs":["https:\/\/www.facebook.com\/IONEXCHANGE","https:\/\/twitter.com\/IEI_Ltd","https:\/\/www.youtube.com\/channel\/UCqSuT-yd40I7RZ4p5UXuKbA\/videos"]}]}},"lang":"pt","translations":{"pt":36177,"ar":42670,"en":7394,"fr":37188,"de":38543,"ru":39418,"es":45211,"ja":46129,"ko":46473,"zh":46584,"th":60332},"pll_sync_post":[],"_links":{"self":[{"href":"https:\/\/ionexchangeglobal.com\/int\/wp-json\/wp\/v2\/pages\/36177"}],"collection":[{"href":"https:\/\/ionexchangeglobal.com\/int\/wp-json\/wp\/v2\/pages"}],"about":[{"href":"https:\/\/ionexchangeglobal.com\/int\/wp-json\/wp\/v2\/types\/page"}],"author":[{"embeddable":true,"href":"https:\/\/ionexchangeglobal.com\/int\/wp-json\/wp\/v2\/users\/4"}],"replies":[{"embeddable":true,"href":"https:\/\/ionexchangeglobal.com\/int\/wp-json\/wp\/v2\/comments?post=36177"}],"version-history":[{"count":7,"href":"https:\/\/ionexchangeglobal.com\/int\/wp-json\/wp\/v2\/pages\/36177\/revisions"}],"predecessor-version":[{"id":49357,"href":"https:\/\/ionexchangeglobal.com\/int\/wp-json\/wp\/v2\/pages\/36177\/revisions\/49357"}],"up":[{"embeddable":true,"href":"https:\/\/ionexchangeglobal.com\/int\/wp-json\/wp\/v2\/pages\/35404"}],"wp:featuredmedia":[{"embeddable":true,"href":"https:\/\/ionexchangeglobal.com\/int\/wp-json\/wp\/v2\/media\/60323"}],"wp:attachment":[{"href":"https:\/\/ionexchangeglobal.com\/int\/wp-json\/wp\/v2\/media?parent=36177"}],"curies":[{"name":"wp","href":"https:\/\/api.w.org\/{rel}","templated":true}]}}