{"id":36109,"date":"2021-12-15T17:17:24","date_gmt":"2021-12-15T17:17:24","guid":{"rendered":"https:\/\/stage.ionexchangeglobal.com\/?page_id=36109"},"modified":"2023-12-07T00:29:15","modified_gmt":"2023-12-06T18:59:15","slug":"processo-de-membrana-de-troca-ionica","status":"publish","type":"page","link":"https:\/\/ionexchangeglobal.com\/int\/pt\/separacao-e-purificacao-de-processos\/processo-de-membrana-de-troca-ionica\/","title":{"rendered":"Processo de membrana de troca i\u00f4nica"},"content":{"rendered":"\t\t<div data-elementor-type=\"wp-page\" data-elementor-id=\"36109\" data-post-id=\"36109\" data-obj-id=\"36109\" class=\"elementor elementor-36109 dce-elementor-post-36109\">\n\t\t\t\t\t\t<div class=\"elementor-inner\">\n\t\t\t\t<div class=\"elementor-section-wrap\">\n\t\t\t\t\t\t\t\t\t<section class=\"has_ma_el_bg_slider elementor-section elementor-top-section elementor-element elementor-element-cdbc89d elementor-section-height-min-height elementor-section-items-stretch elementor-section-boxed elementor-section-height-default jltma-glass-effect-no\" data-id=\"cdbc89d\" data-element_type=\"section\">\n\t\t\t\t\t\t<div class=\"elementor-container elementor-column-gap-default\">\n\t\t\t\t\t\t\t<div class=\"elementor-row\">\n\t\t\t\t\t<div class=\"has_ma_el_bg_slider elementor-column elementor-col-50 elementor-top-column elementor-element elementor-element-d73ada4 jltma-glass-effect-no\" data-id=\"d73ada4\" data-element_type=\"column\">\n\t\t\t<div class=\"elementor-column-wrap elementor-element-populated\">\n\t\t\t\t\t\t\t<div class=\"elementor-widget-wrap\">\n\t\t\t\t\t\t<div class=\"elementor-element elementor-element-5560649 dce_masking-none jltma-glass-effect-no elementor-widget elementor-widget-image\" data-id=\"5560649\" data-element_type=\"widget\" data-widget_type=\"image.default\">\n\t\t\t\t<div class=\"elementor-widget-container\">\n\t\t\t\t\t\t\t\t<div class=\"elementor-image\">\n\t\t\t\t\t\t\t\t\t\t\t\t<img decoding=\"async\" width=\"1024\" height=\"341\" src=\"https:\/\/ionexchangeglobal.com\/int\/wp-content\/uploads\/2022\/03\/liqtech-international-inc-1024x341.jpg\" class=\"attachment-large size-large wp-image-20828\" alt=\"liqtech-international-inc\" srcset=\"https:\/\/ionexchangeglobal.com\/int\/wp-content\/uploads\/2022\/03\/liqtech-international-inc-1024x341.jpg 1024w, https:\/\/ionexchangeglobal.com\/int\/wp-content\/uploads\/2022\/03\/liqtech-international-inc-300x100.jpg 300w, https:\/\/ionexchangeglobal.com\/int\/wp-content\/uploads\/2022\/03\/liqtech-international-inc-768x256.jpg 768w, https:\/\/ionexchangeglobal.com\/int\/wp-content\/uploads\/2022\/03\/liqtech-international-inc.jpg 1500w\" sizes=\"(max-width: 1024px) 100vw, 1024px\" loading=\"lazy\" \/>\t\t\t\t\t\t\t\t\t\t\t\t\t\t<\/div>\n\t\t\t\t\t\t<\/div>\n\t\t\t\t<\/div>\n\t\t\t\t<div class=\"elementor-element elementor-element-3c403d7 dce_masking-none jltma-glass-effect-no elementor-widget elementor-widget-image\" data-id=\"3c403d7\" data-element_type=\"widget\" data-widget_type=\"image.default\">\n\t\t\t\t<div class=\"elementor-widget-container\">\n\t\t\t\t\t\t\t\t<div class=\"elementor-image\">\n\t\t\t\t\t\t\t\t\t\t\t\t<img decoding=\"async\" width=\"240\" height=\"89\" src=\"https:\/\/ionexchangeglobal.com\/int\/wp-content\/uploads\/2022\/03\/cropped-MH-Logo-Website-1.png\" class=\"attachment-large size-large wp-image-20829\" alt=\"Mann Hummel Logo\" loading=\"lazy\" \/>\t\t\t\t\t\t\t\t\t\t\t\t\t\t<\/div>\n\t\t\t\t\t\t<\/div>\n\t\t\t\t<\/div>\n\t\t\t\t\t\t<\/div>\n\t\t\t\t\t<\/div>\n\t\t<\/div>\n\t\t\t\t<div class=\"has_ma_el_bg_slider elementor-column elementor-col-50 elementor-top-column elementor-element elementor-element-db4a828 jltma-glass-effect-no\" data-id=\"db4a828\" data-element_type=\"column\">\n\t\t\t<div class=\"elementor-column-wrap elementor-element-populated\">\n\t\t\t\t\t\t\t<div class=\"elementor-widget-wrap\">\n\t\t\t\t\t\t<div class=\"elementor-element elementor-element-f62814b dce_masking-none jltma-glass-effect-no elementor-widget elementor-widget-image\" data-id=\"f62814b\" data-element_type=\"widget\" data-widget_type=\"image.default\">\n\t\t\t\t<div class=\"elementor-widget-container\">\n\t\t\t\t\t\t\t\t<div class=\"elementor-image\">\n\t\t\t\t\t\t\t\t\t\t\t\t<img decoding=\"async\" width=\"1024\" height=\"341\" src=\"https:\/\/ionexchangeglobal.com\/int\/wp-content\/uploads\/2022\/08\/Rochem-Group-SA-01-1.jpg\" class=\"attachment-large size-large wp-image-28598\" alt=\"Global Partner - Ion Exchange Global\" srcset=\"https:\/\/ionexchangeglobal.com\/int\/wp-content\/uploads\/2022\/08\/Rochem-Group-SA-01-1.jpg 1024w, https:\/\/ionexchangeglobal.com\/int\/wp-content\/uploads\/2022\/08\/Rochem-Group-SA-01-1-300x100.jpg 300w, https:\/\/ionexchangeglobal.com\/int\/wp-content\/uploads\/2022\/08\/Rochem-Group-SA-01-1-768x256.jpg 768w\" sizes=\"(max-width: 1024px) 100vw, 1024px\" loading=\"lazy\" \/>\t\t\t\t\t\t\t\t\t\t\t\t\t\t<\/div>\n\t\t\t\t\t\t<\/div>\n\t\t\t\t<\/div>\n\t\t\t\t<div class=\"elementor-element elementor-element-32f7ee3 dce_masking-none jltma-glass-effect-no elementor-widget elementor-widget-image\" data-id=\"32f7ee3\" data-element_type=\"widget\" data-widget_type=\"image.default\">\n\t\t\t\t<div class=\"elementor-widget-container\">\n\t\t\t\t\t\t\t\t<div class=\"elementor-image\">\n\t\t\t\t\t\t\t\t\t\t\t\t<img decoding=\"async\" width=\"207\" height=\"66\" src=\"https:\/\/ionexchangeglobal.com\/int\/wp-content\/uploads\/2022\/03\/header_logo.gif\" class=\"attachment-large size-large wp-image-20832\" alt=\"Astom Logo\" loading=\"lazy\" \/>\t\t\t\t\t\t\t\t\t\t\t\t\t\t<\/div>\n\t\t\t\t\t\t<\/div>\n\t\t\t\t<\/div>\n\t\t\t\t\t\t<\/div>\n\t\t\t\t\t<\/div>\n\t\t<\/div>\n\t\t\t\t\t\t\t\t<\/div>\n\t\t\t\t\t<\/div>\n\t\t<\/section>\n\t\t\t\t<section class=\"has_ma_el_bg_slider elementor-section elementor-top-section elementor-element elementor-element-e5792a4 elementor-section-full_width elementor-section-height-default elementor-section-height-default jltma-glass-effect-no\" data-id=\"e5792a4\" data-element_type=\"section\">\n\t\t\t\t\t\t<div class=\"elementor-container elementor-column-gap-default\">\n\t\t\t\t\t\t\t<div class=\"elementor-row\">\n\t\t\t\t\t<div class=\"has_ma_el_bg_slider elementor-column elementor-col-100 elementor-top-column elementor-element elementor-element-cad4521 jltma-glass-effect-no\" data-id=\"cad4521\" data-element_type=\"column\">\n\t\t\t<div class=\"elementor-column-wrap elementor-element-populated\">\n\t\t\t\t\t\t\t<div class=\"elementor-widget-wrap\">\n\t\t\t\t\t\t<div class=\"elementor-element elementor-element-3e693e2 jltma-glass-effect-no elementor-widget elementor-widget-shortcode\" data-id=\"3e693e2\" data-element_type=\"widget\" data-widget_type=\"shortcode.default\">\n\t\t\t\t<div class=\"elementor-widget-container\">\n\t\t\t\t\t<div class=\"elementor-shortcode\">\t\t<div data-elementor-type=\"section\" data-elementor-id=\"39432\" data-post-id=\"36109\" data-obj-id=\"36109\" class=\"elementor elementor-39432 dce-elementor-post-36109\">\n\t\t\t\t\t<div class=\"elementor-section-wrap\">\n\t\t\t\t\t\t\t\t<section class=\"has_ma_el_bg_slider elementor-section elementor-top-section elementor-element elementor-element-18734e9 elementor-section-full_width elementor-section-height-default elementor-section-height-default jltma-glass-effect-no\" data-dce-background-overlay-color=\"#000000\" data-dce-background-image-url=\"https:\/\/ionexchangeglobal.com\/app\/uploads\/2022\/05\/service-banner-img.webp\" data-id=\"18734e9\" data-element_type=\"section\" id=\"hidesidebar\" data-settings=\"{&quot;background_background&quot;:&quot;classic&quot;}\">\n\t\t\t\t\t\t\t<div class=\"elementor-background-overlay\"><\/div>\n\t\t\t\t\t\t\t<div class=\"elementor-container elementor-column-gap-no\">\n\t\t\t\t\t\t\t<div class=\"elementor-row\">\n\t\t\t\t\t<div class=\"has_ma_el_bg_slider elementor-column elementor-col-100 elementor-top-column elementor-element elementor-element-821f61d jltma-glass-effect-no\" data-id=\"821f61d\" data-element_type=\"column\">\n\t\t\t<div class=\"elementor-column-wrap elementor-element-populated\">\n\t\t\t\t\t\t\t<div class=\"elementor-widget-wrap\">\n\t\t\t\t\t\t<section class=\"has_ma_el_bg_slider elementor-section elementor-inner-section elementor-element elementor-element-a8bcda6 elementor-section-boxed elementor-section-height-default elementor-section-height-default jltma-glass-effect-no\" data-id=\"a8bcda6\" data-element_type=\"section\">\n\t\t\t\t\t\t<div class=\"elementor-container elementor-column-gap-default\">\n\t\t\t\t\t\t\t<div class=\"elementor-row\">\n\t\t\t\t\t<div class=\"has_ma_el_bg_slider elementor-column elementor-col-100 elementor-inner-column elementor-element elementor-element-b08c873 jltma-glass-effect-no\" data-id=\"b08c873\" data-element_type=\"column\">\n\t\t\t<div class=\"elementor-column-wrap elementor-element-populated\">\n\t\t\t\t\t\t\t<div class=\"elementor-widget-wrap\">\n\t\t\t\t\t\t<div class=\"elementor-element elementor-element-8168c93 dce_masking-none jltma-glass-effect-no elementor-widget elementor-widget-image\" data-id=\"8168c93\" data-element_type=\"widget\" data-widget_type=\"image.default\">\n\t\t\t\t<div class=\"elementor-widget-container\">\n\t\t\t\t\t\t\t\t<div class=\"elementor-image\">\n\t\t\t\t\t\t\t\t\t\t\t\t<img decoding=\"async\" width=\"180\" height=\"90\" src=\"https:\/\/ionexchangeglobal.com\/int\/wp-content\/uploads\/2021\/09\/service24-7.png\" class=\"attachment-large size-large wp-image-12315\" alt=\"service24-7\" loading=\"lazy\" \/>\t\t\t\t\t\t\t\t\t\t\t\t\t\t<\/div>\n\t\t\t\t\t\t<\/div>\n\t\t\t\t<\/div>\n\t\t\t\t<div class=\"elementor-element elementor-element-8b1d0b7 jltma-glass-effect-no elementor-widget elementor-widget-text-editor\" data-id=\"8b1d0b7\" data-element_type=\"widget\" data-widget_type=\"text-editor.default\">\n\t\t\t\t<div class=\"elementor-widget-container\">\n\t\t\t\t\t\t\t\t<div class=\"elementor-text-editor elementor-clearfix\">\n\t\t\t\t<p><strong>Nossos servi\u00e7os integrados cobrem todos os aspectos do desempenho da sua esta\u00e7\u00e3o de tratamento de \u00e1gua para oferecer um pacote completo de benef\u00edcios<\/strong><\/p>\t\t\t\t\t<\/div>\n\t\t\t\t\t\t<\/div>\n\t\t\t\t<\/div>\n\t\t\t\t\t\t<\/div>\n\t\t\t\t\t<\/div>\n\t\t<\/div>\n\t\t\t\t\t\t\t\t<\/div>\n\t\t\t\t\t<\/div>\n\t\t<\/section>\n\t\t\t\t\t\t<\/div>\n\t\t\t\t\t<\/div>\n\t\t<\/div>\n\t\t\t\t\t\t\t\t<\/div>\n\t\t\t\t\t<\/div>\n\t\t<\/section>\n\t\t\t\t\t\t\t<\/div>\n\t\t\t\t<\/div>\n\t\t<\/div>\n\t\t\t\t<\/div>\n\t\t\t\t<\/div>\n\t\t\t\t\t\t<\/div>\n\t\t\t\t\t<\/div>\n\t\t<\/div>\n\t\t\t\t\t\t\t\t<\/div>\n\t\t\t\t\t<\/div>\n\t\t<\/section>\n\t\t\t\t\t\t\t\t\t<\/div>\n\t\t\t<\/div>\n\t\t\t\t\t<\/div>\n\t\t","protected":false},"excerpt":{"rendered":"","protected":false},"author":4,"featured_media":16921,"parent":35658,"menu_order":0,"comment_status":"closed","ping_status":"closed","template":"elementor_header_footer","meta":{"inline_featured_image":false},"yoast_head":"<!-- This site is optimized with the Yoast SEO plugin v20.12 - https:\/\/yoast.com\/wordpress\/plugins\/seo\/ -->\n<title>Processo de membrana de troca i\u00f4nica - Ion Exchange<\/title>\n<meta name=\"robots\" content=\"index, follow, max-snippet:-1, max-image-preview:large, max-video-preview:-1\" \/>\n<link rel=\"canonical\" href=\"https:\/\/ionexchangeglobal.com\/int\/pt\/separacao-e-purificacao-de-processos\/processo-de-membrana-de-troca-ionica\/\" \/>\n<meta property=\"og:locale\" content=\"en_US\" \/>\n<meta property=\"og:type\" content=\"article\" \/>\n<meta property=\"og:title\" content=\"Processo de membrana de troca i\u00f4nica - Ion Exchange\" \/>\n<meta property=\"og:url\" content=\"https:\/\/ionexchangeglobal.com\/int\/pt\/separacao-e-purificacao-de-processos\/processo-de-membrana-de-troca-ionica\/\" \/>\n<meta property=\"og:site_name\" content=\"Ion Exchange\" \/>\n<meta property=\"article:publisher\" content=\"https:\/\/www.facebook.com\/IONEXCHANGE\" \/>\n<meta property=\"article:modified_time\" content=\"2023-12-06T18:59:15+00:00\" \/>\n<meta property=\"og:image\" content=\"https:\/\/ionexchangeglobal.com\/int\/wp-content\/uploads\/2022\/01\/Process-Separation-Banner-1.png\" \/>\n\t<meta property=\"og:image:width\" content=\"1920\" \/>\n\t<meta property=\"og:image:height\" content=\"784\" \/>\n\t<meta property=\"og:image:type\" content=\"image\/png\" \/>\n<meta name=\"twitter:card\" content=\"summary_large_image\" \/>\n<meta name=\"twitter:site\" content=\"@IEI_Ltd\" \/>\n<script type=\"application\/ld+json\" class=\"yoast-schema-graph\">{\"@context\":\"https:\/\/schema.org\",\"@graph\":[{\"@type\":\"WebPage\",\"@id\":\"https:\/\/ionexchangeglobal.com\/int\/pt\/separacao-e-purificacao-de-processos\/processo-de-membrana-de-troca-ionica\/\",\"url\":\"https:\/\/ionexchangeglobal.com\/int\/pt\/separacao-e-purificacao-de-processos\/processo-de-membrana-de-troca-ionica\/\",\"name\":\"Processo de membrana de troca i\u00f4nica - Ion Exchange\",\"isPartOf\":{\"@id\":\"https:\/\/ionexchangeglobal.com\/int\/#website\"},\"datePublished\":\"2021-12-15T17:17:24+00:00\",\"dateModified\":\"2023-12-06T18:59:15+00:00\",\"breadcrumb\":{\"@id\":\"https:\/\/ionexchangeglobal.com\/int\/pt\/separacao-e-purificacao-de-processos\/processo-de-membrana-de-troca-ionica\/#breadcrumb\"},\"inLanguage\":\"en-US\",\"potentialAction\":[{\"@type\":\"ReadAction\",\"target\":[\"https:\/\/ionexchangeglobal.com\/int\/pt\/separacao-e-purificacao-de-processos\/processo-de-membrana-de-troca-ionica\/\"]}]},{\"@type\":\"BreadcrumbList\",\"@id\":\"https:\/\/ionexchangeglobal.com\/int\/pt\/separacao-e-purificacao-de-processos\/processo-de-membrana-de-troca-ionica\/#breadcrumb\",\"itemListElement\":[{\"@type\":\"ListItem\",\"position\":1,\"name\":\"Home\",\"item\":\"https:\/\/ionexchangeglobal.com\/int\/pt\/pagina-inicial\/\"},{\"@type\":\"ListItem\",\"position\":2,\"name\":\"Separa\u00e7\u00e3o e Purifica\u00e7\u00e3o de Processos\",\"item\":\"https:\/\/ionexchangeglobal.com\/int\/pt\/separacao-e-purificacao-de-processos\/\"},{\"@type\":\"ListItem\",\"position\":3,\"name\":\"Processo de membrana de troca i\u00f4nica\"}]},{\"@type\":\"WebSite\",\"@id\":\"https:\/\/ionexchangeglobal.com\/int\/#website\",\"url\":\"https:\/\/ionexchangeglobal.com\/int\/\",\"name\":\"Ion Exchange\",\"description\":\"Refreshing the Planet\",\"publisher\":{\"@id\":\"https:\/\/ionexchangeglobal.com\/int\/#organization\"},\"potentialAction\":[{\"@type\":\"SearchAction\",\"target\":{\"@type\":\"EntryPoint\",\"urlTemplate\":\"https:\/\/ionexchangeglobal.com\/int\/?s={search_term_string}\"},\"query-input\":\"required name=search_term_string\"}],\"inLanguage\":\"en-US\"},{\"@type\":\"Organization\",\"@id\":\"https:\/\/ionexchangeglobal.com\/int\/#organization\",\"name\":\"Ion Exchange\",\"url\":\"https:\/\/ionexchangeglobal.com\/int\/\",\"logo\":{\"@type\":\"ImageObject\",\"inLanguage\":\"en-US\",\"@id\":\"https:\/\/ionexchangeglobal.com\/int\/#\/schema\/logo\/image\/\",\"url\":\"http:\/\/localhost:8000\/app\/uploads\/2022\/05\/ion-logo-1.webp\",\"contentUrl\":\"http:\/\/localhost:8000\/app\/uploads\/2022\/05\/ion-logo-1.webp\",\"width\":1,\"height\":1,\"caption\":\"Ion Exchange\"},\"image\":{\"@id\":\"https:\/\/ionexchangeglobal.com\/int\/#\/schema\/logo\/image\/\"},\"sameAs\":[\"https:\/\/www.facebook.com\/IONEXCHANGE\",\"https:\/\/twitter.com\/IEI_Ltd\",\"https:\/\/www.youtube.com\/channel\/UCqSuT-yd40I7RZ4p5UXuKbA\/videos\"]}]}<\/script>\n<!-- \/ Yoast SEO plugin. -->","yoast_head_json":{"title":"Processo de membrana de troca i\u00f4nica - Ion Exchange","robots":{"index":"index","follow":"follow","max-snippet":"max-snippet:-1","max-image-preview":"max-image-preview:large","max-video-preview":"max-video-preview:-1"},"canonical":"https:\/\/ionexchangeglobal.com\/int\/pt\/separacao-e-purificacao-de-processos\/processo-de-membrana-de-troca-ionica\/","og_locale":"en_US","og_type":"article","og_title":"Processo de membrana de troca i\u00f4nica - Ion Exchange","og_url":"https:\/\/ionexchangeglobal.com\/int\/pt\/separacao-e-purificacao-de-processos\/processo-de-membrana-de-troca-ionica\/","og_site_name":"Ion Exchange","article_publisher":"https:\/\/www.facebook.com\/IONEXCHANGE","article_modified_time":"2023-12-06T18:59:15+00:00","og_image":[{"width":1920,"height":784,"url":"https:\/\/ionexchangeglobal.com\/int\/wp-content\/uploads\/2022\/01\/Process-Separation-Banner-1.png","type":"image\/png"}],"twitter_card":"summary_large_image","twitter_site":"@IEI_Ltd","schema":{"@context":"https:\/\/schema.org","@graph":[{"@type":"WebPage","@id":"https:\/\/ionexchangeglobal.com\/int\/pt\/separacao-e-purificacao-de-processos\/processo-de-membrana-de-troca-ionica\/","url":"https:\/\/ionexchangeglobal.com\/int\/pt\/separacao-e-purificacao-de-processos\/processo-de-membrana-de-troca-ionica\/","name":"Processo de membrana de troca i\u00f4nica - Ion Exchange","isPartOf":{"@id":"https:\/\/ionexchangeglobal.com\/int\/#website"},"datePublished":"2021-12-15T17:17:24+00:00","dateModified":"2023-12-06T18:59:15+00:00","breadcrumb":{"@id":"https:\/\/ionexchangeglobal.com\/int\/pt\/separacao-e-purificacao-de-processos\/processo-de-membrana-de-troca-ionica\/#breadcrumb"},"inLanguage":"en-US","potentialAction":[{"@type":"ReadAction","target":["https:\/\/ionexchangeglobal.com\/int\/pt\/separacao-e-purificacao-de-processos\/processo-de-membrana-de-troca-ionica\/"]}]},{"@type":"BreadcrumbList","@id":"https:\/\/ionexchangeglobal.com\/int\/pt\/separacao-e-purificacao-de-processos\/processo-de-membrana-de-troca-ionica\/#breadcrumb","itemListElement":[{"@type":"ListItem","position":1,"name":"Home","item":"https:\/\/ionexchangeglobal.com\/int\/pt\/pagina-inicial\/"},{"@type":"ListItem","position":2,"name":"Separa\u00e7\u00e3o e Purifica\u00e7\u00e3o de Processos","item":"https:\/\/ionexchangeglobal.com\/int\/pt\/separacao-e-purificacao-de-processos\/"},{"@type":"ListItem","position":3,"name":"Processo de membrana de troca i\u00f4nica"}]},{"@type":"WebSite","@id":"https:\/\/ionexchangeglobal.com\/int\/#website","url":"https:\/\/ionexchangeglobal.com\/int\/","name":"Ion Exchange","description":"Refreshing the Planet","publisher":{"@id":"https:\/\/ionexchangeglobal.com\/int\/#organization"},"potentialAction":[{"@type":"SearchAction","target":{"@type":"EntryPoint","urlTemplate":"https:\/\/ionexchangeglobal.com\/int\/?s={search_term_string}"},"query-input":"required name=search_term_string"}],"inLanguage":"en-US"},{"@type":"Organization","@id":"https:\/\/ionexchangeglobal.com\/int\/#organization","name":"Ion Exchange","url":"https:\/\/ionexchangeglobal.com\/int\/","logo":{"@type":"ImageObject","inLanguage":"en-US","@id":"https:\/\/ionexchangeglobal.com\/int\/#\/schema\/logo\/image\/","url":"http:\/\/localhost:8000\/app\/uploads\/2022\/05\/ion-logo-1.webp","contentUrl":"http:\/\/localhost:8000\/app\/uploads\/2022\/05\/ion-logo-1.webp","width":1,"height":1,"caption":"Ion Exchange"},"image":{"@id":"https:\/\/ionexchangeglobal.com\/int\/#\/schema\/logo\/image\/"},"sameAs":["https:\/\/www.facebook.com\/IONEXCHANGE","https:\/\/twitter.com\/IEI_Ltd","https:\/\/www.youtube.com\/channel\/UCqSuT-yd40I7RZ4p5UXuKbA\/videos"]}]}},"lang":"pt","translations":{"pt":36109},"pll_sync_post":[],"_links":{"self":[{"href":"https:\/\/ionexchangeglobal.com\/int\/wp-json\/wp\/v2\/pages\/36109"}],"collection":[{"href":"https:\/\/ionexchangeglobal.com\/int\/wp-json\/wp\/v2\/pages"}],"about":[{"href":"https:\/\/ionexchangeglobal.com\/int\/wp-json\/wp\/v2\/types\/page"}],"author":[{"embeddable":true,"href":"https:\/\/ionexchangeglobal.com\/int\/wp-json\/wp\/v2\/users\/4"}],"replies":[{"embeddable":true,"href":"https:\/\/ionexchangeglobal.com\/int\/wp-json\/wp\/v2\/comments?post=36109"}],"version-history":[{"count":4,"href":"https:\/\/ionexchangeglobal.com\/int\/wp-json\/wp\/v2\/pages\/36109\/revisions"}],"predecessor-version":[{"id":44134,"href":"https:\/\/ionexchangeglobal.com\/int\/wp-json\/wp\/v2\/pages\/36109\/revisions\/44134"}],"up":[{"embeddable":true,"href":"https:\/\/ionexchangeglobal.com\/int\/wp-json\/wp\/v2\/pages\/35658"}],"wp:featuredmedia":[{"embeddable":true,"href":"https:\/\/ionexchangeglobal.com\/int\/wp-json\/wp\/v2\/media\/16921"}],"wp:attachment":[{"href":"https:\/\/ionexchangeglobal.com\/int\/wp-json\/wp\/v2\/media?parent=36109"}],"curies":[{"name":"wp","href":"https:\/\/api.w.org\/{rel}","templated":true}]}}