{"id":35642,"date":"2021-07-19T11:20:05","date_gmt":"2021-07-19T11:20:05","guid":{"rendered":"https:\/\/stage.ionexchangeglobal.com\/?page_id=35642"},"modified":"2023-12-06T22:39:16","modified_gmt":"2023-12-06T17:09:16","slug":"produtos-e-solucoes","status":"publish","type":"page","link":"https:\/\/ionexchangeglobal.com\/int\/pt\/produtos-e-solucoes\/","title":{"rendered":"Produtos e solu\u00e7\u00f5es"},"content":{"rendered":"\t\t<div data-elementor-type=\"wp-page\" data-elementor-id=\"35642\" data-post-id=\"35642\" data-obj-id=\"35642\" class=\"elementor elementor-35642 dce-elementor-post-35642\">\n\t\t\t\t\t\t<div class=\"elementor-inner\">\n\t\t\t\t<div class=\"elementor-section-wrap\">\n\t\t\t\t\t\t\t\t\t<section class=\"has_ma_el_bg_slider elementor-section elementor-top-section elementor-element elementor-element-f91b25d elementor-section-boxed elementor-section-height-default elementor-section-height-default jltma-glass-effect-no\" data-id=\"f91b25d\" data-element_type=\"section\">\n\t\t\t\t\t\t<div class=\"elementor-container elementor-column-gap-default\">\n\t\t\t\t\t\t\t<div class=\"elementor-row\">\n\t\t\t\t\t<div class=\"has_ma_el_bg_slider elementor-column elementor-col-100 elementor-top-column elementor-element elementor-element-0680d49 jltma-glass-effect-no\" data-id=\"0680d49\" data-element_type=\"column\">\n\t\t\t<div class=\"elementor-column-wrap elementor-element-populated\">\n\t\t\t\t\t\t\t<div class=\"elementor-widget-wrap\">\n\t\t\t\t\t\t<div class=\"elementor-element elementor-element-ee4c2a2 jltma-glass-effect-no elementor-widget elementor-widget-heading\" data-id=\"ee4c2a2\" data-element_type=\"widget\" data-widget_type=\"heading.default\">\n\t\t\t\t<div class=\"elementor-widget-container\">\n\t\t\t<h2 class=\"elementor-heading-title elementor-size-default\">PRODUTOS E SOLU\u00c7\u00d5ES<\/h2>\t\t<\/div>\n\t\t\t\t<\/div>\n\t\t\t\t<div class=\"elementor-element elementor-element-a1bb909 jltma-glass-effect-no elementor-widget elementor-widget-text-editor\" data-id=\"a1bb909\" data-element_type=\"widget\" data-widget_type=\"text-editor.default\">\n\t\t\t\t<div class=\"elementor-widget-container\">\n\t\t\t\t\t\t\t\t<div class=\"elementor-text-editor elementor-clearfix\">\n\t\t\t\t<p style=\"text-align: center;\">Oferecemos a mais ampla gama de produtos e solu\u00e7\u00f5es para tratar \u00e1gua, \u00e1guas residuais, res\u00edduos s\u00f3lidos e ar, atendendo \u00e0s necessidades de ind\u00fastrias, resid\u00eancias e comunidades na \u00cdndia e em todo o mundo.<\/p>\t\t\t\t\t<\/div>\n\t\t\t\t\t\t<\/div>\n\t\t\t\t<\/div>\n\t\t\t\t\t\t<\/div>\n\t\t\t\t\t<\/div>\n\t\t<\/div>\n\t\t\t\t\t\t\t\t<\/div>\n\t\t\t\t\t<\/div>\n\t\t<\/section>\n\t\t\t\t<section class=\"has_ma_el_bg_slider elementor-section elementor-top-section elementor-element elementor-element-9922e1e elementor-section-full_width elementor-section-height-default elementor-section-height-default jltma-glass-effect-no\" data-id=\"9922e1e\" data-element_type=\"section\">\n\t\t\t\t\t\t<div class=\"elementor-container elementor-column-gap-default\">\n\t\t\t\t\t\t\t<div class=\"elementor-row\">\n\t\t\t\t\t<div class=\"has_ma_el_bg_slider elementor-column elementor-col-100 elementor-top-column elementor-element elementor-element-3c571d1 jltma-glass-effect-no\" data-id=\"3c571d1\" data-element_type=\"column\">\n\t\t\t<div class=\"elementor-column-wrap elementor-element-populated\">\n\t\t\t\t\t\t\t<div class=\"elementor-widget-wrap\">\n\t\t\t\t\t\t<div class=\"elementor-element elementor-element-e5f1f06 jltma-glass-effect-no elementor-widget elementor-widget-ucaddon_advantagesection\" data-id=\"e5f1f06\" data-element_type=\"widget\" data-widget_type=\"ucaddon_advantagesection.default\">\n\t\t\t\t<div class=\"elementor-widget-container\">\n\t\t\t<!-- start Advantage Section -->\n\t\t\t<style type=\"text\/css\">\/* widget: Advantage Section *\/\n\n#advantage{\n  padding-top:0;\n}\n\n.advantage-section .advantage-img-text .advantage-text {\n    padding:15px;\n}\n.advantage-section .advantage-img-text .advantage-text h3 {\n    font-size: 14px;\n  \tcolor: #fff;\n}\n.advantage-section .advantage-content .col-lg-4:nth-child(1) .advantage-img-text .advantage-text, .advantage-section .advantage-content .col-lg-4:nth-child(1) .advantage-img-text .advantage-text {\n    background-color: #009adc !important;\n}\n.advantage-section .advantage-content .col-lg-4:nth-child(2) .advantage-img-text .advantage-text, .advantage-section .advantage-content .col-lg-4:nth-child(1) .advantage-img-text .advantage-text {\n    background-color: #ffb74c;\n}\n.advantage-section .advantage-content .col-lg-4:nth-child(3) .advantage-img-text .advantage-text, .advantage-section .advantage-content .col-lg-4:nth-child(1) .advantage-img-text .advantage-text {\n    background-color: #48c37e;\n}\n.advantage-section .advantage-content .col-lg-4:nth-child(4) .advantage-img-text .advantage-text {\n    background-color: #ffb74c;\n}\n.advantage-section .advantage-content .col-lg-4:nth-child(5) .advantage-img-text .advantage-text {\n    background-color: #009adc;\n}\n.section-title-middle .title-tag img {\n    height: 0;\n}\n.advantage-section .section-title-middle {\n    max-width: 75%;\n}\n.advantage-section {\n    padding-bottom: 0;\n}\n\n.advantage-content > .row > div {\n  flex: 1 0 33%;\n}\n\n@media screen and (max-width: 40em) {\n  .advantage-content > .row > div {\n  max-width: 50%;\n\t}\n}\n\n<\/style>\n\n\t\t\t<!-- Start of advantage section -->\n\t<section id=\"advantage\" class=\"advantage-section\">\n\t\t<div class=\"container\">\n\t\t\t<div class=\"section-title-middle text-center\">\n\t\t\t\t<span class=\"title-tag\">\n\t\t\t\t\t<img decoding=\"async\" src=\"\"  alt=\"\">\n\t\t\t\t\t\n\t\t\t\t<\/span>\n\t\t\t\t<h2><\/h2>\n\t\t\t<\/div>\n\t\t\t<!-- \/title -->\n\t\t\t<div class=\"advantage-content\">\n\t\t\t\t<div class=\"row justify-content-md-center\">\n\t\t\t\t\t<div class=\"col-lg-4 col-md-4\">\n    \t<a href=\"https:\/\/ionexchangeglobal.com\/int\/pt\/engenharia\/\">\n\t<div class=\"advantage-img-text\">\n\t\t<div class=\"advantage-img\">\n\t\t\t<img decoding=\"async\" src=\"https:\/\/ionexchangeglobal.com\/int\/wp-content\/uploads\/2022\/05\/engineering-_1_-1.webp\" alt=\"Engineering\" loading=\"lazy\">\n\t\t<\/div>\n\t\t<div class=\"advantage-text text-center text-uppercase headline\">\n\t\t\t<h3>Engenharia<\/h3>\n\t\t<\/div>\n\t<\/div>\n  \t<\/a>\n  <\/div>\n<div class=\"col-lg-4 col-md-4\">\n    \t<a href=\"https:\/\/ionexchangeglobal.com\/int\/pt\/resinas\/\">\n\t<div class=\"advantage-img-text\">\n\t\t<div class=\"advantage-img\">\n\t\t\t<img decoding=\"async\" src=\"https:\/\/ionexchangeglobal.com\/int\/wp-content\/uploads\/2022\/05\/resins.webp\" alt=\"Resinas\" loading=\"lazy\">\n\t\t<\/div>\n\t\t<div class=\"advantage-text text-center text-uppercase headline\">\n\t\t\t<h3>RESINAS<\/h3>\n\t\t<\/div>\n\t<\/div>\n  \t<\/a>\n  <\/div>\n<div class=\"col-lg-4 col-md-4\">\n    \t<a href=\"https:\/\/ionexchangeglobal.com\/int\/pt\/produtos-e-solucoes\/membranas\/\">\n\t<div class=\"advantage-img-text\">\n\t\t<div class=\"advantage-img\">\n\t\t\t<img decoding=\"async\" src=\"https:\/\/ionexchangeglobal.com\/int\/wp-content\/uploads\/2022\/05\/product-membrane-1.webp\" alt=\"Membranas\" loading=\"lazy\">\n\t\t<\/div>\n\t\t<div class=\"advantage-text text-center text-uppercase headline\">\n\t\t\t<h3>MEMBRANAS<\/h3>\n\t\t<\/div>\n\t<\/div>\n  \t<\/a>\n  <\/div>\n<div class=\"col-lg-4 col-md-4\">\n    \t<a href=\"https:\/\/ionexchangeglobal.com\/int\/pt\/produtos-e-solucoes\/produtos-quimicos-especiais\/\">\n\t<div class=\"advantage-img-text\">\n\t\t<div class=\"advantage-img\">\n\t\t\t<img decoding=\"async\" src=\"https:\/\/ionexchangeglobal.com\/int\/wp-content\/uploads\/2022\/05\/Speciality-Chemical.webp\" alt=\"Produtos Qu\u00edmicos Especiais\" loading=\"lazy\">\n\t\t<\/div>\n\t\t<div class=\"advantage-text text-center text-uppercase headline\">\n\t\t\t<h3>QU\u00cdMICOS ESPECIAIS<\/h3>\n\t\t<\/div>\n\t<\/div>\n  \t<\/a>\n  <\/div>\n<div class=\"col-lg-4 col-md-4\">\n    \t<a href=\"https:\/\/ionexchangeglobal.com\/int\/pt\/instrumentos-e-automacao\/\">\n\t<div class=\"advantage-img-text\">\n\t\t<div class=\"advantage-img\">\n\t\t\t<img decoding=\"async\" src=\"https:\/\/ionexchangeglobal.com\/int\/wp-content\/uploads\/2022\/05\/product-Instruments-automation-1.webp\" alt=\"INSTRUMENTOS E AUTOMA\u00c7\u00c3O\" loading=\"lazy\">\n\t\t<\/div>\n\t\t<div class=\"advantage-text text-center text-uppercase headline\">\n\t\t\t<h3>INSTRUMENTOS &amp; AUTOMA\u00c7\u00c3O<\/h3>\n\t\t<\/div>\n\t<\/div>\n  \t<\/a>\n  <\/div>\n\n\t\t\t\t<\/div>\n\t\t\t<\/div>\n\t\t<\/div>\n\t<\/section>\n<!-- End of advantage section -->\n\t\t\t<!-- end Advantage Section -->\t\t<\/div>\n\t\t\t\t<\/div>\n\t\t\t\t\t\t<\/div>\n\t\t\t\t\t<\/div>\n\t\t<\/div>\n\t\t\t\t\t\t\t\t<\/div>\n\t\t\t\t\t<\/div>\n\t\t<\/section>\n\t\t\t\t<section class=\"has_ma_el_bg_slider elementor-section elementor-top-section elementor-element elementor-element-ae6e8de elementor-section-full_width elementor-section-height-default elementor-section-height-default jltma-glass-effect-no\" data-id=\"ae6e8de\" data-element_type=\"section\">\n\t\t\t\t\t\t<div class=\"elementor-container elementor-column-gap-default\">\n\t\t\t\t\t\t\t<div class=\"elementor-row\">\n\t\t\t\t\t<div class=\"has_ma_el_bg_slider elementor-column elementor-col-100 elementor-top-column elementor-element elementor-element-5829b6d jltma-glass-effect-no\" data-id=\"5829b6d\" data-element_type=\"column\">\n\t\t\t<div class=\"elementor-column-wrap elementor-element-populated\">\n\t\t\t\t\t\t\t<div class=\"elementor-widget-wrap\">\n\t\t\t\t\t\t<div class=\"elementor-element elementor-element-416934b jltma-glass-effect-no elementor-widget elementor-widget-html\" data-id=\"416934b\" data-element_type=\"widget\" data-widget_type=\"html.default\">\n\t\t\t\t<div class=\"elementor-widget-container\">\n\t\t\t<script>\n\/\/     const carouselEl = document.querySelector(\n\/\/   \".eltron-page-header-inner.eltron-section-inner\"\n\/\/ );\n\/\/ const backButton = document.querySelector(\"#backButton\");\n\/\/ const forwardButton = document.querySelector(\"#forwardButton\");\n\n\/\/ console.log(carouselEl, backButton, forwardButton);\n\n\/\/ const backgroundPosition = [\"left center\", \"center center\", \"right center\"];\n\/\/ let currentSlide = 0;\n\n\/\/ let interval = createInterval();\n\n\/\/ backButton.addEventListener(\"click\", () => {\n\/\/   if (currentSlide === 0) return;\n\/\/   clearInterval(interval);\n\/\/   currentSlide--;\n\/\/   console.log(currentSlide);\n\/\/   carouselEl.style.backgroundPosition = backgroundPosition[currentSlide];\n\/\/   interval = createInterval();\n\/\/ });\n\n\/\/ forwardButton.addEventListener(\"click\", () => {\n\/\/   if (currentSlide === backgroundPosition.length - 1) return;\n\/\/   clearInterval(interval);\n\/\/   currentSlide++;\n\/\/   console.log(currentSlide);\n\/\/   carouselEl.style.backgroundPosition = backgroundPosition[currentSlide];\n\/\/   interval = createInterval();\n\/\/ });\n\n\/\/ function createInterval() {\n\/\/   setInterval(() => {\n\/\/     if (currentSlide < backgroundPosition.length) {\n\/\/       \/\/ animateCarousel(currentSlide, currentSlide + 1);\n\/\/       carouselEl.style.backgroundPosition = backgroundPosition[currentSlide];\n\/\/       currentSlide++;\n\/\/     } else currentSlide = 0;\n\/\/   }, 5000);\n\/\/ }\n\n<\/script>\t\t<\/div>\n\t\t\t\t<\/div>\n\t\t\t\t<div class=\"elementor-element elementor-element-3f1a6b9 jltma-glass-effect-no elementor-widget elementor-widget-shortcode\" data-id=\"3f1a6b9\" data-element_type=\"widget\" data-widget_type=\"shortcode.default\">\n\t\t\t\t<div class=\"elementor-widget-container\">\n\t\t\t\t\t<div class=\"elementor-shortcode\">\t\t<div data-elementor-type=\"section\" data-elementor-id=\"39432\" data-post-id=\"35642\" data-obj-id=\"35642\" class=\"elementor elementor-39432 dce-elementor-post-35642\">\n\t\t\t\t\t<div class=\"elementor-section-wrap\">\n\t\t\t\t\t\t\t\t<section class=\"has_ma_el_bg_slider elementor-section elementor-top-section elementor-element elementor-element-18734e9 elementor-section-full_width elementor-section-height-default elementor-section-height-default jltma-glass-effect-no\" data-dce-background-overlay-color=\"#000000\" data-dce-background-image-url=\"https:\/\/ionexchangeglobal.com\/app\/uploads\/2022\/05\/service-banner-img.webp\" data-id=\"18734e9\" data-element_type=\"section\" id=\"hidesidebar\" data-settings=\"{&quot;background_background&quot;:&quot;classic&quot;}\">\n\t\t\t\t\t\t\t<div class=\"elementor-background-overlay\"><\/div>\n\t\t\t\t\t\t\t<div class=\"elementor-container elementor-column-gap-no\">\n\t\t\t\t\t\t\t<div class=\"elementor-row\">\n\t\t\t\t\t<div class=\"has_ma_el_bg_slider elementor-column elementor-col-100 elementor-top-column elementor-element elementor-element-821f61d jltma-glass-effect-no\" data-id=\"821f61d\" data-element_type=\"column\">\n\t\t\t<div class=\"elementor-column-wrap elementor-element-populated\">\n\t\t\t\t\t\t\t<div class=\"elementor-widget-wrap\">\n\t\t\t\t\t\t<section class=\"has_ma_el_bg_slider elementor-section elementor-inner-section elementor-element elementor-element-a8bcda6 elementor-section-boxed elementor-section-height-default elementor-section-height-default jltma-glass-effect-no\" data-id=\"a8bcda6\" data-element_type=\"section\">\n\t\t\t\t\t\t<div class=\"elementor-container elementor-column-gap-default\">\n\t\t\t\t\t\t\t<div class=\"elementor-row\">\n\t\t\t\t\t<div class=\"has_ma_el_bg_slider elementor-column elementor-col-100 elementor-inner-column elementor-element elementor-element-b08c873 jltma-glass-effect-no\" data-id=\"b08c873\" data-element_type=\"column\">\n\t\t\t<div class=\"elementor-column-wrap elementor-element-populated\">\n\t\t\t\t\t\t\t<div class=\"elementor-widget-wrap\">\n\t\t\t\t\t\t<div class=\"elementor-element elementor-element-8168c93 dce_masking-none jltma-glass-effect-no elementor-widget elementor-widget-image\" data-id=\"8168c93\" data-element_type=\"widget\" data-widget_type=\"image.default\">\n\t\t\t\t<div class=\"elementor-widget-container\">\n\t\t\t\t\t\t\t\t<div class=\"elementor-image\">\n\t\t\t\t\t\t\t\t\t\t\t\t<img decoding=\"async\" width=\"180\" height=\"90\" src=\"https:\/\/ionexchangeglobal.com\/int\/wp-content\/uploads\/2021\/09\/service24-7.png\" class=\"attachment-large size-large wp-image-12315\" alt=\"service24-7\" loading=\"lazy\" \/>\t\t\t\t\t\t\t\t\t\t\t\t\t\t<\/div>\n\t\t\t\t\t\t<\/div>\n\t\t\t\t<\/div>\n\t\t\t\t<div class=\"elementor-element elementor-element-8b1d0b7 jltma-glass-effect-no elementor-widget elementor-widget-text-editor\" data-id=\"8b1d0b7\" data-element_type=\"widget\" data-widget_type=\"text-editor.default\">\n\t\t\t\t<div class=\"elementor-widget-container\">\n\t\t\t\t\t\t\t\t<div class=\"elementor-text-editor elementor-clearfix\">\n\t\t\t\t<p><strong>Nossos servi\u00e7os integrados cobrem todos os aspectos do desempenho da sua esta\u00e7\u00e3o de tratamento de \u00e1gua para oferecer um pacote completo de benef\u00edcios<\/strong><\/p>\t\t\t\t\t<\/div>\n\t\t\t\t\t\t<\/div>\n\t\t\t\t<\/div>\n\t\t\t\t\t\t<\/div>\n\t\t\t\t\t<\/div>\n\t\t<\/div>\n\t\t\t\t\t\t\t\t<\/div>\n\t\t\t\t\t<\/div>\n\t\t<\/section>\n\t\t\t\t\t\t<\/div>\n\t\t\t\t\t<\/div>\n\t\t<\/div>\n\t\t\t\t\t\t\t\t<\/div>\n\t\t\t\t\t<\/div>\n\t\t<\/section>\n\t\t\t\t\t\t\t<\/div>\n\t\t\t\t<\/div>\n\t\t<\/div>\n\t\t\t\t<\/div>\n\t\t\t\t<\/div>\n\t\t\t\t\t\t<\/div>\n\t\t\t\t\t<\/div>\n\t\t<\/div>\n\t\t\t\t\t\t\t\t<\/div>\n\t\t\t\t\t<\/div>\n\t\t<\/section>\n\t\t\t\t\t\t\t\t\t<\/div>\n\t\t\t<\/div>\n\t\t\t\t\t<\/div>\n\t\t","protected":false},"excerpt":{"rendered":"<p>PRODUTOS E SOLU\u00c7\u00d5ES Oferecemos a mais ampla gama de produtos e solu\u00e7\u00f5es para tratar \u00e1gua, \u00e1guas residuais, res\u00edduos s\u00f3lidos e ar, atendendo \u00e0s necessidades de ind\u00fastrias, resid\u00eancias e comunidades na \u00cdndia e em todo o mundo. Engenharia RESINAS MEMBRANAS QU\u00cdMICOS ESPECIAIS INSTRUMENTOS &amp; AUTOMA\u00c7\u00c3O<\/p>\n","protected":false},"author":4,"featured_media":61843,"parent":0,"menu_order":0,"comment_status":"closed","ping_status":"closed","template":"elementor_header_footer","meta":{"inline_featured_image":false},"yoast_head":"<!-- This site is optimized with the Yoast SEO plugin v20.12 - https:\/\/yoast.com\/wordpress\/plugins\/seo\/ -->\n<title>Produtos e solu\u00e7\u00f5es - Ion Exchange<\/title>\n<meta name=\"robots\" content=\"index, follow, max-snippet:-1, max-image-preview:large, max-video-preview:-1\" \/>\n<link rel=\"canonical\" href=\"https:\/\/ionexchangeglobal.com\/int\/pt\/produtos-e-solucoes\/\" \/>\n<meta property=\"og:locale\" content=\"en_US\" \/>\n<meta property=\"og:type\" content=\"article\" \/>\n<meta property=\"og:title\" content=\"Produtos e solu\u00e7\u00f5es - Ion Exchange\" \/>\n<meta property=\"og:description\" content=\"PRODUTOS E SOLU\u00c7\u00d5ES Oferecemos a mais ampla gama de produtos e solu\u00e7\u00f5es para tratar \u00e1gua, \u00e1guas residuais, res\u00edduos s\u00f3lidos e ar, atendendo \u00e0s necessidades de ind\u00fastrias, resid\u00eancias e comunidades na \u00cdndia e em todo o mundo. Engenharia RESINAS MEMBRANAS QU\u00cdMICOS ESPECIAIS INSTRUMENTOS &amp; AUTOMA\u00c7\u00c3O\" \/>\n<meta property=\"og:url\" content=\"https:\/\/ionexchangeglobal.com\/int\/pt\/produtos-e-solucoes\/\" \/>\n<meta property=\"og:site_name\" content=\"Ion Exchange\" \/>\n<meta property=\"article:publisher\" content=\"https:\/\/www.facebook.com\/IONEXCHANGE\" \/>\n<meta property=\"article:modified_time\" content=\"2023-12-06T17:09:16+00:00\" \/>\n<meta property=\"og:image\" content=\"https:\/\/ionexchangeglobal.com\/int\/wp-content\/uploads\/2022\/05\/products-banner-img.webp\" \/>\n\t<meta property=\"og:image:width\" content=\"1\" \/>\n\t<meta property=\"og:image:height\" content=\"1\" \/>\n\t<meta property=\"og:image:type\" content=\"image\/webp\" \/>\n<meta name=\"twitter:card\" content=\"summary_large_image\" \/>\n<meta name=\"twitter:site\" content=\"@IEI_Ltd\" \/>\n<script type=\"application\/ld+json\" class=\"yoast-schema-graph\">{\"@context\":\"https:\/\/schema.org\",\"@graph\":[{\"@type\":\"WebPage\",\"@id\":\"https:\/\/ionexchangeglobal.com\/int\/pt\/produtos-e-solucoes\/\",\"url\":\"https:\/\/ionexchangeglobal.com\/int\/pt\/produtos-e-solucoes\/\",\"name\":\"Produtos e solu\u00e7\u00f5es - Ion Exchange\",\"isPartOf\":{\"@id\":\"https:\/\/ionexchangeglobal.com\/int\/#website\"},\"datePublished\":\"2021-07-19T11:20:05+00:00\",\"dateModified\":\"2023-12-06T17:09:16+00:00\",\"breadcrumb\":{\"@id\":\"https:\/\/ionexchangeglobal.com\/int\/pt\/produtos-e-solucoes\/#breadcrumb\"},\"inLanguage\":\"en-US\",\"potentialAction\":[{\"@type\":\"ReadAction\",\"target\":[\"https:\/\/ionexchangeglobal.com\/int\/pt\/produtos-e-solucoes\/\"]}]},{\"@type\":\"BreadcrumbList\",\"@id\":\"https:\/\/ionexchangeglobal.com\/int\/pt\/produtos-e-solucoes\/#breadcrumb\",\"itemListElement\":[{\"@type\":\"ListItem\",\"position\":1,\"name\":\"Home\",\"item\":\"https:\/\/ionexchangeglobal.com\/int\/pt\/pagina-inicial\/\"},{\"@type\":\"ListItem\",\"position\":2,\"name\":\"Produtos e solu\u00e7\u00f5es\"}]},{\"@type\":\"WebSite\",\"@id\":\"https:\/\/ionexchangeglobal.com\/int\/#website\",\"url\":\"https:\/\/ionexchangeglobal.com\/int\/\",\"name\":\"Ion Exchange\",\"description\":\"Refreshing the Planet\",\"publisher\":{\"@id\":\"https:\/\/ionexchangeglobal.com\/int\/#organization\"},\"potentialAction\":[{\"@type\":\"SearchAction\",\"target\":{\"@type\":\"EntryPoint\",\"urlTemplate\":\"https:\/\/ionexchangeglobal.com\/int\/?s={search_term_string}\"},\"query-input\":\"required name=search_term_string\"}],\"inLanguage\":\"en-US\"},{\"@type\":\"Organization\",\"@id\":\"https:\/\/ionexchangeglobal.com\/int\/#organization\",\"name\":\"Ion Exchange\",\"url\":\"https:\/\/ionexchangeglobal.com\/int\/\",\"logo\":{\"@type\":\"ImageObject\",\"inLanguage\":\"en-US\",\"@id\":\"https:\/\/ionexchangeglobal.com\/int\/#\/schema\/logo\/image\/\",\"url\":\"http:\/\/localhost:8000\/app\/uploads\/2022\/05\/ion-logo-1.webp\",\"contentUrl\":\"http:\/\/localhost:8000\/app\/uploads\/2022\/05\/ion-logo-1.webp\",\"width\":1,\"height\":1,\"caption\":\"Ion Exchange\"},\"image\":{\"@id\":\"https:\/\/ionexchangeglobal.com\/int\/#\/schema\/logo\/image\/\"},\"sameAs\":[\"https:\/\/www.facebook.com\/IONEXCHANGE\",\"https:\/\/twitter.com\/IEI_Ltd\",\"https:\/\/www.youtube.com\/channel\/UCqSuT-yd40I7RZ4p5UXuKbA\/videos\"]}]}<\/script>\n<!-- \/ Yoast SEO plugin. -->","yoast_head_json":{"title":"Produtos e solu\u00e7\u00f5es - Ion Exchange","robots":{"index":"index","follow":"follow","max-snippet":"max-snippet:-1","max-image-preview":"max-image-preview:large","max-video-preview":"max-video-preview:-1"},"canonical":"https:\/\/ionexchangeglobal.com\/int\/pt\/produtos-e-solucoes\/","og_locale":"en_US","og_type":"article","og_title":"Produtos e solu\u00e7\u00f5es - Ion Exchange","og_description":"PRODUTOS E SOLU\u00c7\u00d5ES Oferecemos a mais ampla gama de produtos e solu\u00e7\u00f5es para tratar \u00e1gua, \u00e1guas residuais, res\u00edduos s\u00f3lidos e ar, atendendo \u00e0s necessidades de ind\u00fastrias, resid\u00eancias e comunidades na \u00cdndia e em todo o mundo. Engenharia RESINAS MEMBRANAS QU\u00cdMICOS ESPECIAIS INSTRUMENTOS &amp; AUTOMA\u00c7\u00c3O","og_url":"https:\/\/ionexchangeglobal.com\/int\/pt\/produtos-e-solucoes\/","og_site_name":"Ion Exchange","article_publisher":"https:\/\/www.facebook.com\/IONEXCHANGE","article_modified_time":"2023-12-06T17:09:16+00:00","og_image":[{"url":"https:\/\/ionexchangeglobal.com\/int\/wp-content\/uploads\/2022\/05\/products-banner-img.webp","width":1,"height":1,"type":"image\/webp"}],"twitter_card":"summary_large_image","twitter_site":"@IEI_Ltd","schema":{"@context":"https:\/\/schema.org","@graph":[{"@type":"WebPage","@id":"https:\/\/ionexchangeglobal.com\/int\/pt\/produtos-e-solucoes\/","url":"https:\/\/ionexchangeglobal.com\/int\/pt\/produtos-e-solucoes\/","name":"Produtos e solu\u00e7\u00f5es - Ion Exchange","isPartOf":{"@id":"https:\/\/ionexchangeglobal.com\/int\/#website"},"datePublished":"2021-07-19T11:20:05+00:00","dateModified":"2023-12-06T17:09:16+00:00","breadcrumb":{"@id":"https:\/\/ionexchangeglobal.com\/int\/pt\/produtos-e-solucoes\/#breadcrumb"},"inLanguage":"en-US","potentialAction":[{"@type":"ReadAction","target":["https:\/\/ionexchangeglobal.com\/int\/pt\/produtos-e-solucoes\/"]}]},{"@type":"BreadcrumbList","@id":"https:\/\/ionexchangeglobal.com\/int\/pt\/produtos-e-solucoes\/#breadcrumb","itemListElement":[{"@type":"ListItem","position":1,"name":"Home","item":"https:\/\/ionexchangeglobal.com\/int\/pt\/pagina-inicial\/"},{"@type":"ListItem","position":2,"name":"Produtos e solu\u00e7\u00f5es"}]},{"@type":"WebSite","@id":"https:\/\/ionexchangeglobal.com\/int\/#website","url":"https:\/\/ionexchangeglobal.com\/int\/","name":"Ion Exchange","description":"Refreshing the Planet","publisher":{"@id":"https:\/\/ionexchangeglobal.com\/int\/#organization"},"potentialAction":[{"@type":"SearchAction","target":{"@type":"EntryPoint","urlTemplate":"https:\/\/ionexchangeglobal.com\/int\/?s={search_term_string}"},"query-input":"required name=search_term_string"}],"inLanguage":"en-US"},{"@type":"Organization","@id":"https:\/\/ionexchangeglobal.com\/int\/#organization","name":"Ion Exchange","url":"https:\/\/ionexchangeglobal.com\/int\/","logo":{"@type":"ImageObject","inLanguage":"en-US","@id":"https:\/\/ionexchangeglobal.com\/int\/#\/schema\/logo\/image\/","url":"http:\/\/localhost:8000\/app\/uploads\/2022\/05\/ion-logo-1.webp","contentUrl":"http:\/\/localhost:8000\/app\/uploads\/2022\/05\/ion-logo-1.webp","width":1,"height":1,"caption":"Ion Exchange"},"image":{"@id":"https:\/\/ionexchangeglobal.com\/int\/#\/schema\/logo\/image\/"},"sameAs":["https:\/\/www.facebook.com\/IONEXCHANGE","https:\/\/twitter.com\/IEI_Ltd","https:\/\/www.youtube.com\/channel\/UCqSuT-yd40I7RZ4p5UXuKbA\/videos"]}]}},"lang":"pt","translations":{"pt":35642,"en":7314,"de":37798,"it":39400,"ru":39632,"ja":41282,"zh":41717,"ko":41719,"ar":41724,"es":44651,"fr":44808,"th":61842},"pll_sync_post":[],"_links":{"self":[{"href":"https:\/\/ionexchangeglobal.com\/int\/wp-json\/wp\/v2\/pages\/35642"}],"collection":[{"href":"https:\/\/ionexchangeglobal.com\/int\/wp-json\/wp\/v2\/pages"}],"about":[{"href":"https:\/\/ionexchangeglobal.com\/int\/wp-json\/wp\/v2\/types\/page"}],"author":[{"embeddable":true,"href":"https:\/\/ionexchangeglobal.com\/int\/wp-json\/wp\/v2\/users\/4"}],"replies":[{"embeddable":true,"href":"https:\/\/ionexchangeglobal.com\/int\/wp-json\/wp\/v2\/comments?post=35642"}],"version-history":[{"count":4,"href":"https:\/\/ionexchangeglobal.com\/int\/wp-json\/wp\/v2\/pages\/35642\/revisions"}],"predecessor-version":[{"id":43964,"href":"https:\/\/ionexchangeglobal.com\/int\/wp-json\/wp\/v2\/pages\/35642\/revisions\/43964"}],"wp:featuredmedia":[{"embeddable":true,"href":"https:\/\/ionexchangeglobal.com\/int\/wp-json\/wp\/v2\/media\/61843"}],"wp:attachment":[{"href":"https:\/\/ionexchangeglobal.com\/int\/wp-json\/wp\/v2\/media?parent=35642"}],"curies":[{"name":"wp","href":"https:\/\/api.w.org\/{rel}","templated":true}]}}