{"id":35622,"date":"2022-04-08T12:18:46","date_gmt":"2022-04-08T12:18:46","guid":{"rendered":"https:\/\/stage.ionexchangeglobal.com\/?page_id=35622"},"modified":"2023-12-06T23:01:27","modified_gmt":"2023-12-06T17:31:27","slug":"ferrovias","status":"publish","type":"page","link":"https:\/\/ionexchangeglobal.com\/int\/pt\/ferrovias\/","title":{"rendered":"Ferrovias"},"content":{"rendered":"\t\t<div data-elementor-type=\"wp-page\" data-elementor-id=\"35622\" data-post-id=\"35622\" data-obj-id=\"35622\" class=\"elementor elementor-35622 dce-elementor-post-35622\">\n\t\t\t\t\t\t<div class=\"elementor-inner\">\n\t\t\t\t<div class=\"elementor-section-wrap\">\n\t\t\t\t\t\t\t\t\t<section class=\"has_ma_el_bg_slider elementor-section elementor-top-section elementor-element elementor-element-26b09db elementor-section-full_width elementor-section-height-default elementor-section-height-default jltma-glass-effect-no\" data-id=\"26b09db\" data-element_type=\"section\">\n\t\t\t\t\t\t<div class=\"elementor-container elementor-column-gap-default\">\n\t\t\t\t\t\t\t<div class=\"elementor-row\">\n\t\t\t\t\t<div class=\"has_ma_el_bg_slider elementor-column elementor-col-100 elementor-top-column elementor-element elementor-element-e25b275 jltma-glass-effect-no\" data-id=\"e25b275\" data-element_type=\"column\">\n\t\t\t<div class=\"elementor-column-wrap elementor-element-populated\">\n\t\t\t\t\t\t\t<div class=\"elementor-widget-wrap\">\n\t\t\t\t\t\t<section class=\"has_ma_el_bg_slider elementor-section elementor-inner-section elementor-element elementor-element-3e72a9f elementor-section-boxed elementor-section-height-default elementor-section-height-default jltma-glass-effect-no\" data-id=\"3e72a9f\" data-element_type=\"section\">\n\t\t\t\t\t\t<div class=\"elementor-container elementor-column-gap-default\">\n\t\t\t\t\t\t\t<div class=\"elementor-row\">\n\t\t\t\t\t<div class=\"has_ma_el_bg_slider elementor-column elementor-col-100 elementor-inner-column elementor-element elementor-element-2167b7f jltma-glass-effect-no\" data-id=\"2167b7f\" data-element_type=\"column\">\n\t\t\t<div class=\"elementor-column-wrap elementor-element-populated\">\n\t\t\t\t\t\t\t<div class=\"elementor-widget-wrap\">\n\t\t\t\t\t\t<div class=\"elementor-element elementor-element-03eb623 jltma-glass-effect-no elementor-widget elementor-widget-heading\" data-id=\"03eb623\" data-element_type=\"widget\" data-widget_type=\"heading.default\">\n\t\t\t\t<div class=\"elementor-widget-container\">\n\t\t\t<h2 class=\"elementor-heading-title elementor-size-default\">Caminho Certo de Solu\u00e7\u00f5es para Ferrovias<\/h2>\t\t<\/div>\n\t\t\t\t<\/div>\n\t\t\t\t<div class=\"elementor-element elementor-element-86afad4 jltma-glass-effect-no elementor-widget elementor-widget-heading\" data-id=\"86afad4\" data-element_type=\"widget\" data-widget_type=\"heading.default\">\n\t\t\t\t<div class=\"elementor-widget-container\">\n\t\t\t<h3 class=\"elementor-heading-title elementor-size-default\">Solu\u00e7\u00f5es integradas<\/h3>\t\t<\/div>\n\t\t\t\t<\/div>\n\t\t\t\t<div class=\"elementor-element elementor-element-de915eb jltma-glass-effect-no elementor-widget elementor-widget-text-editor\" data-id=\"de915eb\" data-element_type=\"widget\" data-widget_type=\"text-editor.default\">\n\t\t\t\t<div class=\"elementor-widget-container\">\n\t\t\t\t\t\t\t\t<div class=\"elementor-text-editor elementor-clearfix\">\n\t\t\t\t<p>Nossas solu\u00e7\u00f5es totais fornecem garantia completa de \u00e1gua com responsabilidade de ponto \u00fanico e suporte de servi\u00e7o completo.<\/p><p>Somos o fornecedor preferido de tratamento de \u00e1gua, equipamentos e tecnologia para a ind\u00fastria de \u00e1gua engarrafada h\u00e1 mais de cinco d\u00e9cadas. Fornecemos solu\u00e7\u00f5es completas, incluindo treinamento, auditorias, opera\u00e7\u00e3o e manuten\u00e7\u00e3o, sustentabilidade ambiental e padr\u00f5es de conformidade conforme exigido pela ind\u00fastria.<\/p><p>Durante os \u00faltimos anos, fornecemos seis f\u00e1bricas de \u00e1gua engarrafada \u00e0 Indian Railway Catering &amp; Tourism Corporation (IRCTC) com uma capacidade combinada superior a 8.00.000 garrafas por dia. Al\u00e9m de construir usinas de \u00e1gua engarrafada por meio de rotas EPC abrangentes, tamb\u00e9m projetamos, constru\u00edmos, financiamos, operamos e transferimos projetos de instala\u00e7\u00e3o com base em PPP.<\/p>\t\t\t\t\t<\/div>\n\t\t\t\t\t\t<\/div>\n\t\t\t\t<\/div>\n\t\t\t\t<div class=\"elementor-element elementor-element-b1cc2a9 dce_masking-none jltma-glass-effect-no elementor-widget elementor-widget-image\" data-id=\"b1cc2a9\" data-element_type=\"widget\" data-widget_type=\"image.default\">\n\t\t\t\t<div class=\"elementor-widget-container\">\n\t\t\t\t\t\t\t\t<div class=\"elementor-image\">\n\t\t\t\t\t\t\t\t\t\t\t\t<img decoding=\"async\" width=\"300\" height=\"253\" src=\"https:\/\/ionexchangeglobal.com\/int\/wp-content\/uploads\/2022\/06\/Rail-Neer-Ready-to-Go-300x253.jpg\" class=\"attachment-medium size-medium wp-image-28257\" alt=\"Rail Neer Ready to Go\" srcset=\"https:\/\/ionexchangeglobal.com\/int\/wp-content\/uploads\/2022\/06\/Rail-Neer-Ready-to-Go-300x253.jpg 300w, https:\/\/ionexchangeglobal.com\/int\/wp-content\/uploads\/2022\/06\/Rail-Neer-Ready-to-Go-768x647.jpg 768w, https:\/\/ionexchangeglobal.com\/int\/wp-content\/uploads\/2022\/06\/Rail-Neer-Ready-to-Go.jpg 1025w\" sizes=\"(max-width: 300px) 100vw, 300px\" loading=\"lazy\" \/>\t\t\t\t\t\t\t\t\t\t\t\t\t\t<\/div>\n\t\t\t\t\t\t<\/div>\n\t\t\t\t<\/div>\n\t\t\t\t<div class=\"elementor-element elementor-element-2d2d54e jltma-glass-effect-no elementor-widget elementor-widget-text-editor\" data-id=\"2d2d54e\" data-element_type=\"widget\" data-widget_type=\"text-editor.default\">\n\t\t\t\t<div class=\"elementor-widget-container\">\n\t\t\t\t\t\t\t\t<div class=\"elementor-text-editor elementor-clearfix\">\n\t\t\t\t<p>Al\u00e9m disso, a Ion Exchange foi o parceiro de confian\u00e7a para a instala\u00e7\u00e3o de unidades de \u00e1gua pot\u00e1vel pura no trem Maharaja Express Luxury e no trem super deluxe.<\/p><ul><li>Ponto de uso b\u00e1sico para sistemas centrais de tratamento de \u00e1gua pot\u00e1vel<\/li><li>Programas de tratamento qu\u00edmico de caldeiras e \u00e1gua de resfriamento<\/li><li>Gest\u00e3o e reciclagem de \u00e1guas residuais<\/li><li>Solu\u00e7\u00f5es de res\u00edduos para energia<\/li><\/ul>\t\t\t\t\t<\/div>\n\t\t\t\t\t\t<\/div>\n\t\t\t\t<\/div>\n\t\t\t\t\t\t<\/div>\n\t\t\t\t\t<\/div>\n\t\t<\/div>\n\t\t\t\t\t\t\t\t<\/div>\n\t\t\t\t\t<\/div>\n\t\t<\/section>\n\t\t\t\t\t\t<\/div>\n\t\t\t\t\t<\/div>\n\t\t<\/div>\n\t\t\t\t\t\t\t\t<\/div>\n\t\t\t\t\t<\/div>\n\t\t<\/section>\n\t\t\t\t<section class=\"has_ma_el_bg_slider elementor-section elementor-top-section elementor-element elementor-element-21c92072 elementor-section-full_width elementor-section-height-default elementor-section-height-default jltma-glass-effect-no\" data-dce-background-overlay-color=\"#000000\" data-dce-background-image-url=\"https:\/\/ionexchangeglobal.com\/app\/uploads\/2022\/05\/service-banner-img.webp\" data-id=\"21c92072\" data-element_type=\"section\" id=\"hidesidebar\" data-settings=\"{&quot;background_background&quot;:&quot;classic&quot;}\">\n\t\t\t\t\t\t\t<div class=\"elementor-background-overlay\"><\/div>\n\t\t\t\t\t\t\t<div class=\"elementor-container elementor-column-gap-no\">\n\t\t\t\t\t\t\t<div class=\"elementor-row\">\n\t\t\t\t\t<div class=\"has_ma_el_bg_slider elementor-column elementor-col-100 elementor-top-column elementor-element elementor-element-452d5912 jltma-glass-effect-no\" data-id=\"452d5912\" data-element_type=\"column\">\n\t\t\t<div class=\"elementor-column-wrap elementor-element-populated\">\n\t\t\t\t\t\t\t<div class=\"elementor-widget-wrap\">\n\t\t\t\t\t\t<section class=\"has_ma_el_bg_slider elementor-section elementor-inner-section elementor-element elementor-element-726e4439 elementor-section-boxed elementor-section-height-default elementor-section-height-default jltma-glass-effect-no\" data-id=\"726e4439\" data-element_type=\"section\">\n\t\t\t\t\t\t<div class=\"elementor-container elementor-column-gap-default\">\n\t\t\t\t\t\t\t<div class=\"elementor-row\">\n\t\t\t\t\t<div class=\"has_ma_el_bg_slider elementor-column elementor-col-100 elementor-inner-column elementor-element elementor-element-6c9d1924 jltma-glass-effect-no\" data-id=\"6c9d1924\" data-element_type=\"column\">\n\t\t\t<div class=\"elementor-column-wrap elementor-element-populated\">\n\t\t\t\t\t\t\t<div class=\"elementor-widget-wrap\">\n\t\t\t\t\t\t<div class=\"elementor-element elementor-element-43d38014 dce_masking-none jltma-glass-effect-no elementor-widget elementor-widget-image\" data-id=\"43d38014\" data-element_type=\"widget\" data-widget_type=\"image.default\">\n\t\t\t\t<div class=\"elementor-widget-container\">\n\t\t\t\t\t\t\t\t<div class=\"elementor-image\">\n\t\t\t\t\t\t\t\t\t\t\t\t<img decoding=\"async\" width=\"180\" height=\"90\" src=\"https:\/\/ionexchangeglobal.com\/int\/wp-content\/uploads\/2021\/09\/service24-7.png\" class=\"attachment-large size-large wp-image-12315\" alt=\"service24-7\" loading=\"lazy\" \/>\t\t\t\t\t\t\t\t\t\t\t\t\t\t<\/div>\n\t\t\t\t\t\t<\/div>\n\t\t\t\t<\/div>\n\t\t\t\t<div class=\"elementor-element elementor-element-3f8b6c0b jltma-glass-effect-no elementor-widget elementor-widget-text-editor\" data-id=\"3f8b6c0b\" data-element_type=\"widget\" data-widget_type=\"text-editor.default\">\n\t\t\t\t<div class=\"elementor-widget-container\">\n\t\t\t\t\t\t\t\t<div class=\"elementor-text-editor elementor-clearfix\">\n\t\t\t\t<p><strong>Nossos servi\u00e7os integrados cobrem todos os aspectos do desempenho da sua esta\u00e7\u00e3o de tratamento de \u00e1gua para oferecer um pacote completo de benef\u00edcios<\/strong><\/p>\t\t\t\t\t<\/div>\n\t\t\t\t\t\t<\/div>\n\t\t\t\t<\/div>\n\t\t\t\t\t\t<\/div>\n\t\t\t\t\t<\/div>\n\t\t<\/div>\n\t\t\t\t\t\t\t\t<\/div>\n\t\t\t\t\t<\/div>\n\t\t<\/section>\n\t\t\t\t\t\t<\/div>\n\t\t\t\t\t<\/div>\n\t\t<\/div>\n\t\t\t\t\t\t\t\t<\/div>\n\t\t\t\t\t<\/div>\n\t\t<\/section>\n\t\t\t\t\t\t\t\t\t<\/div>\n\t\t\t<\/div>\n\t\t\t\t\t<\/div>\n\t\t","protected":false},"excerpt":{"rendered":"<p>Caminho Certo de Solu\u00e7\u00f5es para Ferrovias Solu\u00e7\u00f5es integradas Nossas solu\u00e7\u00f5es totais fornecem garantia completa de \u00e1gua com responsabilidade de ponto \u00fanico e suporte de servi\u00e7o completo. Somos o fornecedor preferido de tratamento de \u00e1gua, equipamentos e tecnologia para a ind\u00fastria de \u00e1gua engarrafada h\u00e1 mais de cinco d\u00e9cadas. Fornecemos solu\u00e7\u00f5es completas, incluindo treinamento, auditorias, opera\u00e7\u00e3o&hellip;<\/p>\n","protected":false},"author":4,"featured_media":24064,"parent":0,"menu_order":0,"comment_status":"closed","ping_status":"closed","template":"elementor_header_footer","meta":{"inline_featured_image":false},"yoast_head":"<!-- This site is optimized with the Yoast SEO plugin v20.12 - https:\/\/yoast.com\/wordpress\/plugins\/seo\/ -->\n<title>Ferrovias - Ion Exchange<\/title>\n<meta name=\"robots\" content=\"index, follow, max-snippet:-1, max-image-preview:large, max-video-preview:-1\" \/>\n<link rel=\"canonical\" href=\"https:\/\/ionexchangeglobal.com\/int\/pt\/ferrovias\/\" \/>\n<meta property=\"og:locale\" content=\"en_US\" \/>\n<meta property=\"og:type\" content=\"article\" \/>\n<meta property=\"og:title\" content=\"Ferrovias - Ion Exchange\" \/>\n<meta property=\"og:description\" content=\"Caminho Certo de Solu\u00e7\u00f5es para Ferrovias Solu\u00e7\u00f5es integradas Nossas solu\u00e7\u00f5es totais fornecem garantia completa de \u00e1gua com responsabilidade de ponto \u00fanico e suporte de servi\u00e7o completo. Somos o fornecedor preferido de tratamento de \u00e1gua, equipamentos e tecnologia para a ind\u00fastria de \u00e1gua engarrafada h\u00e1 mais de cinco d\u00e9cadas. Fornecemos solu\u00e7\u00f5es completas, incluindo treinamento, auditorias, opera\u00e7\u00e3o&hellip;\" \/>\n<meta property=\"og:url\" content=\"https:\/\/ionexchangeglobal.com\/int\/pt\/ferrovias\/\" \/>\n<meta property=\"og:site_name\" content=\"Ion Exchange\" \/>\n<meta property=\"article:publisher\" content=\"https:\/\/www.facebook.com\/IONEXCHANGE\" \/>\n<meta property=\"article:modified_time\" content=\"2023-12-06T17:31:27+00:00\" \/>\n<meta property=\"og:image\" content=\"https:\/\/ionexchangeglobal.com\/int\/wp-content\/uploads\/2022\/04\/railway.jpeg\" \/>\n\t<meta property=\"og:image:width\" content=\"375\" \/>\n\t<meta property=\"og:image:height\" content=\"254\" \/>\n\t<meta property=\"og:image:type\" content=\"image\/jpeg\" \/>\n<meta name=\"twitter:card\" content=\"summary_large_image\" \/>\n<meta name=\"twitter:site\" content=\"@IEI_Ltd\" \/>\n<meta name=\"twitter:label1\" content=\"Est. reading time\" \/>\n\t<meta name=\"twitter:data1\" content=\"1 minute\" \/>\n<script type=\"application\/ld+json\" class=\"yoast-schema-graph\">{\"@context\":\"https:\/\/schema.org\",\"@graph\":[{\"@type\":\"WebPage\",\"@id\":\"https:\/\/ionexchangeglobal.com\/int\/pt\/ferrovias\/\",\"url\":\"https:\/\/ionexchangeglobal.com\/int\/pt\/ferrovias\/\",\"name\":\"Ferrovias - Ion Exchange\",\"isPartOf\":{\"@id\":\"https:\/\/ionexchangeglobal.com\/int\/#website\"},\"datePublished\":\"2022-04-08T12:18:46+00:00\",\"dateModified\":\"2023-12-06T17:31:27+00:00\",\"breadcrumb\":{\"@id\":\"https:\/\/ionexchangeglobal.com\/int\/pt\/ferrovias\/#breadcrumb\"},\"inLanguage\":\"en-US\",\"potentialAction\":[{\"@type\":\"ReadAction\",\"target\":[\"https:\/\/ionexchangeglobal.com\/int\/pt\/ferrovias\/\"]}]},{\"@type\":\"BreadcrumbList\",\"@id\":\"https:\/\/ionexchangeglobal.com\/int\/pt\/ferrovias\/#breadcrumb\",\"itemListElement\":[{\"@type\":\"ListItem\",\"position\":1,\"name\":\"Home\",\"item\":\"https:\/\/ionexchangeglobal.com\/int\/pt\/pagina-inicial\/\"},{\"@type\":\"ListItem\",\"position\":2,\"name\":\"Ferrovias\"}]},{\"@type\":\"WebSite\",\"@id\":\"https:\/\/ionexchangeglobal.com\/int\/#website\",\"url\":\"https:\/\/ionexchangeglobal.com\/int\/\",\"name\":\"Ion Exchange\",\"description\":\"Refreshing the Planet\",\"publisher\":{\"@id\":\"https:\/\/ionexchangeglobal.com\/int\/#organization\"},\"potentialAction\":[{\"@type\":\"SearchAction\",\"target\":{\"@type\":\"EntryPoint\",\"urlTemplate\":\"https:\/\/ionexchangeglobal.com\/int\/?s={search_term_string}\"},\"query-input\":\"required name=search_term_string\"}],\"inLanguage\":\"en-US\"},{\"@type\":\"Organization\",\"@id\":\"https:\/\/ionexchangeglobal.com\/int\/#organization\",\"name\":\"Ion Exchange\",\"url\":\"https:\/\/ionexchangeglobal.com\/int\/\",\"logo\":{\"@type\":\"ImageObject\",\"inLanguage\":\"en-US\",\"@id\":\"https:\/\/ionexchangeglobal.com\/int\/#\/schema\/logo\/image\/\",\"url\":\"http:\/\/localhost:8000\/app\/uploads\/2022\/05\/ion-logo-1.webp\",\"contentUrl\":\"http:\/\/localhost:8000\/app\/uploads\/2022\/05\/ion-logo-1.webp\",\"width\":1,\"height\":1,\"caption\":\"Ion Exchange\"},\"image\":{\"@id\":\"https:\/\/ionexchangeglobal.com\/int\/#\/schema\/logo\/image\/\"},\"sameAs\":[\"https:\/\/www.facebook.com\/IONEXCHANGE\",\"https:\/\/twitter.com\/IEI_Ltd\",\"https:\/\/www.youtube.com\/channel\/UCqSuT-yd40I7RZ4p5UXuKbA\/videos\"]}]}<\/script>\n<!-- \/ Yoast SEO plugin. -->","yoast_head_json":{"title":"Ferrovias - Ion Exchange","robots":{"index":"index","follow":"follow","max-snippet":"max-snippet:-1","max-image-preview":"max-image-preview:large","max-video-preview":"max-video-preview:-1"},"canonical":"https:\/\/ionexchangeglobal.com\/int\/pt\/ferrovias\/","og_locale":"en_US","og_type":"article","og_title":"Ferrovias - Ion Exchange","og_description":"Caminho Certo de Solu\u00e7\u00f5es para Ferrovias Solu\u00e7\u00f5es integradas Nossas solu\u00e7\u00f5es totais fornecem garantia completa de \u00e1gua com responsabilidade de ponto \u00fanico e suporte de servi\u00e7o completo. Somos o fornecedor preferido de tratamento de \u00e1gua, equipamentos e tecnologia para a ind\u00fastria de \u00e1gua engarrafada h\u00e1 mais de cinco d\u00e9cadas. Fornecemos solu\u00e7\u00f5es completas, incluindo treinamento, auditorias, opera\u00e7\u00e3o&hellip;","og_url":"https:\/\/ionexchangeglobal.com\/int\/pt\/ferrovias\/","og_site_name":"Ion Exchange","article_publisher":"https:\/\/www.facebook.com\/IONEXCHANGE","article_modified_time":"2023-12-06T17:31:27+00:00","og_image":[{"width":375,"height":254,"url":"https:\/\/ionexchangeglobal.com\/int\/wp-content\/uploads\/2022\/04\/railway.jpeg","type":"image\/jpeg"}],"twitter_card":"summary_large_image","twitter_site":"@IEI_Ltd","twitter_misc":{"Est. reading time":"1 minute"},"schema":{"@context":"https:\/\/schema.org","@graph":[{"@type":"WebPage","@id":"https:\/\/ionexchangeglobal.com\/int\/pt\/ferrovias\/","url":"https:\/\/ionexchangeglobal.com\/int\/pt\/ferrovias\/","name":"Ferrovias - Ion Exchange","isPartOf":{"@id":"https:\/\/ionexchangeglobal.com\/int\/#website"},"datePublished":"2022-04-08T12:18:46+00:00","dateModified":"2023-12-06T17:31:27+00:00","breadcrumb":{"@id":"https:\/\/ionexchangeglobal.com\/int\/pt\/ferrovias\/#breadcrumb"},"inLanguage":"en-US","potentialAction":[{"@type":"ReadAction","target":["https:\/\/ionexchangeglobal.com\/int\/pt\/ferrovias\/"]}]},{"@type":"BreadcrumbList","@id":"https:\/\/ionexchangeglobal.com\/int\/pt\/ferrovias\/#breadcrumb","itemListElement":[{"@type":"ListItem","position":1,"name":"Home","item":"https:\/\/ionexchangeglobal.com\/int\/pt\/pagina-inicial\/"},{"@type":"ListItem","position":2,"name":"Ferrovias"}]},{"@type":"WebSite","@id":"https:\/\/ionexchangeglobal.com\/int\/#website","url":"https:\/\/ionexchangeglobal.com\/int\/","name":"Ion Exchange","description":"Refreshing the Planet","publisher":{"@id":"https:\/\/ionexchangeglobal.com\/int\/#organization"},"potentialAction":[{"@type":"SearchAction","target":{"@type":"EntryPoint","urlTemplate":"https:\/\/ionexchangeglobal.com\/int\/?s={search_term_string}"},"query-input":"required name=search_term_string"}],"inLanguage":"en-US"},{"@type":"Organization","@id":"https:\/\/ionexchangeglobal.com\/int\/#organization","name":"Ion Exchange","url":"https:\/\/ionexchangeglobal.com\/int\/","logo":{"@type":"ImageObject","inLanguage":"en-US","@id":"https:\/\/ionexchangeglobal.com\/int\/#\/schema\/logo\/image\/","url":"http:\/\/localhost:8000\/app\/uploads\/2022\/05\/ion-logo-1.webp","contentUrl":"http:\/\/localhost:8000\/app\/uploads\/2022\/05\/ion-logo-1.webp","width":1,"height":1,"caption":"Ion Exchange"},"image":{"@id":"https:\/\/ionexchangeglobal.com\/int\/#\/schema\/logo\/image\/"},"sameAs":["https:\/\/www.facebook.com\/IONEXCHANGE","https:\/\/twitter.com\/IEI_Ltd","https:\/\/www.youtube.com\/channel\/UCqSuT-yd40I7RZ4p5UXuKbA\/videos"]}]}},"lang":"pt","translations":{"pt":35622,"en":23523,"ru":39285,"it":40445,"zh":41574,"ko":41576,"ar":41581,"fr":44451,"de":44968,"ja":46177},"pll_sync_post":[],"_links":{"self":[{"href":"https:\/\/ionexchangeglobal.com\/int\/wp-json\/wp\/v2\/pages\/35622"}],"collection":[{"href":"https:\/\/ionexchangeglobal.com\/int\/wp-json\/wp\/v2\/pages"}],"about":[{"href":"https:\/\/ionexchangeglobal.com\/int\/wp-json\/wp\/v2\/types\/page"}],"author":[{"embeddable":true,"href":"https:\/\/ionexchangeglobal.com\/int\/wp-json\/wp\/v2\/users\/4"}],"replies":[{"embeddable":true,"href":"https:\/\/ionexchangeglobal.com\/int\/wp-json\/wp\/v2\/comments?post=35622"}],"version-history":[{"count":4,"href":"https:\/\/ionexchangeglobal.com\/int\/wp-json\/wp\/v2\/pages\/35622\/revisions"}],"predecessor-version":[{"id":44002,"href":"https:\/\/ionexchangeglobal.com\/int\/wp-json\/wp\/v2\/pages\/35622\/revisions\/44002"}],"wp:featuredmedia":[{"embeddable":true,"href":"https:\/\/ionexchangeglobal.com\/int\/wp-json\/wp\/v2\/media\/24064"}],"wp:attachment":[{"href":"https:\/\/ionexchangeglobal.com\/int\/wp-json\/wp\/v2\/media?parent=35622"}],"curies":[{"name":"wp","href":"https:\/\/api.w.org\/{rel}","templated":true}]}}